{"id":22497,"date":"2024-07-09T13:22:10","date_gmt":"2024-07-09T13:22:10","guid":{"rendered":"https:\/\/elfsight.com\/de\/?page_id=22497"},"modified":"2025-07-10T14:01:32","modified_gmt":"2025-07-10T14:01:32","slug":"create","status":"publish","type":"page","link":"https:\/\/elfsight.com\/de\/website-translator-widget\/create\/","title":{"rendered":"Website Translator &#8211; Create"},"content":{"rendered":"<div class=\"faq\" data-component=\"FAQ\"><div class=\"faq-item\">\r\n\t\t\t\t\t<div class=\"faq-item-question\">\r\n\t\t\t\t\t\t<h3 class=\"faq-item-question-text\">Ist es m\u00f6glich, den Stil des Plugins anzupassen? <\/h3>\r\n\r\n\t\t\t\t\t\t<div class=\"faq-item-question-icon\"><\/div>\r\n\t\t\t\t\t<\/div>\r\n\r\n\t\t\t\t\t<div class=\"faq-item-answer\">\r\n\t\t\t\t\t\t<div class=\"faq-item-answer-text\">Nat\u00fcrlich! Sie k\u00f6nnen alle notwendigen \u00c4nderungen in unserem n\u00fctzlichen Editor vornehmen. Alles, was Sie tun m\u00fcssen, ist den Stil-Abschnitt zu \u00f6ffnen und alle erforderlichen Anpassungen vorzunehmen. Nachdem Sie fertig sind, speichern Sie die \u00c4nderungen. <\/div>\r\n\t\t\t\t\t<\/div>\r\n\t\t\t\t<\/div><div class=\"faq-item\">\r\n\t\t\t\t\t<div class=\"faq-item-question\">\r\n\t\t\t\t\t\t<h3 class=\"faq-item-question-text\">Wie kann ich den Website Translator in meine Website-Vorlage einf\u00fcgen? <\/h3>\r\n\r\n\t\t\t\t\t\t<div class=\"faq-item-question-icon\"><\/div>\r\n\t\t\t\t\t<\/div>\r\n\r\n\t\t\t\t\t<div class=\"faq-item-answer\">\r\n\t\t\t\t\t\t<div class=\"faq-item-answer-text\">Alles, was Sie tun m\u00fcssen, ist, Ihr Plugin zu erstellen, dann das Design anzupassen und die \u00c4nderungen zu speichern. Nehmen Sie dann den Code des Tools, das Sie gerade erstellt haben, und f\u00fcgen Sie ihn in das Layout ein, das Sie aktuell verwenden. <\/div>\r\n\t\t\t\t\t<\/div>\r\n\t\t\t\t<\/div><div class=\"faq-item\">\r\n\t\t\t\t\t<div class=\"faq-item-question\">\r\n\t\t\t\t\t\t<h3 class=\"faq-item-question-text\">Sind Ihre Widgets mit meiner Website-Plattform kompatibel? <\/h3>\r\n\r\n\t\t\t\t\t\t<div class=\"faq-item-question-icon\"><\/div>\r\n\t\t\t\t\t<\/div>\r\n\r\n\t\t\t\t\t<div class=\"faq-item-answer\">\r\n\t\t\t\t\t\t<div class=\"faq-item-answer-text\">Nat\u00fcrlich! Unsere Tools funktionieren hervorragend auf fast allen bekannten Website-Plattformen, zum Beispiel WordPress, und auf allen Plattformen mit benutzerdefiniertem HTML. Sollten Sie auf Schwierigkeiten sto\u00dfen, k\u00f6nnen Sie sich jederzeit an unser Support-Team wenden. <\/div>\r\n\t\t\t\t\t<\/div>\r\n\t\t\t\t<\/div><div class=\"faq-item\">\r\n\t\t\t\t\t<div class=\"faq-item-question\">\r\n\t\t\t\t\t\t<h3 class=\"faq-item-question-text\">Ist Ihr Widget f\u00fcr mobile Ger\u00e4te geeignet? <\/h3>\r\n\r\n\t\t\t\t\t\t<div class=\"faq-item-question-icon\"><\/div>\r\n\t\t\t\t\t<\/div>\r\n\r\n\t\t\t\t\t<div class=\"faq-item-answer\">\r\n\t\t\t\t\t\t<div class=\"faq-item-answer-text\">Ganz genau! Sie m\u00fcssen sich keine Sorgen um die Leistung machen &#8211; unsere Tools funktionieren und sehen auf jedem Ger\u00e4t, das Sie verwenden, hervorragend aus. <\/div>\r\n\t\t\t\t\t<\/div>\r\n\t\t\t\t<\/div><div class=\"faq-item\">\r\n\t\t\t\t\t<div class=\"faq-item-question\">\r\n\t\t\t\t\t\t<h3 class=\"faq-item-question-text\">Kann ich die Proportionen des Website Translators \u00e4ndern? <\/h3>\r\n\r\n\t\t\t\t\t\t<div class=\"faq-item-question-icon\"><\/div>\r\n\t\t\t\t\t<\/div>\r\n\r\n\t\t\t\t\t<div class=\"faq-item-answer\">\r\n\t\t\t\t\t\t<div class=\"faq-item-answer-text\">Ja. Alles, was Sie tun m\u00fcssen, ist einfach den Editor zu \u00f6ffnen und die H\u00f6he und Breite Ihres Plugins in Pixel oder Prozent anzugeben. Oder Sie k\u00f6nnen die Auto-Option w\u00e4hlen, damit es in den freien Bereich auf Ihrer Webseite passt. <\/div>\r\n\t\t\t\t\t<\/div>\r\n\t\t\t\t<\/div><\/div>","protected":false},"excerpt":{"rendered":"","protected":false},"author":9,"featured_media":0,"parent":22468,"menu_order":0,"comment_status":"closed","ping_status":"closed","template":"templates\/template-application-create.php","meta":{"publish_to_discourse":"","publish_post_category":"","wpdc_auto_publish_overridden":"","wpdc_topic_tags":"","wpdc_pin_topic":"","wpdc_pin_until":"","discourse_post_id":"","discourse_permalink":"","wpdc_publishing_response":"","wpdc_publishing_error":"","footnotes":""},"class_list":["post-22497","page","type-page","status-publish","hentry"],"yoast_head":"<!-- This site is optimized with the Yoast SEO plugin v25.3.1 - https:\/\/yoast.com\/wordpress\/plugins\/seo\/ -->\n<title>Wie erstellt man einen kostenlosen Website-\u00dcbersetzer f\u00fcr jede Plattform [2025]<\/title>\n<meta name=\"description\" content=\"Entdecken Sie eine einfache M\u00f6glichkeit, einen No-Code-Website-\u00dcbersetzer f\u00fcr alle Plattformen zu erstellen. Verwenden Sie einen benutzerfreundlichen Editor, um ein benutzerdefiniertes Widget zu erstellen.\" \/>\n<meta name=\"robots\" content=\"index, follow, max-snippet:-1, max-image-preview:large, max-video-preview:-1\" \/>\n<link rel=\"canonical\" href=\"https:\/\/elfsight.com\/de\/website-translator-widget\/create\/\" \/>\n<meta property=\"og:locale\" content=\"de_DE\" \/>\n<meta property=\"og:type\" content=\"article\" \/>\n<meta property=\"og:title\" content=\"Wie erstellt man einen kostenlosen Website-\u00dcbersetzer f\u00fcr jede Plattform [2025]\" \/>\n<meta property=\"og:description\" content=\"Entdecken Sie eine einfache M\u00f6glichkeit, einen No-Code-Website-\u00dcbersetzer f\u00fcr alle Plattformen zu erstellen. Verwenden Sie einen benutzerfreundlichen Editor, um ein benutzerdefiniertes Widget zu erstellen.\" \/>\n<meta property=\"og:url\" content=\"https:\/\/elfsight.com\/de\/website-translator-widget\/create\/\" \/>\n<meta property=\"og:site_name\" content=\"Elfsight DE\" \/>\n<meta property=\"article:modified_time\" content=\"2025-07-10T14:01:32+00:00\" \/>\n<meta name=\"twitter:card\" content=\"summary_large_image\" \/>\n<meta name=\"twitter:label1\" content=\"Gesch\u00e4tzte Lesezeit\" \/>\n\t<meta name=\"twitter:data1\" content=\"1\u00a0Minute\" \/>\n<!-- \/ Yoast SEO plugin. -->","yoast_head_json":{"title":"Wie erstellt man einen kostenlosen Website-\u00dcbersetzer f\u00fcr jede Plattform [2025]","description":"Entdecken Sie eine einfache M\u00f6glichkeit, einen No-Code-Website-\u00dcbersetzer f\u00fcr alle Plattformen zu erstellen. Verwenden Sie einen benutzerfreundlichen Editor, um ein benutzerdefiniertes Widget zu erstellen.","robots":{"index":"index","follow":"follow","max-snippet":"max-snippet:-1","max-image-preview":"max-image-preview:large","max-video-preview":"max-video-preview:-1"},"canonical":"https:\/\/elfsight.com\/de\/website-translator-widget\/create\/","og_locale":"de_DE","og_type":"article","og_title":"Wie erstellt man einen kostenlosen Website-\u00dcbersetzer f\u00fcr jede Plattform [2025]","og_description":"Entdecken Sie eine einfache M\u00f6glichkeit, einen No-Code-Website-\u00dcbersetzer f\u00fcr alle Plattformen zu erstellen. Verwenden Sie einen benutzerfreundlichen Editor, um ein benutzerdefiniertes Widget zu erstellen.","og_url":"https:\/\/elfsight.com\/de\/website-translator-widget\/create\/","og_site_name":"Elfsight DE","article_modified_time":"2025-07-10T14:01:32+00:00","twitter_card":"summary_large_image","twitter_misc":{"Gesch\u00e4tzte Lesezeit":"1\u00a0Minute"},"schema":{"@context":"https:\/\/schema.org","@graph":[{"@type":"WebPage","@id":"https:\/\/elfsight.com\/de\/website-translator-widget\/create\/","url":"https:\/\/elfsight.com\/de\/website-translator-widget\/create\/","name":"Wie erstellt man einen kostenlosen Website-\u00dcbersetzer f\u00fcr jede Plattform [2025]","isPartOf":{"@id":"https:\/\/elfsight.com\/de\/#website"},"datePublished":"2024-07-09T13:22:10+00:00","dateModified":"2025-07-10T14:01:32+00:00","description":"Entdecken Sie eine einfache M\u00f6glichkeit, einen No-Code-Website-\u00dcbersetzer f\u00fcr alle Plattformen zu erstellen. Verwenden Sie einen benutzerfreundlichen Editor, um ein benutzerdefiniertes Widget zu erstellen.","breadcrumb":{"@id":"https:\/\/elfsight.com\/de\/website-translator-widget\/create\/#breadcrumb"},"inLanguage":"de","potentialAction":[{"@type":"ReadAction","target":["https:\/\/elfsight.com\/de\/website-translator-widget\/create\/"]}]},{"@type":"BreadcrumbList","@id":"https:\/\/elfsight.com\/de\/website-translator-widget\/create\/#breadcrumb","itemListElement":[{"@type":"ListItem","position":1,"name":"Home","item":"https:\/\/elfsight.com\/de\/"},{"@type":"ListItem","position":2,"name":"Website Translator","item":"https:\/\/elfsight.com\/de\/website-translator-widget\/"},{"@type":"ListItem","position":3,"name":"Website Translator &#8211; Create"}]},{"@type":"WebSite","@id":"https:\/\/elfsight.com\/de\/#website","url":"https:\/\/elfsight.com\/de\/","name":"Elfsight DE","description":"Just another Elfsight Sites site","potentialAction":[{"@type":"SearchAction","target":{"@type":"EntryPoint","urlTemplate":"https:\/\/elfsight.com\/de\/?s={search_term_string}"},"query-input":{"@type":"PropertyValueSpecification","valueRequired":true,"valueName":"search_term_string"}}],"inLanguage":"de"}]}},"meta_box":{"industry":"","seo_heading":"","heading":"","description":"","cta_heading":"","cta_description":"","application":"22463","h1":"","h1_caption":"","application_category":[],"applications_title":"","applications_request_title":"","applications_request_button_text":"","hero_text":"","hero_video":"","hero_video_schema_markup":"","selling_points_title":"","selling_points_caption":"","selling_points":[],"selling_points_cta_text":"","features_title":"","features":"","ed_cta_examples_text":"","ed_cta_examples_hidden":"","ed_cta_demo_text":"","ed_cta_demo_hidden":"","why_caption":"","why_editor_title":"","why_editor_text":"","why_team_title":"","why_team_text":"","why_service_title":"","why_service_text":"","template_catalog_visible":"","template_catalog_title":"","template_catalog_text":"","template_catalog_categories_visible":"","demo_title":"","demo_caption":"","default_faq_hidden":"","app_template_category":[],"platform":"","template_public_id":"","codecanyon_url":"","codecanyon_item_id":"","codecanyon_price":"","pricing_caption":"","pricing_elfsight_apps_hide_column":"","pricing_elfsight_apps_url":"","pricing_codecanyon_price_caption":"","integration_category":[],"integration_request_title":"","integration_request_cta":"","integration_platform":"","integrations":[],"platform_category":[],"video_schema_markup":"","price":"","trial":"","benefits":[],"button_url":"","button_target_blank":"","button_nofollow":"","attributes":[],"tags":[],"tags_disable_links":"","hide_more_platforms":"","video_object":"","demo_hide_cta":"","demo_hide_cloud_options":"","pricing_title":"","pricing":[],"related_apps_title":"","related_apps_hidden":"","author":"","image":[],"title":"","job":"","social_networks":[]},"_links":{"self":[{"href":"https:\/\/elfsight.com\/de\/wp-json\/wp\/v2\/pages\/22497","targetHints":{"allow":["GET"]}}],"collection":[{"href":"https:\/\/elfsight.com\/de\/wp-json\/wp\/v2\/pages"}],"about":[{"href":"https:\/\/elfsight.com\/de\/wp-json\/wp\/v2\/types\/page"}],"author":[{"embeddable":true,"href":"https:\/\/elfsight.com\/de\/wp-json\/wp\/v2\/users\/9"}],"replies":[{"embeddable":true,"href":"https:\/\/elfsight.com\/de\/wp-json\/wp\/v2\/comments?post=22497"}],"version-history":[{"count":1,"href":"https:\/\/elfsight.com\/de\/wp-json\/wp\/v2\/pages\/22497\/revisions"}],"predecessor-version":[{"id":22498,"href":"https:\/\/elfsight.com\/de\/wp-json\/wp\/v2\/pages\/22497\/revisions\/22498"}],"up":[{"embeddable":true,"href":"https:\/\/elfsight.com\/de\/wp-json\/wp\/v2\/pages\/22468"}],"wp:attachment":[{"href":"https:\/\/elfsight.com\/de\/wp-json\/wp\/v2\/media?parent=22497"}],"curies":[{"name":"wp","href":"https:\/\/api.w.org\/{rel}","templated":true}]}}