{"id":22490,"date":"2024-09-17T09:08:30","date_gmt":"2024-09-17T09:08:30","guid":{"rendered":"https:\/\/elfsight.com\/de\/?page_id=22490"},"modified":"2025-07-09T14:12:44","modified_gmt":"2025-07-09T14:12:44","slug":"create","status":"publish","type":"page","link":"https:\/\/elfsight.com\/de\/poll-widget\/create\/","title":{"rendered":"Poll &#8211; Create"},"content":{"rendered":"<div class=\"faq\" data-component=\"FAQ\"><div class=\"faq-item\">\r\n\t\t\t\t\t<div class=\"faq-item-question\">\r\n\t\t\t\t\t\t<h3 class=\"faq-item-question-text\">Ist es m\u00f6glich, den Stil des Plugins anzupassen? <\/h3>\r\n\r\n\t\t\t\t\t\t<div class=\"faq-item-question-icon\"><\/div>\r\n\t\t\t\t\t<\/div>\r\n\r\n\t\t\t\t\t<div class=\"faq-item-answer\">\r\n\t\t\t\t\t\t<div class=\"faq-item-answer-text\">Nat\u00fcrlich! Sie k\u00f6nnen alle notwendigen \u00c4nderungen in unserem n\u00fctzlichen Editor vornehmen. Gehen Sie einfach zum Stil-Tab und geben Sie alle erforderlichen \u00c4nderungen ein. Nachdem Sie fertig sind, speichern Sie die \u00c4nderungen. <\/div>\r\n\t\t\t\t\t<\/div>\r\n\t\t\t\t<\/div><div class=\"faq-item\">\r\n\t\t\t\t\t<div class=\"faq-item-question\">\r\n\t\t\t\t\t\t<h3 class=\"faq-item-question-text\">Wie kann ich die Umfrage in meine Website-Vorlage einf\u00fcgen? <\/h3>\r\n\r\n\t\t\t\t\t\t<div class=\"faq-item-question-icon\"><\/div>\r\n\t\t\t\t\t<\/div>\r\n\r\n\t\t\t\t\t<div class=\"faq-item-answer\">\r\n\t\t\t\t\t\t<div class=\"faq-item-answer-text\">Erstellen Sie einfach Ihr Tool, \u00e4ndern Sie dann das Design und speichern Sie die \u00c4nderungen. Kopieren Sie den Code des gerade erstellten Plugins und f\u00fcgen Sie ihn in die Vorlage ein, die Sie aktuell verwenden. <\/div>\r\n\t\t\t\t\t<\/div>\r\n\t\t\t\t<\/div><div class=\"faq-item\">\r\n\t\t\t\t\t<div class=\"faq-item-question\">\r\n\t\t\t\t\t\t<h3 class=\"faq-item-question-text\">Sind Ihre Widgets an meine Website-Plattform anpassbar? <\/h3>\r\n\r\n\t\t\t\t\t\t<div class=\"faq-item-question-icon\"><\/div>\r\n\t\t\t\t\t<\/div>\r\n\r\n\t\t\t\t\t<div class=\"faq-item-answer\">\r\n\t\t\t\t\t\t<div class=\"faq-item-answer-text\">Ja. Wir entwerfen unsere Produkte so, dass sie auf jeder Art von Website hervorragend funktionieren, zum Beispiel: <a href=\"https:\/\/elfsight.com\/poll-widget\/wordpress\/\" target=\"_blank\" rel=\"noopener\">WordPress<\/a>, <a href=\"https:\/\/elfsight.com\/poll-widget\/shopify\/\" target=\"_blank\" rel=\"noopener\">Shopify<\/a>, <a href=\"https:\/\/elfsight.com\/poll-widget\/squarespace\/\" target=\"_blank\" rel=\"noopener\">Squarespace<\/a>, <a href=\"https:\/\/elfsight.com\/poll-widget\/wix\/\" target=\"_blank\" rel=\"noopener\">Wix<\/a>, <a href=\"https:\/\/elfsight.com\/poll-widget\/html\/\" target=\"_blank\" rel=\"noopener\">HTML<\/a>, <a href=\"https:\/\/elfsight.com\/poll-widget\/webflow\/\" target=\"_blank\" rel=\"noopener\">Webflow<\/a>, <a href=\"https:\/\/elfsight.com\/poll-widget\/elementor\/\" target=\"_blank\" rel=\"noopener\">Elementor<\/a>, <a href=\"https:\/\/elfsight.com\/poll-widget\/google-sites\/\" target=\"_blank\" rel=\"noopener\">Google Sites<\/a>, <a href=\"https:\/\/elfsight.com\/poll-widget\/iframe\/\" target=\"_blank\" rel=\"noopener\">iFrame<\/a>, <a href=\"https:\/\/elfsight.com\/poll-widget\/joomla\/\" target=\"_blank\" rel=\"noopener\">Joomla<\/a>.<\/div>\r\n\t\t\t\t\t<\/div>\r\n\t\t\t\t<\/div><div class=\"faq-item\">\r\n\t\t\t\t\t<div class=\"faq-item-question\">\r\n\t\t\t\t\t\t<h3 class=\"faq-item-question-text\">Ist Ihr Plugin responsiv? <\/h3>\r\n\r\n\t\t\t\t\t\t<div class=\"faq-item-question-icon\"><\/div>\r\n\t\t\t\t\t<\/div>\r\n\r\n\t\t\t\t\t<div class=\"faq-item-answer\">\r\n\t\t\t\t\t\t<div class=\"faq-item-answer-text\">Ganz genau! Sie m\u00fcssen sich keine Sorgen um die Funktionsweise machen &#8211; unsere Tools funktionieren und sehen auf jedem Ger\u00e4t, das Sie gerade verwenden, reibungslos aus. <\/div>\r\n\t\t\t\t\t<\/div>\r\n\t\t\t\t<\/div><div class=\"faq-item\">\r\n\t\t\t\t\t<div class=\"faq-item-question\">\r\n\t\t\t\t\t\t<h3 class=\"faq-item-question-text\">Kann ich die Gr\u00f6\u00dfenparameter der Umfrage anpassen? <\/h3>\r\n\r\n\t\t\t\t\t\t<div class=\"faq-item-question-icon\"><\/div>\r\n\t\t\t\t\t<\/div>\r\n\r\n\t\t\t\t\t<div class=\"faq-item-answer\">\r\n\t\t\t\t\t\t<div class=\"faq-item-answer-text\">Ja. Alles, was Sie tun m\u00fcssen, ist, zum Editor zu gehen und die H\u00f6he und Breite des Tools in Pixeln oder Prozent anzugeben. Alternativ k\u00f6nnen Sie die Auto-Funktion w\u00e4hlen, damit es sich nahtlos in den freien Platz auf Ihrer Webseite einf\u00fcgt. <\/div>\r\n\t\t\t\t\t<\/div>\r\n\t\t\t\t<\/div><\/div>","protected":false},"excerpt":{"rendered":"","protected":false},"author":9,"featured_media":0,"parent":22477,"menu_order":0,"comment_status":"closed","ping_status":"closed","template":"templates\/template-application-create.php","meta":{"publish_to_discourse":"","publish_post_category":"","wpdc_auto_publish_overridden":"","wpdc_topic_tags":"","wpdc_pin_topic":"","wpdc_pin_until":"","discourse_post_id":"","discourse_permalink":"","wpdc_publishing_response":"","wpdc_publishing_error":"","footnotes":""},"class_list":["post-22490","page","type-page","status-publish","hentry"],"yoast_head":"<!-- This site is optimized with the Yoast SEO plugin v25.3.1 - https:\/\/yoast.com\/wordpress\/plugins\/seo\/ -->\n<title>Erstellen Sie ein Umfrage-Widget f\u00fcr Storytelling auf der Website [kostenlos]<\/title>\n<meta name=\"description\" content=\"Erstellen Sie Ihr eigenes Umfrage-Widget, um Artikel auf Ihrer Website zu erstellen. Verwenden Sie unseren Online-Editor \u2013 kostenlos und schnell mit Elfsight.\" \/>\n<meta name=\"robots\" content=\"index, follow, max-snippet:-1, max-image-preview:large, max-video-preview:-1\" \/>\n<link rel=\"canonical\" href=\"https:\/\/elfsight.com\/de\/poll-widget\/create\/\" \/>\n<meta property=\"og:locale\" content=\"de_DE\" \/>\n<meta property=\"og:type\" content=\"article\" \/>\n<meta property=\"og:title\" content=\"Erstellen Sie ein Umfrage-Widget f\u00fcr Storytelling auf der Website [kostenlos]\" \/>\n<meta property=\"og:description\" content=\"Erstellen Sie Ihr eigenes Umfrage-Widget, um Artikel auf Ihrer Website zu erstellen. Verwenden Sie unseren Online-Editor \u2013 kostenlos und schnell mit Elfsight.\" \/>\n<meta property=\"og:url\" content=\"https:\/\/elfsight.com\/de\/poll-widget\/create\/\" \/>\n<meta property=\"og:site_name\" content=\"Elfsight DE\" \/>\n<meta property=\"article:modified_time\" content=\"2025-07-09T14:12:44+00:00\" \/>\n<meta name=\"twitter:card\" content=\"summary_large_image\" \/>\n<meta name=\"twitter:label1\" content=\"Gesch\u00e4tzte Lesezeit\" \/>\n\t<meta name=\"twitter:data1\" content=\"1\u00a0Minute\" \/>\n<!-- \/ Yoast SEO plugin. -->","yoast_head_json":{"title":"Erstellen Sie ein Umfrage-Widget f\u00fcr Storytelling auf der Website [kostenlos]","description":"Erstellen Sie Ihr eigenes Umfrage-Widget, um Artikel auf Ihrer Website zu erstellen. Verwenden Sie unseren Online-Editor \u2013 kostenlos und schnell mit Elfsight.","robots":{"index":"index","follow":"follow","max-snippet":"max-snippet:-1","max-image-preview":"max-image-preview:large","max-video-preview":"max-video-preview:-1"},"canonical":"https:\/\/elfsight.com\/de\/poll-widget\/create\/","og_locale":"de_DE","og_type":"article","og_title":"Erstellen Sie ein Umfrage-Widget f\u00fcr Storytelling auf der Website [kostenlos]","og_description":"Erstellen Sie Ihr eigenes Umfrage-Widget, um Artikel auf Ihrer Website zu erstellen. Verwenden Sie unseren Online-Editor \u2013 kostenlos und schnell mit Elfsight.","og_url":"https:\/\/elfsight.com\/de\/poll-widget\/create\/","og_site_name":"Elfsight DE","article_modified_time":"2025-07-09T14:12:44+00:00","twitter_card":"summary_large_image","twitter_misc":{"Gesch\u00e4tzte Lesezeit":"1\u00a0Minute"},"schema":{"@context":"https:\/\/schema.org","@graph":[{"@type":"WebPage","@id":"https:\/\/elfsight.com\/de\/poll-widget\/create\/","url":"https:\/\/elfsight.com\/de\/poll-widget\/create\/","name":"Erstellen Sie ein Umfrage-Widget f\u00fcr Storytelling auf der Website [kostenlos]","isPartOf":{"@id":"https:\/\/elfsight.com\/de\/#website"},"datePublished":"2024-09-17T09:08:30+00:00","dateModified":"2025-07-09T14:12:44+00:00","description":"Erstellen Sie Ihr eigenes Umfrage-Widget, um Artikel auf Ihrer Website zu erstellen. Verwenden Sie unseren Online-Editor \u2013 kostenlos und schnell mit Elfsight.","breadcrumb":{"@id":"https:\/\/elfsight.com\/de\/poll-widget\/create\/#breadcrumb"},"inLanguage":"de","potentialAction":[{"@type":"ReadAction","target":["https:\/\/elfsight.com\/de\/poll-widget\/create\/"]}]},{"@type":"BreadcrumbList","@id":"https:\/\/elfsight.com\/de\/poll-widget\/create\/#breadcrumb","itemListElement":[{"@type":"ListItem","position":1,"name":"Home","item":"https:\/\/elfsight.com\/de\/"},{"@type":"ListItem","position":2,"name":"Poll","item":"https:\/\/elfsight.com\/de\/poll-widget\/"},{"@type":"ListItem","position":3,"name":"Poll &#8211; Create"}]},{"@type":"WebSite","@id":"https:\/\/elfsight.com\/de\/#website","url":"https:\/\/elfsight.com\/de\/","name":"Elfsight DE","description":"Just another Elfsight Sites site","potentialAction":[{"@type":"SearchAction","target":{"@type":"EntryPoint","urlTemplate":"https:\/\/elfsight.com\/de\/?s={search_term_string}"},"query-input":{"@type":"PropertyValueSpecification","valueRequired":true,"valueName":"search_term_string"}}],"inLanguage":"de"}]}},"meta_box":{"industry":"","seo_heading":"","heading":"","description":"","cta_heading":"","cta_description":"","application":"22467","h1":"","h1_caption":"","application_category":[],"applications_title":"","applications_request_title":"","applications_request_button_text":"","hero_text":"","hero_video":"","hero_video_schema_markup":"","selling_points_title":"","selling_points_caption":"","selling_points":[],"selling_points_cta_text":"","features_title":"","features":"","ed_cta_examples_text":"","ed_cta_examples_hidden":"","ed_cta_demo_text":"","ed_cta_demo_hidden":"","why_caption":"","why_editor_title":"","why_editor_text":"","why_team_title":"","why_team_text":"","why_service_title":"","why_service_text":"","template_catalog_visible":"","template_catalog_title":"","template_catalog_text":"","template_catalog_categories_visible":"","demo_title":"","demo_caption":"","default_faq_hidden":"","app_template_category":[],"platform":"","template_public_id":"","codecanyon_url":"","codecanyon_item_id":"","codecanyon_price":"","pricing_caption":"","pricing_elfsight_apps_hide_column":"","pricing_elfsight_apps_url":"","pricing_codecanyon_price_caption":"","integration_category":[],"integration_request_title":"","integration_request_cta":"","integration_platform":"","integrations":[],"platform_category":[],"video_schema_markup":"","price":"","trial":"","benefits":[],"button_url":"","button_target_blank":"","button_nofollow":"","attributes":[],"tags":[],"tags_disable_links":"","hide_more_platforms":"","video_object":"","demo_hide_cta":"","demo_hide_cloud_options":"","pricing_title":"","pricing":[],"related_apps_title":"","related_apps_hidden":"","author":"","image":[],"title":"","job":"","social_networks":[]},"_links":{"self":[{"href":"https:\/\/elfsight.com\/de\/wp-json\/wp\/v2\/pages\/22490","targetHints":{"allow":["GET"]}}],"collection":[{"href":"https:\/\/elfsight.com\/de\/wp-json\/wp\/v2\/pages"}],"about":[{"href":"https:\/\/elfsight.com\/de\/wp-json\/wp\/v2\/types\/page"}],"author":[{"embeddable":true,"href":"https:\/\/elfsight.com\/de\/wp-json\/wp\/v2\/users\/9"}],"replies":[{"embeddable":true,"href":"https:\/\/elfsight.com\/de\/wp-json\/wp\/v2\/comments?post=22490"}],"version-history":[{"count":1,"href":"https:\/\/elfsight.com\/de\/wp-json\/wp\/v2\/pages\/22490\/revisions"}],"predecessor-version":[{"id":22494,"href":"https:\/\/elfsight.com\/de\/wp-json\/wp\/v2\/pages\/22490\/revisions\/22494"}],"up":[{"embeddable":true,"href":"https:\/\/elfsight.com\/de\/wp-json\/wp\/v2\/pages\/22477"}],"wp:attachment":[{"href":"https:\/\/elfsight.com\/de\/wp-json\/wp\/v2\/media?parent=22490"}],"curies":[{"name":"wp","href":"https:\/\/api.w.org\/{rel}","templated":true}]}}