{"id":22316,"date":"2024-06-23T13:00:17","date_gmt":"2024-06-23T13:00:17","guid":{"rendered":"https:\/\/elfsight.com\/de\/?page_id=22316"},"modified":"2025-05-13T09:56:28","modified_gmt":"2025-05-13T09:56:28","slug":"html-widgets","status":"publish","type":"page","link":"https:\/\/elfsight.com\/de\/html-widgets\/","title":{"rendered":"HTML widgets"},"content":{"rendered":"<h2>Das beste Tool f\u00fcr jede HTML-Website<\/h2><figure class=\"browser-frame\"><img decoding=\"async\" src=\"https:\/\/elfsight.com\/wp-content\/uploads\/2020\/08\/platform-image-html.jpg\" alt=\"die besten kostenlosen HTML-Widgets f\u00fcr Ihre Website\"><\/figure><p>Seit 7 Jahren entwickelt unser Team die effizientesten Premium-Widgets f\u00fcr HTML. Elfsight-Plugins erm\u00f6glichen es Ihnen, die Anzahl der Leads zu maximieren, Ihre Website in soziale Medien zu integrieren oder andere Aufgaben zu erf\u00fcllen, die bei den meisten Unternehmenswebsites anfallen.<\/p><p>Wir bieten verschiedene Tarife an: von kostenlos bis Premium. Unser Ziel ist es, Ihrer Website die Chance zu geben, sich gemeinsam mit uns zu verbessern und eine beeindruckende H\u00f6he zu erreichen.<\/p><h2>Was macht unsere HTML-Widgets zu den Besten?<\/h2><p>Entdecken Sie, dass Elfsight-Plugins das Richtige f\u00fcr Sie sind Sie m\u00fcssen es auf jeden Fall testen, wir haben eine Liste mit Eigenschaften zusammengestellt, die sie zu Spitzenreitern unter den anderen machen:<\/p><ul><li>Kostenlose Installationsunterst\u00fctzung;<\/li><li>V\u00f6llig anpassungsf\u00e4hig in allen Bereichen Ger\u00e4te;<\/li><li>Keine Programmierkenntnisse erforderlich;<\/li><li>Vielf\u00e4ltige Benutzerparameter der Schnittstelle;<\/li><li>Einfache Benutzeroberfl\u00e4che;<\/li><li>Cloud-L\u00f6sung f\u00fcr perfektes Laden Geschwindigkeit;<\/li><li>St\u00e4ndige automatische Updates;<\/li><li>Kompetente Unterst\u00fctzung bei allen Fragen.<\/li><\/ul><p>Erfahren Sie alle Vorteile der Elfsight-Plugins per kostenloser Version oder erwerben Sie sie das gew\u00fcnschte Widget mit 20 % Rabatt.<\/p><h2>So erstellen Sie ein Widget auf HTML-Websites<\/h2><div class=\"video-container\"><iframe width=\"720\" height=\"405\" src=\"https:\/\/www.youtube.com\/embed\/1notwooXE58\"><\/iframe><\/div><p>Im Plugin-Bereich erhalten Sie maximale Informationen zum Hinzuf\u00fcgen jedes Widgets.<\/p><ol><li>Klicken Sie auf das gew\u00fcnschte Widget und generieren Sie es im Editor<\/li><li>F\u00fcgen Sie den Widget-Code in Ihre Website ein (in den HTML-Code der Seite oder der Vorlage: Seitenleiste, Fu\u00dfzeile usw.)<\/li><li>Die Einrichtung wurde erfolgreich abgeschlossen!<\/li><\/ol><p>Suchen Sie kostenlose Beratung bei der Erstellung Ihres HTML-Widgets? Konnten Sie mit der Installation nicht zurechtkommen? Bitte teilen Sie uns dies dem Kundendienst von Elfsight mit. Wir beantworten gerne Ihre Fragen.<\/p><div class=\"faq\" data-component=\"FAQ\"><div class=\"faq-item\">\r\n\t\t\t\t\t<div class=\"faq-item-question\">\r\n\t\t\t\t\t\t<h3 class=\"faq-item-question-text\">Wie f\u00fcge ich die Widgets zu meiner HTML-Vorlage hinzu?<\/h3>\r\n\r\n\t\t\t\t\t\t<div class=\"faq-item-question-icon\"><\/div>\r\n\t\t\t\t\t<\/div>\r\n\r\n\t\t\t\t\t<div class=\"faq-item-answer\">\r\n\t\t\t\t\t\t<div class=\"faq-item-answer-text\"><p>Sie k\u00f6nnen die Widgets in Ihre Website integrieren. \u00d6ffnen Sie einfach das Administrator-Panel und f\u00fchren Sie die folgenden Aktionen aus: <\/p><ol><li>Gehen Sie zu den Designeinstellungen; <\/li><li>W\u00e4hlen Sie den Teil aus, in den Sie das Widget einbetten m\u00f6chten. <\/li><li>F\u00fcgen Sie den Code aus dem Elfsight Apps-Dienst ein und speichern Sie die Anpassungen. <\/li><p>Alles ist erledigt. <\/p><\/div>\r\n\t\t\t\t\t<\/div>\r\n\t\t\t\t<\/div><div class=\"faq-item\">\r\n\t\t\t\t\t<div class=\"faq-item-question\">\r\n\t\t\t\t\t\t<h3 class=\"faq-item-question-text\">Welche HTML-Versionen und Vorlagen k\u00f6nnen in ein Widget integriert werden?<\/h3>\r\n\r\n\t\t\t\t\t\t<div class=\"faq-item-question-icon\"><\/div>\r\n\t\t\t\t\t<\/div>\r\n\r\n\t\t\t\t\t<div class=\"faq-item-answer\">\r\n\t\t\t\t\t\t<div class=\"faq-item-answer-text\">Die Widgets k\u00f6nnen zu allen Optionsvorlagen der HTML-Website hinzugef\u00fcgt werden. Sie k\u00f6nnen sich auf eine optimale Leistung der L\u00f6sungen verlassen. <\/div>\r\n\t\t\t\t\t<\/div>\r\n\t\t\t\t<\/div><div class=\"faq-item\">\r\n\t\t\t\t\t<div class=\"faq-item-question\">\r\n\t\t\t\t\t\t<h3 class=\"faq-item-question-text\">Wo kann ich integrierte Widgets verwalten?<\/h3>\r\n\r\n\t\t\t\t\t\t<div class=\"faq-item-question-icon\"><\/div>\r\n\t\t\t\t\t<\/div>\r\n\r\n\t\t\t\t\t<div class=\"faq-item-answer\">\r\n\t\t\t\t\t\t<div class=\"faq-item-answer-text\">Alle Elfsight-Kunden k\u00f6nnen die erforderlichen Anpassungen der Widget-Funktionen im praktischen Admin-Panel vornehmen.  <\/div>\r\n\t\t\t\t\t<\/div>\r\n\t\t\t\t<\/div><div class=\"faq-item\">\r\n\t\t\t\t\t<div class=\"faq-item-question\">\r\n\t\t\t\t\t\t<h3 class=\"faq-item-question-text\"> Ist es m\u00f6glich, mit den Hilfespezialisten Kontakt aufzunehmen, falls ich nur bei der Anpassung des HTML-Widgets Hilfe ben\u00f6tige?<\/h3>\r\n\r\n\t\t\t\t\t\t<div class=\"faq-item-question-icon\"><\/div>\r\n\t\t\t\t\t<\/div>\r\n\r\n\t\t\t\t\t<div class=\"faq-item-answer\">\r\n\t\t\t\t\t\t<div class=\"faq-item-answer-text\">Alle Benutzer haben die M\u00f6glichkeit, sich an unsere kompetenten Mitarbeiter zu wenden Elfsight-Spezialisten bitten um Rat zur Verwendung der L\u00f6sungen. <\/div>\r\n\t\t\t\t\t<\/div>\r\n\t\t\t\t<\/div><\/div><p><\/p>","protected":false},"excerpt":{"rendered":"Das beste Tool f\u00fcr jede HTML-WebsiteSeit 7 Jahren entwickelt unser Team die effizientesten Premium-Widgets f\u00fcr HTML. Elfsight-Plugins erm\u00f6glichen es Ihnen, die Anzahl der Leads zu maximieren, Ihre Website in soziale Medien zu integrieren oder andere Aufgaben zu erf\u00fcllen, die bei den meisten Unternehmenswebsites anfallen.Wir bieten verschiedene Tarife an: von kostenlos&#8230;","protected":false},"author":9,"featured_media":0,"parent":0,"menu_order":0,"comment_status":"closed","ping_status":"closed","template":"templates\/template-platform.php","meta":{"publish_to_discourse":"","publish_post_category":"","wpdc_auto_publish_overridden":"","wpdc_topic_tags":"","wpdc_pin_topic":"","wpdc_pin_until":"","discourse_post_id":"","discourse_permalink":"","wpdc_publishing_response":"","wpdc_publishing_error":"","footnotes":""},"class_list":["post-22316","page","type-page","status-publish","hentry"],"yoast_head":"<!-- This site is optimized with the Yoast SEO plugin v25.3.1 - https:\/\/yoast.com\/wordpress\/plugins\/seo\/ -->\n<title>70+ beste kostenlose HTML-Widgets f\u00fcr Websites | Plugins von Elfsight [2026]<\/title>\n<meta name=\"description\" content=\"Eine Bibliothek der besten kostenlosen Widgets f\u00fcr HTML-Websites. Hilfe bei der Einstellung, kompatibel mit allen HTML-Versionen und -Vorlagen und erweiterter Plugin-Einstellung.\" \/>\n<meta name=\"robots\" content=\"index, follow, max-snippet:-1, max-image-preview:large, max-video-preview:-1\" \/>\n<link rel=\"canonical\" href=\"https:\/\/elfsight.com\/de\/html-widgets\/\" \/>\n<meta property=\"og:locale\" content=\"de_DE\" \/>\n<meta property=\"og:type\" content=\"article\" \/>\n<meta property=\"og:title\" content=\"70+ beste kostenlose HTML-Widgets f\u00fcr Websites | Plugins von Elfsight [2026]\" \/>\n<meta property=\"og:description\" content=\"Eine Bibliothek der besten kostenlosen Widgets f\u00fcr HTML-Websites. Hilfe bei der Einstellung, kompatibel mit allen HTML-Versionen und -Vorlagen und erweiterter Plugin-Einstellung.\" \/>\n<meta property=\"og:url\" content=\"https:\/\/elfsight.com\/de\/html-widgets\/\" \/>\n<meta property=\"og:site_name\" content=\"Elfsight DE\" \/>\n<meta property=\"article:modified_time\" content=\"2025-05-13T09:56:28+00:00\" \/>\n<meta property=\"og:image\" content=\"https:\/\/elfsight.com\/wp-content\/uploads\/2020\/08\/platform-image-html.jpg\" \/>\n<meta name=\"twitter:card\" content=\"summary_large_image\" \/>\n<meta name=\"twitter:label1\" content=\"Gesch\u00e4tzte Lesezeit\" \/>\n\t<meta name=\"twitter:data1\" content=\"3\u00a0Minuten\" \/>\n<!-- \/ Yoast SEO plugin. -->","yoast_head_json":{"title":"70+ beste kostenlose HTML-Widgets f\u00fcr Websites | Plugins von Elfsight [2026]","description":"Eine Bibliothek der besten kostenlosen Widgets f\u00fcr HTML-Websites. Hilfe bei der Einstellung, kompatibel mit allen HTML-Versionen und -Vorlagen und erweiterter Plugin-Einstellung.","robots":{"index":"index","follow":"follow","max-snippet":"max-snippet:-1","max-image-preview":"max-image-preview:large","max-video-preview":"max-video-preview:-1"},"canonical":"https:\/\/elfsight.com\/de\/html-widgets\/","og_locale":"de_DE","og_type":"article","og_title":"70+ beste kostenlose HTML-Widgets f\u00fcr Websites | Plugins von Elfsight [2026]","og_description":"Eine Bibliothek der besten kostenlosen Widgets f\u00fcr HTML-Websites. Hilfe bei der Einstellung, kompatibel mit allen HTML-Versionen und -Vorlagen und erweiterter Plugin-Einstellung.","og_url":"https:\/\/elfsight.com\/de\/html-widgets\/","og_site_name":"Elfsight DE","article_modified_time":"2025-05-13T09:56:28+00:00","og_image":[{"url":"https:\/\/elfsight.com\/wp-content\/uploads\/2020\/08\/platform-image-html.jpg","type":"","width":"","height":""}],"twitter_card":"summary_large_image","twitter_misc":{"Gesch\u00e4tzte Lesezeit":"3\u00a0Minuten"},"schema":{"@context":"https:\/\/schema.org","@graph":[{"@type":"WebPage","@id":"https:\/\/elfsight.com\/de\/html-widgets\/","url":"https:\/\/elfsight.com\/de\/html-widgets\/","name":"70+ beste kostenlose HTML-Widgets f\u00fcr Websites | Plugins von Elfsight [2026]","isPartOf":{"@id":"https:\/\/elfsight.com\/de\/#website"},"primaryImageOfPage":{"@id":"https:\/\/elfsight.com\/de\/html-widgets\/#primaryimage"},"image":{"@id":"https:\/\/elfsight.com\/de\/html-widgets\/#primaryimage"},"thumbnailUrl":"https:\/\/elfsight.com\/wp-content\/uploads\/2020\/08\/platform-image-html.jpg","datePublished":"2024-06-23T13:00:17+00:00","dateModified":"2025-05-13T09:56:28+00:00","description":"Eine Bibliothek der besten kostenlosen Widgets f\u00fcr HTML-Websites. Hilfe bei der Einstellung, kompatibel mit allen HTML-Versionen und -Vorlagen und erweiterter Plugin-Einstellung.","breadcrumb":{"@id":"https:\/\/elfsight.com\/de\/html-widgets\/#breadcrumb"},"inLanguage":"de","potentialAction":[{"@type":"ReadAction","target":["https:\/\/elfsight.com\/de\/html-widgets\/"]}]},{"@type":"ImageObject","inLanguage":"de","@id":"https:\/\/elfsight.com\/de\/html-widgets\/#primaryimage","url":"https:\/\/elfsight.com\/wp-content\/uploads\/2020\/08\/platform-image-html.jpg","contentUrl":"https:\/\/elfsight.com\/wp-content\/uploads\/2020\/08\/platform-image-html.jpg"},{"@type":"BreadcrumbList","@id":"https:\/\/elfsight.com\/de\/html-widgets\/#breadcrumb","itemListElement":[{"@type":"ListItem","position":1,"name":"Home","item":"https:\/\/elfsight.com\/de\/"},{"@type":"ListItem","position":2,"name":"HTML widgets"}]},{"@type":"WebSite","@id":"https:\/\/elfsight.com\/de\/#website","url":"https:\/\/elfsight.com\/de\/","name":"Elfsight DE","description":"Just another Elfsight Sites site","potentialAction":[{"@type":"SearchAction","target":{"@type":"EntryPoint","urlTemplate":"https:\/\/elfsight.com\/de\/?s={search_term_string}"},"query-input":{"@type":"PropertyValueSpecification","valueRequired":true,"valueName":"search_term_string"}}],"inLanguage":"de"}]}},"meta_box":{"industry":"","seo_heading":"","heading":"","description":"","cta_heading":"","cta_description":"","application":"","h1":"Die besten HTML-Widgets","h1_caption":"Kostenlose Bibliothek mit tollen Plugins f\u00fcr alle wichtigen kommerziellen und verkaufsf\u00f6rdernden Zwecke auf Ihrer HTML-Site. Sofortige Integration, vollst\u00e4ndige Einstellungen und Vollzeit-Support.","application_category":[],"applications_title":"Sehen Sie sich die Liste aller kostenlosen HTML-Widgets an","applications_request_title":"Sie k\u00f6nnen das richtige Widget nicht finden?","applications_request_button_text":"Fordern Sie ein Widget an","hero_text":"","hero_video":"","hero_video_schema_markup":"","selling_points_title":"","selling_points_caption":"","selling_points":[],"selling_points_cta_text":"","features_title":"","features":"","ed_cta_examples_text":"","ed_cta_examples_hidden":"","ed_cta_demo_text":"","ed_cta_demo_hidden":"","why_caption":"","why_editor_title":"","why_editor_text":"","why_team_title":"","why_team_text":"","why_service_title":"","why_service_text":"","template_catalog_visible":"","template_catalog_title":"","template_catalog_text":"","template_catalog_categories_visible":"","demo_title":"","demo_caption":"","default_faq_hidden":"","app_template_category":[],"platform":"260","template_public_id":"","codecanyon_url":"","codecanyon_item_id":"","codecanyon_price":"","pricing_caption":"","pricing_elfsight_apps_hide_column":"","pricing_elfsight_apps_url":"","pricing_codecanyon_price_caption":"","integration_category":[],"integration_request_title":"","integration_request_cta":"","integration_platform":"","integrations":[],"platform_category":[],"video_schema_markup":"","price":"","trial":"","benefits":[],"button_url":"","button_target_blank":"","button_nofollow":"","attributes":[],"tags":[],"tags_disable_links":"","hide_more_platforms":"","video_object":"","demo_hide_cta":"","demo_hide_cloud_options":"","pricing_title":"","pricing":[],"related_apps_title":"","related_apps_hidden":"","author":"","image":[],"title":"","job":"","social_networks":[]},"_links":{"self":[{"href":"https:\/\/elfsight.com\/de\/wp-json\/wp\/v2\/pages\/22316","targetHints":{"allow":["GET"]}}],"collection":[{"href":"https:\/\/elfsight.com\/de\/wp-json\/wp\/v2\/pages"}],"about":[{"href":"https:\/\/elfsight.com\/de\/wp-json\/wp\/v2\/types\/page"}],"author":[{"embeddable":true,"href":"https:\/\/elfsight.com\/de\/wp-json\/wp\/v2\/users\/9"}],"replies":[{"embeddable":true,"href":"https:\/\/elfsight.com\/de\/wp-json\/wp\/v2\/comments?post=22316"}],"version-history":[{"count":3,"href":"https:\/\/elfsight.com\/de\/wp-json\/wp\/v2\/pages\/22316\/revisions"}],"predecessor-version":[{"id":25094,"href":"https:\/\/elfsight.com\/de\/wp-json\/wp\/v2\/pages\/22316\/revisions\/25094"}],"wp:attachment":[{"href":"https:\/\/elfsight.com\/de\/wp-json\/wp\/v2\/media?parent=22316"}],"curies":[{"name":"wp","href":"https:\/\/api.w.org\/{rel}","templated":true}]}}