{"id":22315,"date":"2024-06-22T13:00:17","date_gmt":"2024-06-22T13:00:17","guid":{"rendered":"https:\/\/elfsight.com\/de\/?page_id=22315"},"modified":"2024-07-08T12:44:55","modified_gmt":"2024-07-08T12:44:55","slug":"shopify-apps","status":"publish","type":"page","link":"https:\/\/elfsight.com\/de\/shopify-apps\/","title":{"rendered":"Shopify apps"},"content":{"rendered":"<h2>Die besten Elfsight-Apps f\u00fcr alle Anspr\u00fcche Ihrer Shopify-Website <\/h2><figure class=\"browser-frame\"><img decoding=\"async\" alt=\"die besten kostenlosen Shopify-Apps f\u00fcr Ihre Website\" src=\"https:\/\/elfsight.com\/wp-content\/uploads\/2020\/08\/platform-image-shopify.jpg\"><\/figure><p>Seit mehreren Jahren entwickelt unser Elfsight-Spezialistenteam einfache Designs -benutzbare und reaktionsf\u00e4hige Plugins f\u00fcr Ihre Website. Wir bieten Ihnen stets einen zeitnahen Supportservice und eine hohe Auslastungsrate. Unser Service hilft vielen Online-Handels-, Bildungs- und anderen Website-Besitzern in verschiedenen Teilen der Welt dabei, die grundlegenden Website-Probleme effizienter zu l\u00f6sen. <\/p><p>Durch die einfache Implementierung von Apps auf Ihrer Website k\u00f6nnen Sie den Umsatz steigern, 5-Sterne-Feedback zu Ihren Dienstleistungen pr\u00e4sentieren und die Loyalit\u00e4t zu Ihrem Unternehmen verbessern. Die Abonnementpl\u00e4ne variieren von kostenlos bis VIP. Installieren Sie mithilfe unserer Online-Demo schnell alle ausgew\u00e4hlten Apps und pr\u00fcfen Sie, inwieweit diese f\u00fcr die Aktualisierung Ihrer Unternehmenswebsite geeignet sind. <\/p><h2>Was macht Elfsight-Plugins f\u00fcr Ihre Shopify-Website so besonders? <\/h2><p>Sehen Sie sich eine Liste der wichtigen Vorteile unserer Apps an, die uns von unseren Mitbewerbern abheben: <\/p><ul><li>Kostenlose und schnelle Unterst\u00fctzung bei der Implementierung oder den Personalisierungs-Plugins; <\/li><li>Anpassbarkeit an alle Website-Parameter; <\/li><li>Es ist nicht n\u00f6tig, einen Entwickler einzustellen; <\/li><li> Eine gro\u00dfe Auswahl an Personalisierungseinstellungen; <\/li><li>Cloud-Dienst zur Erh\u00f6hung der Ladegeschwindigkeit; <\/li><li>Permanente, kostenlose Updates; <\/li><li> Faire Preisspanne; <\/li><li> Professionelle Hilfe f\u00fcr alle Benutzerprobleme oder -w\u00fcnsche. <\/li><\/ul><p>Testen Sie die kostenlose Option unserer Apps und aktualisieren Sie Ihre Website mit ihren Funktionen oder w\u00e4hlen Sie ein geeignetes Tool mit 20 % Rabatt aus. <\/p><h2>So f\u00fcgen Sie Ihre Apps zur Shopify-Website hinzu<\/h2><div class=\"video-container\"><iframe width=\"720\" height=\"405\" src=\"https:\/\/www.youtube.com\/embed\/NPmaNl966CU\"><\/iframe><\/div><p>Um unser Plugin hinzuzuf\u00fcgen, f\u00fchren Sie die Schritte aus dem kurzen Tutorial aus:<\/p><ol><li> \u00d6ffnen Sie das ben\u00f6tigte Plugin; <\/li><li> Geben Sie bei Bedarf einige Konfigurationen an; <\/li><li> Speichern Sie die \u00c4nderungen; <\/li><li> Klicken Sie auf den Code, den Sie erhalten haben. <\/li><li>Installieren Sie den Code an der verf\u00fcgbaren Stelle Ihrer Website oder Vorlage; <\/li><li>Fertig! Sie haben das Plugin auf Ihrer Shopify-Website eingebettet. <\/li><\/ol><p>Wenn Sie eine Empfehlung zur Anpassung oder Integration der Apps ben\u00f6tigen, wenden Sie sich bitte per E-Mail an die Support-Spezialisten von Elfsight. <\/p><div class=\"faq\" data-component=\"FAQ\"><div class=\"faq-item\">\r\n\t\t\t\t\t<div class=\"faq-item-question\">\r\n\t\t\t\t\t\t<h3 class=\"faq-item-question-text\">Wie integriere ich die Apps in meine Shopify-Vorlage?<\/h3>\r\n\r\n\t\t\t\t\t\t<div class=\"faq-item-question-icon\"><\/div>\r\n\t\t\t\t\t<\/div>\r\n\r\n\t\t\t\t\t<div class=\"faq-item-answer\">\r\n\t\t\t\t\t\t<div class=\"faq-item-answer-text\"><p>Es steht Ihnen frei, die Apps zu Ihrer Website hinzuzuf\u00fcgen. Gehen Sie einfach zum Administratorbereich und f\u00fchren Sie die folgenden Aktionen aus: <\/p><ol><li>Designeinstellungen ausw\u00e4hlen; <\/li><li>W\u00e4hlen Sie den Teil aus, in den Sie die App integrieren m\u00f6chten. <\/li><li>F\u00fcgen Sie den Code vom Elfsight Apps-Dienst hinzu und speichern Sie die Anpassungen. <\/li><p>So einfach ist das.<\/p><\/div>\r\n\t\t\t\t\t<\/div>\r\n\t\t\t\t<\/div><div class=\"faq-item\">\r\n\t\t\t\t\t<div class=\"faq-item-question\">\r\n\t\t\t\t\t\t<h3 class=\"faq-item-question-text\">Welche Shopify-Versionen und -Vorlagen k\u00f6nnen mit der App kompatibel sein?<\/h3>\r\n\r\n\t\t\t\t\t\t<div class=\"faq-item-question-icon\"><\/div>\r\n\t\t\t\t\t<\/div>\r\n\r\n\t\t\t\t\t<div class=\"faq-item-answer\">\r\n\t\t\t\t\t\t<div class=\"faq-item-answer-text\">Elfsight-Apps unterst\u00fctzen alle Optionsvorlagen der Shopify-Website. Wir sorgen stets f\u00fcr eine hohe Effizienz der Werkzeuge. <\/div>\r\n\t\t\t\t\t<\/div>\r\n\t\t\t\t<\/div><div class=\"faq-item\">\r\n\t\t\t\t\t<div class=\"faq-item-question\">\r\n\t\t\t\t\t\t<h3 class=\"faq-item-question-text\">Wo kann ich einige \u00c4nderungen in den Einstellungen integrierter Apps vornehmen? <\/h3>\r\n\r\n\t\t\t\t\t\t<div class=\"faq-item-question-icon\"><\/div>\r\n\t\t\t\t\t<\/div>\r\n\r\n\t\t\t\t\t<div class=\"faq-item-answer\">\r\n\t\t\t\t\t\t<div class=\"faq-item-answer-text\">Sie k\u00f6nnen alle notwendigen \u00c4nderungen der Widget-Funktionen im einfach zu verwaltenden Elfsight vornehmen Administrationsmen\u00fc. <\/div>\r\n\t\t\t\t\t<\/div>\r\n\t\t\t\t<\/div><div class=\"faq-item\">\r\n\t\t\t\t\t<div class=\"faq-item-question\">\r\n\t\t\t\t\t\t<h3 class=\"faq-item-question-text\">K\u00f6nnte ich mit Support-Spezialisten sprechen, falls ich nur Hilfe bei den Einstellungen ben\u00f6tige? <\/h3>\r\n\r\n\t\t\t\t\t\t<div class=\"faq-item-question-icon\"><\/div>\r\n\t\t\t\t\t<\/div>\r\n\r\n\t\t\t\t\t<div class=\"faq-item-answer\">\r\n\t\t\t\t\t\t<div class=\"faq-item-answer-text\">Allen Kunden steht es frei, eine E-Mail an unsere kompetenten Support-Spezialisten zu senden, um eine Frage zur Arbeit von zu stellen L\u00f6sungen.<\/div>\r\n\t\t\t\t\t<\/div>\r\n\t\t\t\t<\/div><\/div><p><\/p>","protected":false},"excerpt":{"rendered":"Die besten Elfsight-Apps f\u00fcr alle Anspr\u00fcche Ihrer Shopify-Website Seit mehreren Jahren entwickelt unser Elfsight-Spezialistenteam einfache Designs -benutzbare und reaktionsf\u00e4hige Plugins f\u00fcr Ihre Website. Wir bieten Ihnen stets einen zeitnahen Supportservice und eine hohe Auslastungsrate. Unser Service hilft vielen Online-Handels-, Bildungs- und anderen Website-Besitzern in verschiedenen Teilen der Welt dabei, die&#8230;","protected":false},"author":9,"featured_media":0,"parent":0,"menu_order":0,"comment_status":"closed","ping_status":"closed","template":"templates\/template-platform.php","meta":{"publish_to_discourse":"","publish_post_category":"","wpdc_auto_publish_overridden":"","wpdc_topic_tags":"","wpdc_pin_topic":"","wpdc_pin_until":"","discourse_post_id":"","discourse_permalink":"","wpdc_publishing_response":"","wpdc_publishing_error":"","footnotes":""},"class_list":["post-22315","page","type-page","status-publish","hentry"],"yoast_head":"<!-- This site is optimized with the Yoast SEO plugin v25.3.1 - https:\/\/yoast.com\/wordpress\/plugins\/seo\/ -->\n<title>\u00dcber 70 der besten kostenlosen Shopify-Apps und Plugins f\u00fcr Ihre Website [2025]<\/title>\n<meta name=\"description\" content=\"Kostenlose Auswahl an zuverl\u00e4ssigen kostenlosen Apps und Plugins speziell f\u00fcr Shopify-Websites. Hilfe bei der Anpassung und einer breiten Funktionalit\u00e4t.\" \/>\n<meta name=\"robots\" content=\"index, follow, max-snippet:-1, max-image-preview:large, max-video-preview:-1\" \/>\n<link rel=\"canonical\" href=\"https:\/\/elfsight.com\/de\/shopify-apps\/\" \/>\n<meta property=\"og:locale\" content=\"de_DE\" \/>\n<meta property=\"og:type\" content=\"article\" \/>\n<meta property=\"og:title\" content=\"\u00dcber 70 der besten kostenlosen Shopify-Apps und Plugins f\u00fcr Ihre Website [2025]\" \/>\n<meta property=\"og:description\" content=\"Kostenlose Auswahl an zuverl\u00e4ssigen kostenlosen Apps und Plugins speziell f\u00fcr Shopify-Websites. Hilfe bei der Anpassung und einer breiten Funktionalit\u00e4t.\" \/>\n<meta property=\"og:url\" content=\"https:\/\/elfsight.com\/de\/shopify-apps\/\" \/>\n<meta property=\"og:site_name\" content=\"Elfsight DE\" \/>\n<meta property=\"article:modified_time\" content=\"2024-07-08T12:44:55+00:00\" \/>\n<meta property=\"og:image\" content=\"https:\/\/elfsight.com\/wp-content\/uploads\/2020\/08\/platform-image-shopify.jpg\" \/>\n<meta name=\"twitter:card\" content=\"summary_large_image\" \/>\n<meta name=\"twitter:label1\" content=\"Gesch\u00e4tzte Lesezeit\" \/>\n\t<meta name=\"twitter:data1\" content=\"3\u00a0Minuten\" \/>\n<!-- \/ Yoast SEO plugin. -->","yoast_head_json":{"title":"\u00dcber 70 der besten kostenlosen Shopify-Apps und Plugins f\u00fcr Ihre Website [2025]","description":"Kostenlose Auswahl an zuverl\u00e4ssigen kostenlosen Apps und Plugins speziell f\u00fcr Shopify-Websites. Hilfe bei der Anpassung und einer breiten Funktionalit\u00e4t.","robots":{"index":"index","follow":"follow","max-snippet":"max-snippet:-1","max-image-preview":"max-image-preview:large","max-video-preview":"max-video-preview:-1"},"canonical":"https:\/\/elfsight.com\/de\/shopify-apps\/","og_locale":"de_DE","og_type":"article","og_title":"\u00dcber 70 der besten kostenlosen Shopify-Apps und Plugins f\u00fcr Ihre Website [2025]","og_description":"Kostenlose Auswahl an zuverl\u00e4ssigen kostenlosen Apps und Plugins speziell f\u00fcr Shopify-Websites. Hilfe bei der Anpassung und einer breiten Funktionalit\u00e4t.","og_url":"https:\/\/elfsight.com\/de\/shopify-apps\/","og_site_name":"Elfsight DE","article_modified_time":"2024-07-08T12:44:55+00:00","og_image":[{"url":"https:\/\/elfsight.com\/wp-content\/uploads\/2020\/08\/platform-image-shopify.jpg","type":"","width":"","height":""}],"twitter_card":"summary_large_image","twitter_misc":{"Gesch\u00e4tzte Lesezeit":"3\u00a0Minuten"},"schema":{"@context":"https:\/\/schema.org","@graph":[{"@type":"WebPage","@id":"https:\/\/elfsight.com\/de\/shopify-apps\/","url":"https:\/\/elfsight.com\/de\/shopify-apps\/","name":"\u00dcber 70 der besten kostenlosen Shopify-Apps und Plugins f\u00fcr Ihre Website [2025]","isPartOf":{"@id":"https:\/\/elfsight.com\/de\/#website"},"primaryImageOfPage":{"@id":"https:\/\/elfsight.com\/de\/shopify-apps\/#primaryimage"},"image":{"@id":"https:\/\/elfsight.com\/de\/shopify-apps\/#primaryimage"},"thumbnailUrl":"https:\/\/elfsight.com\/wp-content\/uploads\/2020\/08\/platform-image-shopify.jpg","datePublished":"2024-06-22T13:00:17+00:00","dateModified":"2024-07-08T12:44:55+00:00","description":"Kostenlose Auswahl an zuverl\u00e4ssigen kostenlosen Apps und Plugins speziell f\u00fcr Shopify-Websites. Hilfe bei der Anpassung und einer breiten Funktionalit\u00e4t.","breadcrumb":{"@id":"https:\/\/elfsight.com\/de\/shopify-apps\/#breadcrumb"},"inLanguage":"de","potentialAction":[{"@type":"ReadAction","target":["https:\/\/elfsight.com\/de\/shopify-apps\/"]}]},{"@type":"ImageObject","inLanguage":"de","@id":"https:\/\/elfsight.com\/de\/shopify-apps\/#primaryimage","url":"https:\/\/elfsight.com\/wp-content\/uploads\/2020\/08\/platform-image-shopify.jpg","contentUrl":"https:\/\/elfsight.com\/wp-content\/uploads\/2020\/08\/platform-image-shopify.jpg"},{"@type":"BreadcrumbList","@id":"https:\/\/elfsight.com\/de\/shopify-apps\/#breadcrumb","itemListElement":[{"@type":"ListItem","position":1,"name":"Home","item":"https:\/\/elfsight.com\/de\/"},{"@type":"ListItem","position":2,"name":"Shopify apps"}]},{"@type":"WebSite","@id":"https:\/\/elfsight.com\/de\/#website","url":"https:\/\/elfsight.com\/de\/","name":"Elfsight DE","description":"Just another Elfsight Sites site","potentialAction":[{"@type":"SearchAction","target":{"@type":"EntryPoint","urlTemplate":"https:\/\/elfsight.com\/de\/?s={search_term_string}"},"query-input":{"@type":"PropertyValueSpecification","valueRequired":true,"valueName":"search_term_string"}}],"inLanguage":"de"}]}},"meta_box":{"industry":"","seo_heading":"","heading":"","description":"","cta_heading":"","cta_description":"","application":"","h1":"Die besten Shopify-Apps","h1_caption":"Kostenlose Liste gebrauchsfertiger Plugins mit vielf\u00e4ltigen Funktionen zur Steigerung des Benutzerinteresses und zur Abdeckung aller anderen Werbeaufgaben. Sofortige Einrichtung, ein breites Spektrum an Einstellfunktionen und professioneller Service.","application_category":[],"applications_title":"Finden Sie die vollst\u00e4ndige Auswahl an absolut kostenlosen Plugins f\u00fcr Ihre Shopify-Website","applications_request_title":"Sie k\u00f6nnen nicht die richtige App finden?","applications_request_button_text":"Fordern Sie eine App an","hero_text":"","hero_video":"","hero_video_schema_markup":"","selling_points_title":"","selling_points_caption":"","selling_points":[],"selling_points_cta_text":"","features_title":"","features":"","ed_cta_examples_text":"","ed_cta_examples_hidden":"","ed_cta_demo_text":"","ed_cta_demo_hidden":"","why_caption":"","why_editor_title":"","why_editor_text":"","why_team_title":"","why_team_text":"","why_service_title":"","why_service_text":"","template_catalog_visible":"","template_catalog_title":"","template_catalog_text":"","template_catalog_categories_visible":"","demo_title":"","demo_caption":"","default_faq_hidden":"","app_template_category":[],"platform":"253","template_public_id":"","codecanyon_url":"","codecanyon_item_id":"","codecanyon_price":"","pricing_caption":"","pricing_elfsight_apps_hide_column":"","pricing_elfsight_apps_url":"","pricing_codecanyon_price_caption":"","integration_category":[],"integration_request_title":"","integration_request_cta":"","integration_platform":"","integrations":[],"platform_category":[],"video_schema_markup":"","price":"","trial":"","benefits":[],"button_url":"","button_target_blank":"","button_nofollow":"","attributes":[],"tags":[],"tags_disable_links":"","hide_more_platforms":"","video_object":"","demo_hide_cta":"","demo_hide_cloud_options":"","pricing_title":"","pricing":[],"related_apps_title":"","related_apps_hidden":"","author":"","image":[],"title":"","job":"","social_networks":[]},"_links":{"self":[{"href":"https:\/\/elfsight.com\/de\/wp-json\/wp\/v2\/pages\/22315","targetHints":{"allow":["GET"]}}],"collection":[{"href":"https:\/\/elfsight.com\/de\/wp-json\/wp\/v2\/pages"}],"about":[{"href":"https:\/\/elfsight.com\/de\/wp-json\/wp\/v2\/types\/page"}],"author":[{"embeddable":true,"href":"https:\/\/elfsight.com\/de\/wp-json\/wp\/v2\/users\/9"}],"replies":[{"embeddable":true,"href":"https:\/\/elfsight.com\/de\/wp-json\/wp\/v2\/comments?post=22315"}],"version-history":[{"count":2,"href":"https:\/\/elfsight.com\/de\/wp-json\/wp\/v2\/pages\/22315\/revisions"}],"predecessor-version":[{"id":22320,"href":"https:\/\/elfsight.com\/de\/wp-json\/wp\/v2\/pages\/22315\/revisions\/22320"}],"wp:attachment":[{"href":"https:\/\/elfsight.com\/de\/wp-json\/wp\/v2\/media?parent=22315"}],"curies":[{"name":"wp","href":"https:\/\/api.w.org\/{rel}","templated":true}]}}