{"id":22314,"date":"2024-06-21T13:00:17","date_gmt":"2024-06-21T13:00:17","guid":{"rendered":"https:\/\/elfsight.com\/de\/?page_id=22314"},"modified":"2025-05-13T10:04:36","modified_gmt":"2025-05-13T10:04:36","slug":"wix-apps","status":"publish","type":"page","link":"https:\/\/elfsight.com\/de\/wix-apps\/","title":{"rendered":"Wix apps"},"content":{"rendered":"<h2>Die besten Apps f\u00fcr jeden Wix-Store<\/h2><figure class=\"browser-frame\"><img decoding=\"async\" src=\"https:\/\/elfsight.com\/wp-content\/uploads\/2020\/08\/platform-image-wix.jpg\" alt=\"die besten kostenlosen Wix-Apps f\u00fcr Ihre Website\"><\/figure><p>Seit 7 Jahren produziert Elfsight die effektivsten Premium-Apps f\u00fcr Wix. Unsere Widgets helfen Ihnen, die Anzahl der Leads zu erh\u00f6hen, Ihre Website mit sozialen Netzwerken zu verkn\u00fcpfen oder verschiedene andere Probleme zu l\u00f6sen, die bei den meisten Unternehmenswebsites auftreten.<\/p><p>Wir bieten verschiedene Tarife an: von kostenlos bis Premium . Unser Ziel ist es, Ihrem E-Commerce die M\u00f6glichkeit zu geben, sich gemeinsam mit unserem Team zu verbessern und einen unglaublichen Pitch zu erreichen.<\/p><h2>Was macht Elfsight Wix-Widgets zu einem der besten?<\/h2><p>Um zu erkennen, dass unser Widgets werden Ihnen in der Tat Freude bereiten. Wir haben eine Reihe von Vorteilen zusammengestellt, die sie zu Spitzenpl\u00e4tzen unter der Konkurrenz machen:<\/p><ul><li>Kostenlose Hilfe bei der Installation;<\/li><li>Vollst\u00e4ndige Reaktionsf\u00e4higkeit auf alle Aufl\u00f6sungen;<\/li><li>Keine Programmierkenntnisse erforderlich;<\/li><li>Verschiedene benutzerdefinierte Parameter der Schnittstelle;<\/li><li>Intuitive Benutzeroberfl\u00e4che;<\/li><li>Cloud-L\u00f6sung f\u00fcr perfekte Ladegeschwindigkeit;<\/li><li>Regelm\u00e4\u00dfige automatische Updates;<\/li><li>Kompetente Hilfe bei allen Fragen.<\/li><\/ul><p>\u00dcberpr\u00fcfen Sie alle Vorteile der Elfsight-Apps \u00fcber die kostenlose Variante oder kaufen Sie die gesuchtes Widget mit 20 % Rabatt.<\/p><h2>So installieren Sie die kostenlose App auf der Wix-Website<\/h2><div class=\"video-container\"><iframe width=\"720\" height=\"405\" src=\"https:\/\/www.youtube.com\/embed\/ORzSYTxhb7k\"><\/iframe><\/div><p>Auf der Widget-Seite k\u00f6nnen Sie maximale Informationen zu den Einstellungen einer bestimmten App sehen. <\/p><ol><li>Gehen Sie zum gew\u00fcnschten Widget und konfigurieren Sie es im Editor.<\/li><li>F\u00fcgen Sie App-Code in die Site ein (in den HTML-Code der Seite oder des Layouts: Seitenleiste, Fu\u00dfzeile, usw.).<\/li><li>Die Installation wurde erfolgreich abgeschlossen!<\/li><\/ol><p>Suchen Sie nach kostenloser Hilfe bei der Anpassung Ihrer Wix-App? Konnte die Integration nicht durchgef\u00fchrt werden? Bitte schreiben Sie an unseren Kundensupport, und wir werden gerne Ihre Probleme l\u00f6sen.<\/br><div class=\"faq\" data-component=\"FAQ\"><div class=\"faq-item\">\r\n\t\t\t\t\t<div class=\"faq-item-question\">\r\n\t\t\t\t\t\t<h3 class=\"faq-item-question-text\">1. Auf welche Weise f\u00fcge ich die Apps in mein Wix ein? template?<\/h3>\r\n\r\n\t\t\t\t\t\t<div class=\"faq-item-question-icon\"><\/div>\r\n\t\t\t\t\t<\/div>\r\n\r\n\t\t\t\t\t<div class=\"faq-item-answer\">\r\n\t\t\t\t\t\t<div class=\"faq-item-answer-text\"><\/p><p>Es steht Ihnen frei, die Apps in Ihr Website-Theme einzuf\u00fcgen. \u00d6ffnen Sie einfach das Administrator-Panel und befolgen Sie diese Schritte:<\/p><ol><li style=\"list-style-type: none\"><ol><li>Gehen Sie zu den Designeinstellungen;<\/li><li>Ausw\u00e4hlen der Teil, in den Sie die App einbetten m\u00fcssen;<\/li><li>F\u00fcgen Sie den Code vom Elfsight Apps-Dienst ein und \u00fcbernehmen Sie Ihre \u00c4nderungen.<\/li><\/ol><\/li><\/ol><p>Fertig .<\/p><p><\/div>\r\n\t\t\t\t\t<\/div>\r\n\t\t\t\t<\/div><div class=\"faq-item\">\r\n\t\t\t\t\t<div class=\"faq-item-question\">\r\n\t\t\t\t\t\t<h3 class=\"faq-item-question-text\">2. Welche Versionen und Themes von Wix k\u00f6nnen in die App integriert werden?<\/h3>\r\n\r\n\t\t\t\t\t\t<div class=\"faq-item-question-icon\"><\/div>\r\n\t\t\t\t\t<\/div>\r\n\r\n\t\t\t\t\t<div class=\"faq-item-answer\">\r\n\t\t\t\t\t\t<div class=\"faq-item-answer-text\"><p>Elfsight-Apps sind mit allen Theme-Versionen der Wix-Website anpassbar. Wir achten stets auf die dauerhafte Leistungsf\u00e4higkeit der L\u00f6sungen.<\/div>\r\n\t\t\t\t\t<\/div>\r\n\t\t\t\t<\/div><div class=\"faq-item\">\r\n\t\t\t\t\t<div class=\"faq-item-question\">\r\n\t\t\t\t\t\t<h3 class=\"faq-item-question-text\">3. Wo kann ich alle Infos zu den Apps sehen?<\/h3>\r\n\r\n\t\t\t\t\t\t<div class=\"faq-item-question-icon\"><\/div>\r\n\t\t\t\t\t<\/div>\r\n\r\n\t\t\t\t\t<div class=\"faq-item-answer\">\r\n\t\t\t\t\t\t<div class=\"faq-item-answer-text\"><p> Alle Elfsight-Kunden bringen die gew\u00fcnschten \u00c4nderungen der Widget-Optionen im Initiative-Editor.<br \/><\/div>\r\n\t\t\t\t\t<\/div>\r\n\t\t\t\t<\/div><p><div class=\"faq-item\">\r\n\t\t\t\t\t<div class=\"faq-item-question\">\r\n\t\t\t\t\t\t<h3 class=\"faq-item-question-text\">4. Kann ich das Elfsight-Hilfecenter kontaktieren, wenn ich Zeit habe? planen?<\/h3>\r\n\r\n\t\t\t\t\t\t<div class=\"faq-item-question-icon\"><\/div>\r\n\t\t\t\t\t<\/div>\r\n\r\n\t\t\t\t\t<div class=\"faq-item-answer\">\r\n\t\t\t\t\t\t<div class=\"faq-item-answer-text\"><p>Allen Kunden steht es frei, den professionellen Elfsight-Spezialisten eine Nachricht zu senden, um eine Frage zur Verwendung der L\u00f6sungen einzureichen.<br \/><\/div>\r\n\t\t\t\t\t<\/div>\r\n\t\t\t\t<\/div><\/div><!-- \/wp:html - &gt; \/wp:html -->","protected":false},"excerpt":{"rendered":"Die besten Apps f\u00fcr jeden Wix-StoreSeit 7 Jahren produziert Elfsight die effektivsten Premium-Apps f\u00fcr Wix. Unsere Widgets helfen Ihnen, die Anzahl der Leads zu erh\u00f6hen, Ihre Website mit sozialen Netzwerken zu verkn\u00fcpfen oder verschiedene andere Probleme zu l\u00f6sen, die bei den meisten Unternehmenswebsites auftreten.Wir bieten verschiedene Tarife an: von kostenlos&#8230;","protected":false},"author":9,"featured_media":0,"parent":0,"menu_order":0,"comment_status":"closed","ping_status":"closed","template":"templates\/template-platform.php","meta":{"publish_to_discourse":"","publish_post_category":"","wpdc_auto_publish_overridden":"","wpdc_topic_tags":"","wpdc_pin_topic":"","wpdc_pin_until":"","discourse_post_id":"","discourse_permalink":"","wpdc_publishing_response":"","wpdc_publishing_error":"","footnotes":""},"class_list":["post-22314","page","type-page","status-publish","hentry"],"yoast_head":"<!-- This site is optimized with the Yoast SEO plugin v25.3.1 - https:\/\/yoast.com\/wordpress\/plugins\/seo\/ -->\n<title>70+ beste kostenlose Wix-Apps f\u00fcr Ihre Website | Online-Shop [2025]<\/title>\n<meta name=\"description\" content=\"Ein Premium-Store mit den besten kostenlosen und Premium-Apps f\u00fcr Wix-Websites. Unterst\u00fctzung bei der Anzeige, kompatibel mit allen Versionen und Widget-Einstellungen.\" \/>\n<meta name=\"robots\" content=\"index, follow, max-snippet:-1, max-image-preview:large, max-video-preview:-1\" \/>\n<link rel=\"canonical\" href=\"https:\/\/elfsight.com\/de\/wix-apps\/\" \/>\n<meta property=\"og:locale\" content=\"de_DE\" \/>\n<meta property=\"og:type\" content=\"article\" \/>\n<meta property=\"og:title\" content=\"70+ beste kostenlose Wix-Apps f\u00fcr Ihre Website | Online-Shop [2025]\" \/>\n<meta property=\"og:description\" content=\"Ein Premium-Store mit den besten kostenlosen und Premium-Apps f\u00fcr Wix-Websites. Unterst\u00fctzung bei der Anzeige, kompatibel mit allen Versionen und Widget-Einstellungen.\" \/>\n<meta property=\"og:url\" content=\"https:\/\/elfsight.com\/de\/wix-apps\/\" \/>\n<meta property=\"og:site_name\" content=\"Elfsight DE\" \/>\n<meta property=\"article:modified_time\" content=\"2025-05-13T10:04:36+00:00\" \/>\n<meta property=\"og:image\" content=\"https:\/\/elfsight.com\/wp-content\/uploads\/2020\/08\/platform-image-wix.jpg\" \/>\n<meta name=\"twitter:card\" content=\"summary_large_image\" \/>\n<meta name=\"twitter:label1\" content=\"Gesch\u00e4tzte Lesezeit\" \/>\n\t<meta name=\"twitter:data1\" content=\"3\u00a0Minuten\" \/>\n<!-- \/ Yoast SEO plugin. -->","yoast_head_json":{"title":"70+ beste kostenlose Wix-Apps f\u00fcr Ihre Website | Online-Shop [2025]","description":"Ein Premium-Store mit den besten kostenlosen und Premium-Apps f\u00fcr Wix-Websites. Unterst\u00fctzung bei der Anzeige, kompatibel mit allen Versionen und Widget-Einstellungen.","robots":{"index":"index","follow":"follow","max-snippet":"max-snippet:-1","max-image-preview":"max-image-preview:large","max-video-preview":"max-video-preview:-1"},"canonical":"https:\/\/elfsight.com\/de\/wix-apps\/","og_locale":"de_DE","og_type":"article","og_title":"70+ beste kostenlose Wix-Apps f\u00fcr Ihre Website | Online-Shop [2025]","og_description":"Ein Premium-Store mit den besten kostenlosen und Premium-Apps f\u00fcr Wix-Websites. Unterst\u00fctzung bei der Anzeige, kompatibel mit allen Versionen und Widget-Einstellungen.","og_url":"https:\/\/elfsight.com\/de\/wix-apps\/","og_site_name":"Elfsight DE","article_modified_time":"2025-05-13T10:04:36+00:00","og_image":[{"url":"https:\/\/elfsight.com\/wp-content\/uploads\/2020\/08\/platform-image-wix.jpg","type":"","width":"","height":""}],"twitter_card":"summary_large_image","twitter_misc":{"Gesch\u00e4tzte Lesezeit":"3\u00a0Minuten"},"schema":{"@context":"https:\/\/schema.org","@graph":[{"@type":"WebPage","@id":"https:\/\/elfsight.com\/de\/wix-apps\/","url":"https:\/\/elfsight.com\/de\/wix-apps\/","name":"70+ beste kostenlose Wix-Apps f\u00fcr Ihre Website | Online-Shop [2025]","isPartOf":{"@id":"https:\/\/elfsight.com\/de\/#website"},"primaryImageOfPage":{"@id":"https:\/\/elfsight.com\/de\/wix-apps\/#primaryimage"},"image":{"@id":"https:\/\/elfsight.com\/de\/wix-apps\/#primaryimage"},"thumbnailUrl":"https:\/\/elfsight.com\/wp-content\/uploads\/2020\/08\/platform-image-wix.jpg","datePublished":"2024-06-21T13:00:17+00:00","dateModified":"2025-05-13T10:04:36+00:00","description":"Ein Premium-Store mit den besten kostenlosen und Premium-Apps f\u00fcr Wix-Websites. Unterst\u00fctzung bei der Anzeige, kompatibel mit allen Versionen und Widget-Einstellungen.","breadcrumb":{"@id":"https:\/\/elfsight.com\/de\/wix-apps\/#breadcrumb"},"inLanguage":"de","potentialAction":[{"@type":"ReadAction","target":["https:\/\/elfsight.com\/de\/wix-apps\/"]}]},{"@type":"ImageObject","inLanguage":"de","@id":"https:\/\/elfsight.com\/de\/wix-apps\/#primaryimage","url":"https:\/\/elfsight.com\/wp-content\/uploads\/2020\/08\/platform-image-wix.jpg","contentUrl":"https:\/\/elfsight.com\/wp-content\/uploads\/2020\/08\/platform-image-wix.jpg"},{"@type":"BreadcrumbList","@id":"https:\/\/elfsight.com\/de\/wix-apps\/#breadcrumb","itemListElement":[{"@type":"ListItem","position":1,"name":"Home","item":"https:\/\/elfsight.com\/de\/"},{"@type":"ListItem","position":2,"name":"Wix apps"}]},{"@type":"WebSite","@id":"https:\/\/elfsight.com\/de\/#website","url":"https:\/\/elfsight.com\/de\/","name":"Elfsight DE","description":"Just another Elfsight Sites site","potentialAction":[{"@type":"SearchAction","target":{"@type":"EntryPoint","urlTemplate":"https:\/\/elfsight.com\/de\/?s={search_term_string}"},"query-input":{"@type":"PropertyValueSpecification","valueRequired":true,"valueName":"search_term_string"}}],"inLanguage":"de"}]}},"meta_box":{"industry":"","seo_heading":"","heading":"","description":"","cta_heading":"","cta_description":"","application":"","h1":"Die besten Wix-Apps","h1_caption":"Ein umfassender Store an kostenlosen Apps mit leistungsstarken M\u00f6glichkeiten f\u00fcr h\u00f6here Conversions und Beteiligung auf Ihrer Website. Schnelles Hinzuf\u00fcgen, vollst\u00e4ndige Optimierung und hilfreicher Support.","application_category":[],"applications_title":"Testen Sie die Liste der besten kostenlosen Wix-Apps","applications_request_title":"Sie k\u00f6nnen nicht die richtige App finden?","applications_request_button_text":"Fordern Sie eine App an","hero_text":"","hero_video":"","hero_video_schema_markup":"","selling_points_title":"","selling_points_caption":"","selling_points":[],"selling_points_cta_text":"","features_title":"","features":"","ed_cta_examples_text":"","ed_cta_examples_hidden":"","ed_cta_demo_text":"","ed_cta_demo_hidden":"","why_caption":"","why_editor_title":"","why_editor_text":"","why_team_title":"","why_team_text":"","why_service_title":"","why_service_text":"","template_catalog_visible":"","template_catalog_title":"","template_catalog_text":"","template_catalog_categories_visible":"","demo_title":"","demo_caption":"","default_faq_hidden":"","app_template_category":[],"platform":"265","template_public_id":"","codecanyon_url":"","codecanyon_item_id":"","codecanyon_price":"","pricing_caption":"","pricing_elfsight_apps_hide_column":"","pricing_elfsight_apps_url":"","pricing_codecanyon_price_caption":"","integration_category":[],"integration_request_title":"","integration_request_cta":"","integration_platform":"","integrations":[],"platform_category":[],"video_schema_markup":"","price":"","trial":"","benefits":[],"button_url":"","button_target_blank":"","button_nofollow":"","attributes":[],"tags":[],"tags_disable_links":"","hide_more_platforms":"","video_object":"","demo_hide_cta":"","demo_hide_cloud_options":"","pricing_title":"","pricing":[],"related_apps_title":"","related_apps_hidden":"","author":"","image":[],"title":"","job":"","social_networks":[]},"_links":{"self":[{"href":"https:\/\/elfsight.com\/de\/wp-json\/wp\/v2\/pages\/22314","targetHints":{"allow":["GET"]}}],"collection":[{"href":"https:\/\/elfsight.com\/de\/wp-json\/wp\/v2\/pages"}],"about":[{"href":"https:\/\/elfsight.com\/de\/wp-json\/wp\/v2\/types\/page"}],"author":[{"embeddable":true,"href":"https:\/\/elfsight.com\/de\/wp-json\/wp\/v2\/users\/9"}],"replies":[{"embeddable":true,"href":"https:\/\/elfsight.com\/de\/wp-json\/wp\/v2\/comments?post=22314"}],"version-history":[{"count":2,"href":"https:\/\/elfsight.com\/de\/wp-json\/wp\/v2\/pages\/22314\/revisions"}],"predecessor-version":[{"id":25096,"href":"https:\/\/elfsight.com\/de\/wp-json\/wp\/v2\/pages\/22314\/revisions\/25096"}],"wp:attachment":[{"href":"https:\/\/elfsight.com\/de\/wp-json\/wp\/v2\/media?parent=22314"}],"curies":[{"name":"wp","href":"https:\/\/api.w.org\/{rel}","templated":true}]}}