{"id":22309,"date":"2024-06-20T13:00:17","date_gmt":"2024-06-20T13:00:17","guid":{"rendered":"https:\/\/elfsight.com\/de\/?page_id=22309"},"modified":"2025-07-08T10:53:57","modified_gmt":"2025-07-08T10:53:57","slug":"joomla-extensions","status":"publish","type":"page","link":"https:\/\/elfsight.com\/de\/joomla-extensions\/","title":{"rendered":"Joomla extensions"},"content":{"rendered":"<h2>Die beeindruckenden Elfsight-Erweiterungen zum Upgrade Ihrer Joomla-Website<\/h2><figure class=\"browser-frame\"><img decoding=\"async\" alt=\"die besten kostenlosen Joomla-Erweiterungen f\u00fcr Ihre Website\" src=\"https:\/\/elfsight.com\/wp-content\/uploads\/2020\/08\/platform-image-joomla.jpg\"><\/figure><p>Seit neun Jahren erfinden Elfsight-Entwickler einfache und mobilfreundliche Plugins f\u00fcr dein Gesch\u00e4ft. Wet garantiert Ihnen stets eine professionelle Hilfe und eine schnelle Ladegeschwindigkeit. Diese Tools werden von vielen Online-Shops, Bildungs- und vielen anderen Websitebesitzern auf der ganzen Welt verwendet, um die Hauptaufgaben der Website rationaler zu bew\u00e4ltigen. <\/p><p>Allein durch die Implementierung von Erweiterungen auf Ihrer Website haben Sie die M\u00f6glichkeit, die Verkaufsrate zu steigern, Ihre Angebote positiv hervorzuheben und das Vertrauen in Ihr Unternehmen zu st\u00e4rken. Unsere Pl\u00e4ne variieren von kostenlos bis Premium. Versuchen Sie, mithilfe unserer interaktiven Demo alle gew\u00fcnschten Plugins hinzuzuf\u00fcgen und finden Sie heraus, inwieweit diese im Hinblick auf die Optimierung Ihrer Service-Website anwendbar sind. <\/p><h2> Warum geh\u00f6ren unsere Joomla-Erweiterungen zu den besten Tools? <\/h2><p>Sehen Sie sich eine Liste der wichtigen Vorteile unserer Plugins an, die uns garantieren, dass wir effektiver sind als andere Unternehmensl\u00f6sungen: <\/p><ul><li>Kostenlose und schnelle Unterst\u00fctzung bei der Implementierung oder dem Anpassungsprozess; <\/li><li>Automatische Anpassung an alle Website-Aufl\u00f6sungen; <\/li><li>Es ist nicht notwendig, ein Entwicklerteam zu haben. <\/li><li>Ein gro\u00dfer Umfang an Personalisierungseinstellungen; <\/li><li>Mit Cloud-L\u00f6sungen k\u00f6nnen Sie die Geschwindigkeit Ihrer Website steigern. <\/li><li>Alle zuk\u00fcnftigen Updates sind kostenlos und erscheinen regelm\u00e4\u00dfig; <\/li><li> Auswahl an erschwinglichen Preispl\u00e4nen; <\/li><li> St\u00e4ndige Hilfe bei Problemen aller Benutzer. <\/li><\/ul><p> Abonnieren Sie den kostenlosen Lite-Plan unserer Erweiterungen und profitieren Sie von dessen Potenzial oder holen Sie sich jedes gew\u00fcnschte Tool mit 20 % Rabatt. <p><div class=\"faq\" data-component=\"FAQ\"><div class=\"faq-item\">\r\n\t\t\t\t\t<div class=\"faq-item-question\">\r\n\t\t\t\t\t\t<h3 class=\"faq-item-question-text\">Wie kann ich die Erweiterung in mein Joomla-Theme hinzuf\u00fcgen? <\/h3>\r\n\r\n\t\t\t\t\t\t<div class=\"faq-item-question-icon\"><\/div>\r\n\t\t\t\t\t<\/div>\r\n\r\n\t\t\t\t\t<div class=\"faq-item-answer\">\r\n\t\t\t\t\t\t<div class=\"faq-item-answer-text\"><p>Es steht Ihnen frei, die Erweiterung in Ihre Website-Vorlage einzuf\u00fcgen. Gehen Sie einfach zum Admin-Bereich und f\u00fchren Sie die folgenden Aktionen aus: <\/p><ol><li>Gehen Sie zu den Designeinstellungen; <\/li><li>Suchen Sie den Block, in den Sie die Erweiterung einf\u00fcgen m\u00f6chten. <\/li><li>Betten Sie den Code aus den Elfsight Apps ein und speichern Sie Ihre \u00c4nderungen. <\/li><p>Du bist fertig. <\/p><\/div>\r\n\t\t\t\t\t<\/div>\r\n\t\t\t\t<\/div><div class=\"faq-item\">\r\n\t\t\t\t\t<div class=\"faq-item-question\">\r\n\t\t\t\t\t\t<h3 class=\"faq-item-question-text\">Welche der Joomla-Versionen und -Vorlagen k\u00f6nnen mit der Erweiterung kompatibel sein? <\/h3>\r\n\r\n\t\t\t\t\t\t<div class=\"faq-item-question-icon\"><\/div>\r\n\t\t\t\t\t<\/div>\r\n\r\n\t\t\t\t\t<div class=\"faq-item-answer\">\r\n\t\t\t\t\t\t<div class=\"faq-item-answer-text\">Unsere Erweiterungen k\u00f6nnen in alle Optionsthemen der Joomla-Website integriert werden. Wir stellen stets sicher, dass alle L\u00f6sungen zuverl\u00e4ssig funktionieren. <\/div>\r\n\t\t\t\t\t<\/div>\r\n\t\t\t\t<\/div><div class=\"faq-item\">\r\n\t\t\t\t\t<div class=\"faq-item-question\">\r\n\t\t\t\t\t\t<h3 class=\"faq-item-question-text\">Wo kann ich die Statistiken der Elfsight-Erweiterung \u00fcberpr\u00fcfen? <\/h3>\r\n\r\n\t\t\t\t\t\t<div class=\"faq-item-question-icon\"><\/div>\r\n\t\t\t\t\t<\/div>\r\n\r\n\t\t\t\t\t<div class=\"faq-item-answer\">\r\n\t\t\t\t\t\t<div class=\"faq-item-answer-text\">Sie werden die erforderlichen Anpassungen der Widget-Optionen in unserem Initiative-Admin-Panel vornehmen. <\/div>\r\n\t\t\t\t\t<\/div>\r\n\t\t\t\t<\/div><div class=\"faq-item\">\r\n\t\t\t\t\t<div class=\"faq-item-question\">\r\n\t\t\t\t\t\t<h3 class=\"faq-item-question-text\">Darf ich mich an das Elfsight-Hilfeteam wenden, wenn ich nur bei der Anpassung der Joomla-Erweiterung Hilfe ben\u00f6tige? <\/h3>\r\n\r\n\t\t\t\t\t\t<div class=\"faq-item-question-icon\"><\/div>\r\n\t\t\t\t\t<\/div>\r\n\r\n\t\t\t\t\t<div class=\"faq-item-answer\">\r\n\t\t\t\t\t\t<div class=\"faq-item-answer-text\"><p>Alle Kunden k\u00f6nnen eine Nachricht an das hochqualifizierte Elfsight-Team senden und fragen f\u00fcr einen Tipp zur Verwendung der L\u00f6sungen. <\/div>\r\n\t\t\t\t\t<\/div>\r\n\t\t\t\t<\/div><\/div><h2>So f\u00fcgen Sie die Erweiterungen auf der Joomla-Website hinzu<\/h2><div class=\"video-container\"><iframe width=\"720\" height=\"405\" src=\"https:\/\/www.youtube.com\/embed\/8OBzi2nH0Hw\"><\/iframe><\/div><p>Um unsere Plugins zu implementieren, vervollst\u00e4ndigen Sie alle Punkte aus der einfachen Anleitung: <\/p><ol><li>W\u00e4hlen Sie das passende Plugin aus; <\/li><li> Konfigurieren Sie einige erforderliche Einstellungen nach Bedarf. <\/li><li> Speichern Sie die \u00c4nderungen; <\/li><li> Sehen Sie sich den erhaltenen Code an; <\/li><li>Installieren Sie den Code an der geeigneten Stelle Ihrer Website oder Vorlage; <\/li><li>Fertig! Die Umsetzung der Erweiterung ist nun endlich abgeschlossen. <\/li><\/ol><p>Wenn Sie eine Beratung ben\u00f6tigen, z\u00f6gern Sie bitte nicht, eine Nachricht an unser Support-Center zu senden. Wir helfen Ihnen gerne weiter!<\/p><div class=\"faq\" data-component=\"FAQ\"><div class=\"faq-item\">\r\n\t\t\t\t\t<div class=\"faq-item-question\">\r\n\t\t\t\t\t\t<h3 class=\"faq-item-question-text\">1. Welche Art von Joomla-Optionen k\u00f6nnen von Elfsight-Plugins unterst\u00fctzt werden?<\/h3>\r\n\r\n\t\t\t\t\t\t<div class=\"faq-item-question-icon\"><\/div>\r\n\t\t\t\t\t<\/div>\r\n\r\n\t\t\t\t\t<div class=\"faq-item-answer\">\r\n\t\t\t\t\t\t<div class=\"faq-item-answer-text\"><p>Die Erweiterungen k\u00f6nnen auf allen Versionen von hinzugef\u00fcgt werden Joomla-Website. Wir garantieren eine stabile Darstellung aller unserer Werkzeuge. <\/p><\/div>\r\n\t\t\t\t\t<\/div>\r\n\t\t\t\t<\/div><div class=\"faq-item\">\r\n\t\t\t\t\t<div class=\"faq-item-question\">\r\n\t\t\t\t\t\t<h3 class=\"faq-item-question-text\">2. Wo kann ich einige \u00c4nderungen in den Einstellungen der Elfsight-Erweiterungen vornehmen? <\/h3>\r\n\r\n\t\t\t\t\t\t<div class=\"faq-item-question-icon\"><\/div>\r\n\t\t\t\t\t<\/div>\r\n\r\n\t\t\t\t\t<div class=\"faq-item-answer\">\r\n\t\t\t\t\t\t<div class=\"faq-item-answer-text\"><p> Sie k\u00f6nnen die notwendigen Anpassungen in den Einstellungen mit Hilfe unseres Initiative-Elfsight-Editors vornehmen .<\/p><\/div>\r\n\t\t\t\t\t<\/div>\r\n\t\t\t\t<\/div><div class=\"faq-item\">\r\n\t\t\t\t\t<div class=\"faq-item-question\">\r\n\t\t\t\t\t\t<h3 class=\"faq-item-question-text\">3. Darf ich dem Support Center nur im Falle einiger Erweiterungseinstellungen eine Nachricht senden?<\/h3>\r\n\r\n\t\t\t\t\t\t<div class=\"faq-item-question-icon\"><\/div>\r\n\t\t\t\t\t<\/div>\r\n\r\n\t\t\t\t\t<div class=\"faq-item-answer\">\r\n\t\t\t\t\t\t<div class=\"faq-item-answer-text\"><p>Alle Kunden k\u00f6nnen an unser freundliches Support-Team schreiben und um Hilfe bitten Plugin-Einstellungen oder -Anpassungen. <\/p><\/div>\r\n\t\t\t\t\t<\/div>\r\n\t\t\t\t<\/div><\/div>","protected":false},"excerpt":{"rendered":"Die beeindruckenden Elfsight-Erweiterungen zum Upgrade Ihrer Joomla-WebsiteSeit neun Jahren erfinden Elfsight-Entwickler einfache und mobilfreundliche Plugins f\u00fcr dein Gesch\u00e4ft. Wet garantiert Ihnen stets eine professionelle Hilfe und eine schnelle Ladegeschwindigkeit. Diese Tools werden von vielen Online-Shops, Bildungs- und vielen anderen Websitebesitzern auf der ganzen Welt verwendet, um die Hauptaufgaben der Website&#8230;","protected":false},"author":9,"featured_media":0,"parent":0,"menu_order":0,"comment_status":"closed","ping_status":"closed","template":"templates\/template-platform.php","meta":{"publish_to_discourse":"","publish_post_category":"","wpdc_auto_publish_overridden":"","wpdc_topic_tags":"","wpdc_pin_topic":"","wpdc_pin_until":"","discourse_post_id":"","discourse_permalink":"","wpdc_publishing_response":"","wpdc_publishing_error":"","footnotes":""},"class_list":["post-22309","page","type-page","status-publish","hentry"],"yoast_head":"<!-- This site is optimized with the Yoast SEO plugin v25.3.1 - https:\/\/yoast.com\/wordpress\/plugins\/seo\/ -->\n<title>Liste der \u00fcber 70 besten kostenlosen Joomla-Erweiterungen und Plugins f\u00fcr Ihre Website [2025]<\/title>\n<meta name=\"description\" content=\"Kostenlose Liste zuverl\u00e4ssiger Erweiterungen und Plugins exklusiv f\u00fcr die Joomla-Website. Hilfe bei der Anpassung und umfangreichen Funktionalit\u00e4t.\" \/>\n<meta name=\"robots\" content=\"index, follow, max-snippet:-1, max-image-preview:large, max-video-preview:-1\" \/>\n<link rel=\"canonical\" href=\"https:\/\/elfsight.com\/de\/joomla-extensions\/\" \/>\n<meta property=\"og:locale\" content=\"de_DE\" \/>\n<meta property=\"og:type\" content=\"article\" \/>\n<meta property=\"og:title\" content=\"Liste der \u00fcber 70 besten kostenlosen Joomla-Erweiterungen und Plugins f\u00fcr Ihre Website [2025]\" \/>\n<meta property=\"og:description\" content=\"Kostenlose Liste zuverl\u00e4ssiger Erweiterungen und Plugins exklusiv f\u00fcr die Joomla-Website. Hilfe bei der Anpassung und umfangreichen Funktionalit\u00e4t.\" \/>\n<meta property=\"og:url\" content=\"https:\/\/elfsight.com\/de\/joomla-extensions\/\" \/>\n<meta property=\"og:site_name\" content=\"Elfsight DE\" \/>\n<meta property=\"article:modified_time\" content=\"2025-07-08T10:53:57+00:00\" \/>\n<meta property=\"og:image\" content=\"https:\/\/elfsight.com\/wp-content\/uploads\/2020\/08\/platform-image-joomla.jpg\" \/>\n<meta name=\"twitter:card\" content=\"summary_large_image\" \/>\n<meta name=\"twitter:label1\" content=\"Gesch\u00e4tzte Lesezeit\" \/>\n\t<meta name=\"twitter:data1\" content=\"3\u00a0Minuten\" \/>\n<!-- \/ Yoast SEO plugin. -->","yoast_head_json":{"title":"Liste der \u00fcber 70 besten kostenlosen Joomla-Erweiterungen und Plugins f\u00fcr Ihre Website [2025]","description":"Kostenlose Liste zuverl\u00e4ssiger Erweiterungen und Plugins exklusiv f\u00fcr die Joomla-Website. Hilfe bei der Anpassung und umfangreichen Funktionalit\u00e4t.","robots":{"index":"index","follow":"follow","max-snippet":"max-snippet:-1","max-image-preview":"max-image-preview:large","max-video-preview":"max-video-preview:-1"},"canonical":"https:\/\/elfsight.com\/de\/joomla-extensions\/","og_locale":"de_DE","og_type":"article","og_title":"Liste der \u00fcber 70 besten kostenlosen Joomla-Erweiterungen und Plugins f\u00fcr Ihre Website [2025]","og_description":"Kostenlose Liste zuverl\u00e4ssiger Erweiterungen und Plugins exklusiv f\u00fcr die Joomla-Website. Hilfe bei der Anpassung und umfangreichen Funktionalit\u00e4t.","og_url":"https:\/\/elfsight.com\/de\/joomla-extensions\/","og_site_name":"Elfsight DE","article_modified_time":"2025-07-08T10:53:57+00:00","og_image":[{"url":"https:\/\/elfsight.com\/wp-content\/uploads\/2020\/08\/platform-image-joomla.jpg","type":"","width":"","height":""}],"twitter_card":"summary_large_image","twitter_misc":{"Gesch\u00e4tzte Lesezeit":"3\u00a0Minuten"},"schema":{"@context":"https:\/\/schema.org","@graph":[{"@type":"WebPage","@id":"https:\/\/elfsight.com\/de\/joomla-extensions\/","url":"https:\/\/elfsight.com\/de\/joomla-extensions\/","name":"Liste der \u00fcber 70 besten kostenlosen Joomla-Erweiterungen und Plugins f\u00fcr Ihre Website [2025]","isPartOf":{"@id":"https:\/\/elfsight.com\/de\/#website"},"primaryImageOfPage":{"@id":"https:\/\/elfsight.com\/de\/joomla-extensions\/#primaryimage"},"image":{"@id":"https:\/\/elfsight.com\/de\/joomla-extensions\/#primaryimage"},"thumbnailUrl":"https:\/\/elfsight.com\/wp-content\/uploads\/2020\/08\/platform-image-joomla.jpg","datePublished":"2024-06-20T13:00:17+00:00","dateModified":"2025-07-08T10:53:57+00:00","description":"Kostenlose Liste zuverl\u00e4ssiger Erweiterungen und Plugins exklusiv f\u00fcr die Joomla-Website. Hilfe bei der Anpassung und umfangreichen Funktionalit\u00e4t.","breadcrumb":{"@id":"https:\/\/elfsight.com\/de\/joomla-extensions\/#breadcrumb"},"inLanguage":"de","potentialAction":[{"@type":"ReadAction","target":["https:\/\/elfsight.com\/de\/joomla-extensions\/"]}]},{"@type":"ImageObject","inLanguage":"de","@id":"https:\/\/elfsight.com\/de\/joomla-extensions\/#primaryimage","url":"https:\/\/elfsight.com\/wp-content\/uploads\/2020\/08\/platform-image-joomla.jpg","contentUrl":"https:\/\/elfsight.com\/wp-content\/uploads\/2020\/08\/platform-image-joomla.jpg"},{"@type":"BreadcrumbList","@id":"https:\/\/elfsight.com\/de\/joomla-extensions\/#breadcrumb","itemListElement":[{"@type":"ListItem","position":1,"name":"Home","item":"https:\/\/elfsight.com\/de\/"},{"@type":"ListItem","position":2,"name":"Joomla extensions"}]},{"@type":"WebSite","@id":"https:\/\/elfsight.com\/de\/#website","url":"https:\/\/elfsight.com\/de\/","name":"Elfsight DE","description":"Just another Elfsight Sites site","potentialAction":[{"@type":"SearchAction","target":{"@type":"EntryPoint","urlTemplate":"https:\/\/elfsight.com\/de\/?s={search_term_string}"},"query-input":{"@type":"PropertyValueSpecification","valueRequired":true,"valueName":"search_term_string"}}],"inLanguage":"de"}]}},"meta_box":{"industry":"","seo_heading":"","heading":"","description":"","cta_heading":"","cta_description":"","application":"","h1":"Die besten Joomla-Erweiterungen","h1_caption":"Kostenlose Sammlung hervorragender Plugins mit einer breiten Funktionalit\u00e4t, um die Benutzeraktivit\u00e4t auf Ihrer Website zu steigern und alle wesentlichen Werbegesch\u00e4ftsziele zu erreichen. Reibungslose Installation, gro\u00dfe Auswahl an Einstellm\u00f6glichkeiten und erstklassiger Kundenservice.","application_category":[],"applications_title":"Testen Sie die gro\u00dfe Auswahl an kostenlosen Erweiterungen f\u00fcr Ihre Joomla-Website","applications_request_title":"Sie k\u00f6nnen nicht das richtige Plugin finden?","applications_request_button_text":"Fordern Sie ein Plugin an","hero_text":"","hero_video":"","hero_video_schema_markup":"","selling_points_title":"","selling_points_caption":"","selling_points":[],"selling_points_cta_text":"","features_title":"","features":"","ed_cta_examples_text":"","ed_cta_examples_hidden":"","ed_cta_demo_text":"","ed_cta_demo_hidden":"","why_caption":"","why_editor_title":"","why_editor_text":"","why_team_title":"","why_team_text":"","why_service_title":"","why_service_text":"","template_catalog_visible":"","template_catalog_title":"","template_catalog_text":"","template_catalog_categories_visible":"","demo_title":"","demo_caption":"","default_faq_hidden":"","app_template_category":[],"platform":"259","template_public_id":"","codecanyon_url":"","codecanyon_item_id":"","codecanyon_price":"","pricing_caption":"","pricing_elfsight_apps_hide_column":"","pricing_elfsight_apps_url":"","pricing_codecanyon_price_caption":"","integration_category":[],"integration_request_title":"","integration_request_cta":"","integration_platform":"","integrations":[],"platform_category":[],"video_schema_markup":"","price":"","trial":"","benefits":[],"button_url":"","button_target_blank":"","button_nofollow":"","attributes":[],"tags":[],"tags_disable_links":"","hide_more_platforms":"","video_object":"","demo_hide_cta":"","demo_hide_cloud_options":"","pricing_title":"","pricing":[],"related_apps_title":"","related_apps_hidden":"","author":"","image":[],"title":"","job":"","social_networks":[]},"_links":{"self":[{"href":"https:\/\/elfsight.com\/de\/wp-json\/wp\/v2\/pages\/22309","targetHints":{"allow":["GET"]}}],"collection":[{"href":"https:\/\/elfsight.com\/de\/wp-json\/wp\/v2\/pages"}],"about":[{"href":"https:\/\/elfsight.com\/de\/wp-json\/wp\/v2\/types\/page"}],"author":[{"embeddable":true,"href":"https:\/\/elfsight.com\/de\/wp-json\/wp\/v2\/users\/9"}],"replies":[{"embeddable":true,"href":"https:\/\/elfsight.com\/de\/wp-json\/wp\/v2\/comments?post=22309"}],"version-history":[{"count":2,"href":"https:\/\/elfsight.com\/de\/wp-json\/wp\/v2\/pages\/22309\/revisions"}],"predecessor-version":[{"id":25409,"href":"https:\/\/elfsight.com\/de\/wp-json\/wp\/v2\/pages\/22309\/revisions\/25409"}],"wp:attachment":[{"href":"https:\/\/elfsight.com\/de\/wp-json\/wp\/v2\/media?parent=22309"}],"curies":[{"name":"wp","href":"https:\/\/api.w.org\/{rel}","templated":true}]}}