{"id":22308,"date":"2024-06-19T13:00:17","date_gmt":"2024-06-19T13:00:17","guid":{"rendered":"https:\/\/elfsight.com\/de\/?page_id=22308"},"modified":"2025-07-08T10:34:01","modified_gmt":"2025-07-08T10:34:01","slug":"drupal-modules","status":"publish","type":"page","link":"https:\/\/elfsight.com\/de\/drupal-modules\/","title":{"rendered":"Drupal modules"},"content":{"rendered":"<h2>Die intelligentesten L\u00f6sungen f\u00fcr jede Notwendigkeit Ihrer Drupal-Website <\/h2><figure class=\"browser-frame\"><img decoding=\"async\" alt=\"die besten kostenlosen Drupal-Module f\u00fcr Ihre Website \" src=\"https:\/\/elfsight.com\/wp-content\/uploads\/2020\/08\/platform-image-drupal.jpg\"><\/figure><p>Seit Jahren baut unser Elfsight-Team einfach und flexibel Plugins f\u00fcr Sie. Wir bieten Ihnen stets einen schnellen Hilfeservice und eine stabile Auslastungsrate. Elfsight-Module helfen vielen Gesch\u00e4fts-, Bildungs- und anderen Website-Besitzern in verschiedenen Teilen der Welt dabei, wichtige Website-Aufgaben rationaler zu bew\u00e4ltigen. <\/p><p>Durch die einfache Installation von Modulen auf Ihrer Website haben Sie die M\u00f6glichkeit, die Lead-Rate zu erh\u00f6hen, positive Testimonials zu Ihren Produkten zu demonstrieren und die Loyalit\u00e4t zu Ihrem Unternehmen zu st\u00e4rken. Unsere Abonnementpl\u00e4ne unterscheiden sich von kostenlos bis Premium. Integrieren Sie mithilfe unserer interaktiven Demo schnell alle ausgew\u00e4hlten Plugins in Ihre Website und definieren Sie, wie n\u00fctzlich sie f\u00fcr die Optimierung Ihres Unternehmens sind. <\/p><h2> Was macht unsere Drupal-E-Commerce-Module zu den effizientesten? <\/h2><p>Entdecken Sie eine Plugin-Liste der wichtigsten Vorteile unserer Plugins, die uns helfen, unseren Konkurrenten einen Schritt voraus zu sein: <\/p><ul><li>Kostenlose und schnelle Unterst\u00fctzung bei der Integration oder Anpassung des Plugins; <\/li><li>Automatische Anpassung an alle Bildschirmaufl\u00f6sungen; <\/li><li>Es ist nicht n\u00f6tig, einen Entwickler einzustellen; <\/li><li> Umfangreiche Einstellm\u00f6glichkeiten; <\/li><li>Cloud-Datenspeicherung sorgt f\u00fcr eine bessere Ladegeschwindigkeit; <\/li><li>Alle zuk\u00fcnftigen Updates sind kostenlos und erscheinen regelm\u00e4\u00dfig; <\/li><li> Faire Preispl\u00e4ne; <\/li><li> Professionelle Hilfe bei allen Kundenproblemen. <\/li><\/ul><p>Probieren Sie die kostenlose Version unserer Plugins aus und \u00fcberzeugen Sie sich von deren Potenzial oder kaufen Sie ein ausgew\u00e4hltes Tool mit 20 % Rabatt. <p><h2>So f\u00fcgen Sie Ihre Module auf der Drupal-Website hinzu<\/h2><div class=\"video-container\"><iframe width=\"720\" height=\"405\" src=\"https:\/\/www. youtube.com\/embed\/kftsXxhTTC8\"><\/iframe><\/div><p>Um unsere Plugins hinzuzuf\u00fcgen, sehen Sie sich einfach die klaren Schritte des folgenden Tutorials an: <\/p><ol> <li>Klicken Sie auf die passende L\u00f6sung; <\/li><li> Passen Sie die Modulelemente nach Bedarf an Ihre Bed\u00fcrfnisse an. <\/li><li> \u00dcbernehmen Sie \u201e\u00c4nderungen speichern\u201c; <\/li><li> Holen Sie sich den empfangenen Code; <\/li><li>F\u00fcgen Sie den Code an der passenden Stelle Ihrer Website oder Vorlage ein; <\/li><li>Fertig! Sie haben das Tool vollst\u00e4ndig eingebettet. <\/li><\/ol><p>Wenn Sie Ratschl\u00e4ge zum Hinzuf\u00fcgen oder Bearbeiten der Plugins ben\u00f6tigen, wenden Sie sich einfach an unser Support Center. <\/p><div class=\"faq\" data-component=\"FAQ\"><div class=\"faq-item\">\r\n\t\t\t\t\t<div class=\"faq-item-question\">\r\n\t\t\t\t\t\t<h3 class=\"faq-item-question-text\">Wie f\u00fcge ich die Module in mein Drupal-Theme ein? <\/h3>\r\n\r\n\t\t\t\t\t\t<div class=\"faq-item-question-icon\"><\/div>\r\n\t\t\t\t\t<\/div>\r\n\r\n\t\t\t\t\t<div class=\"faq-item-answer\">\r\n\t\t\t\t\t\t<div class=\"faq-item-answer-text\"><p>Sie k\u00f6nnen die Module in Ihre Website-Vorlage einf\u00fcgen. Gehen Sie einfach zum Admin-Bereich und befolgen Sie diese Schritte: <\/p><ol><li>Gehen Sie zu den Designeinstellungen; <\/li><li>W\u00e4hlen Sie das Element aus, in das Sie das Modul integrieren m\u00f6chten. <\/li><li>F\u00fcgen Sie Ihren Code aus Elfsight Apps ein und \u00fcbernehmen Sie die \u00c4nderungen. <\/li><p>Alles ist erledigt. <\/p><\/div>\r\n\t\t\t\t\t<\/div>\r\n\t\t\t\t<\/div><div class=\"faq-item\">\r\n\t\t\t\t\t<div class=\"faq-item-question\">\r\n\t\t\t\t\t\t<h3 class=\"faq-item-question-text\">Welche Drupal-Versionen und -Vorlagen k\u00f6nnen f\u00fcr das Modul sinnvoll sein? <\/h3>\r\n\r\n\t\t\t\t\t\t<div class=\"faq-item-question-icon\"><\/div>\r\n\t\t\t\t\t<\/div>\r\n\r\n\t\t\t\t\t<div class=\"faq-item-answer\">\r\n\t\t\t\t\t\t<div class=\"faq-item-answer-text\">Unsere Module k\u00f6nnen zu allen Vorlagen der Drupal-Website hinzugef\u00fcgt werden. Wir versichern Ihnen die dauerhafte Leistungsf\u00e4higkeit der L\u00f6sungen. <\/div>\r\n\t\t\t\t\t<\/div>\r\n\t\t\t\t<\/div><div class=\"faq-item\">\r\n\t\t\t\t\t<div class=\"faq-item-question\">\r\n\t\t\t\t\t\t<h3 class=\"faq-item-question-text\">Wo kann ich die Statistiken der Elfsight-Module \u00fcberpr\u00fcfen? <\/h3>\r\n\r\n\t\t\t\t\t\t<div class=\"faq-item-question-icon\"><\/div>\r\n\t\t\t\t\t<\/div>\r\n\r\n\t\t\t\t\t<div class=\"faq-item-answer\">\r\n\t\t\t\t\t\t<div class=\"faq-item-answer-text\">Alle unsere Kunden \u00fcbernehmen alle erforderlichen \u00c4nderungen der Widget-Funktionen in einem praktischen Elfsight-Administrationsbereich.  <\/div>\r\n\t\t\t\t\t<\/div>\r\n\t\t\t\t<\/div><div class=\"faq-item\">\r\n\t\t\t\t\t<div class=\"faq-item-question\">\r\n\t\t\t\t\t\t<h3 class=\"faq-item-question-text\"> Ist es m\u00f6glich, das Hilfezentrum zu kontaktieren, falls ich weitere Informationen \u00fcber den Dienst ben\u00f6tige?<\/h3>\r\n\r\n\t\t\t\t\t\t<div class=\"faq-item-question-icon\"><\/div>\r\n\t\t\t\t\t<\/div>\r\n\r\n\t\t\t\t\t<div class=\"faq-item-answer\">\r\n\t\t\t\t\t\t<div class=\"faq-item-answer-text\">Allen unseren Benutzern steht es frei, eine E-Mail an das hilfreiche Elfsight-Zentrum zu senden, um danach zu fragen Unterst\u00fctzung bei der Leistung unserer L\u00f6sungen.<\/div>\r\n\t\t\t\t\t<\/div>\r\n\t\t\t\t<\/div><\/div><p><\/p><!-- \/wp :Absatz -&gt; \/wp:paragraph -->","protected":false},"excerpt":{"rendered":"Die intelligentesten L\u00f6sungen f\u00fcr jede Notwendigkeit Ihrer Drupal-Website Seit Jahren baut unser Elfsight-Team einfach und flexibel Plugins f\u00fcr Sie. Wir bieten Ihnen stets einen schnellen Hilfeservice und eine stabile Auslastungsrate. Elfsight-Module helfen vielen Gesch\u00e4fts-, Bildungs- und anderen Website-Besitzern in verschiedenen Teilen der Welt dabei, wichtige Website-Aufgaben rationaler zu bew\u00e4ltigen. Durch&#8230;","protected":false},"author":9,"featured_media":0,"parent":0,"menu_order":0,"comment_status":"closed","ping_status":"closed","template":"templates\/template-platform.php","meta":{"publish_to_discourse":"","publish_post_category":"","wpdc_auto_publish_overridden":"","wpdc_topic_tags":"","wpdc_pin_topic":"","wpdc_pin_until":"","discourse_post_id":"","discourse_permalink":"","wpdc_publishing_response":"","wpdc_publishing_error":"","footnotes":""},"class_list":["post-22308","page","type-page","status-publish","hentry"],"yoast_head":"<!-- This site is optimized with the Yoast SEO plugin v25.3.1 - https:\/\/yoast.com\/wordpress\/plugins\/seo\/ -->\n<title>\u00dcber 70 beste Drupal-Module und Widgets f\u00fcr Ihre Website [2026]<\/title>\n<meta name=\"description\" content=\"Kostenloser Katalog mit hervorragenden kostenlosen Modulen und Plugins exklusiv f\u00fcr Drupal-Websites. Hilfe bei der Anpassung und umfangreichen Funktionalit\u00e4t.\" \/>\n<meta name=\"robots\" content=\"index, follow, max-snippet:-1, max-image-preview:large, max-video-preview:-1\" \/>\n<link rel=\"canonical\" href=\"https:\/\/elfsight.com\/de\/drupal-modules\/\" \/>\n<meta property=\"og:locale\" content=\"de_DE\" \/>\n<meta property=\"og:type\" content=\"article\" \/>\n<meta property=\"og:title\" content=\"\u00dcber 70 beste Drupal-Module und Widgets f\u00fcr Ihre Website [2026]\" \/>\n<meta property=\"og:description\" content=\"Kostenloser Katalog mit hervorragenden kostenlosen Modulen und Plugins exklusiv f\u00fcr Drupal-Websites. Hilfe bei der Anpassung und umfangreichen Funktionalit\u00e4t.\" \/>\n<meta property=\"og:url\" content=\"https:\/\/elfsight.com\/de\/drupal-modules\/\" \/>\n<meta property=\"og:site_name\" content=\"Elfsight DE\" \/>\n<meta property=\"article:modified_time\" content=\"2025-07-08T10:34:01+00:00\" \/>\n<meta property=\"og:image\" content=\"https:\/\/elfsight.com\/wp-content\/uploads\/2020\/08\/platform-image-drupal.jpg\" \/>\n<meta name=\"twitter:card\" content=\"summary_large_image\" \/>\n<meta name=\"twitter:label1\" content=\"Gesch\u00e4tzte Lesezeit\" \/>\n\t<meta name=\"twitter:data1\" content=\"3\u00a0Minuten\" \/>\n<!-- \/ Yoast SEO plugin. -->","yoast_head_json":{"title":"\u00dcber 70 beste Drupal-Module und Widgets f\u00fcr Ihre Website [2026]","description":"Kostenloser Katalog mit hervorragenden kostenlosen Modulen und Plugins exklusiv f\u00fcr Drupal-Websites. Hilfe bei der Anpassung und umfangreichen Funktionalit\u00e4t.","robots":{"index":"index","follow":"follow","max-snippet":"max-snippet:-1","max-image-preview":"max-image-preview:large","max-video-preview":"max-video-preview:-1"},"canonical":"https:\/\/elfsight.com\/de\/drupal-modules\/","og_locale":"de_DE","og_type":"article","og_title":"\u00dcber 70 beste Drupal-Module und Widgets f\u00fcr Ihre Website [2026]","og_description":"Kostenloser Katalog mit hervorragenden kostenlosen Modulen und Plugins exklusiv f\u00fcr Drupal-Websites. Hilfe bei der Anpassung und umfangreichen Funktionalit\u00e4t.","og_url":"https:\/\/elfsight.com\/de\/drupal-modules\/","og_site_name":"Elfsight DE","article_modified_time":"2025-07-08T10:34:01+00:00","og_image":[{"url":"https:\/\/elfsight.com\/wp-content\/uploads\/2020\/08\/platform-image-drupal.jpg","type":"","width":"","height":""}],"twitter_card":"summary_large_image","twitter_misc":{"Gesch\u00e4tzte Lesezeit":"3\u00a0Minuten"},"schema":{"@context":"https:\/\/schema.org","@graph":[{"@type":"WebPage","@id":"https:\/\/elfsight.com\/de\/drupal-modules\/","url":"https:\/\/elfsight.com\/de\/drupal-modules\/","name":"\u00dcber 70 beste Drupal-Module und Widgets f\u00fcr Ihre Website [2026]","isPartOf":{"@id":"https:\/\/elfsight.com\/de\/#website"},"primaryImageOfPage":{"@id":"https:\/\/elfsight.com\/de\/drupal-modules\/#primaryimage"},"image":{"@id":"https:\/\/elfsight.com\/de\/drupal-modules\/#primaryimage"},"thumbnailUrl":"https:\/\/elfsight.com\/wp-content\/uploads\/2020\/08\/platform-image-drupal.jpg","datePublished":"2024-06-19T13:00:17+00:00","dateModified":"2025-07-08T10:34:01+00:00","description":"Kostenloser Katalog mit hervorragenden kostenlosen Modulen und Plugins exklusiv f\u00fcr Drupal-Websites. Hilfe bei der Anpassung und umfangreichen Funktionalit\u00e4t.","breadcrumb":{"@id":"https:\/\/elfsight.com\/de\/drupal-modules\/#breadcrumb"},"inLanguage":"de","potentialAction":[{"@type":"ReadAction","target":["https:\/\/elfsight.com\/de\/drupal-modules\/"]}]},{"@type":"ImageObject","inLanguage":"de","@id":"https:\/\/elfsight.com\/de\/drupal-modules\/#primaryimage","url":"https:\/\/elfsight.com\/wp-content\/uploads\/2020\/08\/platform-image-drupal.jpg","contentUrl":"https:\/\/elfsight.com\/wp-content\/uploads\/2020\/08\/platform-image-drupal.jpg"},{"@type":"BreadcrumbList","@id":"https:\/\/elfsight.com\/de\/drupal-modules\/#breadcrumb","itemListElement":[{"@type":"ListItem","position":1,"name":"Home","item":"https:\/\/elfsight.com\/de\/"},{"@type":"ListItem","position":2,"name":"Drupal modules"}]},{"@type":"WebSite","@id":"https:\/\/elfsight.com\/de\/#website","url":"https:\/\/elfsight.com\/de\/","name":"Elfsight DE","description":"Just another Elfsight Sites site","potentialAction":[{"@type":"SearchAction","target":{"@type":"EntryPoint","urlTemplate":"https:\/\/elfsight.com\/de\/?s={search_term_string}"},"query-input":{"@type":"PropertyValueSpecification","valueRequired":true,"valueName":"search_term_string"}}],"inLanguage":"de"}]}},"meta_box":{"industry":"","seo_heading":"","heading":"","description":"","cta_heading":"","cta_description":"","application":"","h1":"Die besten Drupal-Module","h1_caption":"Kostenlose Auswahl an erstklassigen Plugins mit einer breiten Funktionalit\u00e4t, um das Interesse der Benutzer zu steigern und alle wesentlichen E-Commerce-Ziele zu erreichen. Reibungslose Integration, umfangreiche Personalisierungseinstellungen und hochqualifizierter Kundenservice.","application_category":[],"applications_title":"Werfen Sie einen Blick auf die gro\u00dfe Auswahl an kostenlosen Elfsight-Plugins f\u00fcr Drupal","applications_request_title":"Sie k\u00f6nnen das richtige Modul nicht finden?","applications_request_button_text":"Fordern Sie ein Modul an","hero_text":"","hero_video":"","hero_video_schema_markup":"","selling_points_title":"","selling_points_caption":"","selling_points":[],"selling_points_cta_text":"","features_title":"","features":"","ed_cta_examples_text":"","ed_cta_examples_hidden":"","ed_cta_demo_text":"","ed_cta_demo_hidden":"","why_caption":"","why_editor_title":"","why_editor_text":"","why_team_title":"","why_team_text":"","why_service_title":"","why_service_text":"","template_catalog_visible":"","template_catalog_title":"","template_catalog_text":"","template_catalog_categories_visible":"","demo_title":"","demo_caption":"","default_faq_hidden":"","app_template_category":[],"platform":"261","template_public_id":"","codecanyon_url":"","codecanyon_item_id":"","codecanyon_price":"","pricing_caption":"","pricing_elfsight_apps_hide_column":"","pricing_elfsight_apps_url":"","pricing_codecanyon_price_caption":"","integration_category":[],"integration_request_title":"","integration_request_cta":"","integration_platform":"","integrations":[],"platform_category":[],"video_schema_markup":"","price":"","trial":"","benefits":[],"button_url":"","button_target_blank":"","button_nofollow":"","attributes":[],"tags":[],"tags_disable_links":"","hide_more_platforms":"","video_object":"","demo_hide_cta":"","demo_hide_cloud_options":"","pricing_title":"","pricing":[],"related_apps_title":"","related_apps_hidden":"","author":"","image":[],"title":"","job":"","social_networks":[]},"_links":{"self":[{"href":"https:\/\/elfsight.com\/de\/wp-json\/wp\/v2\/pages\/22308","targetHints":{"allow":["GET"]}}],"collection":[{"href":"https:\/\/elfsight.com\/de\/wp-json\/wp\/v2\/pages"}],"about":[{"href":"https:\/\/elfsight.com\/de\/wp-json\/wp\/v2\/types\/page"}],"author":[{"embeddable":true,"href":"https:\/\/elfsight.com\/de\/wp-json\/wp\/v2\/users\/9"}],"replies":[{"embeddable":true,"href":"https:\/\/elfsight.com\/de\/wp-json\/wp\/v2\/comments?post=22308"}],"version-history":[{"count":2,"href":"https:\/\/elfsight.com\/de\/wp-json\/wp\/v2\/pages\/22308\/revisions"}],"predecessor-version":[{"id":25405,"href":"https:\/\/elfsight.com\/de\/wp-json\/wp\/v2\/pages\/22308\/revisions\/25405"}],"wp:attachment":[{"href":"https:\/\/elfsight.com\/de\/wp-json\/wp\/v2\/media?parent=22308"}],"curies":[{"name":"wp","href":"https:\/\/api.w.org\/{rel}","templated":true}]}}