{"id":22261,"date":"2024-05-27T13:00:17","date_gmt":"2024-05-27T13:00:17","guid":{"rendered":"https:\/\/elfsight.com\/de\/?page_id=22261"},"modified":"2025-07-08T10:56:01","modified_gmt":"2025-07-08T10:56:01","slug":"notion-widgets","status":"publish","type":"page","link":"https:\/\/elfsight.com\/de\/notion-widgets\/","title":{"rendered":"Notion widgets"},"content":{"rendered":"<h2>Der ideale Elfsight Apps Service f\u00fcr jeden Zweck Ihrer Notion-Website <\/h2><p>Mehrere Jahre lang hat unser Elfsight-Entwicklerteam benutzerfreundliche und vollst\u00e4ndig Responsive Apps f\u00fcr Sie. Wir bieten Ihnen stets einen erstklassigen Support-Service und eine schnelle Ladegeschwindigkeit. Diese Tools helfen vielen Unternehmen, gemeinn\u00fctzigen Organisationen und anderen Website-Besitzern auf der ganzen Welt, die wesentlichen Website-Probleme effizienter zu bew\u00e4ltigen. <\/p> <p>Durch die einfache Installation von Widgets auf Ihrer Website k\u00f6nnen Sie den Umsatz steigern, Ihren Produkten die 5-Sterne-Bewertung verleihen und das Vertrauen in Ihre Marke st\u00e4rken. Die Abonnementpl\u00e4ne variieren von kostenlos bis Premium. Implementieren Sie mithilfe unserer Live-Demo ganz einfach alle gew\u00fcnschten Widgets in Ihre Website und sehen Sie, wie n\u00fctzlich sie f\u00fcr die Entwicklung Ihrer Unternehmenswebsite sein k\u00f6nnten. <\/p> <h2> Was macht Elfsight-Widgets zu einer der besten L\u00f6sungen f\u00fcr Ihre Website? <\/h2> <p>Sehen Sie sich eine Liste der Hauptvorteile unserer Widgets an, die es uns erm\u00f6glichen, unseren Mitbewerbern einen Schritt voraus zu sein: <\/p> <ul> <li>Kostenlose und schnelle Reaktion bei der Installation oder Anpassung von Widgets; <\/li> <li>Volle Reaktionsf\u00e4higkeit auf alle Bildschirmaufl\u00f6sungen; <\/li> <li>Kein Programmieren erforderlich; <\/li> <li> Eine gro\u00dfe Auswahl an Designeinstellungen; <\/li> <li>Cloud-Datenspeicherung erm\u00f6glicht eine Erh\u00f6hung der Ladegeschwindigkeit; <\/li> <li>Alle zuk\u00fcnftigen Updates sind kostenlos und erscheinen regelm\u00e4\u00dfig; <\/li> <li>Flexible Preisspanne; <\/li> <li> Lebenslange Hilfe bei allen Kundenproblemen. <\/li> <\/ul><p>Testen Sie eine kostenlose Version unserer Widgets und bewerten Sie deren Funktionen oder kaufen Sie jede gew\u00fcnschte L\u00f6sung mit 20 % Rabatt. <p> <h2>So f\u00fcgen Sie Ihre Widgets auf der Notion-Website hinzu<\/h2> <p>Um unsere Widgets einzubetten, sehen Sie sich alle Schritte der detaillierten Anleitung an: <\/p> <ol> <li>W\u00e4hlen Sie das erforderliche Widget aus ; <\/li> <li> Geben Sie einige erforderliche Einstellungen f\u00fcr sich selbst an; <\/li> <li>\u00c4nderungen speichern; <\/li> <li> Holen Sie sich den erhaltenen Code; <\/li> <li>F\u00fcgen Sie den Code an der erforderlichen Stelle Ihrer Website oder Vorlage ein; <\/li> <li>Die Installation des Widgets ist vollst\u00e4ndig abgeschlossen. <\/li> <\/ol> <p>Wenn Sie eine Frage haben, wenden Sie sich bitte an unser Support-Team. <\/p><div class=\"faq\" data-component=\"FAQ\"> <div class=\"faq-item\">\r\n\t\t\t\t\t<div class=\"faq-item-question\">\r\n\t\t\t\t\t\t<h3 class=\"faq-item-question-text\">Wie kann ich die Tools zu meinem Notion-Theme hinzuf\u00fcgen?<\/h3>\r\n\r\n\t\t\t\t\t\t<div class=\"faq-item-question-icon\"><\/div>\r\n\t\t\t\t\t<\/div>\r\n\r\n\t\t\t\t\t<div class=\"faq-item-answer\">\r\n\t\t\t\t\t\t<div class=\"faq-item-answer-text\"> <p>Sie k\u00f6nnen die Tools zu Ihrer Website-Vorlage hinzuf\u00fcgen. Gehen Sie einfach zum Admin-Bereich und f\u00fchren Sie die folgenden Aktionen aus:<\/p> <ol> <li>Klicken Sie auf Designeinstellungen;<\/li> <li>Suchen Sie das Element, in das Sie das Tool einf\u00fcgen m\u00f6chten;<\/li> <li>F\u00fcgen Sie den Code vom Elfsight Apps-Dienst hinzu und speichern Sie die \u00c4nderungen.<\/li> <\/ol> <p>Fertig.<\/p> <\/div>\r\n\t\t\t\t\t<\/div>\r\n\t\t\t\t<\/div> <div class=\"faq-item\">\r\n\t\t\t\t\t<div class=\"faq-item-question\">\r\n\t\t\t\t\t\t<h3 class=\"faq-item-question-text\"><\/h3>\r\n\r\n\t\t\t\t\t\t<div class=\"faq-item-question-icon\"><\/div>\r\n\t\t\t\t\t<\/div>\r\n\r\n\t\t\t\t\t<div class=\"faq-item-answer\">\r\n\t\t\t\t\t\t<div class=\"faq-item-answer-text\"> <p>Unsere Tools sind mit allen Versionen der Notion-Website kompatibel. Sie k\u00f6nnen sicher sein, dass alle Tools einwandfrei funktionieren.<\/p> <\/div>\r\n\t\t\t\t\t<\/div>\r\n\t\t\t\t<\/div> <div class=\"faq-item\">\r\n\t\t\t\t\t<div class=\"faq-item-question\">\r\n\t\t\t\t\t\t<h3 class=\"faq-item-question-text\">Wo kann ich meine Tools bearbeiten?<\/h3>\r\n\r\n\t\t\t\t\t\t<div class=\"faq-item-question-icon\"><\/div>\r\n\t\t\t\t\t<\/div>\r\n\r\n\t\t\t\t\t<div class=\"faq-item-answer\">\r\n\t\t\t\t\t\t<div class=\"faq-item-answer-text\"> <p>Alle unsere Kunden k\u00f6nnen alle notwendigen \u00c4nderungen vornehmen in den Einstellungen mit dem praktischen Elfsight-Editor.<\/p> <\/div>\r\n\t\t\t\t\t<\/div>\r\n\t\t\t\t<\/div> <div class=\"faq-item\">\r\n\t\t\t\t\t<div class=\"faq-item-question\">\r\n\t\t\t\t\t\t<h3 class=\"faq-item-question-text\">Kann ich das Support-Team kontaktieren, wenn ich Fragen zum Service habe?<\/h3>\r\n\r\n\t\t\t\t\t\t<div class=\"faq-item-question-icon\"><\/div>\r\n\t\t\t\t\t<\/div>\r\n\r\n\t\t\t\t\t<div class=\"faq-item-answer\">\r\n\t\t\t\t\t\t<div class=\"faq-item-answer-text\"> <p>Alle unsere Benutzer Sie k\u00f6nnen sich an unser freundliches Support-Team wenden, um Fragen zur Funktionsweise unserer L\u00f6sungen zu stellen.<\/p> <\/div>\r\n\t\t\t\t\t<\/div>\r\n\t\t\t\t<\/div><\/div>","protected":false},"excerpt":{"rendered":"Der ideale Elfsight Apps Service f\u00fcr jeden Zweck Ihrer Notion-Website Mehrere Jahre lang hat unser Elfsight-Entwicklerteam benutzerfreundliche und vollst\u00e4ndig Responsive Apps f\u00fcr Sie. Wir bieten Ihnen stets einen erstklassigen Support-Service und eine schnelle Ladegeschwindigkeit. Diese Tools helfen vielen Unternehmen, gemeinn\u00fctzigen Organisationen und anderen Website-Besitzern auf der ganzen Welt, die wesentlichen&#8230;","protected":false},"author":9,"featured_media":0,"parent":0,"menu_order":0,"comment_status":"closed","ping_status":"closed","template":"templates\/template-platform.php","meta":{"publish_to_discourse":"","publish_post_category":"","wpdc_auto_publish_overridden":"","wpdc_topic_tags":"","wpdc_pin_topic":"","wpdc_pin_until":"","discourse_post_id":"","discourse_permalink":"","wpdc_publishing_response":"","wpdc_publishing_error":"","footnotes":""},"class_list":["post-22261","page","type-page","status-publish","hentry"],"yoast_head":"<!-- This site is optimized with the Yoast SEO plugin v25.3.1 - https:\/\/yoast.com\/wordpress\/plugins\/seo\/ -->\n<title>Notion \u2013 Eine der besten L\u00f6sungen f\u00fcr die Notion-Site<\/title>\n<meta name=\"description\" content=\"Kostenlose Liste der besten kostenlosen Widgets und Plugins speziell f\u00fcr Notion. Hilfe bei der Anpassung und umfangreichen Funktionalit\u00e4t.\" \/>\n<meta name=\"robots\" content=\"index, follow, max-snippet:-1, max-image-preview:large, max-video-preview:-1\" \/>\n<link rel=\"canonical\" href=\"https:\/\/elfsight.com\/de\/notion-widgets\/\" \/>\n<meta property=\"og:locale\" content=\"de_DE\" \/>\n<meta property=\"og:type\" content=\"article\" \/>\n<meta property=\"og:title\" content=\"Notion \u2013 Eine der besten L\u00f6sungen f\u00fcr die Notion-Site\" \/>\n<meta property=\"og:description\" content=\"Kostenlose Liste der besten kostenlosen Widgets und Plugins speziell f\u00fcr Notion. Hilfe bei der Anpassung und umfangreichen Funktionalit\u00e4t.\" \/>\n<meta property=\"og:url\" content=\"https:\/\/elfsight.com\/de\/notion-widgets\/\" \/>\n<meta property=\"og:site_name\" content=\"Elfsight DE\" \/>\n<meta property=\"article:modified_time\" content=\"2025-07-08T10:56:01+00:00\" \/>\n<meta name=\"twitter:card\" content=\"summary_large_image\" \/>\n<meta name=\"twitter:label1\" content=\"Gesch\u00e4tzte Lesezeit\" \/>\n\t<meta name=\"twitter:data1\" content=\"2\u00a0Minuten\" \/>\n<!-- \/ Yoast SEO plugin. -->","yoast_head_json":{"title":"Notion \u2013 Eine der besten L\u00f6sungen f\u00fcr die Notion-Site","description":"Kostenlose Liste der besten kostenlosen Widgets und Plugins speziell f\u00fcr Notion. Hilfe bei der Anpassung und umfangreichen Funktionalit\u00e4t.","robots":{"index":"index","follow":"follow","max-snippet":"max-snippet:-1","max-image-preview":"max-image-preview:large","max-video-preview":"max-video-preview:-1"},"canonical":"https:\/\/elfsight.com\/de\/notion-widgets\/","og_locale":"de_DE","og_type":"article","og_title":"Notion \u2013 Eine der besten L\u00f6sungen f\u00fcr die Notion-Site","og_description":"Kostenlose Liste der besten kostenlosen Widgets und Plugins speziell f\u00fcr Notion. Hilfe bei der Anpassung und umfangreichen Funktionalit\u00e4t.","og_url":"https:\/\/elfsight.com\/de\/notion-widgets\/","og_site_name":"Elfsight DE","article_modified_time":"2025-07-08T10:56:01+00:00","twitter_card":"summary_large_image","twitter_misc":{"Gesch\u00e4tzte Lesezeit":"2\u00a0Minuten"},"schema":{"@context":"https:\/\/schema.org","@graph":[{"@type":"WebPage","@id":"https:\/\/elfsight.com\/de\/notion-widgets\/","url":"https:\/\/elfsight.com\/de\/notion-widgets\/","name":"Notion \u2013 Eine der besten L\u00f6sungen f\u00fcr die Notion-Site","isPartOf":{"@id":"https:\/\/elfsight.com\/de\/#website"},"datePublished":"2024-05-27T13:00:17+00:00","dateModified":"2025-07-08T10:56:01+00:00","description":"Kostenlose Liste der besten kostenlosen Widgets und Plugins speziell f\u00fcr Notion. Hilfe bei der Anpassung und umfangreichen Funktionalit\u00e4t.","breadcrumb":{"@id":"https:\/\/elfsight.com\/de\/notion-widgets\/#breadcrumb"},"inLanguage":"de","potentialAction":[{"@type":"ReadAction","target":["https:\/\/elfsight.com\/de\/notion-widgets\/"]}]},{"@type":"BreadcrumbList","@id":"https:\/\/elfsight.com\/de\/notion-widgets\/#breadcrumb","itemListElement":[{"@type":"ListItem","position":1,"name":"Home","item":"https:\/\/elfsight.com\/de\/"},{"@type":"ListItem","position":2,"name":"Notion widgets"}]},{"@type":"WebSite","@id":"https:\/\/elfsight.com\/de\/#website","url":"https:\/\/elfsight.com\/de\/","name":"Elfsight DE","description":"Just another Elfsight Sites site","potentialAction":[{"@type":"SearchAction","target":{"@type":"EntryPoint","urlTemplate":"https:\/\/elfsight.com\/de\/?s={search_term_string}"},"query-input":{"@type":"PropertyValueSpecification","valueRequired":true,"valueName":"search_term_string"}}],"inLanguage":"de"}]}},"meta_box":{"industry":"","seo_heading":"","heading":"","description":"","cta_heading":"","cta_description":"","application":"","h1":"Die besten Notion-Widgets","h1_caption":"Kostenlose Liste von Premium-Widgets mit umfangreicher Funktionalit\u00e4t zur Steigerung des Umsatzes und zur Abdeckung aller anderen kommerziellen Ziele. Schnelle Integration, vielf\u00e4ltige Customizing-Optionen und hochqualifizierter Kundensupport.","application_category":[],"applications_title":"Werfen Sie einen Blick auf das gesamte Sortiment an kostenlosen Widgets f\u00fcr Ihre Website","applications_request_title":"Sie k\u00f6nnen das richtige Widget nicht finden?","applications_request_button_text":"Fordern Sie ein Widget an","hero_text":"","hero_video":"","hero_video_schema_markup":"","selling_points_title":"","selling_points_caption":"","selling_points":[],"selling_points_cta_text":"","features_title":"","features":"","ed_cta_examples_text":"","ed_cta_examples_hidden":"","ed_cta_demo_text":"","ed_cta_demo_hidden":"","why_caption":"","why_editor_title":"","why_editor_text":"","why_team_title":"","why_team_text":"","why_service_title":"","why_service_text":"","template_catalog_visible":"","template_catalog_title":"","template_catalog_text":"","template_catalog_categories_visible":"","demo_title":"","demo_caption":"","default_faq_hidden":"","app_template_category":[],"platform":"22250","template_public_id":"","codecanyon_url":"","codecanyon_item_id":"","codecanyon_price":"","pricing_caption":"","pricing_elfsight_apps_hide_column":"","pricing_elfsight_apps_url":"","pricing_codecanyon_price_caption":"","integration_category":[],"integration_request_title":"","integration_request_cta":"","integration_platform":"","integrations":[],"platform_category":[],"video_schema_markup":"","price":"","trial":"","benefits":[],"button_url":"","button_target_blank":"","button_nofollow":"","attributes":[],"tags":[],"tags_disable_links":"","hide_more_platforms":"","video_object":"","demo_hide_cta":"","demo_hide_cloud_options":"","pricing_title":"","pricing":[],"related_apps_title":"","related_apps_hidden":"","author":"","image":[],"title":"","job":"","social_networks":[]},"_links":{"self":[{"href":"https:\/\/elfsight.com\/de\/wp-json\/wp\/v2\/pages\/22261","targetHints":{"allow":["GET"]}}],"collection":[{"href":"https:\/\/elfsight.com\/de\/wp-json\/wp\/v2\/pages"}],"about":[{"href":"https:\/\/elfsight.com\/de\/wp-json\/wp\/v2\/types\/page"}],"author":[{"embeddable":true,"href":"https:\/\/elfsight.com\/de\/wp-json\/wp\/v2\/users\/9"}],"replies":[{"embeddable":true,"href":"https:\/\/elfsight.com\/de\/wp-json\/wp\/v2\/comments?post=22261"}],"version-history":[{"count":2,"href":"https:\/\/elfsight.com\/de\/wp-json\/wp\/v2\/pages\/22261\/revisions"}],"predecessor-version":[{"id":25412,"href":"https:\/\/elfsight.com\/de\/wp-json\/wp\/v2\/pages\/22261\/revisions\/25412"}],"wp:attachment":[{"href":"https:\/\/elfsight.com\/de\/wp-json\/wp\/v2\/media?parent=22261"}],"curies":[{"name":"wp","href":"https:\/\/api.w.org\/{rel}","templated":true}]}}