{"id":2176,"date":"2020-08-04T13:11:26","date_gmt":"2020-08-04T13:11:26","guid":{"rendered":"https:\/\/elfsight.com\/de\/?page_id=2176"},"modified":"2020-09-10T15:05:54","modified_gmt":"2020-09-10T15:05:54","slug":"create","status":"publish","type":"page","link":"https:\/\/elfsight.com\/de\/weather-widget\/create\/","title":{"rendered":"Weather &#8211; Create"},"content":{"rendered":"\n<div class=\"faq\" data-component=\"FAQ\">\n<div class=\"faq-item\">\r\n\t\t\t\t\t<div class=\"faq-item-question\">\r\n\t\t\t\t\t\t<h3 class=\"faq-item-question-text\">Was ist ein Wetter Widget f\u00fcr Website?<\/h3>\r\n\r\n\t\t\t\t\t\t<div class=\"faq-item-question-icon\"><\/div>\r\n\t\t\t\t\t<\/div>\r\n\r\n\t\t\t\t\t<div class=\"faq-item-answer\">\r\n\t\t\t\t\t\t<div class=\"faq-item-answer-text\">\nDas Wetter  Widget ist ein responsives Werkzeug, das ist n\u00fctzlich, um die Leistung Ihrer Webseite zu steigern. Es dient zur Verbesserung der Benutzererfahrung und Entwicklung Ihrer Audienz auf Ihrer Web-Seite. \n<\/div>\r\n\t\t\t\t\t<\/div>\r\n\t\t\t\t<\/div>\n<div class=\"faq-item\">\r\n\t\t\t\t\t<div class=\"faq-item-question\">\r\n\t\t\t\t\t\t<h3 class=\"faq-item-question-text\">Kann man der Stil des Widget \u00e4ndern, die Gestaltung des Plugin zu anpassen?<\/h3>\r\n\r\n\t\t\t\t\t\t<div class=\"faq-item-question-icon\"><\/div>\r\n\t\t\t\t\t<\/div>\r\n\r\n\t\t\t\t\t<div class=\"faq-item-answer\">\r\n\t\t\t\t\t\t<div class=\"faq-item-answer-text\">\nAbsolut! \u00d6ffnen Sie Abschnitt Stil unseres praktischen Editors und modifizieren Sie Komponenten des Widgets. Sie werden alle Modifizierungen online sehen. \n<\/div>\r\n\t\t\t\t\t<\/div>\r\n\t\t\t\t<\/div>\n<div class=\"faq-item\">\r\n\t\t\t\t\t<div class=\"faq-item-question\">\r\n\t\t\t\t\t\t<h3 class=\"faq-item-question-text\">Wie wird das Wetter Plugin auf meiner Website hinzuf\u00fcgen?<\/h3>\r\n\r\n\t\t\t\t\t\t<div class=\"faq-item-question-icon\"><\/div>\r\n\t\t\t\t\t<\/div>\r\n\r\n\t\t\t\t\t<div class=\"faq-item-answer\">\r\n\t\t\t\t\t\t<div class=\"faq-item-answer-text\">\nAlles, was Sie tun m\u00fcssen, ist nur noch zu unserem Online-Konfigurator gehen und da zun\u00e4chst ein Widget zu bilden. Nachdem speichern Sie alle erforderlichen Anpassungen. Nehmen Sie den Widget-Code aus dem Popup-Fenster. F\u00fcgen Sie anschlie\u00dfend den Code im gew\u00fcnschten Bereich Ihrer Webseite-Vorlage. Falls Sie bei Widgets Installation irgendwelche Schwierigkeiten haben, senden Sie eine E-Mail unser Hilfe-Center. \n<\/div>\r\n\t\t\t\t\t<\/div>\r\n\t\t\t\t<\/div>\n<div class=\"faq-item\">\r\n\t\t\t\t\t<div class=\"faq-item-question\">\r\n\t\t\t\t\t\t<h3 class=\"faq-item-question-text\">Wie kann die Gr\u00f6\u00dfe und Farbe des Widget ver\u00e4ndern?<\/h3>\r\n\r\n\t\t\t\t\t\t<div class=\"faq-item-question-icon\"><\/div>\r\n\t\t\t\t\t<\/div>\r\n\r\n\t\t\t\t\t<div class=\"faq-item-answer\">\r\n\t\t\t\t\t\t<div class=\"faq-item-answer-text\">\nElfsight Live-Konfigurator gibt Ihnen absolute Freiheit f\u00fcr die Individualisierung Ihres Widgets. Sie k\u00f6nnen die Gr\u00f6\u00dfe des Plugins in Pixeln einstellen, oder nutzen Sie eine selbstt\u00e4tige Gr\u00f6\u00dfeneinstellung. Also k\u00f6nnen Sie jede Farbe aus der Palette aussuchen oder einer von standard Farbgestaltungen verwenden. \n<\/div>\r\n\t\t\t\t\t<\/div>\r\n\t\t\t\t<\/div>\n<\/div>\n","protected":false},"excerpt":{"rendered":"","protected":false},"author":11,"featured_media":0,"parent":2173,"menu_order":0,"comment_status":"closed","ping_status":"closed","template":"templates\/template-application-create.php","meta":{"publish_to_discourse":"","publish_post_category":"","wpdc_auto_publish_overridden":"","wpdc_topic_tags":"","wpdc_pin_topic":"","wpdc_pin_until":"","discourse_post_id":"","discourse_permalink":"","wpdc_publishing_response":"","wpdc_publishing_error":"","footnotes":""},"class_list":["post-2176","page","type-page","status-publish","hentry"],"yoast_head":"<!-- This site is optimized with the Yoast SEO plugin v25.3.1 - https:\/\/yoast.com\/wordpress\/plugins\/seo\/ -->\n<title>Erstellen Sie ein Wetter Widget f\u00fcr Ihre Homepage (kostenlos)<\/title>\n<meta name=\"description\" content=\"Erstellen Sie Wetter f\u00fcr Ihre Website mit dem Elfsight-Editor. Mit Elfsight Super Service ist es kostenlos und schnell!\" \/>\n<meta name=\"robots\" content=\"index, follow, max-snippet:-1, max-image-preview:large, max-video-preview:-1\" \/>\n<link rel=\"canonical\" href=\"https:\/\/elfsight.com\/de\/weather-widget\/create\/\" \/>\n<meta property=\"og:locale\" content=\"de_DE\" \/>\n<meta property=\"og:type\" content=\"article\" \/>\n<meta property=\"og:title\" content=\"Erstellen Sie ein Wetter Widget f\u00fcr Ihre Homepage (kostenlos)\" \/>\n<meta property=\"og:description\" content=\"Erstellen Sie Wetter f\u00fcr Ihre Website mit dem Elfsight-Editor. Mit Elfsight Super Service ist es kostenlos und schnell!\" \/>\n<meta property=\"og:url\" content=\"https:\/\/elfsight.com\/de\/weather-widget\/create\/\" \/>\n<meta property=\"og:site_name\" content=\"Elfsight DE\" \/>\n<meta property=\"article:modified_time\" content=\"2020-09-10T15:05:54+00:00\" \/>\n<meta name=\"twitter:card\" content=\"summary_large_image\" \/>\n<meta name=\"twitter:label1\" content=\"Gesch\u00e4tzte Lesezeit\" \/>\n\t<meta name=\"twitter:data1\" content=\"1\u00a0Minute\" \/>\n<!-- \/ Yoast SEO plugin. -->","yoast_head_json":{"title":"Erstellen Sie ein Wetter Widget f\u00fcr Ihre Homepage (kostenlos)","description":"Erstellen Sie Wetter f\u00fcr Ihre Website mit dem Elfsight-Editor. Mit Elfsight Super Service ist es kostenlos und schnell!","robots":{"index":"index","follow":"follow","max-snippet":"max-snippet:-1","max-image-preview":"max-image-preview:large","max-video-preview":"max-video-preview:-1"},"canonical":"https:\/\/elfsight.com\/de\/weather-widget\/create\/","og_locale":"de_DE","og_type":"article","og_title":"Erstellen Sie ein Wetter Widget f\u00fcr Ihre Homepage (kostenlos)","og_description":"Erstellen Sie Wetter f\u00fcr Ihre Website mit dem Elfsight-Editor. Mit Elfsight Super Service ist es kostenlos und schnell!","og_url":"https:\/\/elfsight.com\/de\/weather-widget\/create\/","og_site_name":"Elfsight DE","article_modified_time":"2020-09-10T15:05:54+00:00","twitter_card":"summary_large_image","twitter_misc":{"Gesch\u00e4tzte Lesezeit":"1\u00a0Minute"},"schema":{"@context":"https:\/\/schema.org","@graph":[{"@type":"WebPage","@id":"https:\/\/elfsight.com\/de\/weather-widget\/create\/","url":"https:\/\/elfsight.com\/de\/weather-widget\/create\/","name":"Erstellen Sie ein Wetter Widget f\u00fcr Ihre Homepage (kostenlos)","isPartOf":{"@id":"https:\/\/elfsight.com\/de\/#website"},"datePublished":"2020-08-04T13:11:26+00:00","dateModified":"2020-09-10T15:05:54+00:00","description":"Erstellen Sie Wetter f\u00fcr Ihre Website mit dem Elfsight-Editor. Mit Elfsight Super Service ist es kostenlos und schnell!","breadcrumb":{"@id":"https:\/\/elfsight.com\/de\/weather-widget\/create\/#breadcrumb"},"inLanguage":"de","potentialAction":[{"@type":"ReadAction","target":["https:\/\/elfsight.com\/de\/weather-widget\/create\/"]}]},{"@type":"BreadcrumbList","@id":"https:\/\/elfsight.com\/de\/weather-widget\/create\/#breadcrumb","itemListElement":[{"@type":"ListItem","position":1,"name":"Home","item":"https:\/\/elfsight.com\/de\/"},{"@type":"ListItem","position":2,"name":"Weather","item":"https:\/\/elfsight.com\/de\/weather-widget\/"},{"@type":"ListItem","position":3,"name":"Weather &#8211; Create"}]},{"@type":"WebSite","@id":"https:\/\/elfsight.com\/de\/#website","url":"https:\/\/elfsight.com\/de\/","name":"Elfsight DE","description":"Just another Elfsight Sites site","potentialAction":[{"@type":"SearchAction","target":{"@type":"EntryPoint","urlTemplate":"https:\/\/elfsight.com\/de\/?s={search_term_string}"},"query-input":{"@type":"PropertyValueSpecification","valueRequired":true,"valueName":"search_term_string"}}],"inLanguage":"de"}]}},"meta_box":{"industry":"","seo_heading":"","heading":"","description":"","cta_heading":"","cta_description":"","application":"498","h1":"Wetter Widget f\u00fcr Ihre Website","h1_caption":"Erstellen Sie das Wetter Widget f\u00fcr Ihre Homepage. Schnell. Einfach. Keine Codierung.","application_category":[],"applications_title":"","applications_request_title":"","applications_request_button_text":"","hero_text":"","hero_video":"","hero_video_schema_markup":"","selling_points_title":"","selling_points_caption":"","selling_points":[],"selling_points_cta_text":"","features_title":"","features":"","ed_cta_examples_text":"","ed_cta_examples_hidden":"","ed_cta_demo_text":"","ed_cta_demo_hidden":"","why_caption":"","why_editor_title":"","why_editor_text":"","why_team_title":"","why_team_text":"","why_service_title":"","why_service_text":"","template_catalog_visible":"","template_catalog_title":"","template_catalog_text":"","template_catalog_categories_visible":"","demo_title":"","demo_caption":"","default_faq_hidden":"","app_template_category":[],"platform":"","template_public_id":"","codecanyon_url":"","codecanyon_item_id":"","codecanyon_price":"","pricing_caption":"","pricing_elfsight_apps_hide_column":"","pricing_elfsight_apps_url":"","pricing_codecanyon_price_caption":"","integration_category":[],"integration_request_title":"","integration_request_cta":"","integration_platform":"","integrations":[],"platform_category":[],"video_schema_markup":"","price":"","trial":"","benefits":[],"button_url":"","button_target_blank":"","button_nofollow":"","attributes":[],"tags":[],"tags_disable_links":"","hide_more_platforms":"","video_object":"","demo_hide_cta":"","demo_hide_cloud_options":"","pricing_title":"","pricing":[],"related_apps_title":"","related_apps_hidden":"","author":"","image":[],"title":"","job":"","social_networks":[]},"_links":{"self":[{"href":"https:\/\/elfsight.com\/de\/wp-json\/wp\/v2\/pages\/2176","targetHints":{"allow":["GET"]}}],"collection":[{"href":"https:\/\/elfsight.com\/de\/wp-json\/wp\/v2\/pages"}],"about":[{"href":"https:\/\/elfsight.com\/de\/wp-json\/wp\/v2\/types\/page"}],"author":[{"embeddable":true,"href":"https:\/\/elfsight.com\/de\/wp-json\/wp\/v2\/users\/11"}],"replies":[{"embeddable":true,"href":"https:\/\/elfsight.com\/de\/wp-json\/wp\/v2\/comments?post=2176"}],"version-history":[{"count":5,"href":"https:\/\/elfsight.com\/de\/wp-json\/wp\/v2\/pages\/2176\/revisions"}],"predecessor-version":[{"id":2850,"href":"https:\/\/elfsight.com\/de\/wp-json\/wp\/v2\/pages\/2176\/revisions\/2850"}],"up":[{"embeddable":true,"href":"https:\/\/elfsight.com\/de\/wp-json\/wp\/v2\/pages\/2173"}],"wp:attachment":[{"href":"https:\/\/elfsight.com\/de\/wp-json\/wp\/v2\/media?parent=2176"}],"curies":[{"name":"wp","href":"https:\/\/api.w.org\/{rel}","templated":true}]}}