{"id":2175,"date":"2020-08-04T13:11:10","date_gmt":"2020-08-04T13:11:10","guid":{"rendered":"https:\/\/elfsight.com\/de\/?page_id=2175"},"modified":"2020-08-04T13:35:45","modified_gmt":"2020-08-04T13:35:45","slug":"examples","status":"publish","type":"page","link":"https:\/\/elfsight.com\/de\/weather-widget\/examples\/","title":{"rendered":"Weather &#8211; Examples"},"content":{"rendered":"\n<div class=\"application-examples-item application-examples-item-loading\">\n                            <div class=\"col-row\">\n                                <div class=\"col-6 col-m-8 col-s-12\"><h3 class=\"application-examples-item-title\">Beispiel 1. Detaillierte Wettervorhersage Widget <\/h3><div class=\"application-examples-item-description\">Diese Reihe von Widgets zeigt, wie gut eine detaillierte Wettervorhersage auf Ihrer Website aussehen kann. Alle drei stilvollen Varianten unterscheiden sich in der Farbe des Hintergrunds, wobei die erste wetterbezogene Bilder enth\u00e4lt, die die aktuelle Situation widerspiegeln. Und Sie k\u00f6nnen ganz einfach Ihre eigenen Farben ausw\u00e4hlen! Die Widgets zeigen nicht nur die t\u00e4gliche Wettervorhersage f\u00fcr die kommende Woche, sondern auch Informationen zu den aktuellen Bedingungen: Temperatur, Luftfeuchtigkeit, Luftdruck, Windgeschwindigkeit und vieles mehr. Sie k\u00f6nnen einen beliebigen Ort einf\u00fcgen - das Widget findet ihn und zeigt genaue Daten an.<\/div><\/div>\n                <\/div>\n\n                <div class=\"application-examples-item-iframe-container browser-frame\">\n                    <div class=\"application-examples-item-iframe-wrapper\">\n                        <iframe class=\"application-examples-item-iframe application-examples-item-iframe-fixed-height\" data-src=\"https:\/\/elfsight.com\/examples?widget_id=c195b709-ba65-4259-b6df-9a2959de690f&padding=28px+40px+40px\" width=\"100%\" height=\"500\" allow=\"autoplay; fullscreen\"><\/iframe>\n                    <\/div>\n\n                    <div class=\"application-examples-item-loader\"><\/div>\n                <\/div>\n            <\/div>\n\n<div class=\"application-examples-item application-examples-item-loading\">\n                            <div class=\"col-row\">\n                                <div class=\"col-6 col-m-8 col-s-12\"><\/div>\n                <\/div>\n\n                <div class=\"application-examples-item-iframe-container browser-frame\">\n                    <div class=\"application-examples-item-iframe-wrapper\">\n                        <iframe class=\"application-examples-item-iframe application-examples-item-iframe-fixed-height\" data-src=\"https:\/\/elfsight.com\/examples?widget_id=f1f5afb7-b32a-4b49-832f-1e1ab6d02e21&padding=28px+40px+40px\" width=\"100%\" height=\"500\" allow=\"autoplay; fullscreen\"><\/iframe>\n                    <\/div>\n\n                    <div class=\"application-examples-item-loader\"><\/div>\n                <\/div>\n            <\/div>\n\n<div class=\"application-examples-item application-examples-item-loading\">\n                            <div class=\"col-row\">\n                                <div class=\"col-6 col-m-8 col-s-12\"><\/div>\n                <\/div>\n\n                <div class=\"application-examples-item-iframe-container browser-frame\">\n                    <div class=\"application-examples-item-iframe-wrapper\">\n                        <iframe class=\"application-examples-item-iframe application-examples-item-iframe-fixed-height\" data-src=\"https:\/\/elfsight.com\/examples?widget_id=609240c1-c6b8-44f8-9b05-ecfe191de7c7&padding=28px+40px+40px\" width=\"100%\" height=\"500\" allow=\"autoplay; fullscreen\"><\/iframe>\n                    <\/div>\n\n                    <div class=\"application-examples-item-loader\"><\/div>\n                <\/div>\n            <\/div>\n\n<div class=\"application-examples-item application-examples-item-loading\">\n                            <div class=\"col-row\">\n                                <div class=\"col-6 col-m-8 col-s-12\"><h3 class=\"application-examples-item-title\">Beispiel 2. T\u00e4gliche Wettervorhersage Widget<\/h3><div class=\"application-examples-item-description\">Ein solches Widget eignet sich perfekt f\u00fcr Websites, auf denen die t\u00e4gliche Wettervorhersage auf entwirrte und helle Weise angezeigt werden muss. Zum Beispiel, damit Benutzer das Wetter \u00fcberpr\u00fcfen k\u00f6nnen, bevor sie ihre Outdoor-Aktivit\u00e4ten buchen. Dieses Widget sieht dank seiner lila Farbe auff\u00e4llig aus. Es ist nicht mit zus\u00e4tzlichen Details \u00fcberladen und zeigt deutlich das aktuelle Wetter sowie die t\u00e4gliche Vorhersage f\u00fcr die Woche. Sie k\u00f6nnen zwischen Fahrenheit und Celsius w\u00e4hlen und die Temperatureinheit ausblenden, um das Erscheinungsbild sauber zu halten.<\/div><\/div>\n                <\/div>\n\n                <div class=\"application-examples-item-iframe-container browser-frame\">\n                    <div class=\"application-examples-item-iframe-wrapper\">\n                        <iframe class=\"application-examples-item-iframe application-examples-item-iframe-fixed-height\" data-src=\"https:\/\/elfsight.com\/examples?widget_id=371ccf0d-4696-4970-a3f4-af72b44a3d00&padding=28px+40px+40px\" width=\"100%\" height=\"500\" allow=\"autoplay; fullscreen\"><\/iframe>\n                    <\/div>\n\n                    <div class=\"application-examples-item-loader\"><\/div>\n                <\/div>\n            <\/div>\n\n<div class=\"application-examples-item application-examples-item-loading\">\n                            <div class=\"col-row\">\n                                <div class=\"col-6 col-m-8 col-s-12\"><h3 class=\"application-examples-item-title\">Beispiel 3. St\u00fcndliche Wettervorhersage Widget<\/h3><div class=\"application-examples-item-description\">Mit Hilfe des Elfsight-Widgets sehen st\u00fcndliche Wetterdaten auf Ihrer Website gro\u00dfartig aus. Dieses Beispiel beweist es. Es ist moderat und liefert dennoch alle wichtigen Informationen. Benutzer k\u00f6nnen das aktuelle Wetter dank des Themenhintergrunds visualisieren und stundenweise \u00fcberpr\u00fcfen, was als n\u00e4chstes kommt. Durch Ziehen oder Verwenden von Schiebereglern k\u00f6nnen sie das Wetter bis zum Ende des Tages \u00fcberpr\u00fcfen. Sch\u00f6ne animierte Wettersymbole verleihen dem sauberen Erscheinungsbild des Widgets ein wenig Lebendigkeit.<\/div><\/div>\n                <\/div>\n\n                <div class=\"application-examples-item-iframe-container browser-frame\">\n                    <div class=\"application-examples-item-iframe-wrapper\">\n                        <iframe class=\"application-examples-item-iframe application-examples-item-iframe-fixed-height\" data-src=\"https:\/\/elfsight.com\/examples?widget_id=6d14409b-c40e-44e4-9e8c-138d11209ee3&padding=28px+40px+40px\" width=\"100%\" height=\"500\" allow=\"autoplay; fullscreen\"><\/iframe>\n                    <\/div>\n\n                    <div class=\"application-examples-item-loader\"><\/div>\n                <\/div>\n            <\/div>\n\n<div class=\"application-examples-item application-examples-item-loading\">\n                            <div class=\"col-row\">\n                                <div class=\"col-6 col-m-8 col-s-12\"><h3 class=\"application-examples-item-title\">Beispiel 4.  Aktuelles Wetter in Website<\/h3><div class=\"application-examples-item-description\">F\u00fcr Websites mit begrenztem Speicherplatz oder wenn keine detaillierten Informationen erforderlich sind, sind diese beiden Widgets die perfekte Erg\u00e4nzung. Sie sind klein und es ist einfach, die Gr\u00f6\u00dfe in den Einstellungen zu variieren und auch die Schriftgr\u00f6\u00dfe anzupassen. Es sind nur wichtige Daten: Standortname, aktuelle Temperatur und Wetterelemente. Sie k\u00f6nnen die Sprache der Benutzeroberfl\u00e4che \u00e4ndern, um sie an Ihre Zielgruppe anzupassen.<\/div><\/div>\n                <\/div>\n\n                <div class=\"application-examples-item-iframe-container browser-frame\">\n                    <div class=\"application-examples-item-iframe-wrapper\">\n                        <iframe class=\"application-examples-item-iframe application-examples-item-iframe-fixed-height\" data-src=\"https:\/\/elfsight.com\/examples?widget_id=1c68afba-d008-4b15-9485-3db979fabb96&padding=28px+40px+40px\" width=\"100%\" height=\"300\" allow=\"autoplay; fullscreen\"><\/iframe>\n                    <\/div>\n\n                    <div class=\"application-examples-item-loader\"><\/div>\n                <\/div>\n            <\/div>\n\n<div class=\"application-examples-item application-examples-item-loading\">\n                            <div class=\"col-row\">\n                                <div class=\"col-6 col-m-8 col-s-12\"><\/div>\n                <\/div>\n\n                <div class=\"application-examples-item-iframe-container browser-frame\">\n                    <div class=\"application-examples-item-iframe-wrapper\">\n                        <iframe class=\"application-examples-item-iframe application-examples-item-iframe-fixed-height\" data-src=\"https:\/\/elfsight.com\/examples?widget_id=3048f5c4-9870-4b7f-b69a-0fe3c119d662&padding=28px+40px+40px\" width=\"100%\" height=\"300\" allow=\"autoplay; fullscreen\"><\/iframe>\n                    <\/div>\n\n                    <div class=\"application-examples-item-loader\"><\/div>\n                <\/div>\n            <\/div>\n\n<div class=\"application-examples-item application-examples-item-loading\">\n                            <div class=\"col-row\">\n                                <div class=\"col-6 col-m-8 col-s-12\"><h3 class=\"application-examples-item-title\">Beispiel 5. Aktuelle Temperatur<\/h3><div class=\"application-examples-item-description\">Dieses nette kleine Widget zeigt nur die Temperatur und das Wettersymbol an. Es ist maximal moderat und gibt den Benutzern dennoch einen \u00dcberblick \u00fcber das Wetter drau\u00dfen. Wenn Sie Platz sparen und die Benutzer dennoch auf dem Laufenden halten m\u00f6chten, ist diese Variante genau das Richtige f\u00fcr Sie. \u00c4ndern Sie die Farben, um eine bessere Passform zu erzielen - und ein ideales Wetter-Widget ist da!<\/div><\/div>\n                <\/div>\n\n                <div class=\"application-examples-item-iframe-container browser-frame\">\n                    <div class=\"application-examples-item-iframe-wrapper\">\n                        <iframe class=\"application-examples-item-iframe application-examples-item-iframe-fixed-height\" data-src=\"https:\/\/elfsight.com\/examples?widget_id=4284e2c2-a8cd-4003-809e-058d1e802624&padding=28px+40px+40px\" width=\"100%\" height=\"300\" allow=\"autoplay; fullscreen\"><\/iframe>\n                    <\/div>\n\n                    <div class=\"application-examples-item-loader\"><\/div>\n                <\/div>\n            <\/div>\n","protected":false},"excerpt":{"rendered":"","protected":false},"author":11,"featured_media":0,"parent":2173,"menu_order":0,"comment_status":"closed","ping_status":"closed","template":"templates\/template-application-examples.php","meta":{"publish_to_discourse":"","publish_post_category":"","wpdc_auto_publish_overridden":"","wpdc_topic_tags":"","wpdc_pin_topic":"","wpdc_pin_until":"","discourse_post_id":"","discourse_permalink":"","wpdc_publishing_response":"","wpdc_publishing_error":"","footnotes":""},"class_list":["post-2175","page","type-page","status-publish","hentry"],"yoast_head":"<!-- This site is optimized with the Yoast SEO plugin v25.3.1 - https:\/\/yoast.com\/wordpress\/plugins\/seo\/ -->\n<title>Wetter Plugin f\u00fcr Ihre Website (kostenlos und schnell)<\/title>\n<meta name=\"description\" content=\"Integrieren Sie Ihr bestes Wettervorhersage Plugin f\u00fcr Website. Testen Sie eine kostenlose Demo zum kostenlosen Wetter Plugins von Elfsight.\" \/>\n<meta name=\"robots\" content=\"index, follow, max-snippet:-1, max-image-preview:large, max-video-preview:-1\" \/>\n<link rel=\"canonical\" href=\"https:\/\/elfsight.com\/de\/weather-widget\/examples\/\" \/>\n<meta property=\"og:locale\" content=\"de_DE\" \/>\n<meta property=\"og:type\" content=\"article\" \/>\n<meta property=\"og:title\" content=\"Wetter Plugin f\u00fcr Ihre Website (kostenlos und schnell)\" \/>\n<meta property=\"og:description\" content=\"Integrieren Sie Ihr bestes Wettervorhersage Plugin f\u00fcr Website. Testen Sie eine kostenlose Demo zum kostenlosen Wetter Plugins von Elfsight.\" \/>\n<meta property=\"og:url\" content=\"https:\/\/elfsight.com\/de\/weather-widget\/examples\/\" \/>\n<meta property=\"og:site_name\" content=\"Elfsight DE\" \/>\n<meta property=\"article:modified_time\" content=\"2020-08-04T13:35:45+00:00\" \/>\n<meta name=\"twitter:card\" content=\"summary_large_image\" \/>\n<meta name=\"twitter:label1\" content=\"Gesch\u00e4tzte Lesezeit\" \/>\n\t<meta name=\"twitter:data1\" content=\"3\u00a0Minuten\" \/>\n<!-- \/ Yoast SEO plugin. -->","yoast_head_json":{"title":"Wetter Plugin f\u00fcr Ihre Website (kostenlos und schnell)","description":"Integrieren Sie Ihr bestes Wettervorhersage Plugin f\u00fcr Website. Testen Sie eine kostenlose Demo zum kostenlosen Wetter Plugins von Elfsight.","robots":{"index":"index","follow":"follow","max-snippet":"max-snippet:-1","max-image-preview":"max-image-preview:large","max-video-preview":"max-video-preview:-1"},"canonical":"https:\/\/elfsight.com\/de\/weather-widget\/examples\/","og_locale":"de_DE","og_type":"article","og_title":"Wetter Plugin f\u00fcr Ihre Website (kostenlos und schnell)","og_description":"Integrieren Sie Ihr bestes Wettervorhersage Plugin f\u00fcr Website. Testen Sie eine kostenlose Demo zum kostenlosen Wetter Plugins von Elfsight.","og_url":"https:\/\/elfsight.com\/de\/weather-widget\/examples\/","og_site_name":"Elfsight DE","article_modified_time":"2020-08-04T13:35:45+00:00","twitter_card":"summary_large_image","twitter_misc":{"Gesch\u00e4tzte Lesezeit":"3\u00a0Minuten"},"schema":{"@context":"https:\/\/schema.org","@graph":[{"@type":"WebPage","@id":"https:\/\/elfsight.com\/de\/weather-widget\/examples\/","url":"https:\/\/elfsight.com\/de\/weather-widget\/examples\/","name":"Wetter Plugin f\u00fcr Ihre Website (kostenlos und schnell)","isPartOf":{"@id":"https:\/\/elfsight.com\/de\/#website"},"datePublished":"2020-08-04T13:11:10+00:00","dateModified":"2020-08-04T13:35:45+00:00","description":"Integrieren Sie Ihr bestes Wettervorhersage Plugin f\u00fcr Website. Testen Sie eine kostenlose Demo zum kostenlosen Wetter Plugins von Elfsight.","breadcrumb":{"@id":"https:\/\/elfsight.com\/de\/weather-widget\/examples\/#breadcrumb"},"inLanguage":"de","potentialAction":[{"@type":"ReadAction","target":["https:\/\/elfsight.com\/de\/weather-widget\/examples\/"]}]},{"@type":"BreadcrumbList","@id":"https:\/\/elfsight.com\/de\/weather-widget\/examples\/#breadcrumb","itemListElement":[{"@type":"ListItem","position":1,"name":"Home","item":"https:\/\/elfsight.com\/de\/"},{"@type":"ListItem","position":2,"name":"Weather","item":"https:\/\/elfsight.com\/de\/weather-widget\/"},{"@type":"ListItem","position":3,"name":"Weather &#8211; Examples"}]},{"@type":"WebSite","@id":"https:\/\/elfsight.com\/de\/#website","url":"https:\/\/elfsight.com\/de\/","name":"Elfsight DE","description":"Just another Elfsight Sites site","potentialAction":[{"@type":"SearchAction","target":{"@type":"EntryPoint","urlTemplate":"https:\/\/elfsight.com\/de\/?s={search_term_string}"},"query-input":{"@type":"PropertyValueSpecification","valueRequired":true,"valueName":"search_term_string"}}],"inLanguage":"de"}]}},"meta_box":{"industry":"","seo_heading":"","heading":"","description":"","cta_heading":"","cta_description":"","application":"498","h1":"Beispiele f\u00fcr das Wetter Widget auf Ihre Seite","h1_caption":"Sehen Sie alle Beispiele f\u00fcr Wetter Plugin f\u00fcr Website, um das volle Potenzial des Widgets zu erkennen.","application_category":[],"applications_title":"","applications_request_title":"","applications_request_button_text":"","hero_text":"","hero_video":"","hero_video_schema_markup":"","selling_points_title":"","selling_points_caption":"","selling_points":[],"selling_points_cta_text":"","features_title":"","features":"","ed_cta_examples_text":"","ed_cta_examples_hidden":"","ed_cta_demo_text":"","ed_cta_demo_hidden":"","why_caption":"","why_editor_title":"","why_editor_text":"","why_team_title":"","why_team_text":"","why_service_title":"","why_service_text":"","template_catalog_visible":"","template_catalog_title":"","template_catalog_text":"","template_catalog_categories_visible":"","demo_title":"","demo_caption":"","default_faq_hidden":"","app_template_category":[],"platform":"","template_public_id":"","codecanyon_url":"","codecanyon_item_id":"","codecanyon_price":"","pricing_caption":"","pricing_elfsight_apps_hide_column":"","pricing_elfsight_apps_url":"","pricing_codecanyon_price_caption":"","integration_category":[],"integration_request_title":"","integration_request_cta":"","integration_platform":"","integrations":[],"platform_category":[],"video_schema_markup":"","price":"","trial":"","benefits":[],"button_url":"","button_target_blank":"","button_nofollow":"","attributes":[],"tags":[],"tags_disable_links":"","hide_more_platforms":"","video_object":"","demo_hide_cta":"","demo_hide_cloud_options":"","pricing_title":"","pricing":[],"related_apps_title":"","related_apps_hidden":"","author":"","image":[],"title":"","job":"","social_networks":[]},"_links":{"self":[{"href":"https:\/\/elfsight.com\/de\/wp-json\/wp\/v2\/pages\/2175","targetHints":{"allow":["GET"]}}],"collection":[{"href":"https:\/\/elfsight.com\/de\/wp-json\/wp\/v2\/pages"}],"about":[{"href":"https:\/\/elfsight.com\/de\/wp-json\/wp\/v2\/types\/page"}],"author":[{"embeddable":true,"href":"https:\/\/elfsight.com\/de\/wp-json\/wp\/v2\/users\/11"}],"replies":[{"embeddable":true,"href":"https:\/\/elfsight.com\/de\/wp-json\/wp\/v2\/comments?post=2175"}],"version-history":[{"count":5,"href":"https:\/\/elfsight.com\/de\/wp-json\/wp\/v2\/pages\/2175\/revisions"}],"predecessor-version":[{"id":2199,"href":"https:\/\/elfsight.com\/de\/wp-json\/wp\/v2\/pages\/2175\/revisions\/2199"}],"up":[{"embeddable":true,"href":"https:\/\/elfsight.com\/de\/wp-json\/wp\/v2\/pages\/2173"}],"wp:attachment":[{"href":"https:\/\/elfsight.com\/de\/wp-json\/wp\/v2\/media?parent=2175"}],"curies":[{"name":"wp","href":"https:\/\/api.w.org\/{rel}","templated":true}]}}