{"id":2118,"date":"2020-08-03T08:51:18","date_gmt":"2020-08-03T08:51:18","guid":{"rendered":"https:\/\/elfsight.com\/de\/?page_id=2118"},"modified":"2022-03-21T09:51:22","modified_gmt":"2022-03-21T09:51:22","slug":"pricing","status":"publish","type":"page","link":"https:\/\/elfsight.com\/de\/pdf-embed-widget\/pricing\/","title":{"rendered":"PDF Embed &#8211; Pricing"},"content":{"rendered":"\n<div class=\"faq\" data-component=\"FAQ\">\n<div class=\"faq-item\">\r\n\t\t\t\t\t<div class=\"faq-item-question\">\r\n\t\t\t\t\t\t<h3 class=\"faq-item-question-text\">Kann ich Ihre Apps ohne Bezahlung einbinden?<\/h3>\r\n\r\n\t\t\t\t\t\t<div class=\"faq-item-question-icon\"><\/div>\r\n\t\t\t\t\t<\/div>\r\n\r\n\t\t\t\t\t<div class=\"faq-item-answer\">\r\n\t\t\t\t\t\t<div class=\"faq-item-answer-text\">\nJa, nat\u00fcrlich. Unsere Firma bietet einen kostenlosen Plan f\u00fcr Apps an. Dar\u00fcber hinaus beschr\u00e4nken wir die wesentlichen Hauptfunktionen und die Bearbeitungsoptionen nicht. Beeilen Sie sich alle Vorteile kostenloser Elfsight-Widgets f\u00fcr Ihre Website zu nutzen.\n<\/div>\r\n\t\t\t\t\t<\/div>\r\n\t\t\t\t<\/div>\n<div class=\"faq\" data-component=\"FAQ\"><\/div>\n<div class=\"faq-item\">\r\n\t\t\t\t\t<div class=\"faq-item-question\">\r\n\t\t\t\t\t\t<h3 class=\"faq-item-question-text\">Haben Sie ein Testzeitraum f\u00fcr Ihre Plugins?<\/h3>\r\n\r\n\t\t\t\t\t\t<div class=\"faq-item-question-icon\"><\/div>\r\n\t\t\t\t\t<\/div>\r\n\r\n\t\t\t\t\t<div class=\"faq-item-answer\">\r\n\t\t\t\t\t\t<div class=\"faq-item-answer-text\">\nElfsight kostenloses Abonnement hat keine Nutzungsbeschr\u00e4nkung. Sie k\u00f6nnen das Plugin auf der Website so lange haben, wie Sie es m\u00f6chten.\n<\/div>\r\n\t\t\t\t\t<\/div>\r\n\t\t\t\t<\/div>\n<div class=\"faq\" data-component=\"FAQ\"><\/div>\n<div class=\"faq-item\">\r\n\t\t\t\t\t<div class=\"faq-item-question\">\r\n\t\t\t\t\t\t<h3 class=\"faq-item-question-text\">Bieten Sie Rabatt-Coupons an?<\/h3>\r\n\r\n\t\t\t\t\t\t<div class=\"faq-item-question-icon\"><\/div>\r\n\t\t\t\t\t<\/div>\r\n\r\n\t\t\t\t\t<div class=\"faq-item-answer\">\r\n\t\t\t\t\t\t<div class=\"faq-item-answer-text\">\nJa, Sie k\u00f6nnen 20% Willkommensgutschein f\u00fcr Ihr erstes Abonnement verwenden. Bitte denken Sie daran, dass Sie es innerhalb von 24 Stunden einf\u00fcgen k\u00f6nnen. Dann haben Sie 30% Gutscheincode f\u00fcr den zweiten Kauf eines bezahlten Plugin.\n<\/div>\r\n\t\t\t\t\t<\/div>\r\n\t\t\t\t<\/div>\n<div class=\"faq\" data-component=\"FAQ\"><\/div>\n<div class=\"faq-item\">\r\n\t\t\t\t\t<div class=\"faq-item-question\">\r\n\t\t\t\t\t\t<h3 class=\"faq-item-question-text\">Kann ich dem Abonnement f\u00fcr das Widget nach dem Kauf \u00e4ndern?<\/h3>\r\n\r\n\t\t\t\t\t\t<div class=\"faq-item-question-icon\"><\/div>\r\n\t\t\t\t\t<\/div>\r\n\r\n\t\t\t\t\t<div class=\"faq-item-answer\">\r\n\t\t\t\t\t\t<div class=\"faq-item-answer-text\">\nSie k\u00f6nnen Ihr Abonnement st\u00fcndlich \u00e4ndern oder k\u00fcndigen. Die Kosten des abgelaufenen Plans werden in einen neuen Plan umgerechnet.\n<\/div>\r\n\t\t\t\t\t<\/div>\r\n\t\t\t\t<\/div>\n<div class=\"faq\" data-component=\"FAQ\"><\/div>\n<div class=\"faq-item\">\r\n\t\t\t\t\t<div class=\"faq-item-question\">\r\n\t\t\t\t\t\t<h3 class=\"faq-item-question-text\">Was ist die Einschr\u00e4nkung der Plugin-Aufrufe?<\/h3>\r\n\r\n\t\t\t\t\t\t<div class=\"faq-item-question-icon\"><\/div>\r\n\t\t\t\t\t<\/div>\r\n\r\n\t\t\t\t\t<div class=\"faq-item-answer\">\r\n\t\t\t\t\t\t<div class=\"faq-item-answer-text\">\nDie Menge der Aufrufe gibt die Anzahl der Widget-Ladevorg\u00e4nge auf Ihrer Seite an. Dies bedeutet die der Menge der einzigartigen Besucher auf einer Website mit den Widgets.\nDas Limit hat eine monatliche Basis und wird jeden Monat erneuert. Wenn Ihr Limit beispielsweise 5.000 Aufrufe hat, haben Sie jeden Monat 5.000 Aufrufe f\u00fcr Ihr App.\n<\/div>\r\n\t\t\t\t\t<\/div>\r\n\t\t\t\t<\/div>\n<div class=\"faq\" data-component=\"FAQ\"><\/div>\n<div class=\"faq-item\">\r\n\t\t\t\t\t<div class=\"faq-item-question\">\r\n\t\t\t\t\t\t<h3 class=\"faq-item-question-text\">Wie viele Seiten kann ich das Plugin auf einbinden?<\/h3>\r\n\r\n\t\t\t\t\t\t<div class=\"faq-item-question-icon\"><\/div>\r\n\t\t\t\t\t<\/div>\r\n\r\n\t\t\t\t\t<div class=\"faq-item-answer\">\r\n\t\t\t\t\t\t<div class=\"faq-item-answer-text\">\nWenn Sie einen kostenlosen Plan erhalten, k\u00f6nnen Sie der App nur auf nur einer Seite hinzuf\u00fcgen.\nIn den bezahlten Pl\u00e4nen gibt es keine solche Begrenzung &#8211; Sie k\u00f6nnen so viele Plugins f\u00fcr Ihre Website einbetten wie Sie m\u00f6chten.\n<\/div>\r\n\t\t\t\t\t<\/div>\r\n\t\t\t\t<\/div>\n<div class=\"faq\" data-component=\"FAQ\"><\/div>\n<div class=\"faq-item\">\r\n\t\t\t\t\t<div class=\"faq-item-question\">\r\n\t\t\t\t\t\t<h3 class=\"faq-item-question-text\"> Bieten Sie Ihren Kunden kostenlose Einstellungshilfe an?<\/h3>\r\n\r\n\t\t\t\t\t\t<div class=\"faq-item-question-icon\"><\/div>\r\n\t\t\t\t\t<\/div>\r\n\r\n\t\t\t\t\t<div class=\"faq-item-answer\">\r\n\t\t\t\t\t\t<div class=\"faq-item-answer-text\">\nJa, unser Team garantiert allen Kunden kostenlose n Support bei der Anpassung des Widgets. Elfsight Benutzer k\u00f6nnen unser professionelles Support-Team E-Mail senden.\n<\/div>\r\n\t\t\t\t\t<\/div>\r\n\t\t\t\t<\/div>\n<\/div>\n","protected":false},"excerpt":{"rendered":"","protected":false},"author":11,"featured_media":0,"parent":2114,"menu_order":0,"comment_status":"closed","ping_status":"closed","template":"templates\/template-application-pricing.php","meta":{"publish_to_discourse":"","publish_post_category":"","wpdc_auto_publish_overridden":"","wpdc_topic_tags":"","wpdc_pin_topic":"","wpdc_pin_until":"","discourse_post_id":"","discourse_permalink":"","wpdc_publishing_response":"","wpdc_publishing_error":"","footnotes":""},"class_list":["post-2118","page","type-page","status-publish","hentry"],"yoast_head":"<!-- This site is optimized with the Yoast SEO plugin v25.3.1 - https:\/\/yoast.com\/wordpress\/plugins\/seo\/ -->\n<title>PDF Plugin-Preise - kostenlos und premium [2025]<\/title>\n<meta name=\"description\" content=\"Erstellen Sie Ihr PDF Plugin f\u00fcr die Website zum niedrigsten Preis! Die Tarife f\u00fcr das PDF Widget reichen von kostenlos bis premium.\" \/>\n<meta name=\"robots\" content=\"index, follow, max-snippet:-1, max-image-preview:large, max-video-preview:-1\" \/>\n<link rel=\"canonical\" href=\"https:\/\/elfsight.com\/de\/pdf-embed-widget\/pricing\/\" \/>\n<meta property=\"og:locale\" content=\"de_DE\" \/>\n<meta property=\"og:type\" content=\"article\" \/>\n<meta property=\"og:title\" content=\"PDF Plugin-Preise - kostenlos und premium [2025]\" \/>\n<meta property=\"og:description\" content=\"Erstellen Sie Ihr PDF Plugin f\u00fcr die Website zum niedrigsten Preis! Die Tarife f\u00fcr das PDF Widget reichen von kostenlos bis premium.\" \/>\n<meta property=\"og:url\" content=\"https:\/\/elfsight.com\/de\/pdf-embed-widget\/pricing\/\" \/>\n<meta property=\"og:site_name\" content=\"Elfsight DE\" \/>\n<meta property=\"article:modified_time\" content=\"2022-03-21T09:51:22+00:00\" \/>\n<meta name=\"twitter:card\" content=\"summary_large_image\" \/>\n<meta name=\"twitter:label1\" content=\"Gesch\u00e4tzte Lesezeit\" \/>\n\t<meta name=\"twitter:data1\" content=\"2\u00a0Minuten\" \/>\n<!-- \/ Yoast SEO plugin. -->","yoast_head_json":{"title":"PDF Plugin-Preise - kostenlos und premium [2025]","description":"Erstellen Sie Ihr PDF Plugin f\u00fcr die Website zum niedrigsten Preis! Die Tarife f\u00fcr das PDF Widget reichen von kostenlos bis premium.","robots":{"index":"index","follow":"follow","max-snippet":"max-snippet:-1","max-image-preview":"max-image-preview:large","max-video-preview":"max-video-preview:-1"},"canonical":"https:\/\/elfsight.com\/de\/pdf-embed-widget\/pricing\/","og_locale":"de_DE","og_type":"article","og_title":"PDF Plugin-Preise - kostenlos und premium [2025]","og_description":"Erstellen Sie Ihr PDF Plugin f\u00fcr die Website zum niedrigsten Preis! Die Tarife f\u00fcr das PDF Widget reichen von kostenlos bis premium.","og_url":"https:\/\/elfsight.com\/de\/pdf-embed-widget\/pricing\/","og_site_name":"Elfsight DE","article_modified_time":"2022-03-21T09:51:22+00:00","twitter_card":"summary_large_image","twitter_misc":{"Gesch\u00e4tzte Lesezeit":"2\u00a0Minuten"},"schema":{"@context":"https:\/\/schema.org","@graph":[{"@type":"WebPage","@id":"https:\/\/elfsight.com\/de\/pdf-embed-widget\/pricing\/","url":"https:\/\/elfsight.com\/de\/pdf-embed-widget\/pricing\/","name":"PDF Plugin-Preise - kostenlos und premium [2025]","isPartOf":{"@id":"https:\/\/elfsight.com\/de\/#website"},"datePublished":"2020-08-03T08:51:18+00:00","dateModified":"2022-03-21T09:51:22+00:00","description":"Erstellen Sie Ihr PDF Plugin f\u00fcr die Website zum niedrigsten Preis! Die Tarife f\u00fcr das PDF Widget reichen von kostenlos bis premium.","breadcrumb":{"@id":"https:\/\/elfsight.com\/de\/pdf-embed-widget\/pricing\/#breadcrumb"},"inLanguage":"de","potentialAction":[{"@type":"ReadAction","target":["https:\/\/elfsight.com\/de\/pdf-embed-widget\/pricing\/"]}]},{"@type":"BreadcrumbList","@id":"https:\/\/elfsight.com\/de\/pdf-embed-widget\/pricing\/#breadcrumb","itemListElement":[{"@type":"ListItem","position":1,"name":"Home","item":"https:\/\/elfsight.com\/de\/"},{"@type":"ListItem","position":2,"name":"PDF Embed","item":"https:\/\/elfsight.com\/de\/pdf-embed-widget\/"},{"@type":"ListItem","position":3,"name":"PDF Embed &#8211; Pricing"}]},{"@type":"WebSite","@id":"https:\/\/elfsight.com\/de\/#website","url":"https:\/\/elfsight.com\/de\/","name":"Elfsight DE","description":"Just another Elfsight Sites site","potentialAction":[{"@type":"SearchAction","target":{"@type":"EntryPoint","urlTemplate":"https:\/\/elfsight.com\/de\/?s={search_term_string}"},"query-input":{"@type":"PropertyValueSpecification","valueRequired":true,"valueName":"search_term_string"}}],"inLanguage":"de"}]}},"meta_box":{"industry":"","seo_heading":"","heading":"","description":"","cta_heading":"","cta_description":"","application":"484","h1":"Preise f\u00fcr PDF Widget","h1_caption":"14 Tage Geld-zur\u00fcck-Garantie. Ohne Risiko.","application_category":[],"applications_title":"","applications_request_title":"","applications_request_button_text":"","hero_text":"","hero_video":"","hero_video_schema_markup":"","selling_points_title":"","selling_points_caption":"","selling_points":[],"selling_points_cta_text":"","features_title":"","features":"","ed_cta_examples_text":"","ed_cta_examples_hidden":"","ed_cta_demo_text":"","ed_cta_demo_hidden":"","why_caption":"","why_editor_title":"","why_editor_text":"","why_team_title":"","why_team_text":"","why_service_title":"","why_service_text":"","template_catalog_visible":"","template_catalog_title":"","template_catalog_text":"","template_catalog_categories_visible":"","demo_title":"","demo_caption":"","default_faq_hidden":"1","app_template_category":[],"platform":"","template_public_id":"","codecanyon_url":"","codecanyon_item_id":"","codecanyon_price":"","pricing_caption":"","pricing_elfsight_apps_hide_column":"","pricing_elfsight_apps_url":"","pricing_codecanyon_price_caption":"","integration_category":[],"integration_request_title":"","integration_request_cta":"","integration_platform":"","integrations":[],"platform_category":[],"video_schema_markup":"","price":"","trial":"","benefits":[],"button_url":"","button_target_blank":"","button_nofollow":"","attributes":[],"tags":[],"tags_disable_links":"","hide_more_platforms":"","video_object":"","demo_hide_cta":"","demo_hide_cloud_options":"","pricing_title":"","pricing":[],"related_apps_title":"","related_apps_hidden":"","author":"","image":[],"title":"","job":"","social_networks":[]},"_links":{"self":[{"href":"https:\/\/elfsight.com\/de\/wp-json\/wp\/v2\/pages\/2118","targetHints":{"allow":["GET"]}}],"collection":[{"href":"https:\/\/elfsight.com\/de\/wp-json\/wp\/v2\/pages"}],"about":[{"href":"https:\/\/elfsight.com\/de\/wp-json\/wp\/v2\/types\/page"}],"author":[{"embeddable":true,"href":"https:\/\/elfsight.com\/de\/wp-json\/wp\/v2\/users\/11"}],"replies":[{"embeddable":true,"href":"https:\/\/elfsight.com\/de\/wp-json\/wp\/v2\/comments?post=2118"}],"version-history":[{"count":5,"href":"https:\/\/elfsight.com\/de\/wp-json\/wp\/v2\/pages\/2118\/revisions"}],"predecessor-version":[{"id":7023,"href":"https:\/\/elfsight.com\/de\/wp-json\/wp\/v2\/pages\/2118\/revisions\/7023"}],"up":[{"embeddable":true,"href":"https:\/\/elfsight.com\/de\/wp-json\/wp\/v2\/pages\/2114"}],"wp:attachment":[{"href":"https:\/\/elfsight.com\/de\/wp-json\/wp\/v2\/media?parent=2118"}],"curies":[{"name":"wp","href":"https:\/\/api.w.org\/{rel}","templated":true}]}}