{"id":21043,"date":"2024-05-03T06:55:50","date_gmt":"2024-05-03T06:55:50","guid":{"rendered":"https:\/\/elfsight.com\/de\/?page_id=21043"},"modified":"2026-01-30T11:05:45","modified_gmt":"2026-01-30T11:05:45","slug":"webflow","status":"publish","type":"page","link":"https:\/\/elfsight.com\/de\/youtube-channel-plugin-yottie\/webflow\/","title":{"rendered":"YouTube Gallery &#8211; Webflow"},"content":{"rendered":"\n<div class=\"application-platform-content-item-description application-platform-content-item\" id=\"description\" data-nav-section=\"description\">\n<h2>F\u00fcgen Sie die YouTube-Galerie mit dem Elfsight-Widget auf Webflow ein<\/h2>\n<p>Ein leistungsstarkes YouTube-Widget, das es erm\u00f6glicht, beliebige Videos auf Ihrer Website anzuzeigen. W\u00e4hlen Sie Kan\u00e4le oder einzelne Videos aus, um Ihre eigene Playlist oder Video-Galerie direkt auf einer Seite Ihrer Website zu erstellen. Unser Widget ist vollst\u00e4ndig anpassungsf\u00e4hig f\u00fcr alle Ger\u00e4te und Browser und bietet mehr als 100 einstellbare Parameter, ein flexibles Layout und weitere Funktionen, die die Integration in jede Website erm\u00f6glichen.<\/p>\n<p><b>Erstellen Sie eine einzigartige interaktive Video-Galerie, um das Engagement der Nutzer zu steigern<\/b>.<\/p>\n<ul>\n<li><b>H\u00f6heres Engagement der Website-Besucher mit YouTube-Videos<\/b>.<br>Unterhalten Sie Ihre Website-Besucher mit aufregendem YouTube-Content und halten Sie sie l\u00e4nger als je zuvor auf der Seite.<\/li>\n<li><b>Mehr Leads mit Werbevideos, Bewertungen, Tutorials und Erfahrungsberichten<\/b>.<br>Zeigen Sie Schulungsvideos, Bewertungen und mehr, um Ihren Besuchern vollst\u00e4ndige Informationen \u00fcber Ihre Angebote zu geben und sie zum Kauf zu \u00fcberzeugen.<\/li>\n<li><b>Neue YouTube-Abonnenten durch nahtloses Teilen von der Website<\/b>.<br>Verwandeln Sie Website-Besucher in YouTube-Kanal-Abonnenten, indem Sie eine schnelle und einfache M\u00f6glichkeit bieten, sich direkt von der Website aus zu abonnieren.<\/li>\n<\/ul>\n<\/div>\n<div class=\"application-platform-content-item-features application-platform-content-item\" id=\"features\" data-nav-section=\"features\">\n<h2>Hauptfunktionen des YouTube-Galerie-Widgets<\/h2>\n<p>Die wichtigsten Vorteile unseres Widgets, die es zu einem der besten Widgets f\u00fcr die Anzeige von YouTube-Videos auf Webflow machen.<\/p>\n<ul>\n<li>50+ vordefinierte soziale Plattformen;<\/li>\n<li>5 Icon-Gr\u00f6\u00dfenoptionen;<\/li>\n<li>3 Positionsvarianten;<\/li>\n<li>5 Animationstypen;<\/li>\n<li>3 Farbschemata f\u00fcr Icons, Hintergrund und Hover-Effekt;<\/li>\n<li>5 Hover-Effekt-Typen.<\/li>\n<\/ul>\n<p><a href=\"#demo\">Probieren Sie alle Funktionen aus<\/a><\/p>\n<\/div>\n<div class=\"application-platform-content-item-installation application-platform-content-item\" id=\"installation\" data-nav-section=\"installation\">\n<h2>So f\u00fcgen Sie die YouTube Video-Galerie in Ihre Webflow-Website ein<\/h2>\n<div class=\"video-container\"><iframe allowfullscreen=\"\" frameborder=\"0\" height=\"405\" src=\"https:\/\/www.youtube.com\/embed\/K04i-D_i09c?si=MRgAqGsCvl4Qnl-f\" width=\"720\"><\/iframe><\/div>\n<p>Eine kurze Anleitung zum Erstellen und Anpassen eines Widgets ohne spezielle Webentwicklungskompetenzen. Die Installation dauert nur 3 Minuten.<\/p>\n<ol>\n<li><b>Erstellen Sie Ihre ma\u00dfgeschneiderte YouTube-Galerie<\/b>.<br>Mit unserer kostenlosen Demo k\u00f6nnen Sie ein Widget mit dem ben\u00f6tigten Layout und den entsprechenden Optionen erstellen.<\/li>\n<li><b>Erhalten Sie den Code zur Integration des Widgets<\/b>.<br>Nach der Anpassung des Widgets erhalten Sie den Code f\u00fcr das YouTube-Widget aus der angezeigten Benachrichtigung auf Elfsight Apps.<\/li>\n<li><b>F\u00fcgen Sie das Video-Widget auf Ihrer Website ein<\/b>.<br>Zeigen Sie das Widget an der gew\u00fcnschten Stelle der Seite an und speichern Sie die \u00c4nderungen.<\/li>\n<li><b>Die Installation ist abgeschlossen<\/b>.<br>Besuchen Sie Ihre Website, um Ihr Widget zu sehen.<\/li>\n<\/ol>\n<p>Hatten Sie Schwierigkeiten, einen Anpassungsparameter hinzuzuf\u00fcgen? Z\u00f6gern Sie nicht, sich an unser Support-Team zu wenden oder eine vollst\u00e4ndige Anleitung zu lesen: \u00ab<a href=\"https:\/\/elfsight.com\/tutorials\/how-to-embed-youtube-video-widget-on-webflow\/\" target=\"_blank\" rel=\"noopener noreferrer\">Wie Sie das YouTube-Widget auf Webflow installieren<\/a>\u00bb.<\/p>\n<div class=\"faq\" data-component=\"FAQ\">\n<div class=\"faq-item\">\r\n\t\t\t\t\t<div class=\"faq-item-question\">\r\n\t\t\t\t\t\t<h3 class=\"faq-item-question-text\">Wie kann ich das YouTube Video-Galerie-Widget in meine Webflow-Website einf\u00fcgen, ohne \u00fcber Programmierkenntnisse zu verf\u00fcgen?<\/h3>\r\n\r\n\t\t\t\t\t\t<div class=\"faq-item-question-icon\"><\/div>\r\n\t\t\t\t\t<\/div>\r\n\r\n\t\t\t\t\t<div class=\"faq-item-answer\">\r\n\t\t\t\t\t\t<div class=\"faq-item-answer-text\">\n\n<p>Elfsight bietet eine Cloud-basierte L\u00f6sung, mit der Nutzer ein YouTube-Video-Galerie-Widget selbst erstellen k\u00f6nnen. So einfach ist der Prozess:<\/p>\n<ul>\n<li>Greifen Sie auf den Online-Editor zu, um ein YouTube-Video-Galerie-Widget zu erstellen, das Sie in Ihre Webflow-Website integrieren m\u00f6chten.<\/li>\n<li>W\u00e4hlen Sie eines unserer vorgefertigten Designs und passen Sie die Einstellungen des YouTube-Video-Galerie-Widgets an, \u00e4ndern Sie das Layout und Farbschema und f\u00fcgen Sie Ihre Inhalte ohne Programmierkenntnisse hinzu.<\/li>\n<li>Speichern Sie die f\u00fcr das YouTube-Video-Galerie-Widget konfigurierten Einstellungen und erhalten Sie den Code f\u00fcr das Widget, den Sie problemlos auf Ihrer Webflow-Website einf\u00fcgen k\u00f6nnen \u2013 kostenlos.<\/li>\n<\/ul>\n<p>Mit dem benutzerfreundlichen Editor kann jeder Internetnutzer ein YouTube-Video-Galerie-Widget erstellen und es in seine Webflow-Website einbetten. Es ist keine Zahlung oder Angabe von Kreditkarteninformationen erforderlich, um auf den Elfsight-Editor zuzugreifen. Wenn Sie auf Schwierigkeiten sto\u00dfen, k\u00f6nnen Sie sich gerne an unseren Kundensupport wenden.<\/p>\n<\/div>\r\n\t\t\t\t\t<\/div>\r\n\t\t\t\t<\/div>\n<\/div>\n<\/div>\n","protected":false},"excerpt":{"rendered":"","protected":false},"author":9,"featured_media":0,"parent":106,"menu_order":0,"comment_status":"closed","ping_status":"closed","template":"templates\/template-application-platform.php","meta":{"publish_to_discourse":"","publish_post_category":"","wpdc_auto_publish_overridden":"","wpdc_topic_tags":"","wpdc_pin_topic":"","wpdc_pin_until":"","discourse_post_id":"","discourse_permalink":"","wpdc_publishing_response":"","wpdc_publishing_error":"","footnotes":""},"class_list":["post-21043","page","type-page","status-publish","hentry"],"yoast_head":"<!-- This site is optimized with the Yoast SEO plugin v25.3.1 - https:\/\/yoast.com\/wordpress\/plugins\/seo\/ -->\n<title>YouTube-Galerie \u2013 Betten Sie das YouTube-Video-Widget in die Webflow-Website ein<\/title>\n<meta name=\"description\" content=\"Erstellen Sie in nur zwei Minuten Ihre einzigartige YouTube-Videogalerie auf der Webflow-Website! Probieren Sie einen kostenlosen Editor von Elfsight aus, um Ihr eigenes YouTube-Widget zu erstellen.\" \/>\n<meta name=\"robots\" content=\"index, follow, max-snippet:-1, max-image-preview:large, max-video-preview:-1\" \/>\n<link rel=\"canonical\" href=\"https:\/\/elfsight.com\/de\/youtube-channel-plugin-yottie\/webflow\/\" \/>\n<meta property=\"og:locale\" content=\"de_DE\" \/>\n<meta property=\"og:type\" content=\"article\" \/>\n<meta property=\"og:title\" content=\"YouTube-Galerie \u2013 Betten Sie das YouTube-Video-Widget in die Webflow-Website ein\" \/>\n<meta property=\"og:description\" content=\"Erstellen Sie in nur zwei Minuten Ihre einzigartige YouTube-Videogalerie auf der Webflow-Website! Probieren Sie einen kostenlosen Editor von Elfsight aus, um Ihr eigenes YouTube-Widget zu erstellen.\" \/>\n<meta property=\"og:url\" content=\"https:\/\/elfsight.com\/de\/youtube-channel-plugin-yottie\/webflow\/\" \/>\n<meta property=\"og:site_name\" content=\"Elfsight DE\" \/>\n<meta property=\"article:modified_time\" content=\"2026-01-30T11:05:45+00:00\" \/>\n<meta name=\"twitter:card\" content=\"summary_large_image\" \/>\n<meta name=\"twitter:label1\" content=\"Gesch\u00e4tzte Lesezeit\" \/>\n\t<meta name=\"twitter:data1\" content=\"3\u00a0Minuten\" \/>\n<!-- \/ Yoast SEO plugin. -->","yoast_head_json":{"title":"YouTube-Galerie \u2013 Betten Sie das YouTube-Video-Widget in die Webflow-Website ein","description":"Erstellen Sie in nur zwei Minuten Ihre einzigartige YouTube-Videogalerie auf der Webflow-Website! Probieren Sie einen kostenlosen Editor von Elfsight aus, um Ihr eigenes YouTube-Widget zu erstellen.","robots":{"index":"index","follow":"follow","max-snippet":"max-snippet:-1","max-image-preview":"max-image-preview:large","max-video-preview":"max-video-preview:-1"},"canonical":"https:\/\/elfsight.com\/de\/youtube-channel-plugin-yottie\/webflow\/","og_locale":"de_DE","og_type":"article","og_title":"YouTube-Galerie \u2013 Betten Sie das YouTube-Video-Widget in die Webflow-Website ein","og_description":"Erstellen Sie in nur zwei Minuten Ihre einzigartige YouTube-Videogalerie auf der Webflow-Website! Probieren Sie einen kostenlosen Editor von Elfsight aus, um Ihr eigenes YouTube-Widget zu erstellen.","og_url":"https:\/\/elfsight.com\/de\/youtube-channel-plugin-yottie\/webflow\/","og_site_name":"Elfsight DE","article_modified_time":"2026-01-30T11:05:45+00:00","twitter_card":"summary_large_image","twitter_misc":{"Gesch\u00e4tzte Lesezeit":"3\u00a0Minuten"},"schema":{"@context":"https:\/\/schema.org","@graph":[{"@type":"WebPage","@id":"https:\/\/elfsight.com\/de\/youtube-channel-plugin-yottie\/webflow\/","url":"https:\/\/elfsight.com\/de\/youtube-channel-plugin-yottie\/webflow\/","name":"YouTube-Galerie \u2013 Betten Sie das YouTube-Video-Widget in die Webflow-Website ein","isPartOf":{"@id":"https:\/\/elfsight.com\/de\/#website"},"datePublished":"2024-05-03T06:55:50+00:00","dateModified":"2026-01-30T11:05:45+00:00","description":"Erstellen Sie in nur zwei Minuten Ihre einzigartige YouTube-Videogalerie auf der Webflow-Website! Probieren Sie einen kostenlosen Editor von Elfsight aus, um Ihr eigenes YouTube-Widget zu erstellen.","breadcrumb":{"@id":"https:\/\/elfsight.com\/de\/youtube-channel-plugin-yottie\/webflow\/#breadcrumb"},"inLanguage":"de","potentialAction":[{"@type":"ReadAction","target":["https:\/\/elfsight.com\/de\/youtube-channel-plugin-yottie\/webflow\/"]}]},{"@type":"BreadcrumbList","@id":"https:\/\/elfsight.com\/de\/youtube-channel-plugin-yottie\/webflow\/#breadcrumb","itemListElement":[{"@type":"ListItem","position":1,"name":"Home","item":"https:\/\/elfsight.com\/de\/"},{"@type":"ListItem","position":2,"name":"YouTube Gallery","item":"https:\/\/elfsight.com\/de\/youtube-channel-plugin-yottie\/"},{"@type":"ListItem","position":3,"name":"YouTube Gallery &#8211; Webflow"}]},{"@type":"WebSite","@id":"https:\/\/elfsight.com\/de\/#website","url":"https:\/\/elfsight.com\/de\/","name":"Elfsight DE","description":"Just another Elfsight Sites site","potentialAction":[{"@type":"SearchAction","target":{"@type":"EntryPoint","urlTemplate":"https:\/\/elfsight.com\/de\/?s={search_term_string}"},"query-input":{"@type":"PropertyValueSpecification","valueRequired":true,"valueName":"search_term_string"}}],"inLanguage":"de"}]}},"meta_box":{"industry":"","seo_heading":"","heading":"","description":"","cta_heading":"","cta_description":"","application":"98","h1":"YouTube-Videogalerie-Widget f\u00fcr Webflow","h1_caption":"Betten Sie m\u00fchelos eine Galerie mit YouTube-Videos ein, um Inhalte wie Tutorials, Testimonials oder Produktpr\u00e4sentationen auf Ihrer Website in Ihre Webflow-Website einzubinden.","application_category":[],"applications_title":"","applications_request_title":"","applications_request_button_text":"","hero_text":"","hero_video":"","hero_video_schema_markup":"","selling_points_title":"","selling_points_caption":"","selling_points":[],"selling_points_cta_text":"","features_title":"","features":"","ed_cta_examples_text":"","ed_cta_examples_hidden":"","ed_cta_demo_text":"","ed_cta_demo_hidden":"","why_caption":"","why_editor_title":"","why_editor_text":"","why_team_title":"","why_team_text":"","why_service_title":"","why_service_text":"","template_catalog_visible":"0","template_catalog_title":"","template_catalog_text":"","template_catalog_categories_visible":"","demo_title":"Erstellen Sie Ihr YouTube-Galerie-Widget","demo_caption":"Konfigurieren Sie Ihre YouTube-Galerie und f\u00fcgen Sie sie kostenlos zu Ihrer Webflow-Website hinzu!","default_faq_hidden":"","app_template_category":[],"platform":"250","template_public_id":"","codecanyon_url":"","codecanyon_item_id":"","codecanyon_price":"","pricing_caption":"","pricing_elfsight_apps_hide_column":"","pricing_elfsight_apps_url":"","pricing_codecanyon_price_caption":"","integration_category":[],"integration_request_title":"","integration_request_cta":"","integration_platform":"","integrations":[],"platform_category":[],"video_schema_markup":"","price":"ab 0 $ \/ Monat","trial":"","benefits":[{"text":"Kostenlose Installationsunterst\u00fctzung"},{"text":"Effektiver Kundensupport"},{"text":"14-t\u00e4gige R\u00fcckerstattungsgarantie"},{"text":"Regelm\u00e4\u00dfige kostenlose Updates"}],"button_url":"#demo","button_target_blank":"0","button_nofollow":"0","attributes":[{"name":"Installiert","content":"100,000 - 500,000"},{"name":"Reaktionsfreudig","content":"Ja"},{"name":"Kompatible Browser","content":"Safari, Opera, Edge, Firefox, Chrome"}],"tags":[],"tags_disable_links":"0","hide_more_platforms":"0","video_object":"","demo_hide_cta":"0","demo_hide_cloud_options":"0","pricing_title":"","pricing":[{"pricing_icon":"platform","pricing_title":"Webflow widget","pricing_title_caption":"Plattform\u00fcbergreifende Software, die auf jeder Website funktioniert","pricing_price":"ab 0 $ \/ Monat","pricing_price_caption":"Beginnen Sie mit einem kostenlosen Plan","pricing_benefits":[{"text":"Unbegrenzte Anzahl an Websites"},{"text":"Kostenloser Premium-Support"},{"text":"Kostenloser Installationsservice"},{"text":"Sonderangebot f\u00fcr mehrere Apps"}],"pricing_button_text":"Zur Website hinzuf\u00fcgen","pricing_button_url":"#demo"}],"related_apps_title":"","related_apps_hidden":"0","author":"","image":[],"title":"","job":"","social_networks":[]},"_links":{"self":[{"href":"https:\/\/elfsight.com\/de\/wp-json\/wp\/v2\/pages\/21043","targetHints":{"allow":["GET"]}}],"collection":[{"href":"https:\/\/elfsight.com\/de\/wp-json\/wp\/v2\/pages"}],"about":[{"href":"https:\/\/elfsight.com\/de\/wp-json\/wp\/v2\/types\/page"}],"author":[{"embeddable":true,"href":"https:\/\/elfsight.com\/de\/wp-json\/wp\/v2\/users\/9"}],"replies":[{"embeddable":true,"href":"https:\/\/elfsight.com\/de\/wp-json\/wp\/v2\/comments?post=21043"}],"version-history":[{"count":4,"href":"https:\/\/elfsight.com\/de\/wp-json\/wp\/v2\/pages\/21043\/revisions"}],"predecessor-version":[{"id":25623,"href":"https:\/\/elfsight.com\/de\/wp-json\/wp\/v2\/pages\/21043\/revisions\/25623"}],"up":[{"embeddable":true,"href":"https:\/\/elfsight.com\/de\/wp-json\/wp\/v2\/pages\/106"}],"wp:attachment":[{"href":"https:\/\/elfsight.com\/de\/wp-json\/wp\/v2\/media?parent=21043"}],"curies":[{"name":"wp","href":"https:\/\/api.w.org\/{rel}","templated":true}]}}