{"id":21042,"date":"2024-05-03T06:55:40","date_gmt":"2024-05-03T06:55:40","guid":{"rendered":"https:\/\/elfsight.com\/de\/?page_id=21042"},"modified":"2026-01-29T12:05:08","modified_gmt":"2026-01-29T12:05:08","slug":"squarespace","status":"publish","type":"page","link":"https:\/\/elfsight.com\/de\/youtube-channel-plugin-yottie\/squarespace\/","title":{"rendered":"YouTube Gallery &#8211; Squarespace"},"content":{"rendered":"\n<div class=\"application-platform-content-item-description application-platform-content-item\" id=\"description\" data-nav-section=\"description\">\n<h2>F\u00fcgen Sie eine YouTube-Galerie auf Squarespace mit dem Elfsight-Widget ein<\/h2>\n<p>Ein leistungsstarkes Widget f\u00fcr YouTube, das hilft, verschiedene Videos auf der Website anzuzeigen. W\u00e4hlen Sie die richtigen Kan\u00e4le und Video-Clips aus, um Ihre eigene Wiedergabeliste zu erstellen und sie auf der Seite im geeignetsten Layout (Video-Galerie, Portfolio, Kanal, Einzelvideo) darzustellen. Das Elfsight-Widget ist f\u00fcr alle Formate und Systeme reaktionsf\u00e4hig; es bietet 100 Schnittstellenoptionen, ein anpassungsf\u00e4higes Layout und viele andere Eigenschaften, die es erm\u00f6glichen, es auf verschiedenen Websites zu verwenden.<\/p>\n<p><b>Erstellen Sie eine benutzerdefinierte Video-Galerie, um das Interesse Ihrer Benutzer st\u00e4ndig zu steigern.<\/b><\/p>\n<ul>\n<li><b>St\u00e4rken Sie Ihre Interaktion mit der Website-Zielgruppe mithilfe von YouTube-Videos<\/b>.<br>Verleiten Sie Ihre Website-Nutzer mit faszinierendem YouTube-Content und halten Sie sie immer mehr bei der Stange.<\/li>\n<li><b>Steigern Sie die Anzahl der Bestellungen durch \u00fcberzeugende Werbevideos<\/b>.<br>Zeigen Sie Video-Werbung, Bewertungen, Tutorials und mehr, um den Nutzern vollst\u00e4ndige Informationen \u00fcber Ihre Produkte zu geben und sie zum Kauf zu motivieren.<\/li>\n<li><b>Gewinnen Sie mehr gezielte Abonnenten f\u00fcr Ihre YouTube-Seite<\/b>.<br>Verwandeln Sie Ihre Website-Besucher in Abonnenten auf YouTube. Bieten Sie eine einfache M\u00f6glichkeit, Videos anzusehen und sich direkt von der Website aus anzumelden.<\/li>\n<\/ul>\n<\/div>\n<div class=\"application-platform-content-item-features application-platform-content-item\" id=\"features\" data-nav-section=\"features\">\n<h2>Hauptfunktionen des YouTube-Galerie-Widgets<\/h2>\n<p>Die leistungsst\u00e4rksten Funktionen dieses Widgets, die es zum besten Tool machen, um YouTube-Videos auf einer Squarespace-Website hinzuzuf\u00fcgen.<\/p>\n<ul>\n<li>Erstellen von Quellengruppen;<\/li>\n<li>W\u00e4hlen Sie das Layout f\u00fcr die Kopfzeile: Klassisch, Akzent, Minimal;<\/li>\n<li>Legt beliebig viele Spalten und Zeilen fest;<\/li>\n<li>Ansichten und Likes-Z\u00e4hlung f\u00fcr Videos;<\/li>\n<li>Navigationseinstellungen: Pfeile, Scrollen, Ziehen;<\/li>\n<li>7 anpassbare Slider-Elemente;<\/li>\n<li>18 verf\u00fcgbare Sprachen.<\/li>\n<\/ul>\n<p><a href=\"#demo\">Testen Sie die gesamte Liste der Eigenschaften im Editor<\/a><\/p>\n<\/div>\n<div class=\"application-platform-content-item-installation application-platform-content-item\" id=\"installation\" data-nav-section=\"installation\">\n<h2>Wie f\u00fcge ich eine YouTube Video-Galerie in meine Squarespace-Website ein?<\/h2>\n<div class=\"video-container\"><iframe allowfullscreen=\"\" frameborder=\"0\" height=\"405\" src=\"https:\/\/www.youtube.com\/embed\/PkRGOs7dkjo?si=pqx0B33fq8fgrGEd\" width=\"720\"><\/iframe><\/div>\n<p>Ein kurzer Plan von unserem Team, wie man es anzeigt und erstellt, ohne Entwicklungskenntnisse. Die durchschnittliche Installationsdauer betr\u00e4gt weniger als 2 Minuten.<\/p>\n<ol>\n<li><b>Erstellen Sie Ihr pers\u00f6nliches YouTube-Plugin<\/b>.<br>Erstellen Sie mit unserem kostenlosen Konfigurator ein Plugin mit dem ben\u00f6tigten Template und den gew\u00fcnschten Funktionen.<\/li>\n<li><b>Erhalten Sie den Code zur Einrichtung des Plugins<\/b>.<br>Nach der Anpassung des Plugins erhalten Sie den Code f\u00fcr die YouTube-Galerie aus dem erschienenen Fenster auf Elfsight Apps.<\/li>\n<li><b>Zeigen Sie das Plugin auf Ihrer Seite an<\/b>.<br>Binden Sie das Video-Plugin an der gew\u00fcnschten Stelle auf der Website ein und speichern Sie die \u00c4nderungen.<\/li>\n<li><b>Die Integration ist erfolgreich!<\/b><br>Besuchen Sie Ihre Squarespace-Website, um das YouTube-Plugin zu sehen.<\/li>\n<\/ol>\n<p>Haben Sie Probleme bei der Einrichtung oder Anpassung Ihres Widgets? Sehen Sie sich einfach das detaillierte Tutorial \u00ab<a href=\"https:\/\/elfsight.com\/tutorials\/how-to-embed-youtube-video-gallery-on-squarespace\/\" target=\"_blank\" rel=\"noopener noreferrer\">Wie man eine YouTube-Video-Galerie auf Squarespace einbettet<\/a>\u00bb an und versuchen Sie es erneut. Oder kontaktieren Sie unser Support-Team mit einer detaillierten Beschreibung Ihres Problems.<\/p>\n<div class=\"faq\" data-component=\"FAQ\">\n<div class=\"faq-item\">\r\n\t\t\t\t\t<div class=\"faq-item-question\">\r\n\t\t\t\t\t\t<h3 class=\"faq-item-question-text\">Wie kann ich eine YouTube Video-Galerie ohne Programmierkenntnisse zu meiner Squarespace-Website hinzuf\u00fcgen?<\/h3>\r\n\r\n\t\t\t\t\t\t<div class=\"faq-item-question-icon\"><\/div>\r\n\t\t\t\t\t<\/div>\r\n\r\n\t\t\t\t\t<div class=\"faq-item-answer\">\r\n\t\t\t\t\t\t<div class=\"faq-item-answer-text\">\n\n<p>Elfsight bietet eine cloudbasierte L\u00f6sung, mit der Benutzer eine YouTube-Video-Galerie selbst erstellen k\u00f6nnen. Sehen Sie, wie einfach der Prozess ist:<\/p>\n<ul>\n<li>Greifen Sie auf den Online-Editor zu, um eine YouTube-Video-Galerie zu erstellen, die Sie in Ihre Squarespace-Website integrieren m\u00f6chten.<\/li>\n<li>W\u00e4hlen Sie eines unserer vorgefertigten Templates und passen Sie die Einstellungen der YouTube-Video-Galerie an, \u00e4ndern Sie das Layout und Farbschema und f\u00fcgen Sie Ihren Inhalt hinzu, ohne dass Programmierkenntnisse erforderlich sind.<\/li>\n<li>Speichern Sie die von Ihnen konfigurierten Einstellungen f\u00fcr die YouTube-Video-Galerie und erhalten Sie den Code f\u00fcr das Widget, das problemlos auf Ihrer Squarespace-Website eingebunden werden kann \u2013 kostenlos.<\/li>\n<\/ul>\n<p>Indem Sie im benutzerfreundlichen Editor arbeiten, kann jeder Internetnutzer eine YouTube-Video-Galerie erstellen und in seine Squarespace-Website einf\u00fcgen. Es sind keine Zahlungen oder die Offenlegung Ihrer Kartendaten erforderlich, um auf den Elfsight-Editor zuzugreifen. Wenn Sie auf Schwierigkeiten sto\u00dfen, k\u00f6nnen Sie sich jederzeit an unseren Kundenservice wenden.<\/p>\n<\/div>\r\n\t\t\t\t\t<\/div>\r\n\t\t\t\t<\/div>\n<\/div>\n<\/div>\n","protected":false},"excerpt":{"rendered":"","protected":false},"author":9,"featured_media":0,"parent":106,"menu_order":0,"comment_status":"closed","ping_status":"closed","template":"templates\/template-application-platform.php","meta":{"publish_to_discourse":"","publish_post_category":"","wpdc_auto_publish_overridden":"","wpdc_topic_tags":"","wpdc_pin_topic":"","wpdc_pin_until":"","discourse_post_id":"","discourse_permalink":"","wpdc_publishing_response":"","wpdc_publishing_error":"","footnotes":""},"class_list":["post-21042","page","type-page","status-publish","hentry"],"yoast_head":"<!-- This site is optimized with the Yoast SEO plugin v25.3.1 - https:\/\/yoast.com\/wordpress\/plugins\/seo\/ -->\n<title>YouTube-Plugin \u2013 Betten Sie die YouTube-Videogalerie in die SquareSpace-Website ein<\/title>\n<meta name=\"description\" content=\"Entwerfen Sie in nur 3 Minuten eine personalisierte YouTube-Videogalerie f\u00fcr Ihre Squarespace-Website! Testen Sie den kostenlosen Editor von Elfsight, um Ihr eigenes YouTube-Widget einzurichten.\" \/>\n<meta name=\"robots\" content=\"index, follow, max-snippet:-1, max-image-preview:large, max-video-preview:-1\" \/>\n<link rel=\"canonical\" href=\"https:\/\/elfsight.com\/de\/youtube-channel-plugin-yottie\/squarespace\/\" \/>\n<meta property=\"og:locale\" content=\"de_DE\" \/>\n<meta property=\"og:type\" content=\"article\" \/>\n<meta property=\"og:title\" content=\"YouTube-Plugin \u2013 Betten Sie die YouTube-Videogalerie in die SquareSpace-Website ein\" \/>\n<meta property=\"og:description\" content=\"Entwerfen Sie in nur 3 Minuten eine personalisierte YouTube-Videogalerie f\u00fcr Ihre Squarespace-Website! Testen Sie den kostenlosen Editor von Elfsight, um Ihr eigenes YouTube-Widget einzurichten.\" \/>\n<meta property=\"og:url\" content=\"https:\/\/elfsight.com\/de\/youtube-channel-plugin-yottie\/squarespace\/\" \/>\n<meta property=\"og:site_name\" content=\"Elfsight DE\" \/>\n<meta property=\"article:modified_time\" content=\"2026-01-29T12:05:08+00:00\" \/>\n<meta name=\"twitter:card\" content=\"summary_large_image\" \/>\n<meta name=\"twitter:label1\" content=\"Gesch\u00e4tzte Lesezeit\" \/>\n\t<meta name=\"twitter:data1\" content=\"4\u00a0Minuten\" \/>\n<!-- \/ Yoast SEO plugin. -->","yoast_head_json":{"title":"YouTube-Plugin \u2013 Betten Sie die YouTube-Videogalerie in die SquareSpace-Website ein","description":"Entwerfen Sie in nur 3 Minuten eine personalisierte YouTube-Videogalerie f\u00fcr Ihre Squarespace-Website! Testen Sie den kostenlosen Editor von Elfsight, um Ihr eigenes YouTube-Widget einzurichten.","robots":{"index":"index","follow":"follow","max-snippet":"max-snippet:-1","max-image-preview":"max-image-preview:large","max-video-preview":"max-video-preview:-1"},"canonical":"https:\/\/elfsight.com\/de\/youtube-channel-plugin-yottie\/squarespace\/","og_locale":"de_DE","og_type":"article","og_title":"YouTube-Plugin \u2013 Betten Sie die YouTube-Videogalerie in die SquareSpace-Website ein","og_description":"Entwerfen Sie in nur 3 Minuten eine personalisierte YouTube-Videogalerie f\u00fcr Ihre Squarespace-Website! Testen Sie den kostenlosen Editor von Elfsight, um Ihr eigenes YouTube-Widget einzurichten.","og_url":"https:\/\/elfsight.com\/de\/youtube-channel-plugin-yottie\/squarespace\/","og_site_name":"Elfsight DE","article_modified_time":"2026-01-29T12:05:08+00:00","twitter_card":"summary_large_image","twitter_misc":{"Gesch\u00e4tzte Lesezeit":"4\u00a0Minuten"},"schema":{"@context":"https:\/\/schema.org","@graph":[{"@type":"WebPage","@id":"https:\/\/elfsight.com\/de\/youtube-channel-plugin-yottie\/squarespace\/","url":"https:\/\/elfsight.com\/de\/youtube-channel-plugin-yottie\/squarespace\/","name":"YouTube-Plugin \u2013 Betten Sie die YouTube-Videogalerie in die SquareSpace-Website ein","isPartOf":{"@id":"https:\/\/elfsight.com\/de\/#website"},"datePublished":"2024-05-03T06:55:40+00:00","dateModified":"2026-01-29T12:05:08+00:00","description":"Entwerfen Sie in nur 3 Minuten eine personalisierte YouTube-Videogalerie f\u00fcr Ihre Squarespace-Website! Testen Sie den kostenlosen Editor von Elfsight, um Ihr eigenes YouTube-Widget einzurichten.","breadcrumb":{"@id":"https:\/\/elfsight.com\/de\/youtube-channel-plugin-yottie\/squarespace\/#breadcrumb"},"inLanguage":"de","potentialAction":[{"@type":"ReadAction","target":["https:\/\/elfsight.com\/de\/youtube-channel-plugin-yottie\/squarespace\/"]}]},{"@type":"BreadcrumbList","@id":"https:\/\/elfsight.com\/de\/youtube-channel-plugin-yottie\/squarespace\/#breadcrumb","itemListElement":[{"@type":"ListItem","position":1,"name":"Home","item":"https:\/\/elfsight.com\/de\/"},{"@type":"ListItem","position":2,"name":"YouTube Gallery","item":"https:\/\/elfsight.com\/de\/youtube-channel-plugin-yottie\/"},{"@type":"ListItem","position":3,"name":"YouTube Gallery &#8211; Squarespace"}]},{"@type":"WebSite","@id":"https:\/\/elfsight.com\/de\/#website","url":"https:\/\/elfsight.com\/de\/","name":"Elfsight DE","description":"Just another Elfsight Sites site","potentialAction":[{"@type":"SearchAction","target":{"@type":"EntryPoint","urlTemplate":"https:\/\/elfsight.com\/de\/?s={search_term_string}"},"query-input":{"@type":"PropertyValueSpecification","valueRequired":true,"valueName":"search_term_string"}}],"inLanguage":"de"}]}},"meta_box":{"industry":"","seo_heading":"","heading":"","description":"","cta_heading":"","cta_description":"","application":"98","h1":"YouTube-Videogalerie f\u00fcr Squarespace","h1_caption":"Betten Sie m\u00fchelos eine Galerie mit YouTube-Videos ein, um Inhalte wie Tutorials, Erfahrungsberichte oder Produktpr\u00e4sentationen auf Ihrer Website in Ihre Squarespace-Website einzubinden.","application_category":[],"applications_title":"","applications_request_title":"","applications_request_button_text":"","hero_text":"","hero_video":"","hero_video_schema_markup":"","selling_points_title":"","selling_points_caption":"","selling_points":[],"selling_points_cta_text":"","features_title":"","features":"","ed_cta_examples_text":"","ed_cta_examples_hidden":"","ed_cta_demo_text":"","ed_cta_demo_hidden":"","why_caption":"","why_editor_title":"","why_editor_text":"","why_team_title":"","why_team_text":"","why_service_title":"","why_service_text":"","template_catalog_visible":"0","template_catalog_title":"","template_catalog_text":"","template_catalog_categories_visible":"","demo_title":"Erstellen Sie Ihr YouTube-Galerie-Plugin","demo_caption":"Konfigurieren Sie Ihre YouTube-Galerie und f\u00fcgen Sie sie kostenlos zu Ihrer Squarespace-Website hinzu!","default_faq_hidden":"","app_template_category":[],"platform":"252","template_public_id":"","codecanyon_url":"","codecanyon_item_id":"","codecanyon_price":"","pricing_caption":"","pricing_elfsight_apps_hide_column":"","pricing_elfsight_apps_url":"","pricing_codecanyon_price_caption":"","integration_category":[],"integration_request_title":"","integration_request_cta":"","integration_platform":"","integrations":[],"platform_category":[],"video_schema_markup":"","price":"ab 0 $ \/ Monat","trial":"","benefits":[{"text":"Kostenlose Installationsunterst\u00fctzung"},{"text":"Effektiver Kundenservice"},{"text":"14-t\u00e4gige R\u00fcckerstattungsgarantie"},{"text":"Lebenslange Verbesserungen"}],"button_url":"#demo","button_target_blank":"0","button_nofollow":"0","attributes":[{"name":"Installiert","content":"100,000 - 500,000"},{"name":"Reaktionsfreudig","content":"Ja"},{"name":"Kompatible Browser","content":"Firefox, Safari, Opera, Chrome, Edge"}],"tags":[],"tags_disable_links":"0","hide_more_platforms":"0","video_object":"","demo_hide_cta":"0","demo_hide_cloud_options":"0","pricing_title":"","pricing":[{"pricing_icon":"platform","pricing_title":"Elfsight Apps","pricing_title_caption":"Plattformunabh\u00e4ngige Software, die f\u00fcr jede Website geeignet ist","pricing_price":"ab 0 $ \/ Monat","pricing_price_caption":"Beginnen Sie mit einem kostenlosen Plan","pricing_benefits":[{"text":"Unbegrenzte Websites"},{"text":"Professionelle Kundenbetreuung und gut dokumentiert"},{"text":"Kostenloser Installationsservice"},{"text":"100 % anpassbar"}],"pricing_button_text":"Zur Website hinzuf\u00fcgen","pricing_button_url":"#demo"}],"related_apps_title":"","related_apps_hidden":"0","author":"","image":[],"title":"","job":"","social_networks":[]},"_links":{"self":[{"href":"https:\/\/elfsight.com\/de\/wp-json\/wp\/v2\/pages\/21042","targetHints":{"allow":["GET"]}}],"collection":[{"href":"https:\/\/elfsight.com\/de\/wp-json\/wp\/v2\/pages"}],"about":[{"href":"https:\/\/elfsight.com\/de\/wp-json\/wp\/v2\/types\/page"}],"author":[{"embeddable":true,"href":"https:\/\/elfsight.com\/de\/wp-json\/wp\/v2\/users\/9"}],"replies":[{"embeddable":true,"href":"https:\/\/elfsight.com\/de\/wp-json\/wp\/v2\/comments?post=21042"}],"version-history":[{"count":4,"href":"https:\/\/elfsight.com\/de\/wp-json\/wp\/v2\/pages\/21042\/revisions"}],"predecessor-version":[{"id":25619,"href":"https:\/\/elfsight.com\/de\/wp-json\/wp\/v2\/pages\/21042\/revisions\/25619"}],"up":[{"embeddable":true,"href":"https:\/\/elfsight.com\/de\/wp-json\/wp\/v2\/pages\/106"}],"wp:attachment":[{"href":"https:\/\/elfsight.com\/de\/wp-json\/wp\/v2\/media?parent=21042"}],"curies":[{"name":"wp","href":"https:\/\/api.w.org\/{rel}","templated":true}]}}