{"id":21041,"date":"2024-05-03T06:55:30","date_gmt":"2024-05-03T06:55:30","guid":{"rendered":"https:\/\/elfsight.com\/de\/?page_id=21041"},"modified":"2025-07-10T14:06:29","modified_gmt":"2025-07-10T14:06:29","slug":"prestashop","status":"publish","type":"page","link":"https:\/\/elfsight.com\/de\/youtube-channel-plugin-yottie\/prestashop\/","title":{"rendered":"YouTube Gallery &#8211; PrestaShop"},"content":{"rendered":"<div class=\"application-platform-content-item-description application-platform-content-item\" id=\"description\" data-nav-section=\"description\"> <h2>Beschreibung<\/h2> <p>Das Elfsight YouTube Gallery-Add-on ist ein effektives Tool zum Integrieren von YouTube-Inhalten in Ihre Website. Zeigen Sie Videos, erstellen Sie Galerien oder zeigen Sie vollst\u00e4ndige Kan\u00e4le auf der Website, um Ihre Besucher zu unterhalten und Ihre Marke bekannter zu machen. Zeigen Sie Video-Tutorials und st\u00e4rken Sie die Kundenbindung, zeigen Sie Videobewertungen Ihrer Produkte an, um neue Kunden zu gewinnen, und sehen Sie, wie Ihre Marke immer beliebter wird! <\/p><p><b>Erleben Sie mit der YouTube-Galerie eine schnellere Gesch\u00e4ftsentwicklung und steigern Sie den Umsatz <\/b><\/p> <\/div> <div class=\"application-platform-content-item-features application-platform-content-item\" id=\"features\" data-nav-section=\"features\"> <h2>Hier sind die wichtigsten Funktionen der Widget: <\/h2> <ul><li>Mehrere Quellen mit YouTube-URL, Kanal und Quellgruppen<\/li><li>Anpassbare Kopfzeilenelemente: Banner, Logo, Kanalname, Anzahl der Abonnenten und Aufrufe, Anzahl der Videos, Beschreibung, Schaltfl\u00e4che \u201eAbonnieren\u201c<\/li><li>Inhaltsanpassung: kostenloser Modus sowie Spalten und Zeilen; horizontale oder vertikale Richtung; Paginierung und Drag; 6 \u00dcbergangseffekte; Scrollleiste. <\/li><li>Anpassbare Cache-Zeit<\/li><\/ul><p><a href=\"#demo\">Sie k\u00f6nnen jetzt die volle Funktionalit\u00e4t des Widgets in der Demo ausprobieren<\/a><\/p> <\/div> <div class=\"application-platform-content-item-installation application-platform-content-item\" id=\"installation\" data-nav-section=\"installation\"> <h2>Wie bette ich die YouTube-Galerie in eine PrestaShop-Site ein? <\/h2> <p>Befolgen Sie einfach die folgenden Richtlinien, um mit der Arbeit mit dem Widget zu beginnen. <\/p> <ol><li><b>\u00d6ffnen Sie unseren kostenlosen Editor und beginnen Sie mit der Erstellung Ihres individuellen Instruments. <\/b><br> W\u00e4hlen Sie die passende Schnittstelle und Funktionalit\u00e4t des Add-ons und speichern Sie die \u00c4nderungen. <\/li> <li><b>Erhalten Sie Ihren einzigartigen Code, der im speziellen Formular auf Elfsight Apps angezeigt wird. <\/b><br> Nachdem Sie Ihr pers\u00f6nliches Add-on angepasst haben, kopieren Sie den individuellen Code aus dem erscheinenden Fenster und speichern Sie ihn f\u00fcr den sp\u00e4teren Bedarf. <\/li> <li><b>Erste Schritte mit der Verwendung des Widgets auf der PrestaShop-Website. <\/b><br> F\u00fcgen Sie den k\u00fcrzlich kopierten Code in Ihre Website ein und speichern Sie die Verbesserungen. <\/li> <li><b>Fertig! Die Integration ist vollst\u00e4ndig abgeschlossen. <\/b><br> Besuchen Sie Ihre Website, um die Funktionsweise des Tools zu \u00fcberpr\u00fcfen. <\/li><\/ol> <p>Wenn Sie Hindernisse haben, k\u00f6nnen Sie sich gerne an unsere Kundendienstmitarbeiter wenden. Unsere Berater sind bestrebt, alle Probleme zu l\u00f6sen, die Sie m\u00f6glicherweise mit dem Widget haben. <\/p> <\/div>","protected":false},"excerpt":{"rendered":"","protected":false},"author":9,"featured_media":0,"parent":106,"menu_order":0,"comment_status":"closed","ping_status":"closed","template":"templates\/template-application-platform.php","meta":{"publish_to_discourse":"","publish_post_category":"","wpdc_auto_publish_overridden":"","wpdc_topic_tags":"","wpdc_pin_topic":"","wpdc_pin_until":"","discourse_post_id":"","discourse_permalink":"","wpdc_publishing_response":"","wpdc_publishing_error":"","footnotes":""},"class_list":["post-21041","page","type-page","status-publish","hentry"],"yoast_head":"<!-- This site is optimized with the Yoast SEO plugin v25.3.1 - https:\/\/yoast.com\/wordpress\/plugins\/seo\/ -->\n<title>YouTube-Add-on \u2013 Betten Sie die YouTube-Videogalerie in die PrestaShop-Website ein<\/title>\n<meta name=\"description\" content=\"Entwerfen Sie in 3 Minuten eine personalisierte YouTube-Videogalerie f\u00fcr eine PrestaShop-Website! Testen Sie den kostenlosen Editor von Elfsight, um Ihr YouTube-Add-on einzurichten.\" \/>\n<meta name=\"robots\" content=\"index, follow, max-snippet:-1, max-image-preview:large, max-video-preview:-1\" \/>\n<link rel=\"canonical\" href=\"https:\/\/elfsight.com\/de\/youtube-channel-plugin-yottie\/prestashop\/\" \/>\n<meta property=\"og:locale\" content=\"de_DE\" \/>\n<meta property=\"og:type\" content=\"article\" \/>\n<meta property=\"og:title\" content=\"YouTube-Add-on \u2013 Betten Sie die YouTube-Videogalerie in die PrestaShop-Website ein\" \/>\n<meta property=\"og:description\" content=\"Entwerfen Sie in 3 Minuten eine personalisierte YouTube-Videogalerie f\u00fcr eine PrestaShop-Website! Testen Sie den kostenlosen Editor von Elfsight, um Ihr YouTube-Add-on einzurichten.\" \/>\n<meta property=\"og:url\" content=\"https:\/\/elfsight.com\/de\/youtube-channel-plugin-yottie\/prestashop\/\" \/>\n<meta property=\"og:site_name\" content=\"Elfsight DE\" \/>\n<meta property=\"article:modified_time\" content=\"2025-07-10T14:06:29+00:00\" \/>\n<meta name=\"twitter:card\" content=\"summary_large_image\" \/>\n<meta name=\"twitter:label1\" content=\"Gesch\u00e4tzte Lesezeit\" \/>\n\t<meta name=\"twitter:data1\" content=\"2\u00a0Minuten\" \/>\n<!-- \/ Yoast SEO plugin. -->","yoast_head_json":{"title":"YouTube-Add-on \u2013 Betten Sie die YouTube-Videogalerie in die PrestaShop-Website ein","description":"Entwerfen Sie in 3 Minuten eine personalisierte YouTube-Videogalerie f\u00fcr eine PrestaShop-Website! Testen Sie den kostenlosen Editor von Elfsight, um Ihr YouTube-Add-on einzurichten.","robots":{"index":"index","follow":"follow","max-snippet":"max-snippet:-1","max-image-preview":"max-image-preview:large","max-video-preview":"max-video-preview:-1"},"canonical":"https:\/\/elfsight.com\/de\/youtube-channel-plugin-yottie\/prestashop\/","og_locale":"de_DE","og_type":"article","og_title":"YouTube-Add-on \u2013 Betten Sie die YouTube-Videogalerie in die PrestaShop-Website ein","og_description":"Entwerfen Sie in 3 Minuten eine personalisierte YouTube-Videogalerie f\u00fcr eine PrestaShop-Website! Testen Sie den kostenlosen Editor von Elfsight, um Ihr YouTube-Add-on einzurichten.","og_url":"https:\/\/elfsight.com\/de\/youtube-channel-plugin-yottie\/prestashop\/","og_site_name":"Elfsight DE","article_modified_time":"2025-07-10T14:06:29+00:00","twitter_card":"summary_large_image","twitter_misc":{"Gesch\u00e4tzte Lesezeit":"2\u00a0Minuten"},"schema":{"@context":"https:\/\/schema.org","@graph":[{"@type":"WebPage","@id":"https:\/\/elfsight.com\/de\/youtube-channel-plugin-yottie\/prestashop\/","url":"https:\/\/elfsight.com\/de\/youtube-channel-plugin-yottie\/prestashop\/","name":"YouTube-Add-on \u2013 Betten Sie die YouTube-Videogalerie in die PrestaShop-Website ein","isPartOf":{"@id":"https:\/\/elfsight.com\/de\/#website"},"datePublished":"2024-05-03T06:55:30+00:00","dateModified":"2025-07-10T14:06:29+00:00","description":"Entwerfen Sie in 3 Minuten eine personalisierte YouTube-Videogalerie f\u00fcr eine PrestaShop-Website! Testen Sie den kostenlosen Editor von Elfsight, um Ihr YouTube-Add-on einzurichten.","breadcrumb":{"@id":"https:\/\/elfsight.com\/de\/youtube-channel-plugin-yottie\/prestashop\/#breadcrumb"},"inLanguage":"de","potentialAction":[{"@type":"ReadAction","target":["https:\/\/elfsight.com\/de\/youtube-channel-plugin-yottie\/prestashop\/"]}]},{"@type":"BreadcrumbList","@id":"https:\/\/elfsight.com\/de\/youtube-channel-plugin-yottie\/prestashop\/#breadcrumb","itemListElement":[{"@type":"ListItem","position":1,"name":"Home","item":"https:\/\/elfsight.com\/de\/"},{"@type":"ListItem","position":2,"name":"YouTube Gallery","item":"https:\/\/elfsight.com\/de\/youtube-channel-plugin-yottie\/"},{"@type":"ListItem","position":3,"name":"YouTube Gallery &#8211; PrestaShop"}]},{"@type":"WebSite","@id":"https:\/\/elfsight.com\/de\/#website","url":"https:\/\/elfsight.com\/de\/","name":"Elfsight DE","description":"Just another Elfsight Sites site","potentialAction":[{"@type":"SearchAction","target":{"@type":"EntryPoint","urlTemplate":"https:\/\/elfsight.com\/de\/?s={search_term_string}"},"query-input":{"@type":"PropertyValueSpecification","valueRequired":true,"valueName":"search_term_string"}}],"inLanguage":"de"}]}},"meta_box":{"industry":"","seo_heading":"","heading":"","description":"","cta_heading":"","cta_description":"","application":"98","h1":"YouTube-Videogalerie f\u00fcr PrestaShop","h1_caption":"Betten Sie m\u00fchelos eine Galerie mit YouTube-Videos ein, um Inhalte wie Tutorials, Testimonials oder Produktpr\u00e4sentationen auf Ihrer Website in Ihre Prestashop-Website einzuf\u00fcgen.","application_category":[],"applications_title":"","applications_request_title":"","applications_request_button_text":"","hero_text":"","hero_video":"","hero_video_schema_markup":"","selling_points_title":"","selling_points_caption":"","selling_points":[],"selling_points_cta_text":"","features_title":"","features":"","ed_cta_examples_text":"","ed_cta_examples_hidden":"","ed_cta_demo_text":"","ed_cta_demo_hidden":"","why_caption":"","why_editor_title":"","why_editor_text":"","why_team_title":"","why_team_text":"","why_service_title":"","why_service_text":"","template_catalog_visible":"","template_catalog_title":"","template_catalog_text":"","template_catalog_categories_visible":"","demo_title":"Erstellen Sie Ihr YouTube-Galerie-Add-on","demo_caption":"Konfigurieren Sie Ihre YouTube-Galerie und f\u00fcgen Sie sie kostenlos zu Ihrer PrestaShop-Website hinzu!","default_faq_hidden":"","app_template_category":[],"platform":"3811","template_public_id":"","codecanyon_url":"","codecanyon_item_id":"","codecanyon_price":"","pricing_caption":"","pricing_elfsight_apps_hide_column":"","pricing_elfsight_apps_url":"","pricing_codecanyon_price_caption":"","integration_category":[],"integration_request_title":"","integration_request_cta":"","integration_platform":"","integrations":[],"platform_category":[],"video_schema_markup":"","price":"ab 0 $ \/ Monat","trial":"","benefits":[{"text":"Kostenlose Installationsunterst\u00fctzung"},{"text":"Effektiver Kundenservice"},{"text":"14-t\u00e4gige Geld-zur\u00fcck-Garantie"},{"text":"Lebenslange Verbesserungen"}],"button_url":"#demo","button_target_blank":"","button_nofollow":"","attributes":[{"name":"Installiert","content":"100,000 - 500,000"},{"name":"Reaktionsfreudig","content":"Ja"},{"name":"Kompatible Browser","content":"Firefox, Safari, Opera, Chrome, Edge"}],"tags":[],"tags_disable_links":"","hide_more_platforms":"","video_object":"","demo_hide_cta":"","demo_hide_cloud_options":"","pricing_title":"","pricing":[{"pricing_icon":"platform","pricing_title":"Elfsight Apps","pricing_title_caption":"Plattformunabh\u00e4ngige Software, die f\u00fcr jede Website geeignet ist","pricing_price":"ab 0 $ \/ Monat","pricing_price_caption":"Beginnen Sie mit einem kostenlosen Plan","pricing_benefits":[{"text":"Unbegrenzte Domains"},{"text":"Schnelle Unternehmensunterst\u00fctzung"},{"text":"Kostenlose Installationshilfe"},{"text":"100 % anpassbar"}],"pricing_button_text":"Zur Website hinzuf\u00fcgen","pricing_button_url":"#demo"}],"related_apps_title":"","related_apps_hidden":"","author":"","image":[],"title":"","job":"","social_networks":[]},"_links":{"self":[{"href":"https:\/\/elfsight.com\/de\/wp-json\/wp\/v2\/pages\/21041","targetHints":{"allow":["GET"]}}],"collection":[{"href":"https:\/\/elfsight.com\/de\/wp-json\/wp\/v2\/pages"}],"about":[{"href":"https:\/\/elfsight.com\/de\/wp-json\/wp\/v2\/types\/page"}],"author":[{"embeddable":true,"href":"https:\/\/elfsight.com\/de\/wp-json\/wp\/v2\/users\/9"}],"replies":[{"embeddable":true,"href":"https:\/\/elfsight.com\/de\/wp-json\/wp\/v2\/comments?post=21041"}],"version-history":[{"count":1,"href":"https:\/\/elfsight.com\/de\/wp-json\/wp\/v2\/pages\/21041\/revisions"}],"predecessor-version":[{"id":21044,"href":"https:\/\/elfsight.com\/de\/wp-json\/wp\/v2\/pages\/21041\/revisions\/21044"}],"up":[{"embeddable":true,"href":"https:\/\/elfsight.com\/de\/wp-json\/wp\/v2\/pages\/106"}],"wp:attachment":[{"href":"https:\/\/elfsight.com\/de\/wp-json\/wp\/v2\/media?parent=21041"}],"curies":[{"name":"wp","href":"https:\/\/api.w.org\/{rel}","templated":true}]}}