{"id":21036,"date":"2024-05-03T06:55:20","date_gmt":"2024-05-03T06:55:20","guid":{"rendered":"https:\/\/elfsight.com\/de\/?page_id=21036"},"modified":"2025-02-19T06:03:46","modified_gmt":"2025-02-19T06:03:46","slug":"bigcommerce","status":"publish","type":"page","link":"https:\/\/elfsight.com\/de\/yelp-reviews-widget\/bigcommerce\/","title":{"rendered":"Yelp Reviews &#8211; BigCommerce"},"content":{"rendered":"\n<div class=\"application-platform-content-item-description application-platform-content-item\" id=\"description\" data-nav-section=\"description\"> <h2>Beschreibung<\/h2> <p>Elfsight Yelp Reviews ist ein n\u00fctzliches Tool, mit dem Sie ab Beitr\u00e4gen auf Ihrer Website Bewertungen zu Ihrem Unternehmen anzeigen k\u00f6nnen Jaulen. Mit unserem Widget k\u00f6nnen Sie Filter verwenden, um negative Bewertungen auszusortieren, Ihre Sterne- und Nummernbewertungen von Yelp zu pr\u00e4sentieren, Informationen \u00fcber die Autoren bereitzustellen und eine Schaltfl\u00e4che hinzuzuf\u00fcgen, die Besuchern hilft, eine neue Bewertung auf Yelp zu schreiben. Elfsight Yelp Reviews helfen Ihnen dabei, Ihren perfekten Social Proof auf der Website zu demonstrieren und den Umsatz zu steigern. <\/p><div class=\"faq\" data-component=\"FAQ\"> <div class=\"faq-item\">\r\n\t\t\t\t\t<div class=\"faq-item-question\">\r\n\t\t\t\t\t\t<h3 class=\"faq-item-question-text\">Wo auf meiner Website kann ich das Widget installieren<\/h3>\r\n\r\n\t\t\t\t\t\t<div class=\"faq-item-question-icon\"><\/div>\r\n\t\t\t\t\t<\/div>\r\n\r\n\t\t\t\t\t<div class=\"faq-item-answer\">\r\n\t\t\t\t\t\t<div class=\"faq-item-answer-text\"> <p>Es steht Ihnen frei, das Bewertungs-Widget in jede Seite Ihrer Website zu integrieren oder es in die Vorlage einzuf\u00fcgen, damit es funktioniert werden auf allen Seiten ver\u00f6ffentlicht. Bewertungen k\u00f6nnen auf Produktseiten oder auf der Seite \u201e\u00dcber uns\u201c wirksam sein, wo Sie mit Ihrer hohen Bewertung prahlen m\u00fcssen. <\/p><\/div>\r\n\t\t\t\t\t<\/div>\r\n\t\t\t\t<\/div> <div class=\"faq-item\">\r\n\t\t\t\t\t<div class=\"faq-item-question\">\r\n\t\t\t\t\t\t<h3 class=\"faq-item-question-text\">Welche Vorteile habe ich davon? <\/h3>\r\n\r\n\t\t\t\t\t\t<div class=\"faq-item-question-icon\"><\/div>\r\n\t\t\t\t\t<\/div>\r\n\r\n\t\t\t\t\t<div class=\"faq-item-answer\">\r\n\t\t\t\t\t\t<div class=\"faq-item-answer-text\"> <p>Bewertungen von echten Menschen wirken f\u00fcr Ihre Website-Besucher absolut glaubw\u00fcrdig und beweisen ihnen, dass Sie Ihrem Unternehmen vertrauen k\u00f6nnen. Eine hohe Bewertung und gute Rezensionen k\u00f6nnen dazu beitragen, die K\u00e4ufe auf der Website zu steigern. Dar\u00fcber hinaus kann die aktive Schaltfl\u00e4che dazu beitragen, dass mehr Kundenbewertungen zu Ihrem Unternehmen auf Yelp angezeigt werden. <\/p> <\/div>\r\n\t\t\t\t\t<\/div>\r\n\t\t\t\t<\/div> <div class=\"faq-item\">\r\n\t\t\t\t\t<div class=\"faq-item-question\">\r\n\t\t\t\t\t\t<h3 class=\"faq-item-question-text\">Was ben\u00f6tige ich, um das Widget \u201eBewertungen f\u00fcr Yelp\u201c auf meiner BigCommerce-Website zu installieren? <\/h3>\r\n\r\n\t\t\t\t\t\t<div class=\"faq-item-question-icon\"><\/div>\r\n\t\t\t\t\t<\/div>\r\n\r\n\t\t\t\t\t<div class=\"faq-item-answer\">\r\n\t\t\t\t\t\t<div class=\"faq-item-answer-text\"> <p>Sie ben\u00f6tigen nur ein paar Minuten, um das Widget einzubetten. Die Integration ist sehr schnell, kostenlos und ohne Programmierung. <\/p> <p>Das Widget kann \u00fcber unseren Service oder \u00fcber den Marktplatz integriert werden. Sie k\u00f6nnen alle Details dieser Optionen vergleichen und Ihre ausw\u00e4hlen. <\/p><\/div>\r\n\t\t\t\t\t<\/div>\r\n\t\t\t\t<\/div> <\/div> <\/div> <div class=\"application-platform-content-item-features application-platform-content-item\" id=\"features\" data-nav-section=\"features\"> <h2>Funktionen<\/h2> <p>Um eine klarere Wahrnehmung des Widgets zu erreichen, \u00fcberpr\u00fcfen Sie die Liste der wesentlichen Elemente Funktionen. Sie machen unser Widget f\u00fcr Ihre Werbung maximal effektiv: <\/p> <ul> <li>Drei gebrauchsfertige Filter: nach Typ, Ausschlie\u00dfen nach und Anzahl der anzuzeigenden Bewertungen; <\/li> <li>Vier verf\u00fcgbare Layouts: Liste, Raster, Mauerwerk und Schieberegler; <\/li> <li>Eine Option zum Ein-\/Ausschalten der Kopfzeile des Widgets; <\/li> <li>Die Schaltfl\u00e4che \u201eBewertungsanfrage\u201c leitet Besucher auf Ihre Yelp-Seite weiter. <\/li> <li>6 anpassbare Elemente der Benutzeroberfl\u00e4che: Name des Autors und Bildes, Empfehlungstext, Datum der Freigabe, Yelp-Symbol und Sternebewertung; <\/li> <li>Zwei Alternativen f\u00fcr die Ablehnung einer \u00dcberpr\u00fcfungsanfrage: Anzeigen einer Textnachricht oder Ausblenden der Schaltfl\u00e4che. <\/li> <\/ul><p><a href=\"#demo\">Um weitere Funktionen zu testen, sehen Sie sich unsere Live-Demo an<\/a><\/p> <\/div> <div class=\"application-platform-content-item-installation application-platform-content-item\" id=\"installation\" data-nav-section=\"installation\"> <h2>So f\u00fcgen Sie Yelp-Bewertungen zu Ihrem BigCommerce-Shop hinzu<\/h2><div class=\"video-container\"><iframe width=\"560\" height=\"315\" src=\"https:\/\/www.youtube.com\/embed\/x_PL1D8W7lo?si=MGRmCiqp9-djy8X6\" frameborder=\"0\" allow=\"accelerometer; autoplay; clipboard-write; encrypted-media; gyroscope; picture-in-picture; web-share\" allowfullscreen><\/iframe><\/div><p>F\u00fchren Sie einfach die unten beschriebenen Schritte aus, um mit der Arbeit mit dem Plugin auf BigCommerce zu beginnen.<\/p> <ol><li> <b>Verwalten Sie unseren kostenlosen Konfigurator und beginnen Sie mit der Gestaltung Ihrer ma\u00dfgeschneiderten App. <\/b><br> W\u00e4hlen Sie die gew\u00fcnschte Form und Aspekte des Widgets und speichern Sie die \u00c4nderungen. <\/li> <li><b>Kopieren Sie den einzelnen Code, der in der Box auf Elfsight Apps angezeigt wird. <\/b><br> Nachdem die Erstellung Ihres Widgets abgeschlossen ist, kopieren Sie den exklusiven Code aus dem angezeigten Feld und bewahren Sie ihn zur weiteren Verwendung auf. <\/li> <li><b>Initiieren Sie die Anwendung des Yelp-Bewertungen-Widgets auf der BigCommerce-Website. <\/b><br> F\u00fcgen Sie den Code, den Sie zuvor kopiert haben, in Ihre Seite ein und \u00fcbernehmen Sie die \u00c4nderungen. <\/li> <li><b>Fertig! Die Integration ist vollst\u00e4ndig beendet. <\/b><br> Besuchen Sie Ihre Seite, um zu \u00fcberpr\u00fcfen, wie das Plugin funktioniert. <\/li><\/ol><p>Immer noch nicht entschieden? Oder Probleme haben? Senden Sie einfach eine Anfrage an unseren Kundenservice und er wird jedes Problem l\u00f6sen.<\/p> <\/div>\n","protected":false},"excerpt":{"rendered":"","protected":false},"author":9,"featured_media":0,"parent":1633,"menu_order":0,"comment_status":"closed","ping_status":"closed","template":"templates\/template-application-platform.php","meta":{"publish_to_discourse":"","publish_post_category":"","wpdc_auto_publish_overridden":"","wpdc_topic_tags":"","wpdc_pin_topic":"","wpdc_pin_until":"","discourse_post_id":"","discourse_permalink":"","wpdc_publishing_response":"","wpdc_publishing_error":"","footnotes":""},"class_list":["post-21036","page","type-page","status-publish","hentry"],"yoast_head":"<!-- This site is optimized with the Yoast SEO plugin v25.3.1 - https:\/\/yoast.com\/wordpress\/plugins\/seo\/ -->\n<title>F\u00fcgen Sie die Yelp Reviews-App zu Ihrer BigCommerce-Website hinzu (2025)<\/title>\n<meta name=\"description\" content=\"Es ist ganz einfach, Ihr Yelp-Rezensions-Widget zu entwerfen und auf der BigCommerce-Website zu platzieren. Der Kundendienst von Elfsight ist kostenlos.\" \/>\n<meta name=\"robots\" content=\"index, follow, max-snippet:-1, max-image-preview:large, max-video-preview:-1\" \/>\n<link rel=\"canonical\" href=\"https:\/\/elfsight.com\/de\/yelp-reviews-widget\/bigcommerce\/\" \/>\n<meta property=\"og:locale\" content=\"de_DE\" \/>\n<meta property=\"og:type\" content=\"article\" \/>\n<meta property=\"og:title\" content=\"F\u00fcgen Sie die Yelp Reviews-App zu Ihrer BigCommerce-Website hinzu (2025)\" \/>\n<meta property=\"og:description\" content=\"Es ist ganz einfach, Ihr Yelp-Rezensions-Widget zu entwerfen und auf der BigCommerce-Website zu platzieren. Der Kundendienst von Elfsight ist kostenlos.\" \/>\n<meta property=\"og:url\" content=\"https:\/\/elfsight.com\/de\/yelp-reviews-widget\/bigcommerce\/\" \/>\n<meta property=\"og:site_name\" content=\"Elfsight DE\" \/>\n<meta property=\"article:modified_time\" content=\"2025-02-19T06:03:46+00:00\" \/>\n<meta name=\"twitter:card\" content=\"summary_large_image\" \/>\n<meta name=\"twitter:label1\" content=\"Gesch\u00e4tzte Lesezeit\" \/>\n\t<meta name=\"twitter:data1\" content=\"3\u00a0Minuten\" \/>\n<!-- \/ Yoast SEO plugin. -->","yoast_head_json":{"title":"F\u00fcgen Sie die Yelp Reviews-App zu Ihrer BigCommerce-Website hinzu (2025)","description":"Es ist ganz einfach, Ihr Yelp-Rezensions-Widget zu entwerfen und auf der BigCommerce-Website zu platzieren. Der Kundendienst von Elfsight ist kostenlos.","robots":{"index":"index","follow":"follow","max-snippet":"max-snippet:-1","max-image-preview":"max-image-preview:large","max-video-preview":"max-video-preview:-1"},"canonical":"https:\/\/elfsight.com\/de\/yelp-reviews-widget\/bigcommerce\/","og_locale":"de_DE","og_type":"article","og_title":"F\u00fcgen Sie die Yelp Reviews-App zu Ihrer BigCommerce-Website hinzu (2025)","og_description":"Es ist ganz einfach, Ihr Yelp-Rezensions-Widget zu entwerfen und auf der BigCommerce-Website zu platzieren. Der Kundendienst von Elfsight ist kostenlos.","og_url":"https:\/\/elfsight.com\/de\/yelp-reviews-widget\/bigcommerce\/","og_site_name":"Elfsight DE","article_modified_time":"2025-02-19T06:03:46+00:00","twitter_card":"summary_large_image","twitter_misc":{"Gesch\u00e4tzte Lesezeit":"3\u00a0Minuten"},"schema":{"@context":"https:\/\/schema.org","@graph":[{"@type":"WebPage","@id":"https:\/\/elfsight.com\/de\/yelp-reviews-widget\/bigcommerce\/","url":"https:\/\/elfsight.com\/de\/yelp-reviews-widget\/bigcommerce\/","name":"F\u00fcgen Sie die Yelp Reviews-App zu Ihrer BigCommerce-Website hinzu (2025)","isPartOf":{"@id":"https:\/\/elfsight.com\/de\/#website"},"datePublished":"2024-05-03T06:55:20+00:00","dateModified":"2025-02-19T06:03:46+00:00","description":"Es ist ganz einfach, Ihr Yelp-Rezensions-Widget zu entwerfen und auf der BigCommerce-Website zu platzieren. Der Kundendienst von Elfsight ist kostenlos.","breadcrumb":{"@id":"https:\/\/elfsight.com\/de\/yelp-reviews-widget\/bigcommerce\/#breadcrumb"},"inLanguage":"de","potentialAction":[{"@type":"ReadAction","target":["https:\/\/elfsight.com\/de\/yelp-reviews-widget\/bigcommerce\/"]}]},{"@type":"BreadcrumbList","@id":"https:\/\/elfsight.com\/de\/yelp-reviews-widget\/bigcommerce\/#breadcrumb","itemListElement":[{"@type":"ListItem","position":1,"name":"Home","item":"https:\/\/elfsight.com\/de\/"},{"@type":"ListItem","position":2,"name":"Yelp Reviews","item":"https:\/\/elfsight.com\/de\/yelp-reviews-widget\/"},{"@type":"ListItem","position":3,"name":"Yelp Reviews &#8211; BigCommerce"}]},{"@type":"WebSite","@id":"https:\/\/elfsight.com\/de\/#website","url":"https:\/\/elfsight.com\/de\/","name":"Elfsight DE","description":"Just another Elfsight Sites site","potentialAction":[{"@type":"SearchAction","target":{"@type":"EntryPoint","urlTemplate":"https:\/\/elfsight.com\/de\/?s={search_term_string}"},"query-input":{"@type":"PropertyValueSpecification","valueRequired":true,"valueName":"search_term_string"}}],"inLanguage":"de"}]}},"meta_box":{"industry":"","seo_heading":"","heading":"","description":"","cta_heading":"","cta_description":"","application":"483","h1":"BigCommerce Yelp Reviews-App","h1_caption":"Pr\u00e4sentieren Sie Kundenbewertungen von Yelp, um Glaubw\u00fcrdigkeit aufzubauen und Ihrem Unternehmen m\u00fchelos Social Proof auf Ihrer BigCommerce-Website bereitzustellen.","application_category":[],"applications_title":"","applications_request_title":"","applications_request_button_text":"","hero_text":"","hero_video":"","hero_video_schema_markup":"","selling_points_title":"","selling_points_caption":"","selling_points":[],"selling_points_cta_text":"","features_title":"","features":"","ed_cta_examples_text":"","ed_cta_examples_hidden":"","ed_cta_demo_text":"","ed_cta_demo_hidden":"","why_caption":"","why_editor_title":"","why_editor_text":"","why_team_title":"","why_team_text":"","why_service_title":"","why_service_text":"","template_catalog_visible":"0","template_catalog_title":"","template_catalog_text":"","template_catalog_categories_visible":"","demo_title":"Erstellen Sie Ihre Yelp-Bewertungen-App","demo_caption":"Konfigurieren Sie Ihre Yelp-Bewertungen und f\u00fcgen Sie sie kostenlos zu Ihrer BigCommerce-Website hinzu!","default_faq_hidden":"","app_template_category":[],"platform":"268","template_public_id":"","codecanyon_url":"","codecanyon_item_id":"","codecanyon_price":"","pricing_caption":"","pricing_elfsight_apps_hide_column":"","pricing_elfsight_apps_url":"","pricing_codecanyon_price_caption":"","integration_category":[],"integration_request_title":"","integration_request_cta":"","integration_platform":"","integrations":[],"platform_category":[],"video_schema_markup":"","price":"ab 0 $ \/ Monat","trial":"","benefits":[{"text":"Kostenlose Installationshilfe"},{"text":"Effektiver Kundenservice"},{"text":"14-t\u00e4gige R\u00fcckerstattungsgarantie"},{"text":"Laufende kostenlose Updates"}],"button_url":"#demo","button_target_blank":"0","button_nofollow":"0","attributes":[{"name":"Installiert","content":"10,000 - 100,000"},{"name":"Reaktionsfreudig","content":"Ja"},{"name":"Kompatible Browser","content":"Firefox, Safari, Opera, Chrome, Edge"}],"tags":[],"tags_disable_links":"0","hide_more_platforms":"0","video_object":"","demo_hide_cta":"0","demo_hide_cloud_options":"0","pricing_title":"","pricing":[{"pricing_icon":"platform","pricing_title":"Elfsight Apps","pricing_title_caption":"Plattform\u00fcbergreifende Software, die f\u00fcr jede Website geeignet ist","pricing_price":"ab 0 $ \/ Monat","pricing_price_caption":"Beginnen Sie mit einem kostenlosen Plan","pricing_benefits":[{"text":"Unbegrenzte Domains"},{"text":"Kostenloser Unternehmenssupport und gut dokumentiert"},{"text":"Kostenloser Installationsservice"},{"text":"100 % anpassbar"}],"pricing_button_text":"Zur Website hinzuf\u00fcgen","pricing_button_url":"#demo"}],"related_apps_title":"","related_apps_hidden":"0","author":"","image":[],"title":"","job":"","social_networks":[]},"_links":{"self":[{"href":"https:\/\/elfsight.com\/de\/wp-json\/wp\/v2\/pages\/21036","targetHints":{"allow":["GET"]}}],"collection":[{"href":"https:\/\/elfsight.com\/de\/wp-json\/wp\/v2\/pages"}],"about":[{"href":"https:\/\/elfsight.com\/de\/wp-json\/wp\/v2\/types\/page"}],"author":[{"embeddable":true,"href":"https:\/\/elfsight.com\/de\/wp-json\/wp\/v2\/users\/9"}],"replies":[{"embeddable":true,"href":"https:\/\/elfsight.com\/de\/wp-json\/wp\/v2\/comments?post=21036"}],"version-history":[{"count":3,"href":"https:\/\/elfsight.com\/de\/wp-json\/wp\/v2\/pages\/21036\/revisions"}],"predecessor-version":[{"id":24383,"href":"https:\/\/elfsight.com\/de\/wp-json\/wp\/v2\/pages\/21036\/revisions\/24383"}],"up":[{"embeddable":true,"href":"https:\/\/elfsight.com\/de\/wp-json\/wp\/v2\/pages\/1633"}],"wp:attachment":[{"href":"https:\/\/elfsight.com\/de\/wp-json\/wp\/v2\/media?parent=21036"}],"curies":[{"name":"wp","href":"https:\/\/api.w.org\/{rel}","templated":true}]}}