{"id":21034,"date":"2024-05-03T06:55:00","date_gmt":"2024-05-03T06:55:00","guid":{"rendered":"https:\/\/elfsight.com\/de\/?page_id=21034"},"modified":"2025-11-01T11:13:22","modified_gmt":"2025-11-01T11:13:22","slug":"squarespace","status":"publish","type":"page","link":"https:\/\/elfsight.com\/de\/whatsapp-chat-widget\/squarespace\/","title":{"rendered":"Whatsapp Chat &#8211; Squarespace"},"content":{"rendered":"<div class=\"application-platform-content-item-description application-platform-content-item\" id=\"description\" data-nav-section=\"description\"> <h2>WhatsApp-Chat mit Elfsight-Widget einbetten<\/h2> <p>Das von Elfsight erstellte WhatsApp-Plugin ist der schnellste Weg f\u00fcr Ihre Website-Kunden, Sie zu kontaktieren und h\u00f6ren Sie Antworten auf ihre Fragen und W\u00fcnsche. Jetzt k\u00f6nnen Sie den Zuschauern jederzeit im beliebten Messenger zur Verf\u00fcgung stehen, egal wo Sie sich befinden. F\u00fcgen Sie den Chat im Gesch\u00e4ft ein und er kann auf ausgew\u00e4hlten Seiten oder f\u00fcr ausgew\u00e4hlte Kundenkategorien angezeigt werden, w\u00e4hlen Sie Start-Chat-Ausl\u00f6ser aus, geben Sie Ihre pers\u00f6nliche Begr\u00fc\u00dfungsnachricht ein, w\u00e4hlen Sie Symbole aus und vieles mehr. Mit dem Squarespace-Chat auf Ihrer Webseite sind Sie jederzeit und von \u00fcberall f\u00fcr Ihr Publikum erreichbar.<\/p> <div class=\"faq\" data-component=\"FAQ\"><div class=\"faq-item\">\r\n\t\t\t\t\t<div class=\"faq-item-question\">\r\n\t\t\t\t\t\t<h3 class=\"faq-item-question-text\">So f\u00fcgen Sie die WhatsApp-Chat-Schaltfl\u00e4che hinzu eine Squarespace-Seite?<\/h3>\r\n\r\n\t\t\t\t\t\t<div class=\"faq-item-question-icon\"><\/div>\r\n\t\t\t\t\t<\/div>\r\n\r\n\t\t\t\t\t<div class=\"faq-item-answer\">\r\n\t\t\t\t\t\t<div class=\"faq-item-answer-text\"><p>Sie f\u00fcgen das WhatsApp-Chat-Plugin in nur 90 Sekunden zur Squarespace-Website hinzu.<\/p><ol><li>Passen Sie das Widget f\u00fcr Squarespace im kostenlosen Konfigurator an und sehen Sie \u00c4nderungen live.<\/li> <li>Holen Sie sich Ihren Installationscode.<\/li> <li>Geben Sie den Code an der gew\u00fcnschten Stelle im Backend der Squarespace-Website ein.<\/li> <li>Das ist es! So k\u00f6nnen Sie das WhatsApp-Chat-Plugin auf Squarespace einbetten!<\/li><\/ol><p>Haben Sie Probleme beim Einf\u00fcgen oder Einrichten des Plugins? Sie k\u00f6nnen die ausf\u00fchrliche Anleitung sehen <a href=\"https:\/\/elfsight.com\/tutorials\/how-to-add-whatsapp-chat-widget-to-website\/#how-to-add-whatsapp-to-squarespace\">auf dieser Seite<\/a>.<\/p><\/div>\r\n\t\t\t\t\t<\/div>\r\n\t\t\t\t<\/div><div class=\"faq-item\">\r\n\t\t\t\t\t<div class=\"faq-item-question\">\r\n\t\t\t\t\t\t<h3 class=\"faq-item-question-text\">Kann ich sehen, wie das Plugin auf meiner Website aussehen wird?<\/h3>\r\n\r\n\t\t\t\t\t\t<div class=\"faq-item-question-icon\"><\/div>\r\n\t\t\t\t\t<\/div>\r\n\r\n\t\t\t\t\t<div class=\"faq-item-answer\">\r\n\t\t\t\t\t\t<div class=\"faq-item-answer-text\"><p>Auf jeden Fall! Wenn Sie das Squarespace WhatsApp Chat-Plugin <a href=\"https:\/\/elfsight.com\/whatsapp-chat-widget\/#demo\">im Live-Editor<\/a> erstellen, ber\u00fccksichtigen Sie alle Konfigurationen im rechten Teil von Es. Das Chat-Feld wird genau so aussehen wie das, was Sie auf Ihrer Squarespace-Website haben.<\/p><\/div>\r\n\t\t\t\t\t<\/div>\r\n\t\t\t\t<\/div><div class=\"faq-item\">\r\n\t\t\t\t\t<div class=\"faq-item-question\">\r\n\t\t\t\t\t\t<h3 class=\"faq-item-question-text\">Welche g\u00e4ngigen Plugins sind f\u00fcr eine Squarespace-Website erforderlich?<\/h3>\r\n\r\n\t\t\t\t\t\t<div class=\"faq-item-question-icon\"><\/div>\r\n\t\t\t\t\t<\/div>\r\n\r\n\t\t\t\t\t<div class=\"faq-item-answer\">\r\n\t\t\t\t\t\t<div class=\"faq-item-answer-text\"><p> Sie finden viele tolle Tools, mit denen Sie die Funktionalit\u00e4t Ihrer Squarespace-Website verbessern k\u00f6nnen. Es gibt zum Beispiel <a href=\"https:\/\/elfsight.com\/google-reviews-widget\/squarespace\/\">Google-Rezensionen<\/a>, <a href=\"https:\/\/elfsight.com\/qr- code-widget\/squarespace\/\">QR-Code<\/a> und <a href=\"https:\/\/elfsight.com\/whatsapp-chat-widget\/squarespace\/\">WhatsApp-Chat<\/a>. Au\u00dferdem gibt es einen <a href=\"https:\/\/elfsight.com\/event-calendar-widget\/squarespace\/\">Veranstaltungskalender<\/a> und einen <a>Countdown-Timer<\/a>. Alle diese Plugins eignen sich hervorragend f\u00fcr die Website Ihres Kleinunternehmens und erh\u00f6hen das Engagement.<\/p><\/div>\r\n\t\t\t\t\t<\/div>\r\n\t\t\t\t<\/div><\/div><\/div> <div class=\"application-platform-content-item-features application-platform-content-item\" id=\"features\" data-nav-section=\"features\"> <h2>Hauptfunktionen des WhatsApp Chat Widget<\/h2> <p>Um ein klareres Verst\u00e4ndnis des Chat-Plugins zu erlangen, sehen Sie sich die Liste seiner Hauptfunktionen an. Sie machen unser Widget f\u00fcr Sie maximal effizient:<\/p> <ul><li>F\u00fchren Sie WhatsApp Messenger in Ihren Shop ein, um Live-Chats mit Zuschauern zu f\u00fchren;<\/li><li>Geben Sie Antworten direkt von Ihrem WhatsApp-Konto aus;<\/li><li>Drei Optionen f\u00fcr das Chat-Layout: schwebende Blase, eingebettete Blase und eingebettetes Chat-Fenster;<\/li><li>W\u00e4hlen Sie Ihr Blasensymbol aus der Bibliothek der verf\u00fcgbaren Symbole aus;<\/li><li>Bearbeitbarer Blasentext. <\/li><\/ul><p><a href=\"#demo\">Weitere Funktionen in der Demo ansehen<\/a><\/p> <\/div> <div class=\"application-platform-content-item-installation application-platform-content-item\" id=\"installation\" data-nav-section=\"installation\"> <h2>Anleitung F\u00fcgen Sie das Live-Chat-Plugin zu Ihrer Squarespace-Website hinzu<\/h2><div class=\"video-container\">\n<iframe width=\"720\" height=\"405\" src=\"https:\/\/www.youtube.com\/embed\/Ox2aiS5huj4?si=NHa1x26ndpNmw3us\" frameborder=\"0\" allowfullscreen=\"\"><\/iframe>\n<\/div><p>Die folgenden Aktionen sind das Einzige, was Sie ben\u00f6tigen, um das Widget zu demonstrieren. <\/p> <ul><li><b>Konstruieren Sie Ihr einzigartiges WhatsApp-Plugin<\/b><br> Richten Sie mit Hilfe unseres kostenlosen Konfigurators ein Widget mit Ihrem bevorzugten Layout und den gew\u00fcnschten Funktionsmerkmalen ein. <\/li><li><b>Holen Sie sich den pers\u00f6nlichen Code, um das Plugin zu installieren<\/b><br> Nachdem Sie Ihr Widget erstellt haben, erhalten Sie den Installationscode aus dem angezeigten Fenster von Elfsight Apps. Kopiere diesen Code. <\/li> <li><b>Betten Sie das Chat-Plugin auf Ihrer Squarespace-Website ein<\/b><br> W\u00e4hlen Sie den Bereich aus, in dem Sie das Widget anzeigen m\u00f6chten, und f\u00fcgen Sie dort den gespeicherten Code ein. Speichern Sie die \u00c4nderungen.<\/li><li><b>Fertig!<\/b><br> Gehen Sie zur Website, um Ihr Plugin zu \u00fcberpr\u00fcfen.<\/li> <\/ul><p>Ich kann immer noch kein erstellen Entscheidung? Oder haben Sie Fragen? Eine einzige Anfrage an unser Support-Team hilft bei jedem Problem. <\/p> <\/div><div class=\"faq\" data-component=\"FAQ\"><div class=\"faq-item\">\r\n\t\t\t\t\t<div class=\"faq-item-question\">\r\n\t\t\t\t\t\t<h3 class=\"faq-item-question-text\">Wie ist es m\u00f6glich, WhatsApp Chat ohne Programmiererfahrung in meine Squarespace-Website einzubetten?<\/h3>\r\n\r\n\t\t\t\t\t\t<div class=\"faq-item-question-icon\"><\/div>\r\n\t\t\t\t\t<\/div>\r\n\r\n\t\t\t\t\t<div class=\"faq-item-answer\">\r\n\t\t\t\t\t\t<div class=\"faq-item-answer-text\"><p>Elfsight Das Unternehmen bietet eine L\u00f6sung, mit der Benutzer selbst einen WhatsApp-Chat-Bereich erstellen k\u00f6nnen. Sehen Sie sich die einfache Anleitung an: <\/p><ul><li>Arbeiten Sie direkt im Online-Editor, um ein WhatsApp-Chat-Plugin zu erstellen, das Sie Ihrer Squarespace-Site hinzuf\u00fcgen m\u00f6chten .<\/li><li>Klicken Sie auf eine der vielen vorgefertigten Vorlagen und optimieren Sie die WhatsApp-Chat-Einstellungen, \u00e4ndern Sie das Layout und das Farbschema, f\u00fcgen Sie Ihre Inhalte ohne Codierung ein.<\/li><li>Speichern Sie den WhatsApp-Chat und kopieren Sie den Code zum Einbetten, das Sie problemlos und kostenlos in Ihre Squarespace-Homepage einf\u00fcgen k\u00f6nnen. <\/li><\/ul><p>Mit dem intuitiven Konfigurator kann jeder Internetnutzer das WhatsApp-Chat-Plugin einrichten und es einfach zu seiner Squarespace-Homepage hinzuf\u00fcgen. Sie m\u00fcssen weder bezahlen noch Ihre Kartendaten eingeben, um auf den Elfsight Editor zuzugreifen. Wenn Sie auf Probleme jeglicher Art sto\u00dfen, wenden Sie sich bitte an unsere Mitarbeiter des technischen Supports.<\/p><\/div>\r\n\t\t\t\t\t<\/div>\r\n\t\t\t\t<\/div><\/div>","protected":false},"excerpt":{"rendered":"","protected":false},"author":9,"featured_media":0,"parent":146,"menu_order":0,"comment_status":"closed","ping_status":"closed","template":"templates\/template-application-platform.php","meta":{"publish_to_discourse":"","publish_post_category":"","wpdc_auto_publish_overridden":"","wpdc_topic_tags":"","wpdc_pin_topic":"","wpdc_pin_until":"","discourse_post_id":"","discourse_permalink":"","wpdc_publishing_response":"","wpdc_publishing_error":"","footnotes":""},"class_list":["post-21034","page","type-page","status-publish","hentry"],"yoast_head":"<!-- This site is optimized with the Yoast SEO plugin v25.3.1 - https:\/\/yoast.com\/wordpress\/plugins\/seo\/ -->\n<title>WhatsApp-Live-Chat-Plugin zur Squarespace-Website hinzuf\u00fcgen (in 2 Minuten)<\/title>\n<meta name=\"description\" content=\"Richten Sie das WhatsApp-Live-Chat-Plugin auf Squarespace in nur 2 Minuten ein. Entdecken Sie alle Hauptmerkmale des besten Chat-Widgets in einer kostenlosen Demo.\" \/>\n<meta name=\"robots\" content=\"index, follow, max-snippet:-1, max-image-preview:large, max-video-preview:-1\" \/>\n<link rel=\"canonical\" href=\"https:\/\/elfsight.com\/de\/whatsapp-chat-widget\/squarespace\/\" \/>\n<meta property=\"og:locale\" content=\"de_DE\" \/>\n<meta property=\"og:type\" content=\"article\" \/>\n<meta property=\"og:title\" content=\"WhatsApp-Live-Chat-Plugin zur Squarespace-Website hinzuf\u00fcgen (in 2 Minuten)\" \/>\n<meta property=\"og:description\" content=\"Richten Sie das WhatsApp-Live-Chat-Plugin auf Squarespace in nur 2 Minuten ein. Entdecken Sie alle Hauptmerkmale des besten Chat-Widgets in einer kostenlosen Demo.\" \/>\n<meta property=\"og:url\" content=\"https:\/\/elfsight.com\/de\/whatsapp-chat-widget\/squarespace\/\" \/>\n<meta property=\"og:site_name\" content=\"Elfsight DE\" \/>\n<meta property=\"article:modified_time\" content=\"2025-11-01T11:13:22+00:00\" \/>\n<meta name=\"twitter:card\" content=\"summary_large_image\" \/>\n<meta name=\"twitter:label1\" content=\"Gesch\u00e4tzte Lesezeit\" \/>\n\t<meta name=\"twitter:data1\" content=\"4\u00a0Minuten\" \/>\n<!-- \/ Yoast SEO plugin. -->","yoast_head_json":{"title":"WhatsApp-Live-Chat-Plugin zur Squarespace-Website hinzuf\u00fcgen (in 2 Minuten)","description":"Richten Sie das WhatsApp-Live-Chat-Plugin auf Squarespace in nur 2 Minuten ein. Entdecken Sie alle Hauptmerkmale des besten Chat-Widgets in einer kostenlosen Demo.","robots":{"index":"index","follow":"follow","max-snippet":"max-snippet:-1","max-image-preview":"max-image-preview:large","max-video-preview":"max-video-preview:-1"},"canonical":"https:\/\/elfsight.com\/de\/whatsapp-chat-widget\/squarespace\/","og_locale":"de_DE","og_type":"article","og_title":"WhatsApp-Live-Chat-Plugin zur Squarespace-Website hinzuf\u00fcgen (in 2 Minuten)","og_description":"Richten Sie das WhatsApp-Live-Chat-Plugin auf Squarespace in nur 2 Minuten ein. Entdecken Sie alle Hauptmerkmale des besten Chat-Widgets in einer kostenlosen Demo.","og_url":"https:\/\/elfsight.com\/de\/whatsapp-chat-widget\/squarespace\/","og_site_name":"Elfsight DE","article_modified_time":"2025-11-01T11:13:22+00:00","twitter_card":"summary_large_image","twitter_misc":{"Gesch\u00e4tzte Lesezeit":"4\u00a0Minuten"},"schema":{"@context":"https:\/\/schema.org","@graph":[{"@type":"WebPage","@id":"https:\/\/elfsight.com\/de\/whatsapp-chat-widget\/squarespace\/","url":"https:\/\/elfsight.com\/de\/whatsapp-chat-widget\/squarespace\/","name":"WhatsApp-Live-Chat-Plugin zur Squarespace-Website hinzuf\u00fcgen (in 2 Minuten)","isPartOf":{"@id":"https:\/\/elfsight.com\/de\/#website"},"datePublished":"2024-05-03T06:55:00+00:00","dateModified":"2025-11-01T11:13:22+00:00","description":"Richten Sie das WhatsApp-Live-Chat-Plugin auf Squarespace in nur 2 Minuten ein. Entdecken Sie alle Hauptmerkmale des besten Chat-Widgets in einer kostenlosen Demo.","breadcrumb":{"@id":"https:\/\/elfsight.com\/de\/whatsapp-chat-widget\/squarespace\/#breadcrumb"},"inLanguage":"de","potentialAction":[{"@type":"ReadAction","target":["https:\/\/elfsight.com\/de\/whatsapp-chat-widget\/squarespace\/"]}]},{"@type":"BreadcrumbList","@id":"https:\/\/elfsight.com\/de\/whatsapp-chat-widget\/squarespace\/#breadcrumb","itemListElement":[{"@type":"ListItem","position":1,"name":"Home","item":"https:\/\/elfsight.com\/de\/"},{"@type":"ListItem","position":2,"name":"WhatsApp Chat","item":"https:\/\/elfsight.com\/de\/whatsapp-chat-widget\/"},{"@type":"ListItem","position":3,"name":"Whatsapp Chat &#8211; Squarespace"}]},{"@type":"WebSite","@id":"https:\/\/elfsight.com\/de\/#website","url":"https:\/\/elfsight.com\/de\/","name":"Elfsight DE","description":"Just another Elfsight Sites site","potentialAction":[{"@type":"SearchAction","target":{"@type":"EntryPoint","urlTemplate":"https:\/\/elfsight.com\/de\/?s={search_term_string}"},"query-input":{"@type":"PropertyValueSpecification","valueRequired":true,"valueName":"search_term_string"}}],"inLanguage":"de"}]}},"meta_box":{"industry":"","seo_heading":"","heading":"","description":"","cta_heading":"","cta_description":"","application":"139","h1":"Squarespace WhatsApp Live Chat-Plugin","h1_caption":"Geben Sie Benutzern die M\u00f6glichkeit, Sie \u00fcber WhatsApp zu kontaktieren, und sorgen Sie so f\u00fcr die schnellste und bequemste Interaktion Ihrer Website-Besucher mit Ihrer Squarespace-Website.","application_category":[],"applications_title":"","applications_request_title":"","applications_request_button_text":"","hero_text":"","hero_video":"","hero_video_schema_markup":"","selling_points_title":"","selling_points_caption":"","selling_points":[],"selling_points_cta_text":"","features_title":"","features":"","ed_cta_examples_text":"","ed_cta_examples_hidden":"","ed_cta_demo_text":"","ed_cta_demo_hidden":"","why_caption":"","why_editor_title":"","why_editor_text":"","why_team_title":"","why_team_text":"","why_service_title":"","why_service_text":"","template_catalog_visible":"0","template_catalog_title":"","template_catalog_text":"","template_catalog_categories_visible":"","demo_title":"Erstellen Sie Ihr WhatsApp-Chat-Plugin","demo_caption":"Konfigurieren Sie Ihren WhatsApp-Chat und f\u00fcgen Sie ihn kostenlos zu Ihrer Squarespace-Website hinzu!","default_faq_hidden":"","app_template_category":[],"platform":"252","template_public_id":"","codecanyon_url":"","codecanyon_item_id":"","codecanyon_price":"","pricing_caption":"","pricing_elfsight_apps_hide_column":"","pricing_elfsight_apps_url":"","pricing_codecanyon_price_caption":"","integration_category":[],"integration_request_title":"","integration_request_cta":"","integration_platform":"","integrations":[],"platform_category":[],"video_schema_markup":"","price":"ab 0 $ \/ Monat","trial":"","benefits":[{"text":"Kostenlose Installationshilfe"},{"text":"Effektiver Kundenservice"},{"text":"14-t\u00e4gige Geld-zur\u00fcck-Garantie"},{"text":"Kontinuierliche kostenlose Verbesserungen"}],"button_url":"#demo","button_target_blank":"0","button_nofollow":"0","attributes":[{"name":"Installiert","content":"100,000 - 500,000"},{"name":"Reaktionsfreudig","content":"Ja"},{"name":"Kompatible Browser","content":"Firefox, Safari, Opera, Chrome, Edge"}],"tags":[],"tags_disable_links":"0","hide_more_platforms":"0","video_object":"","demo_hide_cta":"0","demo_hide_cloud_options":"0","pricing_title":"","pricing":[{"pricing_icon":"platform","pricing_title":"Elfsight Apps","pricing_title_caption":"Plattformunabh\u00e4ngige digitale L\u00f6sung, die auf jeder Website funktioniert","pricing_price":"ab 0 $ \/ Monat","pricing_price_caption":"Beginnen Sie mit einem kostenlosen Plan","pricing_benefits":[{"text":"Unbegrenzte Websites"},{"text":"Erstklassiger und p\u00fcnktlicher Support"},{"text":"Kostenloser Installationssupport"},{"text":"Vollst\u00e4ndig anpassbar"}],"pricing_button_text":"Zur Website hinzuf\u00fcgen","pricing_button_url":"#demo"}],"related_apps_title":"","related_apps_hidden":"0","author":"","image":[],"title":"","job":"","social_networks":[]},"_links":{"self":[{"href":"https:\/\/elfsight.com\/de\/wp-json\/wp\/v2\/pages\/21034","targetHints":{"allow":["GET"]}}],"collection":[{"href":"https:\/\/elfsight.com\/de\/wp-json\/wp\/v2\/pages"}],"about":[{"href":"https:\/\/elfsight.com\/de\/wp-json\/wp\/v2\/types\/page"}],"author":[{"embeddable":true,"href":"https:\/\/elfsight.com\/de\/wp-json\/wp\/v2\/users\/9"}],"replies":[{"embeddable":true,"href":"https:\/\/elfsight.com\/de\/wp-json\/wp\/v2\/comments?post=21034"}],"version-history":[{"count":5,"href":"https:\/\/elfsight.com\/de\/wp-json\/wp\/v2\/pages\/21034\/revisions"}],"predecessor-version":[{"id":25553,"href":"https:\/\/elfsight.com\/de\/wp-json\/wp\/v2\/pages\/21034\/revisions\/25553"}],"up":[{"embeddable":true,"href":"https:\/\/elfsight.com\/de\/wp-json\/wp\/v2\/pages\/146"}],"wp:attachment":[{"href":"https:\/\/elfsight.com\/de\/wp-json\/wp\/v2\/media?parent=21034"}],"curies":[{"name":"wp","href":"https:\/\/api.w.org\/{rel}","templated":true}]}}