{"id":21027,"date":"2024-05-03T06:54:30","date_gmt":"2024-05-03T06:54:30","guid":{"rendered":"https:\/\/elfsight.com\/de\/?page_id=21027"},"modified":"2025-07-10T14:00:24","modified_gmt":"2025-07-10T14:00:24","slug":"jquery","status":"publish","type":"page","link":"https:\/\/elfsight.com\/de\/weather-widget\/jquery\/","title":{"rendered":"Weather &#8211; jQuery"},"content":{"rendered":"<div class=\"application-platform-content-item-description application-platform-content-item\" id=\"description\" data-nav-section=\"description\"><h2>Beschreibung<\/h2><p>Das Elfsight-Wetter-Widget ist ein unkompliziertes und sehr anpassbares Website-Widget zur Anzeige der frischen Wettersituation f\u00fcr jeden Ort. F\u00fcgen Sie den Ort anhand des Titels, der Postleitzahl oder der Koordinaten hinzu. Ihr Publikum sieht die aktualisierten Informationen zu Temperatur, Luftdruck, Luftfeuchtigkeit und aktivem Wetter. Das Widget bietet die M\u00f6glichkeit, st\u00fcndliche oder t\u00e4gliche Prognosen anzuzeigen. Das Widget verf\u00fcgt au\u00dferdem \u00fcber einen thematischen Hintergrund und die M\u00f6glichkeit, beliebige Farben auszuw\u00e4hlen. <\/p><p><b>Erleichtern Sie Ihren Kunden die Bestellung ihrer Outdoor-Events mit der Wettervorhersage im Blick! <\/b><\/p><\/div><div class=\"application-platform-content-item-features application-platform-content-item\" id=\"features\" data-nav-section=\"features\"><p>Hier k\u00f6nnen Sie alle Funktionsmerkmale des Wetter-Widgets sehen. Sie k\u00f6nnen sie direkt im Editor verwalten und sie helfen Ihnen dabei, das Widget entsprechend Ihren Anforderungen zu konfigurieren. <\/p><ul><li>3 M\u00f6glichkeiten, den Standort einzugeben: \u00fcber den Namen, die Postleitzahl oder die Koordinaten; <\/li><li>\u00dcber 30 Sprachen werden unterst\u00fctzt, um Wetterdetails in Ihrer Muttersprache anzuzeigen; <\/li><li>F\u00fcnf Arten der Widget-Konfiguration f\u00fcr verschiedene Anwendungsf\u00e4lle; <\/li><li>Die Option, die Tagesprognose f\u00fcr eine Woche mit Datumsangaben anzuzeigen; <\/li><li>F\u00fcgen Sie stundenweise Wettervorhersagen f\u00fcr die n\u00e4chsten 12 Stunden hinzu. <\/li><\/ul><p><a href=\"#demo\">Sie k\u00f6nnen alle Funktionsmerkmale des Widgets direkt in der Demo ausprobieren<\/a><\/p><\/div><div class=\"application-platform-content-item-installation application-platform-content-item\" id=\"installation\" data-nav-section=\"installation\"><h2>Wie kann ich das Wetter-Plugin in meine jQuery-Site einbetten? <\/h2><p>Um das Widget einzubetten, f\u00fchren Sie einfach die folgenden schnellen Schritte aus<\/p><ol><li><b>Generieren Sie Ihr pers\u00f6nliches Wetter-Plugin<\/b><br>Mithilfe unserer kostenlosen Demo, Holen Sie sich ein Plugin mit einem bevorzugten Aussehen und einer bevorzugten Funktionalit\u00e4t. <\/li> <li><b>Erhalten Sie den individuellen Code, um das Plugin zu ver\u00f6ffentlichen<\/b><br>Nachdem Sie Ihr Widget konfiguriert haben, erhalten Sie Ihren Installationscode aus der angezeigten Benachrichtigung auf Elfsight Apps. Kopieren Sie den Code zur sp\u00e4teren Verwendung. <\/li> <li><b> Das Plugin auf Ihrer jQuery-Website<\/b><br>W\u00e4hlen Sie den Bereich aus, in dem Sie das Plugin platzieren m\u00f6chten, und f\u00fcgen Sie dort den kopierten Code ein. \u00dcbernehmen Sie die \u00c4nderungen. <\/li> <li><b>Herzlichen Gl\u00fcckwunsch! Sie haben gerade das Widget eingerichtet! <\/b><br>Betreten Sie Ihre Website, um Ihr Plugin anzuzeigen. <\/li><\/ol><p>Z\u00f6gern Sie nicht, sich an den Support der Elfsight-Kunden zu wenden, wenn Sie Rat ben\u00f6tigen oder Probleme haben. Unsere Spezialisten stehen Ihnen bei jedem Anliegen mit Rat und Tat zur Seite. <\/p><div class=\"faq\" data-component=\"FAQ\"><div class=\"faq-item\">\r\n\t\t\t\t\t<div class=\"faq-item-question\">\r\n\t\t\t\t\t\t<h3 class=\"faq-item-question-text\">Gibt es eine Option zum Hinzuf\u00fcgen von Wetter zu meiner jQuery-Website ohne Codierung?<\/h3>\r\n\r\n\t\t\t\t\t\t<div class=\"faq-item-question-icon\"><\/div>\r\n\t\t\t\t\t<\/div>\r\n\r\n\t\t\t\t\t<div class=\"faq-item-answer\">\r\n\t\t\t\t\t\t<div class=\"faq-item-answer-text\"> <p>Das Unternehmen Elfsight liefert eine Cloud-L\u00f6sung, mit der Benutzer selbst ein Wetter-Widget erstellen k\u00f6nnen. Finden Sie heraus, wie So einfach geht es: Erstellen Sie direkt im Live-Editor ein Wetter-Plugin, das Sie in Ihre jQuery-Seite einbetten m\u00f6chten. W\u00e4hlen Sie eine der vielen vorgefertigten Vorlagen aus und passen Sie die Wettereinstellungen an, \u00e4ndern Sie das Layout und die Farbe der Elemente und f\u00fcgen Sie Ihre Inhalte hinzu \u2013 ohne Programmierkenntnisse. Klicken Sie hier, um die von Ihnen vorgenommenen Wettereinstellungen zu speichern und den Installationscode des Plugins zu erhalten, der einfach auf jeder jQuery-Homepage hinzugef\u00fcgt werden kann, ohne ein kostenpflichtiges Abonnement zu kaufen. Mit dem unkomplizierten Konfigurator kann jeder Internetnutzer das Wetter-Plugin online erstellen und es m\u00fchelos in die jQuery-Website einbinden. Sie m\u00fcssen keinen kostenpflichtigen Plan abschlie\u00dfen oder Ihre Kartendaten offenlegen, um auf den Service zuzugreifen. Sollten bei irgendeinem Schritt Probleme auftreten, wenden Sie sich bitte an unser Support-Team.<\/p> <\/div>\r\n\t\t\t\t\t<\/div>\r\n\t\t\t\t<\/div> <\/div><\/div>","protected":false},"excerpt":{"rendered":"","protected":false},"author":9,"featured_media":0,"parent":2173,"menu_order":0,"comment_status":"closed","ping_status":"closed","template":"templates\/template-application-platform.php","meta":{"publish_to_discourse":"","publish_post_category":"","wpdc_auto_publish_overridden":"","wpdc_topic_tags":"","wpdc_pin_topic":"","wpdc_pin_until":"","discourse_post_id":"","discourse_permalink":"","wpdc_publishing_response":"","wpdc_publishing_error":"","footnotes":""},"class_list":["post-21027","page","type-page","status-publish","hentry"],"yoast_head":"<!-- This site is optimized with the Yoast SEO plugin v25.3.1 - https:\/\/yoast.com\/wordpress\/plugins\/seo\/ -->\n<title>Wetter-Widget \u2013 Wetter-Plugin zur jQuery-Website hinzuf\u00fcgen (kostenlos und schnell)<\/title>\n<meta name=\"description\" content=\"Es ist ganz einfach, Ihr Wetter-Plugin zu erstellen und auf der jQuery-Website zu platzieren. Der Kundensupport von Elfsight ist kostenlos und schnell.\" \/>\n<meta name=\"robots\" content=\"index, follow, max-snippet:-1, max-image-preview:large, max-video-preview:-1\" \/>\n<link rel=\"canonical\" href=\"https:\/\/elfsight.com\/de\/weather-widget\/jquery\/\" \/>\n<meta property=\"og:locale\" content=\"de_DE\" \/>\n<meta property=\"og:type\" content=\"article\" \/>\n<meta property=\"og:title\" content=\"Wetter-Widget \u2013 Wetter-Plugin zur jQuery-Website hinzuf\u00fcgen (kostenlos und schnell)\" \/>\n<meta property=\"og:description\" content=\"Es ist ganz einfach, Ihr Wetter-Plugin zu erstellen und auf der jQuery-Website zu platzieren. Der Kundensupport von Elfsight ist kostenlos und schnell.\" \/>\n<meta property=\"og:url\" content=\"https:\/\/elfsight.com\/de\/weather-widget\/jquery\/\" \/>\n<meta property=\"og:site_name\" content=\"Elfsight DE\" \/>\n<meta property=\"article:modified_time\" content=\"2025-07-10T14:00:24+00:00\" \/>\n<meta name=\"twitter:card\" content=\"summary_large_image\" \/>\n<meta name=\"twitter:label1\" content=\"Gesch\u00e4tzte Lesezeit\" \/>\n\t<meta name=\"twitter:data1\" content=\"3\u00a0Minuten\" \/>\n<!-- \/ Yoast SEO plugin. -->","yoast_head_json":{"title":"Wetter-Widget \u2013 Wetter-Plugin zur jQuery-Website hinzuf\u00fcgen (kostenlos und schnell)","description":"Es ist ganz einfach, Ihr Wetter-Plugin zu erstellen und auf der jQuery-Website zu platzieren. Der Kundensupport von Elfsight ist kostenlos und schnell.","robots":{"index":"index","follow":"follow","max-snippet":"max-snippet:-1","max-image-preview":"max-image-preview:large","max-video-preview":"max-video-preview:-1"},"canonical":"https:\/\/elfsight.com\/de\/weather-widget\/jquery\/","og_locale":"de_DE","og_type":"article","og_title":"Wetter-Widget \u2013 Wetter-Plugin zur jQuery-Website hinzuf\u00fcgen (kostenlos und schnell)","og_description":"Es ist ganz einfach, Ihr Wetter-Plugin zu erstellen und auf der jQuery-Website zu platzieren. Der Kundensupport von Elfsight ist kostenlos und schnell.","og_url":"https:\/\/elfsight.com\/de\/weather-widget\/jquery\/","og_site_name":"Elfsight DE","article_modified_time":"2025-07-10T14:00:24+00:00","twitter_card":"summary_large_image","twitter_misc":{"Gesch\u00e4tzte Lesezeit":"3\u00a0Minuten"},"schema":{"@context":"https:\/\/schema.org","@graph":[{"@type":"WebPage","@id":"https:\/\/elfsight.com\/de\/weather-widget\/jquery\/","url":"https:\/\/elfsight.com\/de\/weather-widget\/jquery\/","name":"Wetter-Widget \u2013 Wetter-Plugin zur jQuery-Website hinzuf\u00fcgen (kostenlos und schnell)","isPartOf":{"@id":"https:\/\/elfsight.com\/de\/#website"},"datePublished":"2024-05-03T06:54:30+00:00","dateModified":"2025-07-10T14:00:24+00:00","description":"Es ist ganz einfach, Ihr Wetter-Plugin zu erstellen und auf der jQuery-Website zu platzieren. Der Kundensupport von Elfsight ist kostenlos und schnell.","breadcrumb":{"@id":"https:\/\/elfsight.com\/de\/weather-widget\/jquery\/#breadcrumb"},"inLanguage":"de","potentialAction":[{"@type":"ReadAction","target":["https:\/\/elfsight.com\/de\/weather-widget\/jquery\/"]}]},{"@type":"BreadcrumbList","@id":"https:\/\/elfsight.com\/de\/weather-widget\/jquery\/#breadcrumb","itemListElement":[{"@type":"ListItem","position":1,"name":"Home","item":"https:\/\/elfsight.com\/de\/"},{"@type":"ListItem","position":2,"name":"Weather","item":"https:\/\/elfsight.com\/de\/weather-widget\/"},{"@type":"ListItem","position":3,"name":"Weather &#8211; jQuery"}]},{"@type":"WebSite","@id":"https:\/\/elfsight.com\/de\/#website","url":"https:\/\/elfsight.com\/de\/","name":"Elfsight DE","description":"Just another Elfsight Sites site","potentialAction":[{"@type":"SearchAction","target":{"@type":"EntryPoint","urlTemplate":"https:\/\/elfsight.com\/de\/?s={search_term_string}"},"query-input":{"@type":"PropertyValueSpecification","valueRequired":true,"valueName":"search_term_string"}}],"inLanguage":"de"}]}},"meta_box":{"industry":"","seo_heading":"","heading":"","description":"","cta_heading":"","cta_description":"","application":"498","h1":"jQuery-Wetter-Plugin","h1_caption":"Zeigen Sie aktuelle Wetterinformationen f\u00fcr jeden Ort auf Ihrer Website an, um Ihr lokales oder reisendes Publikum m\u00fchelos f\u00fcr Ihre jQuery-Website zu gewinnen.","application_category":[],"applications_title":"","applications_request_title":"","applications_request_button_text":"","hero_text":"","hero_video":"","hero_video_schema_markup":"","selling_points_title":"","selling_points_caption":"","selling_points":[],"selling_points_cta_text":"","features_title":"","features":"","ed_cta_examples_text":"","ed_cta_examples_hidden":"","ed_cta_demo_text":"","ed_cta_demo_hidden":"","why_caption":"","why_editor_title":"","why_editor_text":"","why_team_title":"","why_team_text":"","why_service_title":"","why_service_text":"","template_catalog_visible":"","template_catalog_title":"","template_catalog_text":"","template_catalog_categories_visible":"","demo_title":"Erstellen Sie Ihr Wetter-Plugin","demo_caption":"Konfigurieren Sie Ihr Wetter und f\u00fcgen Sie es kostenlos zu Ihrer jQuery-Website hinzu!","default_faq_hidden":"","app_template_category":[],"platform":"258","template_public_id":"","codecanyon_url":"","codecanyon_item_id":"","codecanyon_price":"","pricing_caption":"","pricing_elfsight_apps_hide_column":"","pricing_elfsight_apps_url":"","pricing_codecanyon_price_caption":"","integration_category":[],"integration_request_title":"","integration_request_cta":"","integration_platform":"","integrations":[],"platform_category":[],"video_schema_markup":"","price":"ab 0 $ \/ Monat","trial":"","benefits":[{"text":"Kostenloser Installationsservice"},{"text":"Kompetenter Kundenservice"},{"text":"14-t\u00e4gige Geld-zur\u00fcck-Garantie"},{"text":"Zuk\u00fcnftige kostenlose Updates"}],"button_url":"#demo","button_target_blank":"","button_nofollow":"","attributes":[{"name":"Installiert","content":"10,000 - 100,000"},{"name":"Reaktionsfreudig","content":"Ja"},{"name":"Kompatible Browser","content":"Firefox, Safari, Opera, Chrome, Edge"}],"tags":[],"tags_disable_links":"","hide_more_platforms":"","video_object":"","demo_hide_cta":"","demo_hide_cloud_options":"","pricing_title":"","pricing":[{"pricing_icon":"platform","pricing_title":"Elfsight Apps","pricing_title_caption":"Plattform\u00fcbergreifende digitale L\u00f6sung","pricing_price":"ab 0 $ \/ Monat","pricing_price_caption":"Beginnen Sie mit einem kostenlosen Plan","pricing_benefits":[{"text":"Unbegrenzte Websites"},{"text":"Schneller Kundensupport"},{"text":"Kostenlose Installationshilfe"},{"text":"Vollst\u00e4ndig anpassbar"}],"pricing_button_text":"Zur Website hinzuf\u00fcgen","pricing_button_url":"#demo"}],"related_apps_title":"","related_apps_hidden":"","author":"","image":[],"title":"","job":"","social_networks":[]},"_links":{"self":[{"href":"https:\/\/elfsight.com\/de\/wp-json\/wp\/v2\/pages\/21027","targetHints":{"allow":["GET"]}}],"collection":[{"href":"https:\/\/elfsight.com\/de\/wp-json\/wp\/v2\/pages"}],"about":[{"href":"https:\/\/elfsight.com\/de\/wp-json\/wp\/v2\/types\/page"}],"author":[{"embeddable":true,"href":"https:\/\/elfsight.com\/de\/wp-json\/wp\/v2\/users\/9"}],"replies":[{"embeddable":true,"href":"https:\/\/elfsight.com\/de\/wp-json\/wp\/v2\/comments?post=21027"}],"version-history":[{"count":1,"href":"https:\/\/elfsight.com\/de\/wp-json\/wp\/v2\/pages\/21027\/revisions"}],"predecessor-version":[{"id":21031,"href":"https:\/\/elfsight.com\/de\/wp-json\/wp\/v2\/pages\/21027\/revisions\/21031"}],"up":[{"embeddable":true,"href":"https:\/\/elfsight.com\/de\/wp-json\/wp\/v2\/pages\/2173"}],"wp:attachment":[{"href":"https:\/\/elfsight.com\/de\/wp-json\/wp\/v2\/media?parent=21027"}],"curies":[{"name":"wp","href":"https:\/\/api.w.org\/{rel}","templated":true}]}}