{"id":21020,"date":"2024-05-03T06:54:00","date_gmt":"2024-05-03T06:54:00","guid":{"rendered":"https:\/\/elfsight.com\/de\/?page_id=21020"},"modified":"2025-02-25T05:33:20","modified_gmt":"2025-02-25T05:33:20","slug":"html","status":"publish","type":"page","link":"https:\/\/elfsight.com\/de\/visitor-counter-widget\/html\/","title":{"rendered":"Visitor Counter  &#8211; HTML"},"content":{"rendered":"\n<div class=\"application-platform-content-item-description application-platform-content-item\" id=\"description\" data-nav-section=\"description\"> <h2>Beschreibung<\/h2> <p> Visitor Counter f\u00fcr HTML ist ein unkompliziertes Tool, mit dem Sie Ihre Besucherzahl und die beliebtesten Inhalte kontrollieren k\u00f6nnen innerhalb eines genauen Zeitraums angezeigt. Wichtige Statistiken sind jetzt einfach zu \u00fcberpr\u00fcfen, ohne dass besondere Kenntnisse in der Datenanalyse erforderlich sind. Dar\u00fcber hinaus k\u00f6nnen Sie den Zuschauern ganz einfach versichern, dass Sie ein seri\u00f6ses Unternehmen sind und viel mehr Umsatz erzielen. Mit unseren anpassbaren, stilvollen M\u00f6glichkeiten und praktischen Layouts k\u00f6nnen Sie das Widget in wenigen Sekunden in Ihre Website integrieren. <\/p> <p><b>\u00dcberpr\u00fcfen Sie mit Visitor Counter Ihre Statistiken und erleben Sie ein solides Gesch\u00e4ftswachstum! <\/b><\/p><\/div> <div class=\"faq\" data-component=\"FAQ\"><div class=\"faq-item\">\r\n\t\t\t\t\t<div class=\"faq-item-question\">\r\n\t\t\t\t\t\t<h3 class=\"faq-item-question-text\">Wie bette ich einen Besucherz\u00e4hler in meine HTML-Website ein? <\/h3>\r\n\r\n\t\t\t\t\t\t<div class=\"faq-item-question-icon\"><\/div>\r\n\t\t\t\t\t<\/div>\r\n\r\n\t\t\t\t\t<div class=\"faq-item-answer\">\r\n\t\t\t\t\t\t<div class=\"faq-item-answer-text\"><p>Das Geb\u00e4ude Die Funktionsweise des Tools erfolgt auf den Elfsight-Seiten und Sie m\u00fcssen nicht programmieren. Nutzen Sie die Online-Demo, um Ihr Plugin anzupassen, den Code abzurufen und ihn in Ihre Website einzuf\u00fcgen. <\/p><\/div>\r\n\t\t\t\t\t<\/div>\r\n\t\t\t\t<\/div><div class=\"faq-item\">\r\n\t\t\t\t\t<div class=\"faq-item-question\">\r\n\t\t\t\t\t\t<h3 class=\"faq-item-question-text\">Die besten M\u00f6glichkeiten zur Verwendung der Hit Counter-Integration<\/h3>\r\n\r\n\t\t\t\t\t\t<div class=\"faq-item-question-icon\"><\/div>\r\n\t\t\t\t\t<\/div>\r\n\r\n\t\t\t\t\t<div class=\"faq-item-answer\">\r\n\t\t\t\t\t\t<div class=\"faq-item-answer-text\"><p>Wir bieten eine breite Palette an Anpassungsm\u00f6glichkeiten: Widgets in voller L\u00e4nge zum Hinzuf\u00fcgen in der Inhaltszone, schwebende Plugins f\u00fcr Scrolloptionen, Layouts f\u00fcr die Fu\u00dfzeile, den Kopfbereich und alle m\u00f6glichen vertikalen Optionen f\u00fcr Seitenleisten und Men\u00fcs. <\/p><\/div>\r\n\t\t\t\t\t<\/div>\r\n\t\t\t\t<\/div><div class=\"faq-item\">\r\n\t\t\t\t\t<div class=\"faq-item-question\">\r\n\t\t\t\t\t\t<h3 class=\"faq-item-question-text\">Gibt es eine Option, mit Ihrem Editor einen Inline- oder detaillierten Besucherz\u00e4hler zu erstellen? <\/h3>\r\n\r\n\t\t\t\t\t\t<div class=\"faq-item-question-icon\"><\/div>\r\n\t\t\t\t\t<\/div>\r\n\r\n\t\t\t\t\t<div class=\"faq-item-answer\">\r\n\t\t\t\t\t\t<div class=\"faq-item-answer-text\"><p>Sie k\u00f6nnen beliebige Widget-Varianten erstellen. Im Editor stehen zahlreiche Layouts zur Verf\u00fcgung, die alle schnell an Ihre Bed\u00fcrfnisse angepasst werden k\u00f6nnen. <\/p><\/div>\r\n\t\t\t\t\t<\/div>\r\n\t\t\t\t<\/div><\/div><div class=\"application-platform-content-item-features application-platform-content-item\" id=\"features\" data-nav-section=\"features\"> <h2>Sehen Sie sich die Liste der leistungsst\u00e4rksten Funktionen an: <\/h2> <ul><li>Einfach zu verwalten ohne professionelle SEO-Qualifikation und Codierung erforderlich<\/li><li>Eine gro\u00dfe Vielfalt an Zeitintervallen zum Z\u00e4hlen Ihrer Metriken<\/li><li>Praktische Layouts, um alle Punkte auf praktische Weise zu verwalten<\/li><li>Hell, dunkel und anpassbar Farbschemata zum Anpassen des Tools <\/li><li>Schriftgr\u00f6\u00dfe und -st\u00e4rke festlegen <\/li><li>Einfach zu integrieren, auch f\u00fcr technisch nicht versierte Benutzer <\/li><\/ul><p><a href=\"#demo\">Sie k\u00f6nnen sehen, ob das Widget f\u00fcr Sie geeignet ist, indem Sie die Demo ausprobieren<\/a><\/p> <\/div> <div class=\"application-platform-content-item-installation application-platform-content-item\" id=\"installation\" data-nav-section=\"installation\"><h2>So f\u00fcge ich einen Besucherz\u00e4hler auf meiner HTML-Website hinzu ? <\/h2> <div class=\"video-container\"><iframe width=\"560\" height=\"315\" src=\"https:\/\/www.youtube.com\/embed\/Z6Qhq7KaAek?si=bTsNLTqBrqaecyWd\" frameborder=\"0\" allow=\"accelerometer; autoplay; clipboard-write; encrypted-media; gyroscope; picture-in-picture; web-share\" allowfullscreen><\/iframe><\/div><p>F\u00fchren Sie einfach die folgenden Richtlinien aus, um das Plugin zu integrieren: <\/p> <ol><li><b>Nutzen Sie unsere kostenlose Demo und beginnen Sie mit der Entwicklung Ihres ma\u00dfgeschneiderten Instruments. <\/b><br> Finden Sie das bevorzugte Layout und die Parameter des Tools und nehmen Sie die Korrekturen vor. <\/li> <li><b>Erhalten Sie Ihren individuellen Code in der speziellen Form auf Elfsight Apps. <\/b><br> Kopieren Sie direkt nach Abschluss der Erstellung Ihres Tools den pers\u00f6nlichen Code im angezeigten Popup und bewahren Sie ihn f\u00fcr einen sp\u00e4teren Bedarf auf. <\/li> <li><b>Geben Sie die Verwendung des Widgets auf Ihrer HTML-Website ein. <\/b><br> F\u00fcgen Sie den Code, den Sie k\u00fcrzlich kopiert haben, auf Ihrer Homepage hinzu und \u00fcbernehmen Sie die \u00c4nderungen. <\/li> <li><b>Du bist fertig! Die Einrichtung ist erfolgreich abgeschlossen. <\/b><br> Gehen Sie zu Ihrer Webseite, um zu \u00fcberpr\u00fcfen, wie das Widget funktioniert. <\/li><\/ol> <p>Wenn Sie Fragen haben oder auf Schwierigkeiten sto\u00dfen, wenden Sie sich bitte an unseren Kundendienst. Unsere Mitarbeiter sind bestrebt, alle Ihre Fragen zum Widget zu beantworten. <\/p> <\/div>\n","protected":false},"excerpt":{"rendered":"","protected":false},"author":9,"featured_media":0,"parent":2053,"menu_order":0,"comment_status":"closed","ping_status":"closed","template":"templates\/template-application-platform.php","meta":{"publish_to_discourse":"","publish_post_category":"","wpdc_auto_publish_overridden":"","wpdc_topic_tags":"","wpdc_pin_topic":"","wpdc_pin_until":"","discourse_post_id":"","discourse_permalink":"","wpdc_publishing_response":"","wpdc_publishing_error":"","footnotes":""},"class_list":["post-21020","page","type-page","status-publish","hentry"],"yoast_head":"<!-- This site is optimized with the Yoast SEO plugin v25.3.1 - https:\/\/yoast.com\/wordpress\/plugins\/seo\/ -->\n<title>Besucherz\u00e4hler \u2013 Besucherz\u00e4hler-Widget zur HTML-Website hinzuf\u00fcgen [2025]<\/title>\n<meta name=\"description\" content=\"Es ist ganz einfach, Ihr bestes Hit Counter-Widget zu erstellen und es in Ihre Website einzuf\u00fcgen. Der Elfsight-Kundendienst ist kostenlos.\" \/>\n<meta name=\"robots\" content=\"index, follow, max-snippet:-1, max-image-preview:large, max-video-preview:-1\" \/>\n<link rel=\"canonical\" href=\"https:\/\/elfsight.com\/de\/visitor-counter-widget\/html\/\" \/>\n<meta property=\"og:locale\" content=\"de_DE\" \/>\n<meta property=\"og:type\" content=\"article\" \/>\n<meta property=\"og:title\" content=\"Besucherz\u00e4hler \u2013 Besucherz\u00e4hler-Widget zur HTML-Website hinzuf\u00fcgen [2025]\" \/>\n<meta property=\"og:description\" content=\"Es ist ganz einfach, Ihr bestes Hit Counter-Widget zu erstellen und es in Ihre Website einzuf\u00fcgen. Der Elfsight-Kundendienst ist kostenlos.\" \/>\n<meta property=\"og:url\" content=\"https:\/\/elfsight.com\/de\/visitor-counter-widget\/html\/\" \/>\n<meta property=\"og:site_name\" content=\"Elfsight DE\" \/>\n<meta property=\"article:modified_time\" content=\"2025-02-25T05:33:20+00:00\" \/>\n<meta name=\"twitter:card\" content=\"summary_large_image\" \/>\n<meta name=\"twitter:label1\" content=\"Gesch\u00e4tzte Lesezeit\" \/>\n\t<meta name=\"twitter:data1\" content=\"3\u00a0Minuten\" \/>\n<!-- \/ Yoast SEO plugin. -->","yoast_head_json":{"title":"Besucherz\u00e4hler \u2013 Besucherz\u00e4hler-Widget zur HTML-Website hinzuf\u00fcgen [2025]","description":"Es ist ganz einfach, Ihr bestes Hit Counter-Widget zu erstellen und es in Ihre Website einzuf\u00fcgen. Der Elfsight-Kundendienst ist kostenlos.","robots":{"index":"index","follow":"follow","max-snippet":"max-snippet:-1","max-image-preview":"max-image-preview:large","max-video-preview":"max-video-preview:-1"},"canonical":"https:\/\/elfsight.com\/de\/visitor-counter-widget\/html\/","og_locale":"de_DE","og_type":"article","og_title":"Besucherz\u00e4hler \u2013 Besucherz\u00e4hler-Widget zur HTML-Website hinzuf\u00fcgen [2025]","og_description":"Es ist ganz einfach, Ihr bestes Hit Counter-Widget zu erstellen und es in Ihre Website einzuf\u00fcgen. Der Elfsight-Kundendienst ist kostenlos.","og_url":"https:\/\/elfsight.com\/de\/visitor-counter-widget\/html\/","og_site_name":"Elfsight DE","article_modified_time":"2025-02-25T05:33:20+00:00","twitter_card":"summary_large_image","twitter_misc":{"Gesch\u00e4tzte Lesezeit":"3\u00a0Minuten"},"schema":{"@context":"https:\/\/schema.org","@graph":[{"@type":"WebPage","@id":"https:\/\/elfsight.com\/de\/visitor-counter-widget\/html\/","url":"https:\/\/elfsight.com\/de\/visitor-counter-widget\/html\/","name":"Besucherz\u00e4hler \u2013 Besucherz\u00e4hler-Widget zur HTML-Website hinzuf\u00fcgen [2025]","isPartOf":{"@id":"https:\/\/elfsight.com\/de\/#website"},"datePublished":"2024-05-03T06:54:00+00:00","dateModified":"2025-02-25T05:33:20+00:00","description":"Es ist ganz einfach, Ihr bestes Hit Counter-Widget zu erstellen und es in Ihre Website einzuf\u00fcgen. Der Elfsight-Kundendienst ist kostenlos.","breadcrumb":{"@id":"https:\/\/elfsight.com\/de\/visitor-counter-widget\/html\/#breadcrumb"},"inLanguage":"de","potentialAction":[{"@type":"ReadAction","target":["https:\/\/elfsight.com\/de\/visitor-counter-widget\/html\/"]}]},{"@type":"BreadcrumbList","@id":"https:\/\/elfsight.com\/de\/visitor-counter-widget\/html\/#breadcrumb","itemListElement":[{"@type":"ListItem","position":1,"name":"Home","item":"https:\/\/elfsight.com\/de\/"},{"@type":"ListItem","position":2,"name":"Visitor Counter","item":"https:\/\/elfsight.com\/de\/visitor-counter-widget\/"},{"@type":"ListItem","position":3,"name":"Visitor Counter &#8211; HTML"}]},{"@type":"WebSite","@id":"https:\/\/elfsight.com\/de\/#website","url":"https:\/\/elfsight.com\/de\/","name":"Elfsight DE","description":"Just another Elfsight Sites site","potentialAction":[{"@type":"SearchAction","target":{"@type":"EntryPoint","urlTemplate":"https:\/\/elfsight.com\/de\/?s={search_term_string}"},"query-input":{"@type":"PropertyValueSpecification","valueRequired":true,"valueName":"search_term_string"}}],"inLanguage":"de"}]}},"meta_box":{"industry":"","seo_heading":"","heading":"","description":"","cta_heading":"","cta_description":"","application":"515","h1":"HTML-Besucherz\u00e4hler-Widget","h1_caption":"Verfolgen Sie die Kennzahlen Ihrer Webseite und analysieren Sie wichtige Statistiken","application_category":[],"applications_title":"","applications_request_title":"","applications_request_button_text":"","hero_text":"","hero_video":"","hero_video_schema_markup":"","selling_points_title":"","selling_points_caption":"","selling_points":[],"selling_points_cta_text":"","features_title":"","features":"","ed_cta_examples_text":"","ed_cta_examples_hidden":"","ed_cta_demo_text":"","ed_cta_demo_hidden":"","why_caption":"","why_editor_title":"","why_editor_text":"","why_team_title":"","why_team_text":"","why_service_title":"","why_service_text":"","template_catalog_visible":"0","template_catalog_title":"","template_catalog_text":"","template_catalog_categories_visible":"","demo_title":"","demo_caption":"","default_faq_hidden":"","app_template_category":[],"platform":"260","template_public_id":"","codecanyon_url":"","codecanyon_item_id":"","codecanyon_price":"","pricing_caption":"","pricing_elfsight_apps_hide_column":"","pricing_elfsight_apps_url":"","pricing_codecanyon_price_caption":"","integration_category":[],"integration_request_title":"","integration_request_cta":"","integration_platform":"","integrations":[],"platform_category":[],"video_schema_markup":"","price":"ab 0 $ \/ Monat","trial":"","benefits":[{"text":"Kostenloser Installationsservice"},{"text":"Kompetenter Kundenservice"},{"text":"14-t\u00e4gige R\u00fcckerstattungsgarantie"},{"text":"Laufende kostenlose Updates"}],"button_url":"#demo","button_target_blank":"0","button_nofollow":"0","attributes":[{"name":"Installiert","content":"10,000 - 100,000"},{"name":"Reaktionsfreudig","content":"Ja"},{"name":"Kompatible Browser","content":"Firefox, Safari, Opera, Chrome, Edge"}],"tags":[],"tags_disable_links":"0","hide_more_platforms":"0","video_object":"","demo_hide_cta":"0","demo_hide_cloud_options":"0","pricing_title":"","pricing":[{"pricing_icon":"platform","pricing_title":"Elfsight Apps","pricing_title_caption":"Plattform\u00fcbergreifende Version, die f\u00fcr jede Website geeignet ist","pricing_price":"ab 0 $ \/ Monat","pricing_price_caption":"Beginnen Sie mit einem kostenlosen Plan","pricing_benefits":[{"text":"Unbegrenzte Websites"},{"text":"Kostenloser und p\u00fcnktlicher Support"},{"text":"Kostenlose Installationshilfe"},{"text":"Zeitlich begrenztes Angebot f\u00fcr mehrere Apps"}],"pricing_button_text":"Zur Website hinzuf\u00fcgen","pricing_button_url":"#demo"}],"related_apps_title":"","related_apps_hidden":"0","author":"","image":[],"title":"","job":"","social_networks":[]},"_links":{"self":[{"href":"https:\/\/elfsight.com\/de\/wp-json\/wp\/v2\/pages\/21020","targetHints":{"allow":["GET"]}}],"collection":[{"href":"https:\/\/elfsight.com\/de\/wp-json\/wp\/v2\/pages"}],"about":[{"href":"https:\/\/elfsight.com\/de\/wp-json\/wp\/v2\/types\/page"}],"author":[{"embeddable":true,"href":"https:\/\/elfsight.com\/de\/wp-json\/wp\/v2\/users\/9"}],"replies":[{"embeddable":true,"href":"https:\/\/elfsight.com\/de\/wp-json\/wp\/v2\/comments?post=21020"}],"version-history":[{"count":3,"href":"https:\/\/elfsight.com\/de\/wp-json\/wp\/v2\/pages\/21020\/revisions"}],"predecessor-version":[{"id":24884,"href":"https:\/\/elfsight.com\/de\/wp-json\/wp\/v2\/pages\/21020\/revisions\/24884"}],"up":[{"embeddable":true,"href":"https:\/\/elfsight.com\/de\/wp-json\/wp\/v2\/pages\/2053"}],"wp:attachment":[{"href":"https:\/\/elfsight.com\/de\/wp-json\/wp\/v2\/media?parent=21020"}],"curies":[{"name":"wp","href":"https:\/\/api.w.org\/{rel}","templated":true}]}}