{"id":21019,"date":"2024-05-03T06:53:50","date_gmt":"2024-05-03T06:53:50","guid":{"rendered":"https:\/\/elfsight.com\/de\/?page_id=21019"},"modified":"2025-07-10T13:59:40","modified_gmt":"2025-07-10T13:59:40","slug":"woocommerce","status":"publish","type":"page","link":"https:\/\/elfsight.com\/de\/visitor-counter-widget\/woocommerce\/","title":{"rendered":"Visitor Counter &#8211; WooCommerce"},"content":{"rendered":"<div class=\"application-platform-content-item-description application-platform-content-item\" id=\"description\" data-nav-section=\"description\"> <h2>Beschreibung<\/h2> <p> Besucherz\u00e4hler f\u00fcr WooCommerce ist ein einfaches Tool, mit dem Sie die Anzahl der Besucher und die beliebtesten Seiten \u00fcberwachen k\u00f6nnen innerhalb eines bestimmten Zeitraums angesehen werden. Grundlegende Metriken lassen sich jetzt bequem \u00fcberwachen, ohne dass zus\u00e4tzliche Programmier- oder Datenanalysekenntnisse erforderlich sind. Dar\u00fcber hinaus k\u00f6nnen Sie ganz einfach sicherstellen, dass Ihr Publikum ein seri\u00f6ses Unternehmen ist, und viel mehr neue Kunden oder Abonnenten gewinnen. Mit unseren anpassbaren, stilvollen Optionen und praktischen Layouts k\u00f6nnen Sie das Widget mit nur wenigen Klicks auf Ihrer Website erstellen. <\/p> <p><b>F\u00fcgen Sie einen Besucherz\u00e4hler ein, um Ihre E-Commerce-Taktik zu verbessern und Ihre Herausforderungen zu meistern! <\/b><\/p><\/div> <div class=\"application-platform-content-item-features application-platform-content-item\" id=\"features\" data-nav-section=\"features\"> <h2>Die grundlegenden Widget-Funktionen bieten: <\/h2> <ul><li>Einfache Verwaltung, ohne dass besondere Kenntnisse in Analyse und Codierung erforderlich sind <\/li><li>Eine gro\u00dfe Auswahl an Zeitdauern zum Z\u00e4hlen Ihrer Messwerte<\/li><li>N\u00fctzliche Layouts, um alle Informationen auf bequeme Weise zu erstellen <\/li><li>Helle, dunkle und anpassbare Farbschemata zum Anpassen Das Tool <\/li><li>Schriftgr\u00f6\u00dfe und -st\u00e4rke w\u00e4hlen <\/li><li>Einfach auch ohne Programmierkenntnisse umsetzbar <\/li><\/ul><p><a href=\"#demo\">Sie Die vollst\u00e4ndigen Funktionen des Widgets finden Sie in der Demo unten<\/a><\/p> <\/div> <div class=\"application-platform-content-item-installation application-platform-content-item\" id=\"installation\" data-nav-section=\"installation\"> <h2>Wie kann ich Besucherz\u00e4hler auf meiner WooCommerce-Site einbetten? <\/h2> <p>F\u00fchren Sie einfach die unten beschriebenen Schritte aus, um mit der Verwendung des Tools zu beginnen: <\/p> <ol><li><b>Verwenden Sie unseren kostenlosen Editor und beginnen Sie mit der Gestaltung Ihres individuellen Instruments. <\/b><br> Finden Sie das individuelle Aussehen und die Funktionalit\u00e4t des Plugins und speichern Sie die Korrekturen. <\/li> <li><b>Erhalten Sie Ihren individuellen Code, der in der Box auf Elfsight Apps angezeigt wird. <\/b><br> Wenn die Einrichtung Ihres Tools abgeschlossen ist, kopieren Sie den einzelnen Code in das angezeigte Feld und speichern Sie ihn f\u00fcr die zuk\u00fcnftige Verwendung. <\/li> <li><b>Erste Schritte mit der Verwendung des Plugins auf der WooCommerce-Website. <\/b><br> Betten Sie den zuvor kopierten Code in Ihre Website ein und \u00fcbernehmen Sie die \u00c4nderungen. <\/li> <li><b>Du bist fertig! Die Integration ist erfolgreich abgeschlossen. <\/b><br> Besuchen Sie Ihre Website, um die Funktionsweise des Tools anzuzeigen. <\/li><\/ol> <p>Wenn Sie Fragen haben oder auf Schwierigkeiten sto\u00dfen, z\u00f6gern Sie nicht, sich an unseren Kundendienst zu wenden. Unsere Berater beantworten gerne alle Fragen, die Sie zum Tool haben. <\/p> <div class=\"faq\" data-component=\"FAQ\"><div class=\"faq-item\">\r\n\t\t\t\t\t<div class=\"faq-item-question\">\r\n\t\t\t\t\t\t<h3 class=\"faq-item-question-text\">Wie kann ich Besucherz\u00e4hler ohne Programmierkenntnisse zu meiner WooCommerce-Homepage hinzuf\u00fcgen?<\/h3>\r\n\r\n\t\t\t\t\t\t<div class=\"faq-item-question-icon\"><\/div>\r\n\t\t\t\t\t<\/div>\r\n\r\n\t\t\t\t\t<div class=\"faq-item-answer\">\r\n\t\t\t\t\t\t<div class=\"faq-item-answer-text\"> <p>Elfsight bietet eine L\u00f6sung, mit der Benutzer selbst eine Besucherz\u00e4hler-App erstellen k\u00f6nnen. Sehen Sie sich die an Einfache Anleitung: Beginnen Sie direkt im Live-Editor mit der Erstellung eines Besucherz\u00e4hler-Widgets, das Sie in Ihre WooCommerce-Website integrieren m\u00f6chten. W\u00e4hlen Sie eine der vorgefertigten Vorlagen aus und \u00e4ndern Sie die Besucherz\u00e4hlereinstellungen, f\u00fcgen Sie Ihre Inhalte hinzu, \u00e4ndern Sie das Layout und die Farben ohne Codierung. Speichern Sie die Einstellungen, die Sie im Besucherz\u00e4hler vorgenommen haben, und erhalten Sie den Installationscode des Widgets, der mit einem kostenlosen Plan einfach zur WooCommerce-Homepage hinzugef\u00fcgt werden kann. Mit Hilfe des unkomplizierten Konfigurators kann jeder Internetnutzer ein Besucherz\u00e4hler-Widget erstellen und es einfach zu seiner WooCommerce-Seite hinzuf\u00fcgen. Sie m\u00fcssen keinen kostenpflichtigen Plan abschlie\u00dfen oder Ihre Kartendaten offenlegen, um auf den Elfsight Editor zuzugreifen. Sollten Sie auf Hindernisse jeglicher Art sto\u00dfen, wenden Sie sich bitte an unseren Kundensupport.<\/p> <\/div>\r\n\t\t\t\t\t<\/div>\r\n\t\t\t\t<\/div> <\/div><\/div>","protected":false},"excerpt":{"rendered":"","protected":false},"author":9,"featured_media":0,"parent":2053,"menu_order":0,"comment_status":"closed","ping_status":"closed","template":"templates\/template-application-platform.php","meta":{"publish_to_discourse":"","publish_post_category":"","wpdc_auto_publish_overridden":"","wpdc_topic_tags":"","wpdc_pin_topic":"","wpdc_pin_until":"","discourse_post_id":"","discourse_permalink":"","wpdc_publishing_response":"","wpdc_publishing_error":"","footnotes":""},"class_list":["post-21019","page","type-page","status-publish","hentry"],"yoast_head":"<!-- This site is optimized with the Yoast SEO plugin v25.3.1 - https:\/\/yoast.com\/wordpress\/plugins\/seo\/ -->\n<title>F\u00fcgen Sie das Besucherz\u00e4hler-Plugin zu Ihrer WooCommerce-Website hinzu<\/title>\n<meta name=\"description\" content=\"Dies ist die beste Gelegenheit, das Besucherz\u00e4hler-Widget zu entwerfen und in Ihre Website einzubetten. Erhalten Sie kostenlosen Kundenservice von Elfsight.\" \/>\n<meta name=\"robots\" content=\"index, follow, max-snippet:-1, max-image-preview:large, max-video-preview:-1\" \/>\n<link rel=\"canonical\" href=\"https:\/\/elfsight.com\/de\/visitor-counter-widget\/woocommerce\/\" \/>\n<meta property=\"og:locale\" content=\"de_DE\" \/>\n<meta property=\"og:type\" content=\"article\" \/>\n<meta property=\"og:title\" content=\"F\u00fcgen Sie das Besucherz\u00e4hler-Plugin zu Ihrer WooCommerce-Website hinzu\" \/>\n<meta property=\"og:description\" content=\"Dies ist die beste Gelegenheit, das Besucherz\u00e4hler-Widget zu entwerfen und in Ihre Website einzubetten. Erhalten Sie kostenlosen Kundenservice von Elfsight.\" \/>\n<meta property=\"og:url\" content=\"https:\/\/elfsight.com\/de\/visitor-counter-widget\/woocommerce\/\" \/>\n<meta property=\"og:site_name\" content=\"Elfsight DE\" \/>\n<meta property=\"article:modified_time\" content=\"2025-07-10T13:59:40+00:00\" \/>\n<meta name=\"twitter:card\" content=\"summary_large_image\" \/>\n<meta name=\"twitter:label1\" content=\"Gesch\u00e4tzte Lesezeit\" \/>\n\t<meta name=\"twitter:data1\" content=\"3\u00a0Minuten\" \/>\n<!-- \/ Yoast SEO plugin. -->","yoast_head_json":{"title":"F\u00fcgen Sie das Besucherz\u00e4hler-Plugin zu Ihrer WooCommerce-Website hinzu","description":"Dies ist die beste Gelegenheit, das Besucherz\u00e4hler-Widget zu entwerfen und in Ihre Website einzubetten. Erhalten Sie kostenlosen Kundenservice von Elfsight.","robots":{"index":"index","follow":"follow","max-snippet":"max-snippet:-1","max-image-preview":"max-image-preview:large","max-video-preview":"max-video-preview:-1"},"canonical":"https:\/\/elfsight.com\/de\/visitor-counter-widget\/woocommerce\/","og_locale":"de_DE","og_type":"article","og_title":"F\u00fcgen Sie das Besucherz\u00e4hler-Plugin zu Ihrer WooCommerce-Website hinzu","og_description":"Dies ist die beste Gelegenheit, das Besucherz\u00e4hler-Widget zu entwerfen und in Ihre Website einzubetten. Erhalten Sie kostenlosen Kundenservice von Elfsight.","og_url":"https:\/\/elfsight.com\/de\/visitor-counter-widget\/woocommerce\/","og_site_name":"Elfsight DE","article_modified_time":"2025-07-10T13:59:40+00:00","twitter_card":"summary_large_image","twitter_misc":{"Gesch\u00e4tzte Lesezeit":"3\u00a0Minuten"},"schema":{"@context":"https:\/\/schema.org","@graph":[{"@type":"WebPage","@id":"https:\/\/elfsight.com\/de\/visitor-counter-widget\/woocommerce\/","url":"https:\/\/elfsight.com\/de\/visitor-counter-widget\/woocommerce\/","name":"F\u00fcgen Sie das Besucherz\u00e4hler-Plugin zu Ihrer WooCommerce-Website hinzu","isPartOf":{"@id":"https:\/\/elfsight.com\/de\/#website"},"datePublished":"2024-05-03T06:53:50+00:00","dateModified":"2025-07-10T13:59:40+00:00","description":"Dies ist die beste Gelegenheit, das Besucherz\u00e4hler-Widget zu entwerfen und in Ihre Website einzubetten. Erhalten Sie kostenlosen Kundenservice von Elfsight.","breadcrumb":{"@id":"https:\/\/elfsight.com\/de\/visitor-counter-widget\/woocommerce\/#breadcrumb"},"inLanguage":"de","potentialAction":[{"@type":"ReadAction","target":["https:\/\/elfsight.com\/de\/visitor-counter-widget\/woocommerce\/"]}]},{"@type":"BreadcrumbList","@id":"https:\/\/elfsight.com\/de\/visitor-counter-widget\/woocommerce\/#breadcrumb","itemListElement":[{"@type":"ListItem","position":1,"name":"Home","item":"https:\/\/elfsight.com\/de\/"},{"@type":"ListItem","position":2,"name":"Visitor Counter","item":"https:\/\/elfsight.com\/de\/visitor-counter-widget\/"},{"@type":"ListItem","position":3,"name":"Visitor Counter &#8211; WooCommerce"}]},{"@type":"WebSite","@id":"https:\/\/elfsight.com\/de\/#website","url":"https:\/\/elfsight.com\/de\/","name":"Elfsight DE","description":"Just another Elfsight Sites site","potentialAction":[{"@type":"SearchAction","target":{"@type":"EntryPoint","urlTemplate":"https:\/\/elfsight.com\/de\/?s={search_term_string}"},"query-input":{"@type":"PropertyValueSpecification","valueRequired":true,"valueName":"search_term_string"}}],"inLanguage":"de"}]}},"meta_box":{"industry":"","seo_heading":"","heading":"","description":"","cta_heading":"","cta_description":"","application":"515","h1":"WooCommerce-Besucherz\u00e4hler-Plugin","h1_caption":"\u00dcberwachen Sie Ihre Webseitenanalysen und steigern Sie die Glaubw\u00fcrdigkeit Ihres Unternehmens","application_category":[],"applications_title":"","applications_request_title":"","applications_request_button_text":"","hero_text":"","hero_video":"","hero_video_schema_markup":"","selling_points_title":"","selling_points_caption":"","selling_points":[],"selling_points_cta_text":"","features_title":"","features":"","ed_cta_examples_text":"","ed_cta_examples_hidden":"","ed_cta_demo_text":"","ed_cta_demo_hidden":"","why_caption":"","why_editor_title":"","why_editor_text":"","why_team_title":"","why_team_text":"","why_service_title":"","why_service_text":"","template_catalog_visible":"","template_catalog_title":"","template_catalog_text":"","template_catalog_categories_visible":"","demo_title":"Erstellen Sie Ihre Besucherz\u00e4hler-App","demo_caption":"Konfigurieren Sie Ihren Besucherz\u00e4hler und f\u00fcgen Sie ihn kostenlos zu Ihrer WooCommerce-Website hinzu!","default_faq_hidden":"","app_template_category":[],"platform":"200","template_public_id":"","codecanyon_url":"","codecanyon_item_id":"","codecanyon_price":"","pricing_caption":"","pricing_elfsight_apps_hide_column":"","pricing_elfsight_apps_url":"","pricing_codecanyon_price_caption":"","integration_category":[],"integration_request_title":"","integration_request_cta":"","integration_platform":"","integrations":[],"platform_category":[],"video_schema_markup":"","price":"ab 0 $ \/ Monat","trial":"","benefits":[{"text":"Kostenloser Installationsservice"},{"text":"Erfahrener Kundensupport"},{"text":"14-t\u00e4gige Geld-zur\u00fcck-Garantie"},{"text":"Regelm\u00e4\u00dfige kostenlose Verbesserungen"}],"button_url":"#demo","button_target_blank":"","button_nofollow":"","attributes":[{"name":"Installiert","content":"10,000 - 100,000"},{"name":"Reaktionsfreudig","content":"Ja"},{"name":"Kompatible Browser","content":"Firefox, Safari, Opera, Chrome, Edge"}],"tags":[],"tags_disable_links":"","hide_more_platforms":"","video_object":"","demo_hide_cta":"","demo_hide_cloud_options":"","pricing_title":"","pricing":[{"pricing_icon":"platform","pricing_title":"Elfsight Apps","pricing_title_caption":"Plattform\u00fcbergreifende digitale L\u00f6sung","pricing_price":"ab 0 $ \/ Monat","pricing_price_caption":"Beginnen Sie mit einem kostenlosen Plan","pricing_benefits":[{"text":"Unbegrenzte Websites"},{"text":"Kostenloser Kundensupport und gut dokumentiert"},{"text":"Kostenloser Installationsservice"},{"text":"Flexibles Design"}],"pricing_button_text":"Zur Website hinzuf\u00fcgen","pricing_button_url":"#demo"}],"related_apps_title":"","related_apps_hidden":"","author":"","image":[],"title":"","job":"","social_networks":[]},"_links":{"self":[{"href":"https:\/\/elfsight.com\/de\/wp-json\/wp\/v2\/pages\/21019","targetHints":{"allow":["GET"]}}],"collection":[{"href":"https:\/\/elfsight.com\/de\/wp-json\/wp\/v2\/pages"}],"about":[{"href":"https:\/\/elfsight.com\/de\/wp-json\/wp\/v2\/types\/page"}],"author":[{"embeddable":true,"href":"https:\/\/elfsight.com\/de\/wp-json\/wp\/v2\/users\/9"}],"replies":[{"embeddable":true,"href":"https:\/\/elfsight.com\/de\/wp-json\/wp\/v2\/comments?post=21019"}],"version-history":[{"count":1,"href":"https:\/\/elfsight.com\/de\/wp-json\/wp\/v2\/pages\/21019\/revisions"}],"predecessor-version":[{"id":21023,"href":"https:\/\/elfsight.com\/de\/wp-json\/wp\/v2\/pages\/21019\/revisions\/21023"}],"up":[{"embeddable":true,"href":"https:\/\/elfsight.com\/de\/wp-json\/wp\/v2\/pages\/2053"}],"wp:attachment":[{"href":"https:\/\/elfsight.com\/de\/wp-json\/wp\/v2\/media?parent=21019"}],"curies":[{"name":"wp","href":"https:\/\/api.w.org\/{rel}","templated":true}]}}