{"id":21018,"date":"2024-05-03T06:53:40","date_gmt":"2024-05-03T06:53:40","guid":{"rendered":"https:\/\/elfsight.com\/de\/?page_id=21018"},"modified":"2025-02-14T05:41:48","modified_gmt":"2025-02-14T05:41:48","slug":"elementor","status":"publish","type":"page","link":"https:\/\/elfsight.com\/de\/vimeo-video-gallery-widget\/elementor\/","title":{"rendered":"Vimeo Gallery &#8211; Elementor"},"content":{"rendered":"\n<div class=\"application-platform-content-item-description application-platform-content-item\" id=\"description\" data-nav-section=\"description\"> <h2>Vimeo-Galerie auf Elementor mit dem Elfsight-Widget einbetten<\/h2> <p>Das Elfsight-Widget ist ein effektives Instrument f\u00fcr diejenigen, die eine Website betreiben und die Vimeo-Inhalte auf der Seite integrieren m\u00f6chten. Sie haben die M\u00f6glichkeit, Wiedergabelisten zu erstellen, Kan\u00e4le einzubetten, die ansprechendsten Videoinhalte f\u00fcr Ihre Videogalerie zu finden und vieles mehr. Das Elfsight-Widget verf\u00fcgt \u00fcber verschiedene Designeinstellungen, die dazu beitragen, die Benutzeroberfl\u00e4che f\u00fcr verschiedene Anwendungsf\u00e4lle geeignet zu machen. Drei Layouts helfen dabei, den Inhalt optimal zu organisieren, und verschiedene Wiedergabemodi machen das Ansehen Ihrer Videos f\u00fcr jeden Benutzer praktisch. Mit dem flexiblen Header ist es ganz einfach, Ihren Kanal vorzustellen und Abonnenten zu gewinnen. Elfsight Vimeo Gallery ist eine einfache M\u00f6glichkeit, nicht nur das Engagement zu steigern, sondern auch f\u00fcr Ihr Unternehmen zu werben.<\/p><div class=\"faq\" data-component=\"FAQ\"><div class=\"faq-item\">\r\n\t\t\t\t\t<div class=\"faq-item-question\">\r\n\t\t\t\t\t\t<h3 class=\"faq-item-question-text\">Wo kann ich den Vimeo-Videoplayer hinzuf\u00fcgen?<\/h3>\r\n\r\n\t\t\t\t\t\t<div class=\"faq-item-question-icon\"><\/div>\r\n\t\t\t\t\t<\/div>\r\n\r\n\t\t\t\t\t<div class=\"faq-item-answer\">\r\n\t\t\t\t\t\t<div class=\"faq-item-answer-text\"> <p>Es kann sein Job auf einer Ihrer Webseiten. Wenn Sie das Widget in die Vorlage einf\u00fcgen, erscheint das Widget auf jeder Seite der Website. <\/p> <\/div>\r\n\t\t\t\t\t<\/div>\r\n\t\t\t\t<\/div><div class=\"faq-item\">\r\n\t\t\t\t\t<div class=\"faq-item-question\">\r\n\t\t\t\t\t\t<h3 class=\"faq-item-question-text\">Wie profitiere ich davon? <\/h3>\r\n\r\n\t\t\t\t\t\t<div class=\"faq-item-question-icon\"><\/div>\r\n\t\t\t\t\t<\/div>\r\n\r\n\t\t\t\t\t<div class=\"faq-item-answer\">\r\n\t\t\t\t\t\t<div class=\"faq-item-answer-text\"> <p>Das Widget wird mithilfe spannender Videos zu einem h\u00f6heren Besucherengagement auf der Website beitragen. Durch die Option \u201eSofort folgen\u201c k\u00f6nnen Sie neue Follower f\u00fcr Ihr Vimeo-Konto gewinnen. <\/p><\/div>\r\n\t\t\t\t\t<\/div>\r\n\t\t\t\t<\/div> <div class=\"faq-item\">\r\n\t\t\t\t\t<div class=\"faq-item-question\">\r\n\t\t\t\t\t\t<h3 class=\"faq-item-question-text\">Wie kann ich das Vimeo-Widget auf meiner Website hinzuf\u00fcgen? <\/h3>\r\n\r\n\t\t\t\t\t\t<div class=\"faq-item-question-icon\"><\/div>\r\n\t\t\t\t\t<\/div>\r\n\r\n\t\t\t\t\t<div class=\"faq-item-answer\">\r\n\t\t\t\t\t\t<div class=\"faq-item-answer-text\"> <p>Das Einbetten des Widgets dauert nur eine Minute. Die Installation ist superschnell, kostenlos und ohne Programmierung. <\/p> <p>Sie k\u00f6nnen den Vimeo-Player \u00fcber unseren Service auf der Website platzieren. Schauen Sie sich einfach die Anleitung unten auf dieser Seite an. <\/p>Die Elfsight Vimeo-Videogalerie kann \u00fcber unseren Service oder auf dem Marktplatz eingerichtet werden. Sie k\u00f6nnen alle Details zu beiden Varianten erfahren und eine passendere ausw\u00e4hlen. <p><\/p> <\/div>\r\n\t\t\t\t\t<\/div>\r\n\t\t\t\t<\/div> <\/div> <\/div> <div class=\"application-platform-content-item-features application-platform-content-item\" id=\"features\" data-nav-section=\"features\"> <h2>Hauptfunktionen des Vimeo-Galerie-Widgets<\/h2> <p>Um ein vollst\u00e4ndiges Bild zu erstellen Weitere Informationen zu Vimeo Gallery finden Sie in der Liste der wichtigsten Funktionen. Sie machen unser Widget f\u00fcr Ihr Unternehmen unglaublich n\u00fctzlich: <\/p> <ul><li>Die Option, ausgew\u00e4hlte Layouts f\u00fcr verschiedene Arten der Videoanordnung einzubetten: Raster, Playlist, Slider; <\/li><li>Sieben flexible Komponenten des Headers: Name, Statistik, Beschreibung, Schaltfl\u00e4che \u201eFolgen\u201c, Profilbild; <\/li><li>4 gebrauchsfertige Wiedergabemodi: Popup, Player, Inline oder auf Vimeo; <\/li><li>3 Aktionen nach Ende des Videos: Als n\u00e4chstes abspielen, erneut abspielen, keine; <\/li><\/ul><p><a href=\"#demo\">Weitere Funktionen in der Demo ansehen<\/a><\/p> <\/div> <div class=\"application-platform-content-item-installation application-platform-content-item\" id=\"installation\" data-nav-section=\"installation\"> <h2>Mal sehen So f\u00fcgen Sie das Vimeo-Video zu Ihrer Elementor-Website hinzu<\/h2><div class=\"video-container\"><iframe width=\"560\" height=\"315\" src=\"https:\/\/www.youtube.com\/embed\/iQzRXHSASmA?si=87Msqri7LmHc5rop\" frameborder=\"0\" allow=\"accelerometer; autoplay; clipboard-write; encrypted-media; gyroscope; picture-in-picture; web-share\" allowfullscreen><\/iframe><\/div><p>Diese verschiedenen Aktionen sind das Einzige, was Sie tun m\u00fcssen, um das Widget auf Ihrer Website anzuzeigen. <\/p> <ol><li><b>Generieren Sie Ihr eigenes Vimeo-Galerie-Plugin<\/b><br> Erhalten Sie mit Hilfe unseres kostenlosen Editors ein Plugin mit einer bevorzugten Benutzeroberfl\u00e4che und Funktionen. <\/li><li><b>Holen Sie sich den individuellen Code zum Ver\u00f6ffentlichen des Plugins<\/b><br> Nachdem Sie Ihr Widget erstellt haben, erhalten Sie den eindeutigen Code aus der Popup-Benachrichtigung auf Elfsight Apps. Kopiere diesen Code. <\/li> <li><b>Integrieren Sie das Plugin auf Ihrer Muse-Site<\/b><br> W\u00e4hlen Sie den Ort aus, an dem Sie das Plugin anzeigen m\u00f6chten, und f\u00fcgen Sie dort den gespeicherten Code ein. Wenden Sie die Ergebnisse an. <\/li> <li><b>Die Installation ist abgeschlossen<\/b><br> Gehen Sie zur Webressource, um Ihre Arbeit zu sehen. <\/li> <\/ol><p>Immer noch nicht entschieden? Oder haben Sie Anfragen? Senden Sie einfach eine Anfrage an unseren Kundenservice, der Ihnen bei jeder Frage weiterhilft. <\/p> <\/div><\/li>\n","protected":false},"excerpt":{"rendered":"","protected":false},"author":9,"featured_media":0,"parent":1162,"menu_order":0,"comment_status":"closed","ping_status":"closed","template":"templates\/template-application-platform.php","meta":{"publish_to_discourse":"","publish_post_category":"","wpdc_auto_publish_overridden":"","wpdc_topic_tags":"","wpdc_pin_topic":"","wpdc_pin_until":"","discourse_post_id":"","discourse_permalink":"","wpdc_publishing_response":"","wpdc_publishing_error":"","footnotes":""},"class_list":["post-21018","page","type-page","status-publish","hentry"],"yoast_head":"<!-- This site is optimized with the Yoast SEO plugin v25.3.1 - https:\/\/yoast.com\/wordpress\/plugins\/seo\/ -->\n<title>Vimeo-Videogalerie zur Elementor-Website hinzuf\u00fcgen (kostenlos und schnell)<\/title>\n<meta name=\"description\" content=\"Gestalten Sie mit Elfsight Ihre Vimeo-Videogalerie und f\u00fcgen Sie sie schnell und einfach auf der Elementor-Website hinzu. Wir bieten kostenlosen Kundensupport und weitere Boni.\" \/>\n<meta name=\"robots\" content=\"index, follow, max-snippet:-1, max-image-preview:large, max-video-preview:-1\" \/>\n<link rel=\"canonical\" href=\"https:\/\/elfsight.com\/de\/vimeo-video-gallery-widget\/elementor\/\" \/>\n<meta property=\"og:locale\" content=\"de_DE\" \/>\n<meta property=\"og:type\" content=\"article\" \/>\n<meta property=\"og:title\" content=\"Vimeo-Videogalerie zur Elementor-Website hinzuf\u00fcgen (kostenlos und schnell)\" \/>\n<meta property=\"og:description\" content=\"Gestalten Sie mit Elfsight Ihre Vimeo-Videogalerie und f\u00fcgen Sie sie schnell und einfach auf der Elementor-Website hinzu. Wir bieten kostenlosen Kundensupport und weitere Boni.\" \/>\n<meta property=\"og:url\" content=\"https:\/\/elfsight.com\/de\/vimeo-video-gallery-widget\/elementor\/\" \/>\n<meta property=\"og:site_name\" content=\"Elfsight DE\" \/>\n<meta property=\"article:modified_time\" content=\"2025-02-14T05:41:48+00:00\" \/>\n<meta name=\"twitter:card\" content=\"summary_large_image\" \/>\n<meta name=\"twitter:label1\" content=\"Gesch\u00e4tzte Lesezeit\" \/>\n\t<meta name=\"twitter:data1\" content=\"3\u00a0Minuten\" \/>\n<!-- \/ Yoast SEO plugin. -->","yoast_head_json":{"title":"Vimeo-Videogalerie zur Elementor-Website hinzuf\u00fcgen (kostenlos und schnell)","description":"Gestalten Sie mit Elfsight Ihre Vimeo-Videogalerie und f\u00fcgen Sie sie schnell und einfach auf der Elementor-Website hinzu. Wir bieten kostenlosen Kundensupport und weitere Boni.","robots":{"index":"index","follow":"follow","max-snippet":"max-snippet:-1","max-image-preview":"max-image-preview:large","max-video-preview":"max-video-preview:-1"},"canonical":"https:\/\/elfsight.com\/de\/vimeo-video-gallery-widget\/elementor\/","og_locale":"de_DE","og_type":"article","og_title":"Vimeo-Videogalerie zur Elementor-Website hinzuf\u00fcgen (kostenlos und schnell)","og_description":"Gestalten Sie mit Elfsight Ihre Vimeo-Videogalerie und f\u00fcgen Sie sie schnell und einfach auf der Elementor-Website hinzu. Wir bieten kostenlosen Kundensupport und weitere Boni.","og_url":"https:\/\/elfsight.com\/de\/vimeo-video-gallery-widget\/elementor\/","og_site_name":"Elfsight DE","article_modified_time":"2025-02-14T05:41:48+00:00","twitter_card":"summary_large_image","twitter_misc":{"Gesch\u00e4tzte Lesezeit":"3\u00a0Minuten"},"schema":{"@context":"https:\/\/schema.org","@graph":[{"@type":"WebPage","@id":"https:\/\/elfsight.com\/de\/vimeo-video-gallery-widget\/elementor\/","url":"https:\/\/elfsight.com\/de\/vimeo-video-gallery-widget\/elementor\/","name":"Vimeo-Videogalerie zur Elementor-Website hinzuf\u00fcgen (kostenlos und schnell)","isPartOf":{"@id":"https:\/\/elfsight.com\/de\/#website"},"datePublished":"2024-05-03T06:53:40+00:00","dateModified":"2025-02-14T05:41:48+00:00","description":"Gestalten Sie mit Elfsight Ihre Vimeo-Videogalerie und f\u00fcgen Sie sie schnell und einfach auf der Elementor-Website hinzu. Wir bieten kostenlosen Kundensupport und weitere Boni.","breadcrumb":{"@id":"https:\/\/elfsight.com\/de\/vimeo-video-gallery-widget\/elementor\/#breadcrumb"},"inLanguage":"de","potentialAction":[{"@type":"ReadAction","target":["https:\/\/elfsight.com\/de\/vimeo-video-gallery-widget\/elementor\/"]}]},{"@type":"BreadcrumbList","@id":"https:\/\/elfsight.com\/de\/vimeo-video-gallery-widget\/elementor\/#breadcrumb","itemListElement":[{"@type":"ListItem","position":1,"name":"Home","item":"https:\/\/elfsight.com\/de\/"},{"@type":"ListItem","position":2,"name":"Vimeo Gallery","item":"https:\/\/elfsight.com\/de\/vimeo-video-gallery-widget\/"},{"@type":"ListItem","position":3,"name":"Vimeo Gallery &#8211; Elementor"}]},{"@type":"WebSite","@id":"https:\/\/elfsight.com\/de\/#website","url":"https:\/\/elfsight.com\/de\/","name":"Elfsight DE","description":"Just another Elfsight Sites site","potentialAction":[{"@type":"SearchAction","target":{"@type":"EntryPoint","urlTemplate":"https:\/\/elfsight.com\/de\/?s={search_term_string}"},"query-input":{"@type":"PropertyValueSpecification","valueRequired":true,"valueName":"search_term_string"}}],"inLanguage":"de"}]}},"meta_box":{"industry":"","seo_heading":"","heading":"","description":"","cta_heading":"","cta_description":"","application":"492","h1":"Elementor Vimeo-Videogalerie","h1_caption":"Betten Sie eine Galerie mit Vimeo-Videos ein und bieten Sie so eine nahtlose M\u00f6glichkeit, Ihre Videoinhalte m\u00fchelos auf Ihrer Elementor-Website zu pr\u00e4sentieren.","application_category":[],"applications_title":"","applications_request_title":"","applications_request_button_text":"","hero_text":"","hero_video":"","hero_video_schema_markup":"","selling_points_title":"","selling_points_caption":"","selling_points":[],"selling_points_cta_text":"","features_title":"","features":"","ed_cta_examples_text":"","ed_cta_examples_hidden":"","ed_cta_demo_text":"","ed_cta_demo_hidden":"","why_caption":"","why_editor_title":"","why_editor_text":"","why_team_title":"","why_team_text":"","why_service_title":"","why_service_text":"","template_catalog_visible":"0","template_catalog_title":"","template_catalog_text":"","template_catalog_categories_visible":"","demo_title":"Erstellen Sie Ihr Vimeo-Galerie-Widget","demo_caption":"Konfigurieren Sie Ihre Vimeo-Galerie und f\u00fcgen Sie sie kostenlos zu Ihrer Elementor-Website hinzu!","default_faq_hidden":"","app_template_category":[],"platform":"223","template_public_id":"","codecanyon_url":"","codecanyon_item_id":"","codecanyon_price":"","pricing_caption":"","pricing_elfsight_apps_hide_column":"","pricing_elfsight_apps_url":"","pricing_codecanyon_price_caption":"","integration_category":[],"integration_request_title":"","integration_request_cta":"","integration_platform":"","integrations":[],"platform_category":[],"video_schema_markup":"","price":"ab 0 $ \/ Monat","trial":"","benefits":[{"text":"Kostenloser Installationsservice"},{"text":"Premium-Support"},{"text":"14-t\u00e4gige R\u00fcckerstattungsgarantie"},{"text":"Zuk\u00fcnftige Updates"}],"button_url":"#demo","button_target_blank":"0","button_nofollow":"0","attributes":[{"name":"Installiert","content":"10,000 - 100,000"},{"name":"Reaktionsfreudig","content":"Ja"},{"name":"Kompatible Browser","content":"Firefox, Safari, Opera, Chrome, Edge"}],"tags":[],"tags_disable_links":"0","hide_more_platforms":"0","video_object":"","demo_hide_cta":"0","demo_hide_cloud_options":"0","pricing_title":"","pricing":[{"pricing_icon":"platform","pricing_title":"Elfsight Apps","pricing_title_caption":"Plattform\u00fcbergreifende digitale L\u00f6sung","pricing_price":"ab 0 $ \/ Monat","pricing_price_caption":"Beginnen Sie mit einem kostenlosen Plan","pricing_benefits":[{"text":"Unbegrenzte Websites"},{"text":"Professionelle Kundenbetreuung und gut dokumentiert"},{"text":"Kostenlose Installationsunterst\u00fctzung"},{"text":"Tolles Angebot f\u00fcr mehrere Apps"}],"pricing_button_text":"Zur Website hinzuf\u00fcgen","pricing_button_url":"#demo"}],"related_apps_title":"","related_apps_hidden":"0","author":"","image":[],"title":"","job":"","social_networks":[]},"_links":{"self":[{"href":"https:\/\/elfsight.com\/de\/wp-json\/wp\/v2\/pages\/21018","targetHints":{"allow":["GET"]}}],"collection":[{"href":"https:\/\/elfsight.com\/de\/wp-json\/wp\/v2\/pages"}],"about":[{"href":"https:\/\/elfsight.com\/de\/wp-json\/wp\/v2\/types\/page"}],"author":[{"embeddable":true,"href":"https:\/\/elfsight.com\/de\/wp-json\/wp\/v2\/users\/9"}],"replies":[{"embeddable":true,"href":"https:\/\/elfsight.com\/de\/wp-json\/wp\/v2\/comments?post=21018"}],"version-history":[{"count":3,"href":"https:\/\/elfsight.com\/de\/wp-json\/wp\/v2\/pages\/21018\/revisions"}],"predecessor-version":[{"id":24150,"href":"https:\/\/elfsight.com\/de\/wp-json\/wp\/v2\/pages\/21018\/revisions\/24150"}],"up":[{"embeddable":true,"href":"https:\/\/elfsight.com\/de\/wp-json\/wp\/v2\/pages\/1162"}],"wp:attachment":[{"href":"https:\/\/elfsight.com\/de\/wp-json\/wp\/v2\/media?parent=21018"}],"curies":[{"name":"wp","href":"https:\/\/api.w.org\/{rel}","templated":true}]}}