{"id":21012,"date":"2024-05-03T06:53:20","date_gmt":"2024-05-03T06:53:20","guid":{"rendered":"https:\/\/elfsight.com\/de\/?page_id=21012"},"modified":"2025-07-10T13:58:10","modified_gmt":"2025-07-10T13:58:10","slug":"prestashop","status":"publish","type":"page","link":"https:\/\/elfsight.com\/de\/vimeo-video-gallery-widget\/prestashop\/","title":{"rendered":"Vimeo Gallery &#8211; PrestaShop"},"content":{"rendered":"<div class=\"application-platform-content-item-description application-platform-content-item\" id=\"description\" data-nav-section=\"description\"> <h2>Beschreibung<\/h2> <p>Elfsight Vimeo Gallery ist ein einfaches Tool f\u00fcr Websitebesitzer, die Vimeo-Inhalte in die Website einbetten m\u00fcssen. Sie k\u00f6nnen Wiedergabelisten mit Videos erstellen, einen ganzen Kanal anzeigen, die besten Inhalte f\u00fcr Ihre Galerie finden und vieles mehr. Das Widget verf\u00fcgt \u00fcber mehrere Funktionen, die dabei helfen, die Schnittstelle f\u00fcr verschiedene Anwendungsf\u00e4lle anzupassen. Vorbereitete Layouts helfen dabei, Inhalte optimal zu platzieren, mehrere Wiedergabemodi machen das Ansehen Ihrer Videos in jedem Anwendungsfall komfortabel. Mit Hilfe des flexiblen Headers k\u00f6nnen Sie Ihren Kanal vorstellen und die Anzahl der Follower steigern. Die Elfsight Vimeo Gallery ist eine effiziente M\u00f6glichkeit, nicht nur das Engagement zu steigern, sondern auch f\u00fcr Ihr Unternehmen zu werben. <\/p><p><b>F\u00fcgen Sie die Vimeo-Galerie ein, um Ihre E-Commerce-H\u00f6hepunkte einfacher zu erreichen! <\/b><\/p> <\/div> <div class=\"application-platform-content-item-features application-platform-content-item\" id=\"features\" data-nav-section=\"features\"> <h2>Dies sind nur einige der umfangreichen Widget-Funktionen: <\/h2> <ul><li>Hinzuf\u00fcgen bestimmter Videos nach URLs<\/li><li>3 integrierte Layouts f\u00fcr verschiedene Arten der Videoanordnung: Raster, Playlist, Slider<\/li><li>7 kontrollierte Elemente des Headers: Name, Statistik, Beschreibung, Schaltfl\u00e4che \u201eFolgen\u201c, Profilbild<\/li><li>Vier sofort einsatzbereite Wiedergabemodi: Popup, Player, Inline oder auf Vimeo<\/li><li>Drei Optionen nach Ende des Videos: Als n\u00e4chstes abspielen, erneut abspielen, keine<\/li><\/ul><p> <a href=\"#demo\">Probieren Sie einfach diese Demo aus, um einen vollst\u00e4ndigen \u00dcberblick zu erhalten<\/a><\/p> <\/div> <div class=\"application-platform-content-item-installation application-platform-content-item\" id=\"installation\" data-nav-section=\"installation\"> <h2>So betten Sie die Vimeo-Galerie in einen PrestaShop ein site<\/h2> <p>Befolgen Sie einfach die nachstehenden Anweisungen, um das Add-on einzubetten. <\/p> <ol><li><b>Nutzen Sie unsere kostenlose Demo und beginnen Sie mit der Erstellung Ihres benutzerdefinierten Widgets. <\/b><br> Finden Sie das gew\u00fcnschte Design und die gew\u00fcnschten Optionen des Widgets und speichern Sie die Korrekturen. <\/li> <li><b>Erhalten Sie Ihren pers\u00f6nlichen Code, der im Feld von Elfsight Apps angezeigt wird. <\/b><br> Nachdem die Erstellung Ihres Add-ons abgeschlossen ist, kopieren Sie den einzelnen Code aus der entstandenen Box und speichern Sie ihn f\u00fcr einen sp\u00e4teren Anlass. <\/li> <li><b>Initiieren Sie die Nutzung des Widgets auf der PrestaShop-Webseite. <\/b><br> Implementieren Sie den zuvor gespeicherten Code in Ihre Webseite und speichern Sie die Verbesserungen. <\/li> <li><b>Das Setup wurde erfolgreich beendet. <\/b><br> Gehen Sie zu Ihrer Website, um die Arbeit des Add-ons anzuzeigen. <\/li><\/ol> <p>Sollten Sie Probleme haben, wenden Sie sich bitte an unser Support-Team. Unsere Berater sind bestrebt, alle Probleme zu l\u00f6sen, die Sie m\u00f6glicherweise mit dem Produkt haben. <\/p> <\/div>","protected":false},"excerpt":{"rendered":"","protected":false},"author":9,"featured_media":0,"parent":1162,"menu_order":0,"comment_status":"closed","ping_status":"closed","template":"templates\/template-application-platform.php","meta":{"publish_to_discourse":"","publish_post_category":"","wpdc_auto_publish_overridden":"","wpdc_topic_tags":"","wpdc_pin_topic":"","wpdc_pin_until":"","discourse_post_id":"","discourse_permalink":"","wpdc_publishing_response":"","wpdc_publishing_error":"","footnotes":""},"class_list":["post-21012","page","type-page","status-publish","hentry"],"yoast_head":"<!-- This site is optimized with the Yoast SEO plugin v25.3.1 - https:\/\/yoast.com\/wordpress\/plugins\/seo\/ -->\n<title>PrestaShop Vimeo | Betten Sie die Vimeo-Galerie in die PrestaShop-Website ein<\/title>\n<meta name=\"description\" content=\"Erstellen Sie Ihre Vimeo-Videogalerie und betten Sie sie im Handumdrehen auf der PrestaShop-Website ein. Wir bieten kostenlosen Kundenservice und andere Boni.\" \/>\n<meta name=\"robots\" content=\"index, follow, max-snippet:-1, max-image-preview:large, max-video-preview:-1\" \/>\n<link rel=\"canonical\" href=\"https:\/\/elfsight.com\/de\/vimeo-video-gallery-widget\/prestashop\/\" \/>\n<meta property=\"og:locale\" content=\"de_DE\" \/>\n<meta property=\"og:type\" content=\"article\" \/>\n<meta property=\"og:title\" content=\"PrestaShop Vimeo | Betten Sie die Vimeo-Galerie in die PrestaShop-Website ein\" \/>\n<meta property=\"og:description\" content=\"Erstellen Sie Ihre Vimeo-Videogalerie und betten Sie sie im Handumdrehen auf der PrestaShop-Website ein. Wir bieten kostenlosen Kundenservice und andere Boni.\" \/>\n<meta property=\"og:url\" content=\"https:\/\/elfsight.com\/de\/vimeo-video-gallery-widget\/prestashop\/\" \/>\n<meta property=\"og:site_name\" content=\"Elfsight DE\" \/>\n<meta property=\"article:modified_time\" content=\"2025-07-10T13:58:10+00:00\" \/>\n<meta name=\"twitter:card\" content=\"summary_large_image\" \/>\n<meta name=\"twitter:label1\" content=\"Gesch\u00e4tzte Lesezeit\" \/>\n\t<meta name=\"twitter:data1\" content=\"2\u00a0Minuten\" \/>\n<!-- \/ Yoast SEO plugin. -->","yoast_head_json":{"title":"PrestaShop Vimeo | Betten Sie die Vimeo-Galerie in die PrestaShop-Website ein","description":"Erstellen Sie Ihre Vimeo-Videogalerie und betten Sie sie im Handumdrehen auf der PrestaShop-Website ein. Wir bieten kostenlosen Kundenservice und andere Boni.","robots":{"index":"index","follow":"follow","max-snippet":"max-snippet:-1","max-image-preview":"max-image-preview:large","max-video-preview":"max-video-preview:-1"},"canonical":"https:\/\/elfsight.com\/de\/vimeo-video-gallery-widget\/prestashop\/","og_locale":"de_DE","og_type":"article","og_title":"PrestaShop Vimeo | Betten Sie die Vimeo-Galerie in die PrestaShop-Website ein","og_description":"Erstellen Sie Ihre Vimeo-Videogalerie und betten Sie sie im Handumdrehen auf der PrestaShop-Website ein. Wir bieten kostenlosen Kundenservice und andere Boni.","og_url":"https:\/\/elfsight.com\/de\/vimeo-video-gallery-widget\/prestashop\/","og_site_name":"Elfsight DE","article_modified_time":"2025-07-10T13:58:10+00:00","twitter_card":"summary_large_image","twitter_misc":{"Gesch\u00e4tzte Lesezeit":"2\u00a0Minuten"},"schema":{"@context":"https:\/\/schema.org","@graph":[{"@type":"WebPage","@id":"https:\/\/elfsight.com\/de\/vimeo-video-gallery-widget\/prestashop\/","url":"https:\/\/elfsight.com\/de\/vimeo-video-gallery-widget\/prestashop\/","name":"PrestaShop Vimeo | Betten Sie die Vimeo-Galerie in die PrestaShop-Website ein","isPartOf":{"@id":"https:\/\/elfsight.com\/de\/#website"},"datePublished":"2024-05-03T06:53:20+00:00","dateModified":"2025-07-10T13:58:10+00:00","description":"Erstellen Sie Ihre Vimeo-Videogalerie und betten Sie sie im Handumdrehen auf der PrestaShop-Website ein. Wir bieten kostenlosen Kundenservice und andere Boni.","breadcrumb":{"@id":"https:\/\/elfsight.com\/de\/vimeo-video-gallery-widget\/prestashop\/#breadcrumb"},"inLanguage":"de","potentialAction":[{"@type":"ReadAction","target":["https:\/\/elfsight.com\/de\/vimeo-video-gallery-widget\/prestashop\/"]}]},{"@type":"BreadcrumbList","@id":"https:\/\/elfsight.com\/de\/vimeo-video-gallery-widget\/prestashop\/#breadcrumb","itemListElement":[{"@type":"ListItem","position":1,"name":"Home","item":"https:\/\/elfsight.com\/de\/"},{"@type":"ListItem","position":2,"name":"Vimeo Gallery","item":"https:\/\/elfsight.com\/de\/vimeo-video-gallery-widget\/"},{"@type":"ListItem","position":3,"name":"Vimeo Gallery &#8211; PrestaShop"}]},{"@type":"WebSite","@id":"https:\/\/elfsight.com\/de\/#website","url":"https:\/\/elfsight.com\/de\/","name":"Elfsight DE","description":"Just another Elfsight Sites site","potentialAction":[{"@type":"SearchAction","target":{"@type":"EntryPoint","urlTemplate":"https:\/\/elfsight.com\/de\/?s={search_term_string}"},"query-input":{"@type":"PropertyValueSpecification","valueRequired":true,"valueName":"search_term_string"}}],"inLanguage":"de"}]}},"meta_box":{"industry":"","seo_heading":"","heading":"","description":"","cta_heading":"","cta_description":"","application":"492","h1":"PrestaShop Vimeo-Videogalerie","h1_caption":"Betten Sie eine Galerie mit Vimeo-Videos ein und bieten Sie so eine nahtlose M\u00f6glichkeit, Ihre Videoinhalte m\u00fchelos auf Ihrer Prestashop-Website zu pr\u00e4sentieren.","application_category":[],"applications_title":"","applications_request_title":"","applications_request_button_text":"","hero_text":"","hero_video":"","hero_video_schema_markup":"","selling_points_title":"","selling_points_caption":"","selling_points":[],"selling_points_cta_text":"","features_title":"","features":"","ed_cta_examples_text":"","ed_cta_examples_hidden":"","ed_cta_demo_text":"","ed_cta_demo_hidden":"","why_caption":"","why_editor_title":"","why_editor_text":"","why_team_title":"","why_team_text":"","why_service_title":"","why_service_text":"","template_catalog_visible":"","template_catalog_title":"","template_catalog_text":"","template_catalog_categories_visible":"","demo_title":"Erstellen Sie Ihr Vimeo-Galerie-Add-on","demo_caption":"Konfigurieren Sie Ihre Vimeo-Galerie und f\u00fcgen Sie sie kostenlos zu Ihrer PrestaShop-Website hinzu!","default_faq_hidden":"","app_template_category":[],"platform":"3811","template_public_id":"","codecanyon_url":"","codecanyon_item_id":"","codecanyon_price":"","pricing_caption":"","pricing_elfsight_apps_hide_column":"","pricing_elfsight_apps_url":"","pricing_codecanyon_price_caption":"","integration_category":[],"integration_request_title":"","integration_request_cta":"","integration_platform":"","integrations":[],"platform_category":[],"video_schema_markup":"","price":"ab 0 $ \/ Monat","trial":"","benefits":[{"text":"Kostenlose Installationshilfe"},{"text":"Professioneller Kundenservice"},{"text":"14-t\u00e4gige Geld-zur\u00fcck-Garantie"},{"text":"St\u00e4ndige Aktualisierung"}],"button_url":"#demo","button_target_blank":"","button_nofollow":"","attributes":[{"name":"Installiert","content":"10,000 - 100,000"},{"name":"Reaktionsfreudig","content":"Ja"},{"name":"Kompatible Browser","content":"Firefox, Safari, Opera, Chrome, Edge"}],"tags":[],"tags_disable_links":"","hide_more_platforms":"","video_object":"","demo_hide_cta":"","demo_hide_cloud_options":"","pricing_title":"","pricing":[{"pricing_icon":"platform","pricing_title":"Elfsight Apps","pricing_title_caption":"Multiplattform-Version, die auf jeder Site funktioniert","pricing_price":"ab 0 $ \/ Monat","pricing_price_caption":"Beginnen Sie mit einem kostenlosen Plan","pricing_benefits":[{"text":"Unbegrenzte Websites"},{"text":"Professionelle Unternehmensunterst\u00fctzung"},{"text":"Kostenlose Installationsunterst\u00fctzung"},{"text":"Flexibles Design"}],"pricing_button_text":"Zur Website hinzuf\u00fcgen","pricing_button_url":"#demo"}],"related_apps_title":"","related_apps_hidden":"","author":"","image":[],"title":"","job":"","social_networks":[]},"_links":{"self":[{"href":"https:\/\/elfsight.com\/de\/wp-json\/wp\/v2\/pages\/21012","targetHints":{"allow":["GET"]}}],"collection":[{"href":"https:\/\/elfsight.com\/de\/wp-json\/wp\/v2\/pages"}],"about":[{"href":"https:\/\/elfsight.com\/de\/wp-json\/wp\/v2\/types\/page"}],"author":[{"embeddable":true,"href":"https:\/\/elfsight.com\/de\/wp-json\/wp\/v2\/users\/9"}],"replies":[{"embeddable":true,"href":"https:\/\/elfsight.com\/de\/wp-json\/wp\/v2\/comments?post=21012"}],"version-history":[{"count":1,"href":"https:\/\/elfsight.com\/de\/wp-json\/wp\/v2\/pages\/21012\/revisions"}],"predecessor-version":[{"id":21016,"href":"https:\/\/elfsight.com\/de\/wp-json\/wp\/v2\/pages\/21012\/revisions\/21016"}],"up":[{"embeddable":true,"href":"https:\/\/elfsight.com\/de\/wp-json\/wp\/v2\/pages\/1162"}],"wp:attachment":[{"href":"https:\/\/elfsight.com\/de\/wp-json\/wp\/v2\/media?parent=21012"}],"curies":[{"name":"wp","href":"https:\/\/api.w.org\/{rel}","templated":true}]}}