{"id":21009,"date":"2024-05-03T06:52:50","date_gmt":"2024-05-03T06:52:50","guid":{"rendered":"https:\/\/elfsight.com\/de\/?page_id=21009"},"modified":"2025-02-14T04:58:51","modified_gmt":"2025-02-14T04:58:51","slug":"weebly","status":"publish","type":"page","link":"https:\/\/elfsight.com\/de\/twitter-feed-widget\/weebly\/","title":{"rendered":"Twitter Feed &#8211; Weebly"},"content":{"rendered":"\n<div class=\"application-platform-content-item-description application-platform-content-item\" id=\"description\" data-nav-section=\"description\"><h2>Beschreibung<\/h2><p>Mit Hilfe von Elfsight Twitter Feed ist es ganz einfach, Twitter-Feeds oder ausgew\u00e4hlte Tweets auf einem Weebly einzubetten Website. Erh\u00f6hen Sie die Benutzeraktivit\u00e4t und st\u00e4rken Sie das Vertrauen der Kunden in Ihr Unternehmen, indem Sie Ihre Twitter-Timeline ver\u00f6ffentlichen oder Tweets mit Erfahrungsberichten der Benutzer zu Ihren Produkten oder Dienstleistungen ver\u00f6ffentlichen. Die wertvollsten Vorteile von Elfsight Twitter f\u00fcr eine Website sind vordefinierte Vorlagen f\u00fcr beliebige Anwendungsf\u00e4lle und vielf\u00e4ltige Einstellungsm\u00f6glichkeiten sowie ein anpassbares Design.<\/p><p><b>Erh\u00f6hen Sie das Engagement Ihrer Website und machen Sie sie f\u00fcr Sie glaubw\u00fcrdig Besucher<\/b><\/p><ul><li><b>Erh\u00f6hen Sie die Engagement-Rate<\/b>.<br>Platzieren Sie lebendige und frische Inhalte eines der am h\u00e4ufigsten genutzten sozialen Medien auf Ihrer Website, um Kunden anzulocken. Aufmerksamkeit. Erh\u00f6hen Sie die Aktivit\u00e4t auf Ihrer Website.<\/li><li><b>Bewerben Sie gleichzeitig Ihr Twitter und Ihre Website<\/b>.<br>Ihre Website ist dank Retweets eine weitere M\u00f6glichkeit, Ihr Twitter-Konto zu bewerben und vom Feed unterst\u00fctztes Antworten; w\u00e4hrend h\u00f6heres Engagement und Social Proof auf der Website zu besseren SEO-Ergebnissen beitragen.<\/li><li><b>Steigern Sie das Kundenvertrauen mithilfe von Testimonials-Tweets<\/b>.<br>Nehmen Sie die besten Kundenreferenzen \u00fcber Ihr Unternehmen von Twitter und Pr\u00e4sentieren Sie sie auf Ihrer Website, um das Vertrauen der Kunden zu st\u00e4rken und Ihre Produkte und Dienstleistungen f\u00fcr Ihre Benutzer unwiderstehlich erscheinen zu lassen.<\/li><\/ul><\/div><div class=\"application-platform-content-item-features application-platform-content-item\" id=\"features\" data-nav-section=\"features\"><h2>Funktionen<\/h2><p>Warum ist unsere App das beste hochwertige Weebly-Widget? Sehen Sie sich unsere Hauptmerkmale an:<\/p><ul><li>Erstellen Sie einen Feed mit Testimonial-Tweets \u00fcber Ihr Unternehmen;<\/li><li>W\u00e4hlen Sie ein vollst\u00e4ndiges oder kompaktes Header-Layout;<\/li><li>Kopieren Sie den Tweets-Link;<\/li><li>Anzeigelimit f\u00fcr Tweets im Feed;<\/li><li>Legen Sie eine benutzerdefinierte Designfarbe f\u00fcr das Widget fest.<\/li><\/ul><p><a href=\"#demo\">Probieren Sie weitere Funktionen in der kostenlosen Demo aus<\/a><\/p><\/div><div class=\"application-platform-content-item-installation application-platform-content-item\" id=\"installation\" data-nav-section=\"installation\"><h2>So f\u00fcgen Sie Twitter-Feed zur Weebly-Website hinzu<\/h2><div class=\"video-container\"><iframe width=\"560\" height=\"315\" src=\"https:\/\/www.youtube.com\/embed\/04ECDy9Ii88?si=P0ebBZs2UffFXLdn\" frameborder=\"0\" allow=\"accelerometer; autoplay; clipboard-write; encrypted-media; gyroscope; picture-in-picture; web-share\" allowfullscreen><\/iframe><\/div><p>Unsere App ist am einfachsten einzurichten und erfordert keine Programmierkenntnisse. F\u00fcr die Durchf\u00fchrung der Anleitung ben\u00f6tigen Sie nur 2 Minuten.<\/p><ol><li><b>Nutzen Sie unsere kostenlose Demo und beginnen Sie mit der Erstellung Ihrer eigenen App. <\/b><br> Bestimmen Sie die geeigneten Design- und Funktionsmerkmale der App und nehmen Sie alle Korrekturen vor. <\/li> <li><b>Kopieren Sie Ihren einzigartigen Code, der in der speziellen Form auf Elfsight Apps angezeigt wird. <\/b><br> Nachdem die Generierung Ihrer App abgeschlossen ist, kopieren Sie den einzelnen Code im angezeigten Fenster und bewahren Sie ihn f\u00fcr die zuk\u00fcnftige Verwendung auf. <\/li> <li><b>Beginnen Sie mit der Nutzung der App auf der Weebly-Website. <\/b><br> Implementieren Sie den zuvor kopierten Code in Ihre Website und speichern Sie die \u00c4nderungen. <\/li> <li><b>Das Setup ist vollst\u00e4ndig durchgef\u00fchrt. <\/b><br> Besuchen Sie Ihre Website, um die Funktionsweise der App zu \u00fcberpr\u00fcfen. <\/li><\/ol><p>Haben Sie Probleme mit der Einbettung oder Personalisierung Ihrer App? Senden Sie eine Nachricht an unseren Support oder lesen Sie ein <a href=\"https:\/\/elfsight.com\/tutorials\/how-to-add-twitter-feed-app-to-weebly\/\" target=\"_blank\" rel=\"noopener noreferrer\">umfassende Anleitung<\/a>.<\/p><\/div><div class=\"faq\" data-component=\"FAQ\"><div class=\"faq-item\">\r\n\t\t\t\t\t<div class=\"faq-item-question\">\r\n\t\t\t\t\t\t<h3 class=\"faq-item-question-text\">Wie kann ich Twitter-Feed ohne Programmieraufwand zu meinem Weebly hinzuf\u00fcgen? F\u00e4higkeiten?<\/h3>\r\n\r\n\t\t\t\t\t\t<div class=\"faq-item-question-icon\"><\/div>\r\n\t\t\t\t\t<\/div>\r\n\r\n\t\t\t\t\t<div class=\"faq-item-answer\">\r\n\t\t\t\t\t\t<div class=\"faq-item-answer-text\"><p>Das Unternehmen Elfsight bietet eine L\u00f6sung, mit der Sie selbst ein Twitter-Feed-Plugin erstellen k\u00f6nnen. Sehen Sie sich die einfache Anleitung an:<\/p><ul><li>Beginnen Sie direkt in der Live-Demo mit der Arbeit, um eine Twitter-Feed-App zu erstellen Sie m\u00f6chten auf der Weebly-Homepage erscheinen.<\/li><li>Entscheiden Sie sich f\u00fcr eine der vorgefertigten Vorlagen und \u00e4ndern Sie die Twitter-Feed-Einstellungen, \u00e4ndern Sie das Layout und das Farbschema, f\u00fcgen Sie Ihre Inhalte ohne Programmierkenntnisse ein.<\/li><li>Speichern Sie den Twitter-Feed und kopieren Sie den Installationscode des Plugins, der m\u00fchelos auf der Weebly-Homepage hinzugef\u00fcgt werden kann, ohne ein kostenpflichtiges Abonnement zu kaufen.<\/li><\/ul><p>Mit unserem benutzerfreundlichen Editor kann jeder Webbenutzer einen Twitter-Feed erstellen Widget und f\u00fcgen Sie es einfach in ihre Weebly-Website ein. Es ist nicht erforderlich, zu bezahlen oder Ihre Kartendaten anzugeben, um den Service in Anspruch zu nehmen. Wenn Sie auf Probleme jeglicher Art sto\u00dfen, z\u00f6gern Sie nicht, mit unserem Support-Personal zu sprechen.<\/p><\/div>\r\n\t\t\t\t\t<\/div>\r\n\t\t\t\t<\/div><\/div>\n","protected":false},"excerpt":{"rendered":"","protected":false},"author":9,"featured_media":0,"parent":771,"menu_order":0,"comment_status":"closed","ping_status":"closed","template":"templates\/template-application-platform.php","meta":{"publish_to_discourse":"","publish_post_category":"","wpdc_auto_publish_overridden":"","wpdc_topic_tags":"","wpdc_pin_topic":"","wpdc_pin_until":"","discourse_post_id":"","discourse_permalink":"","wpdc_publishing_response":"","wpdc_publishing_error":"","footnotes":""},"class_list":["post-21009","page","type-page","status-publish","hentry"],"yoast_head":"<!-- This site is optimized with the Yoast SEO plugin v25.3.1 - https:\/\/yoast.com\/wordpress\/plugins\/seo\/ -->\n<title>Das beste Twitter-Feed-Widget f\u00fcr die Weebly-Website (2025)<\/title>\n<meta name=\"description\" content=\"Probieren Sie das beste Twitter-Feed-Widget f\u00fcr Weebly kostenlos aus. Eine unkomplizierte und schnelle Installation ohne Erfahrung in der Webentwicklung in nur 3 Minuten.\" \/>\n<meta name=\"robots\" content=\"index, follow, max-snippet:-1, max-image-preview:large, max-video-preview:-1\" \/>\n<link rel=\"canonical\" href=\"https:\/\/elfsight.com\/de\/twitter-feed-widget\/weebly\/\" \/>\n<meta property=\"og:locale\" content=\"de_DE\" \/>\n<meta property=\"og:type\" content=\"article\" \/>\n<meta property=\"og:title\" content=\"Das beste Twitter-Feed-Widget f\u00fcr die Weebly-Website (2025)\" \/>\n<meta property=\"og:description\" content=\"Probieren Sie das beste Twitter-Feed-Widget f\u00fcr Weebly kostenlos aus. Eine unkomplizierte und schnelle Installation ohne Erfahrung in der Webentwicklung in nur 3 Minuten.\" \/>\n<meta property=\"og:url\" content=\"https:\/\/elfsight.com\/de\/twitter-feed-widget\/weebly\/\" \/>\n<meta property=\"og:site_name\" content=\"Elfsight DE\" \/>\n<meta property=\"article:modified_time\" content=\"2025-02-14T04:58:51+00:00\" \/>\n<meta name=\"twitter:card\" content=\"summary_large_image\" \/>\n<meta name=\"twitter:label1\" content=\"Gesch\u00e4tzte Lesezeit\" \/>\n\t<meta name=\"twitter:data1\" content=\"4\u00a0Minuten\" \/>\n<!-- \/ Yoast SEO plugin. -->","yoast_head_json":{"title":"Das beste Twitter-Feed-Widget f\u00fcr die Weebly-Website (2025)","description":"Probieren Sie das beste Twitter-Feed-Widget f\u00fcr Weebly kostenlos aus. Eine unkomplizierte und schnelle Installation ohne Erfahrung in der Webentwicklung in nur 3 Minuten.","robots":{"index":"index","follow":"follow","max-snippet":"max-snippet:-1","max-image-preview":"max-image-preview:large","max-video-preview":"max-video-preview:-1"},"canonical":"https:\/\/elfsight.com\/de\/twitter-feed-widget\/weebly\/","og_locale":"de_DE","og_type":"article","og_title":"Das beste Twitter-Feed-Widget f\u00fcr die Weebly-Website (2025)","og_description":"Probieren Sie das beste Twitter-Feed-Widget f\u00fcr Weebly kostenlos aus. Eine unkomplizierte und schnelle Installation ohne Erfahrung in der Webentwicklung in nur 3 Minuten.","og_url":"https:\/\/elfsight.com\/de\/twitter-feed-widget\/weebly\/","og_site_name":"Elfsight DE","article_modified_time":"2025-02-14T04:58:51+00:00","twitter_card":"summary_large_image","twitter_misc":{"Gesch\u00e4tzte Lesezeit":"4\u00a0Minuten"},"schema":{"@context":"https:\/\/schema.org","@graph":[{"@type":"WebPage","@id":"https:\/\/elfsight.com\/de\/twitter-feed-widget\/weebly\/","url":"https:\/\/elfsight.com\/de\/twitter-feed-widget\/weebly\/","name":"Das beste Twitter-Feed-Widget f\u00fcr die Weebly-Website (2025)","isPartOf":{"@id":"https:\/\/elfsight.com\/de\/#website"},"datePublished":"2024-05-03T06:52:50+00:00","dateModified":"2025-02-14T04:58:51+00:00","description":"Probieren Sie das beste Twitter-Feed-Widget f\u00fcr Weebly kostenlos aus. Eine unkomplizierte und schnelle Installation ohne Erfahrung in der Webentwicklung in nur 3 Minuten.","breadcrumb":{"@id":"https:\/\/elfsight.com\/de\/twitter-feed-widget\/weebly\/#breadcrumb"},"inLanguage":"de","potentialAction":[{"@type":"ReadAction","target":["https:\/\/elfsight.com\/de\/twitter-feed-widget\/weebly\/"]}]},{"@type":"BreadcrumbList","@id":"https:\/\/elfsight.com\/de\/twitter-feed-widget\/weebly\/#breadcrumb","itemListElement":[{"@type":"ListItem","position":1,"name":"Home","item":"https:\/\/elfsight.com\/de\/"},{"@type":"ListItem","position":2,"name":"Twitter Feed","item":"https:\/\/elfsight.com\/de\/twitter-feed-widget\/"},{"@type":"ListItem","position":3,"name":"Twitter Feed &#8211; Weebly"}]},{"@type":"WebSite","@id":"https:\/\/elfsight.com\/de\/#website","url":"https:\/\/elfsight.com\/de\/","name":"Elfsight DE","description":"Just another Elfsight Sites site","potentialAction":[{"@type":"SearchAction","target":{"@type":"EntryPoint","urlTemplate":"https:\/\/elfsight.com\/de\/?s={search_term_string}"},"query-input":{"@type":"PropertyValueSpecification","valueRequired":true,"valueName":"search_term_string"}}],"inLanguage":"de"}]}},"meta_box":{"industry":"","seo_heading":"","heading":"","description":"","cta_heading":"","cta_description":"","application":"472","h1":"Weebly Twitter-Feed-App","h1_caption":"Betten Sie Tweets von Ihrem Twitter-Konto oder per Hashtag ein, um Ihre Besucher m\u00fchelos mit Echtzeitinhalten auf Ihrer Weebly-Website auf dem Laufenden zu halten.","application_category":[],"applications_title":"","applications_request_title":"","applications_request_button_text":"","hero_text":"","hero_video":"","hero_video_schema_markup":"","selling_points_title":"","selling_points_caption":"","selling_points":[],"selling_points_cta_text":"","features_title":"","features":"","ed_cta_examples_text":"","ed_cta_examples_hidden":"","ed_cta_demo_text":"","ed_cta_demo_hidden":"","why_caption":"","why_editor_title":"","why_editor_text":"","why_team_title":"","why_team_text":"","why_service_title":"","why_service_text":"","template_catalog_visible":"0","template_catalog_title":"","template_catalog_text":"","template_catalog_categories_visible":"","demo_title":"Erstellen Sie Ihre Twitter-Feed-App","demo_caption":"Konfigurieren Sie Ihren Twitter-Feed und f\u00fcgen Sie ihn kostenlos zu Ihrer Weebly-Website hinzu!","default_faq_hidden":"","app_template_category":[],"platform":"249","template_public_id":"","codecanyon_url":"","codecanyon_item_id":"","codecanyon_price":"","pricing_caption":"","pricing_elfsight_apps_hide_column":"","pricing_elfsight_apps_url":"","pricing_codecanyon_price_caption":"","integration_category":[],"integration_request_title":"","integration_request_cta":"","integration_platform":"","integrations":[],"platform_category":[],"video_schema_markup":"","price":"ab 0 $ \/ Monat","trial":"","benefits":[{"text":"Kostenlose Installationsunterst\u00fctzung"},{"text":"Erfahrener Kundensupport"},{"text":"14-t\u00e4gige R\u00fcckerstattungsgarantie"},{"text":"Regelm\u00e4\u00dfige Verbesserungen"}],"button_url":"#demo","button_target_blank":"0","button_nofollow":"0","attributes":[{"name":"Installiert","content":"10,000 - 100,000"},{"name":"Reaktionsfreudig","content":"Ja"},{"name":"Kompatible Browser","content":"Firefox, Safari, Opera, Chrome, Edge"}],"tags":[],"tags_disable_links":"0","hide_more_platforms":"0","video_object":"","demo_hide_cta":"0","demo_hide_cloud_options":"0","pricing_title":"","pricing":[{"pricing_icon":"cloud","pricing_title":"Elfsight Apps","pricing_title_caption":"Plattform\u00fcbergreifende Version","pricing_price":"ab 0 $ \/ Monat","pricing_price_caption":"Beginnen Sie mit einem kostenlosen Plan","pricing_benefits":[{"text":"Unbegrenzte Domains"},{"text":"Professionelle Unternehmensunterst\u00fctzung"},{"text":"Kostenlose Installationsunterst\u00fctzung"},{"text":"Sonderpreis f\u00fcr mehrere Apps"}],"pricing_button_text":"Zur Website hinzuf\u00fcgen","pricing_button_url":"#demo"}],"related_apps_title":"","related_apps_hidden":"0","author":"","image":[],"title":"","job":"","social_networks":[]},"_links":{"self":[{"href":"https:\/\/elfsight.com\/de\/wp-json\/wp\/v2\/pages\/21009","targetHints":{"allow":["GET"]}}],"collection":[{"href":"https:\/\/elfsight.com\/de\/wp-json\/wp\/v2\/pages"}],"about":[{"href":"https:\/\/elfsight.com\/de\/wp-json\/wp\/v2\/types\/page"}],"author":[{"embeddable":true,"href":"https:\/\/elfsight.com\/de\/wp-json\/wp\/v2\/users\/9"}],"replies":[{"embeddable":true,"href":"https:\/\/elfsight.com\/de\/wp-json\/wp\/v2\/comments?post=21009"}],"version-history":[{"count":4,"href":"https:\/\/elfsight.com\/de\/wp-json\/wp\/v2\/pages\/21009\/revisions"}],"predecessor-version":[{"id":24137,"href":"https:\/\/elfsight.com\/de\/wp-json\/wp\/v2\/pages\/21009\/revisions\/24137"}],"up":[{"embeddable":true,"href":"https:\/\/elfsight.com\/de\/wp-json\/wp\/v2\/pages\/771"}],"wp:attachment":[{"href":"https:\/\/elfsight.com\/de\/wp-json\/wp\/v2\/media?parent=21009"}],"curies":[{"name":"wp","href":"https:\/\/api.w.org\/{rel}","templated":true}]}}