{"id":21004,"date":"2024-05-03T06:52:40","date_gmt":"2024-05-03T06:52:40","guid":{"rendered":"https:\/\/elfsight.com\/de\/?page_id=21004"},"modified":"2025-02-13T16:29:45","modified_gmt":"2025-02-13T16:29:45","slug":"bigcommerce","status":"publish","type":"page","link":"https:\/\/elfsight.com\/de\/twitter-feed-widget\/bigcommerce\/","title":{"rendered":"Twitter Feed &#8211; Bigcommerce"},"content":{"rendered":"\n<div class=\"application-platform-content-item-description application-platform-content-item\" id=\"description\" data-nav-section=\"description\"><h2>Beschreibung<\/h2><p>Mit Elfsight Twitter Feed ist es absolut einfach, Twitter-Feeds oder ausgew\u00e4hlte Tweets auf einer BigCommerce-Website hinzuzuf\u00fcgen. Erh\u00f6hen Sie die Benutzeraktivit\u00e4t und st\u00e4rken Sie das Kundenvertrauen, indem Sie eine Twitter-Timeline bereitstellen oder Tweets mit Kundenreferenzen zu Ihren Artikeln ver\u00f6ffentlichen. Die wertvollsten Vorteile der Elfsight Twitter-App f\u00fcr eine Website sind vordefinierte Vorlagen f\u00fcr alle Anwendungsf\u00e4lle und verschiedene Einstellungen sowie ein flexibles Design.<\/p><p><b>Steigern Sie das Engagement Ihrer Website und machen Sie sie f\u00fcr Ihre Kunden zuverl\u00e4ssig <\/b><\/p><ul><li><b>Halten Sie Benutzer auf der Website<\/b>.<br>Halten Sie Ihr Publikum stundenlang auf Ihrer Website und pr\u00e4sentieren Sie ausgew\u00e4hlte Tweets zu den spannendsten Themen oder Binden Sie sie in Ihre von Twitter beworbenen Veranstaltungen ein.<\/li><li><b>Erwerben Sie mehr Follower<\/b>.<br>Mit dem interaktiven Twitter-Feed von Elfsight k\u00f6nnen Benutzer Ihrem Konto folgen, ohne die Website zu verlassen. So k\u00f6nnen Sie eine neue Follower-Quelle gewinnen und die Twitter-Community erweitern.<\/li><li><b>Hoher Social Proof f\u00fcr st\u00e4rkeres Vertrauen<\/b>.<br>Demonstrieren Sie, wie aktiv Sie Ihr Twitter-Profil f\u00fcllen, um Benutzer davon zu \u00fcberzeugen Ihr Projekt entwickelt sich und Sie m\u00f6chten gerne kommunizieren und n\u00e4her an Ihre Community heranr\u00fccken.<\/li><\/ul><\/div><div class=\"application-platform-content-item-features application-platform-content-item\" id=\"features\" data-nav-section=\"features\"><h2>Funktionen<\/h2><p>Eine Menge Funktionen, die die Elfsight-App zur wichtigsten App f\u00fcr jede BigCommerce-Website machen.<\/p><ul><li>Erstellen Sie einen Feed mit Testimonial-Tweets \u00fcber Ihr Unternehmen.<\/li><li>Verstecken Sie die Kopfzeile, um sie nur anzuzeigen Tweets;<\/li><li>Alle Tweet-Aktionen werden unterst\u00fctzt: Antworten, Retweeten, Liken;<\/li><li>Tweets-Anzeigelimit im Feed;<\/li><li>Automatische Feed-F\u00e4rbung mit der Themenfarbe von Ihrem Twitter Konto.<\/li><\/ul><p><a href=\"#demo\">\u00dcberpr\u00fcfen Sie alle Vorteile des Widgets<\/a><\/p><\/div><div class=\"application-platform-content-item-installation application-platform-content-item\" id=\"installation\" data-nav-section=\"installation\"><h2>So f\u00fcgen Sie Twitter-Feed zu BigCommerce hinzu<\/h2><div class=\"video-container\"><iframe width=\"560\" height=\"315\" src=\"https:\/\/www.youtube.com\/embed\/MYo-T1h3-SY?si=eol2h4K45MUrMwGX\" frameborder=\"0\" allow=\"accelerometer; autoplay; clipboard-write; encrypted-media; gyroscope; picture-in-picture; web-share\" allowfullscreen><\/iframe><\/div><p>Befolgen Sie einfach die nachstehenden Anweisungen, um das Plugin auf BigCommerce zu aktivieren.<\/p> <ol><li><b>Verwalten Sie unsere kostenlose Demo und beginnen Sie mit der Erstellung Ihres personalisierten Widgets. <\/b><br> Bestimmen Sie die geeignete Form und Aspekte des Twitter-Feeds und speichern Sie die Korrekturen. <\/li> <li><b>Kopieren Sie den eindeutigen Code, der in der speziellen Form auf Elfsight Apps angezeigt wird. <\/b><br> Kopieren Sie unmittelbar nach Abschluss der Einrichtung Ihres Tools den exklusiven Code aus dem angezeigten Popup und bewahren Sie ihn f\u00fcr die sp\u00e4tere Verwendung auf. <\/li> <li><b>Beginnen Sie mit der Anwendung des Tools auf der BigCommerce-Website. <\/b><br> F\u00fcgen Sie den k\u00fcrzlich kopierten Code in Ihre Website ein und speichern Sie die Verbesserungen. <\/li> <li><b>Die Installation wurde erfolgreich abgeschlossen. <\/b><br> Besuchen Sie Ihre Website, um einen Blick auf die Funktionsweise des Widgets zu werfen. <\/li><\/ol><p>Haben Sie Schwierigkeiten oder Probleme beim Befolgen der Anleitung oder beim Anpassen Ihrer App? Lesen Sie den <a href=\"https:\/\/elfsight.com\/tutorials\/how-to-add-twitter-feed-app-to-bigcommerce\/\" target=\"_blank\" rel=\"noopener noreferrer\">ausf\u00fchrlichen Artikel<\/a> oder senden Sie eine Nachricht an das Elfsight-Supportcenter. Unsere Entwickler helfen Ihnen gerne weiter.<\/p><\/div><div class=\"faq\" data-component=\"FAQ\"><div class=\"faq-item\">\r\n\t\t\t\t\t<div class=\"faq-item-question\">\r\n\t\t\t\t\t\t<h3 class=\"faq-item-question-text\">Wie kann ich Twitter-Feeds in meine BigCommerce-Site einbetten, ohne Programmierkenntnisse?<\/h3>\r\n\r\n\t\t\t\t\t\t<div class=\"faq-item-question-icon\"><\/div>\r\n\t\t\t\t\t<\/div>\r\n\r\n\t\t\t\t\t<div class=\"faq-item-answer\">\r\n\t\t\t\t\t\t<div class=\"faq-item-answer-text\"> Erstellen Sie ein Twitter-Feed-Plugin, das Sie auf der Bigcommerce-Website einbetten m\u00f6chten.<\/li><li>W\u00e4hlen Sie eine unserer vorgefertigten Vorlagen und \u00e4ndern Sie die Twitter-Feed-Einstellungen, f\u00fcgen Sie Ihre Inhalte ein, \u00e4ndern Sie das Layout und das Farbschema ohne Programmiererfahrung.<\/li><li>Speichern Sie den Twitter-Feed und kopieren Sie den Code zum Einbetten, der einfach in die Bigcommerce-Homepage eingef\u00fcgt werden kann, ohne dass Sie eine kostenpflichtige Version kaufen m\u00fcssen.<\/li><\/ul><p>Arbeiten in unserem einfach- Mit dem benutzerfreundlichen Editor kann jeder Internetnutzer online einen Twitter-Feed erstellen und ihn auf jeder Bigcommerce-Website einf\u00fcgen. Sie m\u00fcssen weder bezahlen noch Ihre Kartendaten einreichen, um auf den Elfsight Editor zuzugreifen. Sollten Sie bei irgendeinem Schritt auf Hindernisse sto\u00dfen, k\u00f6nnen Sie sich gerne an unser Support-Team wenden.<\/p><\/div>\r\n\t\t\t\t\t<\/div>\r\n\t\t\t\t<\/div><\/div>\n","protected":false},"excerpt":{"rendered":"","protected":false},"author":9,"featured_media":0,"parent":771,"menu_order":0,"comment_status":"closed","ping_status":"closed","template":"templates\/template-application-platform.php","meta":{"publish_to_discourse":"","publish_post_category":"","wpdc_auto_publish_overridden":"","wpdc_topic_tags":"","wpdc_pin_topic":"","wpdc_pin_until":"","discourse_post_id":"","discourse_permalink":"","wpdc_publishing_response":"","wpdc_publishing_error":"","footnotes":""},"class_list":["post-21004","page","type-page","status-publish","hentry"],"yoast_head":"<!-- This site is optimized with the Yoast SEO plugin v25.3.1 - https:\/\/yoast.com\/wordpress\/plugins\/seo\/ -->\n<title>Twitter-Feed-App f\u00fcr die BigCommerce-Website (offizielle App von Elfsight)<\/title>\n<meta name=\"description\" content=\"Holen Sie sich Ihre Twitter-Feed-App f\u00fcr BigCommerce und zeigen Sie sie in nur 1 Minute auf Ihrer Website an. Kostenloser Editor, Hilfe beim Anpassen und viele verschiedene Vorteile von Elfsight!\" \/>\n<meta name=\"robots\" content=\"index, follow, max-snippet:-1, max-image-preview:large, max-video-preview:-1\" \/>\n<link rel=\"canonical\" href=\"https:\/\/elfsight.com\/de\/twitter-feed-widget\/bigcommerce\/\" \/>\n<meta property=\"og:locale\" content=\"de_DE\" \/>\n<meta property=\"og:type\" content=\"article\" \/>\n<meta property=\"og:title\" content=\"Twitter-Feed-App f\u00fcr die BigCommerce-Website (offizielle App von Elfsight)\" \/>\n<meta property=\"og:description\" content=\"Holen Sie sich Ihre Twitter-Feed-App f\u00fcr BigCommerce und zeigen Sie sie in nur 1 Minute auf Ihrer Website an. Kostenloser Editor, Hilfe beim Anpassen und viele verschiedene Vorteile von Elfsight!\" \/>\n<meta property=\"og:url\" content=\"https:\/\/elfsight.com\/de\/twitter-feed-widget\/bigcommerce\/\" \/>\n<meta property=\"og:site_name\" content=\"Elfsight DE\" \/>\n<meta property=\"article:modified_time\" content=\"2025-02-13T16:29:45+00:00\" \/>\n<meta name=\"twitter:card\" content=\"summary_large_image\" \/>\n<meta name=\"twitter:label1\" content=\"Gesch\u00e4tzte Lesezeit\" \/>\n\t<meta name=\"twitter:data1\" content=\"3\u00a0Minuten\" \/>\n<!-- \/ Yoast SEO plugin. -->","yoast_head_json":{"title":"Twitter-Feed-App f\u00fcr die BigCommerce-Website (offizielle App von Elfsight)","description":"Holen Sie sich Ihre Twitter-Feed-App f\u00fcr BigCommerce und zeigen Sie sie in nur 1 Minute auf Ihrer Website an. Kostenloser Editor, Hilfe beim Anpassen und viele verschiedene Vorteile von Elfsight!","robots":{"index":"index","follow":"follow","max-snippet":"max-snippet:-1","max-image-preview":"max-image-preview:large","max-video-preview":"max-video-preview:-1"},"canonical":"https:\/\/elfsight.com\/de\/twitter-feed-widget\/bigcommerce\/","og_locale":"de_DE","og_type":"article","og_title":"Twitter-Feed-App f\u00fcr die BigCommerce-Website (offizielle App von Elfsight)","og_description":"Holen Sie sich Ihre Twitter-Feed-App f\u00fcr BigCommerce und zeigen Sie sie in nur 1 Minute auf Ihrer Website an. Kostenloser Editor, Hilfe beim Anpassen und viele verschiedene Vorteile von Elfsight!","og_url":"https:\/\/elfsight.com\/de\/twitter-feed-widget\/bigcommerce\/","og_site_name":"Elfsight DE","article_modified_time":"2025-02-13T16:29:45+00:00","twitter_card":"summary_large_image","twitter_misc":{"Gesch\u00e4tzte Lesezeit":"3\u00a0Minuten"},"schema":{"@context":"https:\/\/schema.org","@graph":[{"@type":"WebPage","@id":"https:\/\/elfsight.com\/de\/twitter-feed-widget\/bigcommerce\/","url":"https:\/\/elfsight.com\/de\/twitter-feed-widget\/bigcommerce\/","name":"Twitter-Feed-App f\u00fcr die BigCommerce-Website (offizielle App von Elfsight)","isPartOf":{"@id":"https:\/\/elfsight.com\/de\/#website"},"datePublished":"2024-05-03T06:52:40+00:00","dateModified":"2025-02-13T16:29:45+00:00","description":"Holen Sie sich Ihre Twitter-Feed-App f\u00fcr BigCommerce und zeigen Sie sie in nur 1 Minute auf Ihrer Website an. Kostenloser Editor, Hilfe beim Anpassen und viele verschiedene Vorteile von Elfsight!","breadcrumb":{"@id":"https:\/\/elfsight.com\/de\/twitter-feed-widget\/bigcommerce\/#breadcrumb"},"inLanguage":"de","potentialAction":[{"@type":"ReadAction","target":["https:\/\/elfsight.com\/de\/twitter-feed-widget\/bigcommerce\/"]}]},{"@type":"BreadcrumbList","@id":"https:\/\/elfsight.com\/de\/twitter-feed-widget\/bigcommerce\/#breadcrumb","itemListElement":[{"@type":"ListItem","position":1,"name":"Home","item":"https:\/\/elfsight.com\/de\/"},{"@type":"ListItem","position":2,"name":"Twitter Feed","item":"https:\/\/elfsight.com\/de\/twitter-feed-widget\/"},{"@type":"ListItem","position":3,"name":"Twitter Feed &#8211; Bigcommerce"}]},{"@type":"WebSite","@id":"https:\/\/elfsight.com\/de\/#website","url":"https:\/\/elfsight.com\/de\/","name":"Elfsight DE","description":"Just another Elfsight Sites site","potentialAction":[{"@type":"SearchAction","target":{"@type":"EntryPoint","urlTemplate":"https:\/\/elfsight.com\/de\/?s={search_term_string}"},"query-input":{"@type":"PropertyValueSpecification","valueRequired":true,"valueName":"search_term_string"}}],"inLanguage":"de"}]}},"meta_box":{"industry":"","seo_heading":"","heading":"","description":"","cta_heading":"","cta_description":"","application":"472","h1":"BigCommerce Twitter-Feed-App","h1_caption":"Betten Sie Tweets von Ihrem Twitter-Konto oder per Hashtag ein, um Ihre Besucher m\u00fchelos mit Echtzeitinhalten auf Ihrer BigCommerce-Website auf dem Laufenden zu halten.","application_category":[],"applications_title":"","applications_request_title":"","applications_request_button_text":"","hero_text":"","hero_video":"","hero_video_schema_markup":"","selling_points_title":"","selling_points_caption":"","selling_points":[],"selling_points_cta_text":"","features_title":"","features":"","ed_cta_examples_text":"","ed_cta_examples_hidden":"","ed_cta_demo_text":"","ed_cta_demo_hidden":"","why_caption":"","why_editor_title":"","why_editor_text":"","why_team_title":"","why_team_text":"","why_service_title":"","why_service_text":"","template_catalog_visible":"0","template_catalog_title":"","template_catalog_text":"","template_catalog_categories_visible":"","demo_title":"Erstellen Sie Ihre Twitter-Feed-App","demo_caption":"Konfigurieren Sie Ihren Twitter-Feed und f\u00fcgen Sie ihn kostenlos zu Ihrer BigCommerce-Website hinzu!","default_faq_hidden":"","app_template_category":[],"platform":"268","template_public_id":"","codecanyon_url":"","codecanyon_item_id":"","codecanyon_price":"","pricing_caption":"","pricing_elfsight_apps_hide_column":"","pricing_elfsight_apps_url":"","pricing_codecanyon_price_caption":"","integration_category":[],"integration_request_title":"","integration_request_cta":"","integration_platform":"","integrations":[],"platform_category":[],"video_schema_markup":"","price":"ab 0 $ \/ Monat","trial":"","benefits":[{"text":"Kostenlose Installationshilfe"},{"text":"Au\u00dfergew\u00f6hnlicher Support"},{"text":"14-t\u00e4gige R\u00fcckerstattungsgarantie"},{"text":"Fortlaufende Entwicklung"}],"button_url":"#demo","button_target_blank":"0","button_nofollow":"0","attributes":[{"name":"Installiert","content":"10,000 - 100,000"},{"name":"Reaktionsfreudig","content":"Ja"},{"name":"Kompatible Browser","content":"Firefox, Safari, Opera, Chrome, Edge"}],"tags":[],"tags_disable_links":"0","hide_more_platforms":"0","video_object":"","demo_hide_cta":"0","demo_hide_cloud_options":"0","pricing_title":"","pricing":[{"pricing_icon":"platform","pricing_title":"Elfsight Apps","pricing_title_caption":"Plattform\u00fcbergreifende L\u00f6sung","pricing_price":"ab 0 $ \/ Monat","pricing_price_caption":"Beginnen Sie mit einem kostenlosen Plan","pricing_benefits":[{"text":"Unbegrenzte Domains"},{"text":"Schnelle Unternehmensunterst\u00fctzung und gut dokumentiert"},{"text":"Kostenlose Installationsunterst\u00fctzung"},{"text":"Vollst\u00e4ndig anpassbar"}],"pricing_button_text":"Zur Website hinzuf\u00fcgen","pricing_button_url":"#demo"}],"related_apps_title":"","related_apps_hidden":"0","author":"","image":[],"title":"","job":"","social_networks":[]},"_links":{"self":[{"href":"https:\/\/elfsight.com\/de\/wp-json\/wp\/v2\/pages\/21004","targetHints":{"allow":["GET"]}}],"collection":[{"href":"https:\/\/elfsight.com\/de\/wp-json\/wp\/v2\/pages"}],"about":[{"href":"https:\/\/elfsight.com\/de\/wp-json\/wp\/v2\/types\/page"}],"author":[{"embeddable":true,"href":"https:\/\/elfsight.com\/de\/wp-json\/wp\/v2\/users\/9"}],"replies":[{"embeddable":true,"href":"https:\/\/elfsight.com\/de\/wp-json\/wp\/v2\/comments?post=21004"}],"version-history":[{"count":3,"href":"https:\/\/elfsight.com\/de\/wp-json\/wp\/v2\/pages\/21004\/revisions"}],"predecessor-version":[{"id":24113,"href":"https:\/\/elfsight.com\/de\/wp-json\/wp\/v2\/pages\/21004\/revisions\/24113"}],"up":[{"embeddable":true,"href":"https:\/\/elfsight.com\/de\/wp-json\/wp\/v2\/pages\/771"}],"wp:attachment":[{"href":"https:\/\/elfsight.com\/de\/wp-json\/wp\/v2\/media?parent=21004"}],"curies":[{"name":"wp","href":"https:\/\/api.w.org\/{rel}","templated":true}]}}