{"id":21003,"date":"2024-05-03T06:52:30","date_gmt":"2024-05-03T06:52:30","guid":{"rendered":"https:\/\/elfsight.com\/de\/?page_id=21003"},"modified":"2025-02-14T05:11:05","modified_gmt":"2025-02-14T05:11:05","slug":"google-sites","status":"publish","type":"page","link":"https:\/\/elfsight.com\/de\/twitter-feed-widget\/google-sites\/","title":{"rendered":"Twitter Feed &#8211; Google Sites"},"content":{"rendered":"\n<div class=\"application-platform-content-item-description application-platform-content-item\" id=\"description\" data-nav-section=\"description\"> <h2>Twitter-Feed auf Google Sites mit dem Elfsight-Widget einbetten<\/h2> <p>Mit Elfsight Twitter Feed ist es ganz einfach, Twitter-Feed einzubetten oder separate Tweets auf Ihrer Website. Steigern Sie die Besucheraktivit\u00e4t und st\u00e4rken Sie das Kundenvertrauen, indem Sie eine Twitter-Timeline ver\u00f6ffentlichen oder Tweets mit Kundenreferenzen zu Ihren Artikeln ver\u00f6ffentlichen. Die besten Vorteile des Elfsight-Twitter-Feeds f\u00fcr Ihre Website sind fertige Vorlagen f\u00fcr alle Anwendungsf\u00e4lle und verschiedene Optionen sowie ein anpassbares Design.<\/p> <p><b>Machen Sie Ihre Website f\u00fcr Ihr Publikum absolut ansprechend und \u00e4u\u00dferst vertrauensw\u00fcrdig<\/b><\/p> <\/div> <div class=\"application-platform-content-item-features application-platform-content-item\" id=\"features\" data-nav-section=\"features\"> <h2>Hier finden Sie die zentralen Funktionen des Widgets: <\/h2> <ul><li>Tweets von Ihrem eigenen Konto anzeigen oder nach Hashtag ausw\u00e4hlen<\/li><li>W\u00e4hlen Sie das vollst\u00e4ndige oder kompakte Header-Layout<\/li><li>Kopieren Sie den Tweets-Link<\/li><li>Ein spezielles Symbol zum Markieren verifizierter Konten<\/li><li>Automatische Feed-F\u00e4rbung mit der Designfarbe von Ihr Twitter-Konto<\/li><\/ul><p><a href=\"#demo\">Sie k\u00f6nnen \u00fcberpr\u00fcfen, ob das Widget f\u00fcr Sie geeignet ist, indem Sie die Demo ausprobieren<\/a><\/p> <\/div> <div class=\"application-platform-content-item-installation application-platform-content-item\" id=\"installation\" data-nav-section=\"installation\"> <h2>Wie f\u00fcge ich einen Twitter-Feed zu meiner Google-Site hinzu? <\/h2> <p>F\u00fchren Sie einfach die unten beschriebenen Schritte aus, um das Widget einzuf\u00fcgen. <\/p><div class=\"video-container\"><iframe width=\"560\" height=\"315\" src=\"https:\/\/www.youtube.com\/embed\/DrAe9b4dqVE?si=kOWHxNR9jMQyAaec\" frameborder=\"0\" allow=\"accelerometer; autoplay; clipboard-write; encrypted-media; gyroscope; picture-in-picture; web-share\" allowfullscreen><\/iframe><\/div><ol><li><b>Nutzen Sie unsere kostenlose Demo und beginnen Sie mit der Erstellung Ihres benutzerdefinierten Widgets. <\/b><br> Geben Sie das bevorzugte Aussehen und die Parameter des Widgets an und speichern Sie die \u00c4nderungen. <\/li> <li><b>Erhalten Sie Ihren pers\u00f6nlichen Code, der im speziellen Formular auf Elfsight Apps angezeigt wird. <\/b><br> Sobald die Einrichtung Ihres pers\u00f6nlichen Plugins abgeschlossen ist, kopieren Sie den einzelnen Code im angezeigten Popup und speichern Sie ihn f\u00fcr die zuk\u00fcnftige Verwendung. <\/li> <li><b>Beginnen Sie mit der Verwendung des Tools auf Ihrer Google Sites-Webseite. <\/b><br> Platzieren Sie den zuvor gespeicherten Code auf Ihrer Seite und wenden Sie die Verbesserungen an. <\/li> <li><b>Die Installation ist vollst\u00e4ndig abgeschlossen. <\/b><br> Besuchen Sie Ihre Website, um die Funktion des Widgets zu \u00fcberpr\u00fcfen. <\/li><\/ol> <div class=\"tip-yellow tip\"><b>Aufgrund der Besonderheiten der Google Sites-Funktion sieht das Widget m\u00f6glicherweise anders aus als die Online-Demo. Wir entschuldigen uns f\u00fcr etwaige Unannehmlichkeiten.<\/b><\/div><p>Falls Sie auf Probleme sto\u00dfen, wenden Sie sich bitte an unser Kundendienstteam. Unsere Berater helfen Ihnen gerne bei allen Schwierigkeiten, die Sie mit dem Tool haben k\u00f6nnten. <\/p> <div class=\"faq\" data-component=\"FAQ\"><div class=\"faq-item\">\r\n\t\t\t\t\t<div class=\"faq-item-question\">\r\n\t\t\t\t\t\t<h3 class=\"faq-item-question-text\">Wie kann ich ohne Programmierkenntnisse ein Twitter-Feed-Widget in meine Google Sites-Seite einbetten?<\/h3>\r\n\r\n\t\t\t\t\t\t<div class=\"faq-item-question-icon\"><\/div>\r\n\t\t\t\t\t<\/div>\r\n\r\n\t\t\t\t\t<div class=\"faq-item-answer\">\r\n\t\t\t\t\t\t<div class=\"faq-item-answer-text\"><p>Elfsight bietet eine cloudbasierte L\u00f6sung, die es Benutzern erm\u00f6glicht, ein Twitter-Feed-Widget einzubetten Sehen Sie selbst, wie einfach der Prozess ist:<\/p><ul><li>Greifen Sie auf den Online-Editor zu, um einen Twitter-Feed-Widget-Bereich zu erstellen, den Sie in Ihre Google Sites-Seite integrieren m\u00f6chten.<\/li><li>W\u00e4hlen Sie eine unserer vorgefertigten Vorlagen und passen Sie die Einstellungen des Twitter-Feed-Widgets an, \u00e4ndern Sie das Layout und das Farbschema und f\u00fcgen Sie Ihre Inhalte ohne Programmieraufwand ein.<\/li><li>Speichern Sie die Einstellungen, die Sie f\u00fcr Twitter konfiguriert haben Feed-Widget und erhalten Sie den Code des Widgets zum Einbetten, der m\u00fchelos und kostenlos zu Ihrer Google Sites-Seite hinzugef\u00fcgt werden kann.<\/li><\/ul><p>Durch die Arbeit im benutzerfreundlichen Editor kann jeder Internetnutzer ein erstellen F\u00fcgen Sie den Twitter-Feed-Widget-Bereich hinzu und betten Sie ihn in die Google Sites-Seite ein. F\u00fcr den Zugriff auf den Elfsight-Editor ist keine Zahlung oder Offenlegung Ihrer Karteninformationen erforderlich. Sollten Sie zu irgendeinem Zeitpunkt auf Schwierigkeiten sto\u00dfen, wenden Sie sich bitte an unseren Kundensupport.<\/p><\/div>\r\n\t\t\t\t\t<\/div>\r\n\t\t\t\t<\/div><\/div><\/div>\n","protected":false},"excerpt":{"rendered":"","protected":false},"author":9,"featured_media":0,"parent":771,"menu_order":0,"comment_status":"closed","ping_status":"closed","template":"templates\/template-application-platform.php","meta":{"publish_to_discourse":"","publish_post_category":"","wpdc_auto_publish_overridden":"","wpdc_topic_tags":"","wpdc_pin_topic":"","wpdc_pin_until":"","discourse_post_id":"","discourse_permalink":"","wpdc_publishing_response":"","wpdc_publishing_error":"","footnotes":""},"class_list":["post-21003","page","type-page","status-publish","hentry"],"yoast_head":"<!-- This site is optimized with the Yoast SEO plugin v25.3.1 - https:\/\/yoast.com\/wordpress\/plugins\/seo\/ -->\n<title>Twitter-Feed \u2013 Twitter-Feed mit nur wenigen Klicks zu Google Sites hinzuf\u00fcgen (2026)<\/title>\n<meta name=\"description\" content=\"F\u00fcgen Sie Ihrer Google Sites-Website eine responsive Twitter-Feed-App hinzu und erreichen Sie volles Vertrauen. Nutzen Sie die n\u00fctzliche Demo von Elfsight, um Ihr einzigartiges Feature zu erstellen.\" \/>\n<meta name=\"robots\" content=\"index, follow, max-snippet:-1, max-image-preview:large, max-video-preview:-1\" \/>\n<link rel=\"canonical\" href=\"https:\/\/elfsight.com\/de\/twitter-feed-widget\/google-sites\/\" \/>\n<meta property=\"og:locale\" content=\"de_DE\" \/>\n<meta property=\"og:type\" content=\"article\" \/>\n<meta property=\"og:title\" content=\"Twitter-Feed \u2013 Twitter-Feed mit nur wenigen Klicks zu Google Sites hinzuf\u00fcgen (2026)\" \/>\n<meta property=\"og:description\" content=\"F\u00fcgen Sie Ihrer Google Sites-Website eine responsive Twitter-Feed-App hinzu und erreichen Sie volles Vertrauen. Nutzen Sie die n\u00fctzliche Demo von Elfsight, um Ihr einzigartiges Feature zu erstellen.\" \/>\n<meta property=\"og:url\" content=\"https:\/\/elfsight.com\/de\/twitter-feed-widget\/google-sites\/\" \/>\n<meta property=\"og:site_name\" content=\"Elfsight DE\" \/>\n<meta property=\"article:modified_time\" content=\"2025-02-14T05:11:05+00:00\" \/>\n<meta name=\"twitter:card\" content=\"summary_large_image\" \/>\n<meta name=\"twitter:label1\" content=\"Gesch\u00e4tzte Lesezeit\" \/>\n\t<meta name=\"twitter:data1\" content=\"3\u00a0Minuten\" \/>\n<!-- \/ Yoast SEO plugin. -->","yoast_head_json":{"title":"Twitter-Feed \u2013 Twitter-Feed mit nur wenigen Klicks zu Google Sites hinzuf\u00fcgen (2026)","description":"F\u00fcgen Sie Ihrer Google Sites-Website eine responsive Twitter-Feed-App hinzu und erreichen Sie volles Vertrauen. Nutzen Sie die n\u00fctzliche Demo von Elfsight, um Ihr einzigartiges Feature zu erstellen.","robots":{"index":"index","follow":"follow","max-snippet":"max-snippet:-1","max-image-preview":"max-image-preview:large","max-video-preview":"max-video-preview:-1"},"canonical":"https:\/\/elfsight.com\/de\/twitter-feed-widget\/google-sites\/","og_locale":"de_DE","og_type":"article","og_title":"Twitter-Feed \u2013 Twitter-Feed mit nur wenigen Klicks zu Google Sites hinzuf\u00fcgen (2026)","og_description":"F\u00fcgen Sie Ihrer Google Sites-Website eine responsive Twitter-Feed-App hinzu und erreichen Sie volles Vertrauen. Nutzen Sie die n\u00fctzliche Demo von Elfsight, um Ihr einzigartiges Feature zu erstellen.","og_url":"https:\/\/elfsight.com\/de\/twitter-feed-widget\/google-sites\/","og_site_name":"Elfsight DE","article_modified_time":"2025-02-14T05:11:05+00:00","twitter_card":"summary_large_image","twitter_misc":{"Gesch\u00e4tzte Lesezeit":"3\u00a0Minuten"},"schema":{"@context":"https:\/\/schema.org","@graph":[{"@type":"WebPage","@id":"https:\/\/elfsight.com\/de\/twitter-feed-widget\/google-sites\/","url":"https:\/\/elfsight.com\/de\/twitter-feed-widget\/google-sites\/","name":"Twitter-Feed \u2013 Twitter-Feed mit nur wenigen Klicks zu Google Sites hinzuf\u00fcgen (2026)","isPartOf":{"@id":"https:\/\/elfsight.com\/de\/#website"},"datePublished":"2024-05-03T06:52:30+00:00","dateModified":"2025-02-14T05:11:05+00:00","description":"F\u00fcgen Sie Ihrer Google Sites-Website eine responsive Twitter-Feed-App hinzu und erreichen Sie volles Vertrauen. Nutzen Sie die n\u00fctzliche Demo von Elfsight, um Ihr einzigartiges Feature zu erstellen.","breadcrumb":{"@id":"https:\/\/elfsight.com\/de\/twitter-feed-widget\/google-sites\/#breadcrumb"},"inLanguage":"de","potentialAction":[{"@type":"ReadAction","target":["https:\/\/elfsight.com\/de\/twitter-feed-widget\/google-sites\/"]}]},{"@type":"BreadcrumbList","@id":"https:\/\/elfsight.com\/de\/twitter-feed-widget\/google-sites\/#breadcrumb","itemListElement":[{"@type":"ListItem","position":1,"name":"Home","item":"https:\/\/elfsight.com\/de\/"},{"@type":"ListItem","position":2,"name":"Twitter Feed","item":"https:\/\/elfsight.com\/de\/twitter-feed-widget\/"},{"@type":"ListItem","position":3,"name":"Twitter Feed &#8211; Google Sites"}]},{"@type":"WebSite","@id":"https:\/\/elfsight.com\/de\/#website","url":"https:\/\/elfsight.com\/de\/","name":"Elfsight DE","description":"Just another Elfsight Sites site","potentialAction":[{"@type":"SearchAction","target":{"@type":"EntryPoint","urlTemplate":"https:\/\/elfsight.com\/de\/?s={search_term_string}"},"query-input":{"@type":"PropertyValueSpecification","valueRequired":true,"valueName":"search_term_string"}}],"inLanguage":"de"}]}},"meta_box":{"industry":"","seo_heading":"","heading":"","description":"","cta_heading":"","cta_description":"","application":"472","h1":"Twitter-Feed-Widget f\u00fcr Google Sites","h1_caption":"Betten Sie Tweets von Ihrem Twitter-Konto oder per Hashtag ein, um Ihre Besucher m\u00fchelos mit Echtzeitinhalten auf Ihren Google Sites auf dem Laufenden zu halten.","application_category":[],"applications_title":"","applications_request_title":"","applications_request_button_text":"","hero_text":"","hero_video":"","hero_video_schema_markup":"","selling_points_title":"","selling_points_caption":"","selling_points":[],"selling_points_cta_text":"","features_title":"","features":"","ed_cta_examples_text":"","ed_cta_examples_hidden":"","ed_cta_demo_text":"","ed_cta_demo_hidden":"","why_caption":"","why_editor_title":"","why_editor_text":"","why_team_title":"","why_team_text":"","why_service_title":"","why_service_text":"","template_catalog_visible":"0","template_catalog_title":"","template_catalog_text":"","template_catalog_categories_visible":"","demo_title":"Erstellen Sie Ihr Twitter-Feed-Widget","demo_caption":"Konfigurieren Sie Ihren Twitter-Feed und f\u00fcgen Sie ihn kostenlos zu Ihrer Google Sites-Website hinzu!","default_faq_hidden":"","app_template_category":[],"platform":"3000","template_public_id":"","codecanyon_url":"","codecanyon_item_id":"","codecanyon_price":"","pricing_caption":"","pricing_elfsight_apps_hide_column":"","pricing_elfsight_apps_url":"","pricing_codecanyon_price_caption":"","integration_category":[],"integration_request_title":"","integration_request_cta":"","integration_platform":"","integrations":[],"platform_category":[],"video_schema_markup":"","price":"ab 0 $ \/ Monat","trial":"","benefits":[{"text":"Kostenloser Installationsservice"},{"text":"Premium-Support"},{"text":"14-t\u00e4gige R\u00fcckerstattungsgarantie"},{"text":"Regelm\u00e4\u00dfige kostenlose Verbesserungen"}],"button_url":"#demo","button_target_blank":"0","button_nofollow":"0","attributes":[{"name":"Installiert","content":"10,000 - 100,000"},{"name":"Empf\u00e4nglichkeit","content":"Ja"},{"name":"Kompatible Browser","content":"Chrome, Edge, Opera, Firefox, Safari"}],"tags":[],"tags_disable_links":"0","hide_more_platforms":"0","video_object":"","demo_hide_cta":"0","demo_hide_cloud_options":"0","pricing_title":"","pricing":[{"pricing_icon":"platform","pricing_title":"Elfsight Apps","pricing_title_caption":"Plattform\u00fcbergreifende digitale L\u00f6sung","pricing_price":"ab 0 $ \/ Monat","pricing_price_caption":"Beginnen Sie mit einem kostenlosen Plan","pricing_benefits":[{"text":"Unbegrenzte Websites"},{"text":"Professionelle und p\u00fcnktliche Unterst\u00fctzung"},{"text":"Kostenlose Installationsunterst\u00fctzung"},{"text":"Sonderangebot f\u00fcr mehrere Apps"}],"pricing_button_text":"Zur Website hinzuf\u00fcgen","pricing_button_url":"#demo"}],"related_apps_title":"","related_apps_hidden":"0","author":"","image":[],"title":"","job":"","social_networks":[]},"_links":{"self":[{"href":"https:\/\/elfsight.com\/de\/wp-json\/wp\/v2\/pages\/21003","targetHints":{"allow":["GET"]}}],"collection":[{"href":"https:\/\/elfsight.com\/de\/wp-json\/wp\/v2\/pages"}],"about":[{"href":"https:\/\/elfsight.com\/de\/wp-json\/wp\/v2\/types\/page"}],"author":[{"embeddable":true,"href":"https:\/\/elfsight.com\/de\/wp-json\/wp\/v2\/users\/9"}],"replies":[{"embeddable":true,"href":"https:\/\/elfsight.com\/de\/wp-json\/wp\/v2\/comments?post=21003"}],"version-history":[{"count":3,"href":"https:\/\/elfsight.com\/de\/wp-json\/wp\/v2\/pages\/21003\/revisions"}],"predecessor-version":[{"id":24144,"href":"https:\/\/elfsight.com\/de\/wp-json\/wp\/v2\/pages\/21003\/revisions\/24144"}],"up":[{"embeddable":true,"href":"https:\/\/elfsight.com\/de\/wp-json\/wp\/v2\/pages\/771"}],"wp:attachment":[{"href":"https:\/\/elfsight.com\/de\/wp-json\/wp\/v2\/media?parent=21003"}],"curies":[{"name":"wp","href":"https:\/\/api.w.org\/{rel}","templated":true}]}}