{"id":21002,"date":"2024-05-03T06:52:20","date_gmt":"2024-05-03T06:52:20","guid":{"rendered":"https:\/\/elfsight.com\/de\/?page_id=21002"},"modified":"2025-07-10T13:54:15","modified_gmt":"2025-07-10T13:54:15","slug":"joomla","status":"publish","type":"page","link":"https:\/\/elfsight.com\/de\/tumblr-feed-widget\/joomla\/","title":{"rendered":"Tumblr Feed &#8211; Joomla"},"content":{"rendered":"<div class=\"application-platform-content-item-description application-platform-content-item\" id=\"description\" data-nav-section=\"description\"> <h2>Beschreibung<\/h2> <p>Elfsight Tumblr Feed f\u00fcr Joomla ist eine einzigartige Erweiterung zum Entwerfen Ihres individuellen Feeds, bestehend aus den Inhalten des Tumblr-Netzwerks und Pr\u00e4sentieren Sie es direkt auf Ihrer Website. Erstellen Sie in 1-2-3 eine Galerie oder einen Beitrags-Slider! \u00dcben Sie die vollst\u00e4ndige Kontrolle \u00fcber einen demonstrierten Inhalt aus und entfernen Sie Spam und alle unerw\u00fcnschten Inhalte durch manuelle Moderation. Der vollst\u00e4ndig responsive Online-Editor bietet Ihnen viele Vorlagen zur Auswahl. <\/p> <p><b>Pr\u00e4sentieren Sie die auff\u00e4lligsten Tumblr-Inhalte, um das Interesse Ihrer Besucher aufrechtzuerhalten und mehr Menschen anzusprechen<\/b><\/p> <\/div> <div class=\"application-platform-content-item-features application-platform-content-item\" id=\"features\" data-nav-section=\"features\"> <h2>Unten sind Hauptfunktionen des Widgets: <\/h2> <ul><li>Zeigen Sie den Inhalt von Tumblr<\/li><li>Entfernen Sie Spam und unerw\u00fcnschte Inhalte mithilfe des manuellen Moderationsmodus. <\/li><li>Legen Sie die Schaltfl\u00e4che \u201eFolgen\u201c auf den Widget-Karten fest. <\/li><li>Lassen Sie Ihre Beitr\u00e4ge in einem Popup-Modus erscheinen. <\/li><\/ul><p><a href=\"#demo\">Sie k\u00f6nnen die vollst\u00e4ndigen Funktionen des Widgets in der Demo erkunden <\/a><\/p> <\/div> <div class=\"application-platform-content-item-installation  application-platform-content-item\" id=\"installation \" data-nav-section=\"installation \"> <h2>Wie kann ich Tumblr-Feed in meine Joomla-Website einbetten? <\/h2> <p>F\u00fchren Sie einfach die folgenden Schritte aus, um das Tool einzubetten. <\/p> <ol><li><b>Nutzen Sie unsere kostenlose Demo und beginnen Sie mit der Erstellung Ihrer ma\u00dfgeschneiderten Erweiterung. <\/b><br> Finden Sie das passende Layout und die Funktionsmerkmale des Plugins und wenden Sie die Korrekturen an. <\/li> <li><b>Erhalten Sie den pers\u00f6nlichen Code, der in der Box auf Elfsight Apps angezeigt wird. <\/b><br> Direkt nachdem die Einrichtung Ihres Plugins abgeschlossen ist, kopieren Sie den einzelnen Code aus dem angezeigten Popup und bewahren Sie ihn f\u00fcr die weitere Verwendung auf. <\/li> <li><b>Initiieren Sie die Nutzung des Widgets auf Ihrer Joomla-Website. <\/b><br> F\u00fcgen Sie den zuvor gespeicherten Code in Ihre Seite ein und speichern Sie die Korrekturen. <\/li> <li><b>Das Setup wurde erfolgreich abgeschlossen. <\/b><br> Besuchen Sie Ihre Website, um die Funktionsweise der Erweiterung zu sehen. <\/li><\/ol> <p>Wenn Sie Probleme haben, scheuen Sie sich nicht, unserem Support-Team zu schreiben. Unsere Spezialisten helfen Ihnen gerne bei allen Fragen rund um das Produkt weiter. <\/p> <\/div><div class=\"faq\" data-component=\"FAQ\"><div class=\"faq-item\">\r\n\t\t\t\t\t<div class=\"faq-item-question\">\r\n\t\t\t\t\t\t<h3 class=\"faq-item-question-text\">Gibt es eine M\u00f6glichkeit, Tumblr-Feeds ohne Programmierkenntnisse zu meiner Joomla-Webseite hinzuzuf\u00fcgen?<\/h3>\r\n\r\n\t\t\t\t\t\t<div class=\"faq-item-question-icon\"><\/div>\r\n\t\t\t\t\t<\/div>\r\n\r\n\t\t\t\t\t<div class=\"faq-item-answer\">\r\n\t\t\t\t\t\t<div class=\"faq-item-answer-text\"><p>Elfsight-Unternehmen bietet eine L\u00f6sung, mit der Benutzer selbst eine Tumblr-Feed-App erstellen k\u00f6nnen. Entdecken Sie die einfachen Schritte:<\/p><ul><li>Arbeiten Sie direkt im Online-Editor, um eine Tumblr-Feed-App zu erstellen, die Sie auf der Joomla-Webseite einbinden m\u00f6chten. <\/li><li>W\u00e4hlen Sie eine unserer vorgefertigten Vorlagen und passen Sie die Tumblr-Feed-Einstellungen an, \u00e4ndern Sie das Layout und die Farbe der Elemente, f\u00fcgen Sie Ihre Inhalte ohne Codierung ein.<\/li><li>Speichern Sie den Tumblr-Feed und erhalten Sie Code f\u00fcr Einbettung, die m\u00fchelos in Ihre Joomla-Homepage integriert werden kann, ohne ein kostenpflichtiges Abonnement zu kaufen.<\/li><\/ul><p>Mit unserem intuitiven Konfigurator kann jeder Webbenutzer online ein Tumblr-Feed-Plugin erstellen und es in seine Joomla-Site einbinden. Sie m\u00fcssen kein kostenpflichtiges Abonnement abschlie\u00dfen oder Ihre Kartendaten angeben, um den Dienst nutzen zu k\u00f6nnen. Sollten bei irgendeinem Schritt Probleme auftreten, k\u00f6nnen Sie sich gerne an unser Support-Team wenden.<\/p><\/div>\r\n\t\t\t\t\t<\/div>\r\n\t\t\t\t<\/div><\/div>","protected":false},"excerpt":{"rendered":"","protected":false},"author":9,"featured_media":0,"parent":4100,"menu_order":0,"comment_status":"closed","ping_status":"closed","template":"templates\/template-application-platform.php","meta":{"publish_to_discourse":"","publish_post_category":"","wpdc_auto_publish_overridden":"","wpdc_topic_tags":"","wpdc_pin_topic":"","wpdc_pin_until":"","discourse_post_id":"","discourse_permalink":"","wpdc_publishing_response":"","wpdc_publishing_error":"","footnotes":""},"class_list":["post-21002","page","type-page","status-publish","hentry"],"yoast_head":"<!-- This site is optimized with the Yoast SEO plugin v25.3.1 - https:\/\/yoast.com\/wordpress\/plugins\/seo\/ -->\n<title>Tumblr-Feed-Erweiterung zur Joomla-Website hinzuf\u00fcgen (schnell und kostenlos)<\/title>\n<meta name=\"description\" content=\"F\u00fcgen Sie die Joomla Tumblr Feed-Erweiterung auf der Seite ein. Probieren Sie die praktische Demo von Elfsight aus und \u00e4ndern Sie Ihre tolle Tumblr-Erweiterung mit ein paar Klicks\" \/>\n<meta name=\"robots\" content=\"index, follow, max-snippet:-1, max-image-preview:large, max-video-preview:-1\" \/>\n<link rel=\"canonical\" href=\"https:\/\/elfsight.com\/de\/tumblr-feed-widget\/joomla\/\" \/>\n<meta property=\"og:locale\" content=\"de_DE\" \/>\n<meta property=\"og:type\" content=\"article\" \/>\n<meta property=\"og:title\" content=\"Tumblr-Feed-Erweiterung zur Joomla-Website hinzuf\u00fcgen (schnell und kostenlos)\" \/>\n<meta property=\"og:description\" content=\"F\u00fcgen Sie die Joomla Tumblr Feed-Erweiterung auf der Seite ein. Probieren Sie die praktische Demo von Elfsight aus und \u00e4ndern Sie Ihre tolle Tumblr-Erweiterung mit ein paar Klicks\" \/>\n<meta property=\"og:url\" content=\"https:\/\/elfsight.com\/de\/tumblr-feed-widget\/joomla\/\" \/>\n<meta property=\"og:site_name\" content=\"Elfsight DE\" \/>\n<meta property=\"article:modified_time\" content=\"2025-07-10T13:54:15+00:00\" \/>\n<meta name=\"twitter:card\" content=\"summary_large_image\" \/>\n<meta name=\"twitter:label1\" content=\"Gesch\u00e4tzte Lesezeit\" \/>\n\t<meta name=\"twitter:data1\" content=\"3\u00a0Minuten\" \/>\n<!-- \/ Yoast SEO plugin. -->","yoast_head_json":{"title":"Tumblr-Feed-Erweiterung zur Joomla-Website hinzuf\u00fcgen (schnell und kostenlos)","description":"F\u00fcgen Sie die Joomla Tumblr Feed-Erweiterung auf der Seite ein. Probieren Sie die praktische Demo von Elfsight aus und \u00e4ndern Sie Ihre tolle Tumblr-Erweiterung mit ein paar Klicks","robots":{"index":"index","follow":"follow","max-snippet":"max-snippet:-1","max-image-preview":"max-image-preview:large","max-video-preview":"max-video-preview:-1"},"canonical":"https:\/\/elfsight.com\/de\/tumblr-feed-widget\/joomla\/","og_locale":"de_DE","og_type":"article","og_title":"Tumblr-Feed-Erweiterung zur Joomla-Website hinzuf\u00fcgen (schnell und kostenlos)","og_description":"F\u00fcgen Sie die Joomla Tumblr Feed-Erweiterung auf der Seite ein. Probieren Sie die praktische Demo von Elfsight aus und \u00e4ndern Sie Ihre tolle Tumblr-Erweiterung mit ein paar Klicks","og_url":"https:\/\/elfsight.com\/de\/tumblr-feed-widget\/joomla\/","og_site_name":"Elfsight DE","article_modified_time":"2025-07-10T13:54:15+00:00","twitter_card":"summary_large_image","twitter_misc":{"Gesch\u00e4tzte Lesezeit":"3\u00a0Minuten"},"schema":{"@context":"https:\/\/schema.org","@graph":[{"@type":"WebPage","@id":"https:\/\/elfsight.com\/de\/tumblr-feed-widget\/joomla\/","url":"https:\/\/elfsight.com\/de\/tumblr-feed-widget\/joomla\/","name":"Tumblr-Feed-Erweiterung zur Joomla-Website hinzuf\u00fcgen (schnell und kostenlos)","isPartOf":{"@id":"https:\/\/elfsight.com\/de\/#website"},"datePublished":"2024-05-03T06:52:20+00:00","dateModified":"2025-07-10T13:54:15+00:00","description":"F\u00fcgen Sie die Joomla Tumblr Feed-Erweiterung auf der Seite ein. Probieren Sie die praktische Demo von Elfsight aus und \u00e4ndern Sie Ihre tolle Tumblr-Erweiterung mit ein paar Klicks","breadcrumb":{"@id":"https:\/\/elfsight.com\/de\/tumblr-feed-widget\/joomla\/#breadcrumb"},"inLanguage":"de","potentialAction":[{"@type":"ReadAction","target":["https:\/\/elfsight.com\/de\/tumblr-feed-widget\/joomla\/"]}]},{"@type":"BreadcrumbList","@id":"https:\/\/elfsight.com\/de\/tumblr-feed-widget\/joomla\/#breadcrumb","itemListElement":[{"@type":"ListItem","position":1,"name":"Home","item":"https:\/\/elfsight.com\/de\/"},{"@type":"ListItem","position":2,"name":"Tumblr Feed","item":"https:\/\/elfsight.com\/de\/tumblr-feed-widget\/"},{"@type":"ListItem","position":3,"name":"Tumblr Feed &#8211; Joomla"}]},{"@type":"WebSite","@id":"https:\/\/elfsight.com\/de\/#website","url":"https:\/\/elfsight.com\/de\/","name":"Elfsight DE","description":"Just another Elfsight Sites site","potentialAction":[{"@type":"SearchAction","target":{"@type":"EntryPoint","urlTemplate":"https:\/\/elfsight.com\/de\/?s={search_term_string}"},"query-input":{"@type":"PropertyValueSpecification","valueRequired":true,"valueName":"search_term_string"}}],"inLanguage":"de"}]}},"meta_box":{"industry":"","seo_heading":"","heading":"","description":"","cta_heading":"","cta_description":"","application":"4099","h1":"Joomla Tumblr Feed-Erweiterung","h1_caption":"Zeigen Sie Beitr\u00e4ge aus Ihrem Tumblr-Blog auf Ihrer Website an, um Besucher m\u00fchelos \u00fcber Ihre neuesten Inhalte auf Ihrer Joomla-Website auf dem Laufenden zu halten.","application_category":[],"applications_title":"","applications_request_title":"","applications_request_button_text":"","hero_text":"","hero_video":"","hero_video_schema_markup":"","selling_points_title":"","selling_points_caption":"","selling_points":[],"selling_points_cta_text":"","features_title":"","features":"","ed_cta_examples_text":"","ed_cta_examples_hidden":"","ed_cta_demo_text":"","ed_cta_demo_hidden":"","why_caption":"","why_editor_title":"","why_editor_text":"","why_team_title":"","why_team_text":"","why_service_title":"","why_service_text":"","template_catalog_visible":"","template_catalog_title":"","template_catalog_text":"","template_catalog_categories_visible":"","demo_title":"Erstellen Sie Ihr Tumblr-Feed-Plugin","demo_caption":"Konfigurieren Sie Ihren Tumblr-Feed und f\u00fcgen Sie ihn kostenlos zu Ihrer Joomla-Website hinzu!","default_faq_hidden":"","app_template_category":[],"platform":"259","template_public_id":"","codecanyon_url":"","codecanyon_item_id":"","codecanyon_price":"","pricing_caption":"","pricing_elfsight_apps_hide_column":"","pricing_elfsight_apps_url":"","pricing_codecanyon_price_caption":"","integration_category":[],"integration_request_title":"","integration_request_cta":"","integration_platform":"","integrations":[],"platform_category":[],"video_schema_markup":"","price":"ab 0 $ \/ Monat","trial":"","benefits":[{"text":"Kostenloser Installationsservice"},{"text":"Erfahrener Kundensupport"},{"text":"14-t\u00e4gige Geld-zur\u00fcck-Garantie"},{"text":"St\u00e4ndige Aktualisierung"}],"button_url":"#demo","button_target_blank":"","button_nofollow":"","attributes":[{"name":"Installiert","content":"10,000 - 100,000"},{"name":"Reaktionsfreudig","content":"Ja"},{"name":"Kompatible Browser","content":"Firefox, Safari, Opera, Chrome, Edge"}],"tags":[],"tags_disable_links":"","hide_more_platforms":"","video_object":"","demo_hide_cta":"","demo_hide_cloud_options":"","pricing_title":"","pricing":[{"pricing_icon":"platform","pricing_title":"Elfsight Apps","pricing_title_caption":"Plattformunabh\u00e4ngige L\u00f6sung, die f\u00fcr jede Site geeignet ist","pricing_price":"ab 0 $ \/ Monat","pricing_price_caption":"Beginnen Sie mit einem kostenlosen Plan","pricing_benefits":[{"text":"Unbegrenzte Domains"},{"text":"Erstklassiger und p\u00fcnktlicher Support und gut dokumentiert"},{"text":"Kostenlose Installationsunterst\u00fctzung"},{"text":"100 % anpassbar"}],"pricing_button_text":"Zur Website hinzuf\u00fcgen","pricing_button_url":"#demo"}],"related_apps_title":"","related_apps_hidden":"","author":"","image":[],"title":"","job":"","social_networks":[]},"_links":{"self":[{"href":"https:\/\/elfsight.com\/de\/wp-json\/wp\/v2\/pages\/21002","targetHints":{"allow":["GET"]}}],"collection":[{"href":"https:\/\/elfsight.com\/de\/wp-json\/wp\/v2\/pages"}],"about":[{"href":"https:\/\/elfsight.com\/de\/wp-json\/wp\/v2\/types\/page"}],"author":[{"embeddable":true,"href":"https:\/\/elfsight.com\/de\/wp-json\/wp\/v2\/users\/9"}],"replies":[{"embeddable":true,"href":"https:\/\/elfsight.com\/de\/wp-json\/wp\/v2\/comments?post=21002"}],"version-history":[{"count":2,"href":"https:\/\/elfsight.com\/de\/wp-json\/wp\/v2\/pages\/21002\/revisions"}],"predecessor-version":[{"id":22110,"href":"https:\/\/elfsight.com\/de\/wp-json\/wp\/v2\/pages\/21002\/revisions\/22110"}],"up":[{"embeddable":true,"href":"https:\/\/elfsight.com\/de\/wp-json\/wp\/v2\/pages\/4100"}],"wp:attachment":[{"href":"https:\/\/elfsight.com\/de\/wp-json\/wp\/v2\/media?parent=21002"}],"curies":[{"name":"wp","href":"https:\/\/api.w.org\/{rel}","templated":true}]}}