{"id":20995,"date":"2024-05-03T06:51:50","date_gmt":"2024-05-03T06:51:50","guid":{"rendered":"https:\/\/elfsight.com\/de\/?page_id=20995"},"modified":"2025-02-18T14:43:34","modified_gmt":"2025-02-18T14:43:34","slug":"weebly","status":"publish","type":"page","link":"https:\/\/elfsight.com\/de\/tripadvisor-reviews-widget\/weebly\/","title":{"rendered":"Tripadvisor Reviews &#8211; Weebly"},"content":{"rendered":"\n<div class=\"application-platform-content-item-description application-platform-content-item\" id=\"description\" data-nav-section=\"description\"> <h2>Beschreibung<\/h2> <p>Elfsight Tripadvisor Reviews ist ein einfaches Widget, mit dem Sie auf Ihrer Website Bewertungen von Benutzern zu Ihren Angeboten ver\u00f6ffentlichen k\u00f6nnen von Tripadvisor. Mit unserem Widget k\u00f6nnen Sie Filter anwenden, um unerw\u00fcnschte Bewertungen auszublenden, Ihre Sterne- und Zahlenbewertungen von Tripadvisor anzuzeigen, Details zu den Autoren bereitzustellen und eine Schaltfl\u00e4che anzuzeigen, die Besuchern hilft, ihre Bewertung auf Tripadvisor zu ver\u00f6ffentlichen. Mit dem Tripadvisor-Bewertungs-Widget von Elfsight k\u00f6nnen Sie Ihren perfekten Social Proof auf Ihrer Website zeigen und neue Verk\u00e4ufe anlocken. <\/p><div class=\"faq\" data-component=\"FAQ\"> <div class=\"faq-item\">\r\n\t\t\t\t\t<div class=\"faq-item-question\">\r\n\t\t\t\t\t\t<h3 class=\"faq-item-question-text\">Wo kann ich es einbetten<\/h3>\r\n\r\n\t\t\t\t\t\t<div class=\"faq-item-question-icon\"><\/div>\r\n\t\t\t\t\t<\/div>\r\n\r\n\t\t\t\t\t<div class=\"faq-item-answer\">\r\n\t\t\t\t\t\t<div class=\"faq-item-answer-text\"> <p>Es steht Ihnen frei, das Bewertungs-Widget zu jeder Seite der Website hinzuzuf\u00fcgen oder es in die Website-Vorlage einzuf\u00fcgen. In diesem Fall ist dies der Fall erscheinen auf allen Seiten. Bewertungen sind auf Produktseiten oder auf der Seite \u201e\u00dcber uns\u201c wirksam, wo Sie Ihre hohe Wertsch\u00e4tzung zum Ausdruck bringen m\u00fcssen. <\/p><\/div>\r\n\t\t\t\t\t<\/div>\r\n\t\t\t\t<\/div> <div class=\"faq-item\">\r\n\t\t\t\t\t<div class=\"faq-item-question\">\r\n\t\t\t\t\t\t<h3 class=\"faq-item-question-text\">Was sind die Vorteile des Widgets f\u00fcr mich? <\/h3>\r\n\r\n\t\t\t\t\t\t<div class=\"faq-item-question-icon\"><\/div>\r\n\t\t\t\t\t<\/div>\r\n\r\n\t\t\t\t\t<div class=\"faq-item-answer\">\r\n\t\t\t\t\t\t<div class=\"faq-item-answer-text\"> <p>Bewertungen, die von echten Menschen gepostet werden, sind f\u00fcr Ihre Website-Kunden \u00e4u\u00dferst vertrauensw\u00fcrdig und zeigen ihnen, dass Ihr Unternehmen erfolgreich sein kann Vertrauensw\u00fcrdige. Eine hohe Bewertung und positive Eindr\u00fccke k\u00f6nnen dazu beitragen, die Kaufrate auf Ihrer Website zu steigern. Dar\u00fcber hinaus kann die aktive Schaltfl\u00e4che dazu beitragen, die Anzahl der Kundenbewertungen zu Ihren Angeboten oder Dienstleistungen auf Tripadvisor zu erh\u00f6hen. <\/p> <\/div>\r\n\t\t\t\t\t<\/div>\r\n\t\t\t\t<\/div> <div class=\"faq-item\">\r\n\t\t\t\t\t<div class=\"faq-item-question\">\r\n\t\t\t\t\t\t<h3 class=\"faq-item-question-text\">Wie bette ich Bewertungen vom Tripadvisor-Widget auf meiner Weebly-Website ein? <\/h3>\r\n\r\n\t\t\t\t\t\t<div class=\"faq-item-question-icon\"><\/div>\r\n\t\t\t\t\t<\/div>\r\n\r\n\t\t\t\t\t<div class=\"faq-item-answer\">\r\n\t\t\t\t\t\t<div class=\"faq-item-answer-text\"> <p>Es dauert nur ein paar Minuten, um mit der Verwendung des Widgets zu beginnen. Das Hinzuf\u00fcgen erfolgt sehr schnell, kostenlos und ohne Programmierung. <\/p> <p>Das Widget kann \u00fcber unseren Service oder \u00fcber den Marktplatz eingerichtet werden. Sie k\u00f6nnen sich weitere Details zu beiden Varianten ansehen und eine passendere Variante ausw\u00e4hlen. <\/p><\/div>\r\n\t\t\t\t\t<\/div>\r\n\t\t\t\t<\/div> <\/div> <\/div> <div class=\"application-platform-content-item-features application-platform-content-item\" id=\"features\" data-nav-section=\"features\"> <h2>Funktionen<\/h2> <p>Um eine klarere Vorstellung vom Widget zu bekommen, sehen Sie sich die Liste an die Hauptmerkmale. Sie machen das Widget f\u00fcr Sie unglaublich n\u00fctzlich: <\/p> <ul> <li>Drei Arten von Filtern: nach Typ, Ausschlie\u00dfen nach und Anzahl der anzuzeigenden Bewertungen; <\/li> <li>4 verf\u00fcgbare Layoutoptionen: Liste, Raster, Mauerwerk und Schieberegler; <\/li> <li> Vollst\u00e4ndig flexibler Header des Widgets; <\/li> <li>Mit der Schaltfl\u00e4che \u201eBewertungsanfrage\u201c gelangen Kunden auf Ihre Tripadvisor-Seite. <\/li> <li>Sechs anpassbare Elemente der Bewertungen: Name und Bild des Autors, Empfehlung, Datum, Tripadvisor-Symbol und Sternebewertung; <\/li> <li>Zwei Varianten von Szenarios f\u00fcr die Ablehnung einer \u00dcberpr\u00fcfungsanfrage: Anzeigen einer benutzerdefinierten Nachricht oder Ausblenden der Schaltfl\u00e4che. <\/li> <\/ul><p><a href=\"#demo\">Weitere Funktionen finden Sie in unserer Demo<\/a><\/p> <\/div> <div class=\"application-platform-content-item-installation application-platform-content-item\" id=\"installation\" data-nav-section=\"installation\"> <h2>So platzieren Sie die Tripadvisor-Bewertungen in Ihrem Weebly-Shop. Es ist unglaublich einfach und dauert nur ein paar Minuten.<\/h2> <div class=\"video-container\"><iframe width=\"560\" height=\"315\" src=\"https:\/\/www.youtube.com\/embed\/V0E962WDPUc?si=uOXDmWOZ_78uRZUy\" frameborder=\"0\" allow=\"accelerometer; autoplay; clipboard-write; encrypted-media; gyroscope; picture-in-picture; web-share\" allowfullscreen><\/iframe><\/div><p>Die folgenden Schritte sind das Einzige, was Sie tun m\u00fcssen, um das Widget anzuzeigen. <\/p> <ol><li><b>\u00d6ffnen Sie unseren kostenlosen Editor und beginnen Sie mit der Erstellung Ihrer ma\u00dfgeschneiderten App. <\/b><br> Geben Sie das benutzerdefinierte Formular und die Aspekte der App an und speichern Sie alle Korrekturen. <\/li> <li><b>Erhalten Sie den eindeutigen Code, der im Feld auf Elfsight Apps angezeigt wird. <\/b><br> Wenn die Konfiguration Ihrer App abgeschlossen ist, kopieren Sie den einzelnen Code aus dem angezeigten Fenster und speichern Sie ihn f\u00fcr einen sp\u00e4teren Anlass. <\/li> <li><b>Beginnen Sie mit der Nutzung der App auf Ihrer Weebly-Website. <\/b><br> Platzieren Sie den zuvor kopierten Code auf Ihrer Webseite und \u00fcbernehmen Sie die Anpassungen. <\/li> <li><b>Die Installation ist vollst\u00e4ndig abgeschlossen. <\/b><br> Besuchen Sie Ihre Webseite, um die Arbeit der App in Aktion zu sehen. <\/li><\/ol><p>Sie k\u00f6nnen sich immer noch nicht entscheiden? Oder Probleme haben? Senden Sie einfach eine Anfrage an unseren Kundenservice, der Ihnen bei jedem Problem weiterhilft. <\/p> <\/div>\n","protected":false},"excerpt":{"rendered":"","protected":false},"author":9,"featured_media":0,"parent":1492,"menu_order":0,"comment_status":"closed","ping_status":"closed","template":"templates\/template-application-platform.php","meta":{"publish_to_discourse":"","publish_post_category":"","wpdc_auto_publish_overridden":"","wpdc_topic_tags":"","wpdc_pin_topic":"","wpdc_pin_until":"","discourse_post_id":"","discourse_permalink":"","wpdc_publishing_response":"","wpdc_publishing_error":"","footnotes":""},"class_list":["post-20995","page","type-page","status-publish","hentry"],"yoast_head":"<!-- This site is optimized with the Yoast SEO plugin v25.3.1 - https:\/\/yoast.com\/wordpress\/plugins\/seo\/ -->\n<title>Einbetten der Tripadvisor-Bewertungen-App in Ihre Weebly-Website (2025)<\/title>\n<meta name=\"description\" content=\"Gestalten Sie mit Elfsight Ihre Tripadvisor-Bewertungen-App und zeigen Sie sie schnell auf Ihrer Weebly-Website an. Wir bieten kostenlosen Kundensupport und weitere Boni.\" \/>\n<meta name=\"robots\" content=\"index, follow, max-snippet:-1, max-image-preview:large, max-video-preview:-1\" \/>\n<link rel=\"canonical\" href=\"https:\/\/elfsight.com\/de\/tripadvisor-reviews-widget\/weebly\/\" \/>\n<meta property=\"og:locale\" content=\"de_DE\" \/>\n<meta property=\"og:type\" content=\"article\" \/>\n<meta property=\"og:title\" content=\"Einbetten der Tripadvisor-Bewertungen-App in Ihre Weebly-Website (2025)\" \/>\n<meta property=\"og:description\" content=\"Gestalten Sie mit Elfsight Ihre Tripadvisor-Bewertungen-App und zeigen Sie sie schnell auf Ihrer Weebly-Website an. Wir bieten kostenlosen Kundensupport und weitere Boni.\" \/>\n<meta property=\"og:url\" content=\"https:\/\/elfsight.com\/de\/tripadvisor-reviews-widget\/weebly\/\" \/>\n<meta property=\"og:site_name\" content=\"Elfsight DE\" \/>\n<meta property=\"article:modified_time\" content=\"2025-02-18T14:43:34+00:00\" \/>\n<meta name=\"twitter:card\" content=\"summary_large_image\" \/>\n<meta name=\"twitter:label1\" content=\"Gesch\u00e4tzte Lesezeit\" \/>\n\t<meta name=\"twitter:data1\" content=\"4\u00a0Minuten\" \/>\n<!-- \/ Yoast SEO plugin. -->","yoast_head_json":{"title":"Einbetten der Tripadvisor-Bewertungen-App in Ihre Weebly-Website (2025)","description":"Gestalten Sie mit Elfsight Ihre Tripadvisor-Bewertungen-App und zeigen Sie sie schnell auf Ihrer Weebly-Website an. Wir bieten kostenlosen Kundensupport und weitere Boni.","robots":{"index":"index","follow":"follow","max-snippet":"max-snippet:-1","max-image-preview":"max-image-preview:large","max-video-preview":"max-video-preview:-1"},"canonical":"https:\/\/elfsight.com\/de\/tripadvisor-reviews-widget\/weebly\/","og_locale":"de_DE","og_type":"article","og_title":"Einbetten der Tripadvisor-Bewertungen-App in Ihre Weebly-Website (2025)","og_description":"Gestalten Sie mit Elfsight Ihre Tripadvisor-Bewertungen-App und zeigen Sie sie schnell auf Ihrer Weebly-Website an. Wir bieten kostenlosen Kundensupport und weitere Boni.","og_url":"https:\/\/elfsight.com\/de\/tripadvisor-reviews-widget\/weebly\/","og_site_name":"Elfsight DE","article_modified_time":"2025-02-18T14:43:34+00:00","twitter_card":"summary_large_image","twitter_misc":{"Gesch\u00e4tzte Lesezeit":"4\u00a0Minuten"},"schema":{"@context":"https:\/\/schema.org","@graph":[{"@type":"WebPage","@id":"https:\/\/elfsight.com\/de\/tripadvisor-reviews-widget\/weebly\/","url":"https:\/\/elfsight.com\/de\/tripadvisor-reviews-widget\/weebly\/","name":"Einbetten der Tripadvisor-Bewertungen-App in Ihre Weebly-Website (2025)","isPartOf":{"@id":"https:\/\/elfsight.com\/de\/#website"},"datePublished":"2024-05-03T06:51:50+00:00","dateModified":"2025-02-18T14:43:34+00:00","description":"Gestalten Sie mit Elfsight Ihre Tripadvisor-Bewertungen-App und zeigen Sie sie schnell auf Ihrer Weebly-Website an. Wir bieten kostenlosen Kundensupport und weitere Boni.","breadcrumb":{"@id":"https:\/\/elfsight.com\/de\/tripadvisor-reviews-widget\/weebly\/#breadcrumb"},"inLanguage":"de","potentialAction":[{"@type":"ReadAction","target":["https:\/\/elfsight.com\/de\/tripadvisor-reviews-widget\/weebly\/"]}]},{"@type":"BreadcrumbList","@id":"https:\/\/elfsight.com\/de\/tripadvisor-reviews-widget\/weebly\/#breadcrumb","itemListElement":[{"@type":"ListItem","position":1,"name":"Home","item":"https:\/\/elfsight.com\/de\/"},{"@type":"ListItem","position":2,"name":"Tripadvisor Reviews","item":"https:\/\/elfsight.com\/de\/tripadvisor-reviews-widget\/"},{"@type":"ListItem","position":3,"name":"Tripadvisor Reviews &#8211; Weebly"}]},{"@type":"WebSite","@id":"https:\/\/elfsight.com\/de\/#website","url":"https:\/\/elfsight.com\/de\/","name":"Elfsight DE","description":"Just another Elfsight Sites site","potentialAction":[{"@type":"SearchAction","target":{"@type":"EntryPoint","urlTemplate":"https:\/\/elfsight.com\/de\/?s={search_term_string}"},"query-input":{"@type":"PropertyValueSpecification","valueRequired":true,"valueName":"search_term_string"}}],"inLanguage":"de"}]}},"meta_box":{"industry":"","seo_heading":"","heading":"","description":"","cta_heading":"","cta_description":"","application":"482","h1":"Weebly Tripadvisor-Bewertungen-App","h1_caption":"F\u00fcgen Sie die verlockendsten Nutzerbewertungen von Tripadvisor auf Ihrer Website hinzu","application_category":[],"applications_title":"","applications_request_title":"","applications_request_button_text":"","hero_text":"","hero_video":"","hero_video_schema_markup":"","selling_points_title":"","selling_points_caption":"","selling_points":[],"selling_points_cta_text":"","features_title":"","features":"","ed_cta_examples_text":"","ed_cta_examples_hidden":"","ed_cta_demo_text":"","ed_cta_demo_hidden":"","why_caption":"","why_editor_title":"","why_editor_text":"","why_team_title":"","why_team_text":"","why_service_title":"","why_service_text":"","template_catalog_visible":"0","template_catalog_title":"","template_catalog_text":"","template_catalog_categories_visible":"","demo_title":"Erstellen Sie Ihre Tripadvisor-Bewertungen-App","demo_caption":"Konfigurieren Sie Ihre Tripadvisor-Bewertungen und f\u00fcgen Sie sie kostenlos zu Ihrer Weebly-Website hinzu!","default_faq_hidden":"","app_template_category":[],"platform":"249","template_public_id":"","codecanyon_url":"","codecanyon_item_id":"","codecanyon_price":"","pricing_caption":"","pricing_elfsight_apps_hide_column":"","pricing_elfsight_apps_url":"","pricing_codecanyon_price_caption":"","integration_category":[],"integration_request_title":"","integration_request_cta":"","integration_platform":"","integrations":[],"platform_category":[],"video_schema_markup":"","price":"ab 0 $ \/ Monat","trial":"","benefits":[{"text":"Kostenlose Installationsunterst\u00fctzung"},{"text":"Erfahrener Kundensupport"},{"text":"14-t\u00e4gige R\u00fcckerstattungsgarantie"},{"text":"Regelm\u00e4\u00dfige Verbesserungen"}],"button_url":"#demo","button_target_blank":"0","button_nofollow":"0","attributes":[{"name":"Installiert","content":"10,000 - 100,000"},{"name":"Reaktionsfreudig","content":"Ja"},{"name":"Kompatible Browser","content":"Firefox, Safari, Opera, Chrome, Edge"}],"tags":[],"tags_disable_links":"0","hide_more_platforms":"0","video_object":"","demo_hide_cta":"0","demo_hide_cloud_options":"0","pricing_title":"","pricing":[{"pricing_icon":"platform","pricing_title":"Elfsight Apps","pricing_title_caption":"Plattform\u00fcbergreifende digitale L\u00f6sung","pricing_price":"ab 0 $ \/ Monat","pricing_price_caption":"Beginnen Sie mit einem kostenlosen Plan","pricing_benefits":[{"text":"Unbegrenzte Websites"},{"text":"Schneller Kundensupport und gut dokumentiert"},{"text":"Kostenlose Installationsunterst\u00fctzung"},{"text":"Flexibles Design"}],"pricing_button_text":"Zur Website hinzuf\u00fcgen","pricing_button_url":"#demo"}],"related_apps_title":"","related_apps_hidden":"0","author":"","image":[],"title":"","job":"","social_networks":[]},"_links":{"self":[{"href":"https:\/\/elfsight.com\/de\/wp-json\/wp\/v2\/pages\/20995","targetHints":{"allow":["GET"]}}],"collection":[{"href":"https:\/\/elfsight.com\/de\/wp-json\/wp\/v2\/pages"}],"about":[{"href":"https:\/\/elfsight.com\/de\/wp-json\/wp\/v2\/types\/page"}],"author":[{"embeddable":true,"href":"https:\/\/elfsight.com\/de\/wp-json\/wp\/v2\/users\/9"}],"replies":[{"embeddable":true,"href":"https:\/\/elfsight.com\/de\/wp-json\/wp\/v2\/comments?post=20995"}],"version-history":[{"count":3,"href":"https:\/\/elfsight.com\/de\/wp-json\/wp\/v2\/pages\/20995\/revisions"}],"predecessor-version":[{"id":24355,"href":"https:\/\/elfsight.com\/de\/wp-json\/wp\/v2\/pages\/20995\/revisions\/24355"}],"up":[{"embeddable":true,"href":"https:\/\/elfsight.com\/de\/wp-json\/wp\/v2\/pages\/1492"}],"wp:attachment":[{"href":"https:\/\/elfsight.com\/de\/wp-json\/wp\/v2\/media?parent=20995"}],"curies":[{"name":"wp","href":"https:\/\/api.w.org\/{rel}","templated":true}]}}