{"id":20994,"date":"2024-05-03T06:51:40","date_gmt":"2024-05-03T06:51:40","guid":{"rendered":"https:\/\/elfsight.com\/de\/?page_id=20994"},"modified":"2025-07-10T08:39:36","modified_gmt":"2025-07-10T08:39:36","slug":"woocommerce","status":"publish","type":"page","link":"https:\/\/elfsight.com\/de\/tripadvisor-reviews-widget\/woocommerce\/","title":{"rendered":"Reviews for Tripadvisor &#8211; WooCommerce"},"content":{"rendered":"<div class=\"application-platform-content-item-description application-platform-content-item\" id=\"description\" data-nav-section=\"description\"><h2>Beschreibung<\/h2><p>Wenn Sie nach einer M\u00f6glichkeit suchen, Ihre hohe Bewertung nachzuweisen und Website-Besucher von Ihren Produkten oder Dienstleistungen zu \u00fcberzeugen Da die Yelp-Bewertungen von Elfsight ein gutes Preis-Leistungs-Verh\u00e4ltnis bieten, passen sie perfekt zu Ihnen. Mit diesem Widget k\u00f6nnen Sie Kundenbewertungen von Yelp mit Informationen zu ihren Autoren auf Ihrer Website platzieren, sie filtern, um nur die besten anzuzeigen, Bewertungen anzeigen und eine Weiterleitungsschaltfl\u00e4che einrichten, die Benutzer auf Ihre Yelp-Seite leitet, damit sie dies tun k\u00f6nnen Teilen Sie ihre Bewertung. <\/p><p><b>Erzielen Sie mit Elfsgiht Tripadvisor-Bewertungen eine starke Gesch\u00e4ftsentwicklung und h\u00f6here Ums\u00e4tze<\/b><\/p><\/div> <div class=\"application-platform-content-item-features application-platform-content-item\" id=\"features\" data-nav-section=\"features\"><h2>Wir bieten leistungsstarke und schnelle Angebote Funktionen, sehen Sie sich einige davon an:<\/h2><ul><li>3 vordefinierte Filter: nach Typ, Ausschlie\u00dfen nach und Anzahl der anzuzeigenden Bewertungen; <\/li><li>4 vordefinierte Layouts: Liste, Raster, Mauerwerk und Schieberegler; <\/li><li>Eine Option zum Steuern der Anzeige der Kopfzeile des Widgets; <\/li><li>Die aktive Schaltfl\u00e4che zum Hinzuf\u00fcgen einer Bewertung f\u00fchrt Benutzer zur Tripadvisor-Seite. <\/li><li>6 anpassbare Elemente der Benutzeroberfl\u00e4che: Name und Foto des Autors, Empfehlungstext, Datum der Ver\u00f6ffentlichung, Yelp-Symbol und Sternebewertung; <\/li><li>Zwei Varianten von Szenarios f\u00fcr die Ablehnung einer \u00dcberpr\u00fcfungsanfrage: Zeigen Sie Ihre Nachricht an oder verbergen Sie die Schaltfl\u00e4che. <\/li><\/ul><p><a href=\"#demo\">Untersuchen Sie alle Einstellungen in der Demo mit vollem Funktionsumfang<\/a><\/p><\/div><div class=\"application-platform-content-item-installation application-platform-content-item\" id=\"installation\" data-nav-section=\"installation\"><h2>Wie kann ich Bewertungen f\u00fcr Tripadvisor zu meiner WooCommerce-Webseite hinzuf\u00fcgen?<\/h2><p>F\u00fchren Sie einfach die folgenden Richtlinien aus, um mit der Verwendung des Tools zu beginnen.<\/p><ol><li><b>Starten unseres kostenlosen Editors und beginnen Sie mit der Gestaltung Ihres individuellen Instruments.<\/b><br>W\u00e4hlen Sie die bevorzugte Form und die Funktionsmerkmale des Werkzeugs und speichern Sie die \u00c4nderungen.<\/li><li><b>Lassen Sie sich Ihren einzigartigen Code in der speziellen Form auf Elfsight offenbaren Apps.<\/b><br>Nachdem die Konfiguration Ihres pers\u00f6nlichen Plugins abgeschlossen ist, kopieren Sie den pers\u00f6nlichen Code im erscheinenden Popup und speichern Sie ihn zur weiteren Verwendung.<\/li><li><b>Beginnen Sie mit der Verwendung des Plugins auf Ihrem WooCommerce-Webseite.<\/b><br>Geben Sie den zuvor gespeicherten Code auf Ihrer Seite ein und \u00fcbernehmen Sie die Anpassungen.<\/li><li><b>Fertig! Die Einrichtung ist vollst\u00e4ndig abgeschlossen.<\/b><br>Besuchen Sie Ihre Website, um die Arbeit des Widgets zu sehen.<\/li><\/ol><p>Wenn Sie Anfragen bearbeiten oder auf Schwierigkeiten sto\u00dfen, z\u00f6gern Sie nicht, dies zu tun Nehmen Sie Kontakt mit unserem Kundenservice-Team auf. Unsere Mitarbeiter werden sich freuen, alle Schwierigkeiten zu l\u00f6sen, die Sie m\u00f6glicherweise mit dem Plugin haben.<\/p><div class=\"faq\" data-component=\"FAQ\"> <div class=\"faq-item\">\r\n\t\t\t\t\t<div class=\"faq-item-question\">\r\n\t\t\t\t\t\t<h3 class=\"faq-item-question-text\">Wie kann ich ohne Programmierkenntnisse Bewertungen f\u00fcr Tripadvisor zu meiner WooCommerce-Website hinzuf\u00fcgen?<\/h3>\r\n\r\n\t\t\t\t\t\t<div class=\"faq-item-question-icon\"><\/div>\r\n\t\t\t\t\t<\/div>\r\n\r\n\t\t\t\t\t<div class=\"faq-item-answer\">\r\n\t\t\t\t\t\t<div class=\"faq-item-answer-text\"> <p>Elfsight bietet eine SaaS-L\u00f6sung, mit der Sie selbst ein Widget \u201eBewertungen f\u00fcr Tripadvisor\u201c erstellen k\u00f6nnen. Sehen Sie, wie einfach der Vorgang ist: Arbeiten Sie direkt im Online-Editor, um ein Widget \u201eBewertungen f\u00fcr Tripadvisor\u201c zu erstellen, das Sie gerne auf Ihrer WooCommerce-Website sehen w\u00fcrden. W\u00e4hlen Sie eine der vorgefertigten Vorlagen aus und passen Sie die Bewertungen f\u00fcr Tripadvisor-Einstellungen an, f\u00fcgen Sie Ihre Inhalte hinzu, \u00e4ndern Sie das Layout und das Farbschema ohne Programmierkenntnisse. Speichern Sie die Bewertungen f\u00fcr Tripadvisor und kopieren Sie den Installationscode, den Sie problemlos in Ihre WooCommerce-Website integrieren k\u00f6nnen, ohne einen kostenpflichtigen Plan zu kaufen. Mit unserem intuitiven Editor kann jeder Internetnutzer online Bewertungen f\u00fcr das Tripadvisor-Widget erstellen und es einfach in seine WooCommerce-Website einbetten. Sie m\u00fcssen weder bezahlen noch Ihre Kartendaten eingeben, um auf den Service zuzugreifen. Sollten bei irgendeinem Schritt Probleme auftreten, wenden Sie sich bitte an unser technisches Support-Team.<\/p> <\/div>\r\n\t\t\t\t\t<\/div>\r\n\t\t\t\t<\/div> <\/div> <\/div>","protected":false},"excerpt":{"rendered":"","protected":false},"author":9,"featured_media":0,"parent":1492,"menu_order":0,"comment_status":"closed","ping_status":"closed","template":"templates\/template-application-platform.php","meta":{"publish_to_discourse":"","publish_post_category":"","wpdc_auto_publish_overridden":"","wpdc_topic_tags":"","wpdc_pin_topic":"","wpdc_pin_until":"","discourse_post_id":"","discourse_permalink":"","wpdc_publishing_response":"","wpdc_publishing_error":"","footnotes":""},"class_list":["post-20994","page","type-page","status-publish","hentry"],"yoast_head":"<!-- This site is optimized with the Yoast SEO plugin v25.3.1 - https:\/\/yoast.com\/wordpress\/plugins\/seo\/ -->\n<title>WooCommerce Reviews-Plugin f\u00fcr Tripadvisor f\u00fcr Ihre Website (2025)<\/title>\n<meta name=\"description\" content=\"Nutzen Sie die Chance, das Bewertungs-Plugin f\u00fcr Tripadvisor anzupassen! mit ein paar Klicks und integrieren Sie es direkt aus der Live-Demo in Ihre WooCommerce-Website.\" \/>\n<meta name=\"robots\" content=\"index, follow, max-snippet:-1, max-image-preview:large, max-video-preview:-1\" \/>\n<link rel=\"canonical\" href=\"https:\/\/elfsight.com\/de\/tripadvisor-reviews-widget\/woocommerce\/\" \/>\n<meta property=\"og:locale\" content=\"de_DE\" \/>\n<meta property=\"og:type\" content=\"article\" \/>\n<meta property=\"og:title\" content=\"WooCommerce Reviews-Plugin f\u00fcr Tripadvisor f\u00fcr Ihre Website (2025)\" \/>\n<meta property=\"og:description\" content=\"Nutzen Sie die Chance, das Bewertungs-Plugin f\u00fcr Tripadvisor anzupassen! mit ein paar Klicks und integrieren Sie es direkt aus der Live-Demo in Ihre WooCommerce-Website.\" \/>\n<meta property=\"og:url\" content=\"https:\/\/elfsight.com\/de\/tripadvisor-reviews-widget\/woocommerce\/\" \/>\n<meta property=\"og:site_name\" content=\"Elfsight DE\" \/>\n<meta property=\"article:modified_time\" content=\"2025-07-10T08:39:36+00:00\" \/>\n<meta name=\"twitter:card\" content=\"summary_large_image\" \/>\n<meta name=\"twitter:label1\" content=\"Gesch\u00e4tzte Lesezeit\" \/>\n\t<meta name=\"twitter:data1\" content=\"3\u00a0Minuten\" \/>\n<!-- \/ Yoast SEO plugin. -->","yoast_head_json":{"title":"WooCommerce Reviews-Plugin f\u00fcr Tripadvisor f\u00fcr Ihre Website (2025)","description":"Nutzen Sie die Chance, das Bewertungs-Plugin f\u00fcr Tripadvisor anzupassen! mit ein paar Klicks und integrieren Sie es direkt aus der Live-Demo in Ihre WooCommerce-Website.","robots":{"index":"index","follow":"follow","max-snippet":"max-snippet:-1","max-image-preview":"max-image-preview:large","max-video-preview":"max-video-preview:-1"},"canonical":"https:\/\/elfsight.com\/de\/tripadvisor-reviews-widget\/woocommerce\/","og_locale":"de_DE","og_type":"article","og_title":"WooCommerce Reviews-Plugin f\u00fcr Tripadvisor f\u00fcr Ihre Website (2025)","og_description":"Nutzen Sie die Chance, das Bewertungs-Plugin f\u00fcr Tripadvisor anzupassen! mit ein paar Klicks und integrieren Sie es direkt aus der Live-Demo in Ihre WooCommerce-Website.","og_url":"https:\/\/elfsight.com\/de\/tripadvisor-reviews-widget\/woocommerce\/","og_site_name":"Elfsight DE","article_modified_time":"2025-07-10T08:39:36+00:00","twitter_card":"summary_large_image","twitter_misc":{"Gesch\u00e4tzte Lesezeit":"3\u00a0Minuten"},"schema":{"@context":"https:\/\/schema.org","@graph":[{"@type":"WebPage","@id":"https:\/\/elfsight.com\/de\/tripadvisor-reviews-widget\/woocommerce\/","url":"https:\/\/elfsight.com\/de\/tripadvisor-reviews-widget\/woocommerce\/","name":"WooCommerce Reviews-Plugin f\u00fcr Tripadvisor f\u00fcr Ihre Website (2025)","isPartOf":{"@id":"https:\/\/elfsight.com\/de\/#website"},"datePublished":"2024-05-03T06:51:40+00:00","dateModified":"2025-07-10T08:39:36+00:00","description":"Nutzen Sie die Chance, das Bewertungs-Plugin f\u00fcr Tripadvisor anzupassen! mit ein paar Klicks und integrieren Sie es direkt aus der Live-Demo in Ihre WooCommerce-Website.","breadcrumb":{"@id":"https:\/\/elfsight.com\/de\/tripadvisor-reviews-widget\/woocommerce\/#breadcrumb"},"inLanguage":"de","potentialAction":[{"@type":"ReadAction","target":["https:\/\/elfsight.com\/de\/tripadvisor-reviews-widget\/woocommerce\/"]}]},{"@type":"BreadcrumbList","@id":"https:\/\/elfsight.com\/de\/tripadvisor-reviews-widget\/woocommerce\/#breadcrumb","itemListElement":[{"@type":"ListItem","position":1,"name":"Home","item":"https:\/\/elfsight.com\/de\/"},{"@type":"ListItem","position":2,"name":"Tripadvisor Reviews","item":"https:\/\/elfsight.com\/de\/tripadvisor-reviews-widget\/"},{"@type":"ListItem","position":3,"name":"Reviews for Tripadvisor &#8211; WooCommerce"}]},{"@type":"WebSite","@id":"https:\/\/elfsight.com\/de\/#website","url":"https:\/\/elfsight.com\/de\/","name":"Elfsight DE","description":"Just another Elfsight Sites site","potentialAction":[{"@type":"SearchAction","target":{"@type":"EntryPoint","urlTemplate":"https:\/\/elfsight.com\/de\/?s={search_term_string}"},"query-input":{"@type":"PropertyValueSpecification","valueRequired":true,"valueName":"search_term_string"}}],"inLanguage":"de"}]}},"meta_box":{"industry":"","seo_heading":"","heading":"","description":"","cta_heading":"","cta_description":"","application":"482","h1":"WooCommerce Reviews-Plugin f\u00fcr Tripadvisor","h1_caption":"Pr\u00e4sentieren Sie Bewertungen aus Ihrem Tripadvisor-Eintrag, um bei potenziellen Kunden m\u00fchelos Vertrauen in Ihre WooCommerce-Website aufzubauen.","application_category":[],"applications_title":"","applications_request_title":"","applications_request_button_text":"","hero_text":"","hero_video":"","hero_video_schema_markup":"","selling_points_title":"","selling_points_caption":"","selling_points":[],"selling_points_cta_text":"","features_title":"","features":"","ed_cta_examples_text":"","ed_cta_examples_hidden":"","ed_cta_demo_text":"","ed_cta_demo_hidden":"","why_caption":"","why_editor_title":"","why_editor_text":"","why_team_title":"","why_team_text":"","why_service_title":"","why_service_text":"","template_catalog_visible":"","template_catalog_title":"","template_catalog_text":"","template_catalog_categories_visible":"","demo_title":"Erstellen Sie Ihre Bewertungen f\u00fcr die Tripadvisor-App","demo_caption":"Konfigurieren Sie Ihre Bewertungen f\u00fcr Tripadvisor und f\u00fcgen Sie sie kostenlos zu Ihrer WooCommerce-Website hinzu!","default_faq_hidden":"","app_template_category":[],"platform":"200","template_public_id":"","codecanyon_url":"","codecanyon_item_id":"","codecanyon_price":"","pricing_caption":"","pricing_elfsight_apps_hide_column":"","pricing_elfsight_apps_url":"","pricing_codecanyon_price_caption":"","integration_category":[],"integration_request_title":"","integration_request_cta":"","integration_platform":"","integrations":[],"platform_category":[],"video_schema_markup":"","price":"ab 0 $ \/ Monat","trial":"","benefits":[{"text":"Kostenloser Installationsservice"},{"text":"Professioneller Kundenservice"},{"text":"14-t\u00e4gige R\u00fcckerstattungsgarantie"},{"text":"Kontinuierliche Updates"}],"button_url":"#demo","button_target_blank":"","button_nofollow":"","attributes":[{"name":"Installiert","content":"10,000 - 100,000"},{"name":"Reaktionsfreudig","content":"Ja"},{"name":"Kompatible Browser","content":"Firefox, Safari, Opera, Chrome, Edge"}],"tags":[],"tags_disable_links":"","hide_more_platforms":"","video_object":"","demo_hide_cta":"","demo_hide_cloud_options":"","pricing_title":"","pricing":[{"pricing_icon":"platform","pricing_title":"Elfsight Apps","pricing_title_caption":"Multiplattform-Software, die auf jeder Website funktioniert","pricing_price":"ab 0 $ \/ Monat","pricing_price_caption":"Beginnen Sie mit einem kostenlosen Plan","pricing_benefits":[{"text":"Unbegrenzte Domains"},{"text":"Professionelle und p\u00fcnktliche Unterst\u00fctzung"},{"text":"Kostenlose Installationshilfe"},{"text":"100 % anpassbar"}],"pricing_button_text":"Zur Website hinzuf\u00fcgen","pricing_button_url":"#demo"}],"related_apps_title":"","related_apps_hidden":"","author":"","image":[],"title":"","job":"","social_networks":[]},"_links":{"self":[{"href":"https:\/\/elfsight.com\/de\/wp-json\/wp\/v2\/pages\/20994","targetHints":{"allow":["GET"]}}],"collection":[{"href":"https:\/\/elfsight.com\/de\/wp-json\/wp\/v2\/pages"}],"about":[{"href":"https:\/\/elfsight.com\/de\/wp-json\/wp\/v2\/types\/page"}],"author":[{"embeddable":true,"href":"https:\/\/elfsight.com\/de\/wp-json\/wp\/v2\/users\/9"}],"replies":[{"embeddable":true,"href":"https:\/\/elfsight.com\/de\/wp-json\/wp\/v2\/comments?post=20994"}],"version-history":[{"count":1,"href":"https:\/\/elfsight.com\/de\/wp-json\/wp\/v2\/pages\/20994\/revisions"}],"predecessor-version":[{"id":20998,"href":"https:\/\/elfsight.com\/de\/wp-json\/wp\/v2\/pages\/20994\/revisions\/20998"}],"up":[{"embeddable":true,"href":"https:\/\/elfsight.com\/de\/wp-json\/wp\/v2\/pages\/1492"}],"wp:attachment":[{"href":"https:\/\/elfsight.com\/de\/wp-json\/wp\/v2\/media?parent=20994"}],"curies":[{"name":"wp","href":"https:\/\/api.w.org\/{rel}","templated":true}]}}