{"id":20988,"date":"2024-05-03T06:51:20","date_gmt":"2024-05-03T06:51:20","guid":{"rendered":"https:\/\/elfsight.com\/de\/?page_id=20988"},"modified":"2025-07-10T08:35:06","modified_gmt":"2025-07-10T08:35:06","slug":"shopify","status":"publish","type":"page","link":"https:\/\/elfsight.com\/de\/tiktok-feed-widget\/shopify\/","title":{"rendered":"TikTok Feed &#8211; Shopify"},"content":{"rendered":"<div class=\"application-platform-content-item-description application-platform-content-item\" id=\"description\" data-nav-section=\"description\"> <h2>TikTok-Feed auf Shopify mit dem Elfsight-Widget einbetten<\/h2> <p>Elfsight TiKTok Feed f\u00fcr Shopify ist eine App f\u00fcr die Vermarktung nicht nur von Artikeln , sondern Emotionen und Erfahrungen. Damit k\u00f6nnen Sie individuelle Feeds bestehend aus Ihren Inhalten aus TikTok erstellen \u2013 und diese direkt auf Ihrer Seite anzeigen. Entwerfen Sie eine Videogalerie in 1-2-3! \u00dcben Sie die volle Kontrolle \u00fcber einen Inhalt aus und beseitigen Sie Spam und unerw\u00fcnschte Inhalte durch manuelle Moderation. Der vollst\u00e4ndig responsive Online-Konfigurator bietet Ihnen verschiedene Vorlagen zur Auswahl. <\/p> <p><b>Sehen Sie mit TikTok Feed ein schnelleres Gesch\u00e4ftswachstum und mehr Verk\u00e4ufe <\/b><\/p> <\/div> <div class=\"application-platform-content-item-features application-platform-content-item\" id=\"features\" data-nav-section=\"features\"> <h2>Im Folgenden finden Sie grundlegende Funktionen des Widget: <\/h2> <ul><li>Verstecken Sie den Kopfbereich, damit Ihre App minimalistisch aussieht. <\/li><li>Entfernen Sie Spam und unerw\u00fcnschte Inhalte mithilfe der manuellen Moderation. <\/li><li>Installieren Sie die Schaltfl\u00e4che \u201eFolgen\u201c im Feed der App. <\/li><li>Lassen Sie Ihre Beitr\u00e4ge in einem Popup-Modus erscheinen. <\/li><\/ul><p><a href=\"#demo\">Probieren Sie alle Personalisierungsfunktionen in einer 100 % funktionsf\u00e4higen Demo aus<\/a><\/p> <\/div> <div class=\"application-platform-content-item-installation application-platform-content-item\" id=\"installation\" data-nav-section=\"installation\"> <h2>Wie kann ich einen TikTok-Feed auf meiner Shopify-Website hinzuf\u00fcgen? <\/h2> <p>F\u00fchren Sie einfach die folgenden Richtlinien aus, um das Tool zu integrieren. <\/p> <ol><li><b>Starten Sie unseren kostenlosen Konfigurator und beginnen Sie mit der Erstellung Ihrer einzigartigen App. <\/b><br> Finden Sie die ausgew\u00e4hlten Design- und Funktionsmerkmale des Plugins und speichern Sie die Korrekturen. <\/li> <li><b>Holen Sie sich den eindeutigen Code, der im Fenster von Elfsight Apps angezeigt wird. <\/b><br> Wenn die Einrichtung Ihrer App abgeschlossen ist, kopieren Sie den exklusiven Code im angezeigten Fenster und bewahren Sie ihn f\u00fcr die weitere Verwendung auf. <\/li> <li><b>Beginnen Sie mit der Verwendung der App auf Ihrer Shopify-Website. <\/b><br> F\u00fcgen Sie den k\u00fcrzlich auf Ihrer Webseite gespeicherten Code hinzu und speichern Sie die Anpassungen. <\/li> <li><b>Die Installation wurde erfolgreich durchgef\u00fchrt. <\/b><br> Besuchen Sie Ihre Website, um die Funktionsweise der App in Aktion zu sehen. <\/li><\/ol> <p>Falls Sie auf Probleme sto\u00dfen, k\u00f6nnen Sie sich gerne an unser Support-Team wenden. Unsere Berater helfen Ihnen gerne bei allen Fragen rund um das Tool weiter. <\/p> <\/div><div class=\"faq\" data-component=\"FAQ\"><div class=\"faq-item\">\r\n\t\t\t\t\t<div class=\"faq-item-question\">\r\n\t\t\t\t\t\t<h3 class=\"faq-item-question-text\">Wie kann ich ohne Programmierkenntnisse einen TikTok-Feed zu meiner Shopify-Website hinzuf\u00fcgen?<\/h3>\r\n\r\n\t\t\t\t\t\t<div class=\"faq-item-question-icon\"><\/div>\r\n\t\t\t\t\t<\/div>\r\n\r\n\t\t\t\t\t<div class=\"faq-item-answer\">\r\n\t\t\t\t\t\t<div class=\"faq-item-answer-text\"><p>Das Unternehmen Elfsight bietet einen SaaS-L\u00f6sung, mit der Websitebesitzer selbst einen TikTok-Feed-Bereich einrichten k\u00f6nnen. Sehen Sie sich die einfachen Anweisungen an:<\/p><ul><li>Gehen Sie zum Online-Editor, um eine TikTok-Feed-App zu erstellen, die Sie gerne auf Shopify sehen w\u00fcrden.<\/li><li>Entscheiden Sie sich f\u00fcr eine der vorgefertigten Vorlagen und \u00e4ndern Sie die TikTok-Feed-Einstellungen, \u00e4ndern Sie das Layout und die Farbe der Elemente, aktualisieren Sie Ihre Inhalte ohne Programmierkenntnisse.<\/li><li>Speichern Sie die von Ihnen vorgenommenen Einstellungen TikTok-Feed und kopieren Sie seinen Installationscode, den Sie m\u00fchelos und kostenlos in die Shopify-Site einbetten k\u00f6nnen.<\/li><\/ul><p>Mit Hilfe unseres intuitiven Editors kann jeder Internetnutzer online ein TikTok-Feed-Widget erstellen und einbetten die Shopify-Website. F\u00fcr den Zugriff auf den Elfsight Editor ist keine Zahlung oder Offenlegung Ihrer Kartendaten erforderlich. Sollten Sie auf Probleme jeglicher Art sto\u00dfen, z\u00f6gern Sie bitte nicht, unseren Kundensupport zu kontaktieren.<\/p><\/div>\r\n\t\t\t\t\t<\/div>\r\n\t\t\t\t<\/div><\/div>","protected":false},"excerpt":{"rendered":"","protected":false},"author":9,"featured_media":0,"parent":4068,"menu_order":0,"comment_status":"closed","ping_status":"closed","template":"templates\/template-application-platform.php","meta":{"publish_to_discourse":"","publish_post_category":"","wpdc_auto_publish_overridden":"","wpdc_topic_tags":"","wpdc_pin_topic":"","wpdc_pin_until":"","discourse_post_id":"","discourse_permalink":"","wpdc_publishing_response":"","wpdc_publishing_error":"","footnotes":""},"class_list":["post-20988","page","type-page","status-publish","hentry"],"yoast_head":"<!-- This site is optimized with the Yoast SEO plugin v25.3.1 - https:\/\/yoast.com\/wordpress\/plugins\/seo\/ -->\n<title>F\u00fcgen Sie die TikTok-Feed-App zur Shopify-Website hinzu (schnell und kostenlos)<\/title>\n<meta name=\"description\" content=\"F\u00fcgen Sie Ihrer Website eine einfach zu verwaltende Shopify TikTok Feed-App hinzu. Probieren Sie die praktische Elfsight-Demo aus und erstellen Sie Ihr stilvolles TikTok-Plugin.\" \/>\n<meta name=\"robots\" content=\"index, follow, max-snippet:-1, max-image-preview:large, max-video-preview:-1\" \/>\n<link rel=\"canonical\" href=\"https:\/\/elfsight.com\/de\/tiktok-feed-widget\/shopify\/\" \/>\n<meta property=\"og:locale\" content=\"de_DE\" \/>\n<meta property=\"og:type\" content=\"article\" \/>\n<meta property=\"og:title\" content=\"F\u00fcgen Sie die TikTok-Feed-App zur Shopify-Website hinzu (schnell und kostenlos)\" \/>\n<meta property=\"og:description\" content=\"F\u00fcgen Sie Ihrer Website eine einfach zu verwaltende Shopify TikTok Feed-App hinzu. Probieren Sie die praktische Elfsight-Demo aus und erstellen Sie Ihr stilvolles TikTok-Plugin.\" \/>\n<meta property=\"og:url\" content=\"https:\/\/elfsight.com\/de\/tiktok-feed-widget\/shopify\/\" \/>\n<meta property=\"og:site_name\" content=\"Elfsight DE\" \/>\n<meta property=\"article:modified_time\" content=\"2025-07-10T08:35:06+00:00\" \/>\n<meta name=\"twitter:card\" content=\"summary_large_image\" \/>\n<meta name=\"twitter:label1\" content=\"Gesch\u00e4tzte Lesezeit\" \/>\n\t<meta name=\"twitter:data1\" content=\"3\u00a0Minuten\" \/>\n<!-- \/ Yoast SEO plugin. -->","yoast_head_json":{"title":"F\u00fcgen Sie die TikTok-Feed-App zur Shopify-Website hinzu (schnell und kostenlos)","description":"F\u00fcgen Sie Ihrer Website eine einfach zu verwaltende Shopify TikTok Feed-App hinzu. Probieren Sie die praktische Elfsight-Demo aus und erstellen Sie Ihr stilvolles TikTok-Plugin.","robots":{"index":"index","follow":"follow","max-snippet":"max-snippet:-1","max-image-preview":"max-image-preview:large","max-video-preview":"max-video-preview:-1"},"canonical":"https:\/\/elfsight.com\/de\/tiktok-feed-widget\/shopify\/","og_locale":"de_DE","og_type":"article","og_title":"F\u00fcgen Sie die TikTok-Feed-App zur Shopify-Website hinzu (schnell und kostenlos)","og_description":"F\u00fcgen Sie Ihrer Website eine einfach zu verwaltende Shopify TikTok Feed-App hinzu. Probieren Sie die praktische Elfsight-Demo aus und erstellen Sie Ihr stilvolles TikTok-Plugin.","og_url":"https:\/\/elfsight.com\/de\/tiktok-feed-widget\/shopify\/","og_site_name":"Elfsight DE","article_modified_time":"2025-07-10T08:35:06+00:00","twitter_card":"summary_large_image","twitter_misc":{"Gesch\u00e4tzte Lesezeit":"3\u00a0Minuten"},"schema":{"@context":"https:\/\/schema.org","@graph":[{"@type":"WebPage","@id":"https:\/\/elfsight.com\/de\/tiktok-feed-widget\/shopify\/","url":"https:\/\/elfsight.com\/de\/tiktok-feed-widget\/shopify\/","name":"F\u00fcgen Sie die TikTok-Feed-App zur Shopify-Website hinzu (schnell und kostenlos)","isPartOf":{"@id":"https:\/\/elfsight.com\/de\/#website"},"datePublished":"2024-05-03T06:51:20+00:00","dateModified":"2025-07-10T08:35:06+00:00","description":"F\u00fcgen Sie Ihrer Website eine einfach zu verwaltende Shopify TikTok Feed-App hinzu. Probieren Sie die praktische Elfsight-Demo aus und erstellen Sie Ihr stilvolles TikTok-Plugin.","breadcrumb":{"@id":"https:\/\/elfsight.com\/de\/tiktok-feed-widget\/shopify\/#breadcrumb"},"inLanguage":"de","potentialAction":[{"@type":"ReadAction","target":["https:\/\/elfsight.com\/de\/tiktok-feed-widget\/shopify\/"]}]},{"@type":"BreadcrumbList","@id":"https:\/\/elfsight.com\/de\/tiktok-feed-widget\/shopify\/#breadcrumb","itemListElement":[{"@type":"ListItem","position":1,"name":"Home","item":"https:\/\/elfsight.com\/de\/"},{"@type":"ListItem","position":2,"name":"TikTok Feed","item":"https:\/\/elfsight.com\/de\/tiktok-feed-widget\/"},{"@type":"ListItem","position":3,"name":"TikTok Feed &#8211; Shopify"}]},{"@type":"WebSite","@id":"https:\/\/elfsight.com\/de\/#website","url":"https:\/\/elfsight.com\/de\/","name":"Elfsight DE","description":"Just another Elfsight Sites site","potentialAction":[{"@type":"SearchAction","target":{"@type":"EntryPoint","urlTemplate":"https:\/\/elfsight.com\/de\/?s={search_term_string}"},"query-input":{"@type":"PropertyValueSpecification","valueRequired":true,"valueName":"search_term_string"}}],"inLanguage":"de"}]}},"meta_box":{"industry":"","seo_heading":"","heading":"","description":"","cta_heading":"","cta_description":"","application":"4067","h1":"Shopify TikTok Feed-App","h1_caption":"Pr\u00e4sentieren Sie trendige Tiktok-Videos nach Hashtag oder Konto und f\u00fcgen Sie Ihrer Shopify-Website m\u00fchelos dynamische, ansprechende Inhalte hinzu.","application_category":[],"applications_title":"","applications_request_title":"","applications_request_button_text":"","hero_text":"","hero_video":"","hero_video_schema_markup":"","selling_points_title":"","selling_points_caption":"","selling_points":[],"selling_points_cta_text":"","features_title":"","features":"","ed_cta_examples_text":"","ed_cta_examples_hidden":"","ed_cta_demo_text":"","ed_cta_demo_hidden":"","why_caption":"","why_editor_title":"","why_editor_text":"","why_team_title":"","why_team_text":"","why_service_title":"","why_service_text":"","template_catalog_visible":"","template_catalog_title":"","template_catalog_text":"","template_catalog_categories_visible":"","demo_title":"Erstellen Sie Ihre TikTok-Feed-App","demo_caption":"Konfigurieren Sie Ihren TikTok-Feed und f\u00fcgen Sie ihn kostenlos zu Ihrer Shopify-Website hinzu!","default_faq_hidden":"","app_template_category":[],"platform":"253","template_public_id":"","codecanyon_url":"","codecanyon_item_id":"","codecanyon_price":"","pricing_caption":"","pricing_elfsight_apps_hide_column":"","pricing_elfsight_apps_url":"","pricing_codecanyon_price_caption":"","integration_category":[],"integration_request_title":"","integration_request_cta":"","integration_platform":"","integrations":[],"platform_category":[],"video_schema_markup":"","price":"ab 0 $ \/ Monat","trial":"","benefits":[{"text":"Kostenlose Installationsunterst\u00fctzung"},{"text":"Premium-Support"},{"text":"14-t\u00e4gige R\u00fcckerstattungsgarantie"},{"text":"St\u00e4ndige Aktualisierung"}],"button_url":"#demo","button_target_blank":"","button_nofollow":"","attributes":[{"name":"Installiert","content":"10,000 - 100,000"},{"name":"Reaktionsfreudig","content":"Ja"},{"name":"Kompatible Browser","content":"Firefox, Safari, Opera, Chrome, Edge"}],"tags":[],"tags_disable_links":"","hide_more_platforms":"","video_object":"","demo_hide_cta":"","demo_hide_cloud_options":"","pricing_title":"","pricing":[{"pricing_icon":"platform","pricing_title":"Elfsight Apps","pricing_title_caption":"Multiplattform-Software, die auf jeder Site funktioniert","pricing_price":"ab 0 $ \/ Monat","pricing_price_caption":"Beginnen Sie mit einem kostenlosen Plan","pricing_benefits":[{"text":"Unbegrenzte Domains"},{"text":"Kostenloser Kundensupport"},{"text":"Kostenlose Installationsunterst\u00fctzung"},{"text":"100 % anpassbar"}],"pricing_button_text":"Zur Website hinzuf\u00fcgen","pricing_button_url":"#demo"}],"related_apps_title":"","related_apps_hidden":"","author":"","image":[],"title":"","job":"","social_networks":[]},"_links":{"self":[{"href":"https:\/\/elfsight.com\/de\/wp-json\/wp\/v2\/pages\/20988","targetHints":{"allow":["GET"]}}],"collection":[{"href":"https:\/\/elfsight.com\/de\/wp-json\/wp\/v2\/pages"}],"about":[{"href":"https:\/\/elfsight.com\/de\/wp-json\/wp\/v2\/types\/page"}],"author":[{"embeddable":true,"href":"https:\/\/elfsight.com\/de\/wp-json\/wp\/v2\/users\/9"}],"replies":[{"embeddable":true,"href":"https:\/\/elfsight.com\/de\/wp-json\/wp\/v2\/comments?post=20988"}],"version-history":[{"count":2,"href":"https:\/\/elfsight.com\/de\/wp-json\/wp\/v2\/pages\/20988\/revisions"}],"predecessor-version":[{"id":22057,"href":"https:\/\/elfsight.com\/de\/wp-json\/wp\/v2\/pages\/20988\/revisions\/22057"}],"up":[{"embeddable":true,"href":"https:\/\/elfsight.com\/de\/wp-json\/wp\/v2\/pages\/4068"}],"wp:attachment":[{"href":"https:\/\/elfsight.com\/de\/wp-json\/wp\/v2\/media?parent=20988"}],"curies":[{"name":"wp","href":"https:\/\/api.w.org\/{rel}","templated":true}]}}