{"id":20986,"date":"2024-05-03T06:50:50","date_gmt":"2024-05-03T06:50:50","guid":{"rendered":"https:\/\/elfsight.com\/de\/?page_id=20986"},"modified":"2025-07-10T08:32:46","modified_gmt":"2025-07-10T08:32:46","slug":"iframe","status":"publish","type":"page","link":"https:\/\/elfsight.com\/de\/testimonials-slider-widget\/iframe\/","title":{"rendered":"Testimonials Slider &#8211; iFrame"},"content":{"rendered":"<div class=\"application-platform-content-item-description application-platform-content-item\" id=\"description\" data-nav-section=\"description\"><h2>Testimonials Slider in iFrame mit dem Elfsight-Widget einbetten<\/h2><p>Testimonials Slider ist ein responsives Plugin zum Offenlegen von Testimonials Ihrer Kunden deine Seite. Sie k\u00f6nnen alle Arten von zus\u00e4tzlichen Informationen einbetten, um Testimonials vertrauensw\u00fcrdig zu machen: Name des Autors, Bild, Symbol des Unternehmens und sogar eine URL zur Website.<\/p> <p><b>Verdoppeln Sie das Vertrauen in Ihre Produkte, indem Sie es demonstrieren den Benutzern die besten Testimonials zeigen.<\/b><\/p> <p><b>Zeigen Sie Ihre Testimonials auf vertrauensw\u00fcrdige Weise<\/b><br> Platzieren Sie beispielsweise alle Daten \u00fcber den Autor jedes einzelnen Testimonials , Name, Firma, Position Zeigen Sie den Benutzern, dass sie Testimonials von echten Bestandskunden sehen.<\/p><p><b>Erh\u00f6hen Sie die Konvertierung um bis zu 200 %<\/b><br> Verwandeln Sie Ihre Testimonials in ein zweifelsfreies Argument. Sie werden genau dort angezeigt, wo die Zuschauer ihre Entscheidung \u00fcber eine Bestellung oder Registrierung treffen.<\/p><p><b>Ein weiterer sozialer Beweis<\/b><br> Ein Link vom Testimonial zu Twitter, Pinterest oder der Website des Autors ist ein wichtige Details f\u00fcr Kunden, die die Glaubw\u00fcrdigkeit erh\u00f6hen und beweisen, dass Ihr Unternehmen wahr ist.<\/p><\/div><div class=\"application-platform-content-item-features application-platform-content-item\" id=\"features\" data-nav-section=\"features\"><h2>Hauptfunktionen des Testimonials-Slider-Widgets<\/h2><p>Siehe die leistungsst\u00e4rksten Funktionen unseres Plugins. Sie machen unseren Testimonials-Slider zu einem n\u00fctzlichen Plugin f\u00fcr jede iFrame-Site.<\/p><ul><li>Zeigen Sie den Namen und das Foto des Autors f\u00fcr mehr Vertrauen an;<\/li><li>Verwenden Sie eine Bildunterschrift f\u00fcr Firmennamen, Position und andere Daten; <\/li><li>Stellen Sie f\u00fcr eine zuverl\u00e4ssigere Darstellung einen Link zur Website des Autors bereit.<\/li><li>Zeigen Sie f\u00fcr mehr Glaubw\u00fcrdigkeit das Logo des Unternehmens des Autors.<\/li><p><a href=\"#demo\">Probieren Sie alle Funktionen in einer Live-Demo aus<\/a><\/p><\/div><div class=\"application-platform-content-item-installation application-platform-content-item\" id=\"installation\" data-nav-section=\"installation\"><h2>So f\u00fcgen Sie den Testimonials-Slider zur iFrame-Website hinzu<\/h2>Elfsight-Plugin ist in Bezug auf die Einrichtung das einfachste \u00fcberhaupt und erfordert keine Kenntnisse in der Webentwicklung. Die Bearbeitung des Tutorials dauert nur etwa eine Minute.<\/p><ol><li><b>Erstellen Sie Ihr einzigartiges Testimonials-Plugin<\/b><br> Holen Sie sich mit Hilfe unseres kostenlosen Konfigurators ein Plugin mit ein ausgew\u00e4hltes Layout und Funktionalit\u00e4t. <\/li><li><b>Erhalten Sie den individuellen Code zur Installation des Plugins<\/b><br> Nachdem Sie Ihr Plugin erstellt haben, erhalten Sie den Setup-Code aus der erscheinenden Benachrichtigung auf Elfsight Apps. Kopiere es. <\/li> <li><b>Zeigen Sie das Plugin auf Ihrer iFrame-Website an<\/b><br> W\u00e4hlen Sie den Bereich aus, in dem Sie das Plugin anzeigen m\u00f6chten, und f\u00fcgen Sie dort den gespeicherten Code ein. \u00dcbernehmen Sie die \u00c4nderungen. <\/li> <li><b>Du bist fertig! <\/b><br> Betreten Sie den Store, um Ihr Plugin zu sehen. <\/li> <\/ol><p>Haben Sie Probleme beim Einrichten oder Konfigurieren des Plugins? Entdecken Sie die ausf\u00fchrliche Anleitung zum Hinzuf\u00fcgen des Testimonials Slider zu iFrame oder wenden Sie sich an unser Support Center.<\/p><div class=\"faq\" data-component=\"FAQ\"> <div class=\"faq-item\">\r\n\t\t\t\t\t<div class=\"faq-item-question\">\r\n\t\t\t\t\t\t<h3 class=\"faq-item-question-text\">Wie f\u00fcge ich den Testimonials Slider zu meiner iFrame-Website ohne Programmierkenntnisse hinzu?<\/h3>\r\n\r\n\t\t\t\t\t\t<div class=\"faq-item-question-icon\"><\/div>\r\n\t\t\t\t\t<\/div>\r\n\r\n\t\t\t\t\t<div class=\"faq-item-answer\">\r\n\t\t\t\t\t\t<div class=\"faq-item-answer-text\"> <p>Elfsight bietet eine SaaS-L\u00f6sung, mit der Sie selbst ein Testimonials-Slider-Widget erstellen k\u00f6nnen. Sehen Sie, wie einfach der Vorgang ist: Arbeiten Sie direkt im Online-Editor, um ein Testimonials-Slider-Widget zu erstellen, das Sie gerne auf Ihrer iFrame-Website sehen w\u00fcrden. W\u00e4hlen Sie eine der vorgefertigten Vorlagen aus und passen Sie die Einstellungen des Testimonials-Schiebereglers an, f\u00fcgen Sie Ihre Inhalte hinzu, \u00e4ndern Sie das Layout und die Farben ohne Programmierkenntnisse. Speichern Sie den Testimonials-Slider und kopieren Sie seinen Installationscode, den Sie ganz einfach in Ihre iFrame-Website einbinden k\u00f6nnen, ohne ein kostenpflichtiges Abonnement kaufen zu m\u00fcssen. Mit unserem intuitiven Editor kann jeder Internetnutzer online ein Testimonials-Slider-Widget erstellen und es einfach in seine iFrame-Website einbetten. Sie m\u00fcssen weder bezahlen noch Ihre Kartendaten eingeben, um auf den Service zuzugreifen. Sollten bei irgendeinem Schritt Probleme auftreten, wenden Sie sich bitte an unser technisches Support-Team.<\/p> <\/div>\r\n\t\t\t\t\t<\/div>\r\n\t\t\t\t<\/div> <\/div> <\/div><\/ul>","protected":false},"excerpt":{"rendered":"","protected":false},"author":9,"featured_media":0,"parent":677,"menu_order":0,"comment_status":"closed","ping_status":"closed","template":"templates\/template-application-platform.php","meta":{"publish_to_discourse":"","publish_post_category":"","wpdc_auto_publish_overridden":"","wpdc_topic_tags":"","wpdc_pin_topic":"","wpdc_pin_until":"","discourse_post_id":"","discourse_permalink":"","wpdc_publishing_response":"","wpdc_publishing_error":"","footnotes":""},"class_list":["post-20986","page","type-page","status-publish","hentry"],"yoast_head":"<!-- This site is optimized with the Yoast SEO plugin v25.3.1 - https:\/\/yoast.com\/wordpress\/plugins\/seo\/ -->\n<title>iFrame Testimonials Slider-Plugin f\u00fcr Ihre Website (kostenlos und schnell)<\/title>\n<meta name=\"description\" content=\"Testen Sie kostenlos das beste Testimonials Slider-Plugin f\u00fcr iFrame. Eine unkomplizierte und schnelle Einrichtung ohne Programmierkenntnisse in nur 1 Minute.\" \/>\n<meta name=\"robots\" content=\"index, follow, max-snippet:-1, max-image-preview:large, max-video-preview:-1\" \/>\n<link rel=\"canonical\" href=\"https:\/\/elfsight.com\/de\/testimonials-slider-widget\/iframe\/\" \/>\n<meta property=\"og:locale\" content=\"de_DE\" \/>\n<meta property=\"og:type\" content=\"article\" \/>\n<meta property=\"og:title\" content=\"iFrame Testimonials Slider-Plugin f\u00fcr Ihre Website (kostenlos und schnell)\" \/>\n<meta property=\"og:description\" content=\"Testen Sie kostenlos das beste Testimonials Slider-Plugin f\u00fcr iFrame. Eine unkomplizierte und schnelle Einrichtung ohne Programmierkenntnisse in nur 1 Minute.\" \/>\n<meta property=\"og:url\" content=\"https:\/\/elfsight.com\/de\/testimonials-slider-widget\/iframe\/\" \/>\n<meta property=\"og:site_name\" content=\"Elfsight DE\" \/>\n<meta property=\"article:modified_time\" content=\"2025-07-10T08:32:46+00:00\" \/>\n<meta name=\"twitter:card\" content=\"summary_large_image\" \/>\n<meta name=\"twitter:label1\" content=\"Gesch\u00e4tzte Lesezeit\" \/>\n\t<meta name=\"twitter:data1\" content=\"3\u00a0Minuten\" \/>\n<!-- \/ Yoast SEO plugin. -->","yoast_head_json":{"title":"iFrame Testimonials Slider-Plugin f\u00fcr Ihre Website (kostenlos und schnell)","description":"Testen Sie kostenlos das beste Testimonials Slider-Plugin f\u00fcr iFrame. Eine unkomplizierte und schnelle Einrichtung ohne Programmierkenntnisse in nur 1 Minute.","robots":{"index":"index","follow":"follow","max-snippet":"max-snippet:-1","max-image-preview":"max-image-preview:large","max-video-preview":"max-video-preview:-1"},"canonical":"https:\/\/elfsight.com\/de\/testimonials-slider-widget\/iframe\/","og_locale":"de_DE","og_type":"article","og_title":"iFrame Testimonials Slider-Plugin f\u00fcr Ihre Website (kostenlos und schnell)","og_description":"Testen Sie kostenlos das beste Testimonials Slider-Plugin f\u00fcr iFrame. Eine unkomplizierte und schnelle Einrichtung ohne Programmierkenntnisse in nur 1 Minute.","og_url":"https:\/\/elfsight.com\/de\/testimonials-slider-widget\/iframe\/","og_site_name":"Elfsight DE","article_modified_time":"2025-07-10T08:32:46+00:00","twitter_card":"summary_large_image","twitter_misc":{"Gesch\u00e4tzte Lesezeit":"3\u00a0Minuten"},"schema":{"@context":"https:\/\/schema.org","@graph":[{"@type":"WebPage","@id":"https:\/\/elfsight.com\/de\/testimonials-slider-widget\/iframe\/","url":"https:\/\/elfsight.com\/de\/testimonials-slider-widget\/iframe\/","name":"iFrame Testimonials Slider-Plugin f\u00fcr Ihre Website (kostenlos und schnell)","isPartOf":{"@id":"https:\/\/elfsight.com\/de\/#website"},"datePublished":"2024-05-03T06:50:50+00:00","dateModified":"2025-07-10T08:32:46+00:00","description":"Testen Sie kostenlos das beste Testimonials Slider-Plugin f\u00fcr iFrame. Eine unkomplizierte und schnelle Einrichtung ohne Programmierkenntnisse in nur 1 Minute.","breadcrumb":{"@id":"https:\/\/elfsight.com\/de\/testimonials-slider-widget\/iframe\/#breadcrumb"},"inLanguage":"de","potentialAction":[{"@type":"ReadAction","target":["https:\/\/elfsight.com\/de\/testimonials-slider-widget\/iframe\/"]}]},{"@type":"BreadcrumbList","@id":"https:\/\/elfsight.com\/de\/testimonials-slider-widget\/iframe\/#breadcrumb","itemListElement":[{"@type":"ListItem","position":1,"name":"Home","item":"https:\/\/elfsight.com\/de\/"},{"@type":"ListItem","position":2,"name":"Testimonials Slider","item":"https:\/\/elfsight.com\/de\/testimonials-slider-widget\/"},{"@type":"ListItem","position":3,"name":"Testimonials Slider &#8211; iFrame"}]},{"@type":"WebSite","@id":"https:\/\/elfsight.com\/de\/#website","url":"https:\/\/elfsight.com\/de\/","name":"Elfsight DE","description":"Just another Elfsight Sites site","potentialAction":[{"@type":"SearchAction","target":{"@type":"EntryPoint","urlTemplate":"https:\/\/elfsight.com\/de\/?s={search_term_string}"},"query-input":{"@type":"PropertyValueSpecification","valueRequired":true,"valueName":"search_term_string"}}],"inLanguage":"de"}]}},"meta_box":{"industry":"","seo_heading":"","heading":"","description":"","cta_heading":"","cta_description":"","application":"462","h1":"iFrame Testimonials Slider-Plugin","h1_caption":"Zeigen Sie Kundenreferenzen in einem rotierenden Schieberegler an, um Glaubw\u00fcrdigkeit aufzubauen und positives Feedback m\u00fchelos auf Ihrer iFrame-Website zu pr\u00e4sentieren.","application_category":[],"applications_title":"","applications_request_title":"","applications_request_button_text":"","hero_text":"","hero_video":"","hero_video_schema_markup":"","selling_points_title":"","selling_points_caption":"","selling_points":[],"selling_points_cta_text":"","features_title":"","features":"","ed_cta_examples_text":"","ed_cta_examples_hidden":"","ed_cta_demo_text":"","ed_cta_demo_hidden":"","why_caption":"","why_editor_title":"","why_editor_text":"","why_team_title":"","why_team_text":"","why_service_title":"","why_service_text":"","template_catalog_visible":"","template_catalog_title":"","template_catalog_text":"","template_catalog_categories_visible":"","demo_title":"Erstellen Sie Ihr Testimonials-Slider-Widget","demo_caption":"Konfigurieren Sie Ihren Testimonials-Slider und f\u00fcgen Sie ihn kostenlos zu Ihrer iFrame-Website hinzu!","default_faq_hidden":"","app_template_category":[],"platform":"240","template_public_id":"","codecanyon_url":"","codecanyon_item_id":"","codecanyon_price":"","pricing_caption":"","pricing_elfsight_apps_hide_column":"","pricing_elfsight_apps_url":"","pricing_codecanyon_price_caption":"","integration_category":[],"integration_request_title":"","integration_request_cta":"","integration_platform":"","integrations":[],"platform_category":[],"video_schema_markup":"","price":"ab 0 $ \/ Monat","trial":"","benefits":[{"text":"Kostenloser Installationsservice"},{"text":"Professioneller Kundenservice"},{"text":"14-t\u00e4gige R\u00fcckerstattungsgarantie"},{"text":"St\u00e4ndige Aktualisierung"}],"button_url":"#demo","button_target_blank":"","button_nofollow":"","attributes":[{"name":"Installiert","content":"10,000 - 100,000"},{"name":"Reaktionsfreudig","content":"Ja"},{"name":"Kompatible Browser","content":"Edge, Chrome, Firefox, Safari, Opera"}],"tags":[],"tags_disable_links":"","hide_more_platforms":"","video_object":"","demo_hide_cta":"","demo_hide_cloud_options":"","pricing_title":"","pricing":[{"pricing_icon":"platform","pricing_title":"Elfsight Apps","pricing_title_caption":"Plattformunabh\u00e4ngige Version, die zu jeder Website passt","pricing_price":"ab 0 $ \/ Monat","pricing_price_caption":"Beginnen Sie mit einem kostenlosen Plan","pricing_benefits":[{"text":"Unbegrenzte Anzahl an Websites"},{"text":"Premium-Support"},{"text":"Kostenlose Installationsunterst\u00fctzung"},{"text":"Sonderangebot f\u00fcr mehrere Apps"}],"pricing_button_text":"Zur Website hinzuf\u00fcgen","pricing_button_url":"#demo"}],"related_apps_title":"","related_apps_hidden":"","author":"","image":[],"title":"","job":"","social_networks":[]},"_links":{"self":[{"href":"https:\/\/elfsight.com\/de\/wp-json\/wp\/v2\/pages\/20986","targetHints":{"allow":["GET"]}}],"collection":[{"href":"https:\/\/elfsight.com\/de\/wp-json\/wp\/v2\/pages"}],"about":[{"href":"https:\/\/elfsight.com\/de\/wp-json\/wp\/v2\/types\/page"}],"author":[{"embeddable":true,"href":"https:\/\/elfsight.com\/de\/wp-json\/wp\/v2\/users\/9"}],"replies":[{"embeddable":true,"href":"https:\/\/elfsight.com\/de\/wp-json\/wp\/v2\/comments?post=20986"}],"version-history":[{"count":1,"href":"https:\/\/elfsight.com\/de\/wp-json\/wp\/v2\/pages\/20986\/revisions"}],"predecessor-version":[{"id":20990,"href":"https:\/\/elfsight.com\/de\/wp-json\/wp\/v2\/pages\/20986\/revisions\/20990"}],"up":[{"embeddable":true,"href":"https:\/\/elfsight.com\/de\/wp-json\/wp\/v2\/pages\/677"}],"wp:attachment":[{"href":"https:\/\/elfsight.com\/de\/wp-json\/wp\/v2\/media?parent=20986"}],"curies":[{"name":"wp","href":"https:\/\/api.w.org\/{rel}","templated":true}]}}