{"id":20980,"date":"2024-05-03T06:50:30","date_gmt":"2024-05-03T06:50:30","guid":{"rendered":"https:\/\/elfsight.com\/de\/?page_id=20980"},"modified":"2025-02-19T10:23:18","modified_gmt":"2025-02-19T10:23:18","slug":"shopify","status":"publish","type":"page","link":"https:\/\/elfsight.com\/de\/telegram-chat-widget\/shopify\/","title":{"rendered":"Telegram Chat &#8211; Shopify"},"content":{"rendered":"\n<div class=\"application-platform-content-item-description application-platform-content-item\" id=\"description\" data-nav-section=\"description\"><h2>Telegram-Chat auf Shopify mit dem Elfsight-Widget einbetten<\/h2><p>Die von Elfsight entwickelte Telegram-App ist das praktischste Tool f\u00fcr Ihre Webseite Besucher k\u00f6nnen sich an Sie wenden und Antworten auf ihre Fragen und W\u00fcnsche erhalten. Bleiben Sie im Lieblings-Messenger jederzeit online f\u00fcr Besucher erreichbar. F\u00fcgen Sie den Telegram-Chat auf der Website hinzu und er kann auf den wichtigsten Seiten oder f\u00fcr bestimmte Benutzergruppen angezeigt werden, Start-Chat-Ausl\u00f6ser zuweisen, Ihre einzigartige Willkommensnachricht anzeigen, Symbole festlegen und vieles mehr. Wenn der Telegram-Messenger auf der Website installiert ist, werden Sie von Ihren Besuchern unabh\u00e4ngig von Ihrem Standort gepostet.<\/p><p><b>Dies ist eine der einfachsten M\u00f6glichkeiten f\u00fcr Menschen, Sie anzusprechen und ihre Probleme zu l\u00f6sen!<\/b><\/p><\/div><div class=\"application-platform-content-item-features application-platform-content-item\" id=\"features\" data-nav-section=\"features\"><h2>Hauptfunktionen des Telegram-Chat-Widgets<\/h2><p>Hier ist eine Liste aller Funktionen von Telegram-Chat. Sie sind direkt im Editor verf\u00fcgbar und helfen Ihnen dabei, das Widget genau nach Ihren Bed\u00fcrfnissen zu erstellen.<\/p><ul><li>Betten Sie den Telegram-Messenger in Ihre Website ein, um mit Besuchern zu chatten<\/li><li>Drei Arten der Chat-Position: schwebende Blase, eingebettete Blase und eingebettetes Chat-Fenster;<\/li><li>Eine Bibliothek mit Blasensymbolen zur Auswahl;<\/li><li>Bearbeitbarer Blasentext;<\/li><li>Flexibler Chat Kopfzeile mit Seitenlogo, Name und Beschriftung.<\/li><\/ul><p><a href=\"#demo\">Sie k\u00f6nnen alle Funktionsmerkmale des Widgets direkt in der Demo ausprobieren<\/a><\/p><\/div><div class=\"application-platform-content-item-installation application-platform-content-item\" id=\"installation\" data-nav-section=\"installation\"><h2>Wie f\u00fcge ich die Telegram-Chat-Box zum Shopify-Shop hinzu?<\/h2><div class=\"video-container\"><iframe width=\"560\" height=\"315\" src=\"https:\/\/www.youtube.com\/embed\/dfW8ppbeQB4?si=gpALEYb3z05N5nl8\" frameborder=\"0\" allow=\"accelerometer; autoplay; clipboard-write; encrypted-media; gyroscope; picture-in-picture; web-share\" allowfullscreen><\/iframe><\/div><p>Um mit der Verwendung des Widgets zu beginnen, f\u00fchren Sie mehrere schnelle Schritte aus.<\/p><ol><li><b>Starten Sie unsere kostenlose Demo und beginnen Sie mit der Gestaltung Ihrer benutzerdefinierten App. <\/b><br> W\u00e4hlen Sie das individuelle Design und die Funktionen der App und speichern Sie alle \u00c4nderungen. <\/li> <li><b>Erhalten Sie Ihren individuellen Code, der im Feld von Elfsight Apps angezeigt wird. <\/b><br> Sobald die Einrichtung Ihrer App abgeschlossen ist, kopieren Sie den exklusiven Code aus der entstandenen Box und speichern Sie ihn f\u00fcr die zuk\u00fcnftige Verwendung. <\/li> <li><b>Beginnen Sie mit der Nutzung der App auf der Shopify-Webseite. <\/b><br> Platzieren Sie den zuvor gespeicherten Code auf Ihrer Website und \u00fcbernehmen Sie die Korrekturen. <\/li> <li><b>Du bist fertig! Die Integration ist vollst\u00e4ndig abgeschlossen. <\/b><br> Besuchen Sie Ihre Website, um in Aktion zu sehen, wie die App funktioniert. <\/li><\/ol><p>Nehmen Sie sich eine Minute Zeit, um mit dem Elfsight-Support in Kontakt zu treten, wenn Sie Hilfe ben\u00f6tigen oder Fragen haben. Wir helfen Ihnen bei jeder Anfrage.<\/p><div class=\"faq\" data-component=\"FAQ\"> <div class=\"faq-item\">\r\n\t\t\t\t\t<div class=\"faq-item-question\">\r\n\t\t\t\t\t\t<h3 class=\"faq-item-question-text\">Wie kann ich ohne Programmierkenntnisse Telegram-Chat zu meiner Shopify-Website hinzuf\u00fcgen?<\/h3>\r\n\r\n\t\t\t\t\t\t<div class=\"faq-item-question-icon\"><\/div>\r\n\t\t\t\t\t<\/div>\r\n\r\n\t\t\t\t\t<div class=\"faq-item-answer\">\r\n\t\t\t\t\t\t<div class=\"faq-item-answer-text\"> <p>Elfsight bietet eine SaaS-L\u00f6sung, mit der Sie erstellen k\u00f6nnen Wenn Sie selbst ein Telegram-Chat-Widget erstellen, sehen Sie, wie einfach der Vorgang ist: Arbeiten Sie direkt im Online-Editor, um ein Telegram-Chat-Widget zu erstellen, das Sie gerne auf Ihrer Shopify-Website sehen w\u00fcrden. W\u00e4hlen Sie eine der vorgefertigten Vorlagen aus und passen Sie die Telegram-Chat-Einstellungen an, f\u00fcgen Sie Ihre Inhalte hinzu, \u00e4ndern Sie das Layout und die Farben ohne Programmierkenntnisse. Speichern Sie den Telegram-Chat und kopieren Sie seinen Installationscode, den Sie ganz einfach in Ihre Shopify-Website einbinden k\u00f6nnen, ohne eine kostenpflichtige Version zu kaufen. Mit unserem intuitiven Editor kann jeder Internetnutzer online ein Telegram-Chat-Widget erstellen und es einfach in seine Shopify-Website einbetten. Sie m\u00fcssen weder bezahlen noch Ihre Kartendaten eingeben, um auf den Service zuzugreifen. Sollten bei irgendeinem Schritt Probleme auftreten, wenden Sie sich bitte an unser technisches Support-Team.<\/p> <\/div>\r\n\t\t\t\t\t<\/div>\r\n\t\t\t\t<\/div> <\/div> <\/div>\n","protected":false},"excerpt":{"rendered":"","protected":false},"author":9,"featured_media":0,"parent":2430,"menu_order":0,"comment_status":"closed","ping_status":"closed","template":"templates\/template-application-platform.php","meta":{"publish_to_discourse":"","publish_post_category":"","wpdc_auto_publish_overridden":"","wpdc_topic_tags":"","wpdc_pin_topic":"","wpdc_pin_until":"","discourse_post_id":"","discourse_permalink":"","wpdc_publishing_response":"","wpdc_publishing_error":"","footnotes":""},"class_list":["post-20980","page","type-page","status-publish","hentry"],"yoast_head":"<!-- This site is optimized with the Yoast SEO plugin v25.3.1 - https:\/\/yoast.com\/wordpress\/plugins\/seo\/ -->\n<title>Telegram-Chat-Box zur Shopify-Website hinzuf\u00fcgen (kostenlos und schnell)<\/title>\n<meta name=\"description\" content=\"Gestalten Sie mit Elfsight Ihre Telegram-Chat-Box und zeigen Sie sie schnell auf Ihrer Shopify-Website an. Wir bieten kostenlosen Kundenservice und andere Boni.\" \/>\n<meta name=\"robots\" content=\"index, follow, max-snippet:-1, max-image-preview:large, max-video-preview:-1\" \/>\n<link rel=\"canonical\" href=\"https:\/\/elfsight.com\/de\/telegram-chat-widget\/shopify\/\" \/>\n<meta property=\"og:locale\" content=\"de_DE\" \/>\n<meta property=\"og:type\" content=\"article\" \/>\n<meta property=\"og:title\" content=\"Telegram-Chat-Box zur Shopify-Website hinzuf\u00fcgen (kostenlos und schnell)\" \/>\n<meta property=\"og:description\" content=\"Gestalten Sie mit Elfsight Ihre Telegram-Chat-Box und zeigen Sie sie schnell auf Ihrer Shopify-Website an. Wir bieten kostenlosen Kundenservice und andere Boni.\" \/>\n<meta property=\"og:url\" content=\"https:\/\/elfsight.com\/de\/telegram-chat-widget\/shopify\/\" \/>\n<meta property=\"og:site_name\" content=\"Elfsight DE\" \/>\n<meta property=\"article:modified_time\" content=\"2025-02-19T10:23:18+00:00\" \/>\n<meta name=\"twitter:card\" content=\"summary_large_image\" \/>\n<meta name=\"twitter:label1\" content=\"Gesch\u00e4tzte Lesezeit\" \/>\n\t<meta name=\"twitter:data1\" content=\"3\u00a0Minuten\" \/>\n<!-- \/ Yoast SEO plugin. -->","yoast_head_json":{"title":"Telegram-Chat-Box zur Shopify-Website hinzuf\u00fcgen (kostenlos und schnell)","description":"Gestalten Sie mit Elfsight Ihre Telegram-Chat-Box und zeigen Sie sie schnell auf Ihrer Shopify-Website an. Wir bieten kostenlosen Kundenservice und andere Boni.","robots":{"index":"index","follow":"follow","max-snippet":"max-snippet:-1","max-image-preview":"max-image-preview:large","max-video-preview":"max-video-preview:-1"},"canonical":"https:\/\/elfsight.com\/de\/telegram-chat-widget\/shopify\/","og_locale":"de_DE","og_type":"article","og_title":"Telegram-Chat-Box zur Shopify-Website hinzuf\u00fcgen (kostenlos und schnell)","og_description":"Gestalten Sie mit Elfsight Ihre Telegram-Chat-Box und zeigen Sie sie schnell auf Ihrer Shopify-Website an. Wir bieten kostenlosen Kundenservice und andere Boni.","og_url":"https:\/\/elfsight.com\/de\/telegram-chat-widget\/shopify\/","og_site_name":"Elfsight DE","article_modified_time":"2025-02-19T10:23:18+00:00","twitter_card":"summary_large_image","twitter_misc":{"Gesch\u00e4tzte Lesezeit":"3\u00a0Minuten"},"schema":{"@context":"https:\/\/schema.org","@graph":[{"@type":"WebPage","@id":"https:\/\/elfsight.com\/de\/telegram-chat-widget\/shopify\/","url":"https:\/\/elfsight.com\/de\/telegram-chat-widget\/shopify\/","name":"Telegram-Chat-Box zur Shopify-Website hinzuf\u00fcgen (kostenlos und schnell)","isPartOf":{"@id":"https:\/\/elfsight.com\/de\/#website"},"datePublished":"2024-05-03T06:50:30+00:00","dateModified":"2025-02-19T10:23:18+00:00","description":"Gestalten Sie mit Elfsight Ihre Telegram-Chat-Box und zeigen Sie sie schnell auf Ihrer Shopify-Website an. Wir bieten kostenlosen Kundenservice und andere Boni.","breadcrumb":{"@id":"https:\/\/elfsight.com\/de\/telegram-chat-widget\/shopify\/#breadcrumb"},"inLanguage":"de","potentialAction":[{"@type":"ReadAction","target":["https:\/\/elfsight.com\/de\/telegram-chat-widget\/shopify\/"]}]},{"@type":"BreadcrumbList","@id":"https:\/\/elfsight.com\/de\/telegram-chat-widget\/shopify\/#breadcrumb","itemListElement":[{"@type":"ListItem","position":1,"name":"Home","item":"https:\/\/elfsight.com\/de\/"},{"@type":"ListItem","position":2,"name":"Telegram Chat","item":"https:\/\/elfsight.com\/de\/telegram-chat-widget\/"},{"@type":"ListItem","position":3,"name":"Telegram Chat &#8211; Shopify"}]},{"@type":"WebSite","@id":"https:\/\/elfsight.com\/de\/#website","url":"https:\/\/elfsight.com\/de\/","name":"Elfsight DE","description":"Just another Elfsight Sites site","potentialAction":[{"@type":"SearchAction","target":{"@type":"EntryPoint","urlTemplate":"https:\/\/elfsight.com\/de\/?s={search_term_string}"},"query-input":{"@type":"PropertyValueSpecification","valueRequired":true,"valueName":"search_term_string"}}],"inLanguage":"de"}]}},"meta_box":{"industry":"","seo_heading":"","heading":"","description":"","cta_heading":"","cta_description":"","application":"497","h1":"Shopify-Telegram-Chat","h1_caption":"Erm\u00f6glichen Sie Benutzern, direkt von Ihrer Website aus per Telegramm mit Ihnen zu chatten, und bieten Sie so m\u00fchelos einen weiteren schnellen und bequemen Supportkanal zu Ihrer Shopify-Website.","application_category":[],"applications_title":"","applications_request_title":"","applications_request_button_text":"","hero_text":"","hero_video":"","hero_video_schema_markup":"","selling_points_title":"","selling_points_caption":"","selling_points":[],"selling_points_cta_text":"","features_title":"","features":"","ed_cta_examples_text":"","ed_cta_examples_hidden":"","ed_cta_demo_text":"","ed_cta_demo_hidden":"","why_caption":"","why_editor_title":"","why_editor_text":"","why_team_title":"","why_team_text":"","why_service_title":"","why_service_text":"","template_catalog_visible":"0","template_catalog_title":"","template_catalog_text":"","template_catalog_categories_visible":"","demo_title":"Erstellen Sie Ihre Telegram-Chat-App","demo_caption":"Konfigurieren Sie Ihren Telegram-Chat und f\u00fcgen Sie ihn kostenlos zu Ihrer Shopify-Website hinzu!","default_faq_hidden":"","app_template_category":[],"platform":"253","template_public_id":"","codecanyon_url":"","codecanyon_item_id":"","codecanyon_price":"","pricing_caption":"","pricing_elfsight_apps_hide_column":"","pricing_elfsight_apps_url":"","pricing_codecanyon_price_caption":"","integration_category":[],"integration_request_title":"","integration_request_cta":"","integration_platform":"","integrations":[],"platform_category":[],"video_schema_markup":"","price":"ab 0 $ \/ Monat","trial":"","benefits":[{"text":"Kostenloser Installationsservice"},{"text":"Premium-Support"},{"text":"14-t\u00e4gige Geld-zur\u00fcck-Garantie"},{"text":"Kontinuierliche kostenlose Updates"}],"button_url":"#demo","button_target_blank":"0","button_nofollow":"0","attributes":[{"name":"Installiert","content":"10,000 - 100,000"},{"name":"Reaktionsfreudig","content":"Ja"},{"name":"Kompatible Browser","content":"Firefox, Safari, Opera, Chrome, Edge"}],"tags":[],"tags_disable_links":"0","hide_more_platforms":"0","video_object":"","demo_hide_cta":"0","demo_hide_cloud_options":"0","pricing_title":"","pricing":[{"pricing_icon":"platform","pricing_title":"Elfsight Apps","pricing_title_caption":"Plattform\u00fcbergreifende Version, die auf jeder Website funktioniert","pricing_price":"ab 0 $ \/ Monat","pricing_price_caption":"Beginnen Sie mit einem kostenlosen Plan","pricing_benefits":[{"text":"Unbegrenzte Websites"},{"text":"Premium-Support"},{"text":"Kostenloser Installationsservice"},{"text":"Sonderangebot f\u00fcr mehrere Apps"}],"pricing_button_text":"Zur Website hinzuf\u00fcgen","pricing_button_url":"#demo"}],"related_apps_title":"","related_apps_hidden":"0","author":"","image":[],"title":"","job":"","social_networks":[]},"_links":{"self":[{"href":"https:\/\/elfsight.com\/de\/wp-json\/wp\/v2\/pages\/20980","targetHints":{"allow":["GET"]}}],"collection":[{"href":"https:\/\/elfsight.com\/de\/wp-json\/wp\/v2\/pages"}],"about":[{"href":"https:\/\/elfsight.com\/de\/wp-json\/wp\/v2\/types\/page"}],"author":[{"embeddable":true,"href":"https:\/\/elfsight.com\/de\/wp-json\/wp\/v2\/users\/9"}],"replies":[{"embeddable":true,"href":"https:\/\/elfsight.com\/de\/wp-json\/wp\/v2\/comments?post=20980"}],"version-history":[{"count":3,"href":"https:\/\/elfsight.com\/de\/wp-json\/wp\/v2\/pages\/20980\/revisions"}],"predecessor-version":[{"id":24421,"href":"https:\/\/elfsight.com\/de\/wp-json\/wp\/v2\/pages\/20980\/revisions\/24421"}],"up":[{"embeddable":true,"href":"https:\/\/elfsight.com\/de\/wp-json\/wp\/v2\/pages\/2430"}],"wp:attachment":[{"href":"https:\/\/elfsight.com\/de\/wp-json\/wp\/v2\/media?parent=20980"}],"curies":[{"name":"wp","href":"https:\/\/api.w.org\/{rel}","templated":true}]}}