{"id":20979,"date":"2024-05-03T06:50:20","date_gmt":"2024-05-03T06:50:20","guid":{"rendered":"https:\/\/elfsight.com\/de\/?page_id=20979"},"modified":"2025-07-10T08:31:29","modified_gmt":"2025-07-10T08:31:29","slug":"google-sites","status":"publish","type":"page","link":"https:\/\/elfsight.com\/de\/telegram-chat-widget\/google-sites\/","title":{"rendered":"Telegram Chat &#8211; Google Sites"},"content":{"rendered":"<div class=\"application-platform-content-item-description application-platform-content-item\" id=\"description\" data-nav-section=\"description\"><h2>Telegram-Chat auf Google Sites mit dem Elfsight-Widget einbetten<\/h2><p>Der von Elfsight erstellte Telegram-Chat f\u00fcr Google Sites ist am schnellsten Ihre Website-Kunden k\u00f6nnen Sie erreichen und ihre Fragen beantworten. Sie k\u00f6nnen in ihrem beliebten Messenger rund um die Uhr live f\u00fcr Kunden erreichbar bleiben. F\u00fcgen Sie den Telegram-Chat auf einer Webseite hinzu und lassen Sie ihn auf bestimmten Seiten oder f\u00fcr bestimmte Personenkategorien erscheinen, w\u00e4hlen Sie Start-Chat-Ausl\u00f6ser aus, senden Sie Ihre pers\u00f6nliche Willkommensnachricht, w\u00e4hlen Sie Symbole aus und vieles mehr. Mit Hilfe des Telegram-Chats vor Ort bleiben Sie jederzeit und unabh\u00e4ngig von Ihrem Standort mit Ihren Kunden in Verbindung.<\/p><p><b>Mit unserem Telegram-Chat sind Sie jederzeit f\u00fcr die Besucher Ihrer Website erreichbar Zeit und von jedem Ort aus. Dies ist eine der bequemsten M\u00f6glichkeiten f\u00fcr Menschen, Sie zu erreichen und ihre Probleme l\u00f6sen zu lassen!<\/b><\/p><\/div><div class=\"application-platform-content-item-features application-platform-content-item\" id=\"features\" data-nav-section=\"features\"><h2>Hauptfunktionen des Telegram-Chat-Widgets <\/h2><p>\u00dcberpr\u00fcfen Sie alle Funktionen von Telegram Chat. Sie k\u00f6nnen sie direkt im Editor anpassen und sie helfen Ihnen dabei, das Widget speziell f\u00fcr Ihre Bed\u00fcrfnisse zu konfigurieren.<\/p><ul><li>Integrieren Sie den Telegram-Messenger auf Ihrer Website, um Gespr\u00e4che mit Besuchern zu f\u00fchren<\/li><li>Drei Arten der Chat-Position: schwebende Blase, eingebettete Blase und eingebettetes Chat-Fenster;<\/li><li>Eine Bibliothek mit Blasensymbolen, aus der Sie ausw\u00e4hlen k\u00f6nnen;<\/li><li>Option zum Bearbeiten des Blasentextes;<\/li><li>Flexibler Chat-Header mit Seitenlogo, Name und Bildunterschrift.<\/li><\/ul><p><a href=\"#demo\">Sie k\u00f6nnen alle Funktionsmerkmale des Widgets direkt in der Demo ausprobieren<\/a><\/p><\/div><div class=\"application-platform-content-item-installation application-platform-content-item\" id=\"installation\" data-nav-section=\"installation\"><h2>Wie integriere ich Telegram Chat in meine Google Sites-Website?<\/h2><p>Um mit der Verwendung des Widgets zu beginnen, befolgen Sie die folgenden Richtlinien. <\/p><ol><li><b>Generieren Sie Ihr benutzerdefiniertes Telegram-Chat-Widget<\/b><br>Richten Sie mit unserem kostenlosen Editor ein Plugin mit einem bevorzugten Layout und funktionalen Merkmalen ein.<\/li><li> <b>Kopieren Sie den individuellen Code, um das Widget einzurichten<\/b><br>Nachdem Sie Ihr Widget generiert haben, erhalten Sie den individuellen Code aus dem angezeigten Fenster auf Elfsight Apps. Kopieren Sie diesen Code.<\/li><li><b>Zeigen Sie das Widget auf Ihrer Muse-Site an<\/b><br>Definieren Sie den Ort, an dem Sie das Plugin anzeigen m\u00f6chten, und f\u00fcgen Sie dort den gespeicherten Code hinzu. Speichern Sie die \u00c4nderungen.<\/li><li><b>Herzlichen Gl\u00fcckwunsch! Sie haben gerade das Widget integriert!<\/b><br>Besuchen Sie Ihren Shop, um Ihr Widget zu \u00fcberpr\u00fcfen.<\/li><\/ol><div class=\"tip-yellow tip\"><b>Aufgrund der Besonderheiten von Google Sites funktioniert das Widget m\u00f6glicherweise nicht sieht anders aus als in der Online-Demo. Wir entschuldigen uns f\u00fcr etwaige Unannehmlichkeiten.<\/b><\/div><p>Angenommen, Sie haben mit irgendwelchen Hindernissen zu k\u00e4mpfen, scheuen Sie sich nicht, sich an unser Kundendienstteam zu wenden. Unsere Spezialisten beantworten gerne alle Fragen, die Sie m\u00f6glicherweise mit dem Plugin haben.<\/p> <div class=\"faq\" data-component=\"FAQ\"> <div class=\"faq-item\">\r\n\t\t\t\t\t<div class=\"faq-item-question\">\r\n\t\t\t\t\t\t<h3 class=\"faq-item-question-text\">Wie f\u00fcge ich Telegram Chat zu meiner Google Sites-Website hinzu, ohne Programmierkenntnisse zu ben\u00f6tigen?<\/h3>\r\n\r\n\t\t\t\t\t\t<div class=\"faq-item-question-icon\"><\/div>\r\n\t\t\t\t\t<\/div>\r\n\r\n\t\t\t\t\t<div class=\"faq-item-answer\">\r\n\t\t\t\t\t\t<div class=\"faq-item-answer-text\"> <p>Elfsight bietet Eine SaaS-L\u00f6sung, mit der Sie selbst ein Telegram-Chat-Widget erstellen k\u00f6nnen. Sehen Sie, wie einfach der Vorgang ist: Arbeiten Sie direkt im Online-Editor, um ein Telegram-Chat-Widget zu erstellen, das Sie gerne auf Ihrer Google Sites-Website sehen w\u00fcrden. W\u00e4hlen Sie eine der vorgefertigten Vorlagen aus und passen Sie die Telegram-Chat-Einstellungen an, f\u00fcgen Sie Ihre Inhalte hinzu, \u00e4ndern Sie das Layout und die Farben ohne Programmierkenntnisse. Speichern Sie den Telegram-Chat und kopieren Sie seinen Installationscode, den Sie problemlos in Ihre Google Sites-Website einf\u00fcgen k\u00f6nnen, ohne eine kostenpflichtige Version kaufen zu m\u00fcssen. Mit unserem intuitiven Editor kann jeder Internetnutzer online ein Telegram-Chat-Widget erstellen und es einfach in seine Google Sites-Website einbetten. Sie m\u00fcssen weder bezahlen noch Ihre Kartendaten eingeben, um auf den Service zuzugreifen. Sollten bei irgendeinem Schritt Probleme auftreten, wenden Sie sich bitte an unser technisches Support-Team.<\/p> <\/div>\r\n\t\t\t\t\t<\/div>\r\n\t\t\t\t<\/div> <\/div> <\/div>","protected":false},"excerpt":{"rendered":"","protected":false},"author":9,"featured_media":0,"parent":2430,"menu_order":0,"comment_status":"closed","ping_status":"closed","template":"templates\/template-application-platform.php","meta":{"publish_to_discourse":"","publish_post_category":"","wpdc_auto_publish_overridden":"","wpdc_topic_tags":"","wpdc_pin_topic":"","wpdc_pin_until":"","discourse_post_id":"","discourse_permalink":"","wpdc_publishing_response":"","wpdc_publishing_error":"","footnotes":""},"class_list":["post-20979","page","type-page","status-publish","hentry"],"yoast_head":"<!-- This site is optimized with the Yoast SEO plugin v25.3.1 - https:\/\/yoast.com\/wordpress\/plugins\/seo\/ -->\n<title>Telegram Chat \u2013 Chat-Widget zu Google Sites hinzuf\u00fcgen (2025)<\/title>\n<meta name=\"description\" content=\"Implementieren Sie ein reaktionsf\u00e4higes Telegram-Chat-Widget auf Ihrer Google Sites-Webseite und gewinnen Sie volles Vertrauen. Nutzen Sie die praktische Elfsight-Demo, um Ihr einzigartiges Werkzeug zu erstellen.\" \/>\n<meta name=\"robots\" content=\"index, follow, max-snippet:-1, max-image-preview:large, max-video-preview:-1\" \/>\n<link rel=\"canonical\" href=\"https:\/\/elfsight.com\/de\/telegram-chat-widget\/google-sites\/\" \/>\n<meta property=\"og:locale\" content=\"de_DE\" \/>\n<meta property=\"og:type\" content=\"article\" \/>\n<meta property=\"og:title\" content=\"Telegram Chat \u2013 Chat-Widget zu Google Sites hinzuf\u00fcgen (2025)\" \/>\n<meta property=\"og:description\" content=\"Implementieren Sie ein reaktionsf\u00e4higes Telegram-Chat-Widget auf Ihrer Google Sites-Webseite und gewinnen Sie volles Vertrauen. Nutzen Sie die praktische Elfsight-Demo, um Ihr einzigartiges Werkzeug zu erstellen.\" \/>\n<meta property=\"og:url\" content=\"https:\/\/elfsight.com\/de\/telegram-chat-widget\/google-sites\/\" \/>\n<meta property=\"og:site_name\" content=\"Elfsight DE\" \/>\n<meta property=\"article:modified_time\" content=\"2025-07-10T08:31:29+00:00\" \/>\n<meta name=\"twitter:card\" content=\"summary_large_image\" \/>\n<meta name=\"twitter:label1\" content=\"Gesch\u00e4tzte Lesezeit\" \/>\n\t<meta name=\"twitter:data1\" content=\"3\u00a0Minuten\" \/>\n<!-- \/ Yoast SEO plugin. -->","yoast_head_json":{"title":"Telegram Chat \u2013 Chat-Widget zu Google Sites hinzuf\u00fcgen (2025)","description":"Implementieren Sie ein reaktionsf\u00e4higes Telegram-Chat-Widget auf Ihrer Google Sites-Webseite und gewinnen Sie volles Vertrauen. Nutzen Sie die praktische Elfsight-Demo, um Ihr einzigartiges Werkzeug zu erstellen.","robots":{"index":"index","follow":"follow","max-snippet":"max-snippet:-1","max-image-preview":"max-image-preview:large","max-video-preview":"max-video-preview:-1"},"canonical":"https:\/\/elfsight.com\/de\/telegram-chat-widget\/google-sites\/","og_locale":"de_DE","og_type":"article","og_title":"Telegram Chat \u2013 Chat-Widget zu Google Sites hinzuf\u00fcgen (2025)","og_description":"Implementieren Sie ein reaktionsf\u00e4higes Telegram-Chat-Widget auf Ihrer Google Sites-Webseite und gewinnen Sie volles Vertrauen. Nutzen Sie die praktische Elfsight-Demo, um Ihr einzigartiges Werkzeug zu erstellen.","og_url":"https:\/\/elfsight.com\/de\/telegram-chat-widget\/google-sites\/","og_site_name":"Elfsight DE","article_modified_time":"2025-07-10T08:31:29+00:00","twitter_card":"summary_large_image","twitter_misc":{"Gesch\u00e4tzte Lesezeit":"3\u00a0Minuten"},"schema":{"@context":"https:\/\/schema.org","@graph":[{"@type":"WebPage","@id":"https:\/\/elfsight.com\/de\/telegram-chat-widget\/google-sites\/","url":"https:\/\/elfsight.com\/de\/telegram-chat-widget\/google-sites\/","name":"Telegram Chat \u2013 Chat-Widget zu Google Sites hinzuf\u00fcgen (2025)","isPartOf":{"@id":"https:\/\/elfsight.com\/de\/#website"},"datePublished":"2024-05-03T06:50:20+00:00","dateModified":"2025-07-10T08:31:29+00:00","description":"Implementieren Sie ein reaktionsf\u00e4higes Telegram-Chat-Widget auf Ihrer Google Sites-Webseite und gewinnen Sie volles Vertrauen. Nutzen Sie die praktische Elfsight-Demo, um Ihr einzigartiges Werkzeug zu erstellen.","breadcrumb":{"@id":"https:\/\/elfsight.com\/de\/telegram-chat-widget\/google-sites\/#breadcrumb"},"inLanguage":"de","potentialAction":[{"@type":"ReadAction","target":["https:\/\/elfsight.com\/de\/telegram-chat-widget\/google-sites\/"]}]},{"@type":"BreadcrumbList","@id":"https:\/\/elfsight.com\/de\/telegram-chat-widget\/google-sites\/#breadcrumb","itemListElement":[{"@type":"ListItem","position":1,"name":"Home","item":"https:\/\/elfsight.com\/de\/"},{"@type":"ListItem","position":2,"name":"Telegram Chat","item":"https:\/\/elfsight.com\/de\/telegram-chat-widget\/"},{"@type":"ListItem","position":3,"name":"Telegram Chat &#8211; Google Sites"}]},{"@type":"WebSite","@id":"https:\/\/elfsight.com\/de\/#website","url":"https:\/\/elfsight.com\/de\/","name":"Elfsight DE","description":"Just another Elfsight Sites site","potentialAction":[{"@type":"SearchAction","target":{"@type":"EntryPoint","urlTemplate":"https:\/\/elfsight.com\/de\/?s={search_term_string}"},"query-input":{"@type":"PropertyValueSpecification","valueRequired":true,"valueName":"search_term_string"}}],"inLanguage":"de"}]}},"meta_box":{"industry":"","seo_heading":"","heading":"","description":"","cta_heading":"","cta_description":"","application":"497","h1":"Google Sites Telegram-Chat-Widget","h1_caption":"Erm\u00f6glichen Sie Benutzern, direkt von Ihrer Website aus per Telegramm mit Ihnen zu chatten, und bieten Sie so m\u00fchelos einen weiteren schnellen und bequemen Supportkanal zu Ihren Google Sites.","application_category":[],"applications_title":"","applications_request_title":"","applications_request_button_text":"","hero_text":"","hero_video":"","hero_video_schema_markup":"","selling_points_title":"","selling_points_caption":"","selling_points":[],"selling_points_cta_text":"","features_title":"","features":"","ed_cta_examples_text":"","ed_cta_examples_hidden":"","ed_cta_demo_text":"","ed_cta_demo_hidden":"","why_caption":"","why_editor_title":"","why_editor_text":"","why_team_title":"","why_team_text":"","why_service_title":"","why_service_text":"","template_catalog_visible":"","template_catalog_title":"","template_catalog_text":"","template_catalog_categories_visible":"","demo_title":"Erstellen Sie Ihr Telegram-Chat-Widget","demo_caption":"Konfigurieren Sie Ihren Telegram-Chat und f\u00fcgen Sie ihn kostenlos zu Ihrer Google Sites-Website hinzu!","default_faq_hidden":"","app_template_category":[],"platform":"3000","template_public_id":"","codecanyon_url":"","codecanyon_item_id":"","codecanyon_price":"","pricing_caption":"","pricing_elfsight_apps_hide_column":"","pricing_elfsight_apps_url":"","pricing_codecanyon_price_caption":"","integration_category":[],"integration_request_title":"","integration_request_cta":"","integration_platform":"","integrations":[],"platform_category":[],"video_schema_markup":"","price":"ab 0 $ \/ Monat","trial":"","benefits":[{"text":"Kostenloser Installationsservice"},{"text":"Au\u00dfergew\u00f6hnliche Unterst\u00fctzung"},{"text":"14-t\u00e4gige R\u00fcckerstattungsgarantie"},{"text":"Kontinuierliche Updates"}],"button_url":"#demo","button_target_blank":"","button_nofollow":"","attributes":[{"name":"Installiert","content":"10,000 - 100,000"},{"name":"Reaktionsfreudig","content":"F\u00fcr Mobilger\u00e4te optimiert"},{"name":"Kompatible Browser","content":"Chrome, Safari, Opera, Firefox, Edge"}],"tags":[],"tags_disable_links":"","hide_more_platforms":"","video_object":"","demo_hide_cta":"","demo_hide_cloud_options":"","pricing_title":"","pricing":[{"pricing_icon":"platform","pricing_title":"Elfsight Apps","pricing_title_caption":"Plattformunabh\u00e4ngige Software, die zu jeder Website passt","pricing_price":"ab 0 $ \/ Monat","pricing_price_caption":"Beginnen Sie mit einem kostenlosen Plan","pricing_benefits":[{"text":"Unbegrenzte Websites"},{"text":"Erstklassiger und p\u00fcnktlicher Support"},{"text":"Kostenloser Installationsservice"},{"text":"Sonderangebot f\u00fcr mehrere Apps"}],"pricing_button_text":"Zur Website hinzuf\u00fcgen","pricing_button_url":"#demo"}],"related_apps_title":"","related_apps_hidden":"","author":"","image":[],"title":"","job":"","social_networks":[]},"_links":{"self":[{"href":"https:\/\/elfsight.com\/de\/wp-json\/wp\/v2\/pages\/20979","targetHints":{"allow":["GET"]}}],"collection":[{"href":"https:\/\/elfsight.com\/de\/wp-json\/wp\/v2\/pages"}],"about":[{"href":"https:\/\/elfsight.com\/de\/wp-json\/wp\/v2\/types\/page"}],"author":[{"embeddable":true,"href":"https:\/\/elfsight.com\/de\/wp-json\/wp\/v2\/users\/9"}],"replies":[{"embeddable":true,"href":"https:\/\/elfsight.com\/de\/wp-json\/wp\/v2\/comments?post=20979"}],"version-history":[{"count":1,"href":"https:\/\/elfsight.com\/de\/wp-json\/wp\/v2\/pages\/20979\/revisions"}],"predecessor-version":[{"id":20983,"href":"https:\/\/elfsight.com\/de\/wp-json\/wp\/v2\/pages\/20979\/revisions\/20983"}],"up":[{"embeddable":true,"href":"https:\/\/elfsight.com\/de\/wp-json\/wp\/v2\/pages\/2430"}],"wp:attachment":[{"href":"https:\/\/elfsight.com\/de\/wp-json\/wp\/v2\/media?parent=20979"}],"curies":[{"name":"wp","href":"https:\/\/api.w.org\/{rel}","templated":true}]}}