{"id":20977,"date":"2024-05-03T06:50:00","date_gmt":"2024-05-03T06:50:00","guid":{"rendered":"https:\/\/elfsight.com\/de\/?page_id=20977"},"modified":"2025-02-24T18:07:02","modified_gmt":"2025-02-24T18:07:02","slug":"wix","status":"publish","type":"page","link":"https:\/\/elfsight.com\/de\/team-showcase-widget\/wix\/","title":{"rendered":"Team Showcase &#8211; Wix"},"content":{"rendered":"\n<div class=\"application-platform-content-item-description application-platform-content-item\" id=\"description\" data-nav-section=\"description\"> <h2>Beschreibung<\/h2> <p>Unser Widget wird zum einfachsten Tool, um Ihre Crewmitglieder auf Ihrer Website anzuzeigen. Es hilft dabei, etwas \u00fcber jede Art von Team zu erz\u00e4hlen: Gesch\u00e4ftspartner, Sportvereinsmitglieder, Professorenpersonal, Unternehmensstruktur und mehr. Laden Sie ein Bild hoch, ver\u00f6ffentlichen Sie Kontaktinformationen und eine einzigartige Nachricht \u00fcber jedes Mitglied Ihres Teams. Benutzer erhalten die M\u00f6glichkeit, sie im selben Moment \u00fcber aktive Links oder soziale Symbole anzusprechen. Sie k\u00f6nnen Gruppen festlegen und die Struktur Ihres Teams demonstrieren, Layouts, Farben und anderes ausw\u00e4hlen. Steigern Sie die Glaubw\u00fcrdigkeit Ihres Unternehmens, indem Sie sein menschliches Image zeigen! <\/p><div class=\"faq\" data-component=\"FAQ\"> <div class=\"faq-item\">\r\n\t\t\t\t\t<div class=\"faq-item-question\">\r\n\t\t\t\t\t\t<h3 class=\"faq-item-question-text\">Wo kann ich es hinzuf\u00fcgen<\/h3>\r\n\r\n\t\t\t\t\t\t<div class=\"faq-item-question-icon\"><\/div>\r\n\t\t\t\t\t<\/div>\r\n\r\n\t\t\t\t\t<div class=\"faq-item-answer\">\r\n\t\t\t\t\t\t<div class=\"faq-item-answer-text\"> <p>Zeigen Sie das Widget auf jeder Seite der Website an, wo Sie es f\u00fcr geeignet halten. Es kann als eines der Elemente des Inhaltsbereichs fungieren oder die gesamte Seite ausf\u00fcllen. Auf diese Weise k\u00f6nnen Sie mithilfe des Widgets Ihre Seite \u201e\u00dcber uns\u201c erstellen. <\/p><\/div>\r\n\t\t\t\t\t<\/div>\r\n\t\t\t\t<\/div> <div class=\"faq-item\">\r\n\t\t\t\t\t<div class=\"faq-item-question\">\r\n\t\t\t\t\t\t<h3 class=\"faq-item-question-text\">Welche Vorteile bringt es mir? <\/h3>\r\n\r\n\t\t\t\t\t\t<div class=\"faq-item-question-icon\"><\/div>\r\n\t\t\t\t\t<\/div>\r\n\r\n\t\t\t\t\t<div class=\"faq-item-answer\">\r\n\t\t\t\t\t\t<div class=\"faq-item-answer-text\"> <p>Die Darstellung der tats\u00e4chlichen Menschen, die in Ihrem Unternehmen t\u00e4tig sind, erh\u00f6ht Ihre Transparenz und steigert die wahrgenommene Vertrauensw\u00fcrdigkeit Ihres Unternehmens. Es gibt Besuchern die Gewissheit, dass Ihr Unternehmen ein solider Partner ist, und kann zu mehr Leads und neuen Kunden f\u00fchren. Au\u00dferdem k\u00f6nnen Sie Ihre Kollegen leichter kontaktieren, indem Sie auf die Links im Widget klicken. <\/p><\/div>\r\n\t\t\t\t\t<\/div>\r\n\t\t\t\t<\/div> <div class=\"faq-item\">\r\n\t\t\t\t\t<div class=\"faq-item-question\">\r\n\t\t\t\t\t\t<h3 class=\"faq-item-question-text\">Was ben\u00f6tige ich, um Team Showcase auf meiner Website von Wix hinzuzuf\u00fcgen? <\/h3>\r\n\r\n\t\t\t\t\t\t<div class=\"faq-item-question-icon\"><\/div>\r\n\t\t\t\t\t<\/div>\r\n\r\n\t\t\t\t\t<div class=\"faq-item-answer\">\r\n\t\t\t\t\t\t<div class=\"faq-item-answer-text\"> <p>Sie ben\u00f6tigen nur drei Minuten Ihrer Zeit, um das Widget zu aktivieren. Es ist sehr schnell, kostenlos und ohne Programmierung. <\/p> <ol> <li>Es besteht die M\u00f6glichkeit, Team Showcase direkt \u00fcber unseren Service auf der Website einzurichten. Befolgen Sie dazu die Schritte der Anleitung unten auf dieser Seite. <\/li> <li>Elfsight Team Showcase kann \u00fcber unseren Service oder \u00fcber den Marktplatz eingerichtet werden. \u00dcberzeugen Sie sich von den Vorteilen dieser Varianten und entscheiden Sie sich f\u00fcr Ihre. <\/li> <\/ol> <\/div>\r\n\t\t\t\t\t<\/div>\r\n\t\t\t\t<\/div> <\/div> <\/div> <div class=\"application-platform-content-item-features application-platform-content-item\" id=\"features\" data-nav-section=\"features\"> <h2>Funktionen<\/h2> <p>Um ein klares Verst\u00e4ndnis von Team Showcase zu entwickeln, Entdecken Sie die Liste der wichtigsten Eigenschaften. Sie machen unser Widget f\u00fcr Ihre Werbung maximal effektiv: <\/p> <ul><li>Aktive Symbole sozialer Medien und Links zur Website und E-Mail-Adresse; <\/li><li>Der Standort einer Person wird auf Google Maps angezeigt, wenn darauf geklickt wird. <\/li><li>Popup zeigt weitere Details zu einem Teammitglied; <\/li><li>2 M\u00f6glichkeiten, Kategorien anzuzeigen: in einer Gesamtliste oder mit Men\u00fc; <\/li><li>4 Layoutoptionen: Raster, Karten, Galerie, Liste. <\/li><\/ul><p><a href=\"#demo\">Unsere Live-Demo stellt Ihnen alle Funktionen zur Verf\u00fcgung<\/a><\/p> <\/div> <div class=\"application-platform-content-item-installation application-platform-content-item\" id=\"installation\" data-nav-section=\"installation\"> <h2>So f\u00fchren Sie das Team Showcase-Widget in Ihr Wix ein Seite.<\/h2> <div class=\"video-container\"><iframe width=\"560\" height=\"315\" src=\"https:\/\/www.youtube.com\/embed\/j8cRldskcGA?si=fTqrLPgntbCK3lUe\" frameborder=\"0\" allow=\"accelerometer; autoplay; clipboard-write; encrypted-media; gyroscope; picture-in-picture; web-share\" allowfullscreen><\/iframe><\/div><p>Die folgenden Aktionen sind das Einzige, was Sie tun m\u00fcssen. <\/p> <ol><li><b>Erstellen Sie Ihr eigenes Team Showcase-Plugin<\/b><br> Erstellen Sie mit unserem kostenlosen Editor ein Plugin mit einer ausgew\u00e4hlten Zusammensetzung und Funktionen. <\/li><li><b>Kopieren Sie den einzelnen Code, um das Plugin hinzuzuf\u00fcgen<\/b><br> Nachdem Sie Ihr Widget konfiguriert haben, erhalten Sie den Installationscode aus dem Popup-Fenster von Elfsight Apps. Kopieren Sie den Code. <\/li> <li><b>Ver\u00f6ffentlichen Sie das Plugin auf Ihrer Wix-Website<\/b><br> W\u00e4hlen Sie den Bereich aus, zu dem Sie das Plugin hinzuf\u00fcgen m\u00f6chten, und f\u00fcgen Sie dort den gespeicherten Code ein. Ver\u00f6ffentlichen Sie die \u00c4nderungen. <\/li> <li><b>Du bist fertig! <\/b><br> Rufen Sie die Webseite auf, um Ihr Plugin zu \u00fcberpr\u00fcfen. <\/li> <\/ol><p>Zweifeln Sie immer noch an etwas? Oder Probleme haben? Eine einzige Anfrage an unseren Kundenservice hilft bei jedem Problem. <\/p> <\/div>\n","protected":false},"excerpt":{"rendered":"","protected":false},"author":9,"featured_media":0,"parent":1952,"menu_order":0,"comment_status":"closed","ping_status":"closed","template":"templates\/template-application-platform.php","meta":{"publish_to_discourse":"","publish_post_category":"","wpdc_auto_publish_overridden":"","wpdc_topic_tags":"","wpdc_pin_topic":"","wpdc_pin_until":"","discourse_post_id":"","discourse_permalink":"","wpdc_publishing_response":"","wpdc_publishing_error":"","footnotes":""},"class_list":["post-20977","page","type-page","status-publish","hentry"],"yoast_head":"<!-- This site is optimized with the Yoast SEO plugin v25.3.1 - https:\/\/yoast.com\/wordpress\/plugins\/seo\/ -->\n<title>Team Showcase-App zur Website von Wix hinzuf\u00fcgen (schnell und kostenlos)<\/title>\n<meta name=\"description\" content=\"Es ist ganz einfach, Ihre Team Showcase-App zu erstellen und auf Ihrer Wix-Website zu ver\u00f6ffentlichen. Der Kundendienst von Elfsight ist kostenlos.\" \/>\n<meta name=\"robots\" content=\"index, follow, max-snippet:-1, max-image-preview:large, max-video-preview:-1\" \/>\n<link rel=\"canonical\" href=\"https:\/\/elfsight.com\/de\/team-showcase-widget\/wix\/\" \/>\n<meta property=\"og:locale\" content=\"de_DE\" \/>\n<meta property=\"og:type\" content=\"article\" \/>\n<meta property=\"og:title\" content=\"Team Showcase-App zur Website von Wix hinzuf\u00fcgen (schnell und kostenlos)\" \/>\n<meta property=\"og:description\" content=\"Es ist ganz einfach, Ihre Team Showcase-App zu erstellen und auf Ihrer Wix-Website zu ver\u00f6ffentlichen. Der Kundendienst von Elfsight ist kostenlos.\" \/>\n<meta property=\"og:url\" content=\"https:\/\/elfsight.com\/de\/team-showcase-widget\/wix\/\" \/>\n<meta property=\"og:site_name\" content=\"Elfsight DE\" \/>\n<meta property=\"article:modified_time\" content=\"2025-02-24T18:07:02+00:00\" \/>\n<meta name=\"twitter:card\" content=\"summary_large_image\" \/>\n<meta name=\"twitter:label1\" content=\"Gesch\u00e4tzte Lesezeit\" \/>\n\t<meta name=\"twitter:data1\" content=\"3\u00a0Minuten\" \/>\n<!-- \/ Yoast SEO plugin. -->","yoast_head_json":{"title":"Team Showcase-App zur Website von Wix hinzuf\u00fcgen (schnell und kostenlos)","description":"Es ist ganz einfach, Ihre Team Showcase-App zu erstellen und auf Ihrer Wix-Website zu ver\u00f6ffentlichen. Der Kundendienst von Elfsight ist kostenlos.","robots":{"index":"index","follow":"follow","max-snippet":"max-snippet:-1","max-image-preview":"max-image-preview:large","max-video-preview":"max-video-preview:-1"},"canonical":"https:\/\/elfsight.com\/de\/team-showcase-widget\/wix\/","og_locale":"de_DE","og_type":"article","og_title":"Team Showcase-App zur Website von Wix hinzuf\u00fcgen (schnell und kostenlos)","og_description":"Es ist ganz einfach, Ihre Team Showcase-App zu erstellen und auf Ihrer Wix-Website zu ver\u00f6ffentlichen. Der Kundendienst von Elfsight ist kostenlos.","og_url":"https:\/\/elfsight.com\/de\/team-showcase-widget\/wix\/","og_site_name":"Elfsight DE","article_modified_time":"2025-02-24T18:07:02+00:00","twitter_card":"summary_large_image","twitter_misc":{"Gesch\u00e4tzte Lesezeit":"3\u00a0Minuten"},"schema":{"@context":"https:\/\/schema.org","@graph":[{"@type":"WebPage","@id":"https:\/\/elfsight.com\/de\/team-showcase-widget\/wix\/","url":"https:\/\/elfsight.com\/de\/team-showcase-widget\/wix\/","name":"Team Showcase-App zur Website von Wix hinzuf\u00fcgen (schnell und kostenlos)","isPartOf":{"@id":"https:\/\/elfsight.com\/de\/#website"},"datePublished":"2024-05-03T06:50:00+00:00","dateModified":"2025-02-24T18:07:02+00:00","description":"Es ist ganz einfach, Ihre Team Showcase-App zu erstellen und auf Ihrer Wix-Website zu ver\u00f6ffentlichen. Der Kundendienst von Elfsight ist kostenlos.","breadcrumb":{"@id":"https:\/\/elfsight.com\/de\/team-showcase-widget\/wix\/#breadcrumb"},"inLanguage":"de","potentialAction":[{"@type":"ReadAction","target":["https:\/\/elfsight.com\/de\/team-showcase-widget\/wix\/"]}]},{"@type":"BreadcrumbList","@id":"https:\/\/elfsight.com\/de\/team-showcase-widget\/wix\/#breadcrumb","itemListElement":[{"@type":"ListItem","position":1,"name":"Home","item":"https:\/\/elfsight.com\/de\/"},{"@type":"ListItem","position":2,"name":"Team Showcase","item":"https:\/\/elfsight.com\/de\/team-showcase-widget\/"},{"@type":"ListItem","position":3,"name":"Team Showcase &#8211; Wix"}]},{"@type":"WebSite","@id":"https:\/\/elfsight.com\/de\/#website","url":"https:\/\/elfsight.com\/de\/","name":"Elfsight DE","description":"Just another Elfsight Sites site","potentialAction":[{"@type":"SearchAction","target":{"@type":"EntryPoint","urlTemplate":"https:\/\/elfsight.com\/de\/?s={search_term_string}"},"query-input":{"@type":"PropertyValueSpecification","valueRequired":true,"valueName":"search_term_string"}}],"inLanguage":"de"}]}},"meta_box":{"industry":"","seo_heading":"","heading":"","description":"","cta_heading":"","cta_description":"","application":"481","h1":"Wix Team Showcase-App","h1_caption":"Stellen Sie Ihre Teammitglieder auf professionelle und optisch ansprechende Weise vor und bauen Sie m\u00fchelos Vertrauen und Verbindung zu Ihrem Publikum auf Ihrer Wix-Website auf.","application_category":[],"applications_title":"","applications_request_title":"","applications_request_button_text":"","hero_text":"","hero_video":"","hero_video_schema_markup":"","selling_points_title":"","selling_points_caption":"","selling_points":[],"selling_points_cta_text":"","features_title":"","features":"","ed_cta_examples_text":"","ed_cta_examples_hidden":"","ed_cta_demo_text":"","ed_cta_demo_hidden":"","why_caption":"","why_editor_title":"","why_editor_text":"","why_team_title":"","why_team_text":"","why_service_title":"","why_service_text":"","template_catalog_visible":"0","template_catalog_title":"","template_catalog_text":"","template_catalog_categories_visible":"","demo_title":"Erstellen Sie Ihre Team Showcase-App","demo_caption":"Konfigurieren Sie Ihr Team Showcase und f\u00fcgen Sie es kostenlos Ihrer Wix-Website hinzu!","default_faq_hidden":"","app_template_category":[],"platform":"265","template_public_id":"","codecanyon_url":"","codecanyon_item_id":"","codecanyon_price":"","pricing_caption":"","pricing_elfsight_apps_hide_column":"","pricing_elfsight_apps_url":"","pricing_codecanyon_price_caption":"","integration_category":[],"integration_request_title":"","integration_request_cta":"","integration_platform":"","integrations":[],"platform_category":[],"video_schema_markup":"","price":"ab 0 $ \/ Monat","trial":"","benefits":[{"text":"Kostenlose Installationshilfe"},{"text":"Erfahrener Kundensupport"},{"text":"14-t\u00e4gige Geld-zur\u00fcck-Garantie"},{"text":"Fortlaufende Entwicklung"}],"button_url":"#demo","button_target_blank":"0","button_nofollow":"0","attributes":[{"name":"Installiert","content":"10,000 - 100,000"},{"name":"Reaktionsfreudig","content":"Ja"},{"name":"Kompatible Browser","content":"Firefox, Safari, Opera, Chrome, Edge"}],"tags":[],"tags_disable_links":"0","hide_more_platforms":"0","video_object":"","demo_hide_cta":"0","demo_hide_cloud_options":"0","pricing_title":"","pricing":[{"pricing_icon":"platform","pricing_title":"Elfsight Apps","pricing_title_caption":"Multiplattform-L\u00f6sung, die auf jeder Site funktioniert","pricing_price":"ab 0 $ \/ Monat","pricing_price_caption":"Beginnen Sie mit einem kostenlosen Plan","pricing_benefits":[{"text":"Unbegrenzte Websites"},{"text":"Schneller und p\u00fcnktlicher Support"},{"text":"Kostenlose Installationsunterst\u00fctzung"},{"text":"Sonderangebot f\u00fcr mehrere Apps"}],"pricing_button_text":"Zur Website hinzuf\u00fcgen","pricing_button_url":"#demo"}],"related_apps_title":"","related_apps_hidden":"0","author":"","image":[],"title":"","job":"","social_networks":[]},"_links":{"self":[{"href":"https:\/\/elfsight.com\/de\/wp-json\/wp\/v2\/pages\/20977","targetHints":{"allow":["GET"]}}],"collection":[{"href":"https:\/\/elfsight.com\/de\/wp-json\/wp\/v2\/pages"}],"about":[{"href":"https:\/\/elfsight.com\/de\/wp-json\/wp\/v2\/types\/page"}],"author":[{"embeddable":true,"href":"https:\/\/elfsight.com\/de\/wp-json\/wp\/v2\/users\/9"}],"replies":[{"embeddable":true,"href":"https:\/\/elfsight.com\/de\/wp-json\/wp\/v2\/comments?post=20977"}],"version-history":[{"count":3,"href":"https:\/\/elfsight.com\/de\/wp-json\/wp\/v2\/pages\/20977\/revisions"}],"predecessor-version":[{"id":24875,"href":"https:\/\/elfsight.com\/de\/wp-json\/wp\/v2\/pages\/20977\/revisions\/24875"}],"up":[{"embeddable":true,"href":"https:\/\/elfsight.com\/de\/wp-json\/wp\/v2\/pages\/1952"}],"wp:attachment":[{"href":"https:\/\/elfsight.com\/de\/wp-json\/wp\/v2\/media?parent=20977"}],"curies":[{"name":"wp","href":"https:\/\/api.w.org\/{rel}","templated":true}]}}