{"id":20970,"date":"2024-05-03T06:49:20","date_gmt":"2024-05-03T06:49:20","guid":{"rendered":"https:\/\/elfsight.com\/de\/?page_id=20970"},"modified":"2025-07-10T08:25:48","modified_gmt":"2025-07-10T08:25:48","slug":"drupal","status":"publish","type":"page","link":"https:\/\/elfsight.com\/de\/store-locator-widget\/drupal\/","title":{"rendered":"Store Locator &#8211; Drupal"},"content":{"rendered":"<div class=\"application-platform-content-item-description application-platform-content-item\" id=\"description\" data-nav-section=\"description\"> <h2>Einbetten des Store Locator in Drupal mit einem Elfsight-Modul<\/h2> <p>Der Elfsight Store Locator f\u00fcr Drupal ist ein lebendiges und anpassbares Widget um die Benutzerfreundlichkeit und Kundenzufriedenheit Ihrer Website zu steigern, indem Sie Ihren Kunden den Besuch Ihrer Gesch\u00e4ftsadresse einfacher denn je machen. Mit einer Reihe hilfreicher Funktionen f\u00fcr Nutzen und Leistung ist dieses Widget Ihre perfekte L\u00f6sung, um Ihre physischen Gesch\u00e4ftsstandorte auf verst\u00e4ndliche und bequeme Weise bekannt zu geben. F\u00fcgen Sie es jetzt hinzu und bemerken Sie, wie es Ihre Website in einen n\u00fctzlichen Filialfinder verwandelt!<\/p> <p>Durch die Einbindung des Widgets steigern Sie Ihre Vertrauensw\u00fcrdigkeit bei Besuchern, indem Sie detaillierte Informationen zu den physischen Standorten Ihres Unternehmens bereitstellen und so alle Ihre Filialen beruhigen Gegenwart. Dies f\u00fchrt zu einer schnelleren Entscheidungsfindung und einem soliden Kauferlebnis bei den Kunden. <\/p><p><b>Betten Sie den au\u00dfergew\u00f6hnlichen Filialfinder ein, um Ihren Standort und wichtige Unternehmensdaten anzuzeigen. Zeigen Sie Ihre echte Adresse und die erforderlichen Informationen an, um mehr Kunden im Gesch\u00e4ft zu erreichen. <\/b><\/p> <\/div> <div class=\"application-platform-content-item-features application-platform-content-item\" id=\"features\" data-nav-section=\"features\"> <h2>Hier sind grundlegende Funktionen des Widgets:<\/h2> <ul><li>Dynamische Adressauswahl<\/li><li>Intuitive Karteneigenschaften<\/li><li>Standortaktionsschaltfl\u00e4chen mit Integrationen aktiviert<\/li><li>Einfaches Standort-Popup beim Klicken auf die Markierung<\/li><li>Standort-Gesch\u00e4ftszeiten &amp; Aktivit\u00e4tsstatus<\/li><\/ul><p><a href=\"#demo\">Probieren Sie alle Personalisierungsfunktionen in einer 100 % funktionsf\u00e4higen Demo aus<\/a><\/p> <\/div> <div class=\"application-platform-content-item-installation  application-platform-content-item\" id=\"installation \" data-nav-section=\"installation \"> <h2>Wie integriere ich Store Locator in meine Drupal-Site?<\/h2> <p>Befolgen Sie einfach die nachstehenden Anweisungen, um das Widget einzubetten. <\/p> <ol><li><b>Verwalten Sie unsere kostenlose Demo und beginnen Sie mit der Entwicklung Ihres einzigartigen Plugins. <\/b><br> Geben Sie die passenden Form- und Funktionsmerkmale des Werkzeugs an und speichern Sie die \u00c4nderungen. <\/li> <li><b>Erhalten Sie den individuellen Code, der im Fenster von Elfsight Apps angezeigt wird. <\/b><br> Nachdem die Erstellung Ihres Plugins abgeschlossen ist, kopieren Sie den exklusiven Code aus der entstandenen Box und bewahren Sie ihn f\u00fcr die sp\u00e4tere Verwendung auf. <\/li> <li><b>Beginnen Sie mit der Anwendung des Tools auf der Drupal-Site. <\/b><br> Geben Sie den Code ein, den Sie k\u00fcrzlich auf Ihrer Webseite gespeichert haben, und wenden Sie die Verbesserungen an. <\/li> <li><b>Die Installation wurde erfolgreich durchgef\u00fchrt. <\/b><br> Besuchen Sie Ihre Seite, um zu \u00fcberpr\u00fcfen, wie das Widget funktioniert. <\/li><\/ol> <p>Falls Sie auf Probleme sto\u00dfen, scheuen Sie sich nicht, sich an unser Support-Team zu wenden. Unsere Berater sind bestrebt, alle Schwierigkeiten zu l\u00f6sen, die Sie m\u00f6glicherweise mit dem Tool haben. <\/p><\/div>","protected":false},"excerpt":{"rendered":"","protected":false},"author":9,"featured_media":0,"parent":7440,"menu_order":0,"comment_status":"closed","ping_status":"closed","template":"templates\/template-application-platform.php","meta":{"publish_to_discourse":"","publish_post_category":"","wpdc_auto_publish_overridden":"","wpdc_topic_tags":"","wpdc_pin_topic":"","wpdc_pin_until":"","discourse_post_id":"","discourse_permalink":"","wpdc_publishing_response":"","wpdc_publishing_error":"","footnotes":""},"class_list":["post-20970","page","type-page","status-publish","hentry"],"yoast_head":"<!-- This site is optimized with the Yoast SEO plugin v25.3.1 - https:\/\/yoast.com\/wordpress\/plugins\/seo\/ -->\n<title>Drupal Store Locator einbetten \u2013 F\u00fcgen Sie Ihren Standort f\u00fcr Kunden hinzu<\/title>\n<meta name=\"description\" content=\"F\u00fcgen Sie Store Locator zu Ihren Drupal-Seiten hinzu, um die Conversions zu steigern. Probieren Sie Clear Demo von Elfsight aus, um das Widget in nur wenigen Minuten zu erstellen.\" \/>\n<meta name=\"robots\" content=\"index, follow, max-snippet:-1, max-image-preview:large, max-video-preview:-1\" \/>\n<link rel=\"canonical\" href=\"https:\/\/elfsight.com\/de\/store-locator-widget\/drupal\/\" \/>\n<meta property=\"og:locale\" content=\"de_DE\" \/>\n<meta property=\"og:type\" content=\"article\" \/>\n<meta property=\"og:title\" content=\"Drupal Store Locator einbetten \u2013 F\u00fcgen Sie Ihren Standort f\u00fcr Kunden hinzu\" \/>\n<meta property=\"og:description\" content=\"F\u00fcgen Sie Store Locator zu Ihren Drupal-Seiten hinzu, um die Conversions zu steigern. Probieren Sie Clear Demo von Elfsight aus, um das Widget in nur wenigen Minuten zu erstellen.\" \/>\n<meta property=\"og:url\" content=\"https:\/\/elfsight.com\/de\/store-locator-widget\/drupal\/\" \/>\n<meta property=\"og:site_name\" content=\"Elfsight DE\" \/>\n<meta property=\"article:modified_time\" content=\"2025-07-10T08:25:48+00:00\" \/>\n<meta name=\"twitter:card\" content=\"summary_large_image\" \/>\n<meta name=\"twitter:label1\" content=\"Gesch\u00e4tzte Lesezeit\" \/>\n\t<meta name=\"twitter:data1\" content=\"2\u00a0Minuten\" \/>\n<!-- \/ Yoast SEO plugin. -->","yoast_head_json":{"title":"Drupal Store Locator einbetten \u2013 F\u00fcgen Sie Ihren Standort f\u00fcr Kunden hinzu","description":"F\u00fcgen Sie Store Locator zu Ihren Drupal-Seiten hinzu, um die Conversions zu steigern. Probieren Sie Clear Demo von Elfsight aus, um das Widget in nur wenigen Minuten zu erstellen.","robots":{"index":"index","follow":"follow","max-snippet":"max-snippet:-1","max-image-preview":"max-image-preview:large","max-video-preview":"max-video-preview:-1"},"canonical":"https:\/\/elfsight.com\/de\/store-locator-widget\/drupal\/","og_locale":"de_DE","og_type":"article","og_title":"Drupal Store Locator einbetten \u2013 F\u00fcgen Sie Ihren Standort f\u00fcr Kunden hinzu","og_description":"F\u00fcgen Sie Store Locator zu Ihren Drupal-Seiten hinzu, um die Conversions zu steigern. Probieren Sie Clear Demo von Elfsight aus, um das Widget in nur wenigen Minuten zu erstellen.","og_url":"https:\/\/elfsight.com\/de\/store-locator-widget\/drupal\/","og_site_name":"Elfsight DE","article_modified_time":"2025-07-10T08:25:48+00:00","twitter_card":"summary_large_image","twitter_misc":{"Gesch\u00e4tzte Lesezeit":"2\u00a0Minuten"},"schema":{"@context":"https:\/\/schema.org","@graph":[{"@type":"WebPage","@id":"https:\/\/elfsight.com\/de\/store-locator-widget\/drupal\/","url":"https:\/\/elfsight.com\/de\/store-locator-widget\/drupal\/","name":"Drupal Store Locator einbetten \u2013 F\u00fcgen Sie Ihren Standort f\u00fcr Kunden hinzu","isPartOf":{"@id":"https:\/\/elfsight.com\/de\/#website"},"datePublished":"2024-05-03T06:49:20+00:00","dateModified":"2025-07-10T08:25:48+00:00","description":"F\u00fcgen Sie Store Locator zu Ihren Drupal-Seiten hinzu, um die Conversions zu steigern. Probieren Sie Clear Demo von Elfsight aus, um das Widget in nur wenigen Minuten zu erstellen.","breadcrumb":{"@id":"https:\/\/elfsight.com\/de\/store-locator-widget\/drupal\/#breadcrumb"},"inLanguage":"de","potentialAction":[{"@type":"ReadAction","target":["https:\/\/elfsight.com\/de\/store-locator-widget\/drupal\/"]}]},{"@type":"BreadcrumbList","@id":"https:\/\/elfsight.com\/de\/store-locator-widget\/drupal\/#breadcrumb","itemListElement":[{"@type":"ListItem","position":1,"name":"Home","item":"https:\/\/elfsight.com\/de\/"},{"@type":"ListItem","position":2,"name":"Store Locator","item":"https:\/\/elfsight.com\/de\/store-locator-widget\/"},{"@type":"ListItem","position":3,"name":"Store Locator &#8211; Drupal"}]},{"@type":"WebSite","@id":"https:\/\/elfsight.com\/de\/#website","url":"https:\/\/elfsight.com\/de\/","name":"Elfsight DE","description":"Just another Elfsight Sites site","potentialAction":[{"@type":"SearchAction","target":{"@type":"EntryPoint","urlTemplate":"https:\/\/elfsight.com\/de\/?s={search_term_string}"},"query-input":{"@type":"PropertyValueSpecification","valueRequired":true,"valueName":"search_term_string"}}],"inLanguage":"de"}]}},"meta_box":{"industry":"","seo_heading":"","heading":"","description":"","cta_heading":"","cta_description":"","application":"7436","h1":"Drupal Store Locator-Modul","h1_caption":"Zeigen Sie auf Ihrer Drupal-Website eine Karte mit mehreren Filialstandorten an, damit Ihre Kunden m\u00fchelos den n\u00e4chstgelegenen Standort finden k\u00f6nnen.","application_category":[],"applications_title":"","applications_request_title":"","applications_request_button_text":"","hero_text":"","hero_video":"","hero_video_schema_markup":"","selling_points_title":"","selling_points_caption":"","selling_points":[],"selling_points_cta_text":"","features_title":"","features":"","ed_cta_examples_text":"","ed_cta_examples_hidden":"","ed_cta_demo_text":"","ed_cta_demo_hidden":"","why_caption":"","why_editor_title":"","why_editor_text":"","why_team_title":"","why_team_text":"","why_service_title":"","why_service_text":"","template_catalog_visible":"","template_catalog_title":"","template_catalog_text":"","template_catalog_categories_visible":"","demo_title":"Erstellen Sie Ihr Store Locator-Modul","demo_caption":"Konfigurieren Sie Ihren Store Locator und f\u00fcgen Sie ihn kostenlos zu Ihrer Drupal-Website hinzu!","default_faq_hidden":"","app_template_category":[],"platform":"261","template_public_id":"","codecanyon_url":"","codecanyon_item_id":"","codecanyon_price":"","pricing_caption":"","pricing_elfsight_apps_hide_column":"","pricing_elfsight_apps_url":"","pricing_codecanyon_price_caption":"","integration_category":[],"integration_request_title":"","integration_request_cta":"","integration_platform":"","integrations":[],"platform_category":[],"video_schema_markup":"","price":"ab 0 $ \/ Monat","trial":"","benefits":[{"text":"Kostenlose Installationsunterst\u00fctzung"},{"text":"Premium-Support"},{"text":"14-t\u00e4gige R\u00fcckerstattungsgarantie"},{"text":"Lebenslange kostenlose Updates"}],"button_url":"#demo","button_target_blank":"","button_nofollow":"","attributes":[{"name":"Installiert","content":"10,000 - 100,000"},{"name":"Reaktionsfreudig","content":"Ja"},{"name":"Kompatible Browser","content":"Firefox, Safari, Opera, Chrome, Edge"}],"tags":[],"tags_disable_links":"","hide_more_platforms":"","video_object":"","demo_hide_cta":"","demo_hide_cloud_options":"","pricing_title":"","pricing":[{"pricing_icon":"platform","pricing_title":"Elfsight Apps","pricing_title_caption":"Plattformunabh\u00e4ngige Software, die auf jeder Site funktioniert","pricing_price":"ab 0 $ \/ Monat","pricing_price_caption":"Beginnen Sie mit einem kostenlosen Plan","pricing_benefits":[{"text":"Unbegrenzte Domains"},{"text":"Premium-Unternehmensunterst\u00fctzung"},{"text":"Kostenlose Installationsunterst\u00fctzung"},{"text":"Flexibles Design"}],"pricing_button_text":"Zur Website hinzuf\u00fcgen","pricing_button_url":"#demo"}],"related_apps_title":"","related_apps_hidden":"","author":"","image":[],"title":"","job":"","social_networks":[]},"_links":{"self":[{"href":"https:\/\/elfsight.com\/de\/wp-json\/wp\/v2\/pages\/20970","targetHints":{"allow":["GET"]}}],"collection":[{"href":"https:\/\/elfsight.com\/de\/wp-json\/wp\/v2\/pages"}],"about":[{"href":"https:\/\/elfsight.com\/de\/wp-json\/wp\/v2\/types\/page"}],"author":[{"embeddable":true,"href":"https:\/\/elfsight.com\/de\/wp-json\/wp\/v2\/users\/9"}],"replies":[{"embeddable":true,"href":"https:\/\/elfsight.com\/de\/wp-json\/wp\/v2\/comments?post=20970"}],"version-history":[{"count":1,"href":"https:\/\/elfsight.com\/de\/wp-json\/wp\/v2\/pages\/20970\/revisions"}],"predecessor-version":[{"id":20974,"href":"https:\/\/elfsight.com\/de\/wp-json\/wp\/v2\/pages\/20970\/revisions\/20974"}],"up":[{"embeddable":true,"href":"https:\/\/elfsight.com\/de\/wp-json\/wp\/v2\/pages\/7440"}],"wp:attachment":[{"href":"https:\/\/elfsight.com\/de\/wp-json\/wp\/v2\/media?parent=20970"}],"curies":[{"name":"wp","href":"https:\/\/api.w.org\/{rel}","templated":true}]}}