{"id":20969,"date":"2024-05-03T06:49:10","date_gmt":"2024-05-03T06:49:10","guid":{"rendered":"https:\/\/elfsight.com\/de\/?page_id=20969"},"modified":"2025-02-24T17:22:51","modified_gmt":"2025-02-24T17:22:51","slug":"magento","status":"publish","type":"page","link":"https:\/\/elfsight.com\/de\/store-locator-widget\/magento\/","title":{"rendered":"Store Locator &#8211; Magento"},"content":{"rendered":"\n<div class=\"application-platform-content-item-description application-platform-content-item\" id=\"description\" data-nav-section=\"description\"> <h2>Einbetten des Store Locator in Magento mit einer Elfsight-Erweiterung<\/h2> <p>Der Elfsight Store Locator f\u00fcr Magento ist ein leistungsstarkes und anpassbares Widget um den Komfort und die Kundenzufriedenheit Ihrer Website zu steigern, indem Sie Ihren Kunden das Auffinden Ihrer Gesch\u00e4ftsadresse einfacher denn je machen. Mit einer Reihe gro\u00dfartiger Funktionen f\u00fcr Nutzen und Leistung ist dieses Widget Ihre beste L\u00f6sung, um Ihre physischen Ladenstandorte auf verst\u00e4ndliche und benutzerfreundliche Weise darzustellen. F\u00fcgen Sie es jetzt hinzu und sehen Sie, wie es Ihre Website in einen benutzerorientierten Filialfinder verwandelt!<\/p> <p>Durch die Verwendung des Widgets steigern Sie Ihre Vertrauensw\u00fcrdigkeit bei Ihren Kunden, indem Sie detaillierte Informationen \u00fcber die physischen Standorte Ihres Unternehmens bereitstellen und so alle beruhigen deine wahre Pr\u00e4senz. Dies f\u00fchrt zu einer schnelleren Entscheidungsfindung und einem soliden Einkaufserlebnis bei den Kunden. <\/p><p><b>Betten Sie den au\u00dfergew\u00f6hnlichen Filialfinder ein, um Ihren Standort und hilfreiche Betriebsdaten anzuzeigen. Zeigen Sie Ihre physische Adresse und relevante Informationen an, um neue Kunden im Gesch\u00e4ft zu gewinnen. <\/b><\/p> <\/div> <div class=\"application-platform-content-item-features application-platform-content-item\" id=\"features\" data-nav-section=\"features\"> <h2>Hier ist die Liste der wichtigsten Funktionen:<\/h2> <ul><li>Eindeutige Standortanzeige<\/li><li>Interaktive Kartenoptionen<\/li><li>Standort-Aktionsschaltfl\u00e4chen mit Integrationen <\/li><li>Einfache Standortkarte beim Klicken auf eine Markierung<\/li><li>Standort-Gesch\u00e4ftszeiten &amp; aktueller Stand<\/li><\/ul><p><a href=\"#demo\">Sie k\u00f6nnen den vollen Funktionsumfang des Widgets in der Demo auf dieser Seite testen<\/a><\/p><\/div> <div class=\"application-platform-content-item-installation application-platform-content-item\" id=\"installation\" data-nav-section=\"installation\"> <h2>Wie kann ich Store Locator in meine Magento-Site integrieren?<\/h2> <p>Erf\u00fcllen Sie einfach die folgenden Richtlinien, um mit der Verwendung des Plugins zu beginnen. <\/p> <ol><li><b>Verwalten Sie unseren kostenlosen Editor und beginnen Sie mit der Erstellung Ihres personalisierten Widgets. <\/b><br> Bestimmen Sie das bevorzugte Layout und die Funktionen des Plugins und \u00fcbernehmen Sie die \u00c4nderungen. <\/li> <li><b>Erhalten Sie den pers\u00f6nlichen Code, der im Feld auf Elfsight Apps angezeigt wird. <\/b><br> Sobald die Anpassung Ihres pers\u00f6nlichen Tools abgeschlossen ist, kopieren Sie den pers\u00f6nlichen Code aus dem angezeigten Popup und speichern Sie ihn f\u00fcr die zuk\u00fcnftige Verwendung. <\/li> <li><b>Beginnen Sie mit der Nutzung des Tools auf der Magento-Webseite. <\/b><br> Implementieren Sie den Code, den Sie k\u00fcrzlich kopiert haben, auf Ihrer Seite und speichern Sie die Korrekturen. <\/li> <li><b>Fertig! Die Integration ist vollst\u00e4ndig durchgef\u00fchrt. <\/b><br> Besuchen Sie Ihre Seite, um zu sehen, wie das Plugin ausgef\u00fchrt wird. <\/li><\/ol> <p>Wenn Sie Fragen haben oder auf Schwierigkeiten sto\u00dfen, z\u00f6gern Sie nicht, sich an unser Kundendienstteam zu wenden. Unsere Berater helfen Ihnen gerne bei allen Problemen, die Sie mit dem Plugin haben k\u00f6nnten. <\/p> <\/div>\n","protected":false},"excerpt":{"rendered":"","protected":false},"author":9,"featured_media":0,"parent":7440,"menu_order":0,"comment_status":"closed","ping_status":"closed","template":"templates\/template-application-platform.php","meta":{"publish_to_discourse":"","publish_post_category":"","wpdc_auto_publish_overridden":"","wpdc_topic_tags":"","wpdc_pin_topic":"","wpdc_pin_until":"","discourse_post_id":"","discourse_permalink":"","wpdc_publishing_response":"","wpdc_publishing_error":"","footnotes":""},"class_list":["post-20969","page","type-page","status-publish","hentry"],"yoast_head":"<!-- This site is optimized with the Yoast SEO plugin v25.3.1 - https:\/\/yoast.com\/wordpress\/plugins\/seo\/ -->\n<title>Integrieren Sie den Store Locator f\u00fcr Magento \u2013 f\u00fcgen Sie einen praktischen Shop Finder hinzu<\/title>\n<meta name=\"description\" content=\"F\u00fcgen Sie Store Locator zu Magento-Seiten hinzu, um die Glaubw\u00fcrdigkeit zu erh\u00f6hen. Nutzen Sie die praktische Demo von Elfsight, um das ansprechende Widget in nur wenigen Minuten zu erstellen.\" \/>\n<meta name=\"robots\" content=\"index, follow, max-snippet:-1, max-image-preview:large, max-video-preview:-1\" \/>\n<link rel=\"canonical\" href=\"https:\/\/elfsight.com\/de\/store-locator-widget\/magento\/\" \/>\n<meta property=\"og:locale\" content=\"de_DE\" \/>\n<meta property=\"og:type\" content=\"article\" \/>\n<meta property=\"og:title\" content=\"Integrieren Sie den Store Locator f\u00fcr Magento \u2013 f\u00fcgen Sie einen praktischen Shop Finder hinzu\" \/>\n<meta property=\"og:description\" content=\"F\u00fcgen Sie Store Locator zu Magento-Seiten hinzu, um die Glaubw\u00fcrdigkeit zu erh\u00f6hen. Nutzen Sie die praktische Demo von Elfsight, um das ansprechende Widget in nur wenigen Minuten zu erstellen.\" \/>\n<meta property=\"og:url\" content=\"https:\/\/elfsight.com\/de\/store-locator-widget\/magento\/\" \/>\n<meta property=\"og:site_name\" content=\"Elfsight DE\" \/>\n<meta property=\"article:modified_time\" content=\"2025-02-24T17:22:51+00:00\" \/>\n<meta name=\"twitter:card\" content=\"summary_large_image\" \/>\n<meta name=\"twitter:label1\" content=\"Gesch\u00e4tzte Lesezeit\" \/>\n\t<meta name=\"twitter:data1\" content=\"3\u00a0Minuten\" \/>\n<!-- \/ Yoast SEO plugin. -->","yoast_head_json":{"title":"Integrieren Sie den Store Locator f\u00fcr Magento \u2013 f\u00fcgen Sie einen praktischen Shop Finder hinzu","description":"F\u00fcgen Sie Store Locator zu Magento-Seiten hinzu, um die Glaubw\u00fcrdigkeit zu erh\u00f6hen. Nutzen Sie die praktische Demo von Elfsight, um das ansprechende Widget in nur wenigen Minuten zu erstellen.","robots":{"index":"index","follow":"follow","max-snippet":"max-snippet:-1","max-image-preview":"max-image-preview:large","max-video-preview":"max-video-preview:-1"},"canonical":"https:\/\/elfsight.com\/de\/store-locator-widget\/magento\/","og_locale":"de_DE","og_type":"article","og_title":"Integrieren Sie den Store Locator f\u00fcr Magento \u2013 f\u00fcgen Sie einen praktischen Shop Finder hinzu","og_description":"F\u00fcgen Sie Store Locator zu Magento-Seiten hinzu, um die Glaubw\u00fcrdigkeit zu erh\u00f6hen. Nutzen Sie die praktische Demo von Elfsight, um das ansprechende Widget in nur wenigen Minuten zu erstellen.","og_url":"https:\/\/elfsight.com\/de\/store-locator-widget\/magento\/","og_site_name":"Elfsight DE","article_modified_time":"2025-02-24T17:22:51+00:00","twitter_card":"summary_large_image","twitter_misc":{"Gesch\u00e4tzte Lesezeit":"3\u00a0Minuten"},"schema":{"@context":"https:\/\/schema.org","@graph":[{"@type":"WebPage","@id":"https:\/\/elfsight.com\/de\/store-locator-widget\/magento\/","url":"https:\/\/elfsight.com\/de\/store-locator-widget\/magento\/","name":"Integrieren Sie den Store Locator f\u00fcr Magento \u2013 f\u00fcgen Sie einen praktischen Shop Finder hinzu","isPartOf":{"@id":"https:\/\/elfsight.com\/de\/#website"},"datePublished":"2024-05-03T06:49:10+00:00","dateModified":"2025-02-24T17:22:51+00:00","description":"F\u00fcgen Sie Store Locator zu Magento-Seiten hinzu, um die Glaubw\u00fcrdigkeit zu erh\u00f6hen. Nutzen Sie die praktische Demo von Elfsight, um das ansprechende Widget in nur wenigen Minuten zu erstellen.","breadcrumb":{"@id":"https:\/\/elfsight.com\/de\/store-locator-widget\/magento\/#breadcrumb"},"inLanguage":"de","potentialAction":[{"@type":"ReadAction","target":["https:\/\/elfsight.com\/de\/store-locator-widget\/magento\/"]}]},{"@type":"BreadcrumbList","@id":"https:\/\/elfsight.com\/de\/store-locator-widget\/magento\/#breadcrumb","itemListElement":[{"@type":"ListItem","position":1,"name":"Home","item":"https:\/\/elfsight.com\/de\/"},{"@type":"ListItem","position":2,"name":"Store Locator","item":"https:\/\/elfsight.com\/de\/store-locator-widget\/"},{"@type":"ListItem","position":3,"name":"Store Locator &#8211; Magento"}]},{"@type":"WebSite","@id":"https:\/\/elfsight.com\/de\/#website","url":"https:\/\/elfsight.com\/de\/","name":"Elfsight DE","description":"Just another Elfsight Sites site","potentialAction":[{"@type":"SearchAction","target":{"@type":"EntryPoint","urlTemplate":"https:\/\/elfsight.com\/de\/?s={search_term_string}"},"query-input":{"@type":"PropertyValueSpecification","valueRequired":true,"valueName":"search_term_string"}}],"inLanguage":"de"}]}},"meta_box":{"industry":"","seo_heading":"","heading":"","description":"","cta_heading":"","cta_description":"","application":"7436","h1":"Magento Store Locator-Erweiterung","h1_caption":"Zeigen Sie eine Karte mit mehreren Filialstandorten an, damit Ihre Kunden m\u00fchelos den n\u00e4chstgelegenen Standort auf Ihrer Magento-Website finden k\u00f6nnen.","application_category":[],"applications_title":"","applications_request_title":"","applications_request_button_text":"","hero_text":"","hero_video":"","hero_video_schema_markup":"","selling_points_title":"","selling_points_caption":"","selling_points":[],"selling_points_cta_text":"","features_title":"","features":"","ed_cta_examples_text":"","ed_cta_examples_hidden":"","ed_cta_demo_text":"","ed_cta_demo_hidden":"","why_caption":"","why_editor_title":"","why_editor_text":"","why_team_title":"","why_team_text":"","why_service_title":"","why_service_text":"","template_catalog_visible":"0","template_catalog_title":"","template_catalog_text":"","template_catalog_categories_visible":"","demo_title":"Erstellen Sie Ihre Store Locator-Erweiterung","demo_caption":"Konfigurieren Sie Ihren Store Locator und f\u00fcgen Sie ihn kostenlos zu Ihrer Magento-Website hinzu!","default_faq_hidden":"","app_template_category":[],"platform":"256","template_public_id":"","codecanyon_url":"","codecanyon_item_id":"","codecanyon_price":"","pricing_caption":"","pricing_elfsight_apps_hide_column":"","pricing_elfsight_apps_url":"","pricing_codecanyon_price_caption":"","integration_category":[],"integration_request_title":"","integration_request_cta":"","integration_platform":"","integrations":[],"platform_category":[],"video_schema_markup":"","price":"ab 0 $ \/ Monat","trial":"","benefits":[{"text":"Kostenlose Installationshilfe"},{"text":"Premium-Support"},{"text":"14-t\u00e4gige Geld-zur\u00fcck-Garantie"},{"text":"Zuk\u00fcnftige kostenlose Updates"}],"button_url":"#demo","button_target_blank":"0","button_nofollow":"0","attributes":[{"name":"Installiert","content":"10,000 - 100,000"},{"name":"Reaktionsfreudig","content":"Ja"},{"name":"Kompatible Browser","content":"Firefox, Safari, Opera, Chrome, Edge"}],"tags":[],"tags_disable_links":"0","hide_more_platforms":"0","video_object":"","demo_hide_cta":"0","demo_hide_cloud_options":"0","pricing_title":"","pricing":[{"pricing_icon":"platform","pricing_title":"Elfsight Apps","pricing_title_caption":"Plattformunabh\u00e4ngige L\u00f6sung","pricing_price":"ab 0 $ \/ Monat","pricing_price_caption":"Beginnen Sie mit einem kostenlosen Plan","pricing_benefits":[{"text":"Unbegrenzte Domains"},{"text":"Kostenloser Kundensupport"},{"text":"Kostenlose Installationsunterst\u00fctzung"},{"text":"100 % anpassbar"}],"pricing_button_text":"Zur Website hinzuf\u00fcgen","pricing_button_url":"#demo"}],"related_apps_title":"","related_apps_hidden":"0","author":"","image":[],"title":"","job":"","social_networks":[]},"_links":{"self":[{"href":"https:\/\/elfsight.com\/de\/wp-json\/wp\/v2\/pages\/20969","targetHints":{"allow":["GET"]}}],"collection":[{"href":"https:\/\/elfsight.com\/de\/wp-json\/wp\/v2\/pages"}],"about":[{"href":"https:\/\/elfsight.com\/de\/wp-json\/wp\/v2\/types\/page"}],"author":[{"embeddable":true,"href":"https:\/\/elfsight.com\/de\/wp-json\/wp\/v2\/users\/9"}],"replies":[{"embeddable":true,"href":"https:\/\/elfsight.com\/de\/wp-json\/wp\/v2\/comments?post=20969"}],"version-history":[{"count":2,"href":"https:\/\/elfsight.com\/de\/wp-json\/wp\/v2\/pages\/20969\/revisions"}],"predecessor-version":[{"id":24859,"href":"https:\/\/elfsight.com\/de\/wp-json\/wp\/v2\/pages\/20969\/revisions\/24859"}],"up":[{"embeddable":true,"href":"https:\/\/elfsight.com\/de\/wp-json\/wp\/v2\/pages\/7440"}],"wp:attachment":[{"href":"https:\/\/elfsight.com\/de\/wp-json\/wp\/v2\/media?parent=20969"}],"curies":[{"name":"wp","href":"https:\/\/api.w.org\/{rel}","templated":true}]}}