{"id":20964,"date":"2024-05-03T06:49:00","date_gmt":"2024-05-03T06:49:00","guid":{"rendered":"https:\/\/elfsight.com\/de\/?page_id=20964"},"modified":"2025-07-10T08:28:13","modified_gmt":"2025-07-10T08:28:13","slug":"wordpress","status":"publish","type":"page","link":"https:\/\/elfsight.com\/de\/store-locator-widget\/wordpress\/","title":{"rendered":"Store Locator &#8211; WordPress"},"content":{"rendered":"<div class=\"application-platform-content-item-description application-platform-content-item\" id=\"description\" data-nav-section=\"description\"> <h2>Store Locator mit einem Elfsight-Plugin in WordPress einbetten<\/h2> <p>Der Elfsight Store Locator f\u00fcr WordPress ist ein dynamisches und anpassbares Widget um den Nutzen Ihrer Website und das Kundenengagement zu steigern, indem Sie es Ihren Kunden einfacher denn je machen, den Weg zu Ihrem Standort zu finden. Mit einer Reihe leistungsstarker Funktionen, die auf Vielseitigkeit und Leistung ausgelegt sind, ist dieses Widget Ihre perfekte L\u00f6sung, um Ihre physischen Gesch\u00e4ftsstandorte auf verst\u00e4ndliche und bequeme Weise bekannt zu geben. Probieren Sie es jetzt aus und bemerken Sie, wie es Ihre Website in einen wunderbaren Filialfinder verwandelt!<\/p> <p>Durch das Hinzuf\u00fcgen des Widgets steigern Sie Ihre Glaubw\u00fcrdigkeit bei Ihren Kunden, indem Sie detaillierte Informationen \u00fcber die physischen Standorte Ihres Unternehmens weitergeben und so jeden von Ihrem Vertrauen \u00fcberzeugen Gegenwart. Dies f\u00fchrt zu einer besseren Entscheidungsfindung und einem verbesserten Einkaufserlebnis f\u00fcr die Kunden. <\/p><p><b>Probieren Sie den brillanten Filialfinder aus, um Ihren Standort und hilfreiche Betriebsdaten anzuzeigen. Geben Sie Ihre physische Adresse und relevante Informationen an, um neue Kunden im Gesch\u00e4ft einzuladen. <\/b><\/p> <\/div> <div class=\"application-platform-content-item-features application-platform-content-item\" id=\"features\" data-nav-section=\"features\"> <h2>\u00dcberpr\u00fcfen Sie die Liste der n\u00fctzlichsten Funktionen:<\/h2> <ul><li>M\u00fchelose Standortauswahl<\/li><li>Hilfreiche Kartenfunktionen<\/li><li>Standort-CTA-Schaltfl\u00e4chen mit Integrationen aktiviert<\/li><li>Detailliertes Standort-Popup bei Markierungsauswahl<\/li><li>Standort-Gesch\u00e4ftszeiten &amp; aktueller Status<\/li><\/ul><p><a href=\"#demo\">Entdecken Sie alle Einstellungen in einer voll funktionsf\u00e4higen Demo<\/a><\/p><\/div> <div class=\"application-platform-content-item-installation application-platform-content-item\" id=\"installation\" data-nav-section=\"installation\"> <h2>Wie kann ich Store Locator in meine WordPress-Site integrieren?<\/h2> <p>Befolgen Sie einfach die unten aufgef\u00fchrten Schritte, um das Plugin einzuf\u00fcgen. <\/p> <ol><li><b>\u00d6ffnen Sie unsere kostenlose Demo und beginnen Sie mit dem Bau Ihres personalisierten Instruments. <\/b><br> Finden Sie das benutzerdefinierte Erscheinungsbild und die Optionen des Tools und wenden Sie die \u00c4nderungen an. <\/li> <li><b>Lassen Sie sich den pers\u00f6nlichen Code im Fenster von Elfsight Apps anzeigen. <\/b><br> Sobald die Konfiguration Ihres Tools abgeschlossen ist, kopieren Sie den einzelnen Code aus dem angezeigten Popup und bewahren Sie ihn f\u00fcr einen sp\u00e4teren Bedarf auf. <\/li> <li><b>Initiieren Sie die Nutzung des Plugins auf Ihrer WordPress-Homepage. <\/b><br> Betten Sie den Code, den Sie k\u00fcrzlich gespeichert haben, in Ihre Website ein und \u00fcbernehmen Sie die Korrekturen. <\/li> <li><b>Das Setup wurde erfolgreich abgeschlossen. <\/b><br> Besuchen Sie Ihre Webseite, um die Leistung des Plugins in Aktion zu sehen. <\/li><\/ol> <p>Wenn Sie Fragen haben oder auf Probleme sto\u00dfen, wenden Sie sich bitte an unser Support-Personal. Unsere Berater helfen Ihnen gerne bei allen Problemen, die Sie mit dem Widget haben. <\/p><\/div>","protected":false},"excerpt":{"rendered":"","protected":false},"author":9,"featured_media":0,"parent":7440,"menu_order":0,"comment_status":"closed","ping_status":"closed","template":"templates\/template-application-platform.php","meta":{"publish_to_discourse":"","publish_post_category":"","wpdc_auto_publish_overridden":"","wpdc_topic_tags":"","wpdc_pin_topic":"","wpdc_pin_until":"","discourse_post_id":"","discourse_permalink":"","wpdc_publishing_response":"","wpdc_publishing_error":"","footnotes":""},"class_list":["post-20964","page","type-page","status-publish","hentry"],"yoast_head":"<!-- This site is optimized with the Yoast SEO plugin v25.3.1 - https:\/\/yoast.com\/wordpress\/plugins\/seo\/ -->\n<title>Betten Sie den Store Locator in WordPress ein \u2013 legen Sie Ihren Standort klar fest<\/title>\n<meta name=\"description\" content=\"Integrieren Sie einen anpassbaren Store Locator in Ihr WordPress, um die Glaubw\u00fcrdigkeit zu steigern. Entdecken Sie eine \u00fcbersichtliche Demo von Elfsight, um das n\u00fctzliche Widget zu erstellen.\" \/>\n<meta name=\"robots\" content=\"index, follow, max-snippet:-1, max-image-preview:large, max-video-preview:-1\" \/>\n<link rel=\"canonical\" href=\"https:\/\/elfsight.com\/de\/store-locator-widget\/wordpress\/\" \/>\n<meta property=\"og:locale\" content=\"de_DE\" \/>\n<meta property=\"og:type\" content=\"article\" \/>\n<meta property=\"og:title\" content=\"Betten Sie den Store Locator in WordPress ein \u2013 legen Sie Ihren Standort klar fest\" \/>\n<meta property=\"og:description\" content=\"Integrieren Sie einen anpassbaren Store Locator in Ihr WordPress, um die Glaubw\u00fcrdigkeit zu steigern. Entdecken Sie eine \u00fcbersichtliche Demo von Elfsight, um das n\u00fctzliche Widget zu erstellen.\" \/>\n<meta property=\"og:url\" content=\"https:\/\/elfsight.com\/de\/store-locator-widget\/wordpress\/\" \/>\n<meta property=\"og:site_name\" content=\"Elfsight DE\" \/>\n<meta property=\"article:modified_time\" content=\"2025-07-10T08:28:13+00:00\" \/>\n<meta name=\"twitter:card\" content=\"summary_large_image\" \/>\n<meta name=\"twitter:label1\" content=\"Gesch\u00e4tzte Lesezeit\" \/>\n\t<meta name=\"twitter:data1\" content=\"2\u00a0Minuten\" \/>\n<!-- \/ Yoast SEO plugin. -->","yoast_head_json":{"title":"Betten Sie den Store Locator in WordPress ein \u2013 legen Sie Ihren Standort klar fest","description":"Integrieren Sie einen anpassbaren Store Locator in Ihr WordPress, um die Glaubw\u00fcrdigkeit zu steigern. Entdecken Sie eine \u00fcbersichtliche Demo von Elfsight, um das n\u00fctzliche Widget zu erstellen.","robots":{"index":"index","follow":"follow","max-snippet":"max-snippet:-1","max-image-preview":"max-image-preview:large","max-video-preview":"max-video-preview:-1"},"canonical":"https:\/\/elfsight.com\/de\/store-locator-widget\/wordpress\/","og_locale":"de_DE","og_type":"article","og_title":"Betten Sie den Store Locator in WordPress ein \u2013 legen Sie Ihren Standort klar fest","og_description":"Integrieren Sie einen anpassbaren Store Locator in Ihr WordPress, um die Glaubw\u00fcrdigkeit zu steigern. Entdecken Sie eine \u00fcbersichtliche Demo von Elfsight, um das n\u00fctzliche Widget zu erstellen.","og_url":"https:\/\/elfsight.com\/de\/store-locator-widget\/wordpress\/","og_site_name":"Elfsight DE","article_modified_time":"2025-07-10T08:28:13+00:00","twitter_card":"summary_large_image","twitter_misc":{"Gesch\u00e4tzte Lesezeit":"2\u00a0Minuten"},"schema":{"@context":"https:\/\/schema.org","@graph":[{"@type":"WebPage","@id":"https:\/\/elfsight.com\/de\/store-locator-widget\/wordpress\/","url":"https:\/\/elfsight.com\/de\/store-locator-widget\/wordpress\/","name":"Betten Sie den Store Locator in WordPress ein \u2013 legen Sie Ihren Standort klar fest","isPartOf":{"@id":"https:\/\/elfsight.com\/de\/#website"},"datePublished":"2024-05-03T06:49:00+00:00","dateModified":"2025-07-10T08:28:13+00:00","description":"Integrieren Sie einen anpassbaren Store Locator in Ihr WordPress, um die Glaubw\u00fcrdigkeit zu steigern. Entdecken Sie eine \u00fcbersichtliche Demo von Elfsight, um das n\u00fctzliche Widget zu erstellen.","breadcrumb":{"@id":"https:\/\/elfsight.com\/de\/store-locator-widget\/wordpress\/#breadcrumb"},"inLanguage":"de","potentialAction":[{"@type":"ReadAction","target":["https:\/\/elfsight.com\/de\/store-locator-widget\/wordpress\/"]}]},{"@type":"BreadcrumbList","@id":"https:\/\/elfsight.com\/de\/store-locator-widget\/wordpress\/#breadcrumb","itemListElement":[{"@type":"ListItem","position":1,"name":"Home","item":"https:\/\/elfsight.com\/de\/"},{"@type":"ListItem","position":2,"name":"Store Locator","item":"https:\/\/elfsight.com\/de\/store-locator-widget\/"},{"@type":"ListItem","position":3,"name":"Store Locator &#8211; WordPress"}]},{"@type":"WebSite","@id":"https:\/\/elfsight.com\/de\/#website","url":"https:\/\/elfsight.com\/de\/","name":"Elfsight DE","description":"Just another Elfsight Sites site","potentialAction":[{"@type":"SearchAction","target":{"@type":"EntryPoint","urlTemplate":"https:\/\/elfsight.com\/de\/?s={search_term_string}"},"query-input":{"@type":"PropertyValueSpecification","valueRequired":true,"valueName":"search_term_string"}}],"inLanguage":"de"}]}},"meta_box":{"industry":"","seo_heading":"","heading":"","description":"","cta_heading":"","cta_description":"","application":"7436","h1":"WordPress Store Locator-Plugin","h1_caption":"Zeigen Sie eine Karte mit mehreren Filialstandorten an, damit Ihre Kunden m\u00fchelos den n\u00e4chstgelegenen Standort auf Ihrer WordPress-Website finden k\u00f6nnen.","application_category":[],"applications_title":"","applications_request_title":"","applications_request_button_text":"","hero_text":"","hero_video":"","hero_video_schema_markup":"","selling_points_title":"","selling_points_caption":"","selling_points":[],"selling_points_cta_text":"","features_title":"","features":"","ed_cta_examples_text":"","ed_cta_examples_hidden":"","ed_cta_demo_text":"","ed_cta_demo_hidden":"","why_caption":"","why_editor_title":"","why_editor_text":"","why_team_title":"","why_team_text":"","why_service_title":"","why_service_text":"","template_catalog_visible":"","template_catalog_title":"","template_catalog_text":"","template_catalog_categories_visible":"","demo_title":"Erstellen Sie Ihr Store Locator-Plugin","demo_caption":"Konfigurieren Sie Ihren Store Locator und f\u00fcgen Sie ihn kostenlos zu Ihrer WordPress-Website hinzu!","default_faq_hidden":"","app_template_category":[],"platform":"266","template_public_id":"","codecanyon_url":"","codecanyon_item_id":"","codecanyon_price":"","pricing_caption":"","pricing_elfsight_apps_hide_column":"","pricing_elfsight_apps_url":"","pricing_codecanyon_price_caption":"","integration_category":[],"integration_request_title":"","integration_request_cta":"","integration_platform":"","integrations":[],"platform_category":[],"video_schema_markup":"","price":"ab 0 $ \/ Monat","trial":"","benefits":[{"text":"Kostenlose Installationshilfe"},{"text":"Premium-Support"},{"text":"14-t\u00e4gige R\u00fcckerstattungsgarantie"},{"text":"Kontinuierliche kostenlose Verbesserungen"}],"button_url":"#demo","button_target_blank":"","button_nofollow":"","attributes":[{"name":"Installiert","content":"10,000 - 100,000"},{"name":"Reaktionsfreudig","content":"Ja"},{"name":"Kompatible Browser","content":"Firefox, Safari, Opera, Chrome, Edge"}],"tags":[],"tags_disable_links":"","hide_more_platforms":"","video_object":"","demo_hide_cta":"","demo_hide_cloud_options":"","pricing_title":"","pricing":[{"pricing_icon":"platform","pricing_title":"Elfsight Apps","pricing_title_caption":"Plattform\u00fcbergreifende Version","pricing_price":"ab 0 $ \/ Monat","pricing_price_caption":"Beginnen Sie mit einem kostenlosen Plan","pricing_benefits":[{"text":"Unbegrenzte Websites"},{"text":"Kostenloser und p\u00fcnktlicher Support und gut dokumentiert"},{"text":"Kostenloser Installationsservice"},{"text":"100 % anpassbar"}],"pricing_button_text":"Zur Website hinzuf\u00fcgen","pricing_button_url":"#demo"}],"related_apps_title":"","related_apps_hidden":"","author":"","image":[],"title":"","job":"","social_networks":[]},"_links":{"self":[{"href":"https:\/\/elfsight.com\/de\/wp-json\/wp\/v2\/pages\/20964","targetHints":{"allow":["GET"]}}],"collection":[{"href":"https:\/\/elfsight.com\/de\/wp-json\/wp\/v2\/pages"}],"about":[{"href":"https:\/\/elfsight.com\/de\/wp-json\/wp\/v2\/types\/page"}],"author":[{"embeddable":true,"href":"https:\/\/elfsight.com\/de\/wp-json\/wp\/v2\/users\/9"}],"replies":[{"embeddable":true,"href":"https:\/\/elfsight.com\/de\/wp-json\/wp\/v2\/comments?post=20964"}],"version-history":[{"count":1,"href":"https:\/\/elfsight.com\/de\/wp-json\/wp\/v2\/pages\/20964\/revisions"}],"predecessor-version":[{"id":20968,"href":"https:\/\/elfsight.com\/de\/wp-json\/wp\/v2\/pages\/20964\/revisions\/20968"}],"up":[{"embeddable":true,"href":"https:\/\/elfsight.com\/de\/wp-json\/wp\/v2\/pages\/7440"}],"wp:attachment":[{"href":"https:\/\/elfsight.com\/de\/wp-json\/wp\/v2\/media?parent=20964"}],"curies":[{"name":"wp","href":"https:\/\/api.w.org\/{rel}","templated":true}]}}