{"id":20963,"date":"2024-05-03T06:48:50","date_gmt":"2024-05-03T06:48:50","guid":{"rendered":"https:\/\/elfsight.com\/de\/?page_id=20963"},"modified":"2025-02-13T10:32:43","modified_gmt":"2025-02-13T10:32:43","slug":"magento","status":"publish","type":"page","link":"https:\/\/elfsight.com\/de\/social-media-share-buttons\/magento\/","title":{"rendered":"Social Share Buttons &#8211; Magento"},"content":{"rendered":"\n<div class=\"application-platform-content-item-description application-platform-content-item\" id=\"description\" data-nav-section=\"description\"><h2>Beschreibung<\/h2><p>Eine effektive Freigabeerweiterung f\u00fcr alle Websites, die Ihren Benutzern hilft, Ihre Beitr\u00e4ge in verschiedenen sozialen Medien zu teilen. Beginnen Sie mit der Entwicklung Ihres Unternehmens auf Google+, Facebook, LinkedIn und anderen Ressourcen und erreichen Sie noch mehr Abonnenten und Fans mit effektiven Beitr\u00e4gen auf Ihrer pers\u00f6nlichen Website.<\/p><p><b>Erhalten Sie zus\u00e4tzliche Aufrufe und Leser aus sozialen Medien!<\/b><\/p><ul><li><b>Maximale Verbreitung von Inhalten und Artikeln in sozialen Medien<\/b>.<br>Dank praktischem Design und Funktionalit\u00e4t werden Ihre Inhalte mit nur einem Mausklick a massives Teilen in allen sozialen Medien ohne Grenzen.<\/li><li><b>Erweitern Sie Ihre Beitr\u00e4ge, um immer mehr Zuschauer zu haben<\/b>.<br>Geben Sie Ihren Besuchern die M\u00f6glichkeit, Ihre Inhalte einem neuen Publikum zug\u00e4nglich zu machen ohne Aufwand.<\/li><li><b>Verbessern Sie die SEO-Parameter Ihrer Website<\/b>.<br>Steigern Sie den Traffic auf Ihrer Website mit sozialen Medien, um die soziale Akzeptanz Ihrer Website zu steigern und die Position in der Bewertung von Google zu beeinflussen. <\/li><li><b>Abonnentenzahlen in den sozialen Medien steigern<\/b>.<br>Erstklassigen Content generieren? Lassen Sie die Leser es jetzt selbst verteilen und Beitr\u00e4ge ganz einfach f\u00fcr ihre Abonnenten teilen.<\/li><\/ul><\/div><div class=\"application-platform-content-item-features application-platform-content-item\" id=\"features\" data-nav-section=\"features\"><h2>Funktionen<\/h2><p>Was unsere Schaltfl\u00e4chen ausmacht die beste unter den Magento-Share-Erweiterungen? Erfahren Sie mehr \u00fcber die Hauptmerkmale:<\/p><ul><li>Duplizieren Sie die Schaltfl\u00e4chen und ordnen Sie sie nach Bedarf neu an;<\/li><li>Legen Sie eine beliebige Anzahl von Spalten fest, um die Schaltfl\u00e4chen zu organisieren;<\/li><li>Schaltfl\u00e4chenbreite festlegen;<\/li><li>Anpassbare Transparenz der Schaltfl\u00e4chen;<\/li><li>Premium-Support durch professionelles Team.<\/li><\/ul><p><a href=\"#demo\">Entdecken Sie alle Vorteile in einer kostenlosen Demo<\/a><\/p><\/div><div class=\"application-platform-content-item-installation application-platform-content-item\" id=\"installation\" data-nav-section=\"installation\"><h2>So f\u00fcgen Sie Share Buttons zu Magento hinzu<\/h2><p>Befolgen Sie einfach die folgenden Schritte Unten dargestellt, um das Widget in Magento einzubetten.<\/p> <ol><li><b>F\u00fchren Sie unseren kostenlosen Konfigurator aus und beginnen Sie mit der Erstellung Ihres ma\u00dfgeschneiderten Instruments. <\/b><br> W\u00e4hlen Sie das bevorzugte Layout und die Spezifikationen der Social Share Buttons-Erweiterung und \u00fcbernehmen Sie die \u00c4nderungen. <\/li> <li><b>Kopieren Sie den eindeutigen Code, der in der Box von Elfsight Apps angezeigt wird. <\/b><br> Wenn die Einrichtung Ihrer pers\u00f6nlichen Nebenstelle abgeschlossen ist, kopieren Sie den individuellen Code im angezeigten Popup und speichern Sie ihn f\u00fcr zuk\u00fcnftige Gelegenheiten. <\/li> <li><b>Beginn der Verwendung des Widgets auf der Magento-Website. <\/b><br> Betten Sie den zuvor kopierten Code in Ihre Seite ein und speichern Sie die Verbesserungen. <\/li> <li><b>Fertig! Die Integration ist vollst\u00e4ndig beendet. <\/b><br> Sehen Sie sich auf Ihrer Seite an, wie die Erweiterung funktioniert. <\/li><\/ol><p>Ben\u00f6tigen Sie Ratschl\u00e4ge zur Platzierung oder Gestaltung der Erweiterung? Das Elfsight-Team unterst\u00fctzt Sie gerne und findet eine L\u00f6sung! Sie k\u00f6nnen die Abfrage auch selbst mit unserem umfassenden Tutorial \u00ab<a href=\"https:\/\/elfsight.com\/tutorials\/how-to-add-social-share-buttons-to-magento\/\" target=\"_blank\" rel=\"noopener\">So zeigen Sie Share-Buttons auf der Magento-Site an<\/a>\u00bb.<\/p><\/div><div class=\"faq\" data-component=\"FAQ\"><div class=\"faq-item\">\r\n\t\t\t\t\t<div class=\"faq-item-question\">\r\n\t\t\t\t\t\t<h3 class=\"faq-item-question-text\">Wie kann Ich bette Social Share Buttons ohne Codierung in mein Magento ein?<\/h3>\r\n\r\n\t\t\t\t\t\t<div class=\"faq-item-question-icon\"><\/div>\r\n\t\t\t\t\t<\/div>\r\n\r\n\t\t\t\t\t<div class=\"faq-item-answer\">\r\n\t\t\t\t\t\t<div class=\"faq-item-answer-text\"> Erstellen Sie mit der Live-Demo einen Abschnitt mit den Social-Share-Buttons, den Sie gerne auf Magento sehen w\u00fcrden.<\/li><li>Entscheiden Sie sich f\u00fcr eine der vorgefertigten Vorlagen und passen Sie die Einstellungen f\u00fcr die Social-Share-Buttons an, aktualisieren Sie Ihren Inhalt, \u00e4ndern Sie das Layout und die Farbe Schema ohne Programmierkenntnisse.<\/li><li>Speichern Sie die Social Share Buttons und kopieren Sie den Installationscode des Plugins, der einfach und kostenlos in jede Magento-Site eingebettet werden kann.<\/li><\/ul><p>Mit unserem Mit dem benutzerfreundlichen Konfigurator kann jeder Internetnutzer den Bereich \u201eSocial Share Buttons\u201c online erstellen und ihn problemlos in die Magento-Website einbetten. Sie m\u00fcssen weder bezahlen noch Ihre Kartendaten einreichen, um den Editor zu betreten. Wenn Sie auf Hindernisse jeglicher Art sto\u00dfen, wenden Sie sich bitte an unsere Support-Mitarbeiter.<\/p><\/div>\r\n\t\t\t\t\t<\/div>\r\n\t\t\t\t<\/div><\/div>\n","protected":false},"excerpt":{"rendered":"","protected":false},"author":9,"featured_media":0,"parent":983,"menu_order":0,"comment_status":"closed","ping_status":"closed","template":"templates\/template-application-platform.php","meta":{"publish_to_discourse":"","publish_post_category":"","wpdc_auto_publish_overridden":"","wpdc_topic_tags":"","wpdc_pin_topic":"","wpdc_pin_until":"","discourse_post_id":"","discourse_permalink":"","wpdc_publishing_response":"","wpdc_publishing_error":"","footnotes":""},"class_list":["post-20963","page","type-page","status-publish","hentry"],"yoast_head":"<!-- This site is optimized with the Yoast SEO plugin v25.3.1 - https:\/\/yoast.com\/wordpress\/plugins\/seo\/ -->\n<title>Social-Share-Buttons \u2013 F\u00fcgen Sie Share-Buttons zur Magento-Website hinzu<\/title>\n<meta name=\"description\" content=\"Integrieren Sie Social Share Buttons in nur wenigen Minuten in Ihre Magento-Website. Schnelle und einfache Erstellung vielf\u00e4ltiger Website-Erweiterungen durch Elfsight.\" \/>\n<meta name=\"robots\" content=\"index, follow, max-snippet:-1, max-image-preview:large, max-video-preview:-1\" \/>\n<link rel=\"canonical\" href=\"https:\/\/elfsight.com\/de\/social-media-share-buttons\/magento\/\" \/>\n<meta property=\"og:locale\" content=\"de_DE\" \/>\n<meta property=\"og:type\" content=\"article\" \/>\n<meta property=\"og:title\" content=\"Social-Share-Buttons \u2013 F\u00fcgen Sie Share-Buttons zur Magento-Website hinzu\" \/>\n<meta property=\"og:description\" content=\"Integrieren Sie Social Share Buttons in nur wenigen Minuten in Ihre Magento-Website. Schnelle und einfache Erstellung vielf\u00e4ltiger Website-Erweiterungen durch Elfsight.\" \/>\n<meta property=\"og:url\" content=\"https:\/\/elfsight.com\/de\/social-media-share-buttons\/magento\/\" \/>\n<meta property=\"og:site_name\" content=\"Elfsight DE\" \/>\n<meta property=\"article:modified_time\" content=\"2025-02-13T10:32:43+00:00\" \/>\n<meta name=\"twitter:card\" content=\"summary_large_image\" \/>\n<meta name=\"twitter:label1\" content=\"Gesch\u00e4tzte Lesezeit\" \/>\n\t<meta name=\"twitter:data1\" content=\"4\u00a0Minuten\" \/>\n<!-- \/ Yoast SEO plugin. -->","yoast_head_json":{"title":"Social-Share-Buttons \u2013 F\u00fcgen Sie Share-Buttons zur Magento-Website hinzu","description":"Integrieren Sie Social Share Buttons in nur wenigen Minuten in Ihre Magento-Website. Schnelle und einfache Erstellung vielf\u00e4ltiger Website-Erweiterungen durch Elfsight.","robots":{"index":"index","follow":"follow","max-snippet":"max-snippet:-1","max-image-preview":"max-image-preview:large","max-video-preview":"max-video-preview:-1"},"canonical":"https:\/\/elfsight.com\/de\/social-media-share-buttons\/magento\/","og_locale":"de_DE","og_type":"article","og_title":"Social-Share-Buttons \u2013 F\u00fcgen Sie Share-Buttons zur Magento-Website hinzu","og_description":"Integrieren Sie Social Share Buttons in nur wenigen Minuten in Ihre Magento-Website. Schnelle und einfache Erstellung vielf\u00e4ltiger Website-Erweiterungen durch Elfsight.","og_url":"https:\/\/elfsight.com\/de\/social-media-share-buttons\/magento\/","og_site_name":"Elfsight DE","article_modified_time":"2025-02-13T10:32:43+00:00","twitter_card":"summary_large_image","twitter_misc":{"Gesch\u00e4tzte Lesezeit":"4\u00a0Minuten"},"schema":{"@context":"https:\/\/schema.org","@graph":[{"@type":"WebPage","@id":"https:\/\/elfsight.com\/de\/social-media-share-buttons\/magento\/","url":"https:\/\/elfsight.com\/de\/social-media-share-buttons\/magento\/","name":"Social-Share-Buttons \u2013 F\u00fcgen Sie Share-Buttons zur Magento-Website hinzu","isPartOf":{"@id":"https:\/\/elfsight.com\/de\/#website"},"datePublished":"2024-05-03T06:48:50+00:00","dateModified":"2025-02-13T10:32:43+00:00","description":"Integrieren Sie Social Share Buttons in nur wenigen Minuten in Ihre Magento-Website. Schnelle und einfache Erstellung vielf\u00e4ltiger Website-Erweiterungen durch Elfsight.","breadcrumb":{"@id":"https:\/\/elfsight.com\/de\/social-media-share-buttons\/magento\/#breadcrumb"},"inLanguage":"de","potentialAction":[{"@type":"ReadAction","target":["https:\/\/elfsight.com\/de\/social-media-share-buttons\/magento\/"]}]},{"@type":"BreadcrumbList","@id":"https:\/\/elfsight.com\/de\/social-media-share-buttons\/magento\/#breadcrumb","itemListElement":[{"@type":"ListItem","position":1,"name":"Home","item":"https:\/\/elfsight.com\/de\/"},{"@type":"ListItem","position":2,"name":"Social Share Buttons","item":"https:\/\/elfsight.com\/de\/social-media-share-buttons\/"},{"@type":"ListItem","position":3,"name":"Social Share Buttons &#8211; Magento"}]},{"@type":"WebSite","@id":"https:\/\/elfsight.com\/de\/#website","url":"https:\/\/elfsight.com\/de\/","name":"Elfsight DE","description":"Just another Elfsight Sites site","potentialAction":[{"@type":"SearchAction","target":{"@type":"EntryPoint","urlTemplate":"https:\/\/elfsight.com\/de\/?s={search_term_string}"},"query-input":{"@type":"PropertyValueSpecification","valueRequired":true,"valueName":"search_term_string"}}],"inLanguage":"de"}]}},"meta_box":{"industry":"","seo_heading":"","heading":"","description":"","cta_heading":"","cta_description":"","application":"467","h1":"Social-Share-Buttons f\u00fcr Magento","h1_caption":"F\u00fcgen Sie Ihrer Website Social-Media-Sharing-Buttons hinzu, damit Besucher Ihre Inhalte m\u00fchelos \u00fcber mehrere Plattformen hinweg auf Ihrer Magento-Website teilen k\u00f6nnen.","application_category":[],"applications_title":"","applications_request_title":"","applications_request_button_text":"","hero_text":"","hero_video":"","hero_video_schema_markup":"","selling_points_title":"","selling_points_caption":"","selling_points":[],"selling_points_cta_text":"","features_title":"","features":"","ed_cta_examples_text":"","ed_cta_examples_hidden":"","ed_cta_demo_text":"","ed_cta_demo_hidden":"","why_caption":"","why_editor_title":"","why_editor_text":"","why_team_title":"","why_team_text":"","why_service_title":"","why_service_text":"","template_catalog_visible":"0","template_catalog_title":"","template_catalog_text":"","template_catalog_categories_visible":"","demo_title":"Erstellen Sie Ihre Social Share Buttons-Erweiterung","demo_caption":"Konfigurieren Sie Ihre Social Share Buttons und f\u00fcgen Sie sie kostenlos zu Ihrer Magento-Website hinzu!","default_faq_hidden":"","app_template_category":[],"platform":"256","template_public_id":"","codecanyon_url":"","codecanyon_item_id":"","codecanyon_price":"","pricing_caption":"","pricing_elfsight_apps_hide_column":"","pricing_elfsight_apps_url":"","pricing_codecanyon_price_caption":"","integration_category":[],"integration_request_title":"","integration_request_cta":"","integration_platform":"","integrations":[],"platform_category":[],"video_schema_markup":"","price":"ab 0 $ \/ Monat","trial":"","benefits":[{"text":"Kostenloser Installationsservice"},{"text":"Au\u00dfergew\u00f6hnlicher Support"},{"text":"14-t\u00e4gige R\u00fcckerstattungsgarantie"},{"text":"Lebenslange Updates"}],"button_url":"#demo","button_target_blank":"0","button_nofollow":"0","attributes":[{"name":"Installiert","content":"10,000 - 100,000"},{"name":"Reaktionsfreudig","content":"Ja"},{"name":"Kompatible Browser","content":"Firefox, Safari, Opera, Chrome, Edge"}],"tags":[],"tags_disable_links":"0","hide_more_platforms":"0","video_object":"","demo_hide_cta":"0","demo_hide_cloud_options":"0","pricing_title":"","pricing":[{"pricing_icon":"platform","pricing_title":"Elfsight Apps","pricing_title_caption":"Plattform\u00fcbergreifende digitale L\u00f6sung, die f\u00fcr jede Website geeignet ist","pricing_price":"ab 0 $ \/ Monat","pricing_price_caption":"Beginnen Sie mit einem kostenlosen Plan","pricing_benefits":[{"text":"Unbegrenzte Domains"},{"text":"Schneller Support und gut dokumentiert"},{"text":"Kostenlose Installationsunterst\u00fctzung"},{"text":"100 % anpassbar"}],"pricing_button_text":"Zur Website hinzuf\u00fcgen","pricing_button_url":"#demo"}],"related_apps_title":"","related_apps_hidden":"0","author":"","image":[],"title":"","job":"","social_networks":[]},"_links":{"self":[{"href":"https:\/\/elfsight.com\/de\/wp-json\/wp\/v2\/pages\/20963","targetHints":{"allow":["GET"]}}],"collection":[{"href":"https:\/\/elfsight.com\/de\/wp-json\/wp\/v2\/pages"}],"about":[{"href":"https:\/\/elfsight.com\/de\/wp-json\/wp\/v2\/types\/page"}],"author":[{"embeddable":true,"href":"https:\/\/elfsight.com\/de\/wp-json\/wp\/v2\/users\/9"}],"replies":[{"embeddable":true,"href":"https:\/\/elfsight.com\/de\/wp-json\/wp\/v2\/comments?post=20963"}],"version-history":[{"count":3,"href":"https:\/\/elfsight.com\/de\/wp-json\/wp\/v2\/pages\/20963\/revisions"}],"predecessor-version":[{"id":24087,"href":"https:\/\/elfsight.com\/de\/wp-json\/wp\/v2\/pages\/20963\/revisions\/24087"}],"up":[{"embeddable":true,"href":"https:\/\/elfsight.com\/de\/wp-json\/wp\/v2\/pages\/983"}],"wp:attachment":[{"href":"https:\/\/elfsight.com\/de\/wp-json\/wp\/v2\/media?parent=20963"}],"curies":[{"name":"wp","href":"https:\/\/api.w.org\/{rel}","templated":true}]}}