{"id":20962,"date":"2024-05-03T06:48:40","date_gmt":"2024-05-03T06:48:40","guid":{"rendered":"https:\/\/elfsight.com\/de\/?page_id=20962"},"modified":"2025-02-13T10:16:08","modified_gmt":"2025-02-13T10:16:08","slug":"facebook","status":"publish","type":"page","link":"https:\/\/elfsight.com\/de\/social-media-share-buttons\/facebook\/","title":{"rendered":"Social Share Buttons &#8211; Facebook Page"},"content":{"rendered":"\n<div class=\"application-platform-content-item-description application-platform-content-item\" id=\"description\" data-nav-section=\"description\"><h2>Beschreibung<\/h2><p>Der einfache Social-Button f\u00fcr alle Seiten, der es Ihren Benutzern erm\u00f6glicht, Informationen und Beitr\u00e4ge in sozialen Medien zu ver\u00f6ffentlichen. Starten Sie den Ausbau Ihrer Marke in sozialen Netzwerken und gewinnen Sie mehr Follower und Fans durch einzigartige Ver\u00f6ffentlichungen auf Ihrer pers\u00f6nlichen Seite.<\/p><p><b>Erhalten Sie mehr Klicks und Follower aus sozialen Medien!<\/b><\/p><\/div><div class=\"application-platform-content-item-features application-platform-content-item\" id=\"features\" data-nav-section=\"features\"><h2>Funktionen<\/h2><p>Was macht unsere Schaltfl\u00e4chen zu den besten unter den Teilen-Widgets f\u00fcr Facebook-Seiten? Entdecken Sie unsere grundlegenden Punkte:<\/p><ul><li>3 Optionen f\u00fcr die Schaltfl\u00e4chenform;<\/li><li>Anzuzeigende Schaltfl\u00e4chenelemente festlegen;<\/li><li>4 vordefinierte Schaltfl\u00e4chenstile;<\/li><li>Anpassbare Transparenz der Schaltfl\u00e4chen;<\/li><li>Transparenz des Hover-Effekts festlegen.<\/li><\/ul><p><a href=\"#demo\">Weitere Funktionen in einer kostenlosen Demo<\/a><\/p><\/div> <div class=\"application-platform-content-item-installation application-platform-content-item\" id=\"installation\" data-nav-section=\"installation\"><h2>So f\u00fcgen Sie Share-Buttons zur Facebook-Unternehmensseite hinzu<\/h2><p>Eine Kurzanleitung zum Platzieren von Buttons ohne Programmier- oder Einstellungskenntnisse Fernprogrammierer. Sie ben\u00f6tigen 1 Minute, um die Anleitung auszuf\u00fchren.<\/p><ul><li><b>Erstellen Sie Ihr ma\u00dfgeschneidertes Share-Widget<\/b><br>Erstellen Sie Schaltfl\u00e4chen mit einem bevorzugten Design und funktionalen Merkmalen.<\/li><li><b>Holen Sie sich den pers\u00f6nlichen Code zum Ver\u00f6ffentlichen des Widgets<\/b><br>Nachdem Sie Ihr Widget eingerichtet haben, erhalten Sie den Installationscode aus dem erscheinenden Fenster auf Elfsight Apps. Kopieren Sie es.<\/li><li><b>F\u00fcgen Sie die Schaltfl\u00e4chen zur Facebook-Seite hinzu<\/b><br>Erstellen Sie Ihren benutzerdefinierten Facebook-Tab. F\u00fcgen Sie den Code, den Sie bei elfsight apps erhalten haben, in die Registerkarte ein. Wenn Sie Probleme haben, lesen Sie einfach unseren Leitfaden unter <a href=\"https:\/\/elfsight.com\/blog\/how-to-add-custom-tab-to-facebook-page\/\" target=\"_blank\" rel=\"noopener noreferrer\">Benutzerdefinierten Facebook-Tab erstellen<\/a><\/li><li><b>Die Einbettung ist erfolgreich!<\/b><br>Besuchen Sie den Store, um Ihr Widget anzuzeigen.<\/li><\/ul><p>Ben\u00f6tigen Sie Hilfe beim Platzieren oder Einstellen der Social Buttons? Unser Team bietet Ihnen gerne eine L\u00f6sung!<\/p><\/div>\n","protected":false},"excerpt":{"rendered":"","protected":false},"author":9,"featured_media":0,"parent":983,"menu_order":0,"comment_status":"closed","ping_status":"closed","template":"templates\/template-application-platform.php","meta":{"publish_to_discourse":"","publish_post_category":"","wpdc_auto_publish_overridden":"","wpdc_topic_tags":"","wpdc_pin_topic":"","wpdc_pin_until":"","discourse_post_id":"","discourse_permalink":"","wpdc_publishing_response":"","wpdc_publishing_error":"","footnotes":""},"class_list":["post-20962","page","type-page","status-publish","hentry"],"yoast_head":"<!-- This site is optimized with the Yoast SEO plugin v25.3.1 - https:\/\/yoast.com\/wordpress\/plugins\/seo\/ -->\n<title>Hinzuf\u00fcgen von Social-Share-Buttons zum benutzerdefinierten Tab der Facebook-Seite (2025)<\/title>\n<meta name=\"description\" content=\"Installieren Sie Social Share Buttons in wenigen Minuten auf Ihrer Facebook-Seite. Schnelle und einfache Einstellung verschiedener Seiten-Plugins durch Elfsight.\" \/>\n<meta name=\"robots\" content=\"index, follow, max-snippet:-1, max-image-preview:large, max-video-preview:-1\" \/>\n<link rel=\"canonical\" href=\"https:\/\/elfsight.com\/de\/social-media-share-buttons\/facebook\/\" \/>\n<meta property=\"og:locale\" content=\"de_DE\" \/>\n<meta property=\"og:type\" content=\"article\" \/>\n<meta property=\"og:title\" content=\"Hinzuf\u00fcgen von Social-Share-Buttons zum benutzerdefinierten Tab der Facebook-Seite (2025)\" \/>\n<meta property=\"og:description\" content=\"Installieren Sie Social Share Buttons in wenigen Minuten auf Ihrer Facebook-Seite. Schnelle und einfache Einstellung verschiedener Seiten-Plugins durch Elfsight.\" \/>\n<meta property=\"og:url\" content=\"https:\/\/elfsight.com\/de\/social-media-share-buttons\/facebook\/\" \/>\n<meta property=\"og:site_name\" content=\"Elfsight DE\" \/>\n<meta property=\"article:modified_time\" content=\"2025-02-13T10:16:08+00:00\" \/>\n<meta name=\"twitter:card\" content=\"summary_large_image\" \/>\n<meta name=\"twitter:label1\" content=\"Gesch\u00e4tzte Lesezeit\" \/>\n\t<meta name=\"twitter:data1\" content=\"2\u00a0Minuten\" \/>\n<!-- \/ Yoast SEO plugin. -->","yoast_head_json":{"title":"Hinzuf\u00fcgen von Social-Share-Buttons zum benutzerdefinierten Tab der Facebook-Seite (2025)","description":"Installieren Sie Social Share Buttons in wenigen Minuten auf Ihrer Facebook-Seite. Schnelle und einfache Einstellung verschiedener Seiten-Plugins durch Elfsight.","robots":{"index":"index","follow":"follow","max-snippet":"max-snippet:-1","max-image-preview":"max-image-preview:large","max-video-preview":"max-video-preview:-1"},"canonical":"https:\/\/elfsight.com\/de\/social-media-share-buttons\/facebook\/","og_locale":"de_DE","og_type":"article","og_title":"Hinzuf\u00fcgen von Social-Share-Buttons zum benutzerdefinierten Tab der Facebook-Seite (2025)","og_description":"Installieren Sie Social Share Buttons in wenigen Minuten auf Ihrer Facebook-Seite. Schnelle und einfache Einstellung verschiedener Seiten-Plugins durch Elfsight.","og_url":"https:\/\/elfsight.com\/de\/social-media-share-buttons\/facebook\/","og_site_name":"Elfsight DE","article_modified_time":"2025-02-13T10:16:08+00:00","twitter_card":"summary_large_image","twitter_misc":{"Gesch\u00e4tzte Lesezeit":"2\u00a0Minuten"},"schema":{"@context":"https:\/\/schema.org","@graph":[{"@type":"WebPage","@id":"https:\/\/elfsight.com\/de\/social-media-share-buttons\/facebook\/","url":"https:\/\/elfsight.com\/de\/social-media-share-buttons\/facebook\/","name":"Hinzuf\u00fcgen von Social-Share-Buttons zum benutzerdefinierten Tab der Facebook-Seite (2025)","isPartOf":{"@id":"https:\/\/elfsight.com\/de\/#website"},"datePublished":"2024-05-03T06:48:40+00:00","dateModified":"2025-02-13T10:16:08+00:00","description":"Installieren Sie Social Share Buttons in wenigen Minuten auf Ihrer Facebook-Seite. Schnelle und einfache Einstellung verschiedener Seiten-Plugins durch Elfsight.","breadcrumb":{"@id":"https:\/\/elfsight.com\/de\/social-media-share-buttons\/facebook\/#breadcrumb"},"inLanguage":"de","potentialAction":[{"@type":"ReadAction","target":["https:\/\/elfsight.com\/de\/social-media-share-buttons\/facebook\/"]}]},{"@type":"BreadcrumbList","@id":"https:\/\/elfsight.com\/de\/social-media-share-buttons\/facebook\/#breadcrumb","itemListElement":[{"@type":"ListItem","position":1,"name":"Home","item":"https:\/\/elfsight.com\/de\/"},{"@type":"ListItem","position":2,"name":"Social Share Buttons","item":"https:\/\/elfsight.com\/de\/social-media-share-buttons\/"},{"@type":"ListItem","position":3,"name":"Social Share Buttons &#8211; Facebook Page"}]},{"@type":"WebSite","@id":"https:\/\/elfsight.com\/de\/#website","url":"https:\/\/elfsight.com\/de\/","name":"Elfsight DE","description":"Just another Elfsight Sites site","potentialAction":[{"@type":"SearchAction","target":{"@type":"EntryPoint","urlTemplate":"https:\/\/elfsight.com\/de\/?s={search_term_string}"},"query-input":{"@type":"PropertyValueSpecification","valueRequired":true,"valueName":"search_term_string"}}],"inLanguage":"de"}]}},"meta_box":{"industry":"","seo_heading":"","heading":"","description":"","cta_heading":"","cta_description":"","application":"467","h1":"Social-Share-Buttons f\u00fcr die Facebook-Unternehmensseite","h1_caption":"F\u00fcgen Sie Ihrer Website Social-Media-Sharing-Buttons hinzu, damit Besucher Ihre Inhalte m\u00fchelos \u00fcber mehrere Plattformen hinweg auf Ihrer Facebook-Seiten-Website teilen k\u00f6nnen.","application_category":[],"applications_title":"","applications_request_title":"","applications_request_button_text":"","hero_text":"","hero_video":"","hero_video_schema_markup":"","selling_points_title":"","selling_points_caption":"","selling_points":[],"selling_points_cta_text":"","features_title":"","features":"","ed_cta_examples_text":"","ed_cta_examples_hidden":"","ed_cta_demo_text":"","ed_cta_demo_hidden":"","why_caption":"","why_editor_title":"","why_editor_text":"","why_team_title":"","why_team_text":"","why_service_title":"","why_service_text":"","template_catalog_visible":"0","template_catalog_title":"","template_catalog_text":"","template_catalog_categories_visible":"","demo_title":"Erstellen Sie Ihr Social-Share-Buttons-Widget","demo_caption":"Konfigurieren Sie Ihre Social Share Buttons und f\u00fcgen Sie sie kostenlos Ihrer Facebook-Seite hinzu!","default_faq_hidden":"","app_template_category":[],"platform":"216","template_public_id":"","codecanyon_url":"","codecanyon_item_id":"","codecanyon_price":"","pricing_caption":"","pricing_elfsight_apps_hide_column":"","pricing_elfsight_apps_url":"","pricing_codecanyon_price_caption":"","integration_category":[],"integration_request_title":"","integration_request_cta":"","integration_platform":"","integrations":[],"platform_category":[],"video_schema_markup":"","price":"ab 0 $ \/ Monat","trial":"","benefits":[{"text":"Kostenlose Installationshilfe"},{"text":"Effektiver Kundenservice"},{"text":"14-t\u00e4gige R\u00fcckerstattungsgarantie"},{"text":"Regelm\u00e4\u00dfige kostenlose Verbesserungen"}],"button_url":"#demo","button_target_blank":"0","button_nofollow":"0","attributes":[{"name":"Installiert","content":"10,000 - 100,000"},{"name":"Reaktionsfreudig","content":"Ja"},{"name":"Kompatible Browser","content":"Safari, Opera, Firefox, Edge, Chrome"}],"tags":[],"tags_disable_links":"0","hide_more_platforms":"0","video_object":"","demo_hide_cta":"0","demo_hide_cloud_options":"0","pricing_title":"","pricing":[{"pricing_icon":"platform","pricing_title":"Elfsight Apps","pricing_title_caption":"Plattform\u00fcbergreifende digitale L\u00f6sung","pricing_price":"ab 0 $ \/ Monat","pricing_price_caption":"Beginnen Sie mit einem kostenlosen Plan","pricing_benefits":[{"text":"Unbegrenzte Domains"},{"text":"Kostenloser und p\u00fcnktlicher Support"},{"text":"Kostenloser Installationssupport"},{"text":"Vollst\u00e4ndig anpassbar"}],"pricing_button_text":"Zur Website hinzuf\u00fcgen","pricing_button_url":"#demo"}],"related_apps_title":"","related_apps_hidden":"0","author":"","image":[],"title":"","job":"","social_networks":[]},"_links":{"self":[{"href":"https:\/\/elfsight.com\/de\/wp-json\/wp\/v2\/pages\/20962","targetHints":{"allow":["GET"]}}],"collection":[{"href":"https:\/\/elfsight.com\/de\/wp-json\/wp\/v2\/pages"}],"about":[{"href":"https:\/\/elfsight.com\/de\/wp-json\/wp\/v2\/types\/page"}],"author":[{"embeddable":true,"href":"https:\/\/elfsight.com\/de\/wp-json\/wp\/v2\/users\/9"}],"replies":[{"embeddable":true,"href":"https:\/\/elfsight.com\/de\/wp-json\/wp\/v2\/comments?post=20962"}],"version-history":[{"count":2,"href":"https:\/\/elfsight.com\/de\/wp-json\/wp\/v2\/pages\/20962\/revisions"}],"predecessor-version":[{"id":24077,"href":"https:\/\/elfsight.com\/de\/wp-json\/wp\/v2\/pages\/20962\/revisions\/24077"}],"up":[{"embeddable":true,"href":"https:\/\/elfsight.com\/de\/wp-json\/wp\/v2\/pages\/983"}],"wp:attachment":[{"href":"https:\/\/elfsight.com\/de\/wp-json\/wp\/v2\/media?parent=20962"}],"curies":[{"name":"wp","href":"https:\/\/api.w.org\/{rel}","templated":true}]}}