{"id":20956,"date":"2024-05-03T06:48:20","date_gmt":"2024-05-03T06:48:20","guid":{"rendered":"https:\/\/elfsight.com\/de\/?page_id=20956"},"modified":"2025-02-13T09:22:42","modified_gmt":"2025-02-13T09:22:42","slug":"webnode","status":"publish","type":"page","link":"https:\/\/elfsight.com\/de\/social-media-icons-widget\/webnode\/","title":{"rendered":"Social Media Icons &#8211; Webnode"},"content":{"rendered":"\n<div class=\"application-platform-content-item-description application-platform-content-item\" id=\"description\" data-nav-section=\"description\"><h2>Beschreibung<\/h2><p>Praktische und vorteilhafte Social Icons von Elfsight zur Integration Ihrer Website in die ben\u00f6tigten sozialen Netzwerke. St\u00e4rken Sie die Bindung zu Ihren Nutzern und machen Sie sie zu Ihren Fans. Ein adaptives Layout, umfangreiche Anpassungsparameter f\u00fcr Benutzeroberfl\u00e4che und Design mit fertigen Symbolen aller beliebtesten sozialen Medien.<\/p><p><b>Steigern Sie die Popularit\u00e4t Ihrer Marke in sozialen Medien.<\/b><\/p><ul><li><b>Mehr Follower haben<\/b>.<br>Bestimmen Sie den Weg zu Ihren sozialen Profilen und erh\u00f6hen Sie die Chancen, dass Ihre Website-Leser zu Ihren Abonnenten werden.<\/li><li><b>Maximal Anzahl der Besucher f\u00fcr Ihre sozialen Profile<\/b>.<br>Bieten Sie Website-Kunden eine schnelle M\u00f6glichkeit, Ihre soziale Seite zu erreichen und maximale Besucherzahlen in sozialen Netzwerken zu erzielen.<\/li><li><b>Effektive Einbindung der Besucher<\/b>.<br>Erz\u00e4hlen Sie von Ihrer aktiven Existenz in sozialen Netzwerken und erregen Sie erh\u00f6hte Aufmerksamkeit f\u00fcr Ihr Unternehmen bei den Kunden der Website.<\/li><\/ul><\/div><div class=\"application-platform-content-item-features application-platform-content-item\" id=\"features\" data-nav-section=\"features\"><h2>Funktionen<\/h2><p>Die herausragendsten Eigenschaften, die Elfsight-Symbole zum besten Webnode-Social-Widget machen.<\/p><ul><li>F\u00fcgen Sie ein neues Medium hinzu, indem Sie einfach eine URL in Ihr Profil einf\u00fcgen;<\/li><li>5 Optionen f\u00fcr die Symbolgr\u00f6\u00dfe;<\/li><li>3 Ausrichtungsvarianten der Symbole: links, rechts, zentriert;<\/li><li>Symbole und Hintergrund \u00e4ndern ihre Farbe, wenn Sie mit der Maus dar\u00fcber fahren;<\/li> <li>5 Arten von Animationen beim Hover.<\/li><\/ul><p><a href=\"#demo\">Probieren Sie die wichtigsten Funktionen in unserem Konfigurator aus<\/a><\/p><\/div> <div class=\"application-platform-content-item-installation application-platform-content-item\" id=\"installation\" data-nav-section=\"installation\"><h2>So f\u00fcgen Sie Social-Media-Symbole zu Webnode hinzu<\/h2><p>Eine klare Anleitung zum Anzeigen von Symbolen auf einer Website ohne Erfahrung in der Programmierung. Die vollst\u00e4ndige Einrichtungszeit betr\u00e4gt etwa 90 Sekunden.<\/p><ol><li><b>Erstellen Sie Ihre pers\u00f6nlichen Social Icons<\/b>.<br>Verwenden Sie unseren kostenlosen Konfigurator, ein Plugin mit den erforderlichen Vorlagen und Kapazit\u00e4ten.<\/li><li><b>Erhalten Sie den Code zum Einrichten des Plugins<\/b>.<br>Nach der Widget-Generierung erhalten Sie den Code f\u00fcr das Icons-Plugin aus der Popup-Benachrichtigung auf Elfsight Apps.<\/li><li><b>Zeigen Sie das Plugin auf der Webnode-Website an<\/b>.<br>Zeigen Sie das Plugin an der gew\u00fcnschten Stelle der Website an und \u00fcbernehmen Sie die \u00c4nderungen.<\/li><li><b>Sie haben die Installation vollst\u00e4ndig durchgef\u00fchrt<\/b>.<br>Gehen Sie zu Ihrer Website, um Ihre Symbole zu \u00fcberpr\u00fcfen.<\/li><\/ol>\n\n<p>Konnte die Icons nicht gestalten oder auf der Website einf\u00fcgen? Lesen Sie unser vollst\u00e4ndiges Handbuch \u00ab<a href=\"https:\/\/elfsight.com\/tutorials\/how-to-add-social-media-icons-to-webnode\/\" target=\"_blank\" rel=\"noopener noreferrer\">Wie man Icons auf Webnode installiert<\/a>\u00bb oder hinterlassen Sie eine Anfrage bei unserem Support-Team.<\/p>\n<\/div>\n<div class=\"faq\" data-component=\"FAQ\">\n<div class=\"faq-item\">\r\n\t\t\t\t\t<div class=\"faq-item-question\">\r\n\t\t\t\t\t\t<h3 class=\"faq-item-question-text\">Gibt es eine M\u00f6glichkeit, Social Media-Icons auf meiner Webnode-Website ohne Programmierkenntnisse hinzuzuf\u00fcgen?<\/h3>\r\n\r\n\t\t\t\t\t\t<div class=\"faq-item-question-icon\"><\/div>\r\n\t\t\t\t\t<\/div>\r\n\r\n\t\t\t\t\t<div class=\"faq-item-answer\">\r\n\t\t\t\t\t\t<div class=\"faq-item-answer-text\">\n\n<p>Das Unternehmen Elfsight bietet eine SaaS-L\u00f6sung, mit der Sie selbst eine Social Media Icons-App erstellen k\u00f6nnen. Sehen Sie, wie einfach der Prozess ist:<\/p>\n<ul>\n<li>Gehen Sie zum Online-Editor, um ein Social Media Icons-Widget zu erstellen, das Sie auf Ihrer Webnode-Website einf\u00fcgen m\u00f6chten.<\/li>\n<li>W\u00e4hlen Sie eine der vorgefertigten Vorlagen aus und passen Sie die Einstellungen f\u00fcr die Social Media Icons an, f\u00fcgen Sie Ihre Inhalte hinzu und \u00e4ndern Sie Layout und Farben, ganz ohne Programmierkenntnisse.<\/li>\n<li>Speichern Sie die Social Media Icons und erhalten Sie den Code f\u00fcr das Einbetten, der problemlos auf der Webnode-Website eingef\u00fcgt werden kann, ohne einen kostenpflichtigen Plan zu kaufen.<\/li>\n<\/ul>\n<p>Mit unserem einfachen Editor kann jeder Internetnutzer das Social Media Icons-Plugin erstellen und problemlos auf der Webnode-Webseite hinzuf\u00fcgen. Es ist nicht notwendig, zu zahlen oder Ihre Kreditkartendaten anzugeben, um unseren Service zu nutzen. Wenn Sie auf Probleme sto\u00dfen, z\u00f6gern Sie nicht, sich an unser Support-Team zu wenden.<\/p>\n<\/div>\r\n\t\t\t\t\t<\/div>\r\n\t\t\t\t<\/div>\n<\/div>\n\n","protected":false},"excerpt":{"rendered":"","protected":false},"author":9,"featured_media":0,"parent":2084,"menu_order":0,"comment_status":"closed","ping_status":"closed","template":"templates\/template-application-platform.php","meta":{"publish_to_discourse":"","publish_post_category":"","wpdc_auto_publish_overridden":"","wpdc_topic_tags":"","wpdc_pin_topic":"","wpdc_pin_until":"","discourse_post_id":"","discourse_permalink":"","wpdc_publishing_response":"","wpdc_publishing_error":"","footnotes":""},"class_list":["post-20956","page","type-page","status-publish","hentry"],"yoast_head":"<!-- This site is optimized with the Yoast SEO plugin v25.3.1 - https:\/\/yoast.com\/wordpress\/plugins\/seo\/ -->\n<title>Social-Media-Symbole \u2013 F\u00fcgen Sie das Widget \u201eSocial-Media-Symbole\u201c zu Webnode hinzu<\/title>\n<meta name=\"description\" content=\"Testen Sie jetzt unsere Social Media Icons f\u00fcr Webnode. Richten Sie in wenigen Minuten Ihre benutzerdefinierten Symbole f\u00fcr Ihre Website ein!\" \/>\n<meta name=\"robots\" content=\"index, follow, max-snippet:-1, max-image-preview:large, max-video-preview:-1\" \/>\n<link rel=\"canonical\" href=\"https:\/\/elfsight.com\/de\/social-media-icons-widget\/webnode\/\" \/>\n<meta property=\"og:locale\" content=\"de_DE\" \/>\n<meta property=\"og:type\" content=\"article\" \/>\n<meta property=\"og:title\" content=\"Social-Media-Symbole \u2013 F\u00fcgen Sie das Widget \u201eSocial-Media-Symbole\u201c zu Webnode hinzu\" \/>\n<meta property=\"og:description\" content=\"Testen Sie jetzt unsere Social Media Icons f\u00fcr Webnode. Richten Sie in wenigen Minuten Ihre benutzerdefinierten Symbole f\u00fcr Ihre Website ein!\" \/>\n<meta property=\"og:url\" content=\"https:\/\/elfsight.com\/de\/social-media-icons-widget\/webnode\/\" \/>\n<meta property=\"og:site_name\" content=\"Elfsight DE\" \/>\n<meta property=\"article:modified_time\" content=\"2025-02-13T09:22:42+00:00\" \/>\n<meta name=\"twitter:card\" content=\"summary_large_image\" \/>\n<meta name=\"twitter:label1\" content=\"Gesch\u00e4tzte Lesezeit\" \/>\n\t<meta name=\"twitter:data1\" content=\"3\u00a0Minuten\" \/>\n<!-- \/ Yoast SEO plugin. -->","yoast_head_json":{"title":"Social-Media-Symbole \u2013 F\u00fcgen Sie das Widget \u201eSocial-Media-Symbole\u201c zu Webnode hinzu","description":"Testen Sie jetzt unsere Social Media Icons f\u00fcr Webnode. Richten Sie in wenigen Minuten Ihre benutzerdefinierten Symbole f\u00fcr Ihre Website ein!","robots":{"index":"index","follow":"follow","max-snippet":"max-snippet:-1","max-image-preview":"max-image-preview:large","max-video-preview":"max-video-preview:-1"},"canonical":"https:\/\/elfsight.com\/de\/social-media-icons-widget\/webnode\/","og_locale":"de_DE","og_type":"article","og_title":"Social-Media-Symbole \u2013 F\u00fcgen Sie das Widget \u201eSocial-Media-Symbole\u201c zu Webnode hinzu","og_description":"Testen Sie jetzt unsere Social Media Icons f\u00fcr Webnode. Richten Sie in wenigen Minuten Ihre benutzerdefinierten Symbole f\u00fcr Ihre Website ein!","og_url":"https:\/\/elfsight.com\/de\/social-media-icons-widget\/webnode\/","og_site_name":"Elfsight DE","article_modified_time":"2025-02-13T09:22:42+00:00","twitter_card":"summary_large_image","twitter_misc":{"Gesch\u00e4tzte Lesezeit":"3\u00a0Minuten"},"schema":{"@context":"https:\/\/schema.org","@graph":[{"@type":"WebPage","@id":"https:\/\/elfsight.com\/de\/social-media-icons-widget\/webnode\/","url":"https:\/\/elfsight.com\/de\/social-media-icons-widget\/webnode\/","name":"Social-Media-Symbole \u2013 F\u00fcgen Sie das Widget \u201eSocial-Media-Symbole\u201c zu Webnode hinzu","isPartOf":{"@id":"https:\/\/elfsight.com\/de\/#website"},"datePublished":"2024-05-03T06:48:20+00:00","dateModified":"2025-02-13T09:22:42+00:00","description":"Testen Sie jetzt unsere Social Media Icons f\u00fcr Webnode. Richten Sie in wenigen Minuten Ihre benutzerdefinierten Symbole f\u00fcr Ihre Website ein!","breadcrumb":{"@id":"https:\/\/elfsight.com\/de\/social-media-icons-widget\/webnode\/#breadcrumb"},"inLanguage":"de","potentialAction":[{"@type":"ReadAction","target":["https:\/\/elfsight.com\/de\/social-media-icons-widget\/webnode\/"]}]},{"@type":"BreadcrumbList","@id":"https:\/\/elfsight.com\/de\/social-media-icons-widget\/webnode\/#breadcrumb","itemListElement":[{"@type":"ListItem","position":1,"name":"Home","item":"https:\/\/elfsight.com\/de\/"},{"@type":"ListItem","position":2,"name":"Social Media Icons","item":"https:\/\/elfsight.com\/de\/social-media-icons-widget\/"},{"@type":"ListItem","position":3,"name":"Social Media Icons &#8211; Webnode"}]},{"@type":"WebSite","@id":"https:\/\/elfsight.com\/de\/#website","url":"https:\/\/elfsight.com\/de\/","name":"Elfsight DE","description":"Just another Elfsight Sites site","potentialAction":[{"@type":"SearchAction","target":{"@type":"EntryPoint","urlTemplate":"https:\/\/elfsight.com\/de\/?s={search_term_string}"},"query-input":{"@type":"PropertyValueSpecification","valueRequired":true,"valueName":"search_term_string"}}],"inLanguage":"de"}]}},"meta_box":{"industry":"","seo_heading":"","heading":"","description":"","cta_heading":"","cta_description":"","application":"466","h1":"Social-Media-Symbole f\u00fcr Webnode","h1_caption":"F\u00fcgen Sie Symbole hinzu, die auf Ihre Social-Media-Profile verweisen, damit Besucher m\u00fchelos plattform\u00fcbergreifend mit Ihnen auf Ihrer Webnode-Website in Kontakt treten k\u00f6nnen.","application_category":[],"applications_title":"","applications_request_title":"","applications_request_button_text":"","hero_text":"","hero_video":"","hero_video_schema_markup":"","selling_points_title":"","selling_points_caption":"","selling_points":[],"selling_points_cta_text":"","features_title":"","features":"","ed_cta_examples_text":"","ed_cta_examples_hidden":"","ed_cta_demo_text":"","ed_cta_demo_hidden":"","why_caption":"","why_editor_title":"","why_editor_text":"","why_team_title":"","why_team_text":"","why_service_title":"","why_service_text":"","template_catalog_visible":"0","template_catalog_title":"","template_catalog_text":"","template_catalog_categories_visible":"","demo_title":"Erstellen Sie Ihr Social-Media-Icons-Widget","demo_caption":"Konfigurieren Sie Ihre Social-Media-Icons und f\u00fcgen Sie sie kostenlos zu Ihrer Webnode-Website hinzu!","default_faq_hidden":"","app_template_category":[],"platform":"248","template_public_id":"","codecanyon_url":"","codecanyon_item_id":"","codecanyon_price":"","pricing_caption":"","pricing_elfsight_apps_hide_column":"","pricing_elfsight_apps_url":"","pricing_codecanyon_price_caption":"","integration_category":[],"integration_request_title":"","integration_request_cta":"","integration_platform":"","integrations":[],"platform_category":[],"video_schema_markup":"","price":"ab 0 $ \/ Monat","trial":"","benefits":[{"text":"Kostenlose Installationshilfe"},{"text":"Erfahrener Kundensupport"},{"text":"14-t\u00e4gige R\u00fcckerstattungsgarantie"},{"text":"Zuk\u00fcnftige Verbesserungen"}],"button_url":"#demo","button_target_blank":"0","button_nofollow":"0","attributes":[{"name":"Installiert","content":"10,000 - 100,000"},{"name":"Reaktionsfreudig","content":"Ja"},{"name":"Kompatible Browser","content":"Firefox, Safari, Opera, Chrome, Edge"}],"tags":[],"tags_disable_links":"0","hide_more_platforms":"0","video_object":"","demo_hide_cta":"0","demo_hide_cloud_options":"0","pricing_title":"","pricing":[{"pricing_icon":"platform","pricing_title":"Elfsight Apps","pricing_title_caption":"Multiplattform-Software, die auf jeder Website funktioniert","pricing_price":"ab 0 $ \/ Monat","pricing_price_caption":"Beginnen Sie mit einem kostenlosen Plan","pricing_benefits":[{"text":"Unbegrenzte Domains"},{"text":"Engagierte Unternehmensunterst\u00fctzung"},{"text":"Kostenloser Installationsservice"},{"text":"Tolles Angebot f\u00fcr mehrere Apps"}],"pricing_button_text":"Zur Website hinzuf\u00fcgen","pricing_button_url":"#demo"}],"related_apps_title":"","related_apps_hidden":"0","author":"","image":[],"title":"","job":"","social_networks":[]},"_links":{"self":[{"href":"https:\/\/elfsight.com\/de\/wp-json\/wp\/v2\/pages\/20956","targetHints":{"allow":["GET"]}}],"collection":[{"href":"https:\/\/elfsight.com\/de\/wp-json\/wp\/v2\/pages"}],"about":[{"href":"https:\/\/elfsight.com\/de\/wp-json\/wp\/v2\/types\/page"}],"author":[{"embeddable":true,"href":"https:\/\/elfsight.com\/de\/wp-json\/wp\/v2\/users\/9"}],"replies":[{"embeddable":true,"href":"https:\/\/elfsight.com\/de\/wp-json\/wp\/v2\/comments?post=20956"}],"version-history":[{"count":3,"href":"https:\/\/elfsight.com\/de\/wp-json\/wp\/v2\/pages\/20956\/revisions"}],"predecessor-version":[{"id":24057,"href":"https:\/\/elfsight.com\/de\/wp-json\/wp\/v2\/pages\/20956\/revisions\/24057"}],"up":[{"embeddable":true,"href":"https:\/\/elfsight.com\/de\/wp-json\/wp\/v2\/pages\/2084"}],"wp:attachment":[{"href":"https:\/\/elfsight.com\/de\/wp-json\/wp\/v2\/media?parent=20956"}],"curies":[{"name":"wp","href":"https:\/\/api.w.org\/{rel}","templated":true}]}}