{"id":20954,"date":"2024-05-03T06:48:00","date_gmt":"2024-05-03T06:48:00","guid":{"rendered":"https:\/\/elfsight.com\/de\/?page_id=20954"},"modified":"2025-07-10T08:22:43","modified_gmt":"2025-07-10T08:22:43","slug":"jquery","status":"publish","type":"page","link":"https:\/\/elfsight.com\/de\/social-feed-widget\/jquery\/","title":{"rendered":"Social Feed &#8211; jQuery"},"content":{"rendered":"<div class=\"application-platform-content-item-description application-platform-content-item\" id=\"description\" data-nav-section=\"description\"> <h2>Beschreibung<\/h2> <p>Elfsight Social Feed f\u00fcr jQuery ist ein Plugin f\u00fcr die Vermarktung nicht nur von Artikeln, sondern auch von Emotionen und Erfahrungen. Damit k\u00f6nnen Sie einen benutzerdefinierten Feed erstellen, der aus Inhalten verschiedener Netzwerke besteht: Instagram, Pinterest, Facebook, Twitter, Tumblr, YouTube, Vimeo \u2013 und ihn direkt auf Ihrer Website demonstrieren. Erstellen Sie mit wenigen Klicks eine Galerie oder einen Produktkatalog! Genie\u00dfen Sie die vollst\u00e4ndige Kontrolle \u00fcber einen demonstrierten Inhalt mit mehreren Filteroptionen und filtern Sie Spam und alle unerw\u00fcnschten Inhalte durch manuelle Moderation aus. Der vollst\u00e4ndig responsive Online-Editor bietet Ihnen zahlreiche Vorlagen zur Auswahl. <\/p> <p><b>Testen Sie Social Wall, um Ihre E-Commerce-H\u00f6hepunkte mit weniger Aufwand zu erreichen! <\/b><\/p> <\/div> <div class=\"faq\" data-component=\"FAQ\"><div class=\"faq-item\">\r\n\t\t\t\t\t<div class=\"faq-item-question\">\r\n\t\t\t\t\t\t<h3 class=\"faq-item-question-text\">Wie f\u00fcge ich einen Social Media Feed zur jQuery hinzu?<\/h3>\r\n\r\n\t\t\t\t\t\t<div class=\"faq-item-question-icon\"><\/div>\r\n\t\t\t\t\t<\/div>\r\n\r\n\t\t\t\t\t<div class=\"faq-item-answer\">\r\n\t\t\t\t\t\t<div class=\"faq-item-answer-text\"><p>Die Erstellung Die Ausf\u00fchrung des Widgets erfolgt auf den Elfsight-Seiten und Sie m\u00fcssen nicht lernen, wie man programmiert. Nutzen Sie unsere aktive Demo, um Ihr eigenes Tool zu entwickeln, erhalten Sie den Code und betten Sie ihn in Ihre Website ein. <\/p><\/div>\r\n\t\t\t\t\t<\/div>\r\n\t\t\t\t<\/div><div class=\"faq-item\">\r\n\t\t\t\t\t<div class=\"faq-item-question\">\r\n\t\t\t\t\t\t<h3 class=\"faq-item-question-text\">Wie erhalte ich Social-Media-Karussell- oder YouTube-Feeds mit Elfsight-Plugins?<\/h3>\r\n\r\n\t\t\t\t\t\t<div class=\"faq-item-question-icon\"><\/div>\r\n\t\t\t\t\t<\/div>\r\n\r\n\t\t\t\t\t<div class=\"faq-item-answer\">\r\n\t\t\t\t\t\t<div class=\"faq-item-answer-text\"><p>Eine Vielzahl von Vorlagen ist anwendbar: Raster, Galerie, Mauerwerk , Liste, Feed und viele andere, sowie anpassbare Layouteinstellungen, um sie an Ihre Bedingungen anzupassen. Gerne k\u00f6nnen Sie nahezu jedes Widget erstellen, das Ihnen fehlt. <\/p><\/div>\r\n\t\t\t\t\t<\/div>\r\n\t\t\t\t<\/div><div class=\"faq-item\">\r\n\t\t\t\t\t<div class=\"faq-item-question\">\r\n\t\t\t\t\t\t<h3 class=\"faq-item-question-text\">Warum funktioniert\/aktualisiert sich mein Social Wall-Feed nicht?<\/h3>\r\n\r\n\t\t\t\t\t\t<div class=\"faq-item-question-icon\"><\/div>\r\n\t\t\t\t\t<\/div>\r\n\r\n\t\t\t\t\t<div class=\"faq-item-answer\">\r\n\t\t\t\t\t\t<div class=\"faq-item-answer-text\"><p>Sobald Sie Probleme mit den Social-Media-Widgets haben, beheben Sie das Problem Kundensupport-Team. Der Support ist f\u00fcr alle Elfsight-Kunden absolut kostenlos. <\/p><\/div>\r\n\t\t\t\t\t<\/div>\r\n\t\t\t\t<\/div><\/div><div class=\"application-platform-content-item-features application-platform-content-item\" id=\"features\" data-nav-section=\"features\"> <h2>Die grundlegenden Widget-Funktionen umfassen<\/h2> <ul><li>Zeigen Sie Ihre Inhalte aus zahlreichen sozialen Medien an. <\/li><li>Entfernen Sie Spam und unerw\u00fcnschte Inhalte mithilfe des manuellen Moderationsmodus. <\/li><li>Legen Sie die Schaltfl\u00e4che \u201eFolgen\u201c im Widget-Feed fest. <\/li><li>Lassen Sie Ihre Beitr\u00e4ge in einem Pop-up erscheinen. <\/li><\/ul><p><a href=\"#demo\">Probieren Sie einfach diese Demo aus, um einen vollst\u00e4ndigen \u00dcberblick zu erhalten<\/a><\/p> <\/div> <div class=\"application-platform-content-item-installation application-platform-content-item\" id=\"installation\" data-nav-section=\"installation\"> <h2>Wie bette ich das Social-Media-Feed-Plugin in meine jQuery-Website ein? <\/h2> <p>Erf\u00fcllen Sie einfach die folgenden Richtlinien, um das Widget hinzuzuf\u00fcgen. <\/p> <ol><li><b>Verwalten Sie unseren kostenlosen Konfigurator und beginnen Sie mit der Gestaltung Ihres einzigartigen Plugins. <\/b><br> Finden Sie das ausgew\u00e4hlte Aussehen und die Optionen des Plugins und \u00fcbernehmen Sie die \u00c4nderungen. <\/li> <li><b>Kopieren Sie Ihren individuellen Code, der in der Box auf Elfsight Apps angezeigt wird. <\/b><br> Nachdem die Generierung Ihres Widgets abgeschlossen ist, kopieren Sie den einzelnen Code im angezeigten Popup und bewahren Sie ihn zur sp\u00e4teren Verwendung auf. <\/li> <li><b>Machen Sie Angaben zur Verwendung des Social Wall-Plugins auf der jQuery-Site. <\/b><br> Integrieren Sie den zuvor kopierten Code in Ihre Seite und \u00fcbernehmen Sie die Anpassungen. <\/li> <li><b>Du bist fertig! Das Setup wurde erfolgreich beendet. <\/b><br> Besuchen Sie Ihre Webseite, um einen Blick auf die Funktionsweise des Widgets zu werfen. <\/li><\/ol> <p>Falls Sie auf Hindernisse sto\u00dfen, z\u00f6gern Sie nicht, unserem Support-Team zu schreiben. Unsere Berater helfen Ihnen gerne bei allen Schwierigkeiten, die Sie mit dem Produkt haben k\u00f6nnten. <\/p> <\/div>","protected":false},"excerpt":{"rendered":"","protected":false},"author":9,"featured_media":0,"parent":3560,"menu_order":0,"comment_status":"closed","ping_status":"closed","template":"templates\/template-application-platform.php","meta":{"publish_to_discourse":"","publish_post_category":"","wpdc_auto_publish_overridden":"","wpdc_topic_tags":"","wpdc_pin_topic":"","wpdc_pin_until":"","discourse_post_id":"","discourse_permalink":"","wpdc_publishing_response":"","wpdc_publishing_error":"","footnotes":""},"class_list":["post-20954","page","type-page","status-publish","hentry"],"yoast_head":"<!-- This site is optimized with the Yoast SEO plugin v25.3.1 - https:\/\/yoast.com\/wordpress\/plugins\/seo\/ -->\n<title>F\u00fcgen Sie das Social Wall-Plugin zur jQuery-Website hinzu (schnell und kostenlos)<\/title>\n<meta name=\"description\" content=\"Integrieren Sie ein benutzerfreundliches jQuery-Social-Feed-Plugin auf Ihrer jQuery-Site. Probieren Sie die praktische Elfsight-Demo aus und erstellen Sie Ihr stilvolles Social Wall-Plugin]\" \/>\n<meta name=\"robots\" content=\"index, follow, max-snippet:-1, max-image-preview:large, max-video-preview:-1\" \/>\n<link rel=\"canonical\" href=\"https:\/\/elfsight.com\/de\/social-feed-widget\/jquery\/\" \/>\n<meta property=\"og:locale\" content=\"de_DE\" \/>\n<meta property=\"og:type\" content=\"article\" \/>\n<meta property=\"og:title\" content=\"F\u00fcgen Sie das Social Wall-Plugin zur jQuery-Website hinzu (schnell und kostenlos)\" \/>\n<meta property=\"og:description\" content=\"Integrieren Sie ein benutzerfreundliches jQuery-Social-Feed-Plugin auf Ihrer jQuery-Site. Probieren Sie die praktische Elfsight-Demo aus und erstellen Sie Ihr stilvolles Social Wall-Plugin]\" \/>\n<meta property=\"og:url\" content=\"https:\/\/elfsight.com\/de\/social-feed-widget\/jquery\/\" \/>\n<meta property=\"og:site_name\" content=\"Elfsight DE\" \/>\n<meta property=\"article:modified_time\" content=\"2025-07-10T08:22:43+00:00\" \/>\n<meta name=\"twitter:card\" content=\"summary_large_image\" \/>\n<meta name=\"twitter:label1\" content=\"Gesch\u00e4tzte Lesezeit\" \/>\n\t<meta name=\"twitter:data1\" content=\"3\u00a0Minuten\" \/>\n<!-- \/ Yoast SEO plugin. -->","yoast_head_json":{"title":"F\u00fcgen Sie das Social Wall-Plugin zur jQuery-Website hinzu (schnell und kostenlos)","description":"Integrieren Sie ein benutzerfreundliches jQuery-Social-Feed-Plugin auf Ihrer jQuery-Site. Probieren Sie die praktische Elfsight-Demo aus und erstellen Sie Ihr stilvolles Social Wall-Plugin]","robots":{"index":"index","follow":"follow","max-snippet":"max-snippet:-1","max-image-preview":"max-image-preview:large","max-video-preview":"max-video-preview:-1"},"canonical":"https:\/\/elfsight.com\/de\/social-feed-widget\/jquery\/","og_locale":"de_DE","og_type":"article","og_title":"F\u00fcgen Sie das Social Wall-Plugin zur jQuery-Website hinzu (schnell und kostenlos)","og_description":"Integrieren Sie ein benutzerfreundliches jQuery-Social-Feed-Plugin auf Ihrer jQuery-Site. Probieren Sie die praktische Elfsight-Demo aus und erstellen Sie Ihr stilvolles Social Wall-Plugin]","og_url":"https:\/\/elfsight.com\/de\/social-feed-widget\/jquery\/","og_site_name":"Elfsight DE","article_modified_time":"2025-07-10T08:22:43+00:00","twitter_card":"summary_large_image","twitter_misc":{"Gesch\u00e4tzte Lesezeit":"3\u00a0Minuten"},"schema":{"@context":"https:\/\/schema.org","@graph":[{"@type":"WebPage","@id":"https:\/\/elfsight.com\/de\/social-feed-widget\/jquery\/","url":"https:\/\/elfsight.com\/de\/social-feed-widget\/jquery\/","name":"F\u00fcgen Sie das Social Wall-Plugin zur jQuery-Website hinzu (schnell und kostenlos)","isPartOf":{"@id":"https:\/\/elfsight.com\/de\/#website"},"datePublished":"2024-05-03T06:48:00+00:00","dateModified":"2025-07-10T08:22:43+00:00","description":"Integrieren Sie ein benutzerfreundliches jQuery-Social-Feed-Plugin auf Ihrer jQuery-Site. Probieren Sie die praktische Elfsight-Demo aus und erstellen Sie Ihr stilvolles Social Wall-Plugin]","breadcrumb":{"@id":"https:\/\/elfsight.com\/de\/social-feed-widget\/jquery\/#breadcrumb"},"inLanguage":"de","potentialAction":[{"@type":"ReadAction","target":["https:\/\/elfsight.com\/de\/social-feed-widget\/jquery\/"]}]},{"@type":"BreadcrumbList","@id":"https:\/\/elfsight.com\/de\/social-feed-widget\/jquery\/#breadcrumb","itemListElement":[{"@type":"ListItem","position":1,"name":"Home","item":"https:\/\/elfsight.com\/de\/"},{"@type":"ListItem","position":2,"name":"Social Feed","item":"https:\/\/elfsight.com\/de\/social-feed-widget\/"},{"@type":"ListItem","position":3,"name":"Social Feed &#8211; jQuery"}]},{"@type":"WebSite","@id":"https:\/\/elfsight.com\/de\/#website","url":"https:\/\/elfsight.com\/de\/","name":"Elfsight DE","description":"Just another Elfsight Sites site","potentialAction":[{"@type":"SearchAction","target":{"@type":"EntryPoint","urlTemplate":"https:\/\/elfsight.com\/de\/?s={search_term_string}"},"query-input":{"@type":"PropertyValueSpecification","valueRequired":true,"valueName":"search_term_string"}}],"inLanguage":"de"}]}},"meta_box":{"industry":"","seo_heading":"","heading":"","description":"","cta_heading":"","cta_description":"","application":"3559","h1":"jQuery Social Media Feed-Plugin","h1_caption":"Fassen Sie Inhalte von mehreren Social-Media-Plattformen in einem dynamischen Feed zusammen und stellen Sie Ihren Besuchern m\u00fchelos frische und ansprechende Inhalte auf Ihrer jQuery-Website zur Verf\u00fcgung.","application_category":[],"applications_title":"","applications_request_title":"","applications_request_button_text":"","hero_text":"","hero_video":"","hero_video_schema_markup":"","selling_points_title":"","selling_points_caption":"","selling_points":[],"selling_points_cta_text":"","features_title":"","features":"","ed_cta_examples_text":"","ed_cta_examples_hidden":"","ed_cta_demo_text":"","ed_cta_demo_hidden":"","why_caption":"","why_editor_title":"","why_editor_text":"","why_team_title":"","why_team_text":"","why_service_title":"","why_service_text":"","template_catalog_visible":"","template_catalog_title":"","template_catalog_text":"","template_catalog_categories_visible":"","demo_title":"Erstellen Sie Ihr Social-Feed-Plugin","demo_caption":"Konfigurieren Sie Ihren Social Feed und f\u00fcgen Sie ihn kostenlos zu Ihrer jQuery-Website hinzu!","default_faq_hidden":"","app_template_category":[],"platform":"258","template_public_id":"","codecanyon_url":"","codecanyon_item_id":"","codecanyon_price":"","pricing_caption":"","pricing_elfsight_apps_hide_column":"","pricing_elfsight_apps_url":"","pricing_codecanyon_price_caption":"","integration_category":[],"integration_request_title":"","integration_request_cta":"","integration_platform":"","integrations":[],"platform_category":[],"video_schema_markup":"","price":"ab 0 $ \/ Monat","trial":"","benefits":[{"text":"Kostenlose Installationsunterst\u00fctzung"},{"text":"Premium-Support"},{"text":"14-t\u00e4gige R\u00fcckerstattungsgarantie"},{"text":"Laufende kostenlose Verbesserungen"}],"button_url":"#demo","button_target_blank":"","button_nofollow":"","attributes":[{"name":"Installiert","content":"100,000 - 500,000"},{"name":"Reaktionsfreudig","content":"Ja"},{"name":"Kompatible Browser","content":"Firefox, Safari, Opera, Edge"}],"tags":[],"tags_disable_links":"","hide_more_platforms":"","video_object":"","demo_hide_cta":"","demo_hide_cloud_options":"","pricing_title":"","pricing":[{"pricing_icon":"platform","pricing_title":"Elfsight Apps","pricing_title_caption":"Plattform\u00fcbergreifende Version","pricing_price":"ab 0 $ \/ Monat","pricing_price_caption":"Beginnen Sie mit einem kostenlosen Plan","pricing_benefits":[{"text":"Unbegrenzte Domains"},{"text":"Premium-Unternehmensunterst\u00fctzung"},{"text":"Kostenlose Installationsunterst\u00fctzung"},{"text":"Zeitlich begrenztes Angebot f\u00fcr mehrere Apps"}],"pricing_button_text":"Zur Website hinzuf\u00fcgen","pricing_button_url":"#demo"}],"related_apps_title":"","related_apps_hidden":"","author":"","image":[],"title":"","job":"","social_networks":[]},"_links":{"self":[{"href":"https:\/\/elfsight.com\/de\/wp-json\/wp\/v2\/pages\/20954","targetHints":{"allow":["GET"]}}],"collection":[{"href":"https:\/\/elfsight.com\/de\/wp-json\/wp\/v2\/pages"}],"about":[{"href":"https:\/\/elfsight.com\/de\/wp-json\/wp\/v2\/types\/page"}],"author":[{"embeddable":true,"href":"https:\/\/elfsight.com\/de\/wp-json\/wp\/v2\/users\/9"}],"replies":[{"embeddable":true,"href":"https:\/\/elfsight.com\/de\/wp-json\/wp\/v2\/comments?post=20954"}],"version-history":[{"count":2,"href":"https:\/\/elfsight.com\/de\/wp-json\/wp\/v2\/pages\/20954\/revisions"}],"predecessor-version":[{"id":21918,"href":"https:\/\/elfsight.com\/de\/wp-json\/wp\/v2\/pages\/20954\/revisions\/21918"}],"up":[{"embeddable":true,"href":"https:\/\/elfsight.com\/de\/wp-json\/wp\/v2\/pages\/3560"}],"wp:attachment":[{"href":"https:\/\/elfsight.com\/de\/wp-json\/wp\/v2\/media?parent=20954"}],"curies":[{"name":"wp","href":"https:\/\/api.w.org\/{rel}","templated":true}]}}