{"id":20938,"date":"2024-05-03T06:46:40","date_gmt":"2024-05-03T06:46:40","guid":{"rendered":"https:\/\/elfsight.com\/de\/?page_id=20938"},"modified":"2025-07-10T08:17:39","modified_gmt":"2025-07-10T08:17:39","slug":"joomla","status":"publish","type":"page","link":"https:\/\/elfsight.com\/de\/rss-feed-widget\/joomla\/","title":{"rendered":"RSS Feed &#8211; Joomla"},"content":{"rendered":"<div class=\"application-platform-content-item-description application-platform-content-item\" id=\"description\" data-nav-section=\"description\"> <h2>Beschreibung<\/h2> <p>Elfsight RSS Feed f\u00fcr Joomla ist eine exklusive Erweiterung zur F\u00f6rderung von Emotionen und Erlebnissen. Damit k\u00f6nnen Sie aus den Inhalten zahlreicher Nachrichten-Websites einen personalisierten Feed erstellen und ihn direkt auf Ihrer Website pr\u00e4sentieren. Genie\u00dfen Sie die volle Kontrolle \u00fcber den angezeigten Inhalt und entfernen Sie Spam und unerw\u00fcnschte Inhalte durch manuelle Moderation. Der vollst\u00e4ndig responsive Online-Konfigurator bietet Ihnen mehrere Vorlagen zur Auswahl. <\/p> <p><b>Mit RSS-Feed schnellere Gesch\u00e4ftsentwicklung und bessere Verk\u00e4ufe <\/b><\/p> <\/div> <div class=\"application-platform-content-item-features application-platform-content-item\" id=\"features\" data-nav-section=\"features\"> <h2>Dies sind nur einige davon Umfangreicher Funktionsumfang: <\/h2> <ul><li>Verdecken Sie den Kopfbereich mit einer Haube, um dem Werkzeug ein minimalistisches Aussehen zu verleihen. <\/li><li>Beseitigen Sie Spam und unerw\u00fcnschte Inhalte im manuellen Moderationsmodus. <\/li><li>W\u00e4hlen Sie eines der sechs vorhandenen Layouts: Slider, Collage, Grid, Masonry, List, Carousel. <\/li><li>Lassen Sie Ihre Beitr\u00e4ge in einem Popup anzeigen. <\/li><\/ul><p><a href=\"#demo\">Entdecken Sie alle Personalisierungsfunktionen in einer voll funktionsf\u00e4higen Demo<\/a><\/p> <\/div> <div class=\"application-platform-content-item-installation application-platform-content-item\" id=\"installation\" data-nav-section=\"installation\"> <h2>Wie f\u00fcge ich einen RSS-Feed zu meiner Joomla-Website hinzu? <\/h2> <p>Erf\u00fcllen Sie einfach die folgenden Richtlinien, um mit der Erweiterung zu arbeiten. <\/p> <ol><li><b>Starten Sie unsere kostenlose Demo und beginnen Sie mit der Gestaltung Ihrer benutzerdefinierten Erweiterung. <\/b><br> W\u00e4hlen Sie das gew\u00fcnschte Layout und die gew\u00fcnschten Spezifikationen des Tools und speichern Sie die \u00c4nderungen. <\/li> <li><b>Erhalten Sie den eindeutigen Code, der im Fenster von Elfsight Apps angezeigt wird. <\/b><br> Wenn die Einrichtung Ihrer Erweiterung abgeschlossen ist, kopieren Sie den exklusiven Code aus dem angezeigten Feld und bewahren Sie ihn zur sp\u00e4teren Verwendung auf. <\/li> <li><b>Initiieren Sie die Nutzung des Widgets auf Ihrer Joomla-Website. <\/b><br> Platzieren Sie den k\u00fcrzlich kopierten Code auf Ihrer Website und \u00fcbernehmen Sie die \u00c4nderungen. <\/li> <li><b>Du bist fertig! Die Integration ist erfolgreich abgeschlossen. <\/b><br> Besuchen Sie Ihre Seite, um zu \u00fcberpr\u00fcfen, wie das Tool funktioniert. <\/li><\/ol> <p>Wenn Sie auf Schwierigkeiten sto\u00dfen, wenden Sie sich bitte an unsere Kundendienstmitarbeiter. Unsere Spezialisten helfen Ihnen gerne bei allen Schwierigkeiten, die Sie mit der Verl\u00e4ngerung haben k\u00f6nnten. <\/p> <\/div><div class=\"faq\" data-component=\"FAQ\"><div class=\"faq-item\">\r\n\t\t\t\t\t<div class=\"faq-item-question\">\r\n\t\t\t\t\t\t<h3 class=\"faq-item-question-text\">Wie bette ich RSS-Feeds ohne Programmierkenntnisse in meine Joomla-Website ein?<\/h3>\r\n\r\n\t\t\t\t\t\t<div class=\"faq-item-question-icon\"><\/div>\r\n\t\t\t\t\t<\/div>\r\n\r\n\t\t\t\t\t<div class=\"faq-item-answer\">\r\n\t\t\t\t\t\t<div class=\"faq-item-answer-text\"><p>Das Unternehmen Elfsight bietet eine L\u00f6sung daf\u00fcr erm\u00f6glicht es Benutzern, selbst ein RSS-Feed-Widget zu erstellen. Entdecken Sie die einfachen Schritte: <\/p><ul><li>Arbeiten Sie direkt in der Live-Demo, um ein RSS-Feed-Plugin einzurichten, das auf der Joomla-Homepage angezeigt werden soll.<\/li> <li>Klicken Sie auf eine der vorgefertigten Vorlagen und \u00e4ndern Sie die RSS-Feed-Einstellungen, f\u00fcgen Sie Ihre Inhalte ein, \u00e4ndern Sie das Layout und die Farben ohne Programmiererfahrung.<\/li><li>Klicken Sie hier, um die von Ihnen vorgenommenen Einstellungen f\u00fcr RSS zu speichern Geben Sie den Installationscode ein und erhalten Sie ihn, den Sie im Rahmen eines kostenlosen Plans problemlos in jede Joomla-Site einf\u00fcgen k\u00f6nnen.<\/li><\/ul><p>Mit unserem benutzerfreundlichen Konfigurator kann jeder Webbenutzer einen RSS-Feed-Bereich erstellen und diesen einbinden zu jeder Joomla-Webseite. Es ist nicht erforderlich, dass Sie bezahlen oder Ihre Kartendaten offenlegen, um an unserem Service teilzunehmen. Wenn Sie bei irgendeinem Schritt auf Hindernisse sto\u00dfen, wenden Sie sich an unser Support-Team.<\/p><\/div>\r\n\t\t\t\t\t<\/div>\r\n\t\t\t\t<\/div><\/div>","protected":false},"excerpt":{"rendered":"","protected":false},"author":9,"featured_media":0,"parent":4029,"menu_order":0,"comment_status":"closed","ping_status":"closed","template":"templates\/template-application-platform.php","meta":{"publish_to_discourse":"","publish_post_category":"","wpdc_auto_publish_overridden":"","wpdc_topic_tags":"","wpdc_pin_topic":"","wpdc_pin_until":"","discourse_post_id":"","discourse_permalink":"","wpdc_publishing_response":"","wpdc_publishing_error":"","footnotes":""},"class_list":["post-20938","page","type-page","status-publish","hentry"],"yoast_head":"<!-- This site is optimized with the Yoast SEO plugin v25.3.1 - https:\/\/yoast.com\/wordpress\/plugins\/seo\/ -->\n<title>F\u00fcgen Sie der Joomla-Website eine RSS-Feed-Erweiterung hinzu (schnell und kostenlos)<\/title>\n<meta name=\"description\" content=\"F\u00fcgen Sie Ihrer Joomla-Website ein einfach zu verwaltendes RSS-Feed-Plugin hinzu. Nutzen Sie die praktische Demo von Elfsight und \u00e4ndern Sie Ihren einzigartigen RSS-Feed in wenigen Minuten.\" \/>\n<meta name=\"robots\" content=\"index, follow, max-snippet:-1, max-image-preview:large, max-video-preview:-1\" \/>\n<link rel=\"canonical\" href=\"https:\/\/elfsight.com\/de\/rss-feed-widget\/joomla\/\" \/>\n<meta property=\"og:locale\" content=\"de_DE\" \/>\n<meta property=\"og:type\" content=\"article\" \/>\n<meta property=\"og:title\" content=\"F\u00fcgen Sie der Joomla-Website eine RSS-Feed-Erweiterung hinzu (schnell und kostenlos)\" \/>\n<meta property=\"og:description\" content=\"F\u00fcgen Sie Ihrer Joomla-Website ein einfach zu verwaltendes RSS-Feed-Plugin hinzu. Nutzen Sie die praktische Demo von Elfsight und \u00e4ndern Sie Ihren einzigartigen RSS-Feed in wenigen Minuten.\" \/>\n<meta property=\"og:url\" content=\"https:\/\/elfsight.com\/de\/rss-feed-widget\/joomla\/\" \/>\n<meta property=\"og:site_name\" content=\"Elfsight DE\" \/>\n<meta property=\"article:modified_time\" content=\"2025-07-10T08:17:39+00:00\" \/>\n<meta name=\"twitter:card\" content=\"summary_large_image\" \/>\n<meta name=\"twitter:label1\" content=\"Gesch\u00e4tzte Lesezeit\" \/>\n\t<meta name=\"twitter:data1\" content=\"3\u00a0Minuten\" \/>\n<!-- \/ Yoast SEO plugin. -->","yoast_head_json":{"title":"F\u00fcgen Sie der Joomla-Website eine RSS-Feed-Erweiterung hinzu (schnell und kostenlos)","description":"F\u00fcgen Sie Ihrer Joomla-Website ein einfach zu verwaltendes RSS-Feed-Plugin hinzu. Nutzen Sie die praktische Demo von Elfsight und \u00e4ndern Sie Ihren einzigartigen RSS-Feed in wenigen Minuten.","robots":{"index":"index","follow":"follow","max-snippet":"max-snippet:-1","max-image-preview":"max-image-preview:large","max-video-preview":"max-video-preview:-1"},"canonical":"https:\/\/elfsight.com\/de\/rss-feed-widget\/joomla\/","og_locale":"de_DE","og_type":"article","og_title":"F\u00fcgen Sie der Joomla-Website eine RSS-Feed-Erweiterung hinzu (schnell und kostenlos)","og_description":"F\u00fcgen Sie Ihrer Joomla-Website ein einfach zu verwaltendes RSS-Feed-Plugin hinzu. Nutzen Sie die praktische Demo von Elfsight und \u00e4ndern Sie Ihren einzigartigen RSS-Feed in wenigen Minuten.","og_url":"https:\/\/elfsight.com\/de\/rss-feed-widget\/joomla\/","og_site_name":"Elfsight DE","article_modified_time":"2025-07-10T08:17:39+00:00","twitter_card":"summary_large_image","twitter_misc":{"Gesch\u00e4tzte Lesezeit":"3\u00a0Minuten"},"schema":{"@context":"https:\/\/schema.org","@graph":[{"@type":"WebPage","@id":"https:\/\/elfsight.com\/de\/rss-feed-widget\/joomla\/","url":"https:\/\/elfsight.com\/de\/rss-feed-widget\/joomla\/","name":"F\u00fcgen Sie der Joomla-Website eine RSS-Feed-Erweiterung hinzu (schnell und kostenlos)","isPartOf":{"@id":"https:\/\/elfsight.com\/de\/#website"},"datePublished":"2024-05-03T06:46:40+00:00","dateModified":"2025-07-10T08:17:39+00:00","description":"F\u00fcgen Sie Ihrer Joomla-Website ein einfach zu verwaltendes RSS-Feed-Plugin hinzu. Nutzen Sie die praktische Demo von Elfsight und \u00e4ndern Sie Ihren einzigartigen RSS-Feed in wenigen Minuten.","breadcrumb":{"@id":"https:\/\/elfsight.com\/de\/rss-feed-widget\/joomla\/#breadcrumb"},"inLanguage":"de","potentialAction":[{"@type":"ReadAction","target":["https:\/\/elfsight.com\/de\/rss-feed-widget\/joomla\/"]}]},{"@type":"BreadcrumbList","@id":"https:\/\/elfsight.com\/de\/rss-feed-widget\/joomla\/#breadcrumb","itemListElement":[{"@type":"ListItem","position":1,"name":"Home","item":"https:\/\/elfsight.com\/de\/"},{"@type":"ListItem","position":2,"name":"RSS Feed","item":"https:\/\/elfsight.com\/de\/rss-feed-widget\/"},{"@type":"ListItem","position":3,"name":"RSS Feed &#8211; Joomla"}]},{"@type":"WebSite","@id":"https:\/\/elfsight.com\/de\/#website","url":"https:\/\/elfsight.com\/de\/","name":"Elfsight DE","description":"Just another Elfsight Sites site","potentialAction":[{"@type":"SearchAction","target":{"@type":"EntryPoint","urlTemplate":"https:\/\/elfsight.com\/de\/?s={search_term_string}"},"query-input":{"@type":"PropertyValueSpecification","valueRequired":true,"valueName":"search_term_string"}}],"inLanguage":"de"}]}},"meta_box":{"industry":"","seo_heading":"","heading":"","description":"","cta_heading":"","cta_description":"","application":"4028","h1":"Joomla RSS-Feed-Erweiterung","h1_caption":"Betten Sie einen RSS-Feed in Ihre Website ein, um Inhalte aus externen Quellen anzuzeigen und Ihre Website m\u00fchelos mit neuem Material auf Ihrer Joomla-Website auf dem neuesten Stand zu halten.","application_category":[],"applications_title":"","applications_request_title":"","applications_request_button_text":"","hero_text":"","hero_video":"","hero_video_schema_markup":"","selling_points_title":"","selling_points_caption":"","selling_points":[],"selling_points_cta_text":"","features_title":"","features":"","ed_cta_examples_text":"","ed_cta_examples_hidden":"","ed_cta_demo_text":"","ed_cta_demo_hidden":"","why_caption":"","why_editor_title":"","why_editor_text":"","why_team_title":"","why_team_text":"","why_service_title":"","why_service_text":"","template_catalog_visible":"","template_catalog_title":"","template_catalog_text":"","template_catalog_categories_visible":"","demo_title":"Erstellen Sie Ihr RSS-Feed-Plugin","demo_caption":"Konfigurieren Sie Ihren RSS-Feed und f\u00fcgen Sie ihn kostenlos zu Ihrer Joomla-Website hinzu!","default_faq_hidden":"","app_template_category":[],"platform":"259","template_public_id":"","codecanyon_url":"","codecanyon_item_id":"","codecanyon_price":"","pricing_caption":"","pricing_elfsight_apps_hide_column":"","pricing_elfsight_apps_url":"","pricing_codecanyon_price_caption":"","integration_category":[],"integration_request_title":"","integration_request_cta":"","integration_platform":"","integrations":[],"platform_category":[],"video_schema_markup":"","price":"ab 0 $ \/ Monat","trial":"","benefits":[{"text":"Kostenloser Installationsservice"},{"text":"Premium-Support"},{"text":"14-t\u00e4gige R\u00fcckerstattungsgarantie"},{"text":"Fortlaufende Entwicklung"}],"button_url":"#demo","button_target_blank":"","button_nofollow":"","attributes":[{"name":"Installiert","content":"10,000 - 100,000"},{"name":"Reaktionsfreudig","content":"Ja"},{"name":"Kompatible Browser","content":"Firefox, Safari, Opera, Chrome, Edge"}],"tags":[],"tags_disable_links":"","hide_more_platforms":"","video_object":"","demo_hide_cta":"","demo_hide_cloud_options":"","pricing_title":"","pricing":[{"pricing_icon":"platform","pricing_title":"Elfsight Apps","pricing_title_caption":"Multiplattform-L\u00f6sung, die f\u00fcr jede Website geeignet ist","pricing_price":"ab 0 $ \/ Monat","pricing_price_caption":"Beginnen Sie mit einem kostenlosen Plan","pricing_benefits":[{"text":"Unbegrenzte Websites"},{"text":"Kundensupport rund um die Uhr"},{"text":"Kostenlose Installationsunterst\u00fctzung"},{"text":"100 % anpassbar"}],"pricing_button_text":"Zur Website hinzuf\u00fcgen","pricing_button_url":"#demo"}],"related_apps_title":"","related_apps_hidden":"","author":"","image":[],"title":"","job":"","social_networks":[]},"_links":{"self":[{"href":"https:\/\/elfsight.com\/de\/wp-json\/wp\/v2\/pages\/20938","targetHints":{"allow":["GET"]}}],"collection":[{"href":"https:\/\/elfsight.com\/de\/wp-json\/wp\/v2\/pages"}],"about":[{"href":"https:\/\/elfsight.com\/de\/wp-json\/wp\/v2\/types\/page"}],"author":[{"embeddable":true,"href":"https:\/\/elfsight.com\/de\/wp-json\/wp\/v2\/users\/9"}],"replies":[{"embeddable":true,"href":"https:\/\/elfsight.com\/de\/wp-json\/wp\/v2\/comments?post=20938"}],"version-history":[{"count":2,"href":"https:\/\/elfsight.com\/de\/wp-json\/wp\/v2\/pages\/20938\/revisions"}],"predecessor-version":[{"id":21856,"href":"https:\/\/elfsight.com\/de\/wp-json\/wp\/v2\/pages\/20938\/revisions\/21856"}],"up":[{"embeddable":true,"href":"https:\/\/elfsight.com\/de\/wp-json\/wp\/v2\/pages\/4029"}],"wp:attachment":[{"href":"https:\/\/elfsight.com\/de\/wp-json\/wp\/v2\/media?parent=20938"}],"curies":[{"name":"wp","href":"https:\/\/api.w.org\/{rel}","templated":true}]}}