{"id":20931,"date":"2024-05-03T06:46:10","date_gmt":"2024-05-03T06:46:10","guid":{"rendered":"https:\/\/elfsight.com\/de\/?page_id=20931"},"modified":"2025-02-24T11:24:48","modified_gmt":"2025-02-24T11:24:48","slug":"html","status":"publish","type":"page","link":"https:\/\/elfsight.com\/de\/restaurant-menu-widget\/html\/","title":{"rendered":"Restaurant Menu &#8211; HTML"},"content":{"rendered":"\n<div class=\"application-platform-content-item-description application-platform-content-item\" id=\"description\" data-nav-section=\"description\"> <h2>Beschreibung<\/h2><p>Das Restaurantmen\u00fc ist der schnellste Weg, Ihren potenziellen Kunden von Ihrer Vielfalt zu erz\u00e4hlen, ein herausragendes Konzept zu repr\u00e4sentieren und Laden Sie sie ein, Ihr Restaurant zu besuchen. Das Widget ist benutzerfreundlich. Sie k\u00f6nnen ganz einfach beliebig viele Men\u00fcseiten mit einer gro\u00dfen Menge an Artikeln pr\u00e4sentieren oder einfach eine \u00fcbersichtliche Liste der von Ihnen servierten Gerichte erstellen. Legen Sie ein helles oder dunkles Schema fest oder passen Sie alles an, was Sie m\u00f6chten, indem Sie alle Akzentfarben neu streichen. Dar\u00fcber hinaus bleibt Ihre Speisekarte immer aktuell: Sie k\u00f6nnen Preise, eine Artikelliste, neue und saisonale Gerichte oder sogar Men\u00fcs in nur wenigen Sekunden \u00e4ndern! Keine statischen Men\u00fcs mehr, die Sie ganz am Anfang erstellen m\u00fcssen. Beginnen Sie gleich jetzt mit der Erstellung Ihres atemberaubenden Men\u00fcs. <\/p> <p><b> Holen Sie sich das Beste aus dem Restaurantmen\u00fc, um mehr G\u00e4ste zu haben und der beliebteste Ort in Ihrer Stadt zu werden!<\/b><\/p> <\/div> <div class=\"application-platform-content-item-features application-platform-content-item\" id=\"features\" data-nav-section=\"features\"> <h2>Das Widget bietet wertvolle und unkomplizierte Funktionen, sehen Sie sich einige davon an: <\/h2> <ul><li>Ein einfaches Tool auch f\u00fcr technisch nicht versierte Benutzer <\/li><li>Unendliche Menge an Men\u00fcs, Abschnitten oder Elementen , unterteilt mit Hilfe von wunderbaren Layouts. <\/li><li>Einfaches \u00c4ndern des Men\u00fcs und aller seiner Einstellungen, wo immer Sie m\u00f6chten: F\u00fcgen Sie Rabatte, saisonale Speisen und Getr\u00e4nke usw. hinzu. <\/li><li> Zeigen Sie detaillierte Beschreibungen f\u00fcr die Artikel an , einschlie\u00dflich Symbolen, Ern\u00e4hrungselementen und Abzeichen<\/li><li>F\u00fcgen Sie atemberaubende Bilder f\u00fcr die Artikel hinzu und pr\u00e4sentieren Sie sie sogar in der Popup-Ansicht. <\/li><li>\u00c4ndern Sie alle Elemente und zeichnen Sie sie neu: Text, Farbschema und Symbole. <\/li><\/ul><p><a href=\"#demo\">Testen Sie alle Personalisierungsfunktionen in einer Demo mit vollem Funktionsumfang<\/a><\/p> <\/div> <div class=\"application-platform-content-item-installation application-platform-content-item\" id=\"installation\" data-nav-section=\"installation\"> <h2>Wie kann ich ein Restaurantmen\u00fc in meine HTML-Webseite einf\u00fcgen? <\/h2><div class=\"video-container\"><iframe width=\"560\" height=\"315\" src=\"https:\/\/www.youtube.com\/embed\/CEuvFEAf4Pc?si=iu2Y_dPmeIWrhp7j\" frameborder=\"0\" allow=\"accelerometer; autoplay; clipboard-write; encrypted-media; gyroscope; picture-in-picture; web-share\" allowfullscreen><\/iframe><\/div><p>Erf\u00fcllen Sie einfach die folgenden Richtlinien, um mit der Arbeit mit dem Tool zu beginnen: <\/p> <ol><li><b>Nutzen Sie unsere kostenlose Demo und beginnen Sie mit der Erstellung Ihres individuellen Instruments. <\/b><br> Finden Sie die passende Form und Funktionalit\u00e4t des Widgets und speichern Sie die \u00c4nderungen. <\/li> <li><b>Erhalten Sie den einzigartigen Code, der in der speziellen Form auf Elfsight Apps angezeigt wird. <\/b><br> Nachdem die Anpassung Ihres Widgets abgeschlossen ist, kopieren Sie den einzelnen Code im erscheinenden Fenster und speichern Sie ihn zur sp\u00e4teren Verwendung. <\/li> <li><b>Beginnen Sie mit der Verwendung des Tools auf Ihrer HTML-Website. <\/b><br> Betten Sie den Code, den Sie k\u00fcrzlich kopiert haben, in Ihre Website ein und wenden Sie die Korrekturen an. <\/li> <li><b>Fertig! Die Einbettung ist vollst\u00e4ndig beendet. <\/b><br> Besuchen Sie Ihre Website, um einen Blick auf die Funktionsweise des Widgets zu werfen. <\/li><\/ol> <p>Wenn Sie Anfragen haben oder auf Schwierigkeiten sto\u00dfen, z\u00f6gern Sie nicht, sich bei unserem Support-Team zu bewerben. Unsere Spezialisten sind bestrebt, alle Probleme zu l\u00f6sen, die Sie m\u00f6glicherweise mit dem Widget haben. <\/p> <div class=\"faq\" data-component=\"FAQ\"><div class=\"faq-item\">\r\n\t\t\t\t\t<div class=\"faq-item-question\">\r\n\t\t\t\t\t\t<h3 class=\"faq-item-question-text\">Gibt es eine Option, ein Restaurantmen\u00fc ohne Programmierkenntnisse zu meiner HTML-Webseite hinzuzuf\u00fcgen?<\/h3>\r\n\r\n\t\t\t\t\t\t<div class=\"faq-item-question-icon\"><\/div>\r\n\t\t\t\t\t<\/div>\r\n\r\n\t\t\t\t\t<div class=\"faq-item-answer\">\r\n\t\t\t\t\t\t<div class=\"faq-item-answer-text\"> <p>Elfsight bietet eine SaaS-L\u00f6sung, mit der Sie selbst einen Restaurantmen\u00fcabschnitt erstellen k\u00f6nnen Entdecken Sie die unkomplizierte Anleitung: Gehen Sie zum Online-Editor, um eine Restaurantmen\u00fc-App zu erstellen, die Sie in Ihre HTML-Seite integrieren m\u00f6chten. W\u00e4hlen Sie eine der vielen vorgefertigten Vorlagen aus und \u00e4ndern Sie die Restaurantmen\u00fceinstellungen, f\u00fcgen Sie Ihre Inhalte hinzu, \u00e4ndern Sie das Layout und die Farben, ohne dass Sie Programmierkenntnisse ben\u00f6tigen. Klicken Sie hier, um die Einstellungen, die Sie im Restaurantmen\u00fc vorgenommen haben, zu speichern und den Code zum Einbetten zu kopieren, den Sie m\u00fchelos und kostenlos in die HTML-Startseite einf\u00fcgen k\u00f6nnen. Mit unserem unkomplizierten Editor kann jeder Internetnutzer eine Restaurantkarte erstellen und diese ganz einfach zu jeder HTML-Webseite hinzuf\u00fcgen. Sie m\u00fcssen kein kostenpflichtiges Abonnement abschlie\u00dfen oder Ihre Kartendaten eingeben, um auf den Dienst zuzugreifen. Sollten Sie auf Hindernisse jeglicher Art sto\u00dfen, z\u00f6gern Sie bitte nicht, mit unserem technischen Support-Team zu sprechen.<\/p> <\/div>\r\n\t\t\t\t\t<\/div>\r\n\t\t\t\t<\/div> <\/div><\/div>\n","protected":false},"excerpt":{"rendered":"","protected":false},"author":9,"featured_media":0,"parent":2702,"menu_order":0,"comment_status":"closed","ping_status":"closed","template":"templates\/template-application-platform.php","meta":{"publish_to_discourse":"","publish_post_category":"","wpdc_auto_publish_overridden":"","wpdc_topic_tags":"","wpdc_pin_topic":"","wpdc_pin_until":"","discourse_post_id":"","discourse_permalink":"","wpdc_publishing_response":"","wpdc_publishing_error":"","footnotes":""},"class_list":["post-20931","page","type-page","status-publish","hentry"],"yoast_head":"<!-- This site is optimized with the Yoast SEO plugin v25.3.1 - https:\/\/yoast.com\/wordpress\/plugins\/seo\/ -->\n<title>Restaurantmen\u00fc f\u00fcr HTML-Websites \u2013 kostenlos und beeindruckend<\/title>\n<meta name=\"description\" content=\"F\u00fcgen Sie eine benutzerfreundliche Restaurantkarte in Ihren HTML-Code ein. Nutzen Sie die praktische Elfsight-Demo und \u00e4ndern Sie Ihr atemberaubendes Widget mit nur wenigen Klicks\" \/>\n<meta name=\"robots\" content=\"index, follow, max-snippet:-1, max-image-preview:large, max-video-preview:-1\" \/>\n<link rel=\"canonical\" href=\"https:\/\/elfsight.com\/de\/restaurant-menu-widget\/html\/\" \/>\n<meta property=\"og:locale\" content=\"de_DE\" \/>\n<meta property=\"og:type\" content=\"article\" \/>\n<meta property=\"og:title\" content=\"Restaurantmen\u00fc f\u00fcr HTML-Websites \u2013 kostenlos und beeindruckend\" \/>\n<meta property=\"og:description\" content=\"F\u00fcgen Sie eine benutzerfreundliche Restaurantkarte in Ihren HTML-Code ein. Nutzen Sie die praktische Elfsight-Demo und \u00e4ndern Sie Ihr atemberaubendes Widget mit nur wenigen Klicks\" \/>\n<meta property=\"og:url\" content=\"https:\/\/elfsight.com\/de\/restaurant-menu-widget\/html\/\" \/>\n<meta property=\"og:site_name\" content=\"Elfsight DE\" \/>\n<meta property=\"article:modified_time\" content=\"2025-02-24T11:24:48+00:00\" \/>\n<meta name=\"twitter:card\" content=\"summary_large_image\" \/>\n<meta name=\"twitter:label1\" content=\"Gesch\u00e4tzte Lesezeit\" \/>\n\t<meta name=\"twitter:data1\" content=\"4\u00a0Minuten\" \/>\n<!-- \/ Yoast SEO plugin. -->","yoast_head_json":{"title":"Restaurantmen\u00fc f\u00fcr HTML-Websites \u2013 kostenlos und beeindruckend","description":"F\u00fcgen Sie eine benutzerfreundliche Restaurantkarte in Ihren HTML-Code ein. Nutzen Sie die praktische Elfsight-Demo und \u00e4ndern Sie Ihr atemberaubendes Widget mit nur wenigen Klicks","robots":{"index":"index","follow":"follow","max-snippet":"max-snippet:-1","max-image-preview":"max-image-preview:large","max-video-preview":"max-video-preview:-1"},"canonical":"https:\/\/elfsight.com\/de\/restaurant-menu-widget\/html\/","og_locale":"de_DE","og_type":"article","og_title":"Restaurantmen\u00fc f\u00fcr HTML-Websites \u2013 kostenlos und beeindruckend","og_description":"F\u00fcgen Sie eine benutzerfreundliche Restaurantkarte in Ihren HTML-Code ein. Nutzen Sie die praktische Elfsight-Demo und \u00e4ndern Sie Ihr atemberaubendes Widget mit nur wenigen Klicks","og_url":"https:\/\/elfsight.com\/de\/restaurant-menu-widget\/html\/","og_site_name":"Elfsight DE","article_modified_time":"2025-02-24T11:24:48+00:00","twitter_card":"summary_large_image","twitter_misc":{"Gesch\u00e4tzte Lesezeit":"4\u00a0Minuten"},"schema":{"@context":"https:\/\/schema.org","@graph":[{"@type":"WebPage","@id":"https:\/\/elfsight.com\/de\/restaurant-menu-widget\/html\/","url":"https:\/\/elfsight.com\/de\/restaurant-menu-widget\/html\/","name":"Restaurantmen\u00fc f\u00fcr HTML-Websites \u2013 kostenlos und beeindruckend","isPartOf":{"@id":"https:\/\/elfsight.com\/de\/#website"},"datePublished":"2024-05-03T06:46:10+00:00","dateModified":"2025-02-24T11:24:48+00:00","description":"F\u00fcgen Sie eine benutzerfreundliche Restaurantkarte in Ihren HTML-Code ein. Nutzen Sie die praktische Elfsight-Demo und \u00e4ndern Sie Ihr atemberaubendes Widget mit nur wenigen Klicks","breadcrumb":{"@id":"https:\/\/elfsight.com\/de\/restaurant-menu-widget\/html\/#breadcrumb"},"inLanguage":"de","potentialAction":[{"@type":"ReadAction","target":["https:\/\/elfsight.com\/de\/restaurant-menu-widget\/html\/"]}]},{"@type":"BreadcrumbList","@id":"https:\/\/elfsight.com\/de\/restaurant-menu-widget\/html\/#breadcrumb","itemListElement":[{"@type":"ListItem","position":1,"name":"Home","item":"https:\/\/elfsight.com\/de\/"},{"@type":"ListItem","position":2,"name":"Restaurant Menu","item":"https:\/\/elfsight.com\/de\/restaurant-menu-widget\/"},{"@type":"ListItem","position":3,"name":"Restaurant Menu &#8211; HTML"}]},{"@type":"WebSite","@id":"https:\/\/elfsight.com\/de\/#website","url":"https:\/\/elfsight.com\/de\/","name":"Elfsight DE","description":"Just another Elfsight Sites site","potentialAction":[{"@type":"SearchAction","target":{"@type":"EntryPoint","urlTemplate":"https:\/\/elfsight.com\/de\/?s={search_term_string}"},"query-input":{"@type":"PropertyValueSpecification","valueRequired":true,"valueName":"search_term_string"}}],"inLanguage":"de"}]}},"meta_box":{"industry":"","seo_heading":"","heading":"","description":"","cta_heading":"","cta_description":"","application":"514","h1":"HTML-Restaurantmen\u00fc-Widget","h1_caption":"Pr\u00e4sentieren Sie die Speisekarte Ihres Restaurants in einem optisch ansprechenden Format, das einfach zu aktualisieren und benutzerfreundlich ist und m\u00fchelos in Ihre HTML-Website integriert werden kann.","application_category":[],"applications_title":"","applications_request_title":"","applications_request_button_text":"","hero_text":"","hero_video":"","hero_video_schema_markup":"","selling_points_title":"","selling_points_caption":"","selling_points":[],"selling_points_cta_text":"","features_title":"","features":"","ed_cta_examples_text":"","ed_cta_examples_hidden":"","ed_cta_demo_text":"","ed_cta_demo_hidden":"","why_caption":"","why_editor_title":"","why_editor_text":"","why_team_title":"","why_team_text":"","why_service_title":"","why_service_text":"","template_catalog_visible":"0","template_catalog_title":"","template_catalog_text":"","template_catalog_categories_visible":"","demo_title":"Erstellen Sie Ihr Restaurantmen\u00fc-Widget","demo_caption":"Konfigurieren Sie Ihr Restaurantmen\u00fc und f\u00fcgen Sie es kostenlos Ihrer HTML-Website hinzu!","default_faq_hidden":"","app_template_category":[],"platform":"260","template_public_id":"","codecanyon_url":"","codecanyon_item_id":"","codecanyon_price":"","pricing_caption":"","pricing_elfsight_apps_hide_column":"","pricing_elfsight_apps_url":"","pricing_codecanyon_price_caption":"","integration_category":[],"integration_request_title":"","integration_request_cta":"","integration_platform":"","integrations":[],"platform_category":[],"video_schema_markup":"","price":"ab 0 $ \/ Monat","trial":"","benefits":[{"text":"Kostenlose Installationsunterst\u00fctzung"},{"text":"Erfahrener Kundensupport"},{"text":"14-t\u00e4gige R\u00fcckerstattungsgarantie"},{"text":"Lebenslange Verbesserungen"}],"button_url":"#demo","button_target_blank":"0","button_nofollow":"0","attributes":[{"name":"Installiert","content":"10,000 - 100,000"},{"name":"Reaktionsfreudig","content":"Ja"},{"name":"Kompatible Browser","content":"Firefox, Safari, Opera, Chrome, Edge"}],"tags":[],"tags_disable_links":"0","hide_more_platforms":"0","video_object":"","demo_hide_cta":"0","demo_hide_cloud_options":"0","pricing_title":"","pricing":[{"pricing_icon":"platform","pricing_title":"Elfsight Apps","pricing_title_caption":"Multiplattform-Software","pricing_price":"ab 0 $ \/ Monat","pricing_price_caption":"Beginnen Sie mit einem kostenlosen Plan","pricing_benefits":[{"text":"Unbegrenzte Websites"},{"text":"Engagierte Unterst\u00fctzung"},{"text":"Kostenlose Installationsunterst\u00fctzung"},{"text":"Sonderangebot f\u00fcr mehrere Apps"}],"pricing_button_text":"Zur Website hinzuf\u00fcgen","pricing_button_url":"#demo"}],"related_apps_title":"","related_apps_hidden":"0","author":"","image":[],"title":"","job":"","social_networks":[]},"_links":{"self":[{"href":"https:\/\/elfsight.com\/de\/wp-json\/wp\/v2\/pages\/20931","targetHints":{"allow":["GET"]}}],"collection":[{"href":"https:\/\/elfsight.com\/de\/wp-json\/wp\/v2\/pages"}],"about":[{"href":"https:\/\/elfsight.com\/de\/wp-json\/wp\/v2\/types\/page"}],"author":[{"embeddable":true,"href":"https:\/\/elfsight.com\/de\/wp-json\/wp\/v2\/users\/9"}],"replies":[{"embeddable":true,"href":"https:\/\/elfsight.com\/de\/wp-json\/wp\/v2\/comments?post=20931"}],"version-history":[{"count":3,"href":"https:\/\/elfsight.com\/de\/wp-json\/wp\/v2\/pages\/20931\/revisions"}],"predecessor-version":[{"id":24804,"href":"https:\/\/elfsight.com\/de\/wp-json\/wp\/v2\/pages\/20931\/revisions\/24804"}],"up":[{"embeddable":true,"href":"https:\/\/elfsight.com\/de\/wp-json\/wp\/v2\/pages\/2702"}],"wp:attachment":[{"href":"https:\/\/elfsight.com\/de\/wp-json\/wp\/v2\/media?parent=20931"}],"curies":[{"name":"wp","href":"https:\/\/api.w.org\/{rel}","templated":true}]}}