{"id":20930,"date":"2024-05-03T06:46:00","date_gmt":"2024-05-03T06:46:00","guid":{"rendered":"https:\/\/elfsight.com\/de\/?page_id=20930"},"modified":"2025-02-24T11:09:23","modified_gmt":"2025-02-24T11:09:23","slug":"blogger","status":"publish","type":"page","link":"https:\/\/elfsight.com\/de\/restaurant-menu-widget\/blogger\/","title":{"rendered":"Restaurant Menu &#8211; Blogger"},"content":{"rendered":"\n<div class=\"application-platform-content-item-description application-platform-content-item\" id=\"description\" data-nav-section=\"description\"> <h2>Beschreibung<\/h2><p>Das Restaurantmen\u00fc ist eine einfache M\u00f6glichkeit, Ihre G\u00e4ste mit Ihren Spezialit\u00e4ten bekannt zu machen, auf ein herausragendes Konzept hinzuweisen und Verf\u00fchren Sie sie mit verf\u00fchrerischen Gerichtsfotos. Das Widget ist sehr benutzerfreundlich. Dadurch k\u00f6nnen Sie eine endlose Auswahl an Men\u00fcs mit einer unbegrenzten Anzahl von Artikeln ausw\u00e4hlen. Oder erstellen Sie einfach eine kurze Liste der von Ihnen angebotenen Produkte. W\u00e4hlen Sie ein helles oder dunkles Schema oder \u00e4ndern Sie beliebige Elemente, indem Sie alle Akzentfarben neu streichen. Die gr\u00f6\u00dfte Chance des Widgets besteht darin, immer auf dem neuesten Stand zu sein: Sie k\u00f6nnen Preise, eine Artikelliste \u00e4ndern, neue Gerichte oder sogar Men\u00fcs in nur wenigen Sekunden hinzuf\u00fcgen! Keine statischen Men\u00fcs mehr, die Sie von Anfang an konfigurieren m\u00fcssen. Beginnen Sie einfach mit der Erstellung Ihres stilvollen Men\u00fcs! <\/p> <p><b>Starten Sie Restaurant Menu, um Ihre Gesch\u00e4ftsziele einfacher zu erreichen! Wenn Ihr Restaurant die Speisekarte auf der Website hat, kann es mehr Besucher einladen, eine starke Gesch\u00e4ftsentwicklung erzielen und den Umsatz steigern. Beginnen Sie mit der Nutzung von Restaurant Menu von Elfsight!<\/b><\/p> <\/div> <div class=\"application-platform-content-item-features application-platform-content-item\" id=\"features\" data-nav-section=\"features\"> <h2>Zu den wichtigsten Widget-Funktionen geh\u00f6ren<\/h2> <ul><li>Selbst einfache Verwaltung f\u00fcr technisch nicht versierte Benutzer <\/li><li>Unbegrenzte Anzahl an Men\u00fcs, Abschnitten oder Elementen, organisiert mit Tab-, Listen- oder Mauerwerkslayouts <\/li><li>Einfach zu verwaltendes Men\u00fc und alle seine Elemente, wo immer Sie es brauchen: Preise, saisonale Sonderangebote usw. <\/li><li>Zeigen Sie ausf\u00fchrliche Beschreibungen f\u00fcr die Artikel an, einschlie\u00dflich Symbolen, N\u00e4hrwertangaben und Abzeichen. <\/li><li>F\u00fcgen Sie beeindruckende Bilder f\u00fcr die Artikel hinzu und pr\u00e4sentieren Sie sie sogar in einer Popup-Ansicht<\/li> <li>Passen Sie alle Elemente an und f\u00e4rben Sie sie neu: Text, Farbschema und Symbole <\/li><\/ul><p><a href=\"#demo\">Sie k\u00f6nnen die volle Funktionalit\u00e4t des Widgets in der Demo rechts erkunden hier<\/a><\/p> <\/div> <div class=\"application-platform-content-item-installation application-platform-content-item\" id=\"installation\" data-nav-section=\"installation\"> <h2>Wie f\u00fcge ich ein Restaurantmen\u00fc zu meiner Blogger-Site hinzu? <\/h2><div class=\"video-container\"><iframe width=\"560\" height=\"315\" src=\"https:\/\/www.youtube.com\/embed\/oxAK4dipTps?si=S_q_MNBIXPt_UHCH\" frameborder=\"0\" allow=\"accelerometer; autoplay; clipboard-write; encrypted-media; gyroscope; picture-in-picture; web-share\" allowfullscreen><\/iframe><\/div><p>F\u00fchren Sie einfach die unten aufgef\u00fchrten Schritte aus, um mit der Arbeit mit dem Tool zu beginnen: <\/p> <ol><li><b>Nutzen Sie unsere kostenlose Demo und beginnen Sie mit der Gestaltung Ihres ma\u00dfgeschneidertes Instrument. <\/b><br> W\u00e4hlen Sie das gew\u00fcnschte Layout und die gew\u00fcnschten Parameter des Widgets und \u00fcbernehmen Sie die \u00c4nderungen. <\/li> <li><b>Lassen Sie sich Ihren individuellen Code im speziellen Formular auf Elfsight Apps anzeigen. <\/b><br> Kopieren Sie unmittelbar nach der Erstellung Ihres pers\u00f6nlichen Widgets den pers\u00f6nlichen Code aus dem angezeigten Feld und bewahren Sie ihn f\u00fcr die zuk\u00fcnftige Verwendung auf. <\/li> <li><b>Geben Sie an, das Tool auf Ihrer Blogger-Startseite zu verwenden. <\/b><br> F\u00fcgen Sie den Code hinzu, den Sie k\u00fcrzlich auf Ihrer Website gespeichert haben, und wenden Sie die Korrekturen an. <\/li> <li><b>Fertig! Die Einbettung ist erfolgreich abgeschlossen. <\/b><br> Besuchen Sie Ihre Website, um die Funktionsweise des Tools zu beobachten. <\/li><\/ol> <p>Wenn Sie auf Probleme sto\u00dfen, z\u00f6gern Sie nicht, sich an unser Support-Team zu wenden. Unsere Mitarbeiter helfen Ihnen gerne bei allen Problemen, die Sie mit dem Produkt haben k\u00f6nnten. <\/p> <div class=\"faq\" data-component=\"FAQ\"><div class=\"faq-item\">\r\n\t\t\t\t\t<div class=\"faq-item-question\">\r\n\t\t\t\t\t\t<h3 class=\"faq-item-question-text\">Gibt es eine Option, das Restaurantmen\u00fc ohne Programmiererfahrung in meine Blogger-Webseite einzubetten?<\/h3>\r\n\r\n\t\t\t\t\t\t<div class=\"faq-item-question-icon\"><\/div>\r\n\t\t\t\t\t<\/div>\r\n\r\n\t\t\t\t\t<div class=\"faq-item-answer\">\r\n\t\t\t\t\t\t<div class=\"faq-item-answer-text\"> <p>Elfsight stellt eine SaaS-L\u00f6sung vor, mit der Benutzer selbst ein Restaurantmen\u00fc-Widget erstellen k\u00f6nnen. Entdecken Sie die unkomplizierten Schritte: Beginnen Sie direkt im Live-Editor mit der Erstellung eines Restaurantmen\u00fc-Plugins, das Sie auf der Blogger-Homepage einbinden m\u00f6chten. W\u00e4hlen Sie eine der vorgefertigten Vorlagen und \u00e4ndern Sie die Restaurantmen\u00fceinstellungen, transformieren Sie das Layout und die Farbschemata, um Ihre Inhalte einzubeziehen, ohne Programmierkenntnisse. Klicken Sie hier, um die Einstellungen, die Sie im Restaurantmen\u00fc vorgenommen haben, zu speichern und den Code des Widgets zum Einbetten zu erhalten, der problemlos und kostenlos jeder Blogger-Homepage hinzugef\u00fcgt werden kann. Mit unserem intuitiven Editor kann jeder Internetnutzer online einen Restaurantmen\u00fc-Bereich erstellen und ihn auf der Blogger-Homepage einbetten. Sie m\u00fcssen weder bezahlen noch Ihre Kartendaten offenlegen, um auf den Elfsight Editor zuzugreifen. Wenn Sie auf Probleme jeglicher Art sto\u00dfen, z\u00f6gern Sie bitte nicht, sich an unser Support-Team zu wenden.<\/p> <\/div>\r\n\t\t\t\t\t<\/div>\r\n\t\t\t\t<\/div> <\/div><\/div><!-- \/wp:html - &gt;-->\n<iframe width=\"720\" height=\"405\" src=\"https:\/\/www.youtube.com\/embed\/oxAK4dipTps\" frameborder=\"0\" allowfullscreen=\"\"><\/iframe>\n","protected":false},"excerpt":{"rendered":"","protected":false},"author":9,"featured_media":0,"parent":2702,"menu_order":0,"comment_status":"closed","ping_status":"closed","template":"templates\/template-application-platform.php","meta":{"publish_to_discourse":"","publish_post_category":"","wpdc_auto_publish_overridden":"","wpdc_topic_tags":"","wpdc_pin_topic":"","wpdc_pin_until":"","discourse_post_id":"","discourse_permalink":"","wpdc_publishing_response":"","wpdc_publishing_error":"","footnotes":""},"class_list":["post-20930","page","type-page","status-publish","hentry"],"yoast_head":"<!-- This site is optimized with the Yoast SEO plugin v25.3.1 - https:\/\/yoast.com\/wordpress\/plugins\/seo\/ -->\n<title>Restaurantmen\u00fc f\u00fcr Blogger-Websites \u2013 einfach und kostenlos<\/title>\n<meta name=\"description\" content=\"F\u00fcgen Sie Ihrer Blogger-Website ein mobilfreundliches Restaurantmen\u00fc-Widget hinzu. Nutzen Sie die praktische Elfsight-Demo und erstellen Sie Ihr stilvolles Plugin in nur wenigen Minuten\" \/>\n<meta name=\"robots\" content=\"index, follow, max-snippet:-1, max-image-preview:large, max-video-preview:-1\" \/>\n<link rel=\"canonical\" href=\"https:\/\/elfsight.com\/de\/restaurant-menu-widget\/blogger\/\" \/>\n<meta property=\"og:locale\" content=\"de_DE\" \/>\n<meta property=\"og:type\" content=\"article\" \/>\n<meta property=\"og:title\" content=\"Restaurantmen\u00fc f\u00fcr Blogger-Websites \u2013 einfach und kostenlos\" \/>\n<meta property=\"og:description\" content=\"F\u00fcgen Sie Ihrer Blogger-Website ein mobilfreundliches Restaurantmen\u00fc-Widget hinzu. Nutzen Sie die praktische Elfsight-Demo und erstellen Sie Ihr stilvolles Plugin in nur wenigen Minuten\" \/>\n<meta property=\"og:url\" content=\"https:\/\/elfsight.com\/de\/restaurant-menu-widget\/blogger\/\" \/>\n<meta property=\"og:site_name\" content=\"Elfsight DE\" \/>\n<meta property=\"article:modified_time\" content=\"2025-02-24T11:09:23+00:00\" \/>\n<meta name=\"twitter:card\" content=\"summary_large_image\" \/>\n<meta name=\"twitter:label1\" content=\"Gesch\u00e4tzte Lesezeit\" \/>\n\t<meta name=\"twitter:data1\" content=\"4\u00a0Minuten\" \/>\n<!-- \/ Yoast SEO plugin. -->","yoast_head_json":{"title":"Restaurantmen\u00fc f\u00fcr Blogger-Websites \u2013 einfach und kostenlos","description":"F\u00fcgen Sie Ihrer Blogger-Website ein mobilfreundliches Restaurantmen\u00fc-Widget hinzu. Nutzen Sie die praktische Elfsight-Demo und erstellen Sie Ihr stilvolles Plugin in nur wenigen Minuten","robots":{"index":"index","follow":"follow","max-snippet":"max-snippet:-1","max-image-preview":"max-image-preview:large","max-video-preview":"max-video-preview:-1"},"canonical":"https:\/\/elfsight.com\/de\/restaurant-menu-widget\/blogger\/","og_locale":"de_DE","og_type":"article","og_title":"Restaurantmen\u00fc f\u00fcr Blogger-Websites \u2013 einfach und kostenlos","og_description":"F\u00fcgen Sie Ihrer Blogger-Website ein mobilfreundliches Restaurantmen\u00fc-Widget hinzu. Nutzen Sie die praktische Elfsight-Demo und erstellen Sie Ihr stilvolles Plugin in nur wenigen Minuten","og_url":"https:\/\/elfsight.com\/de\/restaurant-menu-widget\/blogger\/","og_site_name":"Elfsight DE","article_modified_time":"2025-02-24T11:09:23+00:00","twitter_card":"summary_large_image","twitter_misc":{"Gesch\u00e4tzte Lesezeit":"4\u00a0Minuten"},"schema":{"@context":"https:\/\/schema.org","@graph":[{"@type":"WebPage","@id":"https:\/\/elfsight.com\/de\/restaurant-menu-widget\/blogger\/","url":"https:\/\/elfsight.com\/de\/restaurant-menu-widget\/blogger\/","name":"Restaurantmen\u00fc f\u00fcr Blogger-Websites \u2013 einfach und kostenlos","isPartOf":{"@id":"https:\/\/elfsight.com\/de\/#website"},"datePublished":"2024-05-03T06:46:00+00:00","dateModified":"2025-02-24T11:09:23+00:00","description":"F\u00fcgen Sie Ihrer Blogger-Website ein mobilfreundliches Restaurantmen\u00fc-Widget hinzu. Nutzen Sie die praktische Elfsight-Demo und erstellen Sie Ihr stilvolles Plugin in nur wenigen Minuten","breadcrumb":{"@id":"https:\/\/elfsight.com\/de\/restaurant-menu-widget\/blogger\/#breadcrumb"},"inLanguage":"de","potentialAction":[{"@type":"ReadAction","target":["https:\/\/elfsight.com\/de\/restaurant-menu-widget\/blogger\/"]}]},{"@type":"BreadcrumbList","@id":"https:\/\/elfsight.com\/de\/restaurant-menu-widget\/blogger\/#breadcrumb","itemListElement":[{"@type":"ListItem","position":1,"name":"Home","item":"https:\/\/elfsight.com\/de\/"},{"@type":"ListItem","position":2,"name":"Restaurant Menu","item":"https:\/\/elfsight.com\/de\/restaurant-menu-widget\/"},{"@type":"ListItem","position":3,"name":"Restaurant Menu &#8211; Blogger"}]},{"@type":"WebSite","@id":"https:\/\/elfsight.com\/de\/#website","url":"https:\/\/elfsight.com\/de\/","name":"Elfsight DE","description":"Just another Elfsight Sites site","potentialAction":[{"@type":"SearchAction","target":{"@type":"EntryPoint","urlTemplate":"https:\/\/elfsight.com\/de\/?s={search_term_string}"},"query-input":{"@type":"PropertyValueSpecification","valueRequired":true,"valueName":"search_term_string"}}],"inLanguage":"de"}]}},"meta_box":{"industry":"","seo_heading":"","heading":"","description":"","cta_heading":"","cta_description":"","application":"514","h1":"Blogger-Restaurantmen\u00fc-Widget","h1_caption":"Pr\u00e4sentieren Sie die Speisekarte Ihres Restaurants in einem optisch ansprechenden Format, das einfach zu aktualisieren und benutzerfreundlich ist und m\u00fchelos in Ihre Blogger-Website integriert werden kann.","application_category":[],"applications_title":"","applications_request_title":"","applications_request_button_text":"","hero_text":"","hero_video":"","hero_video_schema_markup":"","selling_points_title":"","selling_points_caption":"","selling_points":[],"selling_points_cta_text":"","features_title":"","features":"","ed_cta_examples_text":"","ed_cta_examples_hidden":"","ed_cta_demo_text":"","ed_cta_demo_hidden":"","why_caption":"","why_editor_title":"","why_editor_text":"","why_team_title":"","why_team_text":"","why_service_title":"","why_service_text":"","template_catalog_visible":"0","template_catalog_title":"","template_catalog_text":"","template_catalog_categories_visible":"","demo_title":"Erstellen Sie Ihr Restaurantmen\u00fc-Widget","demo_caption":"Konfigurieren Sie Ihr Restaurantmen\u00fc und f\u00fcgen Sie es kostenlos Ihrer Blogger-Website hinzu!","default_faq_hidden":"","app_template_category":[],"platform":"262","template_public_id":"","codecanyon_url":"","codecanyon_item_id":"","codecanyon_price":"","pricing_caption":"","pricing_elfsight_apps_hide_column":"","pricing_elfsight_apps_url":"","pricing_codecanyon_price_caption":"","integration_category":[],"integration_request_title":"","integration_request_cta":"","integration_platform":"","integrations":[],"platform_category":[],"video_schema_markup":"","price":"ab 0 $ \/ Monat","trial":"","benefits":[{"text":"Kostenlose Installationshilfe"},{"text":"Erfahrener Kundensupport"},{"text":"14-t\u00e4gige R\u00fcckerstattungsgarantie"},{"text":"Fortlaufende Entwicklung"}],"button_url":"#demo","button_target_blank":"0","button_nofollow":"0","attributes":[{"name":"Installiert","content":"10,000 - 100,000"},{"name":"Reaktionsfreudig","content":"Ja"},{"name":"Kompatible Browser","content":"Firefox, Safari, Opera, Chrome, Edge"}],"tags":[],"tags_disable_links":"0","hide_more_platforms":"0","video_object":"","demo_hide_cta":"0","demo_hide_cloud_options":"0","pricing_title":"","pricing":[{"pricing_icon":"platform","pricing_title":"Elfsight Apps","pricing_title_caption":"Plattform\u00fcbergreifende L\u00f6sung, die auf jeder Website funktioniert","pricing_price":"ab 0 $ \/ Monat","pricing_price_caption":"Beginnen Sie mit einem kostenlosen Plan","pricing_benefits":[{"text":"Unbegrenzte Websites"},{"text":"Erstklassiger und p\u00fcnktlicher Support und gut dokumentiert"},{"text":"Kostenlose Installationsunterst\u00fctzung"},{"text":"Flexibles Design"}],"pricing_button_text":"Zur Website hinzuf\u00fcgen","pricing_button_url":"#demo"}],"related_apps_title":"","related_apps_hidden":"0","author":"","image":[],"title":"","job":"","social_networks":[]},"_links":{"self":[{"href":"https:\/\/elfsight.com\/de\/wp-json\/wp\/v2\/pages\/20930","targetHints":{"allow":["GET"]}}],"collection":[{"href":"https:\/\/elfsight.com\/de\/wp-json\/wp\/v2\/pages"}],"about":[{"href":"https:\/\/elfsight.com\/de\/wp-json\/wp\/v2\/types\/page"}],"author":[{"embeddable":true,"href":"https:\/\/elfsight.com\/de\/wp-json\/wp\/v2\/users\/9"}],"replies":[{"embeddable":true,"href":"https:\/\/elfsight.com\/de\/wp-json\/wp\/v2\/comments?post=20930"}],"version-history":[{"count":3,"href":"https:\/\/elfsight.com\/de\/wp-json\/wp\/v2\/pages\/20930\/revisions"}],"predecessor-version":[{"id":24796,"href":"https:\/\/elfsight.com\/de\/wp-json\/wp\/v2\/pages\/20930\/revisions\/24796"}],"up":[{"embeddable":true,"href":"https:\/\/elfsight.com\/de\/wp-json\/wp\/v2\/pages\/2702"}],"wp:attachment":[{"href":"https:\/\/elfsight.com\/de\/wp-json\/wp\/v2\/media?parent=20930"}],"curies":[{"name":"wp","href":"https:\/\/api.w.org\/{rel}","templated":true}]}}