{"id":20929,"date":"2024-05-03T06:45:50","date_gmt":"2024-05-03T06:45:50","guid":{"rendered":"https:\/\/elfsight.com\/de\/?page_id=20929"},"modified":"2025-02-14T13:11:22","modified_gmt":"2025-02-14T13:11:22","slug":"facebook","status":"publish","type":"page","link":"https:\/\/elfsight.com\/de\/radio-player-widget\/facebook\/","title":{"rendered":"Radio Player &#8211; Facebook"},"content":{"rendered":"\n<div class=\"application-platform-content-item-description application-platform-content-item\" id=\"description\" data-nav-section=\"description\"> <h2>Beschreibung<\/h2> <p>Elfsight Radio Player ist ein unkompliziertes Tool, mit dem Sie Radiosender direkt auf den Registerkarten Ihrer Facebook-Seite streamen k\u00f6nnen . Das Widget ist bemerkenswert ver\u00e4nderbar: Sie k\u00f6nnen seine Platzierung \u00e4ndern, es an einer beliebigen Stelle auf der Seite platzieren, seine Gr\u00f6\u00dfe skalieren, den Hintergrund und alle anderen Teile neu streichen, um es mit dem Design Ihrer Website zu vermischen, ein dunkles Farbschema verwenden, Cover zeigen und 3 zeigen oder ausblenden andere Spielerdetails, zum Beispiel Titel, Status und andere. F\u00fcgen Sie so viele Stationen hinzu, wie Sie ben\u00f6tigen, um Ihre Besucher anzusprechen, schalten Sie die Autoplay-Option ein und z\u00f6gern Sie nicht \u2013 Ihre Besucher werden Ihre Webseite nicht sofort verlassen!<\/p> <p><b>Pr\u00e4sentieren Sie Ihren Benutzern eine neue Quelle von Hilfreiche und ansprechende Inhalte mit Elfsight Radio Player f\u00fcr die Facebook-Seite<\/b><\/p> <\/div> <div class=\"application-platform-content-item-features application-platform-content-item\" id=\"features\" data-nav-section=\"features\"> <h2>Wir bieten praktische und einfache Funktionen, sehen Sie sich einige davon an: <\/h2> <ul><li>Zahlreiche Farbvarianten.<\/li><li>Dunkles\/helles Farbthema.<\/li><li>Zwei gebrauchsfertige Layouts.<\/li><li>Eine Option zum Hinzuf\u00fcgen eines Hintergrundbilds. <\/li><li>Adject unbegrenzte Anzahl von Stationen.<\/li><\/ul><p><a href=\"#demo\">Entdecken Sie alle Einstellungen in einer 100 % funktionsf\u00e4higen Demo<\/a><\/p> <\/div> <div class=\"application-platform-content-item-installation application-platform-content-item\" id=\"installation\" data-nav-section=\"installation\"> <h2>Wie f\u00fcge ich den Radio Player zur Facebook-Seite hinzu?<\/h2> <p>Befolgen Sie einfach die nachstehenden Anweisungen, um das Widget einzubetten.<\/p> <ol><li><b>Nutzen Sie unseren kostenlosen Editor und beginnen Sie mit der Erstellung Ihres ma\u00dfgeschneiderten Radio-Widgets.<\/b><br> W\u00e4hlen Sie das passende Aussehen und die passenden Funktionsmerkmale des Tools und speichern Sie die Korrekturen.<\/li> <li><b>Erhalten Sie Ihren pers\u00f6nlichen Code, der in der Box auf Elfsight Apps angezeigt wird. <\/b><br> Wenn die Konfiguration Ihres Widgets abgeschlossen ist, kopieren Sie den pers\u00f6nlichen Code im erscheinenden Popup und bewahren Sie ihn f\u00fcr einen sp\u00e4teren Anlass auf.<\/li> <li><b>Geben Sie die Verwendung des Widgets auf Ihrer Facebook-Seite ein.<\/b><br> Erstellen Sie Ihren benutzerdefinierten Facebook-Tab. Geben Sie den Code, den Sie bei Elfsight Apps erhalten haben, in die Registerkarte ein. Wenn Sie Probleme haben, lesen Sie einfach unsere Anleitung zum Erstellen eines <a href=\"https:\/\/elfsight.com\/blog\/how-to-add-custom-tab-to-facebook-page\/\">benutzerdefinierten Tabs f\u00fcr eine Facebook-Seite <\/a><\/li> <li><b>Die Installation ist vollst\u00e4ndig abgeschlossen.<\/b><br> Gehen Sie zu Ihrer Webseite, um die Leistung des Widgets zu \u00fcberpr\u00fcfen.<\/li><\/ol> <p>Wenn Sie Fragen haben oder auf Schwierigkeiten sto\u00dfen, wenden Sie sich bitte an unser Kundendienstteam. Unsere Mitarbeiter beantworten gerne alle Ihre Fragen zum Widget. <\/p> <\/div>\n","protected":false},"excerpt":{"rendered":"","protected":false},"author":9,"featured_media":0,"parent":2242,"menu_order":0,"comment_status":"closed","ping_status":"closed","template":"templates\/template-application-platform.php","meta":{"publish_to_discourse":"","publish_post_category":"","wpdc_auto_publish_overridden":"","wpdc_topic_tags":"","wpdc_pin_topic":"","wpdc_pin_until":"","discourse_post_id":"","discourse_permalink":"","wpdc_publishing_response":"","wpdc_publishing_error":"","footnotes":""},"class_list":["post-20929","page","type-page","status-publish","hentry"],"yoast_head":"<!-- This site is optimized with the Yoast SEO plugin v25.3.1 - https:\/\/yoast.com\/wordpress\/plugins\/seo\/ -->\n<title>Streaming-Radio-Player-Widget f\u00fcr die Facebook-Webseite (kostenlos und einfach!)<\/title>\n<meta name=\"description\" content=\"Betten Sie die Radio Player-App in Ihre Facebook-Webseite ein. Nutzen Sie unsere praktische Demo und erstellen Sie m\u00fchelos Ihr Radio-Widget!\" \/>\n<meta name=\"robots\" content=\"index, follow, max-snippet:-1, max-image-preview:large, max-video-preview:-1\" \/>\n<link rel=\"canonical\" href=\"https:\/\/elfsight.com\/de\/radio-player-widget\/facebook\/\" \/>\n<meta property=\"og:locale\" content=\"de_DE\" \/>\n<meta property=\"og:type\" content=\"article\" \/>\n<meta property=\"og:title\" content=\"Streaming-Radio-Player-Widget f\u00fcr die Facebook-Webseite (kostenlos und einfach!)\" \/>\n<meta property=\"og:description\" content=\"Betten Sie die Radio Player-App in Ihre Facebook-Webseite ein. Nutzen Sie unsere praktische Demo und erstellen Sie m\u00fchelos Ihr Radio-Widget!\" \/>\n<meta property=\"og:url\" content=\"https:\/\/elfsight.com\/de\/radio-player-widget\/facebook\/\" \/>\n<meta property=\"og:site_name\" content=\"Elfsight DE\" \/>\n<meta property=\"article:modified_time\" content=\"2025-02-14T13:11:22+00:00\" \/>\n<meta name=\"twitter:card\" content=\"summary_large_image\" \/>\n<meta name=\"twitter:label1\" content=\"Gesch\u00e4tzte Lesezeit\" \/>\n\t<meta name=\"twitter:data1\" content=\"2\u00a0Minuten\" \/>\n<!-- \/ Yoast SEO plugin. -->","yoast_head_json":{"title":"Streaming-Radio-Player-Widget f\u00fcr die Facebook-Webseite (kostenlos und einfach!)","description":"Betten Sie die Radio Player-App in Ihre Facebook-Webseite ein. Nutzen Sie unsere praktische Demo und erstellen Sie m\u00fchelos Ihr Radio-Widget!","robots":{"index":"index","follow":"follow","max-snippet":"max-snippet:-1","max-image-preview":"max-image-preview:large","max-video-preview":"max-video-preview:-1"},"canonical":"https:\/\/elfsight.com\/de\/radio-player-widget\/facebook\/","og_locale":"de_DE","og_type":"article","og_title":"Streaming-Radio-Player-Widget f\u00fcr die Facebook-Webseite (kostenlos und einfach!)","og_description":"Betten Sie die Radio Player-App in Ihre Facebook-Webseite ein. Nutzen Sie unsere praktische Demo und erstellen Sie m\u00fchelos Ihr Radio-Widget!","og_url":"https:\/\/elfsight.com\/de\/radio-player-widget\/facebook\/","og_site_name":"Elfsight DE","article_modified_time":"2025-02-14T13:11:22+00:00","twitter_card":"summary_large_image","twitter_misc":{"Gesch\u00e4tzte Lesezeit":"2\u00a0Minuten"},"schema":{"@context":"https:\/\/schema.org","@graph":[{"@type":"WebPage","@id":"https:\/\/elfsight.com\/de\/radio-player-widget\/facebook\/","url":"https:\/\/elfsight.com\/de\/radio-player-widget\/facebook\/","name":"Streaming-Radio-Player-Widget f\u00fcr die Facebook-Webseite (kostenlos und einfach!)","isPartOf":{"@id":"https:\/\/elfsight.com\/de\/#website"},"datePublished":"2024-05-03T06:45:50+00:00","dateModified":"2025-02-14T13:11:22+00:00","description":"Betten Sie die Radio Player-App in Ihre Facebook-Webseite ein. Nutzen Sie unsere praktische Demo und erstellen Sie m\u00fchelos Ihr Radio-Widget!","breadcrumb":{"@id":"https:\/\/elfsight.com\/de\/radio-player-widget\/facebook\/#breadcrumb"},"inLanguage":"de","potentialAction":[{"@type":"ReadAction","target":["https:\/\/elfsight.com\/de\/radio-player-widget\/facebook\/"]}]},{"@type":"BreadcrumbList","@id":"https:\/\/elfsight.com\/de\/radio-player-widget\/facebook\/#breadcrumb","itemListElement":[{"@type":"ListItem","position":1,"name":"Home","item":"https:\/\/elfsight.com\/de\/"},{"@type":"ListItem","position":2,"name":"Radio Player","item":"https:\/\/elfsight.com\/de\/radio-player-widget\/"},{"@type":"ListItem","position":3,"name":"Radio Player &#8211; Facebook"}]},{"@type":"WebSite","@id":"https:\/\/elfsight.com\/de\/#website","url":"https:\/\/elfsight.com\/de\/","name":"Elfsight DE","description":"Just another Elfsight Sites site","potentialAction":[{"@type":"SearchAction","target":{"@type":"EntryPoint","urlTemplate":"https:\/\/elfsight.com\/de\/?s={search_term_string}"},"query-input":{"@type":"PropertyValueSpecification","valueRequired":true,"valueName":"search_term_string"}}],"inLanguage":"de"}]}},"meta_box":{"industry":"","seo_heading":"","heading":"","description":"","cta_heading":"","cta_description":"","application":"2241","h1":"Facebook Radio Player-Widget","h1_caption":"Variieren Sie Ihre Inhaltsoptionen und heben Sie sich von Ihren Mitbewerbern ab","application_category":[],"applications_title":"","applications_request_title":"","applications_request_button_text":"","hero_text":"","hero_video":"","hero_video_schema_markup":"","selling_points_title":"","selling_points_caption":"","selling_points":[],"selling_points_cta_text":"","features_title":"","features":"","ed_cta_examples_text":"","ed_cta_examples_hidden":"","ed_cta_demo_text":"","ed_cta_demo_hidden":"","why_caption":"","why_editor_title":"","why_editor_text":"","why_team_title":"","why_team_text":"","why_service_title":"","why_service_text":"","template_catalog_visible":"0","template_catalog_title":"","template_catalog_text":"","template_catalog_categories_visible":"","demo_title":"Erstellen Sie einen ma\u00dfgeschneiderten Radioplayer","demo_caption":"Personalisieren Sie es und betten Sie es per Demo auf Ihrer Website ein","default_faq_hidden":"","app_template_category":[],"platform":"216","template_public_id":"","codecanyon_url":"","codecanyon_item_id":"","codecanyon_price":"","pricing_caption":"","pricing_elfsight_apps_hide_column":"","pricing_elfsight_apps_url":"","pricing_codecanyon_price_caption":"","integration_category":[],"integration_request_title":"","integration_request_cta":"","integration_platform":"","integrations":[],"platform_category":[],"video_schema_markup":"","price":"ab 0 $ \/ Monat","trial":"","benefits":[{"text":"Kostenlose Installationshilfe"},{"text":"Au\u00dfergew\u00f6hnliche Unterst\u00fctzung"},{"text":"14-t\u00e4gige Geld-zur\u00fcck-Garantie"},{"text":"Laufende Verbesserungen"}],"button_url":"#demo","button_target_blank":"0","button_nofollow":"0","attributes":[{"name":"Installiert","content":"10,000 - 100,000"},{"name":"Empf\u00e4nglichkeit","content":"Mobilfreundlich"},{"name":"Kompatible Browser","content":"Firefox, Safari, Chrome, Edge, Opera"}],"tags":[],"tags_disable_links":"0","hide_more_platforms":"0","video_object":"","demo_hide_cta":"0","demo_hide_cloud_options":"0","pricing_title":"","pricing":[{"pricing_icon":"platform","pricing_title":"Elfsight Apps","pricing_title_caption":"Plattform\u00fcbergreifende Version, die auf jeder Website funktioniert","pricing_price":"ab 0 $ \/ Monat","pricing_price_caption":"Beginnen Sie mit einem kostenlosen Plan","pricing_benefits":[{"text":"Unbegrenzte Websites"},{"text":"Schneller und p\u00fcnktlicher Support"},{"text":"Kostenloser Installationsservice"},{"text":"Sonderpreis f\u00fcr mehrere Apps"}],"pricing_button_text":"Zur Website hinzuf\u00fcgen","pricing_button_url":"#demo"}],"related_apps_title":"","related_apps_hidden":"0","author":"","image":[],"title":"","job":"","social_networks":[]},"_links":{"self":[{"href":"https:\/\/elfsight.com\/de\/wp-json\/wp\/v2\/pages\/20929","targetHints":{"allow":["GET"]}}],"collection":[{"href":"https:\/\/elfsight.com\/de\/wp-json\/wp\/v2\/pages"}],"about":[{"href":"https:\/\/elfsight.com\/de\/wp-json\/wp\/v2\/types\/page"}],"author":[{"embeddable":true,"href":"https:\/\/elfsight.com\/de\/wp-json\/wp\/v2\/users\/9"}],"replies":[{"embeddable":true,"href":"https:\/\/elfsight.com\/de\/wp-json\/wp\/v2\/comments?post=20929"}],"version-history":[{"count":2,"href":"https:\/\/elfsight.com\/de\/wp-json\/wp\/v2\/pages\/20929\/revisions"}],"predecessor-version":[{"id":24206,"href":"https:\/\/elfsight.com\/de\/wp-json\/wp\/v2\/pages\/20929\/revisions\/24206"}],"up":[{"embeddable":true,"href":"https:\/\/elfsight.com\/de\/wp-json\/wp\/v2\/pages\/2242"}],"wp:attachment":[{"href":"https:\/\/elfsight.com\/de\/wp-json\/wp\/v2\/media?parent=20929"}],"curies":[{"name":"wp","href":"https:\/\/api.w.org\/{rel}","templated":true}]}}