{"id":20924,"date":"2024-05-03T06:45:40","date_gmt":"2024-05-03T06:45:40","guid":{"rendered":"https:\/\/elfsight.com\/de\/?page_id=20924"},"modified":"2025-02-14T15:02:26","modified_gmt":"2025-02-14T15:02:26","slug":"squarespace","status":"publish","type":"page","link":"https:\/\/elfsight.com\/de\/radio-player-widget\/squarespace\/","title":{"rendered":"Radio Player &#8211; Squarespace"},"content":{"rendered":"\n<div class=\"application-platform-content-item-description application-platform-content-item\" id=\"description\" data-nav-section=\"description\"> <h2>Radio Player mit dem Elfsight-Widget in Squarespace einbetten<\/h2> <p>Elfsight Radio ist ein einfaches Plugin, das Ihnen die M\u00f6glichkeit gibt, Radio zu streamen Stationen auf den Seiten Ihrer Website. Das Widget ist \u00e4u\u00dferst anpassbar: Sie k\u00f6nnen seine Platzierung \u00e4ndern, es an einer beliebigen Stelle auf der Seite platzieren, seine Gr\u00f6\u00dfe \u00e4ndern, den Hintergrund und andere Elemente \u00fcberarbeiten, um es mit dem Design Ihrer Website zu kombinieren, ein dunkles Design verwenden, Bilder anzeigen und drei weitere Elemente ein- oder ausblenden Spielerdetails wie \u00dcberschrift, Status und andere. F\u00fcgen Sie so viele Sender hinzu, wie Sie ben\u00f6tigen, um Ihre Benutzer zu begeistern, schalten Sie die automatische Wiedergabe ein und stellen Sie sicher, dass Ihre Besucher Ihre Webseite nicht so schnell verlassen!<\/p> <p><b>R\u00fcsten Sie Ihre Besucher mit neuen Quellen aus n\u00fctzliche und interessante Inhalte mit Elfsight Radio Player.<\/b><\/p> <\/div> <div class=\"application-platform-content-item-features application-platform-content-item\" id=\"features\" data-nav-section=\"features\"> <h2>Dies sind nur einige der verschiedenen Plugin-Funktionen:<\/h2> <ul><li>Zahlreiche Farb\u00e4nderungen.<\/li><li>Dunkles\/helles Farbschema.<\/li><li>Zwei Layouts verf\u00fcgbar.<\/li><li>M\u00f6glichkeit, ein Hintergrundbild hinzuzuf\u00fcgen.<\/li><li> Adject unbegrenzte Anzahl an Stationen.<\/li><\/ul><p><a href=\"#demo\">Sie k\u00f6nnen die volle Funktionalit\u00e4t des Plugins in der Demo auf dieser Seite ausprobieren<\/a><\/p> <\/div> <div class=\"application-platform-content-item-installation application-platform-content-item\" id=\"installation\" data-nav-section=\"installation\"> <h2>Wie f\u00fcge ich den Radio Player zu meiner Squarespace-Website hinzu?<\/h2><div class=\"video-container\"><iframe width=\"560\" height=\"315\" src=\"https:\/\/www.youtube.com\/embed\/Ng7k1VrE4Fg?si=5Xges1drjfoV-SdZ\" frameborder=\"0\" allow=\"accelerometer; autoplay; clipboard-write; encrypted-media; gyroscope; picture-in-picture; web-share\" allowfullscreen><\/iframe><\/div><p>Befolgen Sie einfach die nachstehenden Anweisungen, um das Plugin zu integrieren.<\/p> <ol><li><b>Nutzen Sie unseren kostenlosen Konfigurator und beginnen Sie mit der Erstellung Ihres individuellen Plugins.<\/b><br> Geben Sie das bevorzugte Design und die Spezifikationen des Widgets an und speichern Sie die \u00c4nderungen.<\/li> <li> <b>Erhalten Sie den individuellen Code, der im Feld auf Elfsight Apps angezeigt wird.<\/b><br> Wenn die Erstellung Ihres pers\u00f6nlichen Widgets abgeschlossen ist, kopieren Sie den individuellen Code aus dem angezeigten Fenster und bewahren Sie ihn f\u00fcr einen sp\u00e4teren Anlass auf.<\/li> <li><b>Beginnen Sie mit der Verwendung des Plugins auf Ihrer Squarespace-Webseite.<\/b><br> F\u00fcgen Sie den Code, den Sie zuvor gespeichert haben, in Ihre Webseite ein und wenden Sie die Verbesserungen an.<\/li> <li><b>Die Installation wurde erfolgreich abgeschlossen.<\/b><br> Besuchen Sie Ihre Webseite, um die Funktion des Plugins zu \u00fcberpr\u00fcfen.<\/li><\/ol> <p>Wenn Sie auf Hindernisse sto\u00dfen, scheuen Sie sich nicht davor Wenden Sie sich an unsere Kundendienstmitarbeiter. Unsere Berater l\u00f6sen gerne alle Schwierigkeiten, die Sie mit dem Produkt haben k\u00f6nnten.<\/p> <div class=\"faq\" data-component=\"FAQ\"><div class=\"faq-item\">\r\n\t\t\t\t\t<div class=\"faq-item-question\">\r\n\t\t\t\t\t\t<h3 class=\"faq-item-question-text\">Wie kann ich das Radio Player-Plugin auf meiner Squarespace-Website einbetten?<\/h3>\r\n\r\n\t\t\t\t\t\t<div class=\"faq-item-question-icon\"><\/div>\r\n\t\t\t\t\t<\/div>\r\n\r\n\t\t\t\t\t<div class=\"faq-item-answer\">\r\n\t\t\t\t\t\t<div class=\"faq-item-answer-text\"><p>Sie k\u00f6nnen es integrieren F\u00fcgen Sie das Radio Player-Plugin in Ihre Squarespace-Website ein, damit Ihre Benutzer Radiosendungen h\u00f6ren k\u00f6nnen. Gehen Sie einfach zum Admin-Bereich und befolgen Sie diese Schritte:<\/p><ol><li>Greifen Sie auf die Designeinstellungen zu.<\/li><li>W\u00e4hlen Sie den Abschnitt auf Ihrer Squarespace-Website aus, in dem Sie den Radio-Player hinzuf\u00fcgen m\u00f6chten.<\/li><li>F\u00fcgen Sie den Code vom Elfsight Apps-Dienst ein und speichern Sie Ihre \u00c4nderungen.<\/li><li>Alles klar.<\/li><\/ol><\/div>\r\n\t\t\t\t\t<\/div>\r\n\t\t\t\t<\/div><\/div><\/div>\n","protected":false},"excerpt":{"rendered":"","protected":false},"author":9,"featured_media":0,"parent":2242,"menu_order":0,"comment_status":"closed","ping_status":"closed","template":"templates\/template-application-platform.php","meta":{"publish_to_discourse":"","publish_post_category":"","wpdc_auto_publish_overridden":"","wpdc_topic_tags":"","wpdc_pin_topic":"","wpdc_pin_until":"","discourse_post_id":"","discourse_permalink":"","wpdc_publishing_response":"","wpdc_publishing_error":"","footnotes":""},"class_list":["post-20924","page","type-page","status-publish","hentry"],"yoast_head":"<!-- This site is optimized with the Yoast SEO plugin v25.3.1 - https:\/\/yoast.com\/wordpress\/plugins\/seo\/ -->\n<title>Elfsight Radio Player-Plugin f\u00fcr Squarespace-Websites (kostenlos und schnell)<\/title>\n<meta name=\"description\" content=\"Implementieren Sie ein responsives Radio Player-Plugin auf Ihrer Website. Nutzen Sie unsere praktische Demo und erstellen Sie Ihr Plugin ohne Aufwand!\" \/>\n<meta name=\"robots\" content=\"index, follow, max-snippet:-1, max-image-preview:large, max-video-preview:-1\" \/>\n<link rel=\"canonical\" href=\"https:\/\/elfsight.com\/de\/radio-player-widget\/squarespace\/\" \/>\n<meta property=\"og:locale\" content=\"de_DE\" \/>\n<meta property=\"og:type\" content=\"article\" \/>\n<meta property=\"og:title\" content=\"Elfsight Radio Player-Plugin f\u00fcr Squarespace-Websites (kostenlos und schnell)\" \/>\n<meta property=\"og:description\" content=\"Implementieren Sie ein responsives Radio Player-Plugin auf Ihrer Website. Nutzen Sie unsere praktische Demo und erstellen Sie Ihr Plugin ohne Aufwand!\" \/>\n<meta property=\"og:url\" content=\"https:\/\/elfsight.com\/de\/radio-player-widget\/squarespace\/\" \/>\n<meta property=\"og:site_name\" content=\"Elfsight DE\" \/>\n<meta property=\"article:modified_time\" content=\"2025-02-14T15:02:26+00:00\" \/>\n<meta name=\"twitter:card\" content=\"summary_large_image\" \/>\n<meta name=\"twitter:label1\" content=\"Gesch\u00e4tzte Lesezeit\" \/>\n\t<meta name=\"twitter:data1\" content=\"3\u00a0Minuten\" \/>\n<!-- \/ Yoast SEO plugin. -->","yoast_head_json":{"title":"Elfsight Radio Player-Plugin f\u00fcr Squarespace-Websites (kostenlos und schnell)","description":"Implementieren Sie ein responsives Radio Player-Plugin auf Ihrer Website. Nutzen Sie unsere praktische Demo und erstellen Sie Ihr Plugin ohne Aufwand!","robots":{"index":"index","follow":"follow","max-snippet":"max-snippet:-1","max-image-preview":"max-image-preview:large","max-video-preview":"max-video-preview:-1"},"canonical":"https:\/\/elfsight.com\/de\/radio-player-widget\/squarespace\/","og_locale":"de_DE","og_type":"article","og_title":"Elfsight Radio Player-Plugin f\u00fcr Squarespace-Websites (kostenlos und schnell)","og_description":"Implementieren Sie ein responsives Radio Player-Plugin auf Ihrer Website. Nutzen Sie unsere praktische Demo und erstellen Sie Ihr Plugin ohne Aufwand!","og_url":"https:\/\/elfsight.com\/de\/radio-player-widget\/squarespace\/","og_site_name":"Elfsight DE","article_modified_time":"2025-02-14T15:02:26+00:00","twitter_card":"summary_large_image","twitter_misc":{"Gesch\u00e4tzte Lesezeit":"3\u00a0Minuten"},"schema":{"@context":"https:\/\/schema.org","@graph":[{"@type":"WebPage","@id":"https:\/\/elfsight.com\/de\/radio-player-widget\/squarespace\/","url":"https:\/\/elfsight.com\/de\/radio-player-widget\/squarespace\/","name":"Elfsight Radio Player-Plugin f\u00fcr Squarespace-Websites (kostenlos und schnell)","isPartOf":{"@id":"https:\/\/elfsight.com\/de\/#website"},"datePublished":"2024-05-03T06:45:40+00:00","dateModified":"2025-02-14T15:02:26+00:00","description":"Implementieren Sie ein responsives Radio Player-Plugin auf Ihrer Website. Nutzen Sie unsere praktische Demo und erstellen Sie Ihr Plugin ohne Aufwand!","breadcrumb":{"@id":"https:\/\/elfsight.com\/de\/radio-player-widget\/squarespace\/#breadcrumb"},"inLanguage":"de","potentialAction":[{"@type":"ReadAction","target":["https:\/\/elfsight.com\/de\/radio-player-widget\/squarespace\/"]}]},{"@type":"BreadcrumbList","@id":"https:\/\/elfsight.com\/de\/radio-player-widget\/squarespace\/#breadcrumb","itemListElement":[{"@type":"ListItem","position":1,"name":"Home","item":"https:\/\/elfsight.com\/de\/"},{"@type":"ListItem","position":2,"name":"Radio Player","item":"https:\/\/elfsight.com\/de\/radio-player-widget\/"},{"@type":"ListItem","position":3,"name":"Radio Player &#8211; Squarespace"}]},{"@type":"WebSite","@id":"https:\/\/elfsight.com\/de\/#website","url":"https:\/\/elfsight.com\/de\/","name":"Elfsight DE","description":"Just another Elfsight Sites site","potentialAction":[{"@type":"SearchAction","target":{"@type":"EntryPoint","urlTemplate":"https:\/\/elfsight.com\/de\/?s={search_term_string}"},"query-input":{"@type":"PropertyValueSpecification","valueRequired":true,"valueName":"search_term_string"}}],"inLanguage":"de"}]}},"meta_box":{"industry":"","seo_heading":"","heading":"","description":"","cta_heading":"","cta_description":"","application":"2241","h1":"Squarespace Radio Player-Plugin","h1_caption":"F\u00fcgen Sie Ihrer Website einen Live-Radiostream mit einem anpassbaren Player hinzu, der Ihr Branding m\u00fchelos in Ihre Squarespace-Website einf\u00fcgt.","application_category":[],"applications_title":"","applications_request_title":"","applications_request_button_text":"","hero_text":"","hero_video":"","hero_video_schema_markup":"","selling_points_title":"","selling_points_caption":"","selling_points":[],"selling_points_cta_text":"","features_title":"","features":"","ed_cta_examples_text":"","ed_cta_examples_hidden":"","ed_cta_demo_text":"","ed_cta_demo_hidden":"","why_caption":"","why_editor_title":"","why_editor_text":"","why_team_title":"","why_team_text":"","why_service_title":"","why_service_text":"","template_catalog_visible":"0","template_catalog_title":"","template_catalog_text":"","template_catalog_categories_visible":"","demo_title":"Erstellen Sie Ihr Radio Player-Plugin","demo_caption":"Konfigurieren Sie Ihren Radio-Player und f\u00fcgen Sie ihn kostenlos zu Ihrer Squarespace-Website hinzu!","default_faq_hidden":"","app_template_category":[],"platform":"252","template_public_id":"","codecanyon_url":"","codecanyon_item_id":"","codecanyon_price":"","pricing_caption":"","pricing_elfsight_apps_hide_column":"","pricing_elfsight_apps_url":"","pricing_codecanyon_price_caption":"","integration_category":[],"integration_request_title":"","integration_request_cta":"","integration_platform":"","integrations":[],"platform_category":[],"video_schema_markup":"","price":"ab 0 $ \/ Monat","trial":"","benefits":[{"text":"Kostenloser Installationsservice"},{"text":"Erfahrener Kundensupport"},{"text":"14-t\u00e4gige Geld-zur\u00fcck-Garantie"},{"text":"Regelm\u00e4\u00dfige kostenlose Verbesserungen"}],"button_url":"#demo","button_target_blank":"0","button_nofollow":"0","attributes":[{"name":"Installiert","content":"10,000 - 100,000"},{"name":"Reaktionsfreudig","content":"Ja"},{"name":"Kompatible Browser","content":"Firefox, Safari, Opera, Chrome, Edge"}],"tags":[],"tags_disable_links":"0","hide_more_platforms":"0","video_object":"","demo_hide_cta":"0","demo_hide_cloud_options":"0","pricing_title":"","pricing":[{"pricing_icon":"platform","pricing_title":"Elfsight Apps","pricing_title_caption":"Plattform\u00fcbergreifende Version, die auf jeder Website funktioniert","pricing_price":"ab 0 $ \/ Monat","pricing_price_caption":"Beginnen Sie mit einem kostenlosen Plan","pricing_benefits":[{"text":"Unbegrenzte Websites"},{"text":"Professionelle und p\u00fcnktliche Unterst\u00fctzung und gut dokumentiert"},{"text":"Kostenlose Installationsunterst\u00fctzung"},{"text":"100 % anpassbar"}],"pricing_button_text":"Zur Website hinzuf\u00fcgen","pricing_button_url":"#demo"}],"related_apps_title":"","related_apps_hidden":"0","author":"","image":[],"title":"","job":"","social_networks":[]},"_links":{"self":[{"href":"https:\/\/elfsight.com\/de\/wp-json\/wp\/v2\/pages\/20924","targetHints":{"allow":["GET"]}}],"collection":[{"href":"https:\/\/elfsight.com\/de\/wp-json\/wp\/v2\/pages"}],"about":[{"href":"https:\/\/elfsight.com\/de\/wp-json\/wp\/v2\/types\/page"}],"author":[{"embeddable":true,"href":"https:\/\/elfsight.com\/de\/wp-json\/wp\/v2\/users\/9"}],"replies":[{"embeddable":true,"href":"https:\/\/elfsight.com\/de\/wp-json\/wp\/v2\/comments?post=20924"}],"version-history":[{"count":3,"href":"https:\/\/elfsight.com\/de\/wp-json\/wp\/v2\/pages\/20924\/revisions"}],"predecessor-version":[{"id":24221,"href":"https:\/\/elfsight.com\/de\/wp-json\/wp\/v2\/pages\/20924\/revisions\/24221"}],"up":[{"embeddable":true,"href":"https:\/\/elfsight.com\/de\/wp-json\/wp\/v2\/pages\/2242"}],"wp:attachment":[{"href":"https:\/\/elfsight.com\/de\/wp-json\/wp\/v2\/media?parent=20924"}],"curies":[{"name":"wp","href":"https:\/\/api.w.org\/{rel}","templated":true}]}}