{"id":20921,"date":"2024-05-03T06:45:10","date_gmt":"2024-05-03T06:45:10","guid":{"rendered":"https:\/\/elfsight.com\/de\/?page_id=20921"},"modified":"2025-07-09T14:20:17","modified_gmt":"2025-07-09T14:20:17","slug":"weebly","status":"publish","type":"page","link":"https:\/\/elfsight.com\/de\/qr-code-widget\/weebly\/","title":{"rendered":"QR Code &#8211; Weebly"},"content":{"rendered":"<div class=\"application-platform-content-item-description application-platform-content-item\" id=\"description\" data-nav-section=\"description\"> <h2>Beschreibung<\/h2> <p>Der QR-Code-Generator ist ein beeindruckendes Tool f\u00fcr Weebly, mit dem Sie Ihre Besucher schnell auf jede Website umleiten und teilen k\u00f6nnen ein Link, ein Standort, eine E-Mail, eine Datei und mehr. Das Widget ist \u00e4u\u00dferst anpassbar: Sie k\u00f6nnen einen Titel und eine Bildunterschrift hinzuf\u00fcgen, das Symbol und das Logo aus unserer Bibliothek ausw\u00e4hlen oder Ihr eigenes hochladen, den Text, den Hintergrund und den Rahmen neu einf\u00e4rben und die Gr\u00f6\u00dfe so \u00e4ndern, wie es zu Ihrer Website passt. Sie m\u00fcssen nur noch mit der Erstellung des Widgets beginnen \u2013 die Installation ist unkompliziert und erfordert keine Programmierkenntnisse von Ihnen. <\/p> <p><b>F\u00fcgen Sie den QR-Code in Ihre Website ein und leiten Sie Besucher direkt dorthin weiter, wo Sie sie haben m\u00f6chten, und optimieren Sie den Inhaltskonsum<\/b><\/p> <\/div> <div class=\"application-platform-content-item-features  application-platform-content-item\" id=\"features \" data-nav-section=\"features \"> <h2>Hier sind die Grundfunktionen des Widgets: <\/h2> <ul><li>Sofortiger Zugriff auf von Ihnen hochgeladene Inhalte<\/li><li>Beliebigen Text anh\u00e4ngen<\/li><li>8 umschaltbar Logos<\/li><li>F\u00fcnfzehn austauschbare Symbole zur Auswahl<\/li><li>Alle Teile neu lackieren<\/li><\/ul><p><a href=\"#demo\">Sie k\u00f6nnen das ausprobieren Alle Funktionen des Widgets in der Demo auf dieser Seite<\/a><\/p> <\/div> <div class=\"application-platform-content-item-installation application-platform-content-item\" id=\"installation\" data-nav-section=\"installation\"> <h2>Wie binde ich QR-Code in meine Weebly-Webseite ein? <\/h2> <p>F\u00fchren Sie einfach die unten beschriebenen Schritte aus, um das Plugin einzubetten. <\/p> <ol><li><b>Starten Sie unseren kostenlosen Konfigurator und beginnen Sie mit der Gestaltung Ihrer personalisierten App. <\/b><br> W\u00e4hlen Sie die benutzerdefinierte Benutzeroberfl\u00e4che und Aspekte der App und speichern Sie alle \u00c4nderungen. <\/li> <li><b>Erhalten Sie Ihren pers\u00f6nlichen Code, der im speziellen Formular auf Elfsight Apps erscheint. <\/b><br> Sobald die Einrichtung Ihrer App abgeschlossen ist, kopieren Sie den einzelnen Code im angezeigten Fenster und speichern Sie ihn f\u00fcr die sp\u00e4tere Verwendung. <\/li> <li><b>Geben Sie die Verwendung der App auf Ihrer Weebly-Webseite ein. <\/b><br> Platzieren Sie den k\u00fcrzlich kopierten Code auf Ihrer Seite und speichern Sie die Korrekturen. <\/li> <li><b>Du bist fertig! Die Integration ist vollst\u00e4ndig abgeschlossen. <\/b><br> \u00d6ffnen Sie Ihre Website, um die Funktion der App zu \u00fcberpr\u00fcfen. <\/li><\/ol><p>Sollten Sie auf Probleme sto\u00dfen, k\u00f6nnen Sie sich gerne an unser Support-Team wenden. Unsere Spezialisten sind bestrebt, alle Ihre Fragen zum Produkt zu beantworten. <\/p> <div class=\"faq\" data-component=\"FAQ\"><div class=\"faq-item\">\r\n\t\t\t\t\t<div class=\"faq-item-question\">\r\n\t\t\t\t\t\t<h3 class=\"faq-item-question-text\">Gibt es eine Option, ohne Programmierkenntnisse einen QR-Code zu meiner Weebly-Homepage hinzuzuf\u00fcgen?<\/h3>\r\n\r\n\t\t\t\t\t\t<div class=\"faq-item-question-icon\"><\/div>\r\n\t\t\t\t\t<\/div>\r\n\r\n\t\t\t\t\t<div class=\"faq-item-answer\">\r\n\t\t\t\t\t\t<div class=\"faq-item-answer-text\"> <p>Elfsight bietet eine L\u00f6sung, mit der Benutzer selbst ein QR-Code-Widget erstellen k\u00f6nnen. Sehen Sie sich das Einfache an Anleitung: Beginnen Sie direkt im Live-Editor mit der Erstellung eines QR-Code-Widgets, das Sie gerne auf der Weebly-Website sehen m\u00f6chten. Entscheiden Sie sich f\u00fcr eine der vorgefertigten Vorlagen und \u00e4ndern Sie die QR-Code-Einstellungen, f\u00fcgen Sie Ihre Inhalte hinzu, \u00e4ndern Sie das Layout und die Farben \u2013 ganz ohne Programmiererfahrung. Speichern Sie den QR-Code und erhalten Sie den Code zum Einbetten, den Sie problemlos und kostenlos in die Weebly-Site einf\u00fcgen k\u00f6nnen. Mit unserem intuitiven Konfigurator kann jeder Internetnutzer einen QR-Code erstellen und ihn m\u00fchelos in die Weebly-Webseite einbinden. Sie m\u00fcssen kein kostenpflichtiges Abonnement abschlie\u00dfen oder Ihre Kartendaten offenlegen, um auf den Editor zuzugreifen. Sollten bei irgendeinem Schritt Probleme auftreten, wenden Sie sich bitte an unseren Kundensupport.<\/p> <\/div>\r\n\t\t\t\t\t<\/div>\r\n\t\t\t\t<\/div> <\/div><\/div>","protected":false},"excerpt":{"rendered":"","protected":false},"author":9,"featured_media":0,"parent":2499,"menu_order":0,"comment_status":"closed","ping_status":"closed","template":"templates\/template-application-platform.php","meta":{"publish_to_discourse":"","publish_post_category":"","wpdc_auto_publish_overridden":"","wpdc_topic_tags":"","wpdc_pin_topic":"","wpdc_pin_until":"","discourse_post_id":"","discourse_permalink":"","wpdc_publishing_response":"","wpdc_publishing_error":"","footnotes":""},"class_list":["post-20921","page","type-page","status-publish","hentry"],"yoast_head":"<!-- This site is optimized with the Yoast SEO plugin v25.3.1 - https:\/\/yoast.com\/wordpress\/plugins\/seo\/ -->\n<title>QR-Code-Generator \u2013 QR-Code f\u00fcr die Weebly-Website erstellen [2025]<\/title>\n<meta name=\"description\" content=\"Erstellen Sie ganz einfach Ihren einzigartigen QR-Code-Generator f\u00fcr die Weebly-Site. Nutzen Sie einfach unsere aktive Demo und Ihre App wird in weniger als zwei Minuten erstellt.\" \/>\n<meta name=\"robots\" content=\"index, follow, max-snippet:-1, max-image-preview:large, max-video-preview:-1\" \/>\n<link rel=\"canonical\" href=\"https:\/\/elfsight.com\/de\/qr-code-widget\/weebly\/\" \/>\n<meta property=\"og:locale\" content=\"de_DE\" \/>\n<meta property=\"og:type\" content=\"article\" \/>\n<meta property=\"og:title\" content=\"QR-Code-Generator \u2013 QR-Code f\u00fcr die Weebly-Website erstellen [2025]\" \/>\n<meta property=\"og:description\" content=\"Erstellen Sie ganz einfach Ihren einzigartigen QR-Code-Generator f\u00fcr die Weebly-Site. Nutzen Sie einfach unsere aktive Demo und Ihre App wird in weniger als zwei Minuten erstellt.\" \/>\n<meta property=\"og:url\" content=\"https:\/\/elfsight.com\/de\/qr-code-widget\/weebly\/\" \/>\n<meta property=\"og:site_name\" content=\"Elfsight DE\" \/>\n<meta property=\"article:modified_time\" content=\"2025-07-09T14:20:17+00:00\" \/>\n<meta name=\"twitter:card\" content=\"summary_large_image\" \/>\n<meta name=\"twitter:label1\" content=\"Gesch\u00e4tzte Lesezeit\" \/>\n\t<meta name=\"twitter:data1\" content=\"3\u00a0Minuten\" \/>\n<!-- \/ Yoast SEO plugin. -->","yoast_head_json":{"title":"QR-Code-Generator \u2013 QR-Code f\u00fcr die Weebly-Website erstellen [2025]","description":"Erstellen Sie ganz einfach Ihren einzigartigen QR-Code-Generator f\u00fcr die Weebly-Site. Nutzen Sie einfach unsere aktive Demo und Ihre App wird in weniger als zwei Minuten erstellt.","robots":{"index":"index","follow":"follow","max-snippet":"max-snippet:-1","max-image-preview":"max-image-preview:large","max-video-preview":"max-video-preview:-1"},"canonical":"https:\/\/elfsight.com\/de\/qr-code-widget\/weebly\/","og_locale":"de_DE","og_type":"article","og_title":"QR-Code-Generator \u2013 QR-Code f\u00fcr die Weebly-Website erstellen [2025]","og_description":"Erstellen Sie ganz einfach Ihren einzigartigen QR-Code-Generator f\u00fcr die Weebly-Site. Nutzen Sie einfach unsere aktive Demo und Ihre App wird in weniger als zwei Minuten erstellt.","og_url":"https:\/\/elfsight.com\/de\/qr-code-widget\/weebly\/","og_site_name":"Elfsight DE","article_modified_time":"2025-07-09T14:20:17+00:00","twitter_card":"summary_large_image","twitter_misc":{"Gesch\u00e4tzte Lesezeit":"3\u00a0Minuten"},"schema":{"@context":"https:\/\/schema.org","@graph":[{"@type":"WebPage","@id":"https:\/\/elfsight.com\/de\/qr-code-widget\/weebly\/","url":"https:\/\/elfsight.com\/de\/qr-code-widget\/weebly\/","name":"QR-Code-Generator \u2013 QR-Code f\u00fcr die Weebly-Website erstellen [2025]","isPartOf":{"@id":"https:\/\/elfsight.com\/de\/#website"},"datePublished":"2024-05-03T06:45:10+00:00","dateModified":"2025-07-09T14:20:17+00:00","description":"Erstellen Sie ganz einfach Ihren einzigartigen QR-Code-Generator f\u00fcr die Weebly-Site. Nutzen Sie einfach unsere aktive Demo und Ihre App wird in weniger als zwei Minuten erstellt.","breadcrumb":{"@id":"https:\/\/elfsight.com\/de\/qr-code-widget\/weebly\/#breadcrumb"},"inLanguage":"de","potentialAction":[{"@type":"ReadAction","target":["https:\/\/elfsight.com\/de\/qr-code-widget\/weebly\/"]}]},{"@type":"BreadcrumbList","@id":"https:\/\/elfsight.com\/de\/qr-code-widget\/weebly\/#breadcrumb","itemListElement":[{"@type":"ListItem","position":1,"name":"Home","item":"https:\/\/elfsight.com\/de\/"},{"@type":"ListItem","position":2,"name":"QR Code","item":"https:\/\/elfsight.com\/de\/qr-code-widget\/"},{"@type":"ListItem","position":3,"name":"QR Code &#8211; Weebly"}]},{"@type":"WebSite","@id":"https:\/\/elfsight.com\/de\/#website","url":"https:\/\/elfsight.com\/de\/","name":"Elfsight DE","description":"Just another Elfsight Sites site","potentialAction":[{"@type":"SearchAction","target":{"@type":"EntryPoint","urlTemplate":"https:\/\/elfsight.com\/de\/?s={search_term_string}"},"query-input":{"@type":"PropertyValueSpecification","valueRequired":true,"valueName":"search_term_string"}}],"inLanguage":"de"}]}},"meta_box":{"industry":"","seo_heading":"","heading":"","description":"","cta_heading":"","cta_description":"","application":"512","h1":"Weebly QR-Code-Generator","h1_caption":"Generieren und zeigen Sie m\u00fchelos einen QR-Code f\u00fcr den einfachen Zugriff auf URLs, WLAN, Visitenkarten und mehr auf Ihrer Weebly-Website an.","application_category":[],"applications_title":"","applications_request_title":"","applications_request_button_text":"","hero_text":"","hero_video":"","hero_video_schema_markup":"","selling_points_title":"","selling_points_caption":"","selling_points":[],"selling_points_cta_text":"","features_title":"","features":"","ed_cta_examples_text":"","ed_cta_examples_hidden":"","ed_cta_demo_text":"","ed_cta_demo_hidden":"","why_caption":"","why_editor_title":"","why_editor_text":"","why_team_title":"","why_team_text":"","why_service_title":"","why_service_text":"","template_catalog_visible":"","template_catalog_title":"","template_catalog_text":"","template_catalog_categories_visible":"","demo_title":"Erstellen Sie Ihre QR-Code-App","demo_caption":"Konfigurieren Sie Ihren QR-Code und f\u00fcgen Sie ihn kostenlos zu Ihrer Weebly-Website hinzu!","default_faq_hidden":"","app_template_category":[],"platform":"249","template_public_id":"","codecanyon_url":"","codecanyon_item_id":"","codecanyon_price":"","pricing_caption":"","pricing_elfsight_apps_hide_column":"","pricing_elfsight_apps_url":"","pricing_codecanyon_price_caption":"","integration_category":[],"integration_request_title":"","integration_request_cta":"","integration_platform":"","integrations":[],"platform_category":[],"video_schema_markup":"","price":"ab 0 $ \/ Monat","trial":"","benefits":[{"text":"Kostenlose Installationshilfe"},{"text":"Au\u00dfergew\u00f6hnlicher Support"},{"text":"14-t\u00e4gige Geld-zur\u00fcck-Garantie"},{"text":"Zuk\u00fcnftige kostenlose Updates"}],"button_url":"#demo","button_target_blank":"","button_nofollow":"","attributes":[{"name":"Installiert","content":"10,000 - 100,000"},{"name":"Reaktionsfreudig","content":"Ja"},{"name":"Kompatible Browser","content":"Firefox, Safari, Opera, Chrome, Edge"}],"tags":[],"tags_disable_links":"","hide_more_platforms":"","video_object":"","demo_hide_cta":"","demo_hide_cloud_options":"","pricing_title":"","pricing":[{"pricing_icon":"platform","pricing_title":"Elfsight Apps","pricing_title_caption":"Plattformunabh\u00e4ngige digitale L\u00f6sung, die auf jeder Website funktioniert","pricing_price":"ab 0 $ \/ Monat","pricing_price_caption":"Beginnen Sie mit einem kostenlosen Plan","pricing_benefits":[{"text":"Unbegrenzte Domains"},{"text":"Professionelle Unternehmensunterst\u00fctzung und gut dokumentiert"},{"text":"Kostenlose Installationshilfe"},{"text":"Flexibles Design"}],"pricing_button_text":"Zur Website hinzuf\u00fcgen","pricing_button_url":"#demo"}],"related_apps_title":"","related_apps_hidden":"","author":"","image":[],"title":"","job":"","social_networks":[]},"_links":{"self":[{"href":"https:\/\/elfsight.com\/de\/wp-json\/wp\/v2\/pages\/20921","targetHints":{"allow":["GET"]}}],"collection":[{"href":"https:\/\/elfsight.com\/de\/wp-json\/wp\/v2\/pages"}],"about":[{"href":"https:\/\/elfsight.com\/de\/wp-json\/wp\/v2\/types\/page"}],"author":[{"embeddable":true,"href":"https:\/\/elfsight.com\/de\/wp-json\/wp\/v2\/users\/9"}],"replies":[{"embeddable":true,"href":"https:\/\/elfsight.com\/de\/wp-json\/wp\/v2\/comments?post=20921"}],"version-history":[{"count":1,"href":"https:\/\/elfsight.com\/de\/wp-json\/wp\/v2\/pages\/20921\/revisions"}],"predecessor-version":[{"id":20925,"href":"https:\/\/elfsight.com\/de\/wp-json\/wp\/v2\/pages\/20921\/revisions\/20925"}],"up":[{"embeddable":true,"href":"https:\/\/elfsight.com\/de\/wp-json\/wp\/v2\/pages\/2499"}],"wp:attachment":[{"href":"https:\/\/elfsight.com\/de\/wp-json\/wp\/v2\/media?parent=20921"}],"curies":[{"name":"wp","href":"https:\/\/api.w.org\/{rel}","templated":true}]}}