{"id":20916,"date":"2024-05-03T06:45:00","date_gmt":"2024-05-03T06:45:00","guid":{"rendered":"https:\/\/elfsight.com\/de\/?page_id=20916"},"modified":"2025-02-20T10:04:07","modified_gmt":"2025-02-20T10:04:07","slug":"webflow","status":"publish","type":"page","link":"https:\/\/elfsight.com\/de\/pricing-table-plugin\/webflow\/","title":{"rendered":"Pricing Table &#8211; Webflow"},"content":{"rendered":"\n<div class=\"application-platform-content-item-description application-platform-content-item\" id=\"description\" data-nav-section=\"description\"><h2>Preistabelle in Webflow mit dem Elfsight-Widget einbetten<\/h2><p>Die Preisgestaltung spielt eine der Hauptrollen, wenn es darum geht, Kunden davon zu \u00fcberzeugen, Ihr Produkt zu kaufen Produkt oder Dienstleistung. Das Widget unseres Teams erm\u00f6glicht es den K\u00e4ufern der Website nicht nur, verf\u00fcgbare Preisoptionen schnell zu visualisieren und zu vergleichen. Es tr\u00e4gt auch dazu bei, die Konvertierung zu steigern, indem es die neuesten Trends in der Preisgestaltung und -konfiguration nutzt.<\/p><p><b>Erh\u00f6hen Sie den Umsatz Ihrer Website mit leistungsstarken Preisen.<\/b><\/p><ul><li><b>Bringen Sie Kunden zum Kauf<\/b>.<br>Demonstrieren Sie m\u00f6glichst einfach und effektiv alle Informationen, nach denen Ihre potenziellen Kunden suchen, und \u00fcberzeugen Sie sie, die richtige Entscheidung zu treffen.<\/li><li><b>Schnelle und effektive Anpassung<\/b>.<br>Dank der umfangreichen Auswahl an Optionen k\u00f6nnen Sie in wenigen Schritten verschiedene Preisarten festlegen. So erhalten Sie diejenige, die f\u00fcr Ihre Website absolut effizient ist.<\/li><li><b>Machen Sie Ihre Angebote f\u00fcr Kunden attraktiv.<\/b>.<br>W\u00e4hlen Sie verschiedene Farben, f\u00fcgen Sie Elemente ein, f\u00fcgen Sie Bilder hinzu, um Ihre Preisgestaltung f\u00fcr Kunden unterhaltsam zu gestalten und das Kaufergebnis positiv zu beeinflussen.<\/li><\/ul><\/div><div class=\"application-platform-content-item-features application-platform-content-item\" id=\"features\" data-nav-section=\"features\"><h2>Hauptfunktionen des Preistabellen-Widgets<\/h2><p>Die Vorteile, die unser Widget zur besten Preistabelle f\u00fcr Webflow-Websites machen.<\/p><ul><li>2 vordefinierte Arten von Rahmenradien und 4 vordefinierte Arten von Rahmenbreiten;<\/li><li>5 vordefinierte Skins mit unterschiedlichen Farbschemata;<\/li><li>Jede Spalte hervorheben;<\/li> <li>Verkn\u00fcpfung des Buttons mit der gew\u00fcnschten Seite;<\/li><li>F\u00fcr Mobilger\u00e4te optimiertes Layout.<\/li><\/ul><p><a href=\"#demo\">Sie k\u00f6nnen alle Vorteile live ausprobieren Konfigurator<\/a><\/p><\/div><div class=\"application-platform-content-item-installation application-platform-content-item\" id=\"installation\" data-nav-section=\"installation\"><h2>So f\u00fcgen Sie eine Preistabelle zur Webflow-Website hinzu<\/h2><div class=\"video-container\"><iframe width=\"560\" height=\"315\" src=\"https:\/\/www.youtube.com\/embed\/a2UMiwjpLq8?si=SbnqsSqDFVAI1zg5\" frameborder=\"0\" allow=\"accelerometer; autoplay; clipboard-write; encrypted-media; gyroscope; picture-in-picture; web-share\" allowfullscreen><\/iframe><\/div><p>Eine Anleitung zum Einbetten Elfsight-Widget zu einer Website. Um es durchzuf\u00fchren, ben\u00f6tigen Sie keine Kenntnisse in der Webentwicklung und es wird nicht viel Zeit in Anspruch nehmen. Nur ein paar einfache Schritte und 1 Minute.<\/p><ol><li><b>Erstellen Sie Ihre personalisierte Preistabelle<\/b>.<br>Erstellen Sie mit unserer kostenlosen Demo ein Plugin mit dem erforderlichen Layout und den erforderlichen Optionen.<\/li><li><b>Besorgen Sie sich den Code zum Hinzuf\u00fcgen des Plugins<\/b>.<br>Nach der Widget-Einstellung holen Sie sich den Code f\u00fcr das Preis-Plugin aus dem angezeigten Fenster in Elfsight Apps.<\/li><li><b>Betten Sie das Plugin auf der Webflow-Website ein<\/b>.<br>F\u00fcgen Sie das Plugin an der erforderlichen Stelle der Website ein und speichern Sie die \u00c4nderungen.<\/li><li><b>Fertig!<\/b><br>Geben Sie Ihre Website ein, um Ihre Preise anzuzeigen.<\/li><\/ol><p>Haben Sie Fragen zur Einrichtung des Widgets? Sehen Sie sich unsere vollst\u00e4ndige Anleitung \u201e<a href=\"https:\/\/elfsight.com\/tutorials\/how-to-add-pricing-table-to-webflow\/\" target=\"_blank\" rel=\"noopener noreferrer\">Anleitung zur Installation an Preistabelle auf einem Webflow<\/a>\u00bb oder wenden Sie sich an unseren Kundensupport, der bei Problemen schnell weiterhilft.<\/p><div class=\"faq\" data-component=\"FAQ\"> <div class=\"faq-item\">\r\n\t\t\t\t\t<div class=\"faq-item-question\">\r\n\t\t\t\t\t\t<h3 class=\"faq-item-question-text\">Wie kann ich ohne Programmierkenntnisse eine Preistabelle zu meiner Webflow-Website hinzuf\u00fcgen?<\/h3>\r\n\r\n\t\t\t\t\t\t<div class=\"faq-item-question-icon\"><\/div>\r\n\t\t\t\t\t<\/div>\r\n\r\n\t\t\t\t\t<div class=\"faq-item-answer\">\r\n\t\t\t\t\t\t<div class=\"faq-item-answer-text\"> <p>Elfsight bietet eine SaaS-L\u00f6sung, mit der Sie selbst ein Preistabellen-Widget erstellen k\u00f6nnen. Sehen Sie, wie einfach der Vorgang ist: Arbeiten Sie direkt im Online-Editor, um ein Preistabellen-Widget zu erstellen, das Sie gerne auf Ihrer Webflow-Website sehen w\u00fcrden. W\u00e4hlen Sie eine der vorgefertigten Vorlagen aus und passen Sie die Einstellungen der Preistabelle an, f\u00fcgen Sie Ihre Inhalte hinzu, \u00e4ndern Sie das Layout und die Farben ohne Programmierkenntnisse. Speichern Sie die Preistabelle und kopieren Sie den Installationscode, den Sie auf Ihrer Webflow-Website hinzuf\u00fcgen k\u00f6nnen, ohne einen kostenpflichtigen Plan kaufen zu m\u00fcssen. Mit unserem intuitiven Editor kann jeder Internetnutzer online ein Preistabellen-Widget erstellen und es einfach in seine Webflow-Website einbetten. Sie m\u00fcssen weder bezahlen noch Ihre Kartendaten eingeben, um auf den Service zuzugreifen. Sollten bei irgendeinem Schritt Probleme auftreten, wenden Sie sich bitte an unser technisches Support-Team.<\/p> <\/div>\r\n\t\t\t\t\t<\/div>\r\n\t\t\t\t<\/div> <\/div> <\/div>\n\n\n\n<p><\/p>\n","protected":false},"excerpt":{"rendered":"","protected":false},"author":9,"featured_media":0,"parent":798,"menu_order":0,"comment_status":"closed","ping_status":"closed","template":"templates\/template-application-platform.php","meta":{"publish_to_discourse":"","publish_post_category":"","wpdc_auto_publish_overridden":"","wpdc_topic_tags":"","wpdc_pin_topic":"","wpdc_pin_until":"","discourse_post_id":"","discourse_permalink":"","wpdc_publishing_response":"","wpdc_publishing_error":"","footnotes":""},"class_list":["post-20916","page","type-page","status-publish","hentry"],"yoast_head":"<!-- This site is optimized with the Yoast SEO plugin v25.3.1 - https:\/\/yoast.com\/wordpress\/plugins\/seo\/ -->\n<title>Preistabelle \u2013 Preis-Widget zur Webflow-Website hinzuf\u00fcgen<\/title>\n<meta name=\"description\" content=\"Erwerben Sie das Preistabellen-Widget f\u00fcr Webflow in nur 3 Minuten. \u00dcberpr\u00fcfen Sie alle Funktionen des Plugins f\u00fcr die besten Preise im kostenlosen Panel.\" \/>\n<meta name=\"robots\" content=\"index, follow, max-snippet:-1, max-image-preview:large, max-video-preview:-1\" \/>\n<link rel=\"canonical\" href=\"https:\/\/elfsight.com\/de\/pricing-table-plugin\/webflow\/\" \/>\n<meta property=\"og:locale\" content=\"de_DE\" \/>\n<meta property=\"og:type\" content=\"article\" \/>\n<meta property=\"og:title\" content=\"Preistabelle \u2013 Preis-Widget zur Webflow-Website hinzuf\u00fcgen\" \/>\n<meta property=\"og:description\" content=\"Erwerben Sie das Preistabellen-Widget f\u00fcr Webflow in nur 3 Minuten. \u00dcberpr\u00fcfen Sie alle Funktionen des Plugins f\u00fcr die besten Preise im kostenlosen Panel.\" \/>\n<meta property=\"og:url\" content=\"https:\/\/elfsight.com\/de\/pricing-table-plugin\/webflow\/\" \/>\n<meta property=\"og:site_name\" content=\"Elfsight DE\" \/>\n<meta property=\"article:modified_time\" content=\"2025-02-20T10:04:07+00:00\" \/>\n<meta name=\"twitter:card\" content=\"summary_large_image\" \/>\n<meta name=\"twitter:label1\" content=\"Gesch\u00e4tzte Lesezeit\" \/>\n\t<meta name=\"twitter:data1\" content=\"3\u00a0Minuten\" \/>\n<!-- \/ Yoast SEO plugin. -->","yoast_head_json":{"title":"Preistabelle \u2013 Preis-Widget zur Webflow-Website hinzuf\u00fcgen","description":"Erwerben Sie das Preistabellen-Widget f\u00fcr Webflow in nur 3 Minuten. \u00dcberpr\u00fcfen Sie alle Funktionen des Plugins f\u00fcr die besten Preise im kostenlosen Panel.","robots":{"index":"index","follow":"follow","max-snippet":"max-snippet:-1","max-image-preview":"max-image-preview:large","max-video-preview":"max-video-preview:-1"},"canonical":"https:\/\/elfsight.com\/de\/pricing-table-plugin\/webflow\/","og_locale":"de_DE","og_type":"article","og_title":"Preistabelle \u2013 Preis-Widget zur Webflow-Website hinzuf\u00fcgen","og_description":"Erwerben Sie das Preistabellen-Widget f\u00fcr Webflow in nur 3 Minuten. \u00dcberpr\u00fcfen Sie alle Funktionen des Plugins f\u00fcr die besten Preise im kostenlosen Panel.","og_url":"https:\/\/elfsight.com\/de\/pricing-table-plugin\/webflow\/","og_site_name":"Elfsight DE","article_modified_time":"2025-02-20T10:04:07+00:00","twitter_card":"summary_large_image","twitter_misc":{"Gesch\u00e4tzte Lesezeit":"3\u00a0Minuten"},"schema":{"@context":"https:\/\/schema.org","@graph":[{"@type":"WebPage","@id":"https:\/\/elfsight.com\/de\/pricing-table-plugin\/webflow\/","url":"https:\/\/elfsight.com\/de\/pricing-table-plugin\/webflow\/","name":"Preistabelle \u2013 Preis-Widget zur Webflow-Website hinzuf\u00fcgen","isPartOf":{"@id":"https:\/\/elfsight.com\/de\/#website"},"datePublished":"2024-05-03T06:45:00+00:00","dateModified":"2025-02-20T10:04:07+00:00","description":"Erwerben Sie das Preistabellen-Widget f\u00fcr Webflow in nur 3 Minuten. \u00dcberpr\u00fcfen Sie alle Funktionen des Plugins f\u00fcr die besten Preise im kostenlosen Panel.","breadcrumb":{"@id":"https:\/\/elfsight.com\/de\/pricing-table-plugin\/webflow\/#breadcrumb"},"inLanguage":"de","potentialAction":[{"@type":"ReadAction","target":["https:\/\/elfsight.com\/de\/pricing-table-plugin\/webflow\/"]}]},{"@type":"BreadcrumbList","@id":"https:\/\/elfsight.com\/de\/pricing-table-plugin\/webflow\/#breadcrumb","itemListElement":[{"@type":"ListItem","position":1,"name":"Home","item":"https:\/\/elfsight.com\/de\/"},{"@type":"ListItem","position":2,"name":"Pricing Table","item":"https:\/\/elfsight.com\/de\/pricing-table-plugin\/"},{"@type":"ListItem","position":3,"name":"Pricing Table &#8211; Webflow"}]},{"@type":"WebSite","@id":"https:\/\/elfsight.com\/de\/#website","url":"https:\/\/elfsight.com\/de\/","name":"Elfsight DE","description":"Just another Elfsight Sites site","potentialAction":[{"@type":"SearchAction","target":{"@type":"EntryPoint","urlTemplate":"https:\/\/elfsight.com\/de\/?s={search_term_string}"},"query-input":{"@type":"PropertyValueSpecification","valueRequired":true,"valueName":"search_term_string"}}],"inLanguage":"de"}]}},"meta_box":{"industry":"","seo_heading":"","heading":"","description":"","cta_heading":"","cta_description":"","application":"468","h1":"Preistabellen-Widget f\u00fcr Webflow","h1_caption":"Pr\u00e4sentieren Sie Ihre Preisoptionen klar und attraktiv und helfen Sie Kunden, m\u00fchelos den richtigen Plan f\u00fcr ihre Bed\u00fcrfnisse auf Ihrer Webflow-Website auszuw\u00e4hlen.","application_category":[],"applications_title":"","applications_request_title":"","applications_request_button_text":"","hero_text":"","hero_video":"","hero_video_schema_markup":"","selling_points_title":"","selling_points_caption":"","selling_points":[],"selling_points_cta_text":"","features_title":"","features":"","ed_cta_examples_text":"","ed_cta_examples_hidden":"","ed_cta_demo_text":"","ed_cta_demo_hidden":"","why_caption":"","why_editor_title":"","why_editor_text":"","why_team_title":"","why_team_text":"","why_service_title":"","why_service_text":"","template_catalog_visible":"0","template_catalog_title":"","template_catalog_text":"","template_catalog_categories_visible":"","demo_title":"Erstellen Sie Ihr Preistabellen-Widget","demo_caption":"Konfigurieren Sie Ihre Preistabelle und f\u00fcgen Sie sie kostenlos zu Ihrer Webflow-Website hinzu!","default_faq_hidden":"","app_template_category":[],"platform":"250","template_public_id":"","codecanyon_url":"","codecanyon_item_id":"","codecanyon_price":"","pricing_caption":"","pricing_elfsight_apps_hide_column":"","pricing_elfsight_apps_url":"","pricing_codecanyon_price_caption":"","integration_category":[],"integration_request_title":"","integration_request_cta":"","integration_platform":"","integrations":[],"platform_category":[],"video_schema_markup":"","price":"ab 0 $ \/ Monat","trial":"","benefits":[{"text":"Kostenlose Installationsunterst\u00fctzung"},{"text":"Professioneller Kundenservice"},{"text":"14-t\u00e4gige Geld-zur\u00fcck-Garantie"},{"text":"Lebenslange Updates"}],"button_url":"#demo","button_target_blank":"0","button_nofollow":"0","attributes":[{"name":"Installiert","content":"10,000 - 100,000"},{"name":"Empf\u00e4nglichkeit","content":"Ja"},{"name":"Kompatible Browser","content":"Chrome, Opera, Edge, Safari, Firefox"}],"tags":[],"tags_disable_links":"0","hide_more_platforms":"0","video_object":"","demo_hide_cta":"0","demo_hide_cloud_options":"0","pricing_title":"","pricing":[{"pricing_icon":"platform","pricing_title":"Webflow widget","pricing_title_caption":"Plattform\u00fcbergreifende Version, die auf jeder Website funktioniert (einschlie\u00dflich Webflow)","pricing_price":"ab 0 $ \/ Monat","pricing_price_caption":"Beginnen Sie mit einem kostenlosen Plan","pricing_benefits":[{"text":"Unbegrenzte Websites"},{"text":"Professionelle und p\u00fcnktliche Unterst\u00fctzung"},{"text":"Kostenlose Installationsunterst\u00fctzung"},{"text":"Vollst\u00e4ndig anpassbar"}],"pricing_button_text":"Zur Website hinzuf\u00fcgen","pricing_button_url":"#demo"}],"related_apps_title":"","related_apps_hidden":"0","author":"","image":[],"title":"","job":"","social_networks":[]},"_links":{"self":[{"href":"https:\/\/elfsight.com\/de\/wp-json\/wp\/v2\/pages\/20916","targetHints":{"allow":["GET"]}}],"collection":[{"href":"https:\/\/elfsight.com\/de\/wp-json\/wp\/v2\/pages"}],"about":[{"href":"https:\/\/elfsight.com\/de\/wp-json\/wp\/v2\/types\/page"}],"author":[{"embeddable":true,"href":"https:\/\/elfsight.com\/de\/wp-json\/wp\/v2\/users\/9"}],"replies":[{"embeddable":true,"href":"https:\/\/elfsight.com\/de\/wp-json\/wp\/v2\/comments?post=20916"}],"version-history":[{"count":4,"href":"https:\/\/elfsight.com\/de\/wp-json\/wp\/v2\/pages\/20916\/revisions"}],"predecessor-version":[{"id":24513,"href":"https:\/\/elfsight.com\/de\/wp-json\/wp\/v2\/pages\/20916\/revisions\/24513"}],"up":[{"embeddable":true,"href":"https:\/\/elfsight.com\/de\/wp-json\/wp\/v2\/pages\/798"}],"wp:attachment":[{"href":"https:\/\/elfsight.com\/de\/wp-json\/wp\/v2\/media?parent=20916"}],"curies":[{"name":"wp","href":"https:\/\/api.w.org\/{rel}","templated":true}]}}