{"id":20915,"date":"2024-05-03T06:44:50","date_gmt":"2024-05-03T06:44:50","guid":{"rendered":"https:\/\/elfsight.com\/de\/?page_id=20915"},"modified":"2025-02-20T09:25:50","modified_gmt":"2025-02-20T09:25:50","slug":"drupal","status":"publish","type":"page","link":"https:\/\/elfsight.com\/de\/pricing-table-plugin\/drupal\/","title":{"rendered":"Pricing Table &#8211; Drupal"},"content":{"rendered":"\n<div class=\"application-platform-content-item-description application-platform-content-item\" id=\"description\" data-nav-section=\"description\"><h2>Beschreibung<\/h2><p>Die Preisgestaltung nimmt eine der Hauptpositionen ein, wenn es darum geht, Kunden zum Kauf anzuregen. Unser Plugin erm\u00f6glicht es den Nutzern der Seite nicht nur, schnell verschiedene Preisoptionen zu studieren und zu vergleichen. Durch die Verwendung der neuesten Design- und Vorlagentrends wird auch die Konvertierung gesteigert.<\/p><p><b>Erh\u00f6hen Sie den Umsatz Ihrer Website mithilfe intelligenter Preise.<\/b><\/p><ul> <li><b>Mehr Kunden gewinnen<\/b>.<br>Verwenden Sie effektivere Trends bei der Preisdemonstration, um etwaige Zweifel Ihrer Besucher bei der Kaufentscheidung auszuschlie\u00dfen und eine h\u00f6here Conversion zu erzielen.<\/li> <li><b>Plugin in nur 2 Minuten erstellen<\/b>.<br>Nehmen Sie sich ein paar Minuten Zeit, um ein perfektes Plugin zu erstellen. F\u00fcgen Sie die erforderlichen Parameter der Vorlage hinzu und f\u00fcgen Sie Ihre Informationen ein, um sie in nur wenigen Schritten anzuzeigen.<\/li><li><b>Zeigen Sie weitere Informationen zu Ihren Preispl\u00e4nen<\/b>.<br>Geben Sie jeweils eine vollst\u00e4ndige Beschreibung an Erstellen Sie Ihre Preispl\u00e4ne und f\u00fcgen Sie sie in Ihr pers\u00f6nliches Plugin ein, damit Kunden die verf\u00fcgbaren Tarife einfach sehen und vergleichen k\u00f6nnen.<\/li><\/ul><\/div><div class=\"application-platform-content-item-features application-platform-content-item\" id=\"features\" data-nav-section=\"features\"><h2>Funktionen<\/h2><p>Die Vorteile, die unser Plugin zur besten Preistabelle f\u00fcr Drupal-Websites machen.<\/p><ul><li>6 vordefinierte Spaltenelemente, die angeordnet und angepasst werden k\u00f6nnen, um das perfekte Aussehen zu erhalten;<\/li><li>5 vordefinierte Skins mit verschiedenen Farbschemata;<\/li><li>3 vordefinierte Funktionsstile;<\/li><li>Verkn\u00fcpfung des Buttons mit der erforderlichen Seite;<\/li><li>F\u00fcr Mobilger\u00e4te optimiertes Layout.<\/li><\/ul><p><a href=\"#demo\">Sie k\u00f6nnen alle Vorteile mit dem Live-Konfigurator \u00fcberpr\u00fcfen<\/a><\/p><\/div><div class=\"application-platform-content-item-installation application-platform-content-item\" id=\"installation\" data-nav-section=\"installation\"><h2>So f\u00fcgen Sie eine Preistabelle zur Drupal-Website hinzu<\/h2><p>F\u00fchren Sie einfach die folgenden Richtlinien aus, um das Plugin auf Drupal zu aktivieren.<\/p> <ol><li><b>Nutzen Sie unseren kostenlosen Konfigurator und beginnen Sie mit der Erstellung Ihr einzigartiges Preistabellenmodul. <\/b><br> Finden Sie das ausgew\u00e4hlte Aussehen und die Funktionen des Moduls und \u00fcbernehmen Sie die \u00c4nderungen. <\/li> <li><b>Kopieren Sie Ihren pers\u00f6nlichen Code, der im Fenster von Elfsight Apps angezeigt wird. <\/b><br> Wenn die Erstellung Ihres Moduls abgeschlossen ist, kopieren Sie den pers\u00f6nlichen Code aus der entstandenen Box und speichern Sie ihn zur sp\u00e4teren Verwendung. <\/li> <li><b>Beginnen Sie mit der Anwendung des Widgets auf der Drupal-Website. <\/b><br> F\u00fcgen Sie den zuvor gespeicherten Code in Ihre Website ein und \u00fcbernehmen Sie die Anpassungen. <\/li> <li><b>Die Installation ist vollst\u00e4ndig durchgef\u00fchrt. <\/b><br> Besuchen Sie Ihre Website, um die Funktionsweise des Moduls zu \u00fcberpr\u00fcfen. <\/li><\/ol><p>Haben Sie Fragen zur Installation des Plugins? Lesen Sie unser ausf\u00fchrliches Handbuch \u201e<a href=\"https:\/\/elfsight.com\/tutorials\/how-to-add-pricing-table-to-drupal\/\" target=\"_blank\" rel=\"noopener noreferrer\">So f\u00fcgen Sie hinzu Preistabelle in ein Drupal konvertieren<\/a>\u00bb oder wenden Sie sich an unser Hilfecenter, das alle Ihre Probleme schnell l\u00f6sen wird.<\/p><div class=\"faq\" data-component=\"FAQ\"> \n<div class=\"faq-item\">\r\n\t\t\t\t\t<div class=\"faq-item-question\">\r\n\t\t\t\t\t\t<h3 class=\"faq-item-question-text\">Wie kann ich eine Preistabelle zu meiner Drupal-Website hinzuf\u00fcgen, ohne Programmierkenntnisse?<\/h3>\r\n\r\n\t\t\t\t\t\t<div class=\"faq-item-question-icon\"><\/div>\r\n\t\t\t\t\t<\/div>\r\n\r\n\t\t\t\t\t<div class=\"faq-item-answer\">\r\n\t\t\t\t\t\t<div class=\"faq-item-answer-text\"> \n<p>Elfsight bietet eine benutzerfreundliche SaaS-L\u00f6sung, mit der Sie ganz einfach ein Preistabelle-Widget erstellen k\u00f6nnen. Der Prozess ist schnell und unkompliziert:<\/p>\n<ul>\n<li>Nutzen Sie den Online-Editor, um das Preistabelle-Widget zu gestalten, das Sie auf Ihrer Drupal-Website integrieren m\u00f6chten.<\/li> \n<li>W\u00e4hlen Sie eine der fertigen Vorlagen aus, passen Sie die Einstellungen der Preistabelle an, f\u00fcgen Sie Ihre Inhalte hinzu und nehmen Sie \u00c4nderungen an Layout und Farben vor \u2013 alles ohne technische Vorkenntnisse.<\/li> \n<li>Speichern Sie Ihre Preistabelle und kopieren Sie den Installationscode, den Sie ohne Schwierigkeiten in Ihre Drupal-Website einf\u00fcgen k\u00f6nnen, ohne ein kostenpflichtiges Abo abschlie\u00dfen zu m\u00fcssen.<\/li> \n<\/ul>\n<p>Mit unserem intuitiven Editor kann jeder Nutzer ein Preistabelle-Widget erstellen und es m\u00fchelos auf seiner Drupal-Website einbinden. Es ist nicht erforderlich, zu zahlen oder Ihre Zahlungsdaten einzugeben, um den Service zu nutzen. Sollten Sie Fragen haben, steht Ihnen unser technisches Support-Team gerne zur Verf\u00fcgung.<\/p> \n<\/div>\r\n\t\t\t\t\t<\/div>\r\n\t\t\t\t<\/div> \n<\/div>\n<\/div>\n","protected":false},"excerpt":{"rendered":"","protected":false},"author":9,"featured_media":0,"parent":798,"menu_order":0,"comment_status":"closed","ping_status":"closed","template":"templates\/template-application-platform.php","meta":{"publish_to_discourse":"","publish_post_category":"","wpdc_auto_publish_overridden":"","wpdc_topic_tags":"","wpdc_pin_topic":"","wpdc_pin_until":"","discourse_post_id":"","discourse_permalink":"","wpdc_publishing_response":"","wpdc_publishing_error":"","footnotes":""},"class_list":["post-20915","page","type-page","status-publish","hentry"],"yoast_head":"<!-- This site is optimized with the Yoast SEO plugin v25.3.1 - https:\/\/yoast.com\/wordpress\/plugins\/seo\/ -->\n<title>Preistabelle \u2013 Preismodul zur Drupal-Website hinzuf\u00fcgen<\/title>\n<meta name=\"description\" content=\"Integrieren Sie das Pricing Table-Modul f\u00fcr Drupal in nur 2 Minuten. Testen Sie alle Hauptmerkmale des Plugins f\u00fcr die beste Preisgestaltung im kostenlosen Editor.\" \/>\n<meta name=\"robots\" content=\"index, follow, max-snippet:-1, max-image-preview:large, max-video-preview:-1\" \/>\n<link rel=\"canonical\" href=\"https:\/\/elfsight.com\/de\/pricing-table-plugin\/drupal\/\" \/>\n<meta property=\"og:locale\" content=\"de_DE\" \/>\n<meta property=\"og:type\" content=\"article\" \/>\n<meta property=\"og:title\" content=\"Preistabelle \u2013 Preismodul zur Drupal-Website hinzuf\u00fcgen\" \/>\n<meta property=\"og:description\" content=\"Integrieren Sie das Pricing Table-Modul f\u00fcr Drupal in nur 2 Minuten. Testen Sie alle Hauptmerkmale des Plugins f\u00fcr die beste Preisgestaltung im kostenlosen Editor.\" \/>\n<meta property=\"og:url\" content=\"https:\/\/elfsight.com\/de\/pricing-table-plugin\/drupal\/\" \/>\n<meta property=\"og:site_name\" content=\"Elfsight DE\" \/>\n<meta property=\"article:modified_time\" content=\"2025-02-20T09:25:50+00:00\" \/>\n<meta name=\"twitter:card\" content=\"summary_large_image\" \/>\n<meta name=\"twitter:label1\" content=\"Gesch\u00e4tzte Lesezeit\" \/>\n\t<meta name=\"twitter:data1\" content=\"3\u00a0Minuten\" \/>\n<!-- \/ Yoast SEO plugin. -->","yoast_head_json":{"title":"Preistabelle \u2013 Preismodul zur Drupal-Website hinzuf\u00fcgen","description":"Integrieren Sie das Pricing Table-Modul f\u00fcr Drupal in nur 2 Minuten. Testen Sie alle Hauptmerkmale des Plugins f\u00fcr die beste Preisgestaltung im kostenlosen Editor.","robots":{"index":"index","follow":"follow","max-snippet":"max-snippet:-1","max-image-preview":"max-image-preview:large","max-video-preview":"max-video-preview:-1"},"canonical":"https:\/\/elfsight.com\/de\/pricing-table-plugin\/drupal\/","og_locale":"de_DE","og_type":"article","og_title":"Preistabelle \u2013 Preismodul zur Drupal-Website hinzuf\u00fcgen","og_description":"Integrieren Sie das Pricing Table-Modul f\u00fcr Drupal in nur 2 Minuten. Testen Sie alle Hauptmerkmale des Plugins f\u00fcr die beste Preisgestaltung im kostenlosen Editor.","og_url":"https:\/\/elfsight.com\/de\/pricing-table-plugin\/drupal\/","og_site_name":"Elfsight DE","article_modified_time":"2025-02-20T09:25:50+00:00","twitter_card":"summary_large_image","twitter_misc":{"Gesch\u00e4tzte Lesezeit":"3\u00a0Minuten"},"schema":{"@context":"https:\/\/schema.org","@graph":[{"@type":"WebPage","@id":"https:\/\/elfsight.com\/de\/pricing-table-plugin\/drupal\/","url":"https:\/\/elfsight.com\/de\/pricing-table-plugin\/drupal\/","name":"Preistabelle \u2013 Preismodul zur Drupal-Website hinzuf\u00fcgen","isPartOf":{"@id":"https:\/\/elfsight.com\/de\/#website"},"datePublished":"2024-05-03T06:44:50+00:00","dateModified":"2025-02-20T09:25:50+00:00","description":"Integrieren Sie das Pricing Table-Modul f\u00fcr Drupal in nur 2 Minuten. Testen Sie alle Hauptmerkmale des Plugins f\u00fcr die beste Preisgestaltung im kostenlosen Editor.","breadcrumb":{"@id":"https:\/\/elfsight.com\/de\/pricing-table-plugin\/drupal\/#breadcrumb"},"inLanguage":"de","potentialAction":[{"@type":"ReadAction","target":["https:\/\/elfsight.com\/de\/pricing-table-plugin\/drupal\/"]}]},{"@type":"BreadcrumbList","@id":"https:\/\/elfsight.com\/de\/pricing-table-plugin\/drupal\/#breadcrumb","itemListElement":[{"@type":"ListItem","position":1,"name":"Home","item":"https:\/\/elfsight.com\/de\/"},{"@type":"ListItem","position":2,"name":"Pricing Table","item":"https:\/\/elfsight.com\/de\/pricing-table-plugin\/"},{"@type":"ListItem","position":3,"name":"Pricing Table &#8211; Drupal"}]},{"@type":"WebSite","@id":"https:\/\/elfsight.com\/de\/#website","url":"https:\/\/elfsight.com\/de\/","name":"Elfsight DE","description":"Just another Elfsight Sites site","potentialAction":[{"@type":"SearchAction","target":{"@type":"EntryPoint","urlTemplate":"https:\/\/elfsight.com\/de\/?s={search_term_string}"},"query-input":{"@type":"PropertyValueSpecification","valueRequired":true,"valueName":"search_term_string"}}],"inLanguage":"de"}]}},"meta_box":{"industry":"","seo_heading":"","heading":"","description":"","cta_heading":"","cta_description":"","application":"468","h1":"Preistabellenmodul f\u00fcr Drupal","h1_caption":"Pr\u00e4sentieren Sie Ihre Preisoptionen klar und ansprechend und helfen Sie Kunden, m\u00fchelos den richtigen Plan f\u00fcr ihre Bed\u00fcrfnisse auf Ihrer Drupal-Website auszuw\u00e4hlen.","application_category":[],"applications_title":"","applications_request_title":"","applications_request_button_text":"","hero_text":"","hero_video":"","hero_video_schema_markup":"","selling_points_title":"","selling_points_caption":"","selling_points":[],"selling_points_cta_text":"","features_title":"","features":"","ed_cta_examples_text":"","ed_cta_examples_hidden":"","ed_cta_demo_text":"","ed_cta_demo_hidden":"","why_caption":"","why_editor_title":"","why_editor_text":"","why_team_title":"","why_team_text":"","why_service_title":"","why_service_text":"","template_catalog_visible":"0","template_catalog_title":"","template_catalog_text":"","template_catalog_categories_visible":"","demo_title":"Erstellen Sie Ihr Preistabellenmodul","demo_caption":"Konfigurieren Sie Ihre Preistabelle und f\u00fcgen Sie sie kostenlos Ihrer Drupal-Website hinzu!","default_faq_hidden":"","app_template_category":[],"platform":"261","template_public_id":"","codecanyon_url":"","codecanyon_item_id":"","codecanyon_price":"","pricing_caption":"","pricing_elfsight_apps_hide_column":"","pricing_elfsight_apps_url":"","pricing_codecanyon_price_caption":"","integration_category":[],"integration_request_title":"","integration_request_cta":"","integration_platform":"","integrations":[],"platform_category":[],"video_schema_markup":"","price":"ab 0 $ \/ Monat","trial":"","benefits":[{"text":"Kostenlose Installationshilfe"},{"text":"Kompetenter Kundenservice"},{"text":"14-t\u00e4gige R\u00fcckerstattungsgarantie"},{"text":"St\u00e4ndige Aktualisierung"}],"button_url":"#demo","button_target_blank":"0","button_nofollow":"0","attributes":[{"name":"Installiert","content":"10,000 - 100,000"},{"name":"Reaktionsfreudig","content":"Ja"},{"name":"Kompatible Browser","content":"IE11, Firefox, Safari, Opera, Chrome, Edge"}],"tags":[],"tags_disable_links":"0","hide_more_platforms":"0","video_object":"","demo_hide_cta":"0","demo_hide_cloud_options":"0","pricing_title":"","pricing":[{"pricing_icon":"platform","pricing_title":"Elfsight Apps","pricing_title_caption":"Plattform\u00fcbergreifende digitale L\u00f6sung","pricing_price":"ab 0 $ \/ Monat","pricing_price_caption":"Beginnen Sie mit einem kostenlosen Plan","pricing_benefits":[{"text":"Unbegrenzte Domains"},{"text":"Support rund um die Uhr"},{"text":"Kostenlose Installationshilfe"},{"text":"Preis f\u00fcr mehrere Apps"}],"pricing_button_text":"Zur Website hinzuf\u00fcgen","pricing_button_url":"#demo"}],"related_apps_title":"","related_apps_hidden":"0","author":"","image":[],"title":"","job":"","social_networks":[]},"_links":{"self":[{"href":"https:\/\/elfsight.com\/de\/wp-json\/wp\/v2\/pages\/20915","targetHints":{"allow":["GET"]}}],"collection":[{"href":"https:\/\/elfsight.com\/de\/wp-json\/wp\/v2\/pages"}],"about":[{"href":"https:\/\/elfsight.com\/de\/wp-json\/wp\/v2\/types\/page"}],"author":[{"embeddable":true,"href":"https:\/\/elfsight.com\/de\/wp-json\/wp\/v2\/users\/9"}],"replies":[{"embeddable":true,"href":"https:\/\/elfsight.com\/de\/wp-json\/wp\/v2\/comments?post=20915"}],"version-history":[{"count":2,"href":"https:\/\/elfsight.com\/de\/wp-json\/wp\/v2\/pages\/20915\/revisions"}],"predecessor-version":[{"id":24497,"href":"https:\/\/elfsight.com\/de\/wp-json\/wp\/v2\/pages\/20915\/revisions\/24497"}],"up":[{"embeddable":true,"href":"https:\/\/elfsight.com\/de\/wp-json\/wp\/v2\/pages\/798"}],"wp:attachment":[{"href":"https:\/\/elfsight.com\/de\/wp-json\/wp\/v2\/media?parent=20915"}],"curies":[{"name":"wp","href":"https:\/\/api.w.org\/{rel}","templated":true}]}}