{"id":20913,"date":"2024-05-03T06:44:30","date_gmt":"2024-05-03T06:44:30","guid":{"rendered":"https:\/\/elfsight.com\/de\/?page_id=20913"},"modified":"2025-07-09T14:16:54","modified_gmt":"2025-07-09T14:16:54","slug":"jquery","status":"publish","type":"page","link":"https:\/\/elfsight.com\/de\/portfolio-widget\/jquery\/","title":{"rendered":"Portfolio &#8211; jQuery"},"content":{"rendered":"<div class=\"application-platform-content-item-description application-platform-content-item\" id=\"description\" data-nav-section=\"description\"><h2>Beschreibung<\/h2><p>Die Elfsight Portfolio-Galerie ist f\u00fcr jede Person konzipiert, die die Aufgabe hat, ihre Projektbibliothek auf der Website zu zeigen und Erh\u00f6hen Sie die Anzahl der Bestellungen. Mithilfe unserer responsiven Portfolio-Galerie mit jquery k\u00f6nnen Sie eine Auswahl an Bildern, Videos, Modellen und anderen Inhalten anzeigen. Jede Projektdatei kann einen Text und ein Datum haben. Sie haben die M\u00f6glichkeit, Projekte an Websites zu binden und in Gruppen zu verteilen. Ihr Publikum sieht Ihr Portfolio, kann jedes Projekt eingeben und alle Arbeiten direkt auf Ihrer Website ansehen. In der Kopfzeile werden Ihr vollst\u00e4ndiger Name, Ihr Foto und Ihre Kontaktdaten angezeigt, die Ihnen bei der Kommunikation helfen. Der Call-to-Action-Button f\u00fchrt die Leute zur Bestellseite und hilft Ihnen, den Umsatz zu steigern.<\/p><div class=\"faq\" data-component=\"FAQ\"> <div class=\"faq-item\">\r\n\t\t\t\t\t<div class=\"faq-item-question\">\r\n\t\t\t\t\t\t<h3 class=\"faq-item-question-text\">Wo kann ich dieses Plugin ver\u00f6ffentlichen<\/h3>\r\n\r\n\t\t\t\t\t\t<div class=\"faq-item-question-icon\"><\/div>\r\n\t\t\t\t\t<\/div>\r\n\r\n\t\t\t\t\t<div class=\"faq-item-answer\">\r\n\t\t\t\t\t\t<div class=\"faq-item-answer-text\"><p>Es kann seinen Zweck erf\u00fcllen auf jeder Seite der Website sowie auf allen Seiten. Ihre ansprechenden Materialien werden die Aufmerksamkeit der Besucher auf sich ziehen, wenn sie auf der Hauptseite der Website ver\u00f6ffentlicht werden, und k\u00f6nnen Ihre Angebote auf Portfolio-Seiten veranschaulichen.<\/p><\/div>\r\n\t\t\t\t\t<\/div>\r\n\t\t\t\t<\/div><div class=\"faq-item\">\r\n\t\t\t\t\t<div class=\"faq-item-question\">\r\n\t\t\t\t\t\t<h3 class=\"faq-item-question-text\">Welche Vorteile hat die Verwendung f\u00fcr mich?<\/h3>\r\n\r\n\t\t\t\t\t\t<div class=\"faq-item-question-icon\"><\/div>\r\n\t\t\t\t\t<\/div>\r\n\r\n\t\t\t\t\t<div class=\"faq-item-answer\">\r\n\t\t\t\t\t\t<div class=\"faq-item-answer-text\"><p>Eine faszinierende Sammlung Ihrer Werke wird den Besuchern Ihr hohes K\u00f6nnen und Ihre Kreativit\u00e4t beweisen. Dadurch werden die Benutzer auf die gleiche Erfahrung aufmerksam gemacht und es werden neue Bestellungen angezeigt. Dar\u00fcber hinaus k\u00f6nnen Sie durch die schnelle Kontaktaufnahme die Anzahl der Leads erh\u00f6hen.<\/p><\/div>\r\n\t\t\t\t\t<\/div>\r\n\t\t\t\t<\/div><div class=\"faq-item\">\r\n\t\t\t\t\t<div class=\"faq-item-question\">\r\n\t\t\t\t\t\t<h3 class=\"faq-item-question-text\">Was ben\u00f6tige ich, um Portfolio Grid auf meiner jQuery-Site hinzuzuf\u00fcgen?<\/h3>\r\n\r\n\t\t\t\t\t\t<div class=\"faq-item-question-icon\"><\/div>\r\n\t\t\t\t\t<\/div>\r\n\r\n\t\t\t\t\t<div class=\"faq-item-answer\">\r\n\t\t\t\t\t\t<div class=\"faq-item-answer-text\"><p>Es dauert nur zwei Minuten, bis Sie das Widget verwenden. Der Prozess ist extrem schnell, kostenlos und ohne Programmierung.<\/p><p>Sie k\u00f6nnen Portfolio-Code direkt \u00fcber unseren Service in die Website einf\u00fcgen. Dazu m\u00fcssen Sie die Anleitung unten auf dieser Seite ausf\u00fchren.<\/p><\/div>\r\n\t\t\t\t\t<\/div>\r\n\t\t\t\t<\/div><\/div><\/div><div class=\"application-platform-content-item-features application-platform-content-item\" id=\"features\" data-nav-section=\"features\"><h2>Funktionen<\/h2><p>Zu erhalten Um die jQuery-Portfolio-Galerie besser zu verstehen, sehen Sie sich die Liste ihrer wertvollsten Merkmale an. Sie machen unser Plugin f\u00fcr Ihre Werbung wirklich effizient:<\/p><ul><li>Demonstrieren Sie beliebig viele Projekte und f\u00fcgen Sie Titel hinzu;<\/li><li>Erstellen Sie Gruppen und teilen Sie Projekte darin auf;<\/li><li>W\u00e4hlen Sie die Datentypen aus, die im Popup und beim Hover angezeigt werden sollen;<\/li><li>Beschreibungen und Daten zu den Materialien im Projekt hinzuf\u00fcgen;<\/li><li>Vollst\u00e4ndig responsives Design;<\/li><li>Aufruf -to-action-Schaltfl\u00e4che im Widget-Header und im Popup leitet Benutzer zu einer beliebigen Website oder Seite weiter.<\/li><\/ul><p><a href=\"#demo\">Um alle Funktionen zu erkunden, sehen Sie sich unsere Live-Demo an <\/a><\/p><\/div><div class=\"application-platform-content-item-installation application-platform-content-item\" id=\"installation\" data-nav-section=\"installation\"><h2>So f\u00fcgen Sie das Portfolio-Plugin zu Ihrer jQuery-Website hinzu<\/h2><p>Die folgenden Aktionen sind das Einzige, was Sie tun m\u00fcssen tun, um das Widget zum Laufen zu bringen.<\/p><ol><li><b>Erstellen Sie Ihr eigenes Portfolio-Raster<\/b><br> Generieren Sie mithilfe unserer kostenlosen Demo ein Plugin mit einem benutzerdefinierten Layout und einer benutzerdefinierten Funktionalit\u00e4t Z\u00fcge. <\/li><li><b>Erhalten Sie den pers\u00f6nlichen Code zum Einrichten des Plugins<\/b><br> Nachdem Sie Ihr Widget erstellt haben, erhalten Sie Ihren pers\u00f6nlichen Code aus dem Popup-Fenster von Elfsight Apps. Kopieren Sie diesen Code f\u00fcr die zuk\u00fcnftige Verwendung. <\/li> <li><b>Ver\u00f6ffentlichen Sie das Plugin auf Ihrer jQuery-Website<\/b><br> Gehen Sie zu der Stelle, an der Sie das Widget anzeigen m\u00f6chten, und f\u00fcgen Sie dort den gespeicherten Code ein. Speichern Sie die Ergebnisse. <\/li> <li><b>Fertig!<\/b><br> Gehen Sie zur Webseite, um Ihr Portfolio-Plugin zu \u00fcberpr\u00fcfen. <\/li> <\/ol><p>Haben Sie immer noch etwas, das Sie unsicher macht? Oder haben Sie Anfragen? Richten Sie einfach eine Anfrage an unser Support-Team, um jedes Problem zu l\u00f6sen.<\/p><\/div>","protected":false},"excerpt":{"rendered":"","protected":false},"author":9,"featured_media":0,"parent":1344,"menu_order":0,"comment_status":"closed","ping_status":"closed","template":"templates\/template-application-platform.php","meta":{"publish_to_discourse":"","publish_post_category":"","wpdc_auto_publish_overridden":"","wpdc_topic_tags":"","wpdc_pin_topic":"","wpdc_pin_until":"","discourse_post_id":"","discourse_permalink":"","wpdc_publishing_response":"","wpdc_publishing_error":"","footnotes":""},"class_list":["post-20913","page","type-page","status-publish","hentry"],"yoast_head":"<!-- This site is optimized with the Yoast SEO plugin v25.3.1 - https:\/\/yoast.com\/wordpress\/plugins\/seo\/ -->\n<title>Portfolio-Galerie-Plugin f\u00fcr die jQuery-Website (kostenlos und schnell)<\/title>\n<meta name=\"description\" content=\"Es ist ein Kinderspiel, Ihr responsives Portfolio Gallery-Plugin zu erstellen und es auf Ihrer jQuery-Website hinzuzuf\u00fcgen. Der Kundendienst von Elfsight ist kostenlos und schnell.\" \/>\n<meta name=\"robots\" content=\"index, follow, max-snippet:-1, max-image-preview:large, max-video-preview:-1\" \/>\n<link rel=\"canonical\" href=\"https:\/\/elfsight.com\/de\/portfolio-widget\/jquery\/\" \/>\n<meta property=\"og:locale\" content=\"de_DE\" \/>\n<meta property=\"og:type\" content=\"article\" \/>\n<meta property=\"og:title\" content=\"Portfolio-Galerie-Plugin f\u00fcr die jQuery-Website (kostenlos und schnell)\" \/>\n<meta property=\"og:description\" content=\"Es ist ein Kinderspiel, Ihr responsives Portfolio Gallery-Plugin zu erstellen und es auf Ihrer jQuery-Website hinzuzuf\u00fcgen. Der Kundendienst von Elfsight ist kostenlos und schnell.\" \/>\n<meta property=\"og:url\" content=\"https:\/\/elfsight.com\/de\/portfolio-widget\/jquery\/\" \/>\n<meta property=\"og:site_name\" content=\"Elfsight DE\" \/>\n<meta property=\"article:modified_time\" content=\"2025-07-09T14:16:54+00:00\" \/>\n<meta name=\"twitter:card\" content=\"summary_large_image\" \/>\n<meta name=\"twitter:label1\" content=\"Gesch\u00e4tzte Lesezeit\" \/>\n\t<meta name=\"twitter:data1\" content=\"3\u00a0Minuten\" \/>\n<!-- \/ Yoast SEO plugin. -->","yoast_head_json":{"title":"Portfolio-Galerie-Plugin f\u00fcr die jQuery-Website (kostenlos und schnell)","description":"Es ist ein Kinderspiel, Ihr responsives Portfolio Gallery-Plugin zu erstellen und es auf Ihrer jQuery-Website hinzuzuf\u00fcgen. Der Kundendienst von Elfsight ist kostenlos und schnell.","robots":{"index":"index","follow":"follow","max-snippet":"max-snippet:-1","max-image-preview":"max-image-preview:large","max-video-preview":"max-video-preview:-1"},"canonical":"https:\/\/elfsight.com\/de\/portfolio-widget\/jquery\/","og_locale":"de_DE","og_type":"article","og_title":"Portfolio-Galerie-Plugin f\u00fcr die jQuery-Website (kostenlos und schnell)","og_description":"Es ist ein Kinderspiel, Ihr responsives Portfolio Gallery-Plugin zu erstellen und es auf Ihrer jQuery-Website hinzuzuf\u00fcgen. Der Kundendienst von Elfsight ist kostenlos und schnell.","og_url":"https:\/\/elfsight.com\/de\/portfolio-widget\/jquery\/","og_site_name":"Elfsight DE","article_modified_time":"2025-07-09T14:16:54+00:00","twitter_card":"summary_large_image","twitter_misc":{"Gesch\u00e4tzte Lesezeit":"3\u00a0Minuten"},"schema":{"@context":"https:\/\/schema.org","@graph":[{"@type":"WebPage","@id":"https:\/\/elfsight.com\/de\/portfolio-widget\/jquery\/","url":"https:\/\/elfsight.com\/de\/portfolio-widget\/jquery\/","name":"Portfolio-Galerie-Plugin f\u00fcr die jQuery-Website (kostenlos und schnell)","isPartOf":{"@id":"https:\/\/elfsight.com\/de\/#website"},"datePublished":"2024-05-03T06:44:30+00:00","dateModified":"2025-07-09T14:16:54+00:00","description":"Es ist ein Kinderspiel, Ihr responsives Portfolio Gallery-Plugin zu erstellen und es auf Ihrer jQuery-Website hinzuzuf\u00fcgen. Der Kundendienst von Elfsight ist kostenlos und schnell.","breadcrumb":{"@id":"https:\/\/elfsight.com\/de\/portfolio-widget\/jquery\/#breadcrumb"},"inLanguage":"de","potentialAction":[{"@type":"ReadAction","target":["https:\/\/elfsight.com\/de\/portfolio-widget\/jquery\/"]}]},{"@type":"BreadcrumbList","@id":"https:\/\/elfsight.com\/de\/portfolio-widget\/jquery\/#breadcrumb","itemListElement":[{"@type":"ListItem","position":1,"name":"Home","item":"https:\/\/elfsight.com\/de\/"},{"@type":"ListItem","position":2,"name":"Portfolio","item":"https:\/\/elfsight.com\/de\/portfolio-widget\/"},{"@type":"ListItem","position":3,"name":"Portfolio &#8211; jQuery"}]},{"@type":"WebSite","@id":"https:\/\/elfsight.com\/de\/#website","url":"https:\/\/elfsight.com\/de\/","name":"Elfsight DE","description":"Just another Elfsight Sites site","potentialAction":[{"@type":"SearchAction","target":{"@type":"EntryPoint","urlTemplate":"https:\/\/elfsight.com\/de\/?s={search_term_string}"},"query-input":{"@type":"PropertyValueSpecification","valueRequired":true,"valueName":"search_term_string"}}],"inLanguage":"de"}]}},"meta_box":{"industry":"","seo_heading":"","heading":"","description":"","cta_heading":"","cta_description":"","application":"491","h1":"jQuery Portfolio Gallery-Plugin","h1_caption":"Zeigen Sie Ihre Arbeit in einem anpassbaren Portfolio an, sodass Sie Ihre Projekte und Erfolge m\u00fchelos auf Ihrer jQuery-Website pr\u00e4sentieren k\u00f6nnen.","application_category":[],"applications_title":"","applications_request_title":"","applications_request_button_text":"","hero_text":"","hero_video":"","hero_video_schema_markup":"","selling_points_title":"","selling_points_caption":"","selling_points":[],"selling_points_cta_text":"","features_title":"","features":"","ed_cta_examples_text":"","ed_cta_examples_hidden":"","ed_cta_demo_text":"","ed_cta_demo_hidden":"","why_caption":"","why_editor_title":"","why_editor_text":"","why_team_title":"","why_team_text":"","why_service_title":"","why_service_text":"","template_catalog_visible":"","template_catalog_title":"","template_catalog_text":"","template_catalog_categories_visible":"","demo_title":"Erstellen Sie Ihr Portfolio-Plugin","demo_caption":"Konfigurieren Sie Ihr Portfolio und f\u00fcgen Sie es kostenlos zu Ihrer jQuery-Website hinzu!","default_faq_hidden":"","app_template_category":[],"platform":"258","template_public_id":"","codecanyon_url":"","codecanyon_item_id":"","codecanyon_price":"","pricing_caption":"","pricing_elfsight_apps_hide_column":"","pricing_elfsight_apps_url":"","pricing_codecanyon_price_caption":"","integration_category":[],"integration_request_title":"","integration_request_cta":"","integration_platform":"","integrations":[],"platform_category":[],"video_schema_markup":"","price":"ab 0 $ \/ Monat","trial":"","benefits":[{"text":"Kostenlose Installationshilfe"},{"text":"Effektiver Kundenservice"},{"text":"14-t\u00e4gige Geld-zur\u00fcck-Garantie"},{"text":"Lebenslange Verbesserungen"}],"button_url":"#demo","button_target_blank":"","button_nofollow":"","attributes":[{"name":"Installiert","content":"10,000 - 100,000"},{"name":"Reaktionsfreudig","content":"Ja"},{"name":"Kompatible Browser","content":"Firefox, Safari, Opera, Chrome, Edge"}],"tags":[],"tags_disable_links":"","hide_more_platforms":"","video_object":"","demo_hide_cta":"","demo_hide_cloud_options":"","pricing_title":"","pricing":[{"pricing_icon":"platform","pricing_title":"Elfsight Apps","pricing_title_caption":"Multiplattform-Version, die f\u00fcr jede Site geeignet ist","pricing_price":"ab 0 $ \/ Monat","pricing_price_caption":"Beginnen Sie mit einem kostenlosen Plan","pricing_benefits":[{"text":"Unbegrenzte Domains"},{"text":"Schneller und p\u00fcnktlicher Support"},{"text":"Kostenlose Installationsunterst\u00fctzung"},{"text":"100 % anpassbar"}],"pricing_button_text":"Zur Website hinzuf\u00fcgen","pricing_button_url":"#demo"}],"related_apps_title":"","related_apps_hidden":"","author":"","image":[],"title":"","job":"","social_networks":[]},"_links":{"self":[{"href":"https:\/\/elfsight.com\/de\/wp-json\/wp\/v2\/pages\/20913","targetHints":{"allow":["GET"]}}],"collection":[{"href":"https:\/\/elfsight.com\/de\/wp-json\/wp\/v2\/pages"}],"about":[{"href":"https:\/\/elfsight.com\/de\/wp-json\/wp\/v2\/types\/page"}],"author":[{"embeddable":true,"href":"https:\/\/elfsight.com\/de\/wp-json\/wp\/v2\/users\/9"}],"replies":[{"embeddable":true,"href":"https:\/\/elfsight.com\/de\/wp-json\/wp\/v2\/comments?post=20913"}],"version-history":[{"count":1,"href":"https:\/\/elfsight.com\/de\/wp-json\/wp\/v2\/pages\/20913\/revisions"}],"predecessor-version":[{"id":20917,"href":"https:\/\/elfsight.com\/de\/wp-json\/wp\/v2\/pages\/20913\/revisions\/20917"}],"up":[{"embeddable":true,"href":"https:\/\/elfsight.com\/de\/wp-json\/wp\/v2\/pages\/1344"}],"wp:attachment":[{"href":"https:\/\/elfsight.com\/de\/wp-json\/wp\/v2\/media?parent=20913"}],"curies":[{"name":"wp","href":"https:\/\/api.w.org\/{rel}","templated":true}]}}