{"id":20908,"date":"2024-05-03T06:44:20","date_gmt":"2024-05-03T06:44:20","guid":{"rendered":"https:\/\/elfsight.com\/de\/?page_id=20908"},"modified":"2025-02-24T08:44:06","modified_gmt":"2025-02-24T08:44:06","slug":"weebly","status":"publish","type":"page","link":"https:\/\/elfsight.com\/de\/portfolio-widget\/weebly\/","title":{"rendered":"Portfolio &#8211; Weebly"},"content":{"rendered":"\n<div class=\"application-platform-content-item-description application-platform-content-item\" id=\"description\" data-nav-section=\"description\"><h2>Beschreibung<\/h2><p>Die Elfsight Portfolio-App soll jedem helfen, der die Aufgabe hat, seine Arbeitssammlung auf der Website vorzustellen und zu erweitern die Anzahl der Neukunden. Mit Hilfe dieses Tools k\u00f6nnen Sie Projekte mit Bildern, Videos, Mockups und anderen Materialien zeigen. Jeder Inhalt kann eine detaillierte Beschreibung und ein Datum haben. Sie haben die M\u00f6glichkeit, Projekte an ihre Standorte zu binden und Projekte in Gruppen aufzuteilen. Benutzer sehen Ihr Portfolio, klicken auf jedes Projekt und sehen sich dessen Inhalt direkt auf der Website an. In der Kopfzeile der App werden Ihr Name, Ihr Bild und Ihre Kontaktdaten angezeigt, mit denen Sie erreichbar sind. Die Call-to-Action-Schaltfl\u00e4che leitet Personen zur Bestellseite weiter und hilft Ihnen, die Anzahl der Verk\u00e4ufe zu steigern.<\/p><div class=\"faq\" data-component=\"FAQ\"><div class=\"faq-item\">\r\n\t\t\t\t\t<div class=\"faq-item-question\">\r\n\t\t\t\t\t\t<h3 class=\"faq-item-question-text\">Auf welche Weise bette ich eine ein Portfolio zur Weebly-Website? <\/h3>\r\n\r\n\t\t\t\t\t\t<div class=\"faq-item-question-icon\"><\/div>\r\n\t\t\t\t\t<\/div>\r\n\r\n\t\t\t\t\t<div class=\"faq-item-answer\">\r\n\t\t\t\t\t\t<div class=\"faq-item-answer-text\"><p>Der Aufbau des Tools erfolgt auf den Elfsight-Seiten und Sie m\u00fcssen keine Programmierkenntnisse erlernen. Gehen Sie zur aktiven Demo, um Ihre eigene App anzupassen, den Code abzurufen und ihn Ihrer Website hinzuzuf\u00fcgen. <\/p><\/div>\r\n\t\t\t\t\t<\/div>\r\n\t\t\t\t<\/div><div class=\"faq-item\">\r\n\t\t\t\t\t<div class=\"faq-item-question\">\r\n\t\t\t\t\t\t<h3 class=\"faq-item-question-text\">Die besten M\u00f6glichkeiten zur Nutzung der Portfolio-Website-Integration<\/h3>\r\n\r\n\t\t\t\t\t\t<div class=\"faq-item-question-icon\"><\/div>\r\n\t\t\t\t\t<\/div>\r\n\r\n\t\t\t\t\t<div class=\"faq-item-answer\">\r\n\t\t\t\t\t\t<div class=\"faq-item-answer-text\"><p>Wir haben viele Personalisierungsm\u00f6glichkeiten: Widgets in voller Gr\u00f6\u00dfe zum Hinzuf\u00fcgen in den Inhaltsbereich, schwebend Plugins f\u00fcr Scrolloptionen, Layouts f\u00fcr die Fu\u00dfzeile, den Kopfbereich und alle m\u00f6glichen vertikalen M\u00f6glichkeiten f\u00fcr Website-Seitenleisten und Men\u00fcs. <\/p><\/div>\r\n\t\t\t\t\t<\/div>\r\n\t\t\t\t<\/div><div class=\"faq-item\">\r\n\t\t\t\t\t<div class=\"faq-item-question\">\r\n\t\t\t\t\t\t<h3 class=\"faq-item-question-text\">Darf ich mit Ihrem Editor ein Video- oder Slider-Portfolio erstellen? <\/h3>\r\n\r\n\t\t\t\t\t\t<div class=\"faq-item-question-icon\"><\/div>\r\n\t\t\t\t\t<\/div>\r\n\r\n\t\t\t\t\t<div class=\"faq-item-answer\">\r\n\t\t\t\t\t\t<div class=\"faq-item-answer-text\"><p>Es steht Ihnen frei, \u00c4nderungen an jedem Widget zu erstellen. Im Editor stehen zahlreiche Layouts zur Verf\u00fcgung, die alle schnell nach Bedarf angepasst werden k\u00f6nnen. <\/p><\/div>\r\n\t\t\t\t\t<\/div>\r\n\t\t\t\t<\/div><\/div><\/div><div class=\"application-platform-content-item-features application-platform-content-item\" id=\"features\" data-nav-section=\"features\"><h2>Funktionen<\/h2><p>Um ein besseres Wissen \u00fcber die Weebly Portfolio-App zu erlangen, schauen Sie sich an die Liste der wesentlichen Funktionen. Sie machen dieses Widget f\u00fcr Ihre Website wirklich effektiv:<\/p><ul><li>Demonstrieren Sie beliebig viele Projekte mit Titeln;<\/li><li>Erstellen Sie Gruppen und vereinen Sie Projekte darin;<\/li><li> Legen Sie die Datentypen fest, die im Popup und beim Hover angezeigt werden sollen.<\/li><li>Die Option zum Schreiben von Beschreibungen und zum Hinzuf\u00fcgen von Daten zu allen Dateien im Projekt.<\/li><li>Aktive Schaltfl\u00e4che im App-Header und im Popup bringt Benutzer auf jede Website.<\/li><\/ul><p><a href=\"#demo\">Unsere Demo zeigt Ihnen weitere Funktionen<\/a><\/p><\/div><div class=\"application-platform-content-item-Installation application-platform-content-item\" id=\"Installation\" data-nav-section=\"Installation\"><h2>So f\u00fcgen Sie die Portfolio-App zu Ihrer Weebly-Seite hinzu<\/h2><div class=\"video-container\"><iframe width=\"560\" height=\"315\" src=\"https:\/\/www.youtube.com\/embed\/MsYgBRLS61M?si=74kCpTeOB9YwHZWW\" frameborder=\"0\" allow=\"accelerometer; autoplay; clipboard-write; encrypted-media; gyroscope; picture-in-picture; web-share\" allowfullscreen><\/iframe><\/div><p>Ein paar einfache Schritte sind das Einzige, was Sie tun m\u00fcssen, um das Widget zu demonstrieren.<\/p><ol><li><b>Nutzen Sie unsere kostenlose Demo und beginnen Sie mit der Entwicklung Ihrer einzigartigen App. <\/b><br> W\u00e4hlen Sie das benutzerdefinierte Formular und die Aspekte der App aus und \u00fcbernehmen Sie alle \u00c4nderungen. <\/li> <li><b>Erhalten Sie den individuellen Code, der in der Box auf Elfsight Apps angezeigt wird. <\/b><br> Sobald die Einrichtung Ihrer App abgeschlossen ist, kopieren Sie den einzelnen Code aus dem angezeigten Popup und speichern Sie ihn f\u00fcr die zuk\u00fcnftige Verwendung. <\/li> <li><b>Beginn der Nutzung der App auf der Weebly-Seite. <\/b><br> F\u00fcgen Sie den zuvor gespeicherten Code in Ihre Seite ein und speichern Sie die Korrekturen. <\/li> <li><b>Die Installation wurde erfolgreich durchgef\u00fchrt. <\/b><br> Besuchen Sie Ihre Website, um zu sehen, wie die App funktioniert. <\/li><\/ol><p>Sie k\u00f6nnen sich immer noch nicht entscheiden? Oder Probleme haben? Schreiben Sie einfach eine Anfrage an unseren Kundenservice. Wir werden jede Frage kl\u00e4ren.<\/p><\/div>\n","protected":false},"excerpt":{"rendered":"","protected":false},"author":9,"featured_media":0,"parent":1344,"menu_order":0,"comment_status":"closed","ping_status":"closed","template":"templates\/template-application-platform.php","meta":{"publish_to_discourse":"","publish_post_category":"","wpdc_auto_publish_overridden":"","wpdc_topic_tags":"","wpdc_pin_topic":"","wpdc_pin_until":"","discourse_post_id":"","discourse_permalink":"","wpdc_publishing_response":"","wpdc_publishing_error":"","footnotes":""},"class_list":["post-20908","page","type-page","status-publish","hentry"],"yoast_head":"<!-- This site is optimized with the Yoast SEO plugin v25.3.1 - https:\/\/yoast.com\/wordpress\/plugins\/seo\/ -->\n<title>Portfolio-App-Vorlage f\u00fcr Ihre Weebly-Website (kostenlos und schnell)<\/title>\n<meta name=\"description\" content=\"Erstellen Sie eine Portfolio-Vorlagen-App und f\u00fcgen Sie sie Ihrer Weebly-Site hinzu. Sie profitieren von kostenlosem Kundenservice und anderen Boni von Elfsight.\" \/>\n<meta name=\"robots\" content=\"index, follow, max-snippet:-1, max-image-preview:large, max-video-preview:-1\" \/>\n<link rel=\"canonical\" href=\"https:\/\/elfsight.com\/de\/portfolio-widget\/weebly\/\" \/>\n<meta property=\"og:locale\" content=\"de_DE\" \/>\n<meta property=\"og:type\" content=\"article\" \/>\n<meta property=\"og:title\" content=\"Portfolio-App-Vorlage f\u00fcr Ihre Weebly-Website (kostenlos und schnell)\" \/>\n<meta property=\"og:description\" content=\"Erstellen Sie eine Portfolio-Vorlagen-App und f\u00fcgen Sie sie Ihrer Weebly-Site hinzu. Sie profitieren von kostenlosem Kundenservice und anderen Boni von Elfsight.\" \/>\n<meta property=\"og:url\" content=\"https:\/\/elfsight.com\/de\/portfolio-widget\/weebly\/\" \/>\n<meta property=\"og:site_name\" content=\"Elfsight DE\" \/>\n<meta property=\"article:modified_time\" content=\"2025-02-24T08:44:06+00:00\" \/>\n<meta name=\"twitter:card\" content=\"summary_large_image\" \/>\n<meta name=\"twitter:label1\" content=\"Gesch\u00e4tzte Lesezeit\" \/>\n\t<meta name=\"twitter:data1\" content=\"3\u00a0Minuten\" \/>\n<!-- \/ Yoast SEO plugin. -->","yoast_head_json":{"title":"Portfolio-App-Vorlage f\u00fcr Ihre Weebly-Website (kostenlos und schnell)","description":"Erstellen Sie eine Portfolio-Vorlagen-App und f\u00fcgen Sie sie Ihrer Weebly-Site hinzu. Sie profitieren von kostenlosem Kundenservice und anderen Boni von Elfsight.","robots":{"index":"index","follow":"follow","max-snippet":"max-snippet:-1","max-image-preview":"max-image-preview:large","max-video-preview":"max-video-preview:-1"},"canonical":"https:\/\/elfsight.com\/de\/portfolio-widget\/weebly\/","og_locale":"de_DE","og_type":"article","og_title":"Portfolio-App-Vorlage f\u00fcr Ihre Weebly-Website (kostenlos und schnell)","og_description":"Erstellen Sie eine Portfolio-Vorlagen-App und f\u00fcgen Sie sie Ihrer Weebly-Site hinzu. Sie profitieren von kostenlosem Kundenservice und anderen Boni von Elfsight.","og_url":"https:\/\/elfsight.com\/de\/portfolio-widget\/weebly\/","og_site_name":"Elfsight DE","article_modified_time":"2025-02-24T08:44:06+00:00","twitter_card":"summary_large_image","twitter_misc":{"Gesch\u00e4tzte Lesezeit":"3\u00a0Minuten"},"schema":{"@context":"https:\/\/schema.org","@graph":[{"@type":"WebPage","@id":"https:\/\/elfsight.com\/de\/portfolio-widget\/weebly\/","url":"https:\/\/elfsight.com\/de\/portfolio-widget\/weebly\/","name":"Portfolio-App-Vorlage f\u00fcr Ihre Weebly-Website (kostenlos und schnell)","isPartOf":{"@id":"https:\/\/elfsight.com\/de\/#website"},"datePublished":"2024-05-03T06:44:20+00:00","dateModified":"2025-02-24T08:44:06+00:00","description":"Erstellen Sie eine Portfolio-Vorlagen-App und f\u00fcgen Sie sie Ihrer Weebly-Site hinzu. Sie profitieren von kostenlosem Kundenservice und anderen Boni von Elfsight.","breadcrumb":{"@id":"https:\/\/elfsight.com\/de\/portfolio-widget\/weebly\/#breadcrumb"},"inLanguage":"de","potentialAction":[{"@type":"ReadAction","target":["https:\/\/elfsight.com\/de\/portfolio-widget\/weebly\/"]}]},{"@type":"BreadcrumbList","@id":"https:\/\/elfsight.com\/de\/portfolio-widget\/weebly\/#breadcrumb","itemListElement":[{"@type":"ListItem","position":1,"name":"Home","item":"https:\/\/elfsight.com\/de\/"},{"@type":"ListItem","position":2,"name":"Portfolio","item":"https:\/\/elfsight.com\/de\/portfolio-widget\/"},{"@type":"ListItem","position":3,"name":"Portfolio &#8211; Weebly"}]},{"@type":"WebSite","@id":"https:\/\/elfsight.com\/de\/#website","url":"https:\/\/elfsight.com\/de\/","name":"Elfsight DE","description":"Just another Elfsight Sites site","potentialAction":[{"@type":"SearchAction","target":{"@type":"EntryPoint","urlTemplate":"https:\/\/elfsight.com\/de\/?s={search_term_string}"},"query-input":{"@type":"PropertyValueSpecification","valueRequired":true,"valueName":"search_term_string"}}],"inLanguage":"de"}]}},"meta_box":{"industry":"","seo_heading":"","heading":"","description":"","cta_heading":"","cta_description":"","application":"491","h1":"Weebly Portfolio-App","h1_caption":"Pr\u00e4sentieren Sie Ihre besten Arbeiten und Projekte in aller \u00d6ffentlichkeit, um neue Kunden zu gewinnen","application_category":[],"applications_title":"","applications_request_title":"","applications_request_button_text":"","hero_text":"","hero_video":"","hero_video_schema_markup":"","selling_points_title":"","selling_points_caption":"","selling_points":[],"selling_points_cta_text":"","features_title":"","features":"","ed_cta_examples_text":"","ed_cta_examples_hidden":"","ed_cta_demo_text":"","ed_cta_demo_hidden":"","why_caption":"","why_editor_title":"","why_editor_text":"","why_team_title":"","why_team_text":"","why_service_title":"","why_service_text":"","template_catalog_visible":"0","template_catalog_title":"","template_catalog_text":"","template_catalog_categories_visible":"","demo_title":"Erstellen Sie Ihre Portfolio-App","demo_caption":"Konfigurieren Sie Ihr Portfolio und f\u00fcgen Sie es kostenlos Ihrer Weebly-Website hinzu!","default_faq_hidden":"","app_template_category":[],"platform":"249","template_public_id":"","codecanyon_url":"","codecanyon_item_id":"","codecanyon_price":"","pricing_caption":"","pricing_elfsight_apps_hide_column":"","pricing_elfsight_apps_url":"","pricing_codecanyon_price_caption":"","integration_category":[],"integration_request_title":"","integration_request_cta":"","integration_platform":"","integrations":[],"platform_category":[],"video_schema_markup":"","price":"ab 0 $ \/ Monat","trial":"","benefits":[{"text":"Kostenloser Installationsservice"},{"text":"Effektiver Kundenservice"},{"text":"14-t\u00e4gige R\u00fcckerstattungsgarantie"},{"text":"Kontinuierliche Updates"}],"button_url":"#demo","button_target_blank":"0","button_nofollow":"0","attributes":[{"name":"Installiert","content":"10,000 - 100,000"},{"name":"Reaktionsfreudig","content":"Ja"},{"name":"Kompatible Browser","content":"Firefox, Safari, Opera, Chrome, Edge"}],"tags":[],"tags_disable_links":"0","hide_more_platforms":"0","video_object":"","demo_hide_cta":"0","demo_hide_cloud_options":"0","pricing_title":"","pricing":[{"pricing_icon":"platform","pricing_title":"Elfsight Apps","pricing_title_caption":"Plattformunabh\u00e4ngige Software, die auf jeder Site funktioniert","pricing_price":"ab 0 $ \/ Monat","pricing_price_caption":"Beginnen Sie mit einem kostenlosen Plan","pricing_benefits":[{"text":"Unbegrenzte Domains"},{"text":"Unternehmenssupport rund um die Uhr und gut dokumentiert"},{"text":"Kostenlose Installationsunterst\u00fctzung"},{"text":"100 % anpassbar"}],"pricing_button_text":"Zur Website hinzuf\u00fcgen","pricing_button_url":"#demo"}],"related_apps_title":"","related_apps_hidden":"0","author":"","image":[],"title":"","job":"","social_networks":[]},"_links":{"self":[{"href":"https:\/\/elfsight.com\/de\/wp-json\/wp\/v2\/pages\/20908","targetHints":{"allow":["GET"]}}],"collection":[{"href":"https:\/\/elfsight.com\/de\/wp-json\/wp\/v2\/pages"}],"about":[{"href":"https:\/\/elfsight.com\/de\/wp-json\/wp\/v2\/types\/page"}],"author":[{"embeddable":true,"href":"https:\/\/elfsight.com\/de\/wp-json\/wp\/v2\/users\/9"}],"replies":[{"embeddable":true,"href":"https:\/\/elfsight.com\/de\/wp-json\/wp\/v2\/comments?post=20908"}],"version-history":[{"count":3,"href":"https:\/\/elfsight.com\/de\/wp-json\/wp\/v2\/pages\/20908\/revisions"}],"predecessor-version":[{"id":24785,"href":"https:\/\/elfsight.com\/de\/wp-json\/wp\/v2\/pages\/20908\/revisions\/24785"}],"up":[{"embeddable":true,"href":"https:\/\/elfsight.com\/de\/wp-json\/wp\/v2\/pages\/1344"}],"wp:attachment":[{"href":"https:\/\/elfsight.com\/de\/wp-json\/wp\/v2\/media?parent=20908"}],"curies":[{"name":"wp","href":"https:\/\/api.w.org\/{rel}","templated":true}]}}