{"id":20906,"date":"2024-05-03T06:44:00","date_gmt":"2024-05-03T06:44:00","guid":{"rendered":"https:\/\/elfsight.com\/de\/?page_id=20906"},"modified":"2025-07-09T14:15:27","modified_gmt":"2025-07-09T14:15:27","slug":"opencart","status":"publish","type":"page","link":"https:\/\/elfsight.com\/de\/popup-widget\/opencart\/","title":{"rendered":"Popup &#8211; OpenCart"},"content":{"rendered":"<div class=\"application-platform-content-item-description application-platform-content-item\" id=\"description\" data-nav-section=\"description\"> <h2>Beschreibung<\/h2> <p>Mit der Elfsight Popup-Erweiterung f\u00fcr Opencart haben Sie die M\u00f6glichkeit, Ihre benutzerdefinierten Popups verschiedener Typen zu erstellen und zu integrieren sie auf Ihrer Website. Konstruieren Sie Ihr Pop-up, indem Sie verschiedene Arten von enthaltenen Komponenten hinzuf\u00fcgen. Passen Sie die Schnittstelle und Platzierung an; Wenden Sie einen aktivierenden Ausl\u00f6ser an und passen Sie die Frequenz an, um die Wirksamkeit zu steigern. Pop-ups unterschiedlicher Art erm\u00f6glichen es Besuchern, ein Abonnement zu erstellen, mehr \u00fcber Ihre Produkte oder Dienstleistungen zu erfahren, Rabattgutscheine zu verwenden, sich \u00fcber Sonderangebote und Sonderangebote zu informieren, \u00fcber neue Anl\u00e4sse auf Ihrer Opencart-Website informiert zu werden und vieles mehr . <\/p> <p><b>Popups helfen Ihnen, effizienter zu verkaufen, f\u00fcr Ihre zuk\u00fcnftigen Veranstaltungen zu werben, Impressionen und Abonnements zu sammeln und vieles mehr. <\/b><\/p> <\/div><div class=\"faq\" data-component=\"FAQ\"><div class=\"faq-item\">\r\n\t\t\t\t\t<div class=\"faq-item-question\">\r\n\t\t\t\t\t\t<h3 class=\"faq-item-question-text\">Wie kann ich ein Popup in den OpenCart einbetten?<\/h3>\r\n\r\n\t\t\t\t\t\t<div class=\"faq-item-question-icon\"><\/div>\r\n\t\t\t\t\t<\/div>\r\n\r\n\t\t\t\t\t<div class=\"faq-item-answer\">\r\n\t\t\t\t\t\t<div class=\"faq-item-answer-text\"><p>Der Aufbau des Tools erfolgt innerhalb der Elfsight-Website und es ist kein Code erforderlich. Wenden Sie die aktive Demo an, um Ihr Plugin zu erstellen, erwerben Sie den Code und f\u00fcgen Sie ihn in Ihre Site ein. <\/p><\/div>\r\n\t\t\t\t\t<\/div>\r\n\t\t\t\t<\/div><div class=\"faq-item\">\r\n\t\t\t\t\t<div class=\"faq-item-question\">\r\n\t\t\t\t\t\t<h3 class=\"faq-item-question-text\">Die besten M\u00f6glichkeiten zur Verwendung der Popup-Banner-Integration<\/h3>\r\n\r\n\t\t\t\t\t\t<div class=\"faq-item-question-icon\"><\/div>\r\n\t\t\t\t\t<\/div>\r\n\r\n\t\t\t\t\t<div class=\"faq-item-answer\">\r\n\t\t\t\t\t\t<div class=\"faq-item-answer-text\"><p>Wir bieten Ihnen viele Anpassungsm\u00f6glichkeiten: Opencart-Widgets in voller L\u00e4nge zum Einf\u00fcgen in den Inhaltsbereich, schwebende Widgets f\u00fcr Scrolloptionen, Miniaturansichten f\u00fcr die Fu\u00dfzeile Ihrer Website, den Kopfbereich und alle m\u00f6glichen vertikalen M\u00f6glichkeiten f\u00fcr Website-Seitenleisten und Men\u00fcs. <\/p><\/div>\r\n\t\t\t\t\t<\/div>\r\n\t\t\t\t<\/div><div class=\"faq-item\">\r\n\t\t\t\t\t<div class=\"faq-item-question\">\r\n\t\t\t\t\t\t<h3 class=\"faq-item-question-text\">Gibt es eine Option zum Erstellen einer neuen Sammlung oder eines neuen Angebots-Popups mit Ihrem Editor? <\/h3>\r\n\r\n\t\t\t\t\t\t<div class=\"faq-item-question-icon\"><\/div>\r\n\t\t\t\t\t<\/div>\r\n\r\n\t\t\t\t\t<div class=\"faq-item-answer\">\r\n\t\t\t\t\t\t<div class=\"faq-item-answer-text\"><p>Sie k\u00f6nnen beliebige Widget-Varianten f\u00fcr Opencart erstellen. Im Editor stehen zahlreiche Layouts zur Verf\u00fcgung, die alle ganz einfach an Ihre Bed\u00fcrfnisse angepasst werden k\u00f6nnen. <\/p><\/div>\r\n\t\t\t\t\t<\/div>\r\n\t\t\t\t<\/div><\/div><div class=\"application-platform-content-item-features application-platform-content-item\" id=\"features\" data-nav-section=\"features\"> <h2>Hauptfunktionen des Popup-Plugins<\/h2> <p>\u00dcberpr\u00fcfen Sie alle Funktionsmerkmale des Widgets. Sie k\u00f6nnen sie direkt im Editor anpassen und sie helfen Ihnen dabei, das f\u00fcr Ihren Fall am besten geeignete Widget zu erstellen. <\/p> <ul><li>Zw\u00f6lf Inhaltskomponenten zur Gestaltung eines Popups; <\/li> <li>F\u00fcnf fertige Popup-Layouts f\u00fcr verschiedene F\u00e4lle; <\/li> <li>Schaltfl\u00e4chen einbetten, um Benutzer zu einer beliebigen Adresse weiterzuleiten; <\/li> <li>Laden Sie ein Bild f\u00fcr den Erweiterungshintergrund hoch. <\/li> <li>Pop-ups k\u00f6nnen nach einer genauen Verweildauer auf der Seite oder nach einer bestimmten Scrolldauer angezeigt werden. <\/li> <li>Popup-Ausl\u00f6ser: Klicken Sie auf ein Seitenelement oder scrollen Sie nach unten. <\/li> <\/ul> <p><a href=\"#demo\">\u00dcberpr\u00fcfen Sie alle anderen Funktionen in der Demo<\/a><\/p> <\/div><div class=\"application-platform-content-item-installation application-platform-content-item\" id=\"installation\" data-nav-section=\"installation\"><h2> Wie f\u00fcge ich ein Popup-Widget zur OpenCart-Website hinzu? <\/h2> <p>Erf\u00fcllen Sie einfach die folgenden Richtlinien, um die Erweiterung auf OpenCart einzuf\u00fcgen.<\/p> <ol><li><b>Nutzen Sie unseren kostenlosen Konfigurator und beginnen Sie mit der Erstellung Ihres personalisierten Instruments. <\/b><br> Finden Sie das bevorzugte Layout und die bevorzugten Funktionen des Opencart-Widgets und speichern Sie die \u00c4nderungen. <\/li> <li><b>Erhalten Sie Ihren individuellen Code, der im Feld auf Elfsight Apps angezeigt wird. <\/b><br> Nachdem die Generierung Ihres pers\u00f6nlichen Popups abgeschlossen ist, kopieren Sie den exklusiven Code im angezeigten Popup und bewahren Sie ihn f\u00fcr die weitere Verwendung auf. <\/li> <li><b>Beginnen Sie mit der Nutzung des Tools auf Ihrer OpenCart-Website. <\/b><br> Geben Sie den k\u00fcrzlich kopierten Code auf Ihrer Website ein und speichern Sie die \u00c4nderungen. <\/li> <li><b>Fertig! Die Einbettung ist vollst\u00e4ndig beendet. <\/b><br> Besuchen Sie Ihre Opencart-Website, um zu sehen, wie das Widget funktioniert. <\/li><\/ol> <p>Wenn Sie Hilfe ben\u00f6tigen oder Fragen zur Installation auf Opencart haben, k\u00f6nnen Sie sich gerne an den Kundendienst wenden. Unsere Spezialisten helfen Ihnen gerne bei jedem Anliegen weiter. <\/p> <\/div>","protected":false},"excerpt":{"rendered":"","protected":false},"author":9,"featured_media":0,"parent":557,"menu_order":0,"comment_status":"closed","ping_status":"closed","template":"templates\/template-application-platform.php","meta":{"publish_to_discourse":"","publish_post_category":"","wpdc_auto_publish_overridden":"","wpdc_topic_tags":"","wpdc_pin_topic":"","wpdc_pin_until":"","discourse_post_id":"","discourse_permalink":"","wpdc_publishing_response":"","wpdc_publishing_error":"","footnotes":""},"class_list":["post-20906","page","type-page","status-publish","hentry"],"yoast_head":"<!-- This site is optimized with the Yoast SEO plugin v25.3.1 - https:\/\/yoast.com\/wordpress\/plugins\/seo\/ -->\n<title>F\u00fcgen Sie einer OpenCart-Website ein Popup-Plugin hinzu<\/title>\n<meta name=\"description\" content=\"Erstellen Sie ein Popup auf OpenCart ohne Codierung!\" \/>\n<meta name=\"robots\" content=\"index, follow, max-snippet:-1, max-image-preview:large, max-video-preview:-1\" \/>\n<link rel=\"canonical\" href=\"https:\/\/elfsight.com\/de\/popup-widget\/opencart\/\" \/>\n<meta property=\"og:locale\" content=\"de_DE\" \/>\n<meta property=\"og:type\" content=\"article\" \/>\n<meta property=\"og:title\" content=\"F\u00fcgen Sie einer OpenCart-Website ein Popup-Plugin hinzu\" \/>\n<meta property=\"og:description\" content=\"Erstellen Sie ein Popup auf OpenCart ohne Codierung!\" \/>\n<meta property=\"og:url\" content=\"https:\/\/elfsight.com\/de\/popup-widget\/opencart\/\" \/>\n<meta property=\"og:site_name\" content=\"Elfsight DE\" \/>\n<meta property=\"article:modified_time\" content=\"2025-07-09T14:15:27+00:00\" \/>\n<meta name=\"twitter:card\" content=\"summary_large_image\" \/>\n<meta name=\"twitter:label1\" content=\"Gesch\u00e4tzte Lesezeit\" \/>\n\t<meta name=\"twitter:data1\" content=\"3\u00a0Minuten\" \/>\n<!-- \/ Yoast SEO plugin. -->","yoast_head_json":{"title":"F\u00fcgen Sie einer OpenCart-Website ein Popup-Plugin hinzu","description":"Erstellen Sie ein Popup auf OpenCart ohne Codierung!","robots":{"index":"index","follow":"follow","max-snippet":"max-snippet:-1","max-image-preview":"max-image-preview:large","max-video-preview":"max-video-preview:-1"},"canonical":"https:\/\/elfsight.com\/de\/popup-widget\/opencart\/","og_locale":"de_DE","og_type":"article","og_title":"F\u00fcgen Sie einer OpenCart-Website ein Popup-Plugin hinzu","og_description":"Erstellen Sie ein Popup auf OpenCart ohne Codierung!","og_url":"https:\/\/elfsight.com\/de\/popup-widget\/opencart\/","og_site_name":"Elfsight DE","article_modified_time":"2025-07-09T14:15:27+00:00","twitter_card":"summary_large_image","twitter_misc":{"Gesch\u00e4tzte Lesezeit":"3\u00a0Minuten"},"schema":{"@context":"https:\/\/schema.org","@graph":[{"@type":"WebPage","@id":"https:\/\/elfsight.com\/de\/popup-widget\/opencart\/","url":"https:\/\/elfsight.com\/de\/popup-widget\/opencart\/","name":"F\u00fcgen Sie einer OpenCart-Website ein Popup-Plugin hinzu","isPartOf":{"@id":"https:\/\/elfsight.com\/de\/#website"},"datePublished":"2024-05-03T06:44:00+00:00","dateModified":"2025-07-09T14:15:27+00:00","description":"Erstellen Sie ein Popup auf OpenCart ohne Codierung!","breadcrumb":{"@id":"https:\/\/elfsight.com\/de\/popup-widget\/opencart\/#breadcrumb"},"inLanguage":"de","potentialAction":[{"@type":"ReadAction","target":["https:\/\/elfsight.com\/de\/popup-widget\/opencart\/"]}]},{"@type":"BreadcrumbList","@id":"https:\/\/elfsight.com\/de\/popup-widget\/opencart\/#breadcrumb","itemListElement":[{"@type":"ListItem","position":1,"name":"Home","item":"https:\/\/elfsight.com\/de\/"},{"@type":"ListItem","position":2,"name":"Popup","item":"https:\/\/elfsight.com\/de\/popup-widget\/"},{"@type":"ListItem","position":3,"name":"Popup &#8211; OpenCart"}]},{"@type":"WebSite","@id":"https:\/\/elfsight.com\/de\/#website","url":"https:\/\/elfsight.com\/de\/","name":"Elfsight DE","description":"Just another Elfsight Sites site","potentialAction":[{"@type":"SearchAction","target":{"@type":"EntryPoint","urlTemplate":"https:\/\/elfsight.com\/de\/?s={search_term_string}"},"query-input":{"@type":"PropertyValueSpecification","valueRequired":true,"valueName":"search_term_string"}}],"inLanguage":"de"}]}},"meta_box":{"industry":"","seo_heading":"","heading":"","description":"","cta_heading":"","cta_description":"","application":"493","h1":"OpenCart Pop-up-Erweiterung","h1_caption":"Zeigen Sie m\u00fchelos Popups an, um die Aufmerksamkeit der Besucher zu erregen, Angebote zu bewerben oder Leads zu sammeln, ohne das Website-Erlebnis auf Ihrer Opencart-Website zu unterbrechen.","application_category":[],"applications_title":"","applications_request_title":"","applications_request_button_text":"","hero_text":"","hero_video":"","hero_video_schema_markup":"","selling_points_title":"","selling_points_caption":"","selling_points":[],"selling_points_cta_text":"","features_title":"","features":"","ed_cta_examples_text":"","ed_cta_examples_hidden":"","ed_cta_demo_text":"","ed_cta_demo_hidden":"","why_caption":"","why_editor_title":"","why_editor_text":"","why_team_title":"","why_team_text":"","why_service_title":"","why_service_text":"","template_catalog_visible":"","template_catalog_title":"","template_catalog_text":"","template_catalog_categories_visible":"","demo_title":"Erstellen Sie Ihre Popup-Erweiterung","demo_caption":"Konfigurieren Sie Ihr Popup und f\u00fcgen Sie es kostenlos zu Ihrer OpenCart-Website hinzu!","default_faq_hidden":"","app_template_category":[],"platform":"254","template_public_id":"","codecanyon_url":"","codecanyon_item_id":"","codecanyon_price":"","pricing_caption":"","pricing_elfsight_apps_hide_column":"","pricing_elfsight_apps_url":"","pricing_codecanyon_price_caption":"","integration_category":[],"integration_request_title":"","integration_request_cta":"","integration_platform":"","integrations":[],"platform_category":[],"video_schema_markup":"","price":"ab 0 $ \/ Monat","trial":"","benefits":[{"text":"Kostenlose Installationsunterst\u00fctzung"},{"text":"Erfahrener Kundensupport"},{"text":"14-t\u00e4gige R\u00fcckerstattungsgarantie"},{"text":"Regelm\u00e4\u00dfige Updates"}],"button_url":"#demo","button_target_blank":"","button_nofollow":"","attributes":[{"name":"Installiert","content":"100,000 - 500,000"},{"name":"Reaktionsfreudig","content":"Ja"},{"name":"Kompatible Browser","content":"Firefox, Safari, Opera, Chrome, Edge"}],"tags":[],"tags_disable_links":"","hide_more_platforms":"","video_object":"","demo_hide_cta":"","demo_hide_cloud_options":"","pricing_title":"","pricing":[{"pricing_icon":"platform","pricing_title":"Elfsight Apps","pricing_title_caption":"Plattformunabh\u00e4ngige digitale L\u00f6sung","pricing_price":"ab 0 $ \/ Monat","pricing_price_caption":"Beginnen Sie mit einem kostenlosen Plan","pricing_benefits":[{"text":"Unbegrenzte Domains"},{"text":"Support rund um die Uhr"},{"text":"Kostenloser Installationsservice"},{"text":"Flexibles Design"}],"pricing_button_text":"Zur Website hinzuf\u00fcgen","pricing_button_url":"#demo"}],"related_apps_title":"","related_apps_hidden":"","author":"","image":[],"title":"","job":"","social_networks":[]},"_links":{"self":[{"href":"https:\/\/elfsight.com\/de\/wp-json\/wp\/v2\/pages\/20906","targetHints":{"allow":["GET"]}}],"collection":[{"href":"https:\/\/elfsight.com\/de\/wp-json\/wp\/v2\/pages"}],"about":[{"href":"https:\/\/elfsight.com\/de\/wp-json\/wp\/v2\/types\/page"}],"author":[{"embeddable":true,"href":"https:\/\/elfsight.com\/de\/wp-json\/wp\/v2\/users\/9"}],"replies":[{"embeddable":true,"href":"https:\/\/elfsight.com\/de\/wp-json\/wp\/v2\/comments?post=20906"}],"version-history":[{"count":2,"href":"https:\/\/elfsight.com\/de\/wp-json\/wp\/v2\/pages\/20906\/revisions"}],"predecessor-version":[{"id":21754,"href":"https:\/\/elfsight.com\/de\/wp-json\/wp\/v2\/pages\/20906\/revisions\/21754"}],"up":[{"embeddable":true,"href":"https:\/\/elfsight.com\/de\/wp-json\/wp\/v2\/pages\/557"}],"wp:attachment":[{"href":"https:\/\/elfsight.com\/de\/wp-json\/wp\/v2\/media?parent=20906"}],"curies":[{"name":"wp","href":"https:\/\/api.w.org\/{rel}","templated":true}]}}